{"id":34916,"date":"2025-02-04T16:14:09","date_gmt":"2025-02-04T19:14:09","guid":{"rendered":"https:\/\/portifolioos-prontos.com\/?post_type=product&#038;p=34916"},"modified":"2025-08-03T18:13:15","modified_gmt":"2025-08-03T21:13:15","slug":"aula-pratica-producao-e-escrita-em-lingua-inglesa","status":"publish","type":"product","link":"https:\/\/portifolioos-prontos.com\/index.php\/product\/aula-pratica-producao-e-escrita-em-lingua-inglesa\/","title":{"rendered":"Aula pr\u00e1tica Produ\u00e7\u00e3o e escrita em L\u00edngua Inglesa"},"content":{"rendered":"<h5 style=\"box-sizing: border-box; margin-bottom: 1.3em; color: #777777; font-family: Lato, sans-serif; font-size: medium;\">Aula pr\u00e1tica Produ\u00e7\u00e3o e escrita em L\u00edngua Inglesa<\/h5>\n<hr style=\"box-sizing: border-box; border-top-width: 1px; border-top-style: solid; margin: 15px 0px; opacity: 0.1; color: #777777; font-family: Lato, sans-serif; font-size: medium; background-color: #ffffff;\" \/>\n<p style=\"box-sizing: border-box; margin-bottom: 1.3em; color: #777777; font-family: Lato, sans-serif; font-size: medium;\">ROTEIRO DE AULA PR\u00c1TICA<br style=\"box-sizing: border-box;\" \/>NOME DA DISCIPLINA: Produ\u00e7\u00e3o escrita em l\u00edngua inglesa<br style=\"box-sizing: border-box;\" \/>Unidade 4<\/p>\n<p style=\"box-sizing: border-box; margin-bottom: 1.3em; color: #777777; font-family: Lato, sans-serif; font-size: medium;\">OBJETIVOS<br style=\"box-sizing: border-box;\" \/>Defini\u00e7\u00e3o dos objetivos da aula pr\u00e1tica:<\/p>\n<p style=\"box-sizing: border-box; margin-bottom: 1.3em; color: #777777; font-family: Lato, sans-serif; font-size: medium;\">A proposta desta atividade pr\u00e1tica est\u00e1 amparada nos seguintes objetivos: \u2013 praticar a escrita em L\u00edngua Inglesa. \u2013 apresentar o uso de plataformas digitais que possuem o foco na escrita. \u2013 desenvolver a escrita, em ingl\u00eas, do g\u00eanero textual: photopoetry.<\/p>\n<p style=\"box-sizing: border-box; margin-bottom: 1.3em; color: #777777; font-family: Lato, sans-serif; font-size: medium;\">INFRAESTRUTURA<br style=\"box-sizing: border-box;\" \/>Instala\u00e7\u00f5es:<br style=\"box-sizing: border-box;\" \/>Computador com acesso \u00e0 internet e ao ambiente virtual.<br style=\"box-sizing: border-box;\" \/>Materiais de consumo:<br style=\"box-sizing: border-box;\" \/>Descri\u00e7\u00e3o<br style=\"box-sizing: border-box;\" \/>Quantidade de materiais<br style=\"box-sizing: border-box;\" \/>por<br style=\"box-sizing: border-box;\" \/>procedimento\/atividade<br style=\"box-sizing: border-box;\" \/>NSA NSA<br style=\"box-sizing: border-box;\" \/>Software:<br style=\"box-sizing: border-box;\" \/>Sim ( X ) N\u00e3o ( )<br style=\"box-sizing: border-box;\" \/>Em caso afirmativo, qual?<br style=\"box-sizing: border-box;\" \/>Pago ( ) N\u00e3o Pago ( X )<br style=\"box-sizing: border-box;\" \/>Tipo de Licen\u00e7a: NSA<br style=\"box-sizing: border-box;\" \/>Descri\u00e7\u00e3o do software:<br style=\"box-sizing: border-box;\" \/>Storyboard That \u00e9 um criador de quadrinhos online que permite aos usu\u00e1rios criar seus pr\u00f3prios<br style=\"box-sizing: border-box;\" \/>quadrinhos e hist\u00f3rias visuais. Dispon\u00edvel em:\u00a0<a style=\"box-sizing: border-box; background-color: rgba(255, 255, 255, 0); touch-action: manipulation; color: var(--fs-experimental-link-color);\" href=\"https:\/\/www.storyboardthat.com\/pt\/\" rel=\"nofollow\">https:\/\/www.storyboardthat.com\/pt\/<\/a>.<br style=\"box-sizing: border-box;\" \/>Equipamento de Prote\u00e7\u00e3o Individual (EPI):<br style=\"box-sizing: border-box;\" \/>NSA<\/p>\n<p style=\"box-sizing: border-box; margin-bottom: 1.3em; color: #777777; font-family: Lato, sans-serif; font-size: medium;\">3<\/p>\n<p style=\"box-sizing: border-box; margin-bottom: 1.3em; color: #777777; font-family: Lato, sans-serif; font-size: medium;\">P\u00fablico<\/p>\n<p style=\"box-sizing: border-box; margin-bottom: 1.3em; color: #777777; font-family: Lato, sans-serif; font-size: medium;\">PROCEDIMENTOS PR\u00c1TICOS<br style=\"box-sizing: border-box;\" \/>Neste momento voc\u00ea deve ajudar o professor por meio da descri\u00e7\u00e3o de todas as etapas que<br style=\"box-sizing: border-box;\" \/>dever\u00e3o ser realizadas para a execu\u00e7\u00e3o dos procedimentos pr\u00e1ticos. Considerando a carga<br style=\"box-sizing: border-box;\" \/>hor\u00e1ria da aula pr\u00e1tica, voc\u00ea pode replicar a caixa de procedimento\/atividade quantas vezes<br style=\"box-sizing: border-box;\" \/>for necess\u00e1rio.<br style=\"box-sizing: border-box;\" \/>Atividade n.1<br style=\"box-sizing: border-box;\" \/>Atividade proposta:<br style=\"box-sizing: border-box;\" \/>Na unidade 4 da disciplina de Produ\u00e7\u00e3o Escrita em L\u00edngua Inglesa, intitulada \u201cO uso dos g\u00eaneros<br style=\"box-sizing: border-box;\" \/>e a tecnologia como ferramenta pedag\u00f3gica\u201d, \u00e9 apresentado o g\u00eanero textual photopoetry.<br style=\"box-sizing: border-box;\" \/>Nesta atividade voc\u00ea dever\u00e1 elaborar um photopoetry em ingl\u00eas, utilizando informa\u00e7\u00f5es<br style=\"box-sizing: border-box;\" \/>verbais e n\u00e3o verbais.<br style=\"box-sizing: border-box;\" \/>Procedimentos para a realiza\u00e7\u00e3o da atividade:<br style=\"box-sizing: border-box;\" \/>1) Para iniciar esta atividade, voc\u00ea dever\u00e1 realizar a leitura sobre photopoetry:<\/p>\n<p style=\"box-sizing: border-box; margin-bottom: 1.3em; color: #777777; font-family: Lato, sans-serif; font-size: medium;\">PHOTORY. Photopoetry: An Artistic Blend of Poetry and Image. Dispon\u00edvel em:<br style=\"box-sizing: border-box;\" \/><a style=\"box-sizing: border-box; background-color: rgba(255, 255, 255, 0); touch-action: manipulation; color: var(--fs-experimental-link-color);\" href=\"https:\/\/www.photory.app\/blogs\/blend-poetry-with-image\" rel=\"nofollow\">https:\/\/www.photory.app\/blogs\/blend-poetry-with-image<\/a>. Acesso em: 01 jul. 2024.<\/p>\n<p style=\"box-sizing: border-box; margin-bottom: 1.3em; color: #777777; font-family: Lato, sans-serif; font-size: medium;\">Nesse link, leia com aten\u00e7\u00e3o o t\u00f3pico \u201cHow to write poetry with images?\u201d, que explica os<br style=\"box-sizing: border-box;\" \/>passos para criar a sua photopoetry:<\/p>\n<p style=\"box-sizing: border-box; margin-bottom: 1.3em; color: #777777; font-family: Lato, sans-serif; font-size: medium;\">\u2022 Choosing the subject.<br style=\"box-sizing: border-box;\" \/>\u2022 Represent the subject through images.<br style=\"box-sizing: border-box;\" \/>\u2022 Decide on the poetic form.<br style=\"box-sizing: border-box;\" \/>\u2022 Description of image.<br style=\"box-sizing: border-box;\" \/>\u2022 Arrange the description of the image.<br style=\"box-sizing: border-box;\" \/>\u2022 Relate the image descriptions.<br style=\"box-sizing: border-box;\" \/>\u2022 Readout the poetry aloud.<\/p>\n<p style=\"box-sizing: border-box; margin-bottom: 1.3em; color: #777777; font-family: Lato, sans-serif; font-size: medium;\">2) Veja mais alguns exemplos de photopoetry no link\u00a0<a style=\"box-sizing: border-box; background-color: rgba(255, 255, 255, 0); touch-action: manipulation; color: var(--fs-experimental-link-color);\" href=\"https:\/\/medium.com\/tag\/photopoetry\" rel=\"nofollow\">https:\/\/medium.com\/tag\/photopoetry<\/a>,<br style=\"box-sizing: border-box;\" \/>acesso em: 01 jul. 2024.<\/p>\n<p style=\"box-sizing: border-box; margin-bottom: 1.3em; color: #777777; font-family: Lato, sans-serif; font-size: medium;\">3) Na sequ\u00eancia, escolha o tema principal do seu photopoetry: love, horror, life, memories,<\/p>\n<p style=\"box-sizing: border-box; margin-bottom: 1.3em; color: #777777; font-family: Lato, sans-serif; font-size: medium;\">P\u00fablico<br style=\"box-sizing: border-box;\" \/>war, politics, grief, homeland etc.<br style=\"box-sizing: border-box;\" \/><a style=\"box-sizing: border-box; background-color: rgba(255, 255, 255, 0); touch-action: manipulation; color: var(--fs-experimental-link-color);\" href=\"https:\/\/www.portfoliopronto.com\/\">4)<\/a>\u00a0Ap\u00f3s escolher o tema, escreva o texto do seu photopoetry, em ingl\u00eas, com no m\u00ednimo 50<br style=\"box-sizing: border-box;\" \/>palavras, utilizando as plataformas PIXIZ ou CANVA:<br style=\"box-sizing: border-box;\" \/>\u2022 A plataforma PIXIZ, est\u00e1 dispon\u00edvel em:\u00a0<a style=\"box-sizing: border-box; background-color: rgba(255, 255, 255, 0); touch-action: manipulation; color: var(--fs-experimental-link-color);\" href=\"https:\/\/en.pixiz.com\/template\/Poem\" rel=\"nofollow\">https:\/\/en.pixiz.com\/template\/Poem<\/a><br style=\"box-sizing: border-box;\" \/>generator-with-customizable-text-and-background-3353. Esta plataforma<br style=\"box-sizing: border-box;\" \/>possibilita a sele\u00e7\u00e3o de algumas imagens e a inser\u00e7\u00e3o de texto, seguindo a estrutura<br style=\"box-sizing: border-box;\" \/>composicional deste g\u00eanero.<br style=\"box-sizing: border-box;\" \/>\u2022 O CANVA, dispon\u00edvel em:\u00a0<a style=\"box-sizing: border-box; background-color: rgba(255, 255, 255, 0); touch-action: manipulation; color: var(--fs-experimental-link-color);\" href=\"http:\/\/www.canva.com\/pt_br\/\" rel=\"nofollow\">http:\/\/www.canva.com\/pt_br\/<\/a>, possui v\u00e1rios modelos de design<br style=\"box-sizing: border-box;\" \/>que podem ser adaptados para atender \u00e0s caracter\u00edsticas principais do g\u00eanero<br style=\"box-sizing: border-box;\" \/>textual photopoetry.<br style=\"box-sizing: border-box;\" \/>5) Se precisar de ajuda para verificar se seu texto, escrito em ingl\u00eas, est\u00e1 em conformidade<br style=\"box-sizing: border-box;\" \/>com a norma, voc\u00ea pode copiar o texto e col\u00e1-lo na plataforma Grammarly, dispon\u00edvel em<br style=\"box-sizing: border-box;\" \/><a style=\"box-sizing: border-box; background-color: rgba(255, 255, 255, 0); touch-action: manipulation; color: var(--fs-experimental-link-color);\" href=\"https:\/\/app.grammarly.com\/\" rel=\"nofollow\">https:\/\/app.grammarly.com\/<\/a>. O Grammarly faz uma corre\u00e7\u00e3o, n\u00e3o t\u00e3o aprofundada, mas<br style=\"box-sizing: border-box;\" \/>que j\u00e1 poder\u00e1 te apontar se o seu texto precisa de algumas corre\u00e7\u00f5es ou n\u00e3o.<br style=\"box-sizing: border-box;\" \/>6) Ap\u00f3s o processo, voc\u00ea dever\u00e1 postar o material, contendo:<br style=\"box-sizing: border-box;\" \/>a) Um texto que apresente as caracter\u00edsticas do g\u00eanero textual photopoetry.<br style=\"box-sizing: border-box;\" \/>b) A justificativa do tema que foi escolhido para elaborar seu photopoetry.<br style=\"box-sizing: border-box;\" \/>c) A plataforma escolhida para elabora\u00e7\u00e3o do seu photopoetry.<br style=\"box-sizing: border-box;\" \/>d) Seu photopoetry, que deve conter, no m\u00ednimo 50 palavras. Ele n\u00e3o precisa conter<br style=\"box-sizing: border-box;\" \/>rimas, mas precisa estar de acordo com o tema escolhido. N\u00e3o esque\u00e7a de indicar a<br style=\"box-sizing: border-box;\" \/>fonte da imagem utilizada (endere\u00e7o do site ou acervo pessoal).<\/p>\n<p style=\"box-sizing: border-box; margin-bottom: 1.3em; color: #777777; font-family: Lato, sans-serif; font-size: medium;\">Checklist:<br style=\"box-sizing: border-box;\" \/>Principais etapas para a completude da atividade pr\u00e1tica: \u2013 Leitura do texto explicativo sobre os passos para a elabora\u00e7\u00e3o do photopoetry. \u2013 Elabora\u00e7\u00e3o da photopoetry em ingl\u00eas. \u2013 Prepa\u00e7\u00e3o do material para postagem.<\/p>\n<p style=\"box-sizing: border-box; margin-bottom: 1.3em; color: #777777; font-family: Lato, sans-serif; font-size: medium;\">RESULTADOS<br style=\"box-sizing: border-box;\" \/>Resultados da aula pr\u00e1tica:<br style=\"box-sizing: border-box;\" \/>Entrega de um arquivo Word que contemple todas as etapas do passo 6.<\/p>\n<div class=\"elementor-toggle-item\" style=\"box-sizing: border-box;\">\n<div class=\"elementor-toggle-item\">\n<p id=\"elementor-tab-title-1941\" class=\"elementor-tab-title elementor-active\" tabindex=\"0\" role=\"tab\" data-tab=\"1\" aria-controls=\"elementor-tab-content-1941\" aria-expanded=\"true\" aria-selected=\"true\"><strong>Como funciona?<\/strong><\/p>\n<p>Elaboramos os portf\u00f3lios, j\u00e1 deixamos prontos, nas normas da ABNT e conforme os requisitos da universidade. F\u00e1cil assim! O MELHOR \u00c9 QUE VOC\u00ca COMPRA E J\u00c1 BAIXA NA HORA O SEU ARQUIVO EM WORD! Sabemos que conciliar trabalho, fam\u00edlia, vida profissional e estudos \u00e9 dif\u00edcil hoje em dia, por isso, estamos aqui para ajudar voc\u00ea. Conte com nossa qualidade, experi\u00eancia e profissionalismo adquirindo seu portf\u00f3lio conosco. GARANTIMOS SEU CONCEITO!<\/p>\n<p><strong>Como se realizam os envios?<\/strong><\/p>\n<\/div>\n<p id=\"elementor-tab-content-1942\" class=\"elementor-tab-content elementor-clearfix elementor-active\" role=\"tabpanel\" data-tab=\"2\" aria-labelledby=\"elementor-tab-title-1942\">O seu trabalho \u00e9 disponibilizado pronto, respondido e nas normas j\u00e1 na mesma hora aqui em nosso site na sua \u00e1rea de downloads e tamb\u00e9m no seu e-mail.<\/p>\n<p><strong>Em quanto tempo recebo o portf\u00f3lio?<\/strong><\/p>\n<p>Os envios s\u00e3o imediatos. Ap\u00f3s sua compra, o trabalho j\u00e1 \u00e9 disponibilizado instantaneamente aqui em nosso site e no seu e-mail.<\/p>\n<p><strong>E se o portf\u00f3lio que comprei precisar de corre\u00e7\u00e3o?<\/strong><\/p>\n<p>Caso haja alguma solicita\u00e7\u00e3o de corre\u00e7\u00e3o\/altera\u00e7\u00e3o por parte do tutor, basta entrar em contato conosco pelo\u00a0WhatsApp\u00a0que provid\u00eanciaremos sem custo algum.<\/p>\n<p><strong>Qual o formato do arquivo?<\/strong><\/p>\n<p>Os arquivos s\u00e3o enviados em formato Word e s\u00e3o edit\u00e1veis.<\/p>\n<p><strong>Caso eu tiver alguma d\u00favida, terei suporte no p\u00f3s venda?<\/strong><\/p>\n<p>Sim, com certeza. Basta clicar no \u00edcone do WhatsApp no cantinho da tela. Ser\u00e1 um prazer atend\u00ea-lo(a).<\/p>\n<div id=\"elementor-tab-content-1948\" class=\"elementor-tab-content elementor-clearfix elementor-active\" role=\"tabpanel\" data-tab=\"8\" aria-labelledby=\"elementor-tab-title-1948\">\n<p><strong>Quais os seus canais de contato?<\/strong><\/p>\n<\/div>\n<div id=\"elementor-tab-content-1949\" class=\"elementor-tab-content elementor-clearfix elementor-active\" role=\"tabpanel\" data-tab=\"9\" aria-labelledby=\"elementor-tab-title-1949\">\n<p>Whatsapp: 53 984751621 \u2013 Clicar no canto da tela ou ESCANEIE O QRCODE ABAIXO<\/p>\n<h4><img decoding=\"async\" class=\"alignnone wp-image-13699 jetpack-lazy-image jetpack-lazy-image--handled\" src=\"https:\/\/i0.wp.com\/portifolioos-prontos.com\/wp-content\/uploads\/2023\/02\/whatsapp-business-projeto-de-extensao-300x300.jpeg?resize=144%2C144\" sizes=\"(max-width: 144px) 100vw, 144px\" srcset=\"https:\/\/i0.wp.com\/portifolioos-prontos.com\/wp-content\/uploads\/2023\/02\/whatsapp-business-projeto-de-extensao.jpeg?resize=300%2C301&amp;ssl=1 300w, https:\/\/i0.wp.com\/portifolioos-prontos.com\/wp-content\/uploads\/2023\/02\/whatsapp-business-projeto-de-extensao.jpeg?resize=150%2C150&amp;ssl=1 150w, https:\/\/i0.wp.com\/portifolioos-prontos.com\/wp-content\/uploads\/2023\/02\/whatsapp-business-projeto-de-extensao.jpeg?resize=370%2C372&amp;ssl=1 370w, https:\/\/i0.wp.com\/portifolioos-prontos.com\/wp-content\/uploads\/2023\/02\/whatsapp-business-projeto-de-extensao.jpeg?resize=100%2C100&amp;ssl=1 100w, https:\/\/i0.wp.com\/portifolioos-prontos.com\/wp-content\/uploads\/2023\/02\/whatsapp-business-projeto-de-extensao.jpeg?w=470&amp;ssl=1 470w\" alt=\"projeto de extens\u00e3o unopar\" width=\"144\" height=\"144\" data-lazy-loaded=\"1\" \/><\/h4>\n<\/div>\n<div class=\"elementor-toggle-item\">\n<div id=\"elementor-tab-content-1949\" class=\"elementor-tab-content elementor-clearfix elementor-active\" role=\"tabpanel\" data-tab=\"9\" aria-labelledby=\"elementor-tab-title-1949\">\n<p>E-mail:portifoliosp@gmail.com<\/p>\n<div id=\"attachment_143\" class=\"wp-caption alignnone\">\n<div id=\"attachment_143\" class=\"wp-caption alignnone\">\n<p id=\"caption-attachment-143\" class=\"wp-caption-text\"><a href=\"http:\/\/portfolio-pronto.com\/\">Portf\u00f3lio<\/a>\u00a0em Word, respondido, completo e j\u00e1 nas normas<\/p>\n<\/div>\n<\/div>\n<\/div>\n<\/div>\n<\/div>\n","protected":false},"excerpt":{"rendered":"<div class=\"product-short-description\" style=\"box-sizing: border-box;\">\n<div class=\"product-short-description\">\n<p><strong>Pague pelo PIX ou cart\u00e3o e fa\u00e7a o download agora mesmo.<\/strong><\/p>\n<\/div>\n<div class=\"sticky-add-to-cart-wrapper\">\n<div class=\"sticky-add-to-cart\">\n<p class=\"quantity buttons_added form-flat\"><img decoding=\"async\" class=\"lazyloaded smush-image-5 smush-image-3 smush-image-4 smush-detected-img smush-image-bigger-3\" src=\"https:\/\/d26lpennugtm8s.cloudfront.net\/assets\/common\/img\/logos\/payment\/visa@2x.png\" width=\"46\" height=\"29\" data-src=\"https:\/\/d26lpennugtm8s.cloudfront.net\/assets\/common\/img\/logos\/payment\/visa@2x.png\" \/><img decoding=\"async\" class=\"lazyloaded smush-image-6 smush-image-4 smush-image-5 smush-detected-img smush-image-bigger-4\" src=\"https:\/\/d26lpennugtm8s.cloudfront.net\/assets\/common\/img\/logos\/payment\/boleto@2x.png\" width=\"43\" height=\"27\" data-src=\"https:\/\/d26lpennugtm8s.cloudfront.net\/assets\/common\/img\/logos\/payment\/boleto@2x.png\" \/><img loading=\"lazy\" decoding=\"async\" class=\"lazyloaded smush-image-7 smush-image-5 smush-image-6 smush-detected-img smush-image-bigger-5\" src=\"https:\/\/d26lpennugtm8s.cloudfront.net\/assets\/common\/img\/logos\/payment\/mastercard@2x.png\" width=\"43\" height=\"27\" data-src=\"https:\/\/d26lpennugtm8s.cloudfront.net\/assets\/common\/img\/logos\/payment\/mastercard@2x.png\" \/><img loading=\"lazy\" decoding=\"async\" class=\"lazyloaded smush-image-8 smush-image-6 smush-image-7 smush-detected-img smush-image-bigger-6\" src=\"https:\/\/d26lpennugtm8s.cloudfront.net\/assets\/common\/img\/logos\/payment\/amex@2x.png\" width=\"43\" height=\"27\" data-src=\"https:\/\/d26lpennugtm8s.cloudfront.net\/assets\/common\/img\/logos\/payment\/amex@2x.png\" \/><img loading=\"lazy\" decoding=\"async\" class=\"lazyloaded smush-image-9 smush-image-7 smush-image-8 smush-detected-img smush-image-bigger-7\" src=\"https:\/\/d26lpennugtm8s.cloudfront.net\/assets\/common\/img\/logos\/payment\/diners@2x.png\" width=\"46\" height=\"29\" data-src=\"https:\/\/d26lpennugtm8s.cloudfront.net\/assets\/common\/img\/logos\/payment\/diners@2x.png\" \/><img loading=\"lazy\" decoding=\"async\" class=\"lazyloaded smush-image-10 smush-image-8 smush-image-9 alignnone smush-detected-img smush-image-bigger-8\" src=\"https:\/\/d26lpennugtm8s.cloudfront.net\/assets\/common\/img\/logos\/payment\/br\/elo@2x.png\" alt=\"portf\u00f3lio unopar anhanguera\" width=\"45\" height=\"28\" data-src=\"https:\/\/d26lpennugtm8s.cloudfront.net\/assets\/common\/img\/logos\/payment\/br\/elo@2x.png\" \/><img loading=\"lazy\" decoding=\"async\" class=\"lazyloaded smush-image-11 smush-image-9 smush-image-10 alignnone smush-detected-img smush-image-bigger-9\" src=\"https:\/\/d26lpennugtm8s.cloudfront.net\/assets\/common\/img\/logos\/payment\/br\/hipercard@2x.png\" alt=\"portf\u00f3lio unopar anhanguera\" width=\"44\" height=\"28\" data-src=\"https:\/\/d26lpennugtm8s.cloudfront.net\/assets\/common\/img\/logos\/payment\/br\/hipercard@2x.png\" \/><img loading=\"lazy\" decoding=\"async\" class=\"lazyloaded smush-image-12 smush-image-10 smush-image-11 alignnone smush-detected-img smush-image-bigger-10\" src=\"https:\/\/d26lpennugtm8s.cloudfront.net\/assets\/common\/img\/logos\/payment\/mercadopago@2x.png\" alt=\"portf\u00f3lio unopar anhanguera\" width=\"45\" height=\"28\" data-src=\"https:\/\/d26lpennugtm8s.cloudfront.net\/assets\/common\/img\/logos\/payment\/mercadopago@2x.png\" \/><img loading=\"lazy\" decoding=\"async\" class=\"alignnone lazyloaded smush-detected-img smush-image-bigger-11\" src=\"https:\/\/futurium.com.br\/wp-content\/uploads\/2021\/06\/logo-pix-icone-512.png\" alt=\"portfolio pronto\" width=\"30\" height=\"30\" data-src=\"https:\/\/futurium.com.br\/wp-content\/uploads\/2021\/06\/logo-pix-icone-512.png\" \/><\/p>\n<\/div>\n<\/div>\n<\/div>\n","protected":false},"featured_media":34919,"template":"","meta":{"_seopress_robots_primary_cat":"none","_seopress_titles_title":"%%post_title%% %%sitetitle%%","_seopress_titles_desc":"%%post_content%%","_seopress_robots_index":""},"product_cat":[219,114],"product_tag":[],"class_list":{"0":"post-34916","1":"product","2":"type-product","3":"status-publish","4":"has-post-thumbnail","6":"product_cat-ingles","7":"product_cat-letras","9":"first","10":"instock","11":"downloadable","12":"virtual","13":"purchasable","14":"product-type-simple","15":"col-xs-6 col-sm-4","16":"col-mf-5","17":"un-5-cols"},"jetpack_sharing_enabled":true,"_links":{"self":[{"href":"https:\/\/portifolioos-prontos.com\/index.php\/wp-json\/wp\/v2\/product\/34916","targetHints":{"allow":["GET"]}}],"collection":[{"href":"https:\/\/portifolioos-prontos.com\/index.php\/wp-json\/wp\/v2\/product"}],"about":[{"href":"https:\/\/portifolioos-prontos.com\/index.php\/wp-json\/wp\/v2\/types\/product"}],"version-history":[{"count":0,"href":"https:\/\/portifolioos-prontos.com\/index.php\/wp-json\/wp\/v2\/product\/34916\/revisions"}],"wp:featuredmedia":[{"embeddable":true,"href":"https:\/\/portifolioos-prontos.com\/index.php\/wp-json\/wp\/v2\/media\/34919"}],"wp:attachment":[{"href":"https:\/\/portifolioos-prontos.com\/index.php\/wp-json\/wp\/v2\/media?parent=34916"}],"wp:term":[{"taxonomy":"product_cat","embeddable":true,"href":"https:\/\/portifolioos-prontos.com\/index.php\/wp-json\/wp\/v2\/product_cat?post=34916"},{"taxonomy":"product_tag","embeddable":true,"href":"https:\/\/portifolioos-prontos.com\/index.php\/wp-json\/wp\/v2\/product_tag?post=34916"}],"curies":[{"name":"wp","href":"https:\/\/api.w.org\/{rel}","templated":true}]}}