{"id":34930,"date":"2025-02-05T11:50:13","date_gmt":"2025-02-05T14:50:13","guid":{"rendered":"https:\/\/portifolioos-prontos.com\/?post_type=product&#038;p=34930"},"modified":"2025-08-03T18:13:30","modified_gmt":"2025-08-03T21:13:30","slug":"aula-pratica-toxicologia-para-pericias-adulteracao-de-produtos","status":"publish","type":"product","link":"https:\/\/portifolioos-prontos.com\/index.php\/product\/aula-pratica-toxicologia-para-pericias-adulteracao-de-produtos\/","title":{"rendered":"Aula Pr\u00e1tica Toxicologia para per\u00edcias &#8211; Padr\u00e3o de identidade e qualidade do leite"},"content":{"rendered":"<h5>Aula Pr\u00e1tica Toxicologia para per\u00edcias<\/h5>\n<h5><span style=\"color: #ff0000;\">CONTEMPLA OS 2 ROTEIROS DO AVA &#8211; PADR\u00c3O DE IDENTIDADE E QUALIDADE DO LEITE + HOMIC\u00cdDIO<\/span><\/h5>\n<p class=\"MsoNormal\" style=\"line-height: normal;\">ROTEIRO DE AULA PR\u00c1TICA<\/p>\n<p class=\"MsoNormal\" style=\"line-height: normal;\">NOME DA DISCIPLINA: TOXICOLOGIA PARA PER\u00cdCIA<\/p>\n<p class=\"MsoNormal\" style=\"line-height: normal;\">Unidade: U4_TOXICOLOGIA_FORENSE<\/p>\n<p class=\"MsoNormal\" style=\"line-height: normal;\">Aula: A1_ADULTERACAO_DE_PRODUTOS<\/p>\n<p class=\"MsoNormal\" style=\"line-height: normal;\">OBJETIVOS<\/p>\n<p class=\"MsoNormal\" style=\"line-height: normal;\">Defini\u00e7\u00e3o dos objetivos da aula pr\u00e1tica:<\/p>\n<p class=\"MsoNormal\" style=\"line-height: normal;\">Executar procedimentos adequados para determinar a identidade e a qualidade do leite.<\/p>\n<p class=\"MsoNormal\" style=\"line-height: normal;\">SOLU\u00c7\u00c3O DIGITAL:<\/p>\n<p class=\"MsoNormal\" style=\"line-height: normal;\">Laborat\u00f3rio Virtual Algetec &#8211; simulador: \u201cPadr\u00e3o de Identidade e Qualidade do Leite\u201d.<\/p>\n<p class=\"MsoNormal\" style=\"line-height: normal;\">O laborat\u00f3rio virtual \u00e9 uma plataforma para simula\u00e7\u00e3o de procedimentos em laborat\u00f3rio e deve<\/p>\n<p class=\"MsoNormal\" style=\"line-height: normal;\">ser acessado preferencialmente por computador.<\/p>\n<p class=\"MsoNormal\" style=\"line-height: normal;\">PROCEDIMENTOS PR\u00c1TICOS E APLICA\u00c7\u00d5ES<\/p>\n<p class=\"MsoNormal\" style=\"line-height: normal;\">Procedimento\/Atividade n\u00ba 1<\/p>\n<p class=\"MsoNormal\" style=\"line-height: normal;\">Inserir o nome do experimento: PADR\u00c3O DE IDENTIDADE E QUALIDADE DO LEITE<\/p>\n<p class=\"MsoNormal\" style=\"line-height: normal;\">Atividade proposta:<\/p>\n<p class=\"MsoNormal\" style=\"line-height: normal;\">Neste experimento, voc\u00ea vai realizar a determina\u00e7\u00e3o da identidade e qualidade do leite, ser\u00e3o<\/p>\n<p class=\"MsoNormal\" style=\"line-height: normal;\">utilizados m\u00e9todos qu\u00edmicos de an\u00e1lise na identifica\u00e7\u00e3o e\/ou aus\u00eancia de compostos que<\/p>\n<p class=\"MsoNormal\" style=\"line-height: normal;\">comprovar\u00e3o a sua qualidade. Para isso, as amostras ser\u00e3o submetidas por testes b\u00e1sicos de<\/p>\n<p class=\"MsoNormal\" style=\"line-height: normal;\">identifica\u00e7\u00e3o de acidez do leite, densidade e a presen\u00e7a de conservantes, como o formol.<\/p>\n<p class=\"MsoNormal\" style=\"line-height: normal;\">Procedimentos para a realiza\u00e7\u00e3o da atividade:<\/p>\n<p class=\"MsoNormal\" style=\"line-height: normal;\">Para acessar a atividade, clique no link disponibilizado em seu ambiente virtual, voc\u00ea ter\u00e1 acesso<\/p>\n<p class=\"MsoNormal\" style=\"line-height: normal;\">a p\u00e1gina do experimento:<\/p>\n<p class=\"MsoNormal\" style=\"line-height: normal;\">P\u00fablico3<\/p>\n<p class=\"MsoNormal\" style=\"line-height: normal;\">O laborat\u00f3rio \u00e9 composto das seguintes abas: \u201cApresenta\u00e7\u00e3o\u201d, \u201cSum\u00e1rio te\u00f3rico\u201d, \u201cRoteiro\u201d, \u201cPr\u00e9teste\u201d, \u201cExperimento\u201d e \u201cP\u00f3s-teste\u201d.<\/p>\n<p class=\"MsoNormal\" style=\"line-height: normal;\">Voc\u00ea dever\u00e1 iniciar pela leitura da \u201cApresenta\u00e7\u00e3o\u201d, seguida da leitura do sum\u00e1rio te\u00f3rico (o<\/p>\n<p class=\"MsoNormal\" style=\"line-height: normal;\">sum\u00e1rio te\u00f3rico apresenta os conceitos te\u00f3ricos importantes observados na realiza\u00e7\u00e3o do<\/p>\n<p class=\"MsoNormal\" style=\"line-height: normal;\">experimento).<\/p>\n<p class=\"MsoNormal\" style=\"line-height: normal;\">Na sequ\u00eancia, fa\u00e7a a leitura do Roteiro, que apresenta as informa\u00e7\u00f5es necess\u00e1rias para<\/p>\n<p class=\"MsoNormal\" style=\"line-height: normal;\">realiza\u00e7\u00e3o do experimento, entre as informa\u00e7\u00f5es apresentadas, temos o Tutorial Virtual Lab, que<\/p>\n<p class=\"MsoNormal\" style=\"line-height: normal;\">apresenta o passo a passo para realiza\u00e7\u00e3o do experimento no laborat\u00f3rio virtual.<\/p>\n<p class=\"MsoNormal\" style=\"line-height: normal;\">Ap\u00f3s conhecer o experimento que ser\u00e1 realizado, testes seus conhecimentos com a realiza\u00e7\u00e3o<\/p>\n<p class=\"MsoNormal\" style=\"line-height: normal;\">do \u201cPr\u00e9-teste\u201d, as quest\u00f5es s\u00e3o corrigidas automaticamente e no final voc\u00ea ter\u00e1 a justificativa das<\/p>\n<p class=\"MsoNormal\" style=\"line-height: normal;\">quest\u00f5es.<\/p>\n<p class=\"MsoNormal\" style=\"line-height: normal;\">Agora, voc\u00ea vai clicar na aba experimento e iniciar o laborat\u00f3rio virtual.<\/p>\n<p class=\"MsoNormal\" style=\"line-height: normal;\">P\u00fablico4<\/p>\n<p class=\"MsoNormal\" style=\"line-height: normal;\">Realize o experimento por meio do laborat\u00f3rio virtual, anotando os resultados obtidos.<\/p>\n<p class=\"MsoNormal\" style=\"line-height: normal;\">Para alcan\u00e7ar os resultados desejados, siga atentamente os passos indicados do roteiro<\/p>\n<p class=\"MsoNormal\" style=\"line-height: normal;\">disponibilizado no laborat\u00f3rio virtual.<\/p>\n<p class=\"MsoNormal\" style=\"line-height: normal;\">Tire prints de tela para facilitar a confec\u00e7\u00e3o do relat\u00f3rio de aula pr\u00e1tica.<\/p>\n<p class=\"MsoNormal\" style=\"line-height: normal;\">Finalize com a realiza\u00e7\u00e3o das quest\u00f5es \u201cP\u00f3s-teste\u201d.<\/p>\n<p class=\"MsoNormal\" style=\"line-height: normal;\">P\u00fablico5<\/p>\n<p class=\"MsoNormal\" style=\"line-height: normal;\">Avaliando os resultados:<\/p>\n<p class=\"MsoNormal\" style=\"line-height: normal;\">Apresente os resultados obtidos no experimento e a sua interpreta\u00e7\u00e3o.<\/p>\n<p class=\"MsoNormal\" style=\"line-height: normal;\">Com base nos resultados obtidos, responda as seguintes quest\u00f5es:<\/p>\n<p class=\"MsoNormal\" style=\"line-height: normal;\">1. De acordo com os conhecimentos constru\u00eddos, qual o padr\u00e3o de identidade e qualidade do<\/p>\n<p class=\"MsoNormal\" style=\"line-height: normal;\">leite?<\/p>\n<p class=\"MsoNormal\" style=\"line-height: normal;\">2. Com base nos resultados encontrados, o leite analisado est\u00e1 dentro dos padr\u00f5es<\/p>\n<p class=\"MsoNormal\" style=\"line-height: normal;\">preconizados?<\/p>\n<p class=\"MsoNormal\" style=\"line-height: normal;\">3. Quais implica\u00e7\u00f5es \u00e0 sa\u00fade humana podem ser consideradas pela ingest\u00e3o de leite adulterado<\/p>\n<p class=\"MsoNormal\" style=\"line-height: normal;\">com formol?<\/p>\n<p class=\"MsoNormal\" style=\"line-height: normal;\">Checklist:<\/p>\n<p class=\"MsoNormal\" style=\"line-height: normal;\"><span style=\"font-family: 'Segoe UI Symbol',sans-serif; mso-bidi-font-family: 'Segoe UI Symbol';\">\u2713<\/span> Acessar seu AVA;<\/p>\n<p class=\"MsoNormal\" style=\"line-height: normal;\"><span style=\"font-family: 'Segoe UI Symbol',sans-serif; mso-bidi-font-family: 'Segoe UI Symbol';\">\u2713<\/span> Clicar no link do experimento PADR\u00c3O DE IDENTIDADE E QUALIDADE DO LEITE;<\/p>\n<p class=\"MsoNormal\" style=\"line-height: normal;\"><span style=\"font-family: 'Segoe UI Symbol',sans-serif; mso-bidi-font-family: 'Segoe UI Symbol';\">\u2713<\/span> Acessar o roteiro do experimento e o tutorial Virtual Lab;<\/p>\n<p class=\"MsoNormal\" style=\"line-height: normal;\"><span style=\"font-family: 'Segoe UI Symbol',sans-serif; mso-bidi-font-family: 'Segoe UI Symbol';\">\u2713<\/span> Iniciar o experimento com a sele\u00e7\u00e3o adequada dos EPIs;<\/p>\n<p class=\"MsoNormal\" style=\"line-height: normal;\"><span style=\"font-family: 'Segoe UI Symbol',sans-serif; mso-bidi-font-family: 'Segoe UI Symbol';\">\u2713<\/span> Realizar a determina\u00e7\u00e3o da acidez do leite;<\/p>\n<p class=\"MsoNormal\" style=\"line-height: normal;\"><span style=\"font-family: 'Segoe UI Symbol',sans-serif; mso-bidi-font-family: 'Segoe UI Symbol';\">\u2713<\/span> Realizar a determina\u00e7\u00e3o da presen\u00e7a de reconstituintes do leite &#8211; sacarose;<\/p>\n<p class=\"MsoNormal\" style=\"line-height: normal;\"><span style=\"font-family: 'Segoe UI Symbol',sans-serif; mso-bidi-font-family: 'Segoe UI Symbol';\">\u2713<\/span> Realizar o teste para determina\u00e7\u00e3o da presen\u00e7a de formol no leite;<\/p>\n<p class=\"MsoNormal\" style=\"line-height: normal;\"><span style=\"font-family: 'Segoe UI Symbol',sans-serif; mso-bidi-font-family: 'Segoe UI Symbol';\">\u2713<\/span> Finalizar o experimento;<\/p>\n<p class=\"MsoNormal\" style=\"line-height: normal;\"><span style=\"font-family: 'Segoe UI Symbol',sans-serif; mso-bidi-font-family: 'Segoe UI Symbol';\">\u2713<\/span> Avaliar os resultados.<\/p>\n<p class=\"MsoNormal\" style=\"line-height: normal;\">RESULTADOS<\/p>\n<p class=\"MsoNormal\" style=\"line-height: normal;\">Resultados do experimento:<\/p>\n<p class=\"MsoNormal\" style=\"line-height: normal;\">Ao final dessa aula pr\u00e1tica, voc\u00ea dever\u00e1 enviar um arquivo em word contendo as informa\u00e7\u00f5es<\/p>\n<p class=\"MsoNormal\" style=\"line-height: normal;\">obtidas no experimento, os c\u00e1lculos realizados (quando aplicado), em conjunto com um texto<\/p>\n<p class=\"MsoNormal\" style=\"line-height: normal;\">conclusivo a respeito das informa\u00e7\u00f5es obtidas. O arquivo n\u00e3o pode exceder o tamanho de 2Mb.<\/p>\n<p class=\"MsoNormal\" style=\"line-height: normal;\">\u2022 Refer\u00eancias bibliogr\u00e1ficas ABNT (quando houver).<\/p>\n<p class=\"MsoNormal\" style=\"line-height: normal;\">Resultados de Aprendizagem:<\/p>\n<p class=\"MsoNormal\" style=\"line-height: normal;\">EXEMPLO:<\/p>\n<p class=\"MsoNormal\" style=\"line-height: normal;\">Ao final deste experimento, voc\u00ea dever\u00e1 ser capaz de: indicar os reconstituintes de densidade no<\/p>\n<p class=\"MsoNormal\" style=\"line-height: normal;\">leite; determinar a acidez do leite e; analisar a presen\u00e7a do formalde\u00eddo (formol).<\/p>\n<div class=\"elementor-toggle-item\" style=\"box-sizing: border-box;\">\n<div class=\"elementor-toggle-item\">\n<p id=\"elementor-tab-title-1941\" class=\"elementor-tab-title elementor-active\" tabindex=\"0\" role=\"tab\" data-tab=\"1\" aria-controls=\"elementor-tab-content-1941\" aria-expanded=\"true\" aria-selected=\"true\"><strong>Como funciona?<\/strong><\/p>\n<p>Elaboramos os portf\u00f3lios, j\u00e1 deixamos prontos, nas normas da ABNT e conforme os requisitos da universidade. F\u00e1cil assim! O MELHOR \u00c9 QUE VOC\u00ca COMPRA E J\u00c1 BAIXA NA HORA O SEU ARQUIVO EM WORD! Sabemos que conciliar trabalho, fam\u00edlia, vida profissional e estudos \u00e9 dif\u00edcil hoje em dia, por isso, estamos aqui para ajudar voc\u00ea. Conte com nossa qualidade, experi\u00eancia e profissionalismo adquirindo seu portf\u00f3lio conosco. GARANTIMOS SEU CONCEITO!<\/p>\n<p><strong>Como se realizam os envios?<\/strong><\/p>\n<\/div>\n<p id=\"elementor-tab-content-1942\" class=\"elementor-tab-content elementor-clearfix elementor-active\" role=\"tabpanel\" data-tab=\"2\" aria-labelledby=\"elementor-tab-title-1942\">O seu trabalho \u00e9 disponibilizado pronto, respondido e nas normas j\u00e1 na mesma hora aqui em nosso site na sua \u00e1rea de downloads e tamb\u00e9m no seu e-mail.<\/p>\n<p><strong>Em quanto tempo recebo o portf\u00f3lio?<\/strong><\/p>\n<p>Os envios s\u00e3o imediatos. Ap\u00f3s sua compra, o trabalho j\u00e1 \u00e9 disponibilizado instantaneamente aqui em nosso site e no seu e-mail.<\/p>\n<p><strong>E se o portf\u00f3lio que comprei precisar de corre\u00e7\u00e3o?<\/strong><\/p>\n<p>Caso haja alguma solicita\u00e7\u00e3o de corre\u00e7\u00e3o\/altera\u00e7\u00e3o por parte do tutor, basta entrar em contato conosco pelo\u00a0WhatsApp\u00a0que provid\u00eanciaremos sem custo algum.<\/p>\n<p><strong>Qual o formato do arquivo?<\/strong><\/p>\n<p>Os arquivos s\u00e3o enviados em formato Word e s\u00e3o edit\u00e1veis.<\/p>\n<p><strong>Caso eu tiver alguma d\u00favida, terei suporte no p\u00f3s venda?<\/strong><\/p>\n<p>Sim, com certeza. Basta clicar no \u00edcone do WhatsApp no cantinho da tela. Ser\u00e1 um prazer atend\u00ea-lo(a).<\/p>\n<div id=\"elementor-tab-content-1948\" class=\"elementor-tab-content elementor-clearfix elementor-active\" role=\"tabpanel\" data-tab=\"8\" aria-labelledby=\"elementor-tab-title-1948\">\n<p><strong>Quais os seus canais de contato?<\/strong><\/p>\n<\/div>\n<div id=\"elementor-tab-content-1949\" class=\"elementor-tab-content elementor-clearfix elementor-active\" role=\"tabpanel\" data-tab=\"9\" aria-labelledby=\"elementor-tab-title-1949\">\n<p>Whatsapp: 53 984751621 \u2013 Clicar no canto da tela ou ESCANEIE O QRCODE ABAIXO<\/p>\n<h4><img decoding=\"async\" class=\"alignnone wp-image-13699 jetpack-lazy-image jetpack-lazy-image--handled\" src=\"https:\/\/i0.wp.com\/portifolioos-prontos.com\/wp-content\/uploads\/2023\/02\/whatsapp-business-projeto-de-extensao-300x300.jpeg?resize=144%2C144\" sizes=\"(max-width: 144px) 100vw, 144px\" srcset=\"https:\/\/i0.wp.com\/portifolioos-prontos.com\/wp-content\/uploads\/2023\/02\/whatsapp-business-projeto-de-extensao.jpeg?resize=300%2C301&amp;ssl=1 300w, https:\/\/i0.wp.com\/portifolioos-prontos.com\/wp-content\/uploads\/2023\/02\/whatsapp-business-projeto-de-extensao.jpeg?resize=150%2C150&amp;ssl=1 150w, https:\/\/i0.wp.com\/portifolioos-prontos.com\/wp-content\/uploads\/2023\/02\/whatsapp-business-projeto-de-extensao.jpeg?resize=370%2C372&amp;ssl=1 370w, https:\/\/i0.wp.com\/portifolioos-prontos.com\/wp-content\/uploads\/2023\/02\/whatsapp-business-projeto-de-extensao.jpeg?resize=100%2C100&amp;ssl=1 100w, https:\/\/i0.wp.com\/portifolioos-prontos.com\/wp-content\/uploads\/2023\/02\/whatsapp-business-projeto-de-extensao.jpeg?w=470&amp;ssl=1 470w\" alt=\"projeto de extens\u00e3o unopar\" width=\"144\" height=\"144\" data-lazy-loaded=\"1\" \/><\/h4>\n<\/div>\n<div class=\"elementor-toggle-item\">\n<div id=\"elementor-tab-content-1949\" class=\"elementor-tab-content elementor-clearfix elementor-active\" role=\"tabpanel\" data-tab=\"9\" aria-labelledby=\"elementor-tab-title-1949\">\n<p>E-mail:portifoliosp@gmail.com<\/p>\n<div id=\"attachment_143\" class=\"wp-caption alignnone\">\n<div id=\"attachment_143\" class=\"wp-caption alignnone\">\n<p id=\"caption-attachment-143\" class=\"wp-caption-text\"><a href=\"http:\/\/portfolio-pronto.com\/\">Portf\u00f3lio<\/a>\u00a0em Word, respondido, completo e j\u00e1 nas normas<\/p>\n<\/div>\n<\/div>\n<\/div>\n<\/div>\n<\/div>\n","protected":false},"excerpt":{"rendered":"<div class=\"product-short-description\" style=\"box-sizing: border-box;\">\n<p><span style=\"color: #ff0000;\">CONTEMPLA OS 2 ROTEIROS DO AVA &#8211; PADR\u00c3O DE IDENTIDADE E QUALIDADE DO LEITE + HOMIC\u00cdDIO<\/span><\/p>\n<div class=\"product-short-description\">\n<p><strong>Pague pelo PIX ou cart\u00e3o e fa\u00e7a o download agora mesmo.<\/strong><\/p>\n<\/div>\n<div class=\"sticky-add-to-cart-wrapper\">\n<div class=\"sticky-add-to-cart\">\n<p class=\"quantity buttons_added form-flat\"><img decoding=\"async\" class=\"lazyloaded smush-image-5 smush-image-3 smush-image-4 smush-detected-img smush-image-bigger-3\" src=\"https:\/\/d26lpennugtm8s.cloudfront.net\/assets\/common\/img\/logos\/payment\/visa@2x.png\" width=\"46\" height=\"29\" data-src=\"https:\/\/d26lpennugtm8s.cloudfront.net\/assets\/common\/img\/logos\/payment\/visa@2x.png\" \/><img decoding=\"async\" class=\"lazyloaded smush-image-6 smush-image-4 smush-image-5 smush-detected-img smush-image-bigger-4\" src=\"https:\/\/d26lpennugtm8s.cloudfront.net\/assets\/common\/img\/logos\/payment\/boleto@2x.png\" width=\"43\" height=\"27\" data-src=\"https:\/\/d26lpennugtm8s.cloudfront.net\/assets\/common\/img\/logos\/payment\/boleto@2x.png\" \/><img loading=\"lazy\" decoding=\"async\" class=\"lazyloaded smush-image-7 smush-image-5 smush-image-6 smush-detected-img smush-image-bigger-5\" src=\"https:\/\/d26lpennugtm8s.cloudfront.net\/assets\/common\/img\/logos\/payment\/mastercard@2x.png\" width=\"43\" height=\"27\" data-src=\"https:\/\/d26lpennugtm8s.cloudfront.net\/assets\/common\/img\/logos\/payment\/mastercard@2x.png\" \/><img loading=\"lazy\" decoding=\"async\" class=\"lazyloaded smush-image-8 smush-image-6 smush-image-7 smush-detected-img smush-image-bigger-6\" src=\"https:\/\/d26lpennugtm8s.cloudfront.net\/assets\/common\/img\/logos\/payment\/amex@2x.png\" width=\"43\" height=\"27\" data-src=\"https:\/\/d26lpennugtm8s.cloudfront.net\/assets\/common\/img\/logos\/payment\/amex@2x.png\" \/><img loading=\"lazy\" decoding=\"async\" class=\"lazyloaded smush-image-9 smush-image-7 smush-image-8 smush-detected-img smush-image-bigger-7\" src=\"https:\/\/d26lpennugtm8s.cloudfront.net\/assets\/common\/img\/logos\/payment\/diners@2x.png\" width=\"46\" height=\"29\" data-src=\"https:\/\/d26lpennugtm8s.cloudfront.net\/assets\/common\/img\/logos\/payment\/diners@2x.png\" \/><img loading=\"lazy\" decoding=\"async\" class=\"lazyloaded smush-image-10 smush-image-8 smush-image-9 alignnone smush-detected-img smush-image-bigger-8\" src=\"https:\/\/d26lpennugtm8s.cloudfront.net\/assets\/common\/img\/logos\/payment\/br\/elo@2x.png\" alt=\"portf\u00f3lio unopar anhanguera\" width=\"45\" height=\"28\" data-src=\"https:\/\/d26lpennugtm8s.cloudfront.net\/assets\/common\/img\/logos\/payment\/br\/elo@2x.png\" \/><img loading=\"lazy\" decoding=\"async\" class=\"lazyloaded smush-image-11 smush-image-9 smush-image-10 alignnone smush-detected-img smush-image-bigger-9\" src=\"https:\/\/d26lpennugtm8s.cloudfront.net\/assets\/common\/img\/logos\/payment\/br\/hipercard@2x.png\" alt=\"portf\u00f3lio unopar anhanguera\" width=\"44\" height=\"28\" data-src=\"https:\/\/d26lpennugtm8s.cloudfront.net\/assets\/common\/img\/logos\/payment\/br\/hipercard@2x.png\" \/><img loading=\"lazy\" decoding=\"async\" class=\"lazyloaded smush-image-12 smush-image-10 smush-image-11 alignnone smush-detected-img smush-image-bigger-10\" src=\"https:\/\/d26lpennugtm8s.cloudfront.net\/assets\/common\/img\/logos\/payment\/mercadopago@2x.png\" alt=\"portf\u00f3lio unopar anhanguera\" width=\"45\" height=\"28\" data-src=\"https:\/\/d26lpennugtm8s.cloudfront.net\/assets\/common\/img\/logos\/payment\/mercadopago@2x.png\" \/><img loading=\"lazy\" decoding=\"async\" class=\"alignnone lazyloaded smush-detected-img smush-image-bigger-11\" src=\"https:\/\/futurium.com.br\/wp-content\/uploads\/2021\/06\/logo-pix-icone-512.png\" alt=\"portfolio pronto\" width=\"30\" height=\"30\" data-src=\"https:\/\/futurium.com.br\/wp-content\/uploads\/2021\/06\/logo-pix-icone-512.png\" \/><\/p>\n<\/div>\n<\/div>\n<\/div>\n","protected":false},"featured_media":34933,"template":"","meta":{"_seopress_robots_primary_cat":"none","_seopress_titles_title":"%%post_title%% %%sitetitle%%","_seopress_titles_desc":"%%post_content%%","_seopress_robots_index":""},"product_cat":[71],"product_tag":[],"class_list":{"0":"post-34930","1":"product","2":"type-product","3":"status-publish","4":"has-post-thumbnail","6":"product_cat-criminologia","8":"first","9":"instock","10":"downloadable","11":"virtual","12":"purchasable","13":"product-type-simple","14":"col-xs-6 col-sm-4","15":"col-mf-5","16":"un-5-cols"},"jetpack_sharing_enabled":true,"_links":{"self":[{"href":"https:\/\/portifolioos-prontos.com\/index.php\/wp-json\/wp\/v2\/product\/34930","targetHints":{"allow":["GET"]}}],"collection":[{"href":"https:\/\/portifolioos-prontos.com\/index.php\/wp-json\/wp\/v2\/product"}],"about":[{"href":"https:\/\/portifolioos-prontos.com\/index.php\/wp-json\/wp\/v2\/types\/product"}],"version-history":[{"count":0,"href":"https:\/\/portifolioos-prontos.com\/index.php\/wp-json\/wp\/v2\/product\/34930\/revisions"}],"wp:featuredmedia":[{"embeddable":true,"href":"https:\/\/portifolioos-prontos.com\/index.php\/wp-json\/wp\/v2\/media\/34933"}],"wp:attachment":[{"href":"https:\/\/portifolioos-prontos.com\/index.php\/wp-json\/wp\/v2\/media?parent=34930"}],"wp:term":[{"taxonomy":"product_cat","embeddable":true,"href":"https:\/\/portifolioos-prontos.com\/index.php\/wp-json\/wp\/v2\/product_cat?post=34930"},{"taxonomy":"product_tag","embeddable":true,"href":"https:\/\/portifolioos-prontos.com\/index.php\/wp-json\/wp\/v2\/product_tag?post=34930"}],"curies":[{"name":"wp","href":"https:\/\/api.w.org\/{rel}","templated":true}]}}