{"id":35131,"date":"2025-02-17T23:14:06","date_gmt":"2025-02-18T02:14:06","guid":{"rendered":"https:\/\/portifolioos-prontos.com\/?post_type=product&#038;p=35131"},"modified":"2025-08-03T18:18:46","modified_gmt":"2025-08-03T21:18:46","slug":"aula-pratica-programacao-web-sign","status":"publish","type":"product","link":"https:\/\/portifolioos-prontos.com\/index.php\/product\/aula-pratica-programacao-web-sign\/","title":{"rendered":"Aula pr\u00e1tica Programa\u00e7\u00e3o Web"},"content":{"rendered":"<h4 style=\"box-sizing: border-box; margin-bottom: 1.3em; color: #777777; font-family: Lato, sans-serif; font-size: medium;\">Portf\u00f3lio Aula pr\u00e1tica Programa\u00e7\u00e3o Web<\/h4>\n<hr style=\"box-sizing: border-box; border-top-width: 1px; border-top-style: solid; margin: 15px 0px; opacity: 0.1; color: #777777; font-family: Lato, sans-serif; font-size: medium; background-color: #ffffff;\" \/>\n<p style=\"box-sizing: border-box; margin-bottom: 1.3em; color: #777777; font-family: Lato, sans-serif; font-size: medium;\">ROTEIRO DE AULA PR\u00c1TICA<br style=\"box-sizing: border-box;\" \/>NOME DA DISCIPLINA: Programa\u00e7\u00e3o Web<br style=\"box-sizing: border-box;\" \/>Unidade 4<br style=\"box-sizing: border-box;\" \/>Se\u00e7\u00e3o 4.3<br style=\"box-sizing: border-box;\" \/>OBJETIVOS<br style=\"box-sizing: border-box;\" \/>Defini\u00e7\u00e3o dos objetivos da aula pr\u00e1tica:<br style=\"box-sizing: border-box;\" \/>1. Criar uma p\u00e1gina front-end com um formul\u00e1rio contendo um campo para inser\u00e7\u00e3o da data<br style=\"box-sizing: border-box;\" \/>de nascimento e um bot\u00e3o para realizar consulta de signo;<br style=\"box-sizing: border-box;\" \/>2. Desenvolver uma p\u00e1gina front-end que contenha o resultado da consulta ao signo zodiacal;<br style=\"box-sizing: border-box;\" \/>3. Desenvolver a l\u00f3gica necess\u00e1ria para realizar a consulta a um arquivo XML que contenha as<br style=\"box-sizing: border-box;\" \/>informa\u00e7\u00f5es de cada signo;<br style=\"box-sizing: border-box;\" \/>4. Desenvolver a estiliza\u00e7\u00e3o das p\u00e1ginas: formul\u00e1rio e resultado.<br style=\"box-sizing: border-box;\" \/>5. Testar a aplica\u00e7\u00e3o.<br style=\"box-sizing: border-box;\" \/>INFRAESTRUTURA<br style=\"box-sizing: border-box;\" \/>Instala\u00e7\u00f5es:<br style=\"box-sizing: border-box;\" \/>Laborat\u00f3rio de Inform\u00e1tica<br style=\"box-sizing: border-box;\" \/>Materiais de consumo:<br style=\"box-sizing: border-box;\" \/>Quantid. de materiais por<br style=\"box-sizing: border-box;\" \/>Descri\u00e7\u00e3o<br style=\"box-sizing: border-box;\" \/>N\u00e3o se aplica<br style=\"box-sizing: border-box;\" \/>Software:<br style=\"box-sizing: border-box;\" \/>procedimento\/atividade<br style=\"box-sizing: border-box;\" \/>Sim (x) N\u00e3o ( )<br style=\"box-sizing: border-box;\" \/>Em caso afirmativo, qual? Visual Studio Code<br style=\"box-sizing: border-box;\" \/>Pago ( ) N\u00e3o Pago ( X )<br style=\"box-sizing: border-box;\" \/>Tipo de Licen\u00e7a: Gratuita.<br style=\"box-sizing: border-box;\" \/>Descri\u00e7\u00e3o do software:<br style=\"box-sizing: border-box;\" \/>VSCode: O Visual Studio Code \u00e9 um editor de c\u00f3digo-fonte desenvolvido pela Microsoft para<br style=\"box-sizing: border-box;\" \/>Windows, Linux e macOS. Ele inclui suporte para depura\u00e7\u00e3o, controle de versionamento Git<br style=\"box-sizing: border-box;\" \/>2<br style=\"box-sizing: border-box;\" \/>3<br style=\"box-sizing: border-box;\" \/>Para a realiza\u00e7\u00e3o desta aula pratica voc\u00ea dever\u00e1 utilizar o software VSCODE. Ademais, voc\u00ea<br style=\"box-sizing: border-box;\" \/>precisar\u00e1 possuir tamb\u00e9m o XAMPP instalado em seu computador. Fa\u00e7a o download e instale na<br style=\"box-sizing: border-box;\" \/>sua m\u00e1quina:\u00a0<a style=\"box-sizing: border-box; background-color: rgba(255, 255, 255, 0); touch-action: manipulation; color: var(--fs-experimental-link-color);\" href=\"https:\/\/www.apachefriends.org\/download.html\" rel=\"nofollow\">https:\/\/www.apachefriends.org\/download.html<\/a>. \u2013 assets \u2014 css \u2014 style.css \u2014 imgs \u2014 js \u2013 layouts \u2014 header.php<br style=\"box-sizing: border-box;\" \/>Crie a seguinte estrutura no seu projeto:<br style=\"box-sizing: border-box;\" \/>projeto nele.<br style=\"box-sizing: border-box;\" \/>o projeto. Ou voc\u00ea pode simplesmente arrastar a pasta at\u00e9 o VSCode e ela abrira como um<br style=\"box-sizing: border-box;\" \/>2. Abra o VsCode, e escolha a op\u00e7\u00e3o \u201cOpen Folder\u201d. Escolha a pasta que acabou de criar e abra<br style=\"box-sizing: border-box;\" \/>\u201cProject\u201d dentro do caminho xampp\\htdocs\\.<br style=\"box-sizing: border-box;\" \/>1. Localize o local onde o xampp foi instalado no seu computador e crie uma pasta com o nome<br style=\"box-sizing: border-box;\" \/>Procedimentos para a realiza\u00e7\u00e3o da atividade:<br style=\"box-sizing: border-box;\" \/>Atividade proposta:<br style=\"box-sizing: border-box;\" \/>PROCEDIMENTOS PR\u00c1TICOS<br style=\"box-sizing: border-box;\" \/>N\u00e3o se aplica.<br style=\"box-sizing: border-box;\" \/>Desenvolver um uma p\u00e1gina web para descobrir o seu signo de acordo com a sua data de<br style=\"box-sizing: border-box;\" \/>nascimento. A p\u00e1gina inicial ir\u00e1 conter um formul\u00e1rio para que o usu\u00e1rio insira sua data de<br style=\"box-sizing: border-box;\" \/>nascimento e clique em um bot\u00e3o que ir\u00e1 redireciona-lo para uma outra p\u00e1gina contendo as<br style=\"box-sizing: border-box;\" \/>principais informa\u00e7\u00f5es do seu signo zodiacal. Para a estiliza\u00e7\u00e3o do conte\u00fado ser\u00e1 necess\u00e1rio utilizar<br style=\"box-sizing: border-box;\" \/>Bootstrap e folhas de estilo pr\u00f3prias.<br style=\"box-sizing: border-box;\" \/>Procedimento\/Atividade N\u00ba 1<br style=\"box-sizing: border-box;\" \/>Equipamento de Prote\u00e7\u00e3o Individual (EPI):<br style=\"box-sizing: border-box;\" \/>c\u00f3digo.<br style=\"box-sizing: border-box;\" \/>incorporado, realce de sintaxe, complementa\u00e7\u00e3o inteligente de c\u00f3digo, snippets e refatora\u00e7\u00e3o de<br style=\"box-sizing: border-box;\" \/>\u2013 index.php \u2013 show_zodiac_sign.php \u2013 signos.xml<br style=\"box-sizing: border-box;\" \/>3. Primeiramente monte o arquivo XML \u201csignos.xml\u201d. Para isso, crie a sua estrutura da<br style=\"box-sizing: border-box;\" \/>seguinte forma:<br style=\"box-sizing: border-box;\" \/>&lt;?xml version=\u201d1.0\u2033?&gt;<br style=\"box-sizing: border-box;\" \/>&lt;signos&gt;<br style=\"box-sizing: border-box;\" \/>&lt;signo&gt;<br style=\"box-sizing: border-box;\" \/>&lt;dataInicio&gt;21\/03&lt;\/dataInicio&gt;<br style=\"box-sizing: border-box;\" \/>&lt;dataFim&gt;20\/04&lt;\/dataFim&gt;<br style=\"box-sizing: border-box;\" \/>&lt;signoNome&gt;\u00c1ries&lt;\/signoNome&gt;<br style=\"box-sizing: border-box;\" \/>&lt;descricao&gt;Lorem ipsum dolor sit amet.&lt;\/descricao&gt;<br style=\"box-sizing: border-box;\" \/>\/signo&gt;<br style=\"box-sizing: border-box;\" \/>4. Preencha manualmente este arquivo XML com as informa\u00e7\u00f5es de todos os signos zodiacais.<br style=\"box-sizing: border-box;\" \/>Voc\u00ea<br style=\"box-sizing: border-box;\" \/>pode<br style=\"box-sizing: border-box;\" \/>consultar<br style=\"box-sizing: border-box;\" \/>a<br style=\"box-sizing: border-box;\" \/>seguinte<br style=\"box-sizing: border-box;\" \/>pagina<br style=\"box-sizing: border-box;\" \/><a style=\"box-sizing: border-box; background-color: rgba(255, 255, 255, 0); touch-action: manipulation; color: var(--fs-experimental-link-color);\" href=\"https:\/\/pt.wikipedia.org\/wiki\/Signo_astrol%C3%B3gico\" rel=\"nofollow\">https:\/\/pt.wikipedia.org\/wiki\/Signo_astrol%C3%B3gico<\/a>.<br style=\"box-sizing: border-box;\" \/>para tal:<br style=\"box-sizing: border-box;\" \/>5. Crie uma estrutura b\u00e1sica HTML no arquivo index.php (voc\u00ea pode fazer isso<br style=\"box-sizing: border-box;\" \/>automaticamente digitando \u201c!\u201d e pressionando \u201center\u201d.<br style=\"box-sizing: border-box;\" \/>6. Agora mova toda a parte do topo (at\u00e9 o final da tag head) para um outro arquivo, chamado<br style=\"box-sizing: border-box;\" \/>header.php.<br style=\"box-sizing: border-box;\" \/>7. Adicione ao arquivo header.php o link para o Bootstrap:<br style=\"box-sizing: border-box;\" \/>&lt;link href=\u201d<a style=\"box-sizing: border-box; background-color: rgba(255, 255, 255, 0); touch-action: manipulation; color: var(--fs-experimental-link-color);\" href=\"https:\/\/cdn.jsdelivr.net\/npm\/bootstrap@5.2.0\/dist\/css\/bootstrap.min.css&amp;#8221\" rel=\"nofollow\">https:\/\/cdn.jsdelivr.net\/npm\/bootstrap@5.2.0\/dist\/css\/bootstrap.min.css&amp;#8221<\/a>; rel=\u201dstylesheet\u201d<br style=\"box-sizing: border-box;\" \/>integrity=\u201dsha384-gH2yIJqKdNHPEq0n4Mqa\/HGKIhSkIHeL5AyhkYV8i59U5AR6csBvApHHNl\/vI1Bx\u201d crossorigin=\u201danonymous\u201d&gt;<br style=\"box-sizing: border-box;\" \/>8. Vamos voltar ao arquivo index.php. Inclua nele o arquivo header.php da seguinte forma:<br style=\"box-sizing: border-box;\" \/>&lt;?php include(\u2018header.php\u2019); ?&gt;<br style=\"box-sizing: border-box;\" \/>9. Inclua um t\u00edtulo para a p\u00e1gina e, se desejar, voc\u00ea pode incluir outros elementos como uma<br style=\"box-sizing: border-box;\" \/>logo e um menu.<br style=\"box-sizing: border-box;\" \/>10. Agora inclua um formul\u00e1rio com o campo \u201cdata_nascimento\u201d. Este formul\u00e1rio dever\u00e1 ser<br style=\"box-sizing: border-box;\" \/>do tipo POST. Utilize as classes bootstrap para a formata\u00e7\u00e3o dos elementos do formul\u00e1rio.<br style=\"box-sizing: border-box;\" \/>As informa\u00e7\u00f5es deste formul\u00e1rio ser\u00e3o enviadas \u00e0 p\u00e1gina que iremos criar a seguir, portanto<br style=\"box-sizing: border-box;\" \/>4<br style=\"box-sizing: border-box;\" \/>lembre-se de incluir o atributo \u201caction\u201d dentro do seu formul\u00e1rio.<br style=\"box-sizing: border-box;\" \/>&lt;form id=\u201dsigno-form\u201d method=\u201dPOST\u201d action=\u201dshow_zodiac_sign.php\u201d&gt;<br style=\"box-sizing: border-box;\" \/>11. Agora vamos implementar o arquivo \u201cshow_zodiac_sign.php\u201d. Primeiramente inclua nele o<br style=\"box-sizing: border-box;\" \/>arquivo \u201cheader.php\u201d:<br style=\"box-sizing: border-box;\" \/>&lt;?php include(\u2018header.php\u2019); ?&gt;<br style=\"box-sizing: border-box;\" \/>12. Crie uma vari\u00e1vel para receber o valor da data de nascimento da p\u00e1gina anterior com o<br style=\"box-sizing: border-box;\" \/>formul\u00e1rio.<br style=\"box-sizing: border-box;\" \/>$data_nascimento = $_POST[\u2018data_nascimento\u2019];<br style=\"box-sizing: border-box;\" \/>13. Crie tamb\u00e9m uma vari\u00e1vel que ir\u00e1 manipular o arquivo XML que criamos anteriormente.<br style=\"box-sizing: border-box;\" \/>Para isto usaremos a fun\u00e7\u00e3o simplexml_load_file do PHP:<br style=\"box-sizing: border-box;\" \/>$signos = simplexml_load_file(\u201csignos.xml\u201d);<br style=\"box-sizing: border-box;\" \/>14. Agora vamos iniciar com a parte mais simples. Vamos iterar as informa\u00e7\u00f5es deste arquivo<br style=\"box-sizing: border-box;\" \/>xml. Imagine que a vari\u00e1vel $signos cont\u00e9m uma lista de signos e cada tag (com por exemplo<br style=\"box-sizing: border-box;\" \/>&lt;dataInicio&gt;) pode ser acessada a partir do objeto signo da seguinte forma:<br style=\"box-sizing: border-box;\" \/>$signo-&gt;dataInicio.<br style=\"box-sizing: border-box;\" \/>15. Agora que temos uma lista com todos os signos e suas informa\u00e7\u00f5es, podemos criar a l\u00f3gica<br style=\"box-sizing: border-box;\" \/>para que seja apresentado ao usu\u00e1rio somente o signo que contem a \u201cdata_nascimento\u201d<br style=\"box-sizing: border-box;\" \/>dentro do seu range de datas (dataInicio \u2013 dataFim).<br style=\"box-sizing: border-box;\" \/>16. Dica: note que a data de nascimento cont\u00e9m o ano de nascimento do usu\u00e1rio, porem a<br style=\"box-sizing: border-box;\" \/>dataInicio e dataFim do nosso XML n\u00e3o cont\u00e9m o ano, portanto ser\u00e1 necess\u00e1rio criar<br style=\"box-sizing: border-box;\" \/>algumas fun\u00e7\u00f5es para transformar as datas \u201cinicio\u201d e \u201cfim\u201d em datas validas. Isso \u00e9<br style=\"box-sizing: border-box;\" \/>necess\u00e1rio para que seja poss\u00edvel verificar se a \u201cdata_nascimento\u201d est\u00e1 dentro do range de<br style=\"box-sizing: border-box;\" \/>maneira mais f\u00e1cil.<br style=\"box-sizing: border-box;\" \/>17. Se desejar, insira um link para voltar \u00e0 p\u00e1gina inicial. Voc\u00ea tamb\u00e9m pode optar por realizar<br style=\"box-sizing: border-box;\" \/>a valida\u00e7\u00e3o da data inserida pelo usu\u00e1rio atrav\u00e9s do uso de HTML5 ou Javascript.<br style=\"box-sizing: border-box;\" \/>18. Crie a estiliza\u00e7\u00e3o da p\u00e1gina como preferir, procurando utilizar ao m\u00e1ximo os recursos do<br style=\"box-sizing: border-box;\" \/>Bootstrap.<br style=\"box-sizing: border-box;\" \/>5<br style=\"box-sizing: border-box;\" \/>Figura 1 \u2013 Formul\u00e1rio<br style=\"box-sizing: border-box;\" \/>Fonte: Elaborada pelo autor<br style=\"box-sizing: border-box;\" \/>Figura 2 \u2013 Resultado<br style=\"box-sizing: border-box;\" \/>Fonte: Elaborada pelo autor<br style=\"box-sizing: border-box;\" \/>Checklist:<br style=\"box-sizing: border-box;\" \/>1. Utiliza\u00e7\u00e3o de um editor de c\u00f3digo sugerido neste documento;<br style=\"box-sizing: border-box;\" \/>2. Cria\u00e7\u00e3o do arquivo XML que cont\u00e9m as informa\u00e7\u00f5es de cada signo.<br style=\"box-sizing: border-box;\" \/>6<br style=\"box-sizing: border-box;\" \/>3. Cria\u00e7\u00e3o da p\u00e1gina inicial contendo um formul\u00e1rio com um campo para a data de<br style=\"box-sizing: border-box;\" \/>nascimento;<br style=\"box-sizing: border-box;\" \/>4. Cria\u00e7\u00e3o de uma p\u00e1gina que apresente como resultado do signo do usu\u00e1rio;<br style=\"box-sizing: border-box;\" \/>5. Cria\u00e7\u00e3o da uma l\u00f3gica para a leitura do arquivo XML;<br style=\"box-sizing: border-box;\" \/>6. Cria\u00e7\u00e3o da l\u00f3gica de adapta\u00e7\u00e3o de datas para que seja poss\u00edvel verificar em qual \u201crange\u201d a<br style=\"box-sizing: border-box;\" \/>data de nascimento do usu\u00e1rio se encaixa.<br style=\"box-sizing: border-box;\" \/>7. Teste da aplica\u00e7\u00e3o verificando o seu funcionamento;<br style=\"box-sizing: border-box;\" \/>RESULTADOS<br style=\"box-sizing: border-box;\" \/>Resultados da aula pr\u00e1tica:<br style=\"box-sizing: border-box;\" \/>Uma pasta com arquivos que contenha a estrutura do projeto como informado na descri\u00e7\u00e3o da<br style=\"box-sizing: border-box;\" \/>atividade, ou seja, 3 arquivos com extens\u00e3o PHP que contenham o topo das p\u00e1ginas, a p\u00e1gina inicial<br style=\"box-sizing: border-box;\" \/>e o resultado a ser obtido; um arquivo de estiliza\u00e7\u00e3o com extens\u00e3o CSS e um arquivo XML com as<br style=\"box-sizing: border-box;\" \/>informa\u00e7\u00f5es dos signos.<\/p>\n<div class=\"elementor-toggle-item\">\n<p id=\"elementor-tab-title-1941\" class=\"elementor-tab-title elementor-active\" tabindex=\"0\" role=\"tab\" data-tab=\"1\" aria-controls=\"elementor-tab-content-1941\" aria-expanded=\"true\" aria-selected=\"true\"><strong>Como funciona?<\/strong><\/p>\n<p>Elaboramos os portf\u00f3lios, j\u00e1 deixamos prontos, nas normas da ABNT e conforme os requisitos da universidade. F\u00e1cil assim! O MELHOR \u00c9 QUE VOC\u00ca COMPRA E J\u00c1 BAIXA NA HORA O SEU ARQUIVO EM WORD! Sabemos que conciliar trabalho, fam\u00edlia, vida profissional e estudos \u00e9 dif\u00edcil hoje em dia, por isso, estamos aqui para ajudar voc\u00ea. Conte com nossa qualidade, experi\u00eancia e profissionalismo adquirindo seu portf\u00f3lio conosco. GARANTIMOS SEU CONCEITO!<\/p>\n<p><strong>Como se realizam os envios?<\/strong><\/p>\n<\/div>\n<p id=\"elementor-tab-content-1942\" class=\"elementor-tab-content elementor-clearfix elementor-active\" role=\"tabpanel\" data-tab=\"2\" aria-labelledby=\"elementor-tab-title-1942\">O seu trabalho \u00e9 disponibilizado pronto, respondido e nas normas j\u00e1 na mesma hora aqui em nosso site na sua \u00e1rea de downloads e tamb\u00e9m no seu e-mail.<\/p>\n<p><strong>Em quanto tempo recebo o portf\u00f3lio?<\/strong><\/p>\n<p>Os envios s\u00e3o imediatos. Ap\u00f3s sua compra, o trabalho j\u00e1 \u00e9 disponibilizado instantaneamente aqui em nosso site e no seu e-mail.<\/p>\n<p><strong>E se o portf\u00f3lio que comprei precisar de corre\u00e7\u00e3o?<\/strong><\/p>\n<p>Caso haja alguma solicita\u00e7\u00e3o de corre\u00e7\u00e3o\/altera\u00e7\u00e3o por parte do tutor, basta entrar em contato conosco pelo\u00a0WhatsApp\u00a0que provid\u00eanciaremos sem custo algum.<\/p>\n<p><strong>Qual o formato do arquivo?<\/strong><\/p>\n<p>Os arquivos s\u00e3o enviados em formato Word e s\u00e3o edit\u00e1veis.<\/p>\n<p><strong>Caso eu tiver alguma d\u00favida, terei suporte no p\u00f3s venda?<\/strong><\/p>\n<p>Sim, com certeza. Basta clicar no \u00edcone do WhatsApp no cantinho da tela. Ser\u00e1 um prazer atend\u00ea-lo(a).<\/p>\n<div id=\"elementor-tab-content-1948\" class=\"elementor-tab-content elementor-clearfix elementor-active\" role=\"tabpanel\" data-tab=\"8\" aria-labelledby=\"elementor-tab-title-1948\">\n<p><strong>Quais os seus canais de contato?<\/strong><\/p>\n<\/div>\n<div id=\"elementor-tab-content-1949\" class=\"elementor-tab-content elementor-clearfix elementor-active\" role=\"tabpanel\" data-tab=\"9\" aria-labelledby=\"elementor-tab-title-1949\">\n<p>Whatsapp: 53 984751621 \u2013 Clicar no canto da tela ou ESCANEIE O QRCODE ABAIXO<\/p>\n<h4><img decoding=\"async\" class=\"alignnone wp-image-13699 jetpack-lazy-image jetpack-lazy-image--handled\" src=\"https:\/\/i0.wp.com\/portifolioos-prontos.com\/wp-content\/uploads\/2023\/02\/whatsapp-business-projeto-de-extensao-300x300.jpeg?resize=144%2C144\" sizes=\"(max-width: 144px) 100vw, 144px\" srcset=\"https:\/\/i0.wp.com\/portifolioos-prontos.com\/wp-content\/uploads\/2023\/02\/whatsapp-business-projeto-de-extensao.jpeg?resize=300%2C301&amp;ssl=1 300w, https:\/\/i0.wp.com\/portifolioos-prontos.com\/wp-content\/uploads\/2023\/02\/whatsapp-business-projeto-de-extensao.jpeg?resize=150%2C150&amp;ssl=1 150w, https:\/\/i0.wp.com\/portifolioos-prontos.com\/wp-content\/uploads\/2023\/02\/whatsapp-business-projeto-de-extensao.jpeg?resize=370%2C372&amp;ssl=1 370w, https:\/\/i0.wp.com\/portifolioos-prontos.com\/wp-content\/uploads\/2023\/02\/whatsapp-business-projeto-de-extensao.jpeg?resize=100%2C100&amp;ssl=1 100w, https:\/\/i0.wp.com\/portifolioos-prontos.com\/wp-content\/uploads\/2023\/02\/whatsapp-business-projeto-de-extensao.jpeg?w=470&amp;ssl=1 470w\" alt=\"projeto de extens\u00e3o unopar\" width=\"144\" height=\"144\" data-lazy-loaded=\"1\" \/><\/h4>\n<\/div>\n<div class=\"elementor-toggle-item\">\n<div id=\"elementor-tab-content-1949\" class=\"elementor-tab-content elementor-clearfix elementor-active\" role=\"tabpanel\" data-tab=\"9\" aria-labelledby=\"elementor-tab-title-1949\">\n<p>E-mail:portifoliosp@gmail.com<\/p>\n<div id=\"attachment_143\" class=\"wp-caption alignnone\">\n<div id=\"attachment_143\" class=\"wp-caption alignnone\">\n<p id=\"caption-attachment-143\" class=\"wp-caption-text\"><a href=\"http:\/\/portfolio-pronto.com\/\">Portf\u00f3lio<\/a>\u00a0em Word, respondido, completo e j\u00e1 nas normas<\/p>\n<\/div>\n<\/div>\n<\/div>\n<\/div>\n","protected":false},"excerpt":{"rendered":"<div class=\"product-short-description\" style=\"box-sizing: border-box;\">\n<div class=\"product-short-description\">\n<p><strong>Pague pelo PIX ou cart\u00e3o e fa\u00e7a o download agora mesmo.<\/strong><\/p>\n<\/div>\n<div class=\"sticky-add-to-cart-wrapper\">\n<div class=\"sticky-add-to-cart\">\n<p class=\"quantity buttons_added form-flat\"><img decoding=\"async\" class=\"lazyloaded smush-image-5 smush-image-3 smush-image-4 smush-detected-img smush-image-bigger-3\" src=\"https:\/\/d26lpennugtm8s.cloudfront.net\/assets\/common\/img\/logos\/payment\/visa@2x.png\" width=\"46\" height=\"29\" data-src=\"https:\/\/d26lpennugtm8s.cloudfront.net\/assets\/common\/img\/logos\/payment\/visa@2x.png\" \/><img decoding=\"async\" class=\"lazyloaded smush-image-6 smush-image-4 smush-image-5 smush-detected-img smush-image-bigger-4\" src=\"https:\/\/d26lpennugtm8s.cloudfront.net\/assets\/common\/img\/logos\/payment\/boleto@2x.png\" width=\"43\" height=\"27\" data-src=\"https:\/\/d26lpennugtm8s.cloudfront.net\/assets\/common\/img\/logos\/payment\/boleto@2x.png\" \/><img loading=\"lazy\" decoding=\"async\" class=\"lazyloaded smush-image-7 smush-image-5 smush-image-6 smush-detected-img smush-image-bigger-5\" src=\"https:\/\/d26lpennugtm8s.cloudfront.net\/assets\/common\/img\/logos\/payment\/mastercard@2x.png\" width=\"43\" height=\"27\" data-src=\"https:\/\/d26lpennugtm8s.cloudfront.net\/assets\/common\/img\/logos\/payment\/mastercard@2x.png\" \/><img loading=\"lazy\" decoding=\"async\" class=\"lazyloaded smush-image-8 smush-image-6 smush-image-7 smush-detected-img smush-image-bigger-6\" src=\"https:\/\/d26lpennugtm8s.cloudfront.net\/assets\/common\/img\/logos\/payment\/amex@2x.png\" width=\"43\" height=\"27\" data-src=\"https:\/\/d26lpennugtm8s.cloudfront.net\/assets\/common\/img\/logos\/payment\/amex@2x.png\" \/><img loading=\"lazy\" decoding=\"async\" class=\"lazyloaded smush-image-9 smush-image-7 smush-image-8 smush-detected-img smush-image-bigger-7\" src=\"https:\/\/d26lpennugtm8s.cloudfront.net\/assets\/common\/img\/logos\/payment\/diners@2x.png\" width=\"46\" height=\"29\" data-src=\"https:\/\/d26lpennugtm8s.cloudfront.net\/assets\/common\/img\/logos\/payment\/diners@2x.png\" \/><img loading=\"lazy\" decoding=\"async\" class=\"lazyloaded smush-image-10 smush-image-8 smush-image-9 alignnone smush-detected-img smush-image-bigger-8\" src=\"https:\/\/d26lpennugtm8s.cloudfront.net\/assets\/common\/img\/logos\/payment\/br\/elo@2x.png\" alt=\"portf\u00f3lio unopar anhanguera\" width=\"45\" height=\"28\" data-src=\"https:\/\/d26lpennugtm8s.cloudfront.net\/assets\/common\/img\/logos\/payment\/br\/elo@2x.png\" \/><img loading=\"lazy\" decoding=\"async\" class=\"lazyloaded smush-image-11 smush-image-9 smush-image-10 alignnone smush-detected-img smush-image-bigger-9\" src=\"https:\/\/d26lpennugtm8s.cloudfront.net\/assets\/common\/img\/logos\/payment\/br\/hipercard@2x.png\" alt=\"portf\u00f3lio unopar anhanguera\" width=\"44\" height=\"28\" data-src=\"https:\/\/d26lpennugtm8s.cloudfront.net\/assets\/common\/img\/logos\/payment\/br\/hipercard@2x.png\" \/><img loading=\"lazy\" decoding=\"async\" class=\"lazyloaded smush-image-12 smush-image-10 smush-image-11 alignnone smush-detected-img smush-image-bigger-10\" src=\"https:\/\/d26lpennugtm8s.cloudfront.net\/assets\/common\/img\/logos\/payment\/mercadopago@2x.png\" alt=\"portf\u00f3lio unopar anhanguera\" width=\"45\" height=\"28\" data-src=\"https:\/\/d26lpennugtm8s.cloudfront.net\/assets\/common\/img\/logos\/payment\/mercadopago@2x.png\" \/><img loading=\"lazy\" decoding=\"async\" class=\"alignnone lazyloaded smush-detected-img smush-image-bigger-11\" src=\"https:\/\/futurium.com.br\/wp-content\/uploads\/2021\/06\/logo-pix-icone-512.png\" alt=\"portfolio pronto\" width=\"30\" height=\"30\" data-src=\"https:\/\/futurium.com.br\/wp-content\/uploads\/2021\/06\/logo-pix-icone-512.png\" \/><\/p>\n<\/div>\n<\/div>\n<\/div>\n","protected":false},"featured_media":35135,"template":"","meta":{"_seopress_robots_primary_cat":"","_seopress_titles_title":"%%post_title%% %%sitetitle%%","_seopress_titles_desc":"%%post_content%%","_seopress_robots_index":""},"product_cat":[15],"product_tag":[],"class_list":{"0":"post-35131","1":"product","2":"type-product","3":"status-publish","4":"has-post-thumbnail","6":"product_cat-uncategorized","8":"first","9":"instock","10":"downloadable","11":"virtual","12":"purchasable","13":"product-type-simple","14":"col-xs-6 col-sm-4","15":"col-mf-5","16":"un-5-cols"},"jetpack_sharing_enabled":true,"_links":{"self":[{"href":"https:\/\/portifolioos-prontos.com\/index.php\/wp-json\/wp\/v2\/product\/35131","targetHints":{"allow":["GET"]}}],"collection":[{"href":"https:\/\/portifolioos-prontos.com\/index.php\/wp-json\/wp\/v2\/product"}],"about":[{"href":"https:\/\/portifolioos-prontos.com\/index.php\/wp-json\/wp\/v2\/types\/product"}],"version-history":[{"count":0,"href":"https:\/\/portifolioos-prontos.com\/index.php\/wp-json\/wp\/v2\/product\/35131\/revisions"}],"wp:featuredmedia":[{"embeddable":true,"href":"https:\/\/portifolioos-prontos.com\/index.php\/wp-json\/wp\/v2\/media\/35135"}],"wp:attachment":[{"href":"https:\/\/portifolioos-prontos.com\/index.php\/wp-json\/wp\/v2\/media?parent=35131"}],"wp:term":[{"taxonomy":"product_cat","embeddable":true,"href":"https:\/\/portifolioos-prontos.com\/index.php\/wp-json\/wp\/v2\/product_cat?post=35131"},{"taxonomy":"product_tag","embeddable":true,"href":"https:\/\/portifolioos-prontos.com\/index.php\/wp-json\/wp\/v2\/product_tag?post=35131"}],"curies":[{"name":"wp","href":"https:\/\/api.w.org\/{rel}","templated":true}]}}