{"id":35166,"date":"2025-02-18T19:25:09","date_gmt":"2025-02-18T22:25:09","guid":{"rendered":"https:\/\/portifolioos-prontos.com\/?post_type=product&#038;p=35166"},"modified":"2025-08-03T18:19:03","modified_gmt":"2025-08-03T21:19:03","slug":"aula-pratica-analise-de-computabilidade-e-complexidade-de-algoritmos","status":"publish","type":"product","link":"https:\/\/portifolioos-prontos.com\/index.php\/product\/aula-pratica-analise-de-computabilidade-e-complexidade-de-algoritmos\/","title":{"rendered":"Aula Pr\u00e1tica An\u00e1lise de Computabilidade e Complexidade de Algoritmos"},"content":{"rendered":"<h4 class=\"MsoNormal\" style=\"margin-bottom: 0cm; text-align: justify;\">Portf\u00f3lio Aula Pr\u00e1tica An\u00e1lise de Computabilidade e Complexidade de Algoritmos<\/h4>\n<p>&nbsp;<\/p>\n<p class=\"MsoNormal\" style=\"margin-bottom: 0cm; text-align: justify;\">ROTEIRO DE AULA PR\u00c1TICA<\/p>\n<p class=\"MsoNormal\" style=\"margin-bottom: 0cm; text-align: justify;\">NOME DA DISCIPLINA: An\u00e1lise de Computabilidade e Complexidade de Algoritmos<\/p>\n<p class=\"MsoNormal\" style=\"margin-bottom: 0cm; text-align: justify;\">Unidade: 1 \u2013 Teoria da Computabilidade \u2013 Programas e M\u00e1quinas<\/p>\n<p class=\"MsoNormal\" style=\"margin-bottom: 0cm; text-align: justify;\">Aula: 3 -M\u00e1quinas de Registradores &#8211; Norma<\/p>\n<p class=\"MsoNormal\" style=\"margin-bottom: 0cm; text-align: justify;\">OBJETIVOS<\/p>\n<p class=\"MsoNormal\" style=\"margin-bottom: 0cm; text-align: justify;\">Defini\u00e7\u00e3o dos objetivos da aula pr\u00e1tica:<\/p>\n<p class=\"MsoNormal\" style=\"margin-bottom: 0cm; text-align: justify;\">Compreender os conceitos e caracter\u00edsticas de uma m\u00e1quina de Turing e entender a rela\u00e7\u00e3o de<\/p>\n<p class=\"MsoNormal\" style=\"margin-bottom: 0cm; text-align: justify;\">uma m\u00e1quina e a aceita\u00e7\u00e3o de uma linguagem<\/p>\n<p class=\"MsoNormal\" style=\"margin-bottom: 0cm; text-align: justify;\">SOLU\u00c7\u00c3O DIGITAL:<\/p>\n<p class=\"MsoNormal\" style=\"margin-bottom: 0cm; text-align: justify;\">N\u00e3o se aplica<\/p>\n<p class=\"MsoNormal\" style=\"margin-bottom: 0cm; text-align: justify;\">PROCEDIMENTOS PR\u00c1TICOS E APLICA\u00c7\u00d5ES<\/p>\n<p class=\"MsoNormal\" style=\"margin-bottom: 0cm; text-align: justify;\">Procedimento\/Atividade n\u00ba 1<\/p>\n<p class=\"MsoNormal\" style=\"margin-bottom: 0cm; text-align: justify;\">Desenvolver uma M\u00e1quina de Turing a partir do problema proposto.<\/p>\n<p class=\"MsoNormal\" style=\"margin-bottom: 0cm; text-align: justify;\">Atividade proposta:<\/p>\n<p class=\"MsoNormal\" style=\"margin-bottom: 0cm; text-align: justify;\">A M\u00e1quina de Turing (MT) \u00e9 um dispositivo imagin\u00e1rio que criou a base para a ci\u00eancia da<\/p>\n<p class=\"MsoNormal\" style=\"margin-bottom: 0cm; text-align: justify;\">computa\u00e7\u00e3o contempor\u00e2nea. Pode ser definida como um modelo abstrato de um computador,<\/p>\n<p class=\"MsoNormal\" style=\"margin-bottom: 0cm; text-align: justify;\">que se limita apenas aos aspectos l\u00f3gicos do seu funcionamento, e n\u00e3o \u00e0 sua implementa\u00e7\u00e3o<\/p>\n<p class=\"MsoNormal\" style=\"margin-bottom: 0cm; text-align: justify;\">f\u00edsica. Numa M\u00e1quina de Turing \u00e9 poss\u00edvel modelar qualquer m\u00e1quina digital. Apesar de a<\/p>\n<p class=\"MsoNormal\" style=\"margin-bottom: 0cm; text-align: justify;\">M\u00e1quina de Turing ser um modelo abstrato, sua aplica\u00e7\u00e3o pr\u00e1tica pode ser vista em diversas<\/p>\n<p class=\"MsoNormal\" style=\"margin-bottom: 0cm; text-align: justify;\">\u00e1reas, como (Tiaraj\u00fa, 2011):<\/p>\n<p class=\"MsoNormal\" style=\"margin-bottom: 0cm; text-align: justify;\">\u2022 Estudar a capacidade computacional dos algoritmos, permitindo a defini\u00e7\u00e3o formal,<\/p>\n<p class=\"MsoNormal\" style=\"margin-bottom: 0cm; text-align: justify;\">apresentando se um problema \u00e9 comput\u00e1vel ou n\u00e3o.<\/p>\n<p class=\"MsoNormal\" style=\"margin-bottom: 0cm; text-align: justify;\">\u2022 A MT \u00e9 usada como base te\u00f3rica para projetar e analisar linguagens de programa\u00e7\u00e3o. Ela<\/p>\n<p class=\"MsoNormal\" style=\"margin-bottom: 0cm; text-align: justify;\">auxilia na identifica\u00e7\u00e3o dos limites da computa\u00e7\u00e3o e na compreens\u00e3o da expressividade<\/p>\n<p class=\"MsoNormal\" style=\"margin-bottom: 0cm; text-align: justify;\">e da capacidade de diferentes linguagens.<\/p>\n<p class=\"MsoNormal\" style=\"margin-bottom: 0cm; text-align: justify;\">P\u00fablico3<\/p>\n<p class=\"MsoNormal\" style=\"margin-bottom: 0cm; text-align: justify;\">\u2022 Analisar problemas computacionais e classifica-os de acordo com sua dificuldade. Ela \u00e9<\/p>\n<p class=\"MsoNormal\" style=\"margin-bottom: 0cm; text-align: justify;\">usada para estudar classes de complexidade, como P, NP, NP-completo, dentre outras.<\/p>\n<p class=\"MsoNormal\" style=\"margin-bottom: 0cm; text-align: justify;\">\u2022 Pode ser utilizada no campo da Intelig\u00eancia Artificial, sobretudo no que diz respeito \u00e0<\/p>\n<p class=\"MsoNormal\" style=\"margin-bottom: 0cm; text-align: justify;\">computa\u00e7\u00e3o universal e \u00e0 capacidade de sistemas artificiais de executar tarefas<\/p>\n<p class=\"MsoNormal\" style=\"margin-bottom: 0cm; text-align: justify;\">inteligentes.<\/p>\n<p class=\"MsoNormal\" style=\"margin-bottom: 0cm; text-align: justify;\">Apesar de a M\u00e1quina de Turing ser um modelo te\u00f3rico, sua aplica\u00e7\u00e3o pr\u00e1tica \u00e9 ampla e influencia<\/p>\n<p class=\"MsoNormal\" style=\"margin-bottom: 0cm; text-align: justify;\">diversas \u00e1reas da computa\u00e7\u00e3o e da teoria da informa\u00e7\u00e3o. Ela \u00e9 uma refer\u00eancia para o estudo e<\/p>\n<p class=\"MsoNormal\" style=\"margin-bottom: 0cm; text-align: justify;\">compreens\u00e3o da computa\u00e7\u00e3o e da complexidade computacional.<\/p>\n<p class=\"MsoNormal\" style=\"margin-bottom: 0cm; text-align: justify;\">Uma M\u00e1quina de Turing \u00e9 composta por uma fita que \u00e9 dividida em c\u00e9lulas. As c\u00e9lulas s\u00e3o<\/p>\n<p class=\"MsoNormal\" style=\"margin-bottom: 0cm; text-align: justify;\">utilizadas para armazenar elementos do alfabeto. O cabe\u00e7ote \u00e9 o elemento da M\u00e1quina de Turing<\/p>\n<p class=\"MsoNormal\" style=\"margin-bottom: 0cm; text-align: justify;\">que realizar a escrita e a leitura dos s\u00edmbolos da fita, este se movimenta para a esquerda e para<\/p>\n<p class=\"MsoNormal\" style=\"margin-bottom: 0cm; text-align: justify;\">a direita. Os registradores armazenam o estado da MT, ressalta-se que o n\u00famero de estados<\/p>\n<p class=\"MsoNormal\" style=\"margin-bottom: 0cm; text-align: justify;\">deve ser finito. A fun\u00e7\u00e3o transi\u00e7\u00e3o indica para a MT qual s\u00edmbolo escrever, qual dire\u00e7\u00e3o ser\u00e1<\/p>\n<p class=\"MsoNormal\" style=\"margin-bottom: 0cm; text-align: justify;\">movido o cabe\u00e7ote (direita ou esquerda) e qual ser\u00e1 seu novo estado, dado o s\u00edmbolo lido e o<\/p>\n<p class=\"MsoNormal\" style=\"margin-bottom: 0cm; text-align: justify;\">estado em que se encontra (Tiaraj\u00fa, 2011).<\/p>\n<p class=\"MsoNormal\" style=\"margin-bottom: 0cm; text-align: justify;\">Sabendo disso, desenvolva uma M\u00e1quina de Turing Determin\u00edstica para a seguinte Linguagem:<\/p>\n<p class=\"MsoNormal\" style=\"margin-bottom: 0cm; text-align: justify;\">L = {anbn | n&gt;=0}<\/p>\n<p class=\"MsoNormal\" style=\"margin-bottom: 0cm; text-align: justify;\">.<\/p>\n<p class=\"MsoNormal\" style=\"margin-bottom: 0cm; text-align: justify;\">Procedimentos para a realiza\u00e7\u00e3o da atividade:<\/p>\n<p class=\"MsoNormal\" style=\"margin-bottom: 0cm; text-align: justify;\">Analisar as caracter\u00edsticas da M\u00e1quina de Turing;<\/p>\n<p class=\"MsoNormal\" style=\"margin-bottom: 0cm; text-align: justify;\">Criar a M\u00e1quina de Turing que aceita a linguagem passada (lembrando que \u00e9 um modelo te\u00f3rico<\/p>\n<p class=\"MsoNormal\" style=\"margin-bottom: 0cm; text-align: justify;\">baseado em estados e transi\u00e7\u00f5es);<\/p>\n<p class=\"MsoNormal\" style=\"margin-bottom: 0cm; text-align: justify;\">Testar a M\u00e1quina criada com palavras que pertencem a linguagem (Ex: aaabbb);<\/p>\n<p class=\"MsoNormal\" style=\"margin-bottom: 0cm; text-align: justify;\">Testar a M\u00e1quina criada com palavras que n\u00e3o pertencem a linguagem (Ex: aabbb, abb, aab;)<\/p>\n<p class=\"MsoNormal\" style=\"margin-bottom: 0cm; text-align: justify;\">Avaliando os resultados:<\/p>\n<p class=\"MsoNormal\" style=\"margin-bottom: 0cm; text-align: justify;\">O desenvolvimento da m\u00e1quina de Turing para o problema apresentado envolve a defini\u00e7\u00e3o<\/p>\n<p class=\"MsoNormal\" style=\"margin-bottom: 0cm; text-align: justify;\">precisa de seus componentes: estados, alfabeto da fita, transi\u00e7\u00f5es, e crit\u00e9rios de aceita\u00e7\u00e3o. Os<\/p>\n<p class=\"MsoNormal\" style=\"margin-bottom: 0cm; text-align: justify;\">P\u00fablico4<\/p>\n<p class=\"MsoNormal\" style=\"margin-bottom: 0cm; text-align: justify;\">estados representam as etapas distintas do processamento da entrada. Cada estado<\/p>\n<p class=\"MsoNormal\" style=\"margin-bottom: 0cm; text-align: justify;\">desempenha uma fun\u00e7\u00e3o espec\u00edfica no reconhecimento ou transforma\u00e7\u00e3o dos s\u00edmbolos. O<\/p>\n<p class=\"MsoNormal\" style=\"margin-bottom: 0cm; text-align: justify;\">alfabeto \u00e9 composto por s\u00edmbolos de entrada (a, b), s\u00edmbolos transformados (A, B) e o espa\u00e7o<\/p>\n<p class=\"MsoNormal\" style=\"margin-bottom: 0cm; text-align: justify;\">vazio (beta).<\/p>\n<p class=\"MsoNormal\" style=\"margin-bottom: 0cm; text-align: justify;\">A cria\u00e7\u00e3o das regras de transi\u00e7\u00e3o \u00e9 importante para garantir que a m\u00e1quina realize o<\/p>\n<p class=\"MsoNormal\" style=\"margin-bottom: 0cm; text-align: justify;\">balanceamento duplo corretamente. O estado inicial \u00e9 configurado para identificar o come\u00e7o da<\/p>\n<p class=\"MsoNormal\" style=\"margin-bottom: 0cm; text-align: justify;\">sequ\u00eancia e transformar os s\u00edmbolos conforme necess\u00e1rio, movendo o cabe\u00e7ote para o pr\u00f3ximo<\/p>\n<p class=\"MsoNormal\" style=\"margin-bottom: 0cm; text-align: justify;\">s\u00edmbolo. Estados intermedi\u00e1rios s\u00e3o projetados para processar e transformar os s\u00edmbolos de<\/p>\n<p class=\"MsoNormal\" style=\"margin-bottom: 0cm; text-align: justify;\">entrada, garantindo que a m\u00e1quina verifique a consist\u00eancia dos padr\u00f5es e trate corretamente os<\/p>\n<p class=\"MsoNormal\" style=\"margin-bottom: 0cm; text-align: justify;\">espa\u00e7os vazios. O estado final sinaliza que a fita foi processada com sucesso. A implementa\u00e7\u00e3o<\/p>\n<p class=\"MsoNormal\" style=\"margin-bottom: 0cm; text-align: justify;\">dessas transi\u00e7\u00f5es requer um mapeamento cuidadoso entre os estados e suas respectivas a\u00e7\u00f5es,<\/p>\n<p class=\"MsoNormal\" style=\"margin-bottom: 0cm; text-align: justify;\">garantindo que a l\u00f3gica definida no grafo seja traduzida para o comportamento da m\u00e1quina.<\/p>\n<p class=\"MsoNormal\" style=\"margin-bottom: 0cm; text-align: justify;\">Checklist:<\/p>\n<p class=\"MsoNormal\" style=\"margin-bottom: 0cm; text-align: justify;\">\u00fc Criar a m\u00e1quina de Turing;<\/p>\n<p class=\"MsoNormal\" style=\"margin-bottom: 0cm; text-align: justify;\">\u00fc Verificar se \u00e9 determin\u00edstica;<\/p>\n<p class=\"MsoNormal\" style=\"margin-bottom: 0cm; text-align: justify;\">\u00fc Testar com valores que pertencem a linguagem;<\/p>\n<p class=\"MsoNormal\" style=\"margin-bottom: 0cm; text-align: justify;\">\u00fc Testar com valores que n\u00e3o pertencem a linguagem.<\/p>\n<p class=\"MsoNormal\" style=\"margin-bottom: 0cm; text-align: justify;\">RESULTADOS<\/p>\n<p class=\"MsoNormal\" style=\"margin-bottom: 0cm; text-align: justify;\">Resultados do experimento:<\/p>\n<p class=\"MsoNormal\" style=\"margin-bottom: 0cm; text-align: justify;\">Ao final dessa aula pr\u00e1tica, voc\u00ea dever\u00e1 enviar um arquivo em pdf contendo a imagem da<\/p>\n<p class=\"MsoNormal\" style=\"margin-bottom: 0cm; text-align: justify;\">M\u00e1quina de Turing desenvolvida. O arquivo n\u00e3o pode exceder o tamanho de 2Mb.<\/p>\n<p class=\"MsoNormal\" style=\"margin-bottom: 0cm; text-align: justify;\">Resultados de Aprendizagem:<\/p>\n<p class=\"MsoNormal\" style=\"margin-bottom: 0cm; text-align: justify;\">Como resultados dessa pr\u00e1tica ser\u00e1 poss\u00edvel compreender como um modelo computacional pode<\/p>\n<p class=\"MsoNormal\" style=\"margin-bottom: 0cm; text-align: justify;\">resolver problemas complexos por meio de opera\u00e7\u00f5es simples e sequenciais.<\/p>\n<div class=\"elementor-toggle-item\" style=\"box-sizing: border-box;\">\n<div class=\"elementor-toggle-item\">\n<p id=\"elementor-tab-title-1941\" class=\"elementor-tab-title elementor-active\" tabindex=\"0\" role=\"tab\" data-tab=\"1\" aria-controls=\"elementor-tab-content-1941\" aria-expanded=\"true\" aria-selected=\"true\"><strong>Como funciona?<\/strong><\/p>\n<p>Elaboramos os portf\u00f3lios, j\u00e1 deixamos prontos, nas normas da ABNT e conforme os requisitos da universidade. F\u00e1cil assim! O MELHOR \u00c9 QUE VOC\u00ca COMPRA E J\u00c1 BAIXA NA HORA O SEU ARQUIVO EM WORD! Sabemos que conciliar trabalho, fam\u00edlia, vida profissional e estudos \u00e9 dif\u00edcil hoje em dia, por isso, estamos aqui para ajudar voc\u00ea. Conte com nossa qualidade, experi\u00eancia e profissionalismo adquirindo seu portf\u00f3lio conosco. GARANTIMOS SEU CONCEITO!<\/p>\n<p><strong>Como se realizam os envios?<\/strong><\/p>\n<\/div>\n<p id=\"elementor-tab-content-1942\" class=\"elementor-tab-content elementor-clearfix elementor-active\" role=\"tabpanel\" data-tab=\"2\" aria-labelledby=\"elementor-tab-title-1942\">O seu trabalho \u00e9 disponibilizado pronto, respondido e nas normas j\u00e1 na mesma hora aqui em nosso site na sua \u00e1rea de downloads e tamb\u00e9m no seu e-mail.<\/p>\n<p><strong>Em quanto tempo recebo o portf\u00f3lio?<\/strong><\/p>\n<p>Os envios s\u00e3o imediatos. Ap\u00f3s sua compra, o trabalho j\u00e1 \u00e9 disponibilizado instantaneamente aqui em nosso site e no seu e-mail.<\/p>\n<p><strong>E se o portf\u00f3lio que comprei precisar de corre\u00e7\u00e3o?<\/strong><\/p>\n<p>Caso haja alguma solicita\u00e7\u00e3o de corre\u00e7\u00e3o\/altera\u00e7\u00e3o por parte do tutor, basta entrar em contato conosco pelo\u00a0WhatsApp\u00a0que provid\u00eanciaremos sem custo algum.<\/p>\n<p><strong>Qual o formato do arquivo?<\/strong><\/p>\n<p>Os arquivos s\u00e3o enviados em formato Word e s\u00e3o edit\u00e1veis.<\/p>\n<p><strong>Caso eu tiver alguma d\u00favida, terei suporte no p\u00f3s venda?<\/strong><\/p>\n<p>Sim, com certeza. Basta clicar no \u00edcone do WhatsApp no cantinho da tela. Ser\u00e1 um prazer atend\u00ea-lo(a).<\/p>\n<div id=\"elementor-tab-content-1948\" class=\"elementor-tab-content elementor-clearfix elementor-active\" role=\"tabpanel\" data-tab=\"8\" aria-labelledby=\"elementor-tab-title-1948\">\n<p><strong>Quais os seus canais de contato?<\/strong><\/p>\n<\/div>\n<div id=\"elementor-tab-content-1949\" class=\"elementor-tab-content elementor-clearfix elementor-active\" role=\"tabpanel\" data-tab=\"9\" aria-labelledby=\"elementor-tab-title-1949\">\n<p>Whatsapp: 53 984751621 \u2013 Clicar no canto da tela ou ESCANEIE O QRCODE ABAIXO<\/p>\n<h4><img decoding=\"async\" class=\"alignnone wp-image-13699 jetpack-lazy-image jetpack-lazy-image--handled\" src=\"https:\/\/i0.wp.com\/portifolioos-prontos.com\/wp-content\/uploads\/2023\/02\/whatsapp-business-projeto-de-extensao-300x300.jpeg?resize=144%2C144\" sizes=\"(max-width: 144px) 100vw, 144px\" srcset=\"https:\/\/i0.wp.com\/portifolioos-prontos.com\/wp-content\/uploads\/2023\/02\/whatsapp-business-projeto-de-extensao.jpeg?resize=300%2C301&amp;ssl=1 300w, https:\/\/i0.wp.com\/portifolioos-prontos.com\/wp-content\/uploads\/2023\/02\/whatsapp-business-projeto-de-extensao.jpeg?resize=150%2C150&amp;ssl=1 150w, https:\/\/i0.wp.com\/portifolioos-prontos.com\/wp-content\/uploads\/2023\/02\/whatsapp-business-projeto-de-extensao.jpeg?resize=370%2C372&amp;ssl=1 370w, https:\/\/i0.wp.com\/portifolioos-prontos.com\/wp-content\/uploads\/2023\/02\/whatsapp-business-projeto-de-extensao.jpeg?resize=100%2C100&amp;ssl=1 100w, https:\/\/i0.wp.com\/portifolioos-prontos.com\/wp-content\/uploads\/2023\/02\/whatsapp-business-projeto-de-extensao.jpeg?w=470&amp;ssl=1 470w\" alt=\"projeto de extens\u00e3o unopar\" width=\"144\" height=\"144\" data-lazy-loaded=\"1\" \/><\/h4>\n<\/div>\n<div class=\"elementor-toggle-item\">\n<div id=\"elementor-tab-content-1949\" class=\"elementor-tab-content elementor-clearfix elementor-active\" role=\"tabpanel\" data-tab=\"9\" aria-labelledby=\"elementor-tab-title-1949\">\n<p>E-mail:portifoliosp@gmail.com<\/p>\n<div id=\"attachment_143\" class=\"wp-caption alignnone\">\n<div id=\"attachment_143\" class=\"wp-caption alignnone\">\n<p id=\"caption-attachment-143\" class=\"wp-caption-text\"><a href=\"http:\/\/portfolio-pronto.com\/\">Portf\u00f3lio<\/a>\u00a0em Word, respondido, completo e j\u00e1 nas normas<\/p>\n<\/div>\n<\/div>\n<\/div>\n<\/div>\n<\/div>\n","protected":false},"excerpt":{"rendered":"<div class=\"product-short-description\" style=\"box-sizing: border-box;\">\n<div class=\"product-short-description\">\n<p><strong>Pague pelo PIX ou cart\u00e3o e fa\u00e7a o download agora mesmo.<\/strong><\/p>\n<\/div>\n<div class=\"sticky-add-to-cart-wrapper\">\n<div class=\"sticky-add-to-cart\">\n<p class=\"quantity buttons_added form-flat\"><img decoding=\"async\" class=\"lazyloaded smush-image-5 smush-image-3 smush-image-4 smush-detected-img smush-image-bigger-3\" src=\"https:\/\/d26lpennugtm8s.cloudfront.net\/assets\/common\/img\/logos\/payment\/visa@2x.png\" width=\"46\" height=\"29\" data-src=\"https:\/\/d26lpennugtm8s.cloudfront.net\/assets\/common\/img\/logos\/payment\/visa@2x.png\" \/><img decoding=\"async\" class=\"lazyloaded smush-image-6 smush-image-4 smush-image-5 smush-detected-img smush-image-bigger-4\" src=\"https:\/\/d26lpennugtm8s.cloudfront.net\/assets\/common\/img\/logos\/payment\/boleto@2x.png\" width=\"43\" height=\"27\" data-src=\"https:\/\/d26lpennugtm8s.cloudfront.net\/assets\/common\/img\/logos\/payment\/boleto@2x.png\" \/><img loading=\"lazy\" decoding=\"async\" class=\"lazyloaded smush-image-7 smush-image-5 smush-image-6 smush-detected-img smush-image-bigger-5\" src=\"https:\/\/d26lpennugtm8s.cloudfront.net\/assets\/common\/img\/logos\/payment\/mastercard@2x.png\" width=\"43\" height=\"27\" data-src=\"https:\/\/d26lpennugtm8s.cloudfront.net\/assets\/common\/img\/logos\/payment\/mastercard@2x.png\" \/><img loading=\"lazy\" decoding=\"async\" class=\"lazyloaded smush-image-8 smush-image-6 smush-image-7 smush-detected-img smush-image-bigger-6\" src=\"https:\/\/d26lpennugtm8s.cloudfront.net\/assets\/common\/img\/logos\/payment\/amex@2x.png\" width=\"43\" height=\"27\" data-src=\"https:\/\/d26lpennugtm8s.cloudfront.net\/assets\/common\/img\/logos\/payment\/amex@2x.png\" \/><img loading=\"lazy\" decoding=\"async\" class=\"lazyloaded smush-image-9 smush-image-7 smush-image-8 smush-detected-img smush-image-bigger-7\" src=\"https:\/\/d26lpennugtm8s.cloudfront.net\/assets\/common\/img\/logos\/payment\/diners@2x.png\" width=\"46\" height=\"29\" data-src=\"https:\/\/d26lpennugtm8s.cloudfront.net\/assets\/common\/img\/logos\/payment\/diners@2x.png\" \/><img loading=\"lazy\" decoding=\"async\" class=\"lazyloaded smush-image-10 smush-image-8 smush-image-9 alignnone smush-detected-img smush-image-bigger-8\" src=\"https:\/\/d26lpennugtm8s.cloudfront.net\/assets\/common\/img\/logos\/payment\/br\/elo@2x.png\" alt=\"portf\u00f3lio unopar anhanguera\" width=\"45\" height=\"28\" data-src=\"https:\/\/d26lpennugtm8s.cloudfront.net\/assets\/common\/img\/logos\/payment\/br\/elo@2x.png\" \/><img loading=\"lazy\" decoding=\"async\" class=\"lazyloaded smush-image-11 smush-image-9 smush-image-10 alignnone smush-detected-img smush-image-bigger-9\" src=\"https:\/\/d26lpennugtm8s.cloudfront.net\/assets\/common\/img\/logos\/payment\/br\/hipercard@2x.png\" alt=\"portf\u00f3lio unopar anhanguera\" width=\"44\" height=\"28\" data-src=\"https:\/\/d26lpennugtm8s.cloudfront.net\/assets\/common\/img\/logos\/payment\/br\/hipercard@2x.png\" \/><img loading=\"lazy\" decoding=\"async\" class=\"lazyloaded smush-image-12 smush-image-10 smush-image-11 alignnone smush-detected-img smush-image-bigger-10\" src=\"https:\/\/d26lpennugtm8s.cloudfront.net\/assets\/common\/img\/logos\/payment\/mercadopago@2x.png\" alt=\"portf\u00f3lio unopar anhanguera\" width=\"45\" height=\"28\" data-src=\"https:\/\/d26lpennugtm8s.cloudfront.net\/assets\/common\/img\/logos\/payment\/mercadopago@2x.png\" \/><img loading=\"lazy\" decoding=\"async\" class=\"alignnone lazyloaded smush-detected-img smush-image-bigger-11\" src=\"https:\/\/futurium.com.br\/wp-content\/uploads\/2021\/06\/logo-pix-icone-512.png\" alt=\"portfolio pronto\" width=\"30\" height=\"30\" data-src=\"https:\/\/futurium.com.br\/wp-content\/uploads\/2021\/06\/logo-pix-icone-512.png\" \/><\/p>\n<\/div>\n<\/div>\n<\/div>\n","protected":false},"featured_media":35169,"template":"","meta":{"_seopress_robots_primary_cat":"none","_seopress_titles_title":"%%post_title%% %%sitetitle%%","_seopress_titles_desc":"%%post_content%%","_seopress_robots_index":""},"product_cat":[15],"product_tag":[],"class_list":{"0":"post-35166","1":"product","2":"type-product","3":"status-publish","4":"has-post-thumbnail","6":"product_cat-uncategorized","8":"first","9":"instock","10":"downloadable","11":"virtual","12":"purchasable","13":"product-type-simple","14":"col-xs-6 col-sm-4","15":"col-mf-5","16":"un-5-cols"},"jetpack_sharing_enabled":true,"_links":{"self":[{"href":"https:\/\/portifolioos-prontos.com\/index.php\/wp-json\/wp\/v2\/product\/35166","targetHints":{"allow":["GET"]}}],"collection":[{"href":"https:\/\/portifolioos-prontos.com\/index.php\/wp-json\/wp\/v2\/product"}],"about":[{"href":"https:\/\/portifolioos-prontos.com\/index.php\/wp-json\/wp\/v2\/types\/product"}],"version-history":[{"count":0,"href":"https:\/\/portifolioos-prontos.com\/index.php\/wp-json\/wp\/v2\/product\/35166\/revisions"}],"wp:featuredmedia":[{"embeddable":true,"href":"https:\/\/portifolioos-prontos.com\/index.php\/wp-json\/wp\/v2\/media\/35169"}],"wp:attachment":[{"href":"https:\/\/portifolioos-prontos.com\/index.php\/wp-json\/wp\/v2\/media?parent=35166"}],"wp:term":[{"taxonomy":"product_cat","embeddable":true,"href":"https:\/\/portifolioos-prontos.com\/index.php\/wp-json\/wp\/v2\/product_cat?post=35166"},{"taxonomy":"product_tag","embeddable":true,"href":"https:\/\/portifolioos-prontos.com\/index.php\/wp-json\/wp\/v2\/product_tag?post=35166"}],"curies":[{"name":"wp","href":"https:\/\/api.w.org\/{rel}","templated":true}]}}