{"id":35171,"date":"2025-02-18T19:27:37","date_gmt":"2025-02-18T22:27:37","guid":{"rendered":"https:\/\/portifolioos-prontos.com\/?post_type=product&#038;p=35171"},"modified":"2025-10-25T09:33:07","modified_gmt":"2025-10-25T12:33:07","slug":"aula-pratica-algoritmos-e-estrutura-de-dados","status":"publish","type":"product","link":"https:\/\/portifolioos-prontos.com\/index.php\/product\/aula-pratica-algoritmos-e-estrutura-de-dados\/","title":{"rendered":"Aula Pr\u00e1tica Algoritmos e Estrutura de Dados"},"content":{"rendered":"<h4 class=\"MsoNormal\" style=\"margin-bottom: 0cm; text-align: justify;\">Aula Pr\u00e1tica Algoritmos e Estrutura de Dados<\/h4>\n<p class=\"MsoNormal\" style=\"margin-bottom: 0cm; text-align: justify;\">ROTEIRO DE AULA PR\u00c1TICA<\/p>\n<p class=\"MsoNormal\" style=\"margin-bottom: 0cm; text-align: justify;\">NOME DA DISCIPLINA: Algoritmos e Estrutura de Dados<\/p>\n<p class=\"MsoNormal\" style=\"margin-bottom: 0cm; text-align: justify;\">OBJETIVOS<\/p>\n<p class=\"MsoNormal\" style=\"margin-bottom: 0cm; text-align: justify;\">Defini\u00e7\u00e3o dos objetivos da aula pr\u00e1tica:<\/p>\n<p class=\"MsoNormal\" style=\"margin-bottom: 0cm; text-align: justify;\">\u2022 Desenvolver uma interface texto utilizando um algoritmo;<\/p>\n<p class=\"MsoNormal\" style=\"margin-bottom: 0cm; text-align: justify;\">\u2022 Adicionar estruturas de repeti\u00e7\u00e3o;<\/p>\n<p class=\"MsoNormal\" style=\"margin-bottom: 0cm; text-align: justify;\">\u2022 Adicionar a l\u00f3gica necess\u00e1ria para realizar o correto funcionamento do algoritmo.<\/p>\n<p class=\"MsoNormal\" style=\"margin-bottom: 0cm; text-align: justify;\">INFRAESTRUTURA<\/p>\n<p class=\"MsoNormal\" style=\"margin-bottom: 0cm; text-align: justify;\">Instala\u00e7\u00f5es:<\/p>\n<p class=\"MsoNormal\" style=\"margin-bottom: 0cm; text-align: justify;\">Computador (configura\u00e7\u00e3o m\u00ednima Windows XP;512MB de RAM; 1GB de HD; teclado e mouse),<\/p>\n<p class=\"MsoNormal\" style=\"margin-bottom: 0cm; text-align: justify;\">Software de ambiente de desenvolvimento para codifica\u00e7\u00e3o de algoritmos e psdeuc\u00f3digos,<\/p>\n<p class=\"MsoNormal\" style=\"margin-bottom: 0cm; text-align: justify;\">recomend\u00e1vel VisualG.<\/p>\n<p class=\"MsoNormal\" style=\"margin-bottom: 0cm; text-align: justify;\">Materiais de consumo:<\/p>\n<p class=\"MsoNormal\" style=\"margin-bottom: 0cm; text-align: justify;\">Descri\u00e7\u00e3o<\/p>\n<p class=\"MsoNormal\" style=\"margin-bottom: 0cm; text-align: justify;\">Quantidade de materiais<\/p>\n<p class=\"MsoNormal\" style=\"margin-bottom: 0cm; text-align: justify;\">por<\/p>\n<p class=\"MsoNormal\" style=\"margin-bottom: 0cm; text-align: justify;\">procedimento\/atividade<\/p>\n<p class=\"MsoNormal\" style=\"margin-bottom: 0cm; text-align: justify;\">Software:<\/p>\n<p class=\"MsoNormal\" style=\"margin-bottom: 0cm; text-align: justify;\">Sim (X) N\u00e3o ( )<\/p>\n<p class=\"MsoNormal\" style=\"margin-bottom: 0cm; text-align: justify;\">Em caso afirmativo, qual?<\/p>\n<p class=\"MsoNormal\" style=\"margin-bottom: 0cm; text-align: justify;\">Pago ( ) N\u00e3o Pago (X)<\/p>\n<p class=\"MsoNormal\" style=\"margin-bottom: 0cm; text-align: justify;\">Tipo de Licen\u00e7a:<\/p>\n<p class=\"MsoNormal\" style=\"margin-bottom: 0cm; text-align: justify;\">Descri\u00e7\u00e3o do software:<\/p>\n<p class=\"MsoNormal\" style=\"margin-bottom: 0cm; text-align: justify;\">Visualg \u00e9 um programa gratuito de edi\u00e7\u00e3o, interpreta\u00e7\u00e3o e execu\u00e7\u00e3o de algoritmos, com uma<\/p>\n<p class=\"MsoNormal\" style=\"margin-bottom: 0cm; text-align: justify;\">linguagem pr\u00f3xima ao portugol. \u00c9 um programa de uso e distribui\u00e7\u00e3o livres, utilizado em<\/p>\n<p class=\"MsoNormal\" style=\"margin-bottom: 0cm; text-align: justify;\">diversas institui\u00e7\u00f5es de ensino no Brasil para o ensino de l\u00f3gica de programa\u00e7\u00e3o.<\/p>\n<p class=\"MsoNormal\" style=\"margin-bottom: 0cm; text-align: justify;\">Equipamento de Prote\u00e7\u00e3o Individual (EPI):<\/p>\n<p class=\"MsoNormal\" style=\"margin-bottom: 0cm; text-align: justify;\">&#8211; NSA<\/p>\n<p class=\"MsoNormal\" style=\"margin-bottom: 0cm; text-align: justify;\">PROCEDIMENTOS PR\u00c1TICOS<\/p>\n<p class=\"MsoNormal\" style=\"margin-bottom: 0cm; text-align: justify;\">Desenvolver uma interface texto utilizando um algoritmo, calculando a diferen\u00e7a de gols e informando atrav\u00e9s de<\/p>\n<p class=\"MsoNormal\" style=\"margin-bottom: 0cm; text-align: justify;\">uma mensagem na tela como foram essas diferen\u00e7as, se foi empate, jogo normal, goleada ou o algoritmo apresentou<\/p>\n<p class=\"MsoNormal\" style=\"margin-bottom: 0cm; text-align: justify;\">alguma falha;<\/p>\n<p class=\"MsoNormal\" style=\"margin-bottom: 0cm; text-align: justify;\">\u2022 Cadastrar quantidade de gols do time A e time B;<\/p>\n<p class=\"MsoNormal\" style=\"margin-bottom: 0cm; text-align: justify;\">\u2022 Adicionar estruturas de condi\u00e7\u00e3o e CASO;<\/p>\n<p class=\"MsoNormal\" style=\"margin-bottom: 0cm; text-align: justify;\">\u2022 Adicionar a l\u00f3gica necess\u00e1ria para realizar o correto funcionamento do algoritmo;<\/p>\n<p class=\"MsoNormal\" style=\"margin-bottom: 0cm; text-align: justify;\">\u2022 Testar a aplica\u00e7\u00e3o desenvolvida.<\/p>\n<p class=\"MsoNormal\" style=\"margin-bottom: 0cm; text-align: justify;\">3<\/p>\n<p class=\"MsoNormal\" style=\"margin-bottom: 0cm; text-align: justify;\">Atividade proposta:<\/p>\n<p class=\"MsoNormal\" style=\"margin-bottom: 0cm; text-align: justify;\"><span style=\"mso-spacerun: yes;\">\u00a0<\/span>Futebol desenvolvedores de algoritmos, criar um algoritmo que registre o resultado de uma partida de futebol<\/p>\n<p class=\"MsoNormal\" style=\"margin-bottom: 0cm; text-align: justify;\">entre o time A e o time B, e de acordo com o resultado, exiba diferentes mensagens de notifica\u00e7\u00e3o. Sendo,<\/p>\n<p class=\"MsoNormal\" style=\"margin-bottom: 0cm; text-align: justify;\">diferen\u00e7a de gols 0, ser\u00e1 empate, at\u00e9 3, partida normal, 4 a 7, goleada, fora dessas margens, a mensagem ser\u00e1 de<\/p>\n<p class=\"MsoNormal\" style=\"margin-bottom: 0cm; text-align: justify;\">erro com mensagem de orienta\u00e7\u00e3o.<\/p>\n<p class=\"MsoNormal\" style=\"margin-bottom: 0cm; text-align: justify;\">Procedimentos para a realiza\u00e7\u00e3o da atividade:<\/p>\n<p class=\"MsoNormal\" style=\"margin-bottom: 0cm; text-align: justify;\">Para a realiza\u00e7\u00e3o desta aula pr\u00e1tica voc\u00ea dever\u00e1 ter o software VISUALG instalado no seu computador. Assista o v\u00eddeo<\/p>\n<p class=\"MsoNormal\" style=\"margin-bottom: 0cm; text-align: justify;\">tutorial da ferramenta aqui.<\/p>\n<p class=\"MsoNormal\" style=\"margin-bottom: 0cm; text-align: justify;\">1. Crie uma pasta em algum local do seu computador com o nome \u201cAlgoritmo\u201d.<\/p>\n<p class=\"MsoNormal\" style=\"margin-bottom: 0cm; text-align: justify;\">2. Abra o VISUALG, e escolha a op\u00e7\u00e3o \u201cSalvar como&#8230;\u201d. Escolha a pasta que acabou de criar e salve o projeto.<\/p>\n<p class=\"MsoNormal\" style=\"margin-bottom: 0cm; text-align: justify;\">3. Crie uma estrutura b\u00e1sica do algoritmo na \u00e1rea dos algoritmos.<\/p>\n<p class=\"MsoNormal\" style=\"margin-bottom: 0cm; text-align: justify;\">Algoritmo &#8220;semnome&#8221;<\/p>\n<p class=\"MsoNormal\" style=\"margin-bottom: 0cm; text-align: justify;\">\/\/ Descri\u00e7\u00e3o: Aqui voc\u00ea descreve o que o programa faz! (fun\u00e7\u00e3o)<\/p>\n<p class=\"MsoNormal\" style=\"margin-bottom: 0cm; text-align: justify;\">Var<\/p>\n<p class=\"MsoNormal\" style=\"margin-bottom: 0cm; text-align: justify;\">\/\/ Se\u00e7\u00e3o de Declara\u00e7\u00f5es das vari\u00e1veis<\/p>\n<p class=\"MsoNormal\" style=\"margin-bottom: 0cm; text-align: justify;\">Inicio<\/p>\n<p class=\"MsoNormal\" style=\"margin-bottom: 0cm; text-align: justify;\">\/\/ Se\u00e7\u00e3o de Comandos, procedimento, fun\u00e7\u00f5es, operadores etc.<\/p>\n<p class=\"MsoNormal\" style=\"margin-bottom: 0cm; text-align: justify;\">Fimalgoritmo<\/p>\n<p class=\"MsoNormal\" style=\"margin-bottom: 0cm; text-align: justify;\">4. De um nome para seu algoritmo.<\/p>\n<p class=\"MsoNormal\" style=\"margin-bottom: 0cm; text-align: justify;\">5. Declare as v\u00e1rias que ir\u00e1 utilizar na \u00e1rea de vari\u00e1veis.<\/p>\n<p class=\"MsoNormal\" style=\"margin-bottom: 0cm; text-align: justify;\">6. Na \u00e1rea de in\u00edcio descreva em c\u00f3digos a solicita\u00e7\u00e3o para o usu\u00e1rio digitar o saldo de gols<\/p>\n<p class=\"MsoNormal\" style=\"margin-bottom: 0cm; text-align: justify;\">de ambos os times, fazer o armazenamento, realizar a exibi\u00e7\u00e3o do pedido no objetivo;<\/p>\n<p class=\"MsoNormal\" style=\"margin-bottom: 0cm; text-align: justify;\">7. Exibir as mensagens de acordo com a diferen\u00e7a de saldo de gols;<\/p>\n<p class=\"MsoNormal\" style=\"margin-bottom: 0cm; text-align: justify;\">8. Encerrar o algoritmo.<\/p>\n<p class=\"MsoNormal\" style=\"margin-bottom: 0cm; text-align: justify;\">Checklist:<\/p>\n<p class=\"MsoNormal\" style=\"margin-bottom: 0cm; text-align: justify;\">1. Download gratuito do software VISUALG;<\/p>\n<p class=\"MsoNormal\" style=\"margin-bottom: 0cm; text-align: justify;\">2. Cria\u00e7\u00e3o da estrutura do algoritmo;<\/p>\n<p class=\"MsoNormal\" style=\"margin-bottom: 0cm; text-align: justify;\">3. Codifica\u00e7\u00e3o das vari\u00e1veis;<\/p>\n<p class=\"MsoNormal\" style=\"margin-bottom: 0cm; text-align: justify;\">4. Codifica\u00e7\u00e3o da solicita\u00e7\u00e3o digitada pelo usu\u00e1rio (saldo de gols);<\/p>\n<p class=\"MsoNormal\" style=\"margin-bottom: 0cm; text-align: justify;\">5. Codifica\u00e7\u00e3o das decis\u00f5es de decis\u00e3o e CASO;<\/p>\n<p class=\"MsoNormal\" style=\"margin-bottom: 0cm; text-align: justify;\">4<\/p>\n<p class=\"MsoNormal\" style=\"margin-bottom: 0cm; text-align: justify;\">6. Impress\u00e3o dos dados na tela de acordo com o resultado, exiba diferentes mensagens de<\/p>\n<p class=\"MsoNormal\" style=\"margin-bottom: 0cm; text-align: justify;\">notifica\u00e7\u00e3o. Sendo, diferen\u00e7a de gols 0, ser\u00e1 empate, at\u00e9 3, partida normal, 4 a 7, goleada, fora dessas<\/p>\n<p class=\"MsoNormal\" style=\"margin-bottom: 0cm; text-align: justify;\">margens, a mensagem ser\u00e1 de erro com mensagem de orienta\u00e7\u00e3o;<\/p>\n<p class=\"MsoNormal\" style=\"margin-bottom: 0cm; text-align: justify;\">7. Encerrar algoritmo.<\/p>\n<p class=\"MsoNormal\" style=\"margin-bottom: 0cm; text-align: justify;\">RESULTADOS<\/p>\n<p class=\"MsoNormal\" style=\"margin-bottom: 0cm; text-align: justify;\">Resultados da aula pr\u00e1tica:<\/p>\n<p class=\"MsoNormal\" style=\"margin-bottom: 0cm; text-align: justify;\">Utilizar um programa que edita, interpreta e executa algoritmos como um &#8220;programa&#8221; normal de computador. Voc\u00ea,<\/p>\n<p class=\"MsoNormal\" style=\"margin-bottom: 0cm; text-align: justify;\">aluno iniciante em programa\u00e7\u00e3o buscou o exerc\u00edcio dos seus conhecimentos em um ambiente pr\u00f3ximo da realidade<\/p>\n<p class=\"MsoNormal\" style=\"margin-bottom: 0cm; text-align: justify;\">da programa\u00e7\u00e3o atrav\u00e9s do VISUALG, selecionando dados e realizando a exibi\u00e7\u00e3o dessas informa\u00e7\u00f5es, nosso saldo<\/p>\n<p class=\"MsoNormal\" style=\"margin-bottom: 0cm; text-align: justify;\">de gols e mensagem de comemora\u00e7\u00e3o, atrav\u00e9s do algoritmo desenvolvido por voc\u00ea.<\/p>\n<div class=\"elementor-toggle-item\" style=\"box-sizing: border-box;\">\n<div class=\"elementor-toggle-item\">\n<p id=\"elementor-tab-title-1941\" class=\"elementor-tab-title elementor-active\" tabindex=\"0\" role=\"tab\" data-tab=\"1\" aria-controls=\"elementor-tab-content-1941\" aria-expanded=\"true\" aria-selected=\"true\"><strong>Como funciona?<\/strong><\/p>\n<p>Elaboramos os portf\u00f3lios, j\u00e1 deixamos prontos, nas normas da ABNT e conforme os requisitos da universidade. F\u00e1cil assim! O MELHOR \u00c9 QUE VOC\u00ca COMPRA E J\u00c1 BAIXA NA HORA O SEU ARQUIVO EM WORD! Sabemos que conciliar trabalho, fam\u00edlia, vida profissional e estudos \u00e9 dif\u00edcil hoje em dia, por isso, estamos aqui para ajudar voc\u00ea. Conte com nossa qualidade, experi\u00eancia e profissionalismo adquirindo seu portf\u00f3lio conosco. GARANTIMOS SEU CONCEITO!<\/p>\n<p><strong>Como se realizam os envios?<\/strong><\/p>\n<\/div>\n<p id=\"elementor-tab-content-1942\" class=\"elementor-tab-content elementor-clearfix elementor-active\" role=\"tabpanel\" data-tab=\"2\" aria-labelledby=\"elementor-tab-title-1942\">O seu trabalho \u00e9 disponibilizado pronto, respondido e nas normas j\u00e1 na mesma hora aqui em nosso site na sua \u00e1rea de downloads e tamb\u00e9m no seu e-mail.<\/p>\n<p><strong>Em quanto tempo recebo o portf\u00f3lio?<\/strong><\/p>\n<p>Os envios s\u00e3o imediatos. Ap\u00f3s sua compra, o trabalho j\u00e1 \u00e9 disponibilizado instantaneamente aqui em nosso site e no seu e-mail.<\/p>\n<p><strong>E se o portf\u00f3lio que comprei precisar de corre\u00e7\u00e3o?<\/strong><\/p>\n<p>Caso haja alguma solicita\u00e7\u00e3o de corre\u00e7\u00e3o\/altera\u00e7\u00e3o por parte do tutor, basta entrar em contato conosco pelo\u00a0WhatsApp\u00a0que provid\u00eanciaremos sem custo algum.<\/p>\n<p><strong>Qual o formato do arquivo?<\/strong><\/p>\n<p>Os arquivos s\u00e3o enviados em formato Word e s\u00e3o edit\u00e1veis.<\/p>\n<p><strong>Caso eu tiver alguma d\u00favida, terei suporte no p\u00f3s venda?<\/strong><\/p>\n<p>Sim, com certeza. Basta clicar no \u00edcone do WhatsApp no cantinho da tela. Ser\u00e1 um prazer atend\u00ea-lo(a).<\/p>\n<div id=\"elementor-tab-content-1948\" class=\"elementor-tab-content elementor-clearfix elementor-active\" role=\"tabpanel\" data-tab=\"8\" aria-labelledby=\"elementor-tab-title-1948\">\n<p><strong>Quais os seus canais de contato?<\/strong><\/p>\n<\/div>\n<div id=\"elementor-tab-content-1949\" class=\"elementor-tab-content elementor-clearfix elementor-active\" role=\"tabpanel\" data-tab=\"9\" aria-labelledby=\"elementor-tab-title-1949\">\n<p>Whatsapp: 53 984751621 \u2013 Clicar no canto da tela ou ESCANEIE O QRCODE ABAIXO<\/p>\n<h4><img decoding=\"async\" class=\"alignnone wp-image-13699 jetpack-lazy-image jetpack-lazy-image--handled\" src=\"https:\/\/i0.wp.com\/portifolioos-prontos.com\/wp-content\/uploads\/2023\/02\/whatsapp-business-projeto-de-extensao-300x300.jpeg?resize=144%2C144\" sizes=\"(max-width: 144px) 100vw, 144px\" srcset=\"https:\/\/i0.wp.com\/portifolioos-prontos.com\/wp-content\/uploads\/2023\/02\/whatsapp-business-projeto-de-extensao.jpeg?resize=300%2C301&amp;ssl=1 300w, https:\/\/i0.wp.com\/portifolioos-prontos.com\/wp-content\/uploads\/2023\/02\/whatsapp-business-projeto-de-extensao.jpeg?resize=150%2C150&amp;ssl=1 150w, https:\/\/i0.wp.com\/portifolioos-prontos.com\/wp-content\/uploads\/2023\/02\/whatsapp-business-projeto-de-extensao.jpeg?resize=370%2C372&amp;ssl=1 370w, https:\/\/i0.wp.com\/portifolioos-prontos.com\/wp-content\/uploads\/2023\/02\/whatsapp-business-projeto-de-extensao.jpeg?resize=100%2C100&amp;ssl=1 100w, https:\/\/i0.wp.com\/portifolioos-prontos.com\/wp-content\/uploads\/2023\/02\/whatsapp-business-projeto-de-extensao.jpeg?w=470&amp;ssl=1 470w\" alt=\"projeto de extens\u00e3o unopar\" width=\"144\" height=\"144\" data-lazy-loaded=\"1\" \/><\/h4>\n<\/div>\n<div class=\"elementor-toggle-item\">\n<div id=\"elementor-tab-content-1949\" class=\"elementor-tab-content elementor-clearfix elementor-active\" role=\"tabpanel\" data-tab=\"9\" aria-labelledby=\"elementor-tab-title-1949\">\n<p>E-mail:portifoliosp@gmail.com<\/p>\n<div id=\"attachment_143\" class=\"wp-caption alignnone\">\n<div id=\"attachment_143\" class=\"wp-caption alignnone\">\n<p id=\"caption-attachment-143\" class=\"wp-caption-text\"><a href=\"http:\/\/portfolio-pronto.com\/\">Portf\u00f3lio<\/a>\u00a0em Word, respondido, completo e j\u00e1 nas normas<\/p>\n<\/div>\n<\/div>\n<\/div>\n<\/div>\n<\/div>\n","protected":false},"excerpt":{"rendered":"<div class=\"product-short-description\" style=\"box-sizing: border-box;\">\n<div class=\"product-short-description\">\n<p><strong>Pague pelo PIX ou cart\u00e3o e fa\u00e7a o download agora mesmo.<\/strong><\/p>\n<\/div>\n<div class=\"sticky-add-to-cart-wrapper\">\n<div class=\"sticky-add-to-cart\">\n<p class=\"quantity buttons_added form-flat\"><img decoding=\"async\" class=\"lazyloaded smush-image-5 smush-image-3 smush-image-4 smush-detected-img smush-image-bigger-3\" src=\"https:\/\/d26lpennugtm8s.cloudfront.net\/assets\/common\/img\/logos\/payment\/visa@2x.png\" width=\"46\" height=\"29\" data-src=\"https:\/\/d26lpennugtm8s.cloudfront.net\/assets\/common\/img\/logos\/payment\/visa@2x.png\" \/><img decoding=\"async\" class=\"lazyloaded smush-image-6 smush-image-4 smush-image-5 smush-detected-img smush-image-bigger-4\" src=\"https:\/\/d26lpennugtm8s.cloudfront.net\/assets\/common\/img\/logos\/payment\/boleto@2x.png\" width=\"43\" height=\"27\" data-src=\"https:\/\/d26lpennugtm8s.cloudfront.net\/assets\/common\/img\/logos\/payment\/boleto@2x.png\" \/><img loading=\"lazy\" decoding=\"async\" class=\"lazyloaded smush-image-7 smush-image-5 smush-image-6 smush-detected-img smush-image-bigger-5\" src=\"https:\/\/d26lpennugtm8s.cloudfront.net\/assets\/common\/img\/logos\/payment\/mastercard@2x.png\" width=\"43\" height=\"27\" data-src=\"https:\/\/d26lpennugtm8s.cloudfront.net\/assets\/common\/img\/logos\/payment\/mastercard@2x.png\" \/><img loading=\"lazy\" decoding=\"async\" class=\"lazyloaded smush-image-8 smush-image-6 smush-image-7 smush-detected-img smush-image-bigger-6\" src=\"https:\/\/d26lpennugtm8s.cloudfront.net\/assets\/common\/img\/logos\/payment\/amex@2x.png\" width=\"43\" height=\"27\" data-src=\"https:\/\/d26lpennugtm8s.cloudfront.net\/assets\/common\/img\/logos\/payment\/amex@2x.png\" \/><img loading=\"lazy\" decoding=\"async\" class=\"lazyloaded smush-image-9 smush-image-7 smush-image-8 smush-detected-img smush-image-bigger-7\" src=\"https:\/\/d26lpennugtm8s.cloudfront.net\/assets\/common\/img\/logos\/payment\/diners@2x.png\" width=\"46\" height=\"29\" data-src=\"https:\/\/d26lpennugtm8s.cloudfront.net\/assets\/common\/img\/logos\/payment\/diners@2x.png\" \/><img loading=\"lazy\" decoding=\"async\" class=\"lazyloaded smush-image-10 smush-image-8 smush-image-9 alignnone smush-detected-img smush-image-bigger-8\" src=\"https:\/\/d26lpennugtm8s.cloudfront.net\/assets\/common\/img\/logos\/payment\/br\/elo@2x.png\" alt=\"portf\u00f3lio unopar anhanguera\" width=\"45\" height=\"28\" data-src=\"https:\/\/d26lpennugtm8s.cloudfront.net\/assets\/common\/img\/logos\/payment\/br\/elo@2x.png\" \/><img loading=\"lazy\" decoding=\"async\" class=\"lazyloaded smush-image-11 smush-image-9 smush-image-10 alignnone smush-detected-img smush-image-bigger-9\" src=\"https:\/\/d26lpennugtm8s.cloudfront.net\/assets\/common\/img\/logos\/payment\/br\/hipercard@2x.png\" alt=\"portf\u00f3lio unopar anhanguera\" width=\"44\" height=\"28\" data-src=\"https:\/\/d26lpennugtm8s.cloudfront.net\/assets\/common\/img\/logos\/payment\/br\/hipercard@2x.png\" \/><img loading=\"lazy\" decoding=\"async\" class=\"lazyloaded smush-image-12 smush-image-10 smush-image-11 alignnone smush-detected-img smush-image-bigger-10\" src=\"https:\/\/d26lpennugtm8s.cloudfront.net\/assets\/common\/img\/logos\/payment\/mercadopago@2x.png\" alt=\"portf\u00f3lio unopar anhanguera\" width=\"45\" height=\"28\" data-src=\"https:\/\/d26lpennugtm8s.cloudfront.net\/assets\/common\/img\/logos\/payment\/mercadopago@2x.png\" \/><img loading=\"lazy\" decoding=\"async\" class=\"alignnone lazyloaded smush-detected-img smush-image-bigger-11\" src=\"https:\/\/futurium.com.br\/wp-content\/uploads\/2021\/06\/logo-pix-icone-512.png\" alt=\"portfolio pronto\" width=\"30\" height=\"30\" data-src=\"https:\/\/futurium.com.br\/wp-content\/uploads\/2021\/06\/logo-pix-icone-512.png\" \/><\/p>\n<\/div>\n<\/div>\n<\/div>\n","protected":false},"featured_media":35174,"template":"","meta":{"_seopress_robots_primary_cat":"","_seopress_titles_title":"%%post_title%% %%sitetitle%%","_seopress_titles_desc":"%%post_content%%","_seopress_robots_index":""},"product_cat":[15],"product_tag":[],"class_list":{"0":"post-35171","1":"product","2":"type-product","3":"status-publish","4":"has-post-thumbnail","6":"product_cat-uncategorized","8":"first","9":"instock","10":"downloadable","11":"virtual","12":"purchasable","13":"product-type-simple","14":"col-xs-6 col-sm-4","15":"col-mf-5","16":"un-5-cols"},"jetpack_sharing_enabled":true,"_links":{"self":[{"href":"https:\/\/portifolioos-prontos.com\/index.php\/wp-json\/wp\/v2\/product\/35171","targetHints":{"allow":["GET"]}}],"collection":[{"href":"https:\/\/portifolioos-prontos.com\/index.php\/wp-json\/wp\/v2\/product"}],"about":[{"href":"https:\/\/portifolioos-prontos.com\/index.php\/wp-json\/wp\/v2\/types\/product"}],"version-history":[{"count":1,"href":"https:\/\/portifolioos-prontos.com\/index.php\/wp-json\/wp\/v2\/product\/35171\/revisions"}],"predecessor-version":[{"id":46916,"href":"https:\/\/portifolioos-prontos.com\/index.php\/wp-json\/wp\/v2\/product\/35171\/revisions\/46916"}],"wp:featuredmedia":[{"embeddable":true,"href":"https:\/\/portifolioos-prontos.com\/index.php\/wp-json\/wp\/v2\/media\/35174"}],"wp:attachment":[{"href":"https:\/\/portifolioos-prontos.com\/index.php\/wp-json\/wp\/v2\/media?parent=35171"}],"wp:term":[{"taxonomy":"product_cat","embeddable":true,"href":"https:\/\/portifolioos-prontos.com\/index.php\/wp-json\/wp\/v2\/product_cat?post=35171"},{"taxonomy":"product_tag","embeddable":true,"href":"https:\/\/portifolioos-prontos.com\/index.php\/wp-json\/wp\/v2\/product_tag?post=35171"}],"curies":[{"name":"wp","href":"https:\/\/api.w.org\/{rel}","templated":true}]}}