{"id":35192,"date":"2025-02-18T19:42:03","date_gmt":"2025-02-18T22:42:03","guid":{"rendered":"https:\/\/portifolioos-prontos.com\/?post_type=product&#038;p=35192"},"modified":"2025-08-03T18:22:15","modified_gmt":"2025-08-03T21:22:15","slug":"projeto-integrado-inovacao-gestao-da-tecnologia-da-informacao","status":"publish","type":"product","link":"https:\/\/portifolioos-prontos.com\/index.php\/product\/projeto-integrado-inovacao-gestao-da-tecnologia-da-informacao\/","title":{"rendered":"Projeto Integrado Inova\u00e7\u00e3o &#8211; Gest\u00e3o da Tecnologia da Informa\u00e7\u00e3o"},"content":{"rendered":"<h3>Portf\u00f3lio Projeto Integrado Inova\u00e7\u00e3o &#8211; Gest\u00e3o da Tecnologia da Informa\u00e7\u00e3o<\/h3>\n<p class=\"MsoNormal\" style=\"margin-bottom: 0cm;\"><b>ATIVIDADES<\/b><\/p>\n<p class=\"MsoNormal\" style=\"margin-bottom: 0cm;\">PROJETO INTEGRADO<\/p>\n<p class=\"MsoNormal\" style=\"margin-bottom: 0cm;\">P\u00fablico<\/p>\n<p class=\"MsoNormal\" style=\"margin-bottom: 0cm;\">Situa\u00e7\u00e3o Problema: Implementa\u00e7\u00e3o de um Sistema Integrado de Gest\u00e3o em uma Ind\u00fastria T\u00eaxtil<\/p>\n<p class=\"MsoNormal\" style=\"margin-bottom: 0cm;\">Contexto:<\/p>\n<p class=\"MsoNormal\" style=\"margin-bottom: 0cm;\">A ind\u00fastria t\u00eaxtil TecnosFios, com atua\u00e7\u00e3o em todo o pa\u00eds, enfrenta s\u00e9rios desafios relacionados \u00e0<\/p>\n<p class=\"MsoNormal\" style=\"margin-bottom: 0cm;\">falta de integra\u00e7\u00e3o entre seus setores administrativos, produtivos e comerciais. Seu sistema de ERP<\/p>\n<p class=\"MsoNormal\" style=\"margin-bottom: 0cm;\">est\u00e1 desatualizado, n\u00e3o realiza integra\u00e7\u00e3o com alguns outros sistemas que a TecnoFios necessita<\/p>\n<p class=\"MsoNormal\" style=\"margin-bottom: 0cm;\">importar e exportar arquivos, fato que tem gerado problemas como atrasos de pagamentos e<\/p>\n<p class=\"MsoNormal\" style=\"margin-bottom: 0cm;\">recebimentos, sem contar os erros nos pedidos de clientes e dificuldades para acompanhar os<\/p>\n<p class=\"MsoNormal\" style=\"margin-bottom: 0cm;\">indicadores de desempenho da empresa. Diante desse cen\u00e1rio, alguns setores da empresa est\u00e3o<\/p>\n<p class=\"MsoNormal\" style=\"margin-bottom: 0cm;\">utilizando planilhas eletr\u00f4nicas, o que dificulta o compartilhamento de informa\u00e7\u00f5es em tempo real<\/p>\n<p class=\"MsoNormal\" style=\"margin-bottom: 0cm;\">e compromete a efici\u00eancia operacional.<\/p>\n<p class=\"MsoNormal\" style=\"margin-bottom: 0cm;\">Para solucionar esses problemas, a diretoria da TecnosFios decidiu investir no desenvolvimento e<\/p>\n<p class=\"MsoNormal\" style=\"margin-bottom: 0cm;\">implementa\u00e7\u00e3o de um sistema ERP personalizado que atenda \u00e0s demandas espec\u00edficas da empresa.<\/p>\n<p class=\"MsoNormal\" style=\"margin-bottom: 0cm;\">Este sistema ser\u00e1 desenvolvido internamente, pela equipe de TI, e dever\u00e1 integrar todas as<\/p>\n<p class=\"MsoNormal\" style=\"margin-bottom: 0cm;\">opera\u00e7\u00f5es-chave, incluindo gest\u00e3o de estoque, controle de produ\u00e7\u00e3o, vendas, finan\u00e7as e recursos<\/p>\n<p class=\"MsoNormal\" style=\"margin-bottom: 0cm;\">humanos. Al\u00e9m disso, o sistema dever\u00e1 oferecer pain\u00e9is gerenciais acess\u00edveis para os l\u00edderes da<\/p>\n<p class=\"MsoNormal\" style=\"margin-bottom: 0cm;\">empresa tomarem decis\u00f5es estrat\u00e9gicas baseadas em dados confi\u00e1veis.<\/p>\n<p class=\"MsoNormal\" style=\"margin-bottom: 0cm;\">Contudo, a implementa\u00e7\u00e3o do projeto enfrenta diversos desafios. Em auditoria de sistemas, ser\u00e1<\/p>\n<p class=\"MsoNormal\" style=\"margin-bottom: 0cm;\">necess\u00e1rio assegurar que os processos desenvolvidos estejam em conformidade com padr\u00f5es de<\/p>\n<p class=\"MsoNormal\" style=\"margin-bottom: 0cm;\">qualidade e seguran\u00e7a da informa\u00e7\u00e3o. Na disciplina de gest\u00e3o de projetos, a equipe precisa definir<\/p>\n<p class=\"MsoNormal\" style=\"margin-bottom: 0cm;\">um plano de trabalho detalhado, incluindo cronograma, divis\u00e3o de tarefas e gest\u00e3o de riscos. No<\/p>\n<p class=\"MsoNormal\" style=\"margin-bottom: 0cm;\">\u00e2mbito de projeto de software, \u00e9 essencial desenvolver um sistema escal\u00e1vel, seguro e amig\u00e1vel<\/p>\n<p class=\"MsoNormal\" style=\"margin-bottom: 0cm;\">para os usu\u00e1rios. A disciplina de sistemas de informa\u00e7\u00e3o gerencial ser\u00e1 central para garantir que os<\/p>\n<p class=\"MsoNormal\" style=\"margin-bottom: 0cm;\">relat\u00f3rios gerados pelo sistema sejam \u00fateis para a alta gest\u00e3o, contribuindo para a tomada de<\/p>\n<p class=\"MsoNormal\" style=\"margin-bottom: 0cm;\">decis\u00e3o. Por fim, os alunos tamb\u00e9m explorar\u00e3o t\u00f3picos especiais de tecnologia da informa\u00e7\u00e3o, como<\/p>\n<p class=\"MsoNormal\" style=\"margin-bottom: 0cm;\">o uso de intelig\u00eancia artificial para prever demandas de produ\u00e7\u00e3o e o uso de metodologias \u00e1geis no<\/p>\n<p class=\"MsoNormal\" style=\"margin-bottom: 0cm;\">desenvolvimento do sistema.<\/p>\n<p class=\"MsoNormal\" style=\"margin-bottom: 0cm;\"><b>DESAFIO:<\/b><\/p>\n<p class=\"MsoNormal\" style=\"margin-bottom: 0cm;\"><b>Passo 1:<\/b><\/p>\n<p class=\"MsoNormal\" style=\"margin-bottom: 0cm;\">Considerando os desafios da TecnosFios relacionados \u00e0 falta de integra\u00e7\u00e3o entre setores e \u00e0<\/p>\n<p class=\"MsoNormal\" style=\"margin-bottom: 0cm;\">necessidade de implementar um sistema ERP personalizado, h\u00e1 pr\u00e1ticas de auditoria de sistemas<\/p>\n<p class=\"MsoNormal\" style=\"margin-bottom: 0cm;\">devem ser adotadas para garantir que o novo ERP seja seguro, eficiente e atenda \u00e0s demandas<\/p>\n<p class=\"MsoNormal\" style=\"margin-bottom: 0cm;\">estrat\u00e9gicas da empresa, vamos descrever essas pr\u00e1ticas principais, em conformidade com padr\u00f5es<\/p>\n<p class=\"MsoNormal\" style=\"margin-bottom: 0cm;\">de qualidade e seguran\u00e7a da informa\u00e7\u00e3o.<\/p>\n<p class=\"MsoNormal\" style=\"margin-bottom: 0cm;\">PROJETO INTEGRADO<\/p>\n<p class=\"MsoNormal\" style=\"margin-bottom: 0cm;\">P\u00fablico<\/p>\n<p class=\"MsoNormal\" style=\"margin-bottom: 0cm;\"><b>Passo 2:<\/b><\/p>\n<p class=\"MsoNormal\" style=\"margin-bottom: 0cm;\">Descreva pr\u00e1ticas fundamentais de gest\u00e3o de projetos devem ser aplicadas no contexto da<\/p>\n<p class=\"MsoNormal\" style=\"margin-bottom: 0cm;\">TecnosFios, na qual a equipe precisa definir um plano de trabalho detalhado, incluindo cronograma,<\/p>\n<p class=\"MsoNormal\" style=\"margin-bottom: 0cm;\">divis\u00e3o de tarefas e gest\u00e3o de riscos para assegurar o sucesso no desenvolvimento e implementa\u00e7\u00e3o<\/p>\n<p class=\"MsoNormal\" style=\"margin-bottom: 0cm;\">de um sistema ERP personalizado.<\/p>\n<p class=\"MsoNormal\" style=\"margin-bottom: 0cm;\"><b>Passo 3:<\/b><\/p>\n<p class=\"MsoNormal\" style=\"margin-bottom: 0cm;\">Como podemos descrever quais boas pr\u00e1ticas de projeto de software devem ser aplicadas para<\/p>\n<p class=\"MsoNormal\" style=\"margin-bottom: 0cm;\">desenvolver um sistema escal\u00e1vel, seguro e alinhado \u00e0s necessidades espec\u00edficas da empresa<\/p>\n<p class=\"MsoNormal\" style=\"margin-bottom: 0cm;\">em seu ERP personalizado.<\/p>\n<p class=\"MsoNormal\" style=\"margin-bottom: 0cm;\"><b>Passo 4:<\/b><\/p>\n<p class=\"MsoNormal\" style=\"margin-bottom: 0cm;\">Com o novo ERP, Sistema de Informa\u00e7\u00e3o Gerencial ser\u00e1 central para garantir que os relat\u00f3rios<\/p>\n<p class=\"MsoNormal\" style=\"margin-bottom: 0cm;\">gerados pelo sistema sejam \u00fateis para a alta gest\u00e3o, contribuindo para a tomada de decis\u00e3o. Como<\/p>\n<p class=\"MsoNormal\" style=\"margin-bottom: 0cm;\">ajudar a TecnosFios a reduzir os erros nos pedidos de clientes e melhorar a satisfa\u00e7\u00e3o do consumidor.<\/p>\n<p class=\"MsoNormal\" style=\"margin-bottom: 0cm;\"><b>Passo 5:<\/b><\/p>\n<p class=\"MsoNormal\" style=\"margin-bottom: 0cm;\">Explique como a abordagem de Intelig\u00eancia Artificial poderia ser utilizada no desenvolvimento do<\/p>\n<p class=\"MsoNormal\" style=\"margin-bottom: 0cm;\">sistema ERP da ind\u00fastria t\u00eaxtil TecnosFios.<\/p>\n<div class=\"elementor-toggle-item\" style=\"box-sizing: border-box;\">\n<p id=\"elementor-tab-title-1941\" class=\"elementor-tab-title elementor-active\" style=\"box-sizing: border-box; color: var(--mf-dark-color);\" tabindex=\"0\" role=\"tab\" data-tab=\"1\" aria-controls=\"elementor-tab-content-1941\" aria-expanded=\"true\" aria-selected=\"true\">Como funciona?<\/p>\n<p style=\"box-sizing: border-box;\">Elaboramos os portf\u00f3lios, j\u00e1 deixamos prontos, nas normas da ABNT e conforme os requisitos da universidade. F\u00e1cil assim! O MELHOR \u00c9 QUE VOC\u00ca COMPRA E J\u00c1 BAIXA NA HORA O SEU ARQUIVO EM WORD! Sabemos que conciliar trabalho, fam\u00edlia, vida profissional e estudos \u00e9 dif\u00edcil hoje em dia, por isso, estamos aqui para ajudar voc\u00ea. Conte com nossa qualidade, experi\u00eancia e profissionalismo adquirindo seu portf\u00f3lio conosco. GARANTIMOS SEU CONCEITO!<\/p>\n<div class=\"elementor-toggle-item\">\n<p id=\"elementor-tab-title-1941\" class=\"elementor-tab-title elementor-active\" tabindex=\"0\" role=\"tab\" data-tab=\"1\" aria-controls=\"elementor-tab-content-1941\" aria-expanded=\"true\" aria-selected=\"true\"><strong>Como funciona?<\/strong><\/p>\n<p>Elaboramos os portf\u00f3lios, j\u00e1 deixamos prontos, nas normas da ABNT e conforme os requisitos da universidade. F\u00e1cil assim! O MELHOR \u00c9 QUE VOC\u00ca COMPRA E J\u00c1 BAIXA NA HORA O SEU ARQUIVO EM WORD! Sabemos que conciliar trabalho, fam\u00edlia, vida profissional e estudos \u00e9 dif\u00edcil hoje em dia, por isso, estamos aqui para ajudar voc\u00ea. Conte com nossa qualidade, experi\u00eancia e profissionalismo adquirindo seu portf\u00f3lio conosco. GARANTIMOS SEU CONCEITO!<\/p>\n<p><strong>Como se realizam os envios?<\/strong><\/p>\n<\/div>\n<p id=\"elementor-tab-content-1942\" class=\"elementor-tab-content elementor-clearfix elementor-active\" role=\"tabpanel\" data-tab=\"2\" aria-labelledby=\"elementor-tab-title-1942\">O seu trabalho \u00e9 disponibilizado pronto, respondido e nas normas j\u00e1 na mesma hora aqui em nosso site na sua \u00e1rea de downloads e tamb\u00e9m no seu e-mail.<\/p>\n<p><strong>Em quanto tempo recebo o portf\u00f3lio?<\/strong><\/p>\n<p>Os envios s\u00e3o imediatos. Ap\u00f3s sua compra, o trabalho j\u00e1 \u00e9 disponibilizado instantaneamente aqui em nosso site e no seu e-mail.<\/p>\n<p><strong>E se o portf\u00f3lio que comprei precisar de corre\u00e7\u00e3o?<\/strong><\/p>\n<p>Caso haja alguma solicita\u00e7\u00e3o de corre\u00e7\u00e3o\/altera\u00e7\u00e3o por parte do tutor, basta entrar em contato conosco pelo\u00a0WhatsApp\u00a0que provid\u00eanciaremos sem custo algum.<\/p>\n<p><strong>Qual o formato do arquivo?<\/strong><\/p>\n<p>Os arquivos s\u00e3o enviados em formato Word e s\u00e3o edit\u00e1veis.<\/p>\n<p><strong>Caso eu tiver alguma d\u00favida, terei suporte no p\u00f3s venda?<\/strong><\/p>\n<p>Sim, com certeza. Basta clicar no \u00edcone do WhatsApp no cantinho da tela. Ser\u00e1 um prazer atend\u00ea-lo(a).<\/p>\n<div id=\"elementor-tab-content-1948\" class=\"elementor-tab-content elementor-clearfix elementor-active\" role=\"tabpanel\" data-tab=\"8\" aria-labelledby=\"elementor-tab-title-1948\">\n<p><strong>Quais os seus canais de contato?<\/strong><\/p>\n<\/div>\n<div id=\"elementor-tab-content-1949\" class=\"elementor-tab-content elementor-clearfix elementor-active\" role=\"tabpanel\" data-tab=\"9\" aria-labelledby=\"elementor-tab-title-1949\">\n<p>Whatsapp: 53 984751621 \u2013 Clicar no canto da tela ou ESCANEIE O QRCODE ABAIXO<\/p>\n<h4><img decoding=\"async\" class=\"alignnone wp-image-13699 jetpack-lazy-image jetpack-lazy-image--handled\" src=\"https:\/\/i0.wp.com\/portifolioos-prontos.com\/wp-content\/uploads\/2023\/02\/whatsapp-business-projeto-de-extensao-300x300.jpeg?resize=144%2C144\" sizes=\"(max-width: 144px) 100vw, 144px\" srcset=\"https:\/\/i0.wp.com\/portifolioos-prontos.com\/wp-content\/uploads\/2023\/02\/whatsapp-business-projeto-de-extensao.jpeg?resize=300%2C301&amp;ssl=1 300w, https:\/\/i0.wp.com\/portifolioos-prontos.com\/wp-content\/uploads\/2023\/02\/whatsapp-business-projeto-de-extensao.jpeg?resize=150%2C150&amp;ssl=1 150w, https:\/\/i0.wp.com\/portifolioos-prontos.com\/wp-content\/uploads\/2023\/02\/whatsapp-business-projeto-de-extensao.jpeg?resize=370%2C372&amp;ssl=1 370w, https:\/\/i0.wp.com\/portifolioos-prontos.com\/wp-content\/uploads\/2023\/02\/whatsapp-business-projeto-de-extensao.jpeg?resize=100%2C100&amp;ssl=1 100w, https:\/\/i0.wp.com\/portifolioos-prontos.com\/wp-content\/uploads\/2023\/02\/whatsapp-business-projeto-de-extensao.jpeg?w=470&amp;ssl=1 470w\" alt=\"projeto de extens\u00e3o unopar\" width=\"144\" height=\"144\" data-lazy-loaded=\"1\" \/><\/h4>\n<\/div>\n<div class=\"elementor-toggle-item\">\n<div id=\"elementor-tab-content-1949\" class=\"elementor-tab-content elementor-clearfix elementor-active\" role=\"tabpanel\" data-tab=\"9\" aria-labelledby=\"elementor-tab-title-1949\">\n<p>E-mail:portifoliosp@gmail.com<\/p>\n<div id=\"attachment_143\" class=\"wp-caption alignnone\">\n<div id=\"attachment_143\" class=\"wp-caption alignnone\">\n<p id=\"caption-attachment-143\" class=\"wp-caption-text\"><a href=\"http:\/\/portfolio-pronto.com\/\">Portf\u00f3lio<\/a>\u00a0em Word, respondido, completo e j\u00e1 nas normas<\/p>\n<\/div>\n<\/div>\n<\/div>\n<\/div>\n<\/div>\n","protected":false},"excerpt":{"rendered":"<div class=\"product-short-description\" style=\"box-sizing: border-box;\">\n<div class=\"product-short-description\">\n<div class=\"product-short-description\">\n<p><strong>Pague pelo PIX ou cart\u00e3o e fa\u00e7a o download agora mesmo.<\/strong><\/p>\n<\/div>\n<div class=\"sticky-add-to-cart-wrapper\">\n<div class=\"sticky-add-to-cart\">\n<p class=\"quantity buttons_added form-flat\"><img decoding=\"async\" class=\"lazyloaded smush-image-5 smush-image-3 smush-image-4 smush-detected-img smush-image-bigger-3\" src=\"https:\/\/d26lpennugtm8s.cloudfront.net\/assets\/common\/img\/logos\/payment\/visa@2x.png\" width=\"46\" height=\"29\" data-src=\"https:\/\/d26lpennugtm8s.cloudfront.net\/assets\/common\/img\/logos\/payment\/visa@2x.png\" \/><img decoding=\"async\" class=\"lazyloaded smush-image-6 smush-image-4 smush-image-5 smush-detected-img smush-image-bigger-4\" src=\"https:\/\/d26lpennugtm8s.cloudfront.net\/assets\/common\/img\/logos\/payment\/boleto@2x.png\" width=\"43\" height=\"27\" data-src=\"https:\/\/d26lpennugtm8s.cloudfront.net\/assets\/common\/img\/logos\/payment\/boleto@2x.png\" \/><img loading=\"lazy\" decoding=\"async\" class=\"lazyloaded smush-image-7 smush-image-5 smush-image-6 smush-detected-img smush-image-bigger-5\" src=\"https:\/\/d26lpennugtm8s.cloudfront.net\/assets\/common\/img\/logos\/payment\/mastercard@2x.png\" width=\"43\" height=\"27\" data-src=\"https:\/\/d26lpennugtm8s.cloudfront.net\/assets\/common\/img\/logos\/payment\/mastercard@2x.png\" \/><img loading=\"lazy\" decoding=\"async\" class=\"lazyloaded smush-image-8 smush-image-6 smush-image-7 smush-detected-img smush-image-bigger-6\" src=\"https:\/\/d26lpennugtm8s.cloudfront.net\/assets\/common\/img\/logos\/payment\/amex@2x.png\" width=\"43\" height=\"27\" data-src=\"https:\/\/d26lpennugtm8s.cloudfront.net\/assets\/common\/img\/logos\/payment\/amex@2x.png\" \/><img loading=\"lazy\" decoding=\"async\" class=\"lazyloaded smush-image-9 smush-image-7 smush-image-8 smush-detected-img smush-image-bigger-7\" src=\"https:\/\/d26lpennugtm8s.cloudfront.net\/assets\/common\/img\/logos\/payment\/diners@2x.png\" width=\"46\" height=\"29\" data-src=\"https:\/\/d26lpennugtm8s.cloudfront.net\/assets\/common\/img\/logos\/payment\/diners@2x.png\" \/><img loading=\"lazy\" decoding=\"async\" class=\"lazyloaded smush-image-10 smush-image-8 smush-image-9 alignnone smush-detected-img smush-image-bigger-8\" src=\"https:\/\/d26lpennugtm8s.cloudfront.net\/assets\/common\/img\/logos\/payment\/br\/elo@2x.png\" alt=\"portf\u00f3lio unopar anhanguera\" width=\"45\" height=\"28\" data-src=\"https:\/\/d26lpennugtm8s.cloudfront.net\/assets\/common\/img\/logos\/payment\/br\/elo@2x.png\" \/><img loading=\"lazy\" decoding=\"async\" class=\"lazyloaded smush-image-11 smush-image-9 smush-image-10 alignnone smush-detected-img smush-image-bigger-9\" src=\"https:\/\/d26lpennugtm8s.cloudfront.net\/assets\/common\/img\/logos\/payment\/br\/hipercard@2x.png\" alt=\"portf\u00f3lio unopar anhanguera\" width=\"44\" height=\"28\" data-src=\"https:\/\/d26lpennugtm8s.cloudfront.net\/assets\/common\/img\/logos\/payment\/br\/hipercard@2x.png\" \/><img loading=\"lazy\" decoding=\"async\" class=\"lazyloaded smush-image-12 smush-image-10 smush-image-11 alignnone smush-detected-img smush-image-bigger-10\" src=\"https:\/\/d26lpennugtm8s.cloudfront.net\/assets\/common\/img\/logos\/payment\/mercadopago@2x.png\" alt=\"portf\u00f3lio unopar anhanguera\" width=\"45\" height=\"28\" data-src=\"https:\/\/d26lpennugtm8s.cloudfront.net\/assets\/common\/img\/logos\/payment\/mercadopago@2x.png\" \/><img loading=\"lazy\" decoding=\"async\" class=\"alignnone lazyloaded smush-detected-img smush-image-bigger-11\" src=\"https:\/\/futurium.com.br\/wp-content\/uploads\/2021\/06\/logo-pix-icone-512.png\" alt=\"portfolio pronto\" width=\"30\" height=\"30\" data-src=\"https:\/\/futurium.com.br\/wp-content\/uploads\/2021\/06\/logo-pix-icone-512.png\" \/><\/p>\n<\/div>\n<\/div>\n<\/div>\n<\/div>\n","protected":false},"featured_media":35195,"template":"","meta":{"_seopress_robots_primary_cat":"none","_seopress_titles_title":"%%title%%","_seopress_titles_desc":"Projeto Integrado Inova\u00e7\u00e3o Gest\u00e3o da Tecnologia da Informa\u00e7\u00e3o, Portf\u00f3lio pronto","_seopress_robots_index":""},"product_cat":[764,276],"product_tag":[],"class_list":{"0":"post-35192","1":"product","2":"type-product","3":"status-publish","4":"has-post-thumbnail","6":"product_cat-projeto-integrado-inovacao-gestao","7":"product_cat-tecnologia-da-informacao","9":"first","10":"instock","11":"downloadable","12":"virtual","13":"purchasable","14":"product-type-simple","15":"col-xs-6 col-sm-4","16":"col-mf-5","17":"un-5-cols"},"jetpack_sharing_enabled":true,"_links":{"self":[{"href":"https:\/\/portifolioos-prontos.com\/index.php\/wp-json\/wp\/v2\/product\/35192","targetHints":{"allow":["GET"]}}],"collection":[{"href":"https:\/\/portifolioos-prontos.com\/index.php\/wp-json\/wp\/v2\/product"}],"about":[{"href":"https:\/\/portifolioos-prontos.com\/index.php\/wp-json\/wp\/v2\/types\/product"}],"version-history":[{"count":0,"href":"https:\/\/portifolioos-prontos.com\/index.php\/wp-json\/wp\/v2\/product\/35192\/revisions"}],"wp:featuredmedia":[{"embeddable":true,"href":"https:\/\/portifolioos-prontos.com\/index.php\/wp-json\/wp\/v2\/media\/35195"}],"wp:attachment":[{"href":"https:\/\/portifolioos-prontos.com\/index.php\/wp-json\/wp\/v2\/media?parent=35192"}],"wp:term":[{"taxonomy":"product_cat","embeddable":true,"href":"https:\/\/portifolioos-prontos.com\/index.php\/wp-json\/wp\/v2\/product_cat?post=35192"},{"taxonomy":"product_tag","embeddable":true,"href":"https:\/\/portifolioos-prontos.com\/index.php\/wp-json\/wp\/v2\/product_tag?post=35192"}],"curies":[{"name":"wp","href":"https:\/\/api.w.org\/{rel}","templated":true}]}}