{"id":35211,"date":"2025-02-19T10:02:57","date_gmt":"2025-02-19T13:02:57","guid":{"rendered":"https:\/\/portifolioos-prontos.com\/?post_type=product&#038;p=35211"},"modified":"2025-02-19T10:02:57","modified_gmt":"2025-02-19T13:02:57","slug":"atividade-pratica-tecnicas-basicas-de-cozinha","status":"publish","type":"product","link":"https:\/\/portifolioos-prontos.com\/index.php\/product\/atividade-pratica-tecnicas-basicas-de-cozinha\/","title":{"rendered":"Atividade Pr\u00e1tica T\u00e9cnicas b\u00e1sicas de cozinha"},"content":{"rendered":"<h5 style=\"box-sizing: border-box; margin-bottom: 1.3em; color: #777777; font-family: Lato, sans-serif; font-size: medium;\">Portf\u00f3lio Atividade Pr\u00e1tica T\u00e9cnicas b\u00e1sicas de cozinha<\/h5>\n<hr style=\"box-sizing: border-box; margin: 15px 0px; border-top: 1px solid currentcolor; opacity: 0.1; color: #777777; font-family: Lato, sans-serif; font-size: medium; background-color: #ffffff;\" \/>\n<p style=\"box-sizing: border-box; margin-bottom: 1.3em; color: #777777; font-family: Lato, sans-serif; font-size: medium;\">OBJETIVOS<\/p>\n<p style=\"box-sizing: border-box; margin-bottom: 1.3em; color: #777777; font-family: Lato, sans-serif; font-size: medium;\">\u2022 Aprender as t\u00e9cnicas de corte: julienne; brunoise e mirepoix;<br style=\"box-sizing: border-box;\" \/>\u2022 Aprender a t\u00e9cnica de grelhar;<br style=\"box-sizing: border-box;\" \/>\u2022 Aprender a fazer um caldo de frango;<br style=\"box-sizing: border-box;\" \/>\u2022 Aprender a t\u00e9cnica de roux;<br style=\"box-sizing: border-box;\" \/>\u2022 Aprender a fazer o molho bechamel.<\/p>\n<p style=\"box-sizing: border-box; margin-bottom: 1.3em; color: #777777; font-family: Lato, sans-serif; font-size: medium;\">RECURSOS<\/p>\n<p style=\"box-sizing: border-box; margin-bottom: 1.3em; color: #777777; font-family: Lato, sans-serif; font-size: medium;\">Para a realiza\u00e7\u00e3o da aula pr\u00e1tica ser\u00e3o necesss\u00e1rios os materiais abaixo:<\/p>\n<p style=\"box-sizing: border-box; margin-bottom: 1.3em; color: #777777; font-family: Lato, sans-serif; font-size: medium;\">Para as t\u00e9cnicas de corte<br style=\"box-sizing: border-box;\" \/>Cenoura 1 unidades<br style=\"box-sizing: border-box;\" \/>Cebola 1 unidade<br style=\"box-sizing: border-box;\" \/>Alho por\u00f3 1 unidade<br style=\"box-sizing: border-box;\" \/>Para o Mirepoix<br style=\"box-sizing: border-box;\" \/>Cenoura 100 gramas<br style=\"box-sizing: border-box;\" \/>Sals\u00e3o 100 gramas<br style=\"box-sizing: border-box;\" \/>Alho por\u00f3 100 gramas<br style=\"box-sizing: border-box;\" \/>Cebola 100 gramas<br style=\"box-sizing: border-box;\" \/>Bouquet garni<br style=\"box-sizing: border-box;\" \/>Alecrim 1 ramo<br style=\"box-sizing: border-box;\" \/>Louro 1 folha<br style=\"box-sizing: border-box;\" \/>Salsinha 1 ramo<br style=\"box-sizing: border-box;\" \/>Alho por\u00f3 1 peda\u00e7o m\u00e9dio<br style=\"box-sizing: border-box;\" \/>Barbante q.b.<br style=\"box-sizing: border-box;\" \/>Para a t\u00e9cnica de grelhar<br style=\"box-sizing: border-box;\" \/>Carne boniva para cortar e grelhar (fil\u00e9 mignon\/alcatra) 500 gramas<br style=\"box-sizing: border-box;\" \/>Azeite 50 ml<br style=\"box-sizing: border-box;\" \/>Para o Caldo de Frango<br style=\"box-sizing: border-box;\" \/>Coxinha da asa 500 gramas<br style=\"box-sizing: border-box;\" \/>Mirepoix 400 gramas<br style=\"box-sizing: border-box;\" \/>\u00c1gua 1 litro<br style=\"box-sizing: border-box;\" \/>Velout\u00e9 de frango<br style=\"box-sizing: border-box;\" \/>Para o roux<br style=\"box-sizing: border-box;\" \/>Farinha de trigo 30 gramas<\/p>\n<p style=\"box-sizing: border-box; margin-bottom: 1.3em; color: #777777; font-family: Lato, sans-serif; font-size: medium;\">Manteiga 30 gramas<br style=\"box-sizing: border-box;\" \/>Caldo de frango morno 500 ml<br style=\"box-sizing: border-box;\" \/>Numa panela, em fogo baixo, misturar a manteiga e a farinha de trigo. Colocar o caldo<br style=\"box-sizing: border-box;\" \/>aos poucos para n\u00e3o empelotar. Cozinha por no m\u00ednimo 30 minutos.<br style=\"box-sizing: border-box;\" \/>Berre muniere<br style=\"box-sizing: border-box;\" \/>Manteiga sem sal amolecida 30 gramas<br style=\"box-sizing: border-box;\" \/>Farinha de trigo 30 gramas<br style=\"box-sizing: border-box;\" \/>Misturar os ingredientes formando uma pasta. Ao utilizar coloque um pouco da pasta<br style=\"box-sizing: border-box;\" \/>para engrossar rapidamente molhos.<br style=\"box-sizing: border-box;\" \/>Para o Molho Bechamel<br style=\"box-sizing: border-box;\" \/>Leite 500ml<br style=\"box-sizing: border-box;\" \/>Roux (manteiga 30 gr com farinha 30 gramas) 60 gramas<br style=\"box-sizing: border-box;\" \/>Sal q.b.<br style=\"box-sizing: border-box;\" \/>Aquecer o leite. Pode-se temperar com cebola e louro. Numa panela, em fogo baixo,<br style=\"box-sizing: border-box;\" \/>colocar a manteiga e a farinha e misturar. Colocar o leite aos poucos para n\u00e3o<br style=\"box-sizing: border-box;\" \/>empelotar. Cozinhar por no m\u00ednimo 30 minutos.<br style=\"box-sizing: border-box;\" \/>Molho de cogumelos Paris<br style=\"box-sizing: border-box;\" \/>Cogumelos paris 100 gramas<br style=\"box-sizing: border-box;\" \/>\u00d3leo 15 ml<br style=\"box-sizing: border-box;\" \/>Vinho branco seco 30 ml<br style=\"box-sizing: border-box;\" \/>Aquecer uma frigideira e colocar \u00f3leo, acrescentar o cogumelos paris fresco, refogar<br style=\"box-sizing: border-box;\" \/>at\u00e9 dourar. Acrescentar o vinho branco seco e deixar reduzir. Acrescentar molho<br style=\"box-sizing: border-box;\" \/>bechamel, deixar ferver e acertar o sal. Servir imediatamente.<\/p>\n<p style=\"box-sizing: border-box; margin-bottom: 1.3em; color: #777777; font-family: Lato, sans-serif; font-size: medium;\">Equipamento de Prote\u00e7\u00e3o Individual: Jaleco branco ou D\u00f3lm\u00e3 branco. Touca descart\u00e1vel<br style=\"box-sizing: border-box;\" \/>ou toque blanche.<\/p>\n<p style=\"box-sizing: border-box; margin-bottom: 1.3em; color: #777777; font-family: Lato, sans-serif; font-size: medium;\">PROCEDIMENTOS PR\u00c1TICOS<\/p>\n<p style=\"box-sizing: border-box; margin-bottom: 1.3em; color: #777777; font-family: Lato, sans-serif; font-size: medium;\">Neste momento, o aluno deve seguir as orienta\u00e7\u00f5es apresentadas no v\u00eddeo abaixo.<br style=\"box-sizing: border-box;\" \/>Lembre-se de organizar o ambiente para que a atividade ocorra da melhor forma,<br style=\"box-sizing: border-box;\" \/>garantindo uma excelente experi\u00eancia de aprendizado.<\/p>\n<p style=\"box-sizing: border-box; margin-bottom: 1.3em; color: #777777; font-family: Lato, sans-serif; font-size: medium;\">Ao final dever\u00e1 elaborar seu relat\u00f3rio de aula pr\u00e1tica e enviar em um arquivo \u00fanico (.doc).<\/p>\n<p style=\"box-sizing: border-box; margin-bottom: 1.3em; color: #777777; font-family: Lato, sans-serif; font-size: medium;\">Atividade proposta<br style=\"box-sizing: border-box;\" \/>Reproduza a aula apresentada no v\u00eddeo acessando o link abaixo:<\/p>\n<p style=\"box-sizing: border-box; margin-bottom: 1.3em; color: #777777; font-family: Lato, sans-serif; font-size: medium;\"><a style=\"box-sizing: border-box; background-color: transparent; touch-action: manipulation; color: #334862;\" href=\"https:\/\/mdstrm.com\/embed\/642c8241a7ff6f08c67057d0\" rel=\"nofollow\">https:\/\/mdstrm.com\/embed\/642c8241a7ff6f08c67057d0<\/a><\/p>\n<p style=\"box-sizing: border-box; margin-bottom: 1.3em; color: #777777; font-family: Lato, sans-serif; font-size: medium;\">Procedimentos para a realiza\u00e7\u00e3o da atividade<\/p>\n<p style=\"box-sizing: border-box; margin-bottom: 1.3em; color: #777777; font-family: Lato, sans-serif; font-size: medium;\">Realize os cortes julienne; brunoise e mirepoix;<br style=\"box-sizing: border-box;\" \/>Realize a t\u00e9cnica de grelhar;<br style=\"box-sizing: border-box;\" \/>Realize o caldo de frango;<br style=\"box-sizing: border-box;\" \/>Realize o Roux;<br style=\"box-sizing: border-box;\" \/>Realize o molho bechamel;<br style=\"box-sizing: border-box;\" \/>Finalize o prato de forma profissional<a style=\"box-sizing: border-box; background-color: transparent; touch-action: manipulation; color: #334862;\" href=\"https:\/\/portfoliooead.com.br\/\">.<\/a><\/p>\n<p style=\"box-sizing: border-box; margin-bottom: 1.3em; color: #777777; font-family: Lato, sans-serif; font-size: medium;\">Checklist<\/p>\n<p style=\"box-sizing: border-box; margin-bottom: 1.3em; color: #777777; font-family: Lato, sans-serif; font-size: medium;\">Apresente por meio de fotos de sua autoria:<br style=\"box-sizing: border-box;\" \/>\u2013 O preparo dos cortes dos vegetais;<br style=\"box-sizing: border-box;\" \/>\u2013 O preparo da carne grelhada;<br style=\"box-sizing: border-box;\" \/>\u2013 O preparo do roux;<br style=\"box-sizing: border-box;\" \/>\u2013 O preparo do caldo de frango<a style=\"box-sizing: border-box; background-color: transparent; touch-action: manipulation; color: #334862;\" href=\"https:\/\/portfoliointerdisciplinar.com.br\/\">;<\/a><br style=\"box-sizing: border-box;\" \/>\u2013 O preparo do molho bechamel;<br style=\"box-sizing: border-box;\" \/>\u2013 A montagem do prato de forma profissional.<\/p>\n<p style=\"box-sizing: border-box; margin-bottom: 1.3em; color: #777777; font-family: Lato, sans-serif; font-size: medium;\">RESULTADO<br style=\"box-sizing: border-box;\" \/>Entrega de um arquivo word que contemple\u00a0todas\u00a0as etapas da atividade pr\u00e1tica,<br style=\"box-sizing: border-box;\" \/>conforme apresentado no checklist.<\/p>\n<div class=\"elementor-toggle-item\" style=\"box-sizing: border-box;\">\n<h4 id=\"elementor-tab-title-1941\" class=\"elementor-tab-title elementor-active\" style=\"box-sizing: border-box; color: var(--mf-dark-color);\" tabindex=\"0\" role=\"tab\" data-tab=\"1\" aria-controls=\"elementor-tab-content-1941\" aria-expanded=\"true\" aria-selected=\"true\">Como funciona?<\/h4>\n<div id=\"elementor-tab-content-1941\" class=\"elementor-tab-content elementor-clearfix elementor-active\" style=\"box-sizing: border-box;\" role=\"tabpanel\" data-tab=\"1\" aria-labelledby=\"elementor-tab-title-1941\">\n<p style=\"box-sizing: border-box;\">Elaboramos os portf\u00f3lios, j\u00e1 deixamos prontos, nas normas da ABNT e conforme os requisitos da universidade. F\u00e1cil assim! O MELHOR \u00c9 QUE VOC\u00ca COMPRA E J\u00c1 BAIXA NA HORA O SEU ARQUIVO EM WORD! Sabemos que conciliar trabalho, fam\u00edlia, vida profissional e estudos \u00e9 dif\u00edcil hoje em dia, por isso, estamos aqui para ajudar voc\u00ea. Conte com nossa qualidade, experi\u00eancia e profissionalismo adquirindo seu portf\u00f3lio conosco. GARANTIMOS SEU CONCEITO!<\/p>\n<h4 style=\"box-sizing: border-box; color: var(--mf-dark-color);\">Como se realizam os envios?<\/h4>\n<\/div>\n<\/div>\n<div class=\"elementor-toggle-item\" style=\"box-sizing: border-box;\">\n<div id=\"elementor-tab-content-1942\" class=\"elementor-tab-content elementor-clearfix elementor-active\" style=\"box-sizing: border-box;\" role=\"tabpanel\" data-tab=\"2\" aria-labelledby=\"elementor-tab-title-1942\">O seu trabalho \u00e9 disponibilizado pronto, respondido e nas normas j\u00e1 na mesma hora aqui em nosso site na sua \u00e1rea de downloads e tamb\u00e9m no seu e-mail.<\/div>\n<\/div>\n<div class=\"elementor-toggle-item\" style=\"box-sizing: border-box;\">\n<div id=\"elementor-tab-content-1943\" class=\"elementor-tab-content elementor-clearfix elementor-active\" style=\"box-sizing: border-box;\" role=\"tabpanel\" data-tab=\"3\" aria-labelledby=\"elementor-tab-title-1943\">\n<h4 style=\"box-sizing: border-box; color: var(--mf-dark-color);\">Em quanto tempo recebo o portf\u00f3lio?<\/h4>\n<\/div>\n<\/div>\n<div class=\"elementor-toggle-item\" style=\"box-sizing: border-box;\">\n<div id=\"elementor-tab-content-1944\" class=\"elementor-tab-content elementor-clearfix elementor-active\" style=\"box-sizing: border-box;\" role=\"tabpanel\" data-tab=\"4\" aria-labelledby=\"elementor-tab-title-1944\">\n<p style=\"box-sizing: border-box;\">Os envios s\u00e3o imediatos. Ap\u00f3s sua compra, o trabalho j\u00e1 \u00e9 disponibilizado instantaneamente aqui em nosso site e no seu e-mail.<\/p>\n<h4 style=\"box-sizing: border-box; color: var(--mf-dark-color);\">E se o portf\u00f3lio que comprei precisar de corre\u00e7\u00e3o?<\/h4>\n<\/div>\n<\/div>\n<div class=\"elementor-toggle-item\" style=\"box-sizing: border-box;\">\n<div id=\"elementor-tab-content-1945\" class=\"elementor-tab-content elementor-clearfix elementor-active\" style=\"box-sizing: border-box;\" role=\"tabpanel\" data-tab=\"5\" aria-labelledby=\"elementor-tab-title-1945\">\n<p style=\"box-sizing: border-box;\">Caso haja alguma solicita\u00e7\u00e3o de corre\u00e7\u00e3o\/altera\u00e7\u00e3o por parte do tutor, basta entrar em contato conosco pelo\u00a0<a style=\"box-sizing: border-box; background: transparent;\" href=\"https:\/\/api.whatsapp.com\/send\/?phone=5553984751621&amp;text&amp;app_absent=0\">WhatsApp<\/a>\u00a0que provid\u00eanciaremos sem custo algum.<\/p>\n<h4 style=\"box-sizing: border-box; color: var(--mf-dark-color);\">Qual o formato do arquivo?<\/h4>\n<\/div>\n<\/div>\n<div class=\"elementor-toggle-item\" style=\"box-sizing: border-box;\">\n<div id=\"elementor-tab-content-1946\" class=\"elementor-tab-content elementor-clearfix elementor-active\" style=\"box-sizing: border-box;\" role=\"tabpanel\" data-tab=\"6\" aria-labelledby=\"elementor-tab-title-1946\">\n<p style=\"box-sizing: border-box;\">Os arquivos s\u00e3o enviados em formato Word e s\u00e3o edit\u00e1veis.<\/p>\n<h4 style=\"box-sizing: border-box; color: var(--mf-dark-color);\">Caso eu tiver alguma d\u00favida, terei suporte no p\u00f3s venda?<\/h4>\n<\/div>\n<\/div>\n<div class=\"elementor-toggle-item\" style=\"box-sizing: border-box;\">\n<div id=\"elementor-tab-content-1948\" class=\"elementor-tab-content elementor-clearfix elementor-active\" style=\"box-sizing: border-box;\" role=\"tabpanel\" data-tab=\"8\" aria-labelledby=\"elementor-tab-title-1948\">\n<p style=\"box-sizing: border-box;\">Sim, com certeza. Basta clicar no \u00edcone do WhatsApp no cantinho da tela. Ser\u00e1 um prazer atend\u00ea-lo(a).<\/p>\n<div class=\"elementor-toggle-item\" style=\"box-sizing: border-box;\">\n<div id=\"elementor-tab-content-1948\" class=\"elementor-tab-content elementor-clearfix elementor-active\" style=\"box-sizing: border-box;\" role=\"tabpanel\" data-tab=\"8\" aria-labelledby=\"elementor-tab-title-1948\">\n<h4 style=\"box-sizing: border-box; color: var(--mf-dark-color);\">Quais os seus canais de contato?<\/h4>\n<\/div>\n<\/div>\n<div class=\"elementor-toggle-item\" style=\"box-sizing: border-box;\">\n<div id=\"elementor-tab-content-1949\" class=\"elementor-tab-content elementor-clearfix elementor-active\" style=\"box-sizing: border-box;\" role=\"tabpanel\" data-tab=\"9\" aria-labelledby=\"elementor-tab-title-1949\">\n<p style=\"box-sizing: border-box;\">Whatsapp: 53 984751621 \u2013 Clicar no canto da tela ou ESCANEIE O QRCODE ABAIXO<\/p>\n<h4 style=\"box-sizing: border-box; color: var(--mf-dark-color);\"><img decoding=\"async\" class=\"alignnone wp-image-13699 jetpack-lazy-image jetpack-lazy-image--handled smush-detected-img smush-image-1\" style=\"box-sizing: border-box; border: 0px; vertical-align: middle; border-radius: 5px; transition: 0.5s; box-shadow: #fecf2f 0px 0px 0px 5px; margin: 0px;\" src=\"https:\/\/i0.wp.com\/portifolioos-prontos.com\/wp-content\/uploads\/2023\/02\/whatsapp-business-projeto-de-extensao-300x300.jpeg?resize=153%2C153\" sizes=\"(max-width: 153px) 100vw, 153px\" srcset=\"https:\/\/i0.wp.com\/portifolioos-prontos.com\/wp-content\/uploads\/2023\/02\/whatsapp-business-projeto-de-extensao.jpeg?resize=300%2C301&amp;ssl=1 300w, https:\/\/i0.wp.com\/portifolioos-prontos.com\/wp-content\/uploads\/2023\/02\/whatsapp-business-projeto-de-extensao.jpeg?resize=150%2C150&amp;ssl=1 150w, https:\/\/i0.wp.com\/portifolioos-prontos.com\/wp-content\/uploads\/2023\/02\/whatsapp-business-projeto-de-extensao.jpeg?resize=370%2C372&amp;ssl=1 370w, https:\/\/i0.wp.com\/portifolioos-prontos.com\/wp-content\/uploads\/2023\/02\/whatsapp-business-projeto-de-extensao.jpeg?resize=100%2C100&amp;ssl=1 100w, https:\/\/i0.wp.com\/portifolioos-prontos.com\/wp-content\/uploads\/2023\/02\/whatsapp-business-projeto-de-extensao.jpeg?w=470&amp;ssl=1 470w\" alt=\"projeto de extens\u00e3o unopar\" width=\"153\" height=\"153\" data-lazy-loaded=\"1\" \/><\/h4>\n<\/div>\n<\/div>\n<\/div>\n<\/div>\n<div class=\"elementor-toggle-item\" style=\"box-sizing: border-box;\">\n<div id=\"elementor-tab-content-1949\" class=\"elementor-tab-content elementor-clearfix elementor-active\" style=\"box-sizing: border-box;\" role=\"tabpanel\" data-tab=\"9\" aria-labelledby=\"elementor-tab-title-1949\">\n<p style=\"box-sizing: border-box;\">E-mail:portifoliosp@gmail.com<\/p>\n<div id=\"attachment_143\" class=\"wp-caption alignnone\" style=\"box-sizing: border-box; padding: 5px; text-align: center;\">\n<div id=\"attachment_143\" class=\"wp-caption alignnone\" style=\"box-sizing: border-box; padding: 5px; width: 92px;\">\n<p style=\"box-sizing: border-box;\"><a style=\"box-sizing: border-box; background: transparent;\" href=\"https:\/\/portifolioos-prontos.com\/\"><img decoding=\"async\" class=\"wp-image-143 jetpack-lazy-image jetpack-lazy-image--handled smush-detected-img smush-image-11\" style=\"box-sizing: border-box; vertical-align: middle; border-radius: 5px; transition: 0.5s; box-shadow: #fecf2f 0px 0px 0px 5px; display: block; width: 82px; margin: 0px;\" title=\"portfolio pronto unopar\" src=\"https:\/\/i0.wp.com\/portifolioos-prontos.com\/wp-content\/uploads\/2022\/04\/conceitomaximo.png?resize=158%2C45\" alt=\"PORTFOLIO PRONTO UNOPAR ANHANGUERA\" width=\"92\" height=\"26\" aria-describedby=\"caption-attachment-143\" data-lazy-loaded=\"1\" \/><\/a><\/p>\n<p id=\"caption-attachment-143\" class=\"wp-caption-text\" style=\"box-sizing: border-box; margin-right: 0px; margin-bottom: 0px; margin-left: 0px; font-size: small; padding: 5px 0px 0px;\">Portf\u00f3lio em Word, respondido, completo e j\u00e1 nas normas.<\/p>\n<\/div>\n<\/div>\n<\/div>\n<\/div>\n","protected":false},"excerpt":{"rendered":"<div class=\"product-short-description\" style=\"box-sizing: border-box;\">\n<h5 style=\"box-sizing: border-box; color: var(--mf-dark-color);\"><strong style=\"box-sizing: border-box;\">Pague pelo PIX ou cart\u00e3o e fa\u00e7a o download agora mesmo.<\/strong><\/h5>\n<\/div>\n<div class=\"sticky-add-to-cart-wrapper\" style=\"box-sizing: border-box;\">\n<div class=\"sticky-add-to-cart\" style=\"box-sizing: border-box;\">\n<div class=\"quantity buttons_added form-flat\" style=\"box-sizing: border-box; position: relative;\"><img decoding=\"async\" class=\"alignnone wp-image-761 lazyloaded smush-detected-img smush-image-2\" style=\"box-sizing: border-box; border: 0px; vertical-align: middle; margin: 0px; border-radius: 5px; transition: opacity 400ms; box-shadow: #fecf2f 0px 0px 0px 5px; opacity: 1; --smush-placeholder-width: 78px; --smush-placeholder-aspect-ratio: 78\/28;\" src=\"https:\/\/portifolioos-prontos.com\/wp-content\/uploads\/2022\/04\/PIX-300x107.webp\" alt=\"\" width=\"78\" height=\"28\" data-src=\"https:\/\/portifolioos-prontos.com\/wp-content\/uploads\/2022\/04\/PIX-300x107.webp\" \/>\u00a0\u00a0<img loading=\"lazy\" decoding=\"async\" class=\"lazyloaded smush-detected-img smush-image-3\" style=\"box-sizing: border-box; border: 0px; vertical-align: middle; border-radius: 5px; transition: opacity 400ms; box-shadow: #fecf2f 0px 0px 0px 5px; opacity: 1; --smush-placeholder-width: 46px; --smush-placeholder-aspect-ratio: 46\/29;\" src=\"https:\/\/d26lpennugtm8s.cloudfront.net\/assets\/common\/img\/logos\/payment\/visa@2x.png\" width=\"46\" height=\"29\" data-src=\"https:\/\/d26lpennugtm8s.cloudfront.net\/assets\/common\/img\/logos\/payment\/visa@2x.png\" \/><img loading=\"lazy\" decoding=\"async\" class=\"lazyloaded smush-detected-img smush-image-4\" style=\"box-sizing: border-box; border: 0px; vertical-align: middle; border-radius: 5px; transition: opacity 400ms; box-shadow: #fecf2f 0px 0px 0px 5px; opacity: 1; --smush-placeholder-width: 43px; --smush-placeholder-aspect-ratio: 43\/27;\" src=\"https:\/\/d26lpennugtm8s.cloudfront.net\/assets\/common\/img\/logos\/payment\/boleto@2x.png\" width=\"43\" height=\"27\" data-src=\"https:\/\/d26lpennugtm8s.cloudfront.net\/assets\/common\/img\/logos\/payment\/boleto@2x.png\" \/><img loading=\"lazy\" decoding=\"async\" class=\"lazyloaded smush-detected-img smush-image-5\" style=\"box-sizing: border-box; border: 0px; vertical-align: middle; border-radius: 5px; transition: opacity 400ms; box-shadow: #fecf2f 0px 0px 0px 5px; opacity: 1; --smush-placeholder-width: 43px; --smush-placeholder-aspect-ratio: 43\/27;\" src=\"https:\/\/d26lpennugtm8s.cloudfront.net\/assets\/common\/img\/logos\/payment\/mastercard@2x.png\" width=\"43\" height=\"27\" data-src=\"https:\/\/d26lpennugtm8s.cloudfront.net\/assets\/common\/img\/logos\/payment\/mastercard@2x.png\" \/><img loading=\"lazy\" decoding=\"async\" class=\"lazyloaded smush-detected-img smush-image-6\" style=\"box-sizing: border-box; border: 0px; vertical-align: middle; border-radius: 5px; transition: opacity 400ms; box-shadow: #fecf2f 0px 0px 0px 5px; opacity: 1; --smush-placeholder-width: 43px; --smush-placeholder-aspect-ratio: 43\/27;\" src=\"https:\/\/d26lpennugtm8s.cloudfront.net\/assets\/common\/img\/logos\/payment\/amex@2x.png\" width=\"43\" height=\"27\" data-src=\"https:\/\/d26lpennugtm8s.cloudfront.net\/assets\/common\/img\/logos\/payment\/amex@2x.png\" \/><img loading=\"lazy\" decoding=\"async\" class=\"lazyloaded smush-detected-img smush-image-7\" style=\"box-sizing: border-box; border: 0px; vertical-align: middle; border-radius: 5px; transition: opacity 400ms; box-shadow: #fecf2f 0px 0px 0px 5px; opacity: 1; --smush-placeholder-width: 46px; --smush-placeholder-aspect-ratio: 46\/29;\" src=\"https:\/\/d26lpennugtm8s.cloudfront.net\/assets\/common\/img\/logos\/payment\/diners@2x.png\" width=\"46\" height=\"29\" data-src=\"https:\/\/d26lpennugtm8s.cloudfront.net\/assets\/common\/img\/logos\/payment\/diners@2x.png\" \/><img loading=\"lazy\" decoding=\"async\" class=\"lazyloaded smush-detected-img smush-image-8\" style=\"box-sizing: border-box; border: 0px; vertical-align: middle; border-radius: 5px; transition: opacity 400ms; box-shadow: #fecf2f 0px 0px 0px 5px; opacity: 1; --smush-placeholder-width: 45px; --smush-placeholder-aspect-ratio: 45\/28;\" src=\"https:\/\/d26lpennugtm8s.cloudfront.net\/assets\/common\/img\/logos\/payment\/br\/elo@2x.png\" width=\"45\" height=\"28\" data-src=\"https:\/\/d26lpennugtm8s.cloudfront.net\/assets\/common\/img\/logos\/payment\/br\/elo@2x.png\" \/><img loading=\"lazy\" decoding=\"async\" class=\"lazyloaded smush-detected-img smush-image-9\" style=\"box-sizing: border-box; border: 0px; vertical-align: middle; border-radius: 5px; transition: opacity 400ms; box-shadow: #fecf2f 0px 0px 0px 5px; opacity: 1; --smush-placeholder-width: 44px; --smush-placeholder-aspect-ratio: 44\/28;\" src=\"https:\/\/d26lpennugtm8s.cloudfront.net\/assets\/common\/img\/logos\/payment\/br\/hipercard@2x.png\" width=\"44\" height=\"28\" data-src=\"https:\/\/d26lpennugtm8s.cloudfront.net\/assets\/common\/img\/logos\/payment\/br\/hipercard@2x.png\" \/><img loading=\"lazy\" decoding=\"async\" class=\"lazyloaded smush-detected-img smush-image-10\" style=\"box-sizing: border-box; border: 0px; vertical-align: middle; border-radius: 5px; transition: opacity 400ms; box-shadow: #fecf2f 0px 0px 0px 5px; opacity: 1; --smush-placeholder-width: 45px; --smush-placeholder-aspect-ratio: 45\/28;\" src=\"https:\/\/d26lpennugtm8s.cloudfront.net\/assets\/common\/img\/logos\/payment\/mercadopago@2x.png\" width=\"45\" height=\"28\" data-src=\"https:\/\/d26lpennugtm8s.cloudfront.net\/assets\/common\/img\/logos\/payment\/mercadopago@2x.png\" \/><\/div>\n<\/div>\n<\/div>\n","protected":false},"featured_media":35215,"template":"","meta":{"_seopress_robots_primary_cat":"","_seopress_titles_title":"%%post_title%% %%sitetitle%%","_seopress_titles_desc":"%%post_content%%","_seopress_robots_index":""},"product_cat":[65],"product_tag":[],"class_list":{"0":"post-35211","1":"product","2":"type-product","3":"status-publish","4":"has-post-thumbnail","6":"product_cat-gastronomia","8":"first","9":"instock","10":"downloadable","11":"virtual","12":"purchasable","13":"product-type-simple","14":"col-xs-6 col-sm-4","15":"col-mf-5","16":"un-5-cols"},"jetpack_sharing_enabled":true,"_links":{"self":[{"href":"https:\/\/portifolioos-prontos.com\/index.php\/wp-json\/wp\/v2\/product\/35211","targetHints":{"allow":["GET"]}}],"collection":[{"href":"https:\/\/portifolioos-prontos.com\/index.php\/wp-json\/wp\/v2\/product"}],"about":[{"href":"https:\/\/portifolioos-prontos.com\/index.php\/wp-json\/wp\/v2\/types\/product"}],"version-history":[{"count":0,"href":"https:\/\/portifolioos-prontos.com\/index.php\/wp-json\/wp\/v2\/product\/35211\/revisions"}],"wp:featuredmedia":[{"embeddable":true,"href":"https:\/\/portifolioos-prontos.com\/index.php\/wp-json\/wp\/v2\/media\/35215"}],"wp:attachment":[{"href":"https:\/\/portifolioos-prontos.com\/index.php\/wp-json\/wp\/v2\/media?parent=35211"}],"wp:term":[{"taxonomy":"product_cat","embeddable":true,"href":"https:\/\/portifolioos-prontos.com\/index.php\/wp-json\/wp\/v2\/product_cat?post=35211"},{"taxonomy":"product_tag","embeddable":true,"href":"https:\/\/portifolioos-prontos.com\/index.php\/wp-json\/wp\/v2\/product_tag?post=35211"}],"curies":[{"name":"wp","href":"https:\/\/api.w.org\/{rel}","templated":true}]}}