{"id":35368,"date":"2025-03-05T09:03:42","date_gmt":"2025-03-05T12:03:42","guid":{"rendered":"https:\/\/portifolioos-prontos.com\/?post_type=product&#038;p=35368"},"modified":"2025-08-19T10:03:53","modified_gmt":"2025-08-19T13:03:53","slug":"aula-pratica-processos-psicologicos-basicos","status":"publish","type":"product","link":"https:\/\/portifolioos-prontos.com\/index.php\/product\/aula-pratica-processos-psicologicos-basicos\/","title":{"rendered":"Aula Pr\u00e1tica Processos Psicol\u00f3gicos B\u00e1sicos"},"content":{"rendered":"<h5>Portf\u00f3lio Aula Pr\u00e1tica Processos Psicol\u00f3gicos B\u00e1sicos<\/h5>\n<p><b>CONTEMPLA AS UNIDADES 04 \u2013 PENSAMENTO E LINGUAGEM E\u00a0<span style=\"text-align: justify;\">01 \u2013 PERCEP\u00c7\u00c3O, ATEN\u00c7\u00c3O, MEM\u00d3RIA E APRENDIZAGEM<\/span><\/b><\/p>\n<p class=\"MsoNormal\" style=\"margin-bottom: 0cm; text-align: justify;\">NOME DA DISCIPLINA: PROCESSOS PSICOL\u00d3GICOS B\u00c1SICOS<\/p>\n<p class=\"MsoNormal\" style=\"margin-bottom: 0cm; text-align: justify;\">Unidade: 01 \u2013 PERCEP\u00c7\u00c3O, ATEN\u00c7\u00c3O, MEM\u00d3RIA E APRENDIZAGEM<\/p>\n<p class=\"MsoNormal\" style=\"margin-bottom: 0cm; text-align: justify;\">Aula: 02 &#8211; ATEN\u00c7\u00c3O<\/p>\n<p class=\"MsoNormal\" style=\"margin-bottom: 0cm; text-align: justify;\">OBJETIVOS<\/p>\n<p class=\"MsoNormal\" style=\"margin-bottom: 0cm; text-align: justify;\">Defini\u00e7\u00e3o dos objetivos da aula pr\u00e1tica:<\/p>\n<p class=\"MsoNormal\" style=\"margin-bottom: 0cm; text-align: justify;\">\u2022 Compreender os conceitos de Aten\u00e7\u00e3o e sele\u00e7\u00e3o de est\u00edmulos.<\/p>\n<p class=\"MsoNormal\" style=\"margin-bottom: 0cm; text-align: justify;\">\u2022 Identificar os processos psicol\u00f3gicos b\u00e1sicos, suas estruturas e funcionamento e<\/p>\n<p class=\"MsoNormal\" style=\"margin-bottom: 0cm; text-align: justify;\">compreender a complexidade dos comportamentos humanos.<\/p>\n<p class=\"MsoNormal\" style=\"margin-bottom: 0cm; text-align: justify;\">\u2022 Relacionar os conceitos te\u00f3ricos com as quest\u00f5es cotidianas, em conjunto da import\u00e2ncia<\/p>\n<p class=\"MsoNormal\" style=\"margin-bottom: 0cm; text-align: justify;\">daquele conhecimento para a pr\u00e1tica profissional.<\/p>\n<p class=\"MsoNormal\" style=\"margin-bottom: 0cm; text-align: justify;\">SOLU\u00c7\u00c3O DIGITAL:<\/p>\n<p class=\"MsoNormal\" style=\"margin-bottom: 0cm; text-align: justify;\">NOME DO SIMULADOR OU SOFTWARE<\/p>\n<p class=\"MsoNormal\" style=\"margin-bottom: 0cm; text-align: justify;\">N\u00e3o se aplica<\/p>\n<p class=\"MsoNormal\" style=\"margin-bottom: 0cm; text-align: justify;\">PROCEDIMENTOS PR\u00c1TICOS E APLICA\u00c7\u00d5ES<\/p>\n<p class=\"MsoNormal\" style=\"margin-bottom: 0cm; text-align: justify;\">Procedimento\/Atividade n\u00ba 1<\/p>\n<p class=\"MsoNormal\" style=\"margin-bottom: 0cm; text-align: justify;\">Inserir o nome do experimento: ATEN\u00c7\u00c3O E SELE\u00c7\u00c3O DE EST\u00cdMULOS<\/p>\n<p class=\"MsoNormal\" style=\"margin-bottom: 0cm; text-align: justify;\">Atividade proposta:<\/p>\n<p class=\"MsoNormal\" style=\"margin-bottom: 0cm; text-align: justify;\"><span style=\"font-family: 'Segoe UI Symbol',sans-serif; mso-bidi-font-family: 'Segoe UI Symbol';\">\u2713<\/span> Exibi\u00e7\u00e3o e intera\u00e7\u00e3o de dois v\u00eddeos indicados.<\/p>\n<p class=\"MsoNormal\" style=\"margin-bottom: 0cm; text-align: justify;\"><span style=\"font-family: 'Segoe UI Symbol',sans-serif; mso-bidi-font-family: 'Segoe UI Symbol';\">\u2713<\/span> Conceitua\u00e7\u00e3o do tema, esclarecimento de d\u00favidas<\/p>\n<p class=\"MsoNormal\" style=\"margin-bottom: 0cm; text-align: justify;\"><span style=\"font-family: 'Segoe UI Symbol',sans-serif; mso-bidi-font-family: 'Segoe UI Symbol';\">\u2713<\/span> Proposta de discuss\u00e3o acerca do tema: aten\u00e7\u00e3o e sele\u00e7\u00e3o de est\u00edmulos.<\/p>\n<p class=\"MsoNormal\" style=\"margin-bottom: 0cm; text-align: justify;\">Procedimentos para a realiza\u00e7\u00e3o da atividade:<\/p>\n<p class=\"MsoNormal\" style=\"margin-bottom: 0cm; text-align: justify;\">\u2022 Inicia-se a atividade abordando brevemente o tema Aten\u00e7\u00e3o.<\/p>\n<p class=\"MsoNormal\" style=\"margin-bottom: 0cm; text-align: justify;\">\u2022 A aten\u00e7\u00e3o \u00e9 um processo psicol\u00f3gico de extrema import\u00e2ncia, influenciando a forma<\/p>\n<p class=\"MsoNormal\" style=\"margin-bottom: 0cm; text-align: justify;\">como interagimos com o mundo ao nosso redor. Ela desempenha um papel crucial<\/p>\n<p class=\"MsoNormal\" style=\"margin-bottom: 0cm; text-align: justify;\">na nossa capacidade de processar informa\u00e7\u00f5es, tomar decis\u00f5es e, em \u00faltima<\/p>\n<p class=\"MsoNormal\" style=\"margin-bottom: 0cm; text-align: justify;\">P\u00fablico3<\/p>\n<p class=\"MsoNormal\" style=\"margin-bottom: 0cm; text-align: justify;\">inst\u00e2ncia, moldar a nossa percep\u00e7\u00e3o da 4 realidade. Nesta aula pr\u00e1tica da disciplina<\/p>\n<p class=\"MsoNormal\" style=\"margin-bottom: 0cm; text-align: justify;\">de Processos Psicol\u00f3gicos B\u00e1sicos, exploraremos o conceito de aten\u00e7\u00e3o, seus<\/p>\n<p class=\"MsoNormal\" style=\"margin-bottom: 0cm; text-align: justify;\">diferentes tipos e os fatores que influenciam a sele\u00e7\u00e3o de est\u00edmulos.<\/p>\n<p class=\"MsoNormal\" style=\"margin-bottom: 0cm; text-align: justify;\">\u2022 A aten\u00e7\u00e3o n\u00e3o \u00e9 um recurso ilimitado, e sua aloca\u00e7\u00e3o \u00e9 afetada por uma s\u00e9rie de<\/p>\n<p class=\"MsoNormal\" style=\"margin-bottom: 0cm; text-align: justify;\">fatores. Quest\u00f5es como a relev\u00e2ncia do est\u00edmulo, a novidade, as metas pessoais e o<\/p>\n<p class=\"MsoNormal\" style=\"margin-bottom: 0cm; text-align: justify;\">ambiente em que nos encontramos t\u00eam um impacto significativo na nossa aten\u00e7\u00e3o.<\/p>\n<p class=\"MsoNormal\" style=\"margin-bottom: 0cm; text-align: justify;\">Al\u00e9m disso, a nossa capacidade de aten\u00e7\u00e3o varia em diferentes situa\u00e7\u00f5es, seja<\/p>\n<p class=\"MsoNormal\" style=\"margin-bottom: 0cm; text-align: justify;\">quando estamos realizando tarefas simples ou multitarefas complexas.<\/p>\n<p class=\"MsoNormal\" style=\"margin-bottom: 0cm; text-align: justify;\">\u2022 Os tipos de aten\u00e7\u00e3o, tais como a aten\u00e7\u00e3o seletiva, a aten\u00e7\u00e3o dividida, a aten\u00e7\u00e3o<\/p>\n<p class=\"MsoNormal\" style=\"margin-bottom: 0cm; text-align: justify;\">sustentada e a aten\u00e7\u00e3o alternante, desempenham pap\u00e9is espec\u00edficos na nossa vida<\/p>\n<p class=\"MsoNormal\" style=\"margin-bottom: 0cm; text-align: justify;\">cotidiana. A aten\u00e7\u00e3o seletiva nos permite concentrar em informa\u00e7\u00f5es relevantes<\/p>\n<p class=\"MsoNormal\" style=\"margin-bottom: 0cm; text-align: justify;\">enquanto filtramos est\u00edmulos irrelevantes. A aten\u00e7\u00e3o dividida nos permite realizar<\/p>\n<p class=\"MsoNormal\" style=\"margin-bottom: 0cm; text-align: justify;\">m\u00faltiplas tarefas simultaneamente. A aten\u00e7\u00e3o sustentada \u00e9 vital para manter o foco<\/p>\n<p class=\"MsoNormal\" style=\"margin-bottom: 0cm; text-align: justify;\">ao longo do tempo, e a aten\u00e7\u00e3o alternante \u00e9 fundamental para alternar entre<\/p>\n<p class=\"MsoNormal\" style=\"margin-bottom: 0cm; text-align: justify;\">diferentes est\u00edmulos quando necess\u00e1rio.<\/p>\n<p class=\"MsoNormal\" style=\"margin-bottom: 0cm; text-align: justify;\">\u2022 Nesta aula pr\u00e1tica, exploraremos como esses tipos de aten\u00e7\u00e3o interagem com os<\/p>\n<p class=\"MsoNormal\" style=\"margin-bottom: 0cm; text-align: justify;\">fatores que influenciam nossa capacidade de prestar aten\u00e7\u00e3o. Atrav\u00e9s de atividades<\/p>\n<p class=\"MsoNormal\" style=\"margin-bottom: 0cm; text-align: justify;\">pr\u00e1ticas, voc\u00ea ter\u00e1 a oportunidade de experimentar como a aten\u00e7\u00e3o pode ser<\/p>\n<p class=\"MsoNormal\" style=\"margin-bottom: 0cm; text-align: justify;\">direcionada e como os diferentes tipos de aten\u00e7\u00e3o s\u00e3o acionados em situa\u00e7\u00f5es que<\/p>\n<p class=\"MsoNormal\" style=\"margin-bottom: 0cm; text-align: justify;\">possam ser extrapoladas para o nosso dia a dia.<\/p>\n<p class=\"MsoNormal\" style=\"margin-bottom: 0cm; text-align: justify;\">\u2022 Preparado para aprofundar seu conhecimento sobre os tipos de aten\u00e7\u00e3o e entender<\/p>\n<p class=\"MsoNormal\" style=\"margin-bottom: 0cm; text-align: justify;\">como os fatores externos e internos moldam nossa capacidade de selecionar<\/p>\n<p class=\"MsoNormal\" style=\"margin-bottom: 0cm; text-align: justify;\">est\u00edmulos? Vamos iniciar nossa jornada de descoberta.<\/p>\n<p class=\"MsoNormal\" style=\"margin-bottom: 0cm; text-align: justify;\">\u2022 Vamos aos v\u00eddeos:<\/p>\n<p class=\"MsoNormal\" style=\"margin-bottom: 0cm; text-align: justify;\">o Acesse e assista o v\u00eddeo 1: &#8220;TESTE DE ATEN\u00c7\u00c3O &#8211; LEGENDADO&#8221;, durante<\/p>\n<p class=\"MsoNormal\" style=\"margin-bottom: 0cm; text-align: justify;\">a visualiza\u00e7\u00e3o pause o v\u00eddeo no tempo &#8216;0:36&#8217; e responda \u00e0 pergunta<\/p>\n<p class=\"MsoNormal\" style=\"margin-bottom: 0cm; text-align: justify;\">\u201cQuantos passes de bola o time de branco far\u00e1?\u201d, ap\u00f3s responder, continue<\/p>\n<p class=\"MsoNormal\" style=\"margin-bottom: 0cm; text-align: justify;\">com o v\u00eddeo para avaliar se acertou ou n\u00e3o a resposta. Ao fim da<\/p>\n<p class=\"MsoNormal\" style=\"margin-bottom: 0cm; text-align: justify;\">apresenta\u00e7\u00e3o, reflita sobre o questionamento que o v\u00eddeo traz ao final e se<\/p>\n<p class=\"MsoNormal\" style=\"margin-bottom: 0cm; text-align: justify;\">preciso, assista-o novamente.<\/p>\n<p class=\"MsoNormal\" style=\"margin-bottom: 0cm; text-align: justify;\">GENIUMSOFT. TESTE DE ATEN\u00c7\u00c3O &#8211; LEGENDADO. YouTube, 27.08.2009.<\/p>\n<p class=\"MsoNormal\" style=\"margin-bottom: 0cm; text-align: justify;\">Dispon\u00edvel em: https:\/\/www.youtube.com\/watch?v=FzeXeXR9cCs. Acesso em 08 DEZ.<\/p>\n<p class=\"MsoNormal\" style=\"margin-bottom: 0cm; text-align: justify;\">2024.<\/p>\n<p class=\"MsoNormal\" style=\"margin-bottom: 0cm; text-align: justify;\">Ap\u00f3s assistir ao v\u00eddeo 1, questione os alunos: Algu\u00e9m reparou no urso em tela?<\/p>\n<p class=\"MsoNormal\" style=\"margin-bottom: 0cm; text-align: justify;\">\u2022 Posteriormente, assista atentamente ao v\u00eddeo 2: &#8220;TESTE DE ATEN\u00c7\u00c3O E<\/p>\n<p class=\"MsoNormal\" style=\"margin-bottom: 0cm; text-align: justify;\">PERCEP\u00c7\u00c3O&#8221;. Durante a visualiza\u00e7\u00e3o pause o v\u00eddeo no tempo &#8216;1:08&#8217; e responda ao<\/p>\n<p class=\"MsoNormal\" style=\"margin-bottom: 0cm; text-align: justify;\">questionamento feito pelo apresentador. Ao fim da apresenta\u00e7\u00e3o, fa\u00e7a a reflex\u00e3o<\/p>\n<p class=\"MsoNormal\" style=\"margin-bottom: 0cm; text-align: justify;\">provocativa que o v\u00eddeo traz.<\/p>\n<p class=\"MsoNormal\" style=\"margin-bottom: 0cm; text-align: justify;\">P\u00fablico4<\/p>\n<p class=\"MsoNormal\" style=\"margin-bottom: 0cm; text-align: justify;\">GENIUMSOFT. TESTE DE PERCEP\u00c7\u00c3O &#8211; LEGENDADO. YouTube, 30.08.2009.<\/p>\n<p class=\"MsoNormal\" style=\"margin-bottom: 0cm; text-align: justify;\">Dispon\u00edvel em: https:\/\/www.youtube.com\/watch?v=AjBbHbfzwWc. Acesso em 08 DEZ.<\/p>\n<p class=\"MsoNormal\" style=\"margin-bottom: 0cm; text-align: justify;\">2024.<\/p>\n<p class=\"MsoNormal\" style=\"margin-bottom: 0cm; text-align: justify;\">Ap\u00f3s assistir ao v\u00eddeo 2, questione os alunos: Algu\u00e9m reparou nas mudan\u00e7as do<\/p>\n<p class=\"MsoNormal\" style=\"margin-bottom: 0cm; text-align: justify;\">ambiente.<\/p>\n<p class=\"MsoNormal\" style=\"margin-bottom: 0cm; text-align: justify;\">\u2022 Abordar os principais pontos relacionados ao tema da aten\u00e7\u00e3o.<\/p>\n<p class=\"MsoNormal\" style=\"margin-bottom: 0cm; text-align: justify;\">Avaliando os resultados:<\/p>\n<p class=\"MsoNormal\" style=\"margin-bottom: 0cm; text-align: justify;\">\u2022 Reflita sobre a sua experi\u00eancia em assistir aos dois v\u00eddeos e como a situa\u00e7\u00e3o<\/p>\n<p class=\"MsoNormal\" style=\"margin-bottom: 0cm; text-align: justify;\">vivenciada ao assistir aos v\u00eddeos pode ser extrapolada para a vida cotidiana.<\/p>\n<p class=\"MsoNormal\" style=\"margin-bottom: 0cm; text-align: justify;\">\u2022 Elabore uma explica\u00e7\u00e3o fundamentada na teoria sobre a Aten\u00e7\u00e3o e a sele\u00e7\u00e3o de<\/p>\n<p class=\"MsoNormal\" style=\"margin-bottom: 0cm; text-align: justify;\">est\u00edmulos<\/p>\n<p class=\"MsoNormal\" style=\"margin-bottom: 0cm; text-align: justify;\">\u2022 Iniciar uma discuss\u00e3o sobre os aspectos mais importantes relacionados \u00e0 aten\u00e7\u00e3o em<\/p>\n<p class=\"MsoNormal\" style=\"margin-bottom: 0cm; text-align: justify;\">nosso cotidiano. Para tanto, voc\u00ea poder\u00e1 questionar os alunos sobre:<\/p>\n<p class=\"MsoNormal\" style=\"margin-bottom: 0cm; text-align: justify;\">\u2022 A import\u00e2ncia da aten\u00e7\u00e3o, os impactos das tecnologias;<\/p>\n<p class=\"MsoNormal\" style=\"margin-bottom: 0cm; text-align: justify;\">\u2022 A rela\u00e7\u00e3o entre sa\u00fade mental e aten\u00e7\u00e3o;<\/p>\n<p class=\"MsoNormal\" style=\"margin-bottom: 0cm; text-align: justify;\">\u2022 Apresente os dois v\u00eddeos para pelo menos uma pessoa, amigo ou familiar, e avalie o<\/p>\n<p class=\"MsoNormal\" style=\"margin-bottom: 0cm; text-align: justify;\">comportamento e as respostas desta pessoa.<\/p>\n<p class=\"MsoNormal\" style=\"margin-bottom: 0cm; text-align: justify;\">\u2022 Ao final, fa\u00e7a uma explica\u00e7\u00e3o para sobre Aten\u00e7\u00e3o e sele\u00e7\u00e3o de est\u00edmulos, baseado no<\/p>\n<p class=\"MsoNormal\" style=\"margin-bottom: 0cm; text-align: justify;\">que produziu na etapa anterior.<\/p>\n<p class=\"MsoNormal\" style=\"margin-bottom: 0cm; text-align: justify;\">Checklist:<\/p>\n<p class=\"MsoNormal\" style=\"margin-bottom: 0cm; text-align: justify;\">\u2022 Acesso aos v\u00eddeos.<\/p>\n<p class=\"MsoNormal\" style=\"margin-bottom: 0cm; text-align: justify;\">\u2022 Articula\u00e7\u00e3o entre a teoria e a pr\u00e1tica.<\/p>\n<p class=\"MsoNormal\" style=\"margin-bottom: 0cm; text-align: justify;\">\u2022 Sele\u00e7\u00e3o de ao menos uma pessoa para participar da atividade.<\/p>\n<p class=\"MsoNormal\" style=\"margin-bottom: 0cm; text-align: justify;\">\u2022 Apresenta\u00e7\u00e3o dos v\u00eddeos e explica\u00e7\u00e3o sobre Aten\u00e7\u00e3o e sele\u00e7\u00e3o de est\u00edmulos.<\/p>\n<p class=\"MsoNormal\" style=\"margin-bottom: 0cm; text-align: justify;\">RESULTADOS<\/p>\n<p class=\"MsoNormal\" style=\"margin-bottom: 0cm; text-align: justify;\">Resultados do experimento:<\/p>\n<p class=\"MsoNormal\" style=\"margin-bottom: 0cm; text-align: justify;\">Ao final dessa aula pr\u00e1tica, voc\u00ea dever\u00e1 enviar um arquivo em word em formato de texto<\/p>\n<p class=\"MsoNormal\" style=\"margin-bottom: 0cm; text-align: justify;\">contendo as observa\u00e7\u00f5es\/conclu\u00f5es as quais voc\u00ea chegou ao final deste experimento. O<\/p>\n<p class=\"MsoNormal\" style=\"margin-bottom: 0cm; text-align: justify;\">arquivo n\u00e3o pode exceder o tamanho de 2Mb.<\/p>\n<p class=\"MsoNormal\" style=\"margin-bottom: 0cm; text-align: justify;\">\u2022 Refer\u00eancias bibliogr\u00e1ficas ABNT (quando houver).<\/p>\n<p class=\"MsoNormal\" style=\"margin-bottom: 0cm; text-align: justify;\">Resultados de Aprendizagem:<\/p>\n<p class=\"MsoNormal\" style=\"margin-bottom: 0cm; text-align: justify;\">Comentado [MN1]: Esse \u00e9 o comando que<\/p>\n<p class=\"MsoNormal\" style=\"margin-bottom: 0cm; text-align: justify;\">precisamos garantir em todos os reoteiros.<\/p>\n<p class=\"MsoNormal\" style=\"margin-bottom: 0cm; text-align: justify;\">P\u00fablico5<\/p>\n<p class=\"MsoNormal\" style=\"margin-bottom: 0cm; text-align: justify;\">Identificar os processos psicol\u00f3gicos b\u00e1sicos, suas estruturas e funcionamento,<\/p>\n<p class=\"MsoNormal\" style=\"margin-bottom: 0cm; text-align: justify;\">compreendendo a complexidade dos comportamentos humanos, especificamente, o<\/p>\n<p class=\"MsoNormal\" style=\"margin-bottom: 0cm; text-align: justify;\">conceito de aten\u00e7\u00e3o e sele\u00e7\u00e3o de est\u00edmulos.<\/p>\n<div class=\"elementor-toggle-item\" style=\"box-sizing: border-box;\">\n<div class=\"elementor-toggle-item\">\n<p id=\"elementor-tab-title-1941\" class=\"elementor-tab-title elementor-active\" tabindex=\"0\" role=\"tab\" data-tab=\"1\" aria-controls=\"elementor-tab-content-1941\" aria-expanded=\"true\" aria-selected=\"true\"><strong>Como funciona?<\/strong><\/p>\n<p>Elaboramos os portf\u00f3lios, j\u00e1 deixamos prontos, nas normas da ABNT e conforme os requisitos da universidade. F\u00e1cil assim! O MELHOR \u00c9 QUE VOC\u00ca COMPRA E J\u00c1 BAIXA NA HORA O SEU ARQUIVO EM WORD! Sabemos que conciliar trabalho, fam\u00edlia, vida profissional e estudos \u00e9 dif\u00edcil hoje em dia, por isso, estamos aqui para ajudar voc\u00ea. Conte com nossa qualidade, experi\u00eancia e profissionalismo adquirindo seu portf\u00f3lio conosco. GARANTIMOS SEU CONCEITO!<\/p>\n<p><strong>Como se realizam os envios?<\/strong><\/p>\n<\/div>\n<p id=\"elementor-tab-content-1942\" class=\"elementor-tab-content elementor-clearfix elementor-active\" role=\"tabpanel\" data-tab=\"2\" aria-labelledby=\"elementor-tab-title-1942\">O seu trabalho \u00e9 disponibilizado pronto, respondido e nas normas j\u00e1 na mesma hora aqui em nosso site na sua \u00e1rea de downloads e tamb\u00e9m no seu e-mail.<\/p>\n<p><strong>Em quanto tempo recebo o portf\u00f3lio?<\/strong><\/p>\n<p>Os envios s\u00e3o imediatos. Ap\u00f3s sua compra, o trabalho j\u00e1 \u00e9 disponibilizado instantaneamente aqui em nosso site e no seu e-mail.<\/p>\n<p><strong>E se o portf\u00f3lio que comprei precisar de corre\u00e7\u00e3o?<\/strong><\/p>\n<p>Caso haja alguma solicita\u00e7\u00e3o de corre\u00e7\u00e3o\/altera\u00e7\u00e3o por parte do tutor, basta entrar em contato conosco pelo\u00a0WhatsApp\u00a0que provid\u00eanciaremos sem custo algum.<\/p>\n<p><strong>Qual o formato do arquivo?<\/strong><\/p>\n<p>Os arquivos s\u00e3o enviados em formato Word e s\u00e3o edit\u00e1veis.<\/p>\n<p><strong>Caso eu tiver alguma d\u00favida, terei suporte no p\u00f3s venda?<\/strong><\/p>\n<p>Sim, com certeza. Basta clicar no \u00edcone do WhatsApp no cantinho da tela. Ser\u00e1 um prazer atend\u00ea-lo(a).<\/p>\n<div id=\"elementor-tab-content-1948\" class=\"elementor-tab-content elementor-clearfix elementor-active\" role=\"tabpanel\" data-tab=\"8\" aria-labelledby=\"elementor-tab-title-1948\">\n<p><strong>Quais os seus canais de contato?<\/strong><\/p>\n<\/div>\n<div id=\"elementor-tab-content-1949\" class=\"elementor-tab-content elementor-clearfix elementor-active\" role=\"tabpanel\" data-tab=\"9\" aria-labelledby=\"elementor-tab-title-1949\">\n<p>Whatsapp: 53 984751621 \u2013 Clicar no canto da tela ou ESCANEIE O QRCODE ABAIXO<\/p>\n<h4><img decoding=\"async\" class=\"alignnone wp-image-13699 jetpack-lazy-image jetpack-lazy-image--handled\" src=\"https:\/\/i0.wp.com\/portifolioos-prontos.com\/wp-content\/uploads\/2023\/02\/whatsapp-business-projeto-de-extensao-300x300.jpeg?resize=144%2C144\" sizes=\"(max-width: 144px) 100vw, 144px\" srcset=\"https:\/\/i0.wp.com\/portifolioos-prontos.com\/wp-content\/uploads\/2023\/02\/whatsapp-business-projeto-de-extensao.jpeg?resize=300%2C301&amp;ssl=1 300w, https:\/\/i0.wp.com\/portifolioos-prontos.com\/wp-content\/uploads\/2023\/02\/whatsapp-business-projeto-de-extensao.jpeg?resize=150%2C150&amp;ssl=1 150w, https:\/\/i0.wp.com\/portifolioos-prontos.com\/wp-content\/uploads\/2023\/02\/whatsapp-business-projeto-de-extensao.jpeg?resize=370%2C372&amp;ssl=1 370w, https:\/\/i0.wp.com\/portifolioos-prontos.com\/wp-content\/uploads\/2023\/02\/whatsapp-business-projeto-de-extensao.jpeg?resize=100%2C100&amp;ssl=1 100w, https:\/\/i0.wp.com\/portifolioos-prontos.com\/wp-content\/uploads\/2023\/02\/whatsapp-business-projeto-de-extensao.jpeg?w=470&amp;ssl=1 470w\" alt=\"projeto de extens\u00e3o unopar\" width=\"144\" height=\"144\" data-lazy-loaded=\"1\" \/><\/h4>\n<\/div>\n<div class=\"elementor-toggle-item\">\n<div id=\"elementor-tab-content-1949\" class=\"elementor-tab-content elementor-clearfix elementor-active\" role=\"tabpanel\" data-tab=\"9\" aria-labelledby=\"elementor-tab-title-1949\">\n<p>E-mail:portifoliosp@gmail.com<\/p>\n<div id=\"attachment_143\" class=\"wp-caption alignnone\">\n<div id=\"attachment_143\" class=\"wp-caption alignnone\">\n<p id=\"caption-attachment-143\" class=\"wp-caption-text\"><a href=\"http:\/\/portfolio-pronto.com\/\">Portf\u00f3lio<\/a>\u00a0em Word, respondido, completo e j\u00e1 nas normas<\/p>\n<\/div>\n<\/div>\n<\/div>\n<\/div>\n<\/div>\n","protected":false},"excerpt":{"rendered":"<div class=\"product-short-description\" style=\"box-sizing: border-box;\">\n<p style=\"box-sizing: border-box; color: var(--mf-dark-color);\">CONTEMPLA AS DUAS UNIDADES SOLICITADAS<\/p>\n<div class=\"product-short-description\">\n<p><strong>Pague pelo PIX ou cart\u00e3o e fa\u00e7a o download agora mesmo.<\/strong><\/p>\n<\/div>\n<div class=\"sticky-add-to-cart-wrapper\">\n<div class=\"sticky-add-to-cart\">\n<p class=\"quantity buttons_added form-flat\"><img decoding=\"async\" class=\"lazyloaded smush-image-5 smush-image-3 smush-image-4 smush-detected-img smush-image-bigger-3\" src=\"https:\/\/d26lpennugtm8s.cloudfront.net\/assets\/common\/img\/logos\/payment\/visa@2x.png\" width=\"46\" height=\"29\" data-src=\"https:\/\/d26lpennugtm8s.cloudfront.net\/assets\/common\/img\/logos\/payment\/visa@2x.png\" \/><img decoding=\"async\" class=\"lazyloaded smush-image-6 smush-image-4 smush-image-5 smush-detected-img smush-image-bigger-4\" src=\"https:\/\/d26lpennugtm8s.cloudfront.net\/assets\/common\/img\/logos\/payment\/boleto@2x.png\" width=\"43\" height=\"27\" data-src=\"https:\/\/d26lpennugtm8s.cloudfront.net\/assets\/common\/img\/logos\/payment\/boleto@2x.png\" \/><img loading=\"lazy\" decoding=\"async\" class=\"lazyloaded smush-image-7 smush-image-5 smush-image-6 smush-detected-img smush-image-bigger-5\" src=\"https:\/\/d26lpennugtm8s.cloudfront.net\/assets\/common\/img\/logos\/payment\/mastercard@2x.png\" width=\"43\" height=\"27\" data-src=\"https:\/\/d26lpennugtm8s.cloudfront.net\/assets\/common\/img\/logos\/payment\/mastercard@2x.png\" \/><img loading=\"lazy\" decoding=\"async\" class=\"lazyloaded smush-image-8 smush-image-6 smush-image-7 smush-detected-img smush-image-bigger-6\" src=\"https:\/\/d26lpennugtm8s.cloudfront.net\/assets\/common\/img\/logos\/payment\/amex@2x.png\" width=\"43\" height=\"27\" data-src=\"https:\/\/d26lpennugtm8s.cloudfront.net\/assets\/common\/img\/logos\/payment\/amex@2x.png\" \/><img loading=\"lazy\" decoding=\"async\" class=\"lazyloaded smush-image-9 smush-image-7 smush-image-8 smush-detected-img smush-image-bigger-7\" src=\"https:\/\/d26lpennugtm8s.cloudfront.net\/assets\/common\/img\/logos\/payment\/diners@2x.png\" width=\"46\" height=\"29\" data-src=\"https:\/\/d26lpennugtm8s.cloudfront.net\/assets\/common\/img\/logos\/payment\/diners@2x.png\" \/><img loading=\"lazy\" decoding=\"async\" class=\"lazyloaded smush-image-10 smush-image-8 smush-image-9 alignnone smush-detected-img smush-image-bigger-8\" src=\"https:\/\/d26lpennugtm8s.cloudfront.net\/assets\/common\/img\/logos\/payment\/br\/elo@2x.png\" alt=\"portf\u00f3lio unopar anhanguera\" width=\"45\" height=\"28\" data-src=\"https:\/\/d26lpennugtm8s.cloudfront.net\/assets\/common\/img\/logos\/payment\/br\/elo@2x.png\" \/><img loading=\"lazy\" decoding=\"async\" class=\"lazyloaded smush-image-11 smush-image-9 smush-image-10 alignnone smush-detected-img smush-image-bigger-9\" src=\"https:\/\/d26lpennugtm8s.cloudfront.net\/assets\/common\/img\/logos\/payment\/br\/hipercard@2x.png\" alt=\"portf\u00f3lio unopar anhanguera\" width=\"44\" height=\"28\" data-src=\"https:\/\/d26lpennugtm8s.cloudfront.net\/assets\/common\/img\/logos\/payment\/br\/hipercard@2x.png\" \/><img loading=\"lazy\" decoding=\"async\" class=\"lazyloaded smush-image-12 smush-image-10 smush-image-11 alignnone smush-detected-img smush-image-bigger-10\" src=\"https:\/\/d26lpennugtm8s.cloudfront.net\/assets\/common\/img\/logos\/payment\/mercadopago@2x.png\" alt=\"portf\u00f3lio unopar anhanguera\" width=\"45\" height=\"28\" data-src=\"https:\/\/d26lpennugtm8s.cloudfront.net\/assets\/common\/img\/logos\/payment\/mercadopago@2x.png\" \/><img loading=\"lazy\" decoding=\"async\" class=\"alignnone lazyloaded smush-detected-img smush-image-bigger-11\" src=\"https:\/\/futurium.com.br\/wp-content\/uploads\/2021\/06\/logo-pix-icone-512.png\" alt=\"portfolio pronto\" width=\"30\" height=\"30\" data-src=\"https:\/\/futurium.com.br\/wp-content\/uploads\/2021\/06\/logo-pix-icone-512.png\" \/><\/p>\n<\/div>\n<\/div>\n<\/div>\n","protected":false},"featured_media":35371,"template":"","meta":{"_seopress_robots_primary_cat":"none","_seopress_titles_title":"%%post_title%% %%sitetitle%%","_seopress_titles_desc":"%%post_content%%","_seopress_robots_index":""},"product_cat":[142],"product_tag":[],"class_list":{"0":"post-35368","1":"product","2":"type-product","3":"status-publish","4":"has-post-thumbnail","6":"product_cat-psicopedagogia","8":"first","9":"instock","10":"shipping-taxable","11":"purchasable","12":"product-type-simple","13":"col-xs-6 col-sm-4","14":"col-mf-5","15":"un-5-cols"},"jetpack_sharing_enabled":true,"_links":{"self":[{"href":"https:\/\/portifolioos-prontos.com\/index.php\/wp-json\/wp\/v2\/product\/35368","targetHints":{"allow":["GET"]}}],"collection":[{"href":"https:\/\/portifolioos-prontos.com\/index.php\/wp-json\/wp\/v2\/product"}],"about":[{"href":"https:\/\/portifolioos-prontos.com\/index.php\/wp-json\/wp\/v2\/types\/product"}],"version-history":[{"count":0,"href":"https:\/\/portifolioos-prontos.com\/index.php\/wp-json\/wp\/v2\/product\/35368\/revisions"}],"wp:featuredmedia":[{"embeddable":true,"href":"https:\/\/portifolioos-prontos.com\/index.php\/wp-json\/wp\/v2\/media\/35371"}],"wp:attachment":[{"href":"https:\/\/portifolioos-prontos.com\/index.php\/wp-json\/wp\/v2\/media?parent=35368"}],"wp:term":[{"taxonomy":"product_cat","embeddable":true,"href":"https:\/\/portifolioos-prontos.com\/index.php\/wp-json\/wp\/v2\/product_cat?post=35368"},{"taxonomy":"product_tag","embeddable":true,"href":"https:\/\/portifolioos-prontos.com\/index.php\/wp-json\/wp\/v2\/product_tag?post=35368"}],"curies":[{"name":"wp","href":"https:\/\/api.w.org\/{rel}","templated":true}]}}