{"id":35383,"date":"2025-03-05T09:41:19","date_gmt":"2025-03-05T12:41:19","guid":{"rendered":"https:\/\/portifolioos-prontos.com\/?post_type=product&#038;p=35383"},"modified":"2025-10-24T09:13:24","modified_gmt":"2025-10-24T12:13:24","slug":"projeto-integrado-inovacao-cst-em-blockchain-criptomoedas-e-financas-na-era-digital","status":"publish","type":"product","link":"https:\/\/portifolioos-prontos.com\/index.php\/product\/projeto-integrado-inovacao-cst-em-blockchain-criptomoedas-e-financas-na-era-digital\/","title":{"rendered":"Projeto Integrado Inova\u00e7\u00e3o &#8211; CST em Blockchain, Criptomoedas e Finan\u00e7as na Era Digital"},"content":{"rendered":"<h5>Portf\u00f3lio Projeto Integrado Inova\u00e7\u00e3o &#8211; CST em Blockchain, Criptomoedas e Finan\u00e7as na Era Digital<\/h5>\n<p class=\"MsoNormal\" style=\"margin-bottom: 0cm;\">SITUA\u00c7\u00c3O GERADORA DE APRENDIZAGEM (SGA)<\/p>\n<p class=\"MsoNormal\" style=\"margin-bottom: 0cm;\">O processo de gest\u00e3o e a forma como o trabalho ser\u00e1 realizado no futuro, passar\u00e3o por<\/p>\n<p class=\"MsoNormal\" style=\"margin-bottom: 0cm;\">mudan\u00e7as significativas nos diferentes setores da economia, seja por causa do uso da intelig\u00eancia<\/p>\n<p class=\"MsoNormal\" style=\"margin-bottom: 0cm;\">artificial para fazer de forma diferente aquilo que \u00e9 feito hoje, seja por conta da substitui\u00e7\u00e3o do<\/p>\n<p class=\"MsoNormal\" style=\"margin-bottom: 0cm;\">trabalho humano em atividades ou fun\u00e7\u00f5es que passar\u00e3o a usar a tecnologia e a IA, ou ainda, por<\/p>\n<p class=\"MsoNormal\" style=\"margin-bottom: 0cm;\">conta da extin\u00e7\u00e3o de segmentos inteiros que hoje existem fisicamente, e passar\u00e3o a existir apenas<\/p>\n<p class=\"MsoNormal\" style=\"margin-bottom: 0cm;\">no campo virtual, por meio de sites ou aplicativos.<\/p>\n<p class=\"MsoNormal\" style=\"margin-bottom: 0cm;\">Tanto do ponto de vista do empreendedorismo, quanto da estrat\u00e9gia e marketing, ou ainda<\/p>\n<p class=\"MsoNormal\" style=\"margin-bottom: 0cm;\">passando pelas \u00e1reas de produ\u00e7\u00e3o, log\u00edstica, finan\u00e7as, gest\u00e3o de pessoas, ou opera\u00e7\u00f5es, quanto<\/p>\n<p class=\"MsoNormal\" style=\"margin-bottom: 0cm;\">passando por \u00e1reas como servi\u00e7os, eventos, turismo, segmentos como investimentos, finan\u00e7as<\/p>\n<p class=\"MsoNormal\" style=\"margin-bottom: 0cm;\">digitais, e at\u00e9 mesmo o turismo, ser\u00e3o impactados pela inova\u00e7\u00e3o e pelas transforma\u00e7\u00f5es do futuro<\/p>\n<p class=\"MsoNormal\" style=\"margin-bottom: 0cm;\">dos neg\u00f3cios.<\/p>\n<p class=\"MsoNormal\" style=\"margin-bottom: 0cm;\">Tais mudan\u00e7as gerar\u00e3o medo, perda de postos de trabalho, novas formas de fazer aquilo que<\/p>\n<p class=\"MsoNormal\" style=\"margin-bottom: 0cm;\">\u00e9 feito pelas pessoas, mas ao mesmo tempo, gerar\u00e3o oportunidades, novos postos de trabalho, novas<\/p>\n<p class=\"MsoNormal\" style=\"margin-bottom: 0cm;\">formas de fazer aquilo que hoje exige esfor\u00e7o manual, e por fim, novas formas de trabalhar nas mais<\/p>\n<p class=\"MsoNormal\" style=\"margin-bottom: 0cm;\">diferentes \u00e1reas.<\/p>\n<p class=\"MsoNormal\" style=\"margin-bottom: 0cm;\">O que isso significa? Que embora sejamos criativos e inovadores, embora tenhamos<\/p>\n<p class=\"MsoNormal\" style=\"margin-bottom: 0cm;\">condi\u00e7\u00f5es de trabalhar de diferentes formas atualmente, as empresas e a gest\u00e3o como um todo,<\/p>\n<p class=\"MsoNormal\" style=\"margin-bottom: 0cm;\">ainda n\u00e3o utilizam todo o potencial, humano, tecnol\u00f3gico e mesmo estrutural dentro dos modelos<\/p>\n<p class=\"MsoNormal\" style=\"margin-bottom: 0cm;\">vigentes.<\/p>\n<p class=\"MsoNormal\" style=\"margin-bottom: 0cm;\">Com a IA, esta fronteira ser\u00e1 ultrapassada, e as empresas, a gest\u00e3o e os diferentes modelos<\/p>\n<p class=\"MsoNormal\" style=\"margin-bottom: 0cm;\">de neg\u00f3cios ser\u00e3o impulsionados a um novo patamar, tanto na execu\u00e7\u00e3o das tarefas, quanto no<\/p>\n<p class=\"MsoNormal\" style=\"margin-bottom: 0cm;\">tocante \u00e0 melhor utiliza\u00e7\u00e3o dos recursos e pessoas no campo de trabalho<\/p>\n<p class=\"MsoNormal\" style=\"margin-bottom: 0cm;\">O que isso significa?<\/p>\n<p class=\"MsoNormal\" style=\"margin-bottom: 0cm;\">Os modelos de neg\u00f3cios atuais deixar\u00e3o de existir?<\/p>\n<p class=\"MsoNormal\" style=\"margin-bottom: 0cm;\">As pessoas ser\u00e3o substitu\u00eddas?<\/p>\n<p class=\"MsoNormal\" style=\"margin-bottom: 0cm;\">A gest\u00e3o nos diferentes segmentos mudar\u00e1?<\/p>\n<p class=\"MsoNormal\" style=\"margin-bottom: 0cm;\">PROJETO INTEGRADO<\/p>\n<p class=\"MsoNormal\" style=\"margin-bottom: 0cm;\">A partir destas reflex\u00f5es e da leitura dos textos, voc\u00ea dever\u00e1 analisar e pensar sob as<\/p>\n<p class=\"MsoNormal\" style=\"margin-bottom: 0cm;\">diferentes premissas que se aplicam ao contexto profissional de sua \u00e1rea.<\/p>\n<p class=\"MsoNormal\" style=\"margin-bottom: 0cm;\">Agora \u00e9 com voc\u00ea!<\/p>\n<p class=\"MsoNormal\" style=\"margin-bottom: 0cm;\">Considerando o texto-base e contexto acima, voc\u00ea dever\u00e1 analisar os pontos a seguir, e a<\/p>\n<p class=\"MsoNormal\" style=\"margin-bottom: 0cm;\">partir disso, elaborar um relat\u00f3rio inerente a tem\u00e1tica do nosso projeto integrador.<\/p>\n<p class=\"MsoNormal\" style=\"margin-bottom: 0cm;\">Voc\u00ea deve argumentar, utilizando-se de artigos cient\u00edficos, not\u00edcias em fontes confi\u00e1veis,<\/p>\n<p class=\"MsoNormal\" style=\"margin-bottom: 0cm;\">livros, dentre outras fontes de pesquisa.<\/p>\n<p class=\"MsoNormal\" style=\"margin-bottom: 0cm;\">Voc\u00ea dever\u00e1 cumprir alguns requisitos, a saber:<\/p>\n<p class=\"MsoNormal\" style=\"margin-bottom: 0cm;\">1. Voc\u00ea dever\u00e1 listar algumas das novas tecnologias que podem ser utilizadas nas rotinas<\/p>\n<p class=\"MsoNormal\" style=\"margin-bottom: 0cm;\">da \u00e1rea de finan\u00e7as\/gest\u00e3o, apresentando quais seriam os pontos fortes, fracos, as<\/p>\n<p class=\"MsoNormal\" style=\"margin-bottom: 0cm;\">amea\u00e7as e oportunidades, vinculados ao uso das tecnologias listadas;<\/p>\n<p class=\"MsoNormal\" style=\"margin-bottom: 0cm;\">2. Voc\u00ea dever\u00e1 apresentar como a blockchain e as criptomoedas est\u00e3o influenciando o<\/p>\n<p class=\"MsoNormal\" style=\"margin-bottom: 0cm;\">setor financeiro tradicional;<\/p>\n<p class=\"MsoNormal\" style=\"margin-bottom: 0cm;\">3. Voc\u00ea dever\u00e1 apresentar como a intelig\u00eancia artificial est\u00e1 transformando a an\u00e1lise de<\/p>\n<p class=\"MsoNormal\" style=\"margin-bottom: 0cm;\">dados financeiros;<\/p>\n<p class=\"MsoNormal\" style=\"margin-bottom: 0cm;\">4. Voc\u00ea dever\u00e1 apresentar quais s\u00e3o as implica\u00e7\u00f5es \u00e9ticas e de seguran\u00e7a associadas ao<\/p>\n<p class=\"MsoNormal\" style=\"margin-bottom: 0cm;\">uso de IA em finan\u00e7as;<\/p>\n<p class=\"MsoNormal\" style=\"margin-bottom: 0cm;\">5. Voc\u00ea dever\u00e1 apresentar quaiss\u00e3o os principais desafiosregulat\u00f3rios enfrentados pelas<\/p>\n<p class=\"MsoNormal\" style=\"margin-bottom: 0cm;\">empresas que adotam tecnologias disruptivas no setor financeiro.<\/p>\n<div class=\"elementor-toggle-item\" style=\"box-sizing: border-box;\">\n<div class=\"elementor-toggle-item\">\n<p id=\"elementor-tab-title-1941\" class=\"elementor-tab-title elementor-active\" tabindex=\"0\" role=\"tab\" data-tab=\"1\" aria-controls=\"elementor-tab-content-1941\" aria-expanded=\"true\" aria-selected=\"true\"><strong>Como funciona?<\/strong><\/p>\n<p>Elaboramos os portf\u00f3lios, j\u00e1 deixamos prontos, nas normas da ABNT e conforme os requisitos da universidade. F\u00e1cil assim! O MELHOR \u00c9 QUE VOC\u00ca COMPRA E J\u00c1 BAIXA NA HORA O SEU ARQUIVO EM WORD! Sabemos que conciliar trabalho, fam\u00edlia, vida profissional e estudos \u00e9 dif\u00edcil hoje em dia, por isso, estamos aqui para ajudar voc\u00ea. Conte com nossa qualidade, experi\u00eancia e profissionalismo adquirindo seu portf\u00f3lio conosco. GARANTIMOS SEU CONCEITO!<\/p>\n<p><strong>Como se realizam os envios?<\/strong><\/p>\n<\/div>\n<p id=\"elementor-tab-content-1942\" class=\"elementor-tab-content elementor-clearfix elementor-active\" role=\"tabpanel\" data-tab=\"2\" aria-labelledby=\"elementor-tab-title-1942\">O seu trabalho \u00e9 disponibilizado pronto, respondido e nas normas j\u00e1 na mesma hora aqui em nosso site na sua \u00e1rea de downloads e tamb\u00e9m no seu e-mail.<\/p>\n<p><strong>Em quanto tempo recebo o portf\u00f3lio?<\/strong><\/p>\n<p>Os envios s\u00e3o imediatos. Ap\u00f3s sua compra, o trabalho j\u00e1 \u00e9 disponibilizado instantaneamente aqui em nosso site e no seu e-mail.<\/p>\n<p><strong>E se o portf\u00f3lio que comprei precisar de corre\u00e7\u00e3o?<\/strong><\/p>\n<p>Caso haja alguma solicita\u00e7\u00e3o de corre\u00e7\u00e3o\/altera\u00e7\u00e3o por parte do tutor, basta entrar em contato conosco pelo\u00a0WhatsApp\u00a0que provid\u00eanciaremos sem custo algum.<\/p>\n<p><strong>Qual o formato do arquivo?<\/strong><\/p>\n<p>Os arquivos s\u00e3o enviados em formato Word e s\u00e3o edit\u00e1veis.<\/p>\n<p><strong>Caso eu tiver alguma d\u00favida, terei suporte no p\u00f3s venda?<\/strong><\/p>\n<p>Sim, com certeza. Basta clicar no \u00edcone do WhatsApp no cantinho da tela. Ser\u00e1 um prazer atend\u00ea-lo(a).<\/p>\n<div id=\"elementor-tab-content-1948\" class=\"elementor-tab-content elementor-clearfix elementor-active\" role=\"tabpanel\" data-tab=\"8\" aria-labelledby=\"elementor-tab-title-1948\">\n<p><strong>Quais os seus canais de contato?<\/strong><\/p>\n<\/div>\n<div id=\"elementor-tab-content-1949\" class=\"elementor-tab-content elementor-clearfix elementor-active\" role=\"tabpanel\" data-tab=\"9\" aria-labelledby=\"elementor-tab-title-1949\">\n<p>Whatsapp: 53 984751621 \u2013 Clicar no canto da tela ou ESCANEIE O QRCODE ABAIXO<\/p>\n<h4><img decoding=\"async\" class=\"alignnone wp-image-13699 jetpack-lazy-image jetpack-lazy-image--handled\" src=\"https:\/\/i0.wp.com\/portifolioos-prontos.com\/wp-content\/uploads\/2023\/02\/whatsapp-business-projeto-de-extensao-300x300.jpeg?resize=144%2C144\" sizes=\"(max-width: 144px) 100vw, 144px\" srcset=\"https:\/\/i0.wp.com\/portifolioos-prontos.com\/wp-content\/uploads\/2023\/02\/whatsapp-business-projeto-de-extensao.jpeg?resize=300%2C301&amp;ssl=1 300w, https:\/\/i0.wp.com\/portifolioos-prontos.com\/wp-content\/uploads\/2023\/02\/whatsapp-business-projeto-de-extensao.jpeg?resize=150%2C150&amp;ssl=1 150w, https:\/\/i0.wp.com\/portifolioos-prontos.com\/wp-content\/uploads\/2023\/02\/whatsapp-business-projeto-de-extensao.jpeg?resize=370%2C372&amp;ssl=1 370w, https:\/\/i0.wp.com\/portifolioos-prontos.com\/wp-content\/uploads\/2023\/02\/whatsapp-business-projeto-de-extensao.jpeg?resize=100%2C100&amp;ssl=1 100w, https:\/\/i0.wp.com\/portifolioos-prontos.com\/wp-content\/uploads\/2023\/02\/whatsapp-business-projeto-de-extensao.jpeg?w=470&amp;ssl=1 470w\" alt=\"projeto de extens\u00e3o unopar\" width=\"144\" height=\"144\" data-lazy-loaded=\"1\" \/><\/h4>\n<\/div>\n<div class=\"elementor-toggle-item\">\n<div id=\"elementor-tab-content-1949\" class=\"elementor-tab-content elementor-clearfix elementor-active\" role=\"tabpanel\" data-tab=\"9\" aria-labelledby=\"elementor-tab-title-1949\">\n<p>E-mail:portifoliosp@gmail.com<\/p>\n<div id=\"attachment_143\" class=\"wp-caption alignnone\">\n<div id=\"attachment_143\" class=\"wp-caption alignnone\">\n<p id=\"caption-attachment-143\" class=\"wp-caption-text\"><a href=\"http:\/\/portfolio-pronto.com\/\">Portf\u00f3lio<\/a>\u00a0em Word, respondido, completo e j\u00e1 nas normas<\/p>\n<\/div>\n<\/div>\n<\/div>\n<\/div>\n<\/div>\n","protected":false},"excerpt":{"rendered":"<div class=\"product-short-description\" style=\"box-sizing: border-box;\">\n<div class=\"product-short-description\">\n<p><strong>Pague pelo PIX ou cart\u00e3o e fa\u00e7a o download agora mesmo.<\/strong><\/p>\n<\/div>\n<div class=\"sticky-add-to-cart-wrapper\">\n<div class=\"sticky-add-to-cart\">\n<p class=\"quantity buttons_added form-flat\"><img decoding=\"async\" class=\"lazyloaded smush-image-5 smush-image-3 smush-image-4 smush-detected-img smush-image-bigger-3\" src=\"https:\/\/d26lpennugtm8s.cloudfront.net\/assets\/common\/img\/logos\/payment\/visa@2x.png\" width=\"46\" height=\"29\" data-src=\"https:\/\/d26lpennugtm8s.cloudfront.net\/assets\/common\/img\/logos\/payment\/visa@2x.png\" \/><img decoding=\"async\" class=\"lazyloaded smush-image-6 smush-image-4 smush-image-5 smush-detected-img smush-image-bigger-4\" src=\"https:\/\/d26lpennugtm8s.cloudfront.net\/assets\/common\/img\/logos\/payment\/boleto@2x.png\" width=\"43\" height=\"27\" data-src=\"https:\/\/d26lpennugtm8s.cloudfront.net\/assets\/common\/img\/logos\/payment\/boleto@2x.png\" \/><img loading=\"lazy\" decoding=\"async\" class=\"lazyloaded smush-image-7 smush-image-5 smush-image-6 smush-detected-img smush-image-bigger-5\" src=\"https:\/\/d26lpennugtm8s.cloudfront.net\/assets\/common\/img\/logos\/payment\/mastercard@2x.png\" width=\"43\" height=\"27\" data-src=\"https:\/\/d26lpennugtm8s.cloudfront.net\/assets\/common\/img\/logos\/payment\/mastercard@2x.png\" \/><img loading=\"lazy\" decoding=\"async\" class=\"lazyloaded smush-image-8 smush-image-6 smush-image-7 smush-detected-img smush-image-bigger-6\" src=\"https:\/\/d26lpennugtm8s.cloudfront.net\/assets\/common\/img\/logos\/payment\/amex@2x.png\" width=\"43\" height=\"27\" data-src=\"https:\/\/d26lpennugtm8s.cloudfront.net\/assets\/common\/img\/logos\/payment\/amex@2x.png\" \/><img loading=\"lazy\" decoding=\"async\" class=\"lazyloaded smush-image-9 smush-image-7 smush-image-8 smush-detected-img smush-image-bigger-7\" src=\"https:\/\/d26lpennugtm8s.cloudfront.net\/assets\/common\/img\/logos\/payment\/diners@2x.png\" width=\"46\" height=\"29\" data-src=\"https:\/\/d26lpennugtm8s.cloudfront.net\/assets\/common\/img\/logos\/payment\/diners@2x.png\" \/><img loading=\"lazy\" decoding=\"async\" class=\"lazyloaded smush-image-10 smush-image-8 smush-image-9 alignnone smush-detected-img smush-image-bigger-8\" src=\"https:\/\/d26lpennugtm8s.cloudfront.net\/assets\/common\/img\/logos\/payment\/br\/elo@2x.png\" alt=\"portf\u00f3lio unopar anhanguera\" width=\"45\" height=\"28\" data-src=\"https:\/\/d26lpennugtm8s.cloudfront.net\/assets\/common\/img\/logos\/payment\/br\/elo@2x.png\" \/><img loading=\"lazy\" decoding=\"async\" class=\"lazyloaded smush-image-11 smush-image-9 smush-image-10 alignnone smush-detected-img smush-image-bigger-9\" src=\"https:\/\/d26lpennugtm8s.cloudfront.net\/assets\/common\/img\/logos\/payment\/br\/hipercard@2x.png\" alt=\"portf\u00f3lio unopar anhanguera\" width=\"44\" height=\"28\" data-src=\"https:\/\/d26lpennugtm8s.cloudfront.net\/assets\/common\/img\/logos\/payment\/br\/hipercard@2x.png\" \/><img loading=\"lazy\" decoding=\"async\" class=\"lazyloaded smush-image-12 smush-image-10 smush-image-11 alignnone smush-detected-img smush-image-bigger-10\" src=\"https:\/\/d26lpennugtm8s.cloudfront.net\/assets\/common\/img\/logos\/payment\/mercadopago@2x.png\" alt=\"portf\u00f3lio unopar anhanguera\" width=\"45\" height=\"28\" data-src=\"https:\/\/d26lpennugtm8s.cloudfront.net\/assets\/common\/img\/logos\/payment\/mercadopago@2x.png\" \/><img loading=\"lazy\" decoding=\"async\" class=\"alignnone lazyloaded smush-detected-img smush-image-bigger-11\" src=\"https:\/\/futurium.com.br\/wp-content\/uploads\/2021\/06\/logo-pix-icone-512.png\" alt=\"portfolio pronto\" width=\"30\" height=\"30\" data-src=\"https:\/\/futurium.com.br\/wp-content\/uploads\/2021\/06\/logo-pix-icone-512.png\" \/><\/p>\n<\/div>\n<\/div>\n<\/div>\n","protected":false},"featured_media":35386,"template":"","meta":{"_seopress_robots_primary_cat":"","_seopress_titles_title":"%%post_title%% %%sitetitle%%","_seopress_titles_desc":"%%post_content%%","_seopress_robots_index":""},"product_cat":[72,764],"product_tag":[],"class_list":{"0":"post-35383","1":"product","2":"type-product","3":"status-publish","4":"has-post-thumbnail","6":"product_cat-blockchain-criptomoedas-e-financas-na-era-digital","7":"product_cat-projeto-integrado-inovacao-gestao","9":"first","10":"instock","11":"downloadable","12":"virtual","13":"purchasable","14":"product-type-simple","15":"col-xs-6 col-sm-4","16":"col-mf-5","17":"un-5-cols"},"jetpack_sharing_enabled":true,"_links":{"self":[{"href":"https:\/\/portifolioos-prontos.com\/index.php\/wp-json\/wp\/v2\/product\/35383","targetHints":{"allow":["GET"]}}],"collection":[{"href":"https:\/\/portifolioos-prontos.com\/index.php\/wp-json\/wp\/v2\/product"}],"about":[{"href":"https:\/\/portifolioos-prontos.com\/index.php\/wp-json\/wp\/v2\/types\/product"}],"version-history":[{"count":1,"href":"https:\/\/portifolioos-prontos.com\/index.php\/wp-json\/wp\/v2\/product\/35383\/revisions"}],"predecessor-version":[{"id":46842,"href":"https:\/\/portifolioos-prontos.com\/index.php\/wp-json\/wp\/v2\/product\/35383\/revisions\/46842"}],"wp:featuredmedia":[{"embeddable":true,"href":"https:\/\/portifolioos-prontos.com\/index.php\/wp-json\/wp\/v2\/media\/35386"}],"wp:attachment":[{"href":"https:\/\/portifolioos-prontos.com\/index.php\/wp-json\/wp\/v2\/media?parent=35383"}],"wp:term":[{"taxonomy":"product_cat","embeddable":true,"href":"https:\/\/portifolioos-prontos.com\/index.php\/wp-json\/wp\/v2\/product_cat?post=35383"},{"taxonomy":"product_tag","embeddable":true,"href":"https:\/\/portifolioos-prontos.com\/index.php\/wp-json\/wp\/v2\/product_tag?post=35383"}],"curies":[{"name":"wp","href":"https:\/\/api.w.org\/{rel}","templated":true}]}}