{"id":35419,"date":"2025-03-05T22:24:51","date_gmt":"2025-03-06T01:24:51","guid":{"rendered":"https:\/\/portifolioos-prontos.com\/?post_type=product&#038;p=35419"},"modified":"2025-08-11T22:01:49","modified_gmt":"2025-08-12T01:01:49","slug":"aula-pratica-sistemas-operacionais-unidades-1-2-3-e-4-3","status":"publish","type":"product","link":"https:\/\/portifolioos-prontos.com\/index.php\/product\/aula-pratica-sistemas-operacionais-unidades-1-2-3-e-4-3\/","title":{"rendered":"Aula Pr\u00e1tica Sistemas Operacionais \u2013 Unidades 1, 2, 3 e 4"},"content":{"rendered":"<h5 style=\"box-sizing: border-box; color: var(--mf-dark-color);\">Portf\u00f3lio Aula Pr\u00e1tica Sistemas Operacionais<\/h5>\n<p style=\"box-sizing: border-box;\">CONTEMPLA OS 4 ROTEIROS (UNIDADES 1, 2, 3 E 4)<\/p>\n<p class=\"MsoNormal\" style=\"margin-bottom: 0cm;\">NOME DA DISCIPLINA: SISTEMAS OPERACIONAIS<\/p>\n<p class=\"MsoNormal\" style=\"margin-bottom: 0cm;\">Unidade: 3 \u2013 Sistema de Arquivos<\/p>\n<p class=\"MsoNormal\" style=\"margin-bottom: 0cm;\">Aula: 1 &#8211; Arquivos e Sistemas de Arquivos<\/p>\n<p class=\"MsoNormal\" style=\"margin-bottom: 0cm;\">OBJETIVOS<\/p>\n<p class=\"MsoNormal\" style=\"margin-bottom: 0cm;\">Compreender e aplicar os conceitos fundamentais de arquivos e sistemas de arquivos, incluindo<\/p>\n<p class=\"MsoNormal\" style=\"margin-bottom: 0cm;\">estrutura de arquivos, m\u00e9todos de acesso, e atributos dos arquivos. A aula ser\u00e1 baseada nos<\/p>\n<p class=\"MsoNormal\" style=\"margin-bottom: 0cm;\">conceitos apresentados pelos autores Tanenbaum, Machado, Maia, e outros.<\/p>\n<p class=\"MsoNormal\" style=\"margin-bottom: 0cm;\">SOLU\u00c7\u00c3O DIGITAL<\/p>\n<p class=\"MsoNormal\" style=\"margin-bottom: 0cm;\">Windows e Linux.<\/p>\n<p class=\"MsoNormal\" style=\"margin-bottom: 0cm;\">PROCEDIMENTO\/ATIVIDADE<\/p>\n<p class=\"MsoNormal\" style=\"margin-bottom: 0cm;\">Vamos iniciar nossas atividades explorando arquivos. Nessa atividade, os alunos explorar\u00e3o o como<\/p>\n<p class=\"MsoNormal\" style=\"margin-bottom: 0cm;\">se organizam arquivos, observando suas fun\u00e7\u00f5es e como interagem com o hardware e o usu\u00e1rio.<\/p>\n<p class=\"MsoNormal\" style=\"margin-bottom: 0cm;\">PROCEDIMENTOS PARA A REALIZA\u00c7\u00c3O DA ATIVIDADE:<\/p>\n<p class=\"MsoNormal\" style=\"margin-bottom: 0cm;\">Atividade 1: Identifica\u00e7\u00e3o e An\u00e1lise dos Atributos dos Arquivos<\/p>\n<p class=\"MsoNormal\" style=\"margin-bottom: 0cm;\">Acessar o sistema operacional de suas m\u00e1quinas (Linux ou Windows) e identificar os atributos de<\/p>\n<p class=\"MsoNormal\" style=\"margin-bottom: 0cm;\">diferentes arquivos. Dever\u00e3o analisar e descrever as caracter\u00edsticas de pelo menos tr\u00eas arquivos<\/p>\n<p class=\"MsoNormal\" style=\"margin-bottom: 0cm;\">diferentes, observando atributos como nome, tamanho, data de cria\u00e7\u00e3o, data da \u00faltima modifica\u00e7\u00e3o,<\/p>\n<p class=\"MsoNormal\" style=\"margin-bottom: 0cm;\">permiss\u00f5es de acesso, e tipo de arquivo.<\/p>\n<p class=\"MsoNormal\" style=\"margin-bottom: 0cm;\">Passos:<\/p>\n<p class=\"MsoNormal\" style=\"margin-bottom: 0cm;\">1. No terminal (Linux) ou Prompt de Comando\/PowerShell (Windows), use comandos para<\/p>\n<p class=\"MsoNormal\" style=\"margin-bottom: 0cm;\">listar os atributos dos arquivos.<\/p>\n<p class=\"MsoNormal\" style=\"margin-bottom: 0cm;\">o Linux\/Linux: ls -l, stat &lt;nome_do_arquivo&gt;<\/p>\n<p class=\"MsoNormal\" style=\"margin-bottom: 0cm;\">o Windows: dir, Get-Item &lt;nome_do_arquivo&gt; | Select-Object *<\/p>\n<p class=\"MsoNormal\" style=\"margin-bottom: 0cm;\">2. Identifique e anote os atributos de tr\u00eas arquivos.<\/p>\n<p class=\"MsoNormal\" style=\"margin-bottom: 0cm;\">3. Com base nas informa\u00e7\u00f5es coletadas, explique a fun\u00e7\u00e3o de cada atributo e como ele<\/p>\n<p class=\"MsoNormal\" style=\"margin-bottom: 0cm;\">impacta o uso do arquivo no sistema operacional.<\/p>\n<p class=\"MsoNormal\" style=\"margin-bottom: 0cm;\">P\u00fablico3<\/p>\n<p class=\"MsoNormal\" style=\"margin-bottom: 0cm;\">Atividade 2: Compara\u00e7\u00e3o entre Acessos Sequencial e Direto<\/p>\n<p class=\"MsoNormal\" style=\"margin-bottom: 0cm;\">Criar um arquivo de texto contendo v\u00e1rias linhas de dados sequenciais. Em seguida, utilizar\u00e3o<\/p>\n<p class=\"MsoNormal\" style=\"margin-bottom: 0cm;\">programas\/scripts para acessar os dados de forma sequencial e de forma direta, comparando os<\/p>\n<p class=\"MsoNormal\" style=\"margin-bottom: 0cm;\">m\u00e9todos em termos de efici\u00eancia e aplicabilidade.<\/p>\n<p class=\"MsoNormal\" style=\"margin-bottom: 0cm;\">Passos:<\/p>\n<p class=\"MsoNormal\" style=\"margin-bottom: 0cm;\">1. Crie um arquivo de texto com dados sequenciais (por exemplo, uma lista de nomes ou<\/p>\n<p class=\"MsoNormal\" style=\"margin-bottom: 0cm;\">n\u00fameros).<\/p>\n<p class=\"MsoNormal\" style=\"margin-bottom: 0cm;\">2. Desenvolva dois scripts simples:<\/p>\n<p class=\"MsoNormal\" style=\"margin-bottom: 0cm;\">o Acesso Sequencial: O script deve ler os dados linha por linha, do in\u00edcio ao fim.<\/p>\n<p class=\"MsoNormal\" style=\"margin-bottom: 0cm;\">o Acesso Direto: O script deve permitir ao usu\u00e1rio especificar uma linha espec\u00edfica<\/p>\n<p class=\"MsoNormal\" style=\"margin-bottom: 0cm;\">para leitura.<\/p>\n<p class=\"MsoNormal\" style=\"margin-bottom: 0cm;\">3. Execute ambos os scripts e registre o tempo de execu\u00e7\u00e3o.<\/p>\n<p class=\"MsoNormal\" style=\"margin-bottom: 0cm;\">4. Compare os resultados e discuta em quais situa\u00e7\u00f5es cada m\u00e9todo de acesso seria mais<\/p>\n<p class=\"MsoNormal\" style=\"margin-bottom: 0cm;\">eficiente e apropriado.<\/p>\n<h4 id=\"elementor-tab-title-1941\" class=\"elementor-tab-title elementor-active\" style=\"box-sizing: border-box; color: var(--mf-dark-color);\" tabindex=\"0\" role=\"tab\" data-tab=\"1\" aria-controls=\"elementor-tab-content-1941\" aria-expanded=\"true\" aria-selected=\"true\">Como funciona?<\/h4>\n<div class=\"elementor-toggle-item\" style=\"box-sizing: border-box;\">\n<div id=\"elementor-tab-content-1941\" class=\"elementor-tab-content elementor-clearfix elementor-active\" style=\"box-sizing: border-box;\" role=\"tabpanel\" data-tab=\"1\" aria-labelledby=\"elementor-tab-title-1941\">\n<p style=\"box-sizing: border-box;\">Elaboramos os portf\u00f3lios, j\u00e1 deixamos prontos, nas normas da ABNT e conforme os requisitos da universidade. F\u00e1cil assim! O MELHOR \u00c9 QUE VOC\u00ca COMPRA E J\u00c1 BAIXA NA HORA O SEU ARQUIVO EM WORD! Sabemos que conciliar trabalho, fam\u00edlia, vida profissional e estudos \u00e9 dif\u00edcil hoje em dia, por isso, estamos aqui para ajudar voc\u00ea. Conte com nossa qualidade, experi\u00eancia e profissionalismo adquirindo seu portf\u00f3lio conosco. GARANTIMOS SEU CONCEITO!<\/p>\n<h4 style=\"box-sizing: border-box; color: var(--mf-dark-color);\">Como se realizam os envios?<\/h4>\n<\/div>\n<\/div>\n<div class=\"elementor-toggle-item\" style=\"box-sizing: border-box;\">\n<div id=\"elementor-tab-content-1942\" class=\"elementor-tab-content elementor-clearfix elementor-active\" style=\"box-sizing: border-box;\" role=\"tabpanel\" data-tab=\"2\" aria-labelledby=\"elementor-tab-title-1942\">O seu trabalho \u00e9 disponibilizado pronto, respondido e nas normas j\u00e1 na mesma hora aqui em nosso site na sua \u00e1rea de downloads e tamb\u00e9m no seu e-mail.<\/div>\n<\/div>\n<div class=\"elementor-toggle-item\" style=\"box-sizing: border-box;\">\n<div id=\"elementor-tab-content-1943\" class=\"elementor-tab-content elementor-clearfix elementor-active\" style=\"box-sizing: border-box;\" role=\"tabpanel\" data-tab=\"3\" aria-labelledby=\"elementor-tab-title-1943\">\n<h4 style=\"box-sizing: border-box; color: var(--mf-dark-color);\">Em quanto tempo recebo o portf\u00f3lio?<\/h4>\n<\/div>\n<\/div>\n<div class=\"elementor-toggle-item\" style=\"box-sizing: border-box;\">\n<div id=\"elementor-tab-content-1944\" class=\"elementor-tab-content elementor-clearfix elementor-active\" style=\"box-sizing: border-box;\" role=\"tabpanel\" data-tab=\"4\" aria-labelledby=\"elementor-tab-title-1944\">\n<p style=\"box-sizing: border-box;\">Os envios s\u00e3o imediatos. Ap\u00f3s sua compra, o trabalho j\u00e1 \u00e9 disponibilizado instantaneamente aqui em nosso site e no seu e-mail.<\/p>\n<h4 style=\"box-sizing: border-box; color: var(--mf-dark-color);\">E se o portf\u00f3lio que comprei precisar de corre\u00e7\u00e3o?<\/h4>\n<\/div>\n<\/div>\n<div class=\"elementor-toggle-item\" style=\"box-sizing: border-box;\">\n<div id=\"elementor-tab-content-1945\" class=\"elementor-tab-content elementor-clearfix elementor-active\" style=\"box-sizing: border-box;\" role=\"tabpanel\" data-tab=\"5\" aria-labelledby=\"elementor-tab-title-1945\">\n<p style=\"box-sizing: border-box;\">Caso haja alguma solicita\u00e7\u00e3o de corre\u00e7\u00e3o\/altera\u00e7\u00e3o por parte do tutor, basta entrar em contato conosco pelo\u00a0WhatsApp\u00a0que provid\u00eanciaremos sem custo algum.<\/p>\n<h4 style=\"box-sizing: border-box; color: var(--mf-dark-color);\">Qual o formato do arquivo?<\/h4>\n<\/div>\n<\/div>\n<div class=\"elementor-toggle-item\" style=\"box-sizing: border-box;\">\n<div id=\"elementor-tab-content-1946\" class=\"elementor-tab-content elementor-clearfix elementor-active\" style=\"box-sizing: border-box;\" role=\"tabpanel\" data-tab=\"6\" aria-labelledby=\"elementor-tab-title-1946\">\n<p style=\"box-sizing: border-box;\">Os arquivos s\u00e3o enviados em formato Word e s\u00e3o edit\u00e1veis.<\/p>\n<h4 style=\"box-sizing: border-box; color: var(--mf-dark-color);\">Caso eu tiver alguma d\u00favida, terei suporte no p\u00f3s venda?<\/h4>\n<\/div>\n<\/div>\n<div class=\"elementor-toggle-item\" style=\"box-sizing: border-box;\">\n<div id=\"elementor-tab-content-1948\" class=\"elementor-tab-content elementor-clearfix elementor-active\" style=\"box-sizing: border-box;\" role=\"tabpanel\" data-tab=\"8\" aria-labelledby=\"elementor-tab-title-1948\">\n<p style=\"box-sizing: border-box;\">Sim, com certeza. Basta clicar no \u00edcone do WhatsApp no cantinho da tela. Ser\u00e1 um prazer atend\u00ea-lo(a).<\/p>\n<div class=\"elementor-toggle-item\" style=\"box-sizing: border-box;\">\n<div id=\"elementor-tab-content-1948\" class=\"elementor-tab-content elementor-clearfix elementor-active\" style=\"box-sizing: border-box;\" role=\"tabpanel\" data-tab=\"8\" aria-labelledby=\"elementor-tab-title-1948\">\n<h4 style=\"box-sizing: border-box; color: var(--mf-dark-color);\">Quais os seus canais de contato?<\/h4>\n<\/div>\n<\/div>\n<div class=\"elementor-toggle-item\" style=\"box-sizing: border-box;\">\n<div id=\"elementor-tab-content-1949\" class=\"elementor-tab-content elementor-clearfix elementor-active\" style=\"box-sizing: border-box;\" role=\"tabpanel\" data-tab=\"9\" aria-labelledby=\"elementor-tab-title-1949\">\n<p style=\"box-sizing: border-box;\">Whatsapp: 53 984751621 \u2013 Clicar no canto da tela ou ESCANEIE O QRCODE ABAIXO<\/p>\n<p style=\"box-sizing: border-box;\"><img decoding=\"async\" class=\"alignnone wp-image-7603 ls-is-cached lazyloaded\" style=\"box-sizing: border-box; border: 0px; vertical-align: middle; margin: 0px; opacity: 1; transition: opacity 400ms; --smush-placeholder-width: 141px; --smush-placeholder-aspect-ratio: 141\/141;\" src=\"https:\/\/i0.wp.com\/portifolioos-prontos.com\/wp-content\/uploads\/2022\/09\/portfolio-unopar-pronto-colaborar-ava-producao-textual-interdisciplinar.png?resize=141%2C141\" sizes=\"(max-width: 141px) 100vw, 141px\" srcset=\"https:\/\/i0.wp.com\/portifolioos-prontos.com\/wp-content\/uploads\/2022\/09\/portfolio-unopar-pronto-colaborar-ava-producao-textual-interdisciplinar.png?w=150&amp;ssl=1 150w, https:\/\/i0.wp.com\/portifolioos-prontos.com\/wp-content\/uploads\/2022\/09\/portfolio-unopar-pronto-colaborar-ava-producao-textual-interdisciplinar.png?resize=100%2C100&amp;ssl=1 100w\" alt=\"O papel do assistente social no enfrentamento a viol\u00eancia contra idoso,tcc servi\u00e7o social,tcc pronto,fazer tcc,tema tcc,tcc pronto unopar,tcc pronto servi\u00e7o social,tcc unopar,tcc para todos,tcc o que \u00e9,tcc,tccc,tcc psicologia,tccc maringa,tcc significado,tcc exemplo,tcc ufrgs,tcc servi\u00e7o social pdf,tcc servi\u00e7o social ufrgs,tcc servi\u00e7o social prontos gratuitos,tcc servi\u00e7o social ufsm,tcc servi\u00e7o social ucs,tcc servi\u00e7o social temas,tcc servi\u00e7o social viol\u00eancia infantil,tcc servi\u00e7o social unopar pdf,tcc servi\u00e7o social na sa\u00fade p\u00fablica,Portfolio pronto,portifolio pronto,portf\u00f3lio pronto,portifolios prontos,portif\u00f3lios prontos,portf\u00f3lio pronto unopar,portifolio pronto unopar,portif\u00f3lio pronto unopar,portifolios prontos unopar,portifolios prontos anhanguera,portf\u00f3lios prontos anhanguera,portf\u00f3lio pronto anhanguera,portfolios ead,portf\u00f3lios ead,portfolioead,apostileiros,portf\u00f3lio ead,portifolios ead,portif\u00f3lios ead,eadhelp,shop do acad\u00eamico,unopar portfolio,portfolio pronto ead,portfolio unopar ead,ead portfolio ava,portf\u00f3lio ead anhanguera,portf\u00f3lio ead pront,o portf\u00f3lio ead unopar,portf\u00f3lio pronto em word,pti unopar,ptg unopar,modelo de portf\u00f3lio unopar,modelo de portf\u00f3lio anhanguera,como fazer um portf\u00f3lio para faculdade,como faz portf\u00f3lio universidade,como faz portf\u00f3lios para universidade,portf\u00f3lios prontos para universidade,portf\u00f3lios pronto para faculdade,portf\u00f3lio pronto para editar,portifolios prontos para editar,portf\u00f3lio em word,portfolio em word,portf\u00f3lio em word para editar,portifolio em word para editar,portfolio unopar pronto para editar,modelo de portfolio para unopar,modelo de portif\u00f3lio para unopar,modelo de portf\u00f3lio para unopar,unopar portf\u00f3lio pronto,anhanguera portf\u00f3lio pronto,portf\u00f3lio em word pronto,comprar portf\u00f3lio pronto,como fazer um portf\u00f3lio,como fazer portf\u00f3lio digital,portfolio,portf\u00f3lio,portifolio,portif\u00f3lio,portf\u00f3lio interdisciplinar individual,portfolio interdisciplinar individual,exemplos de portf\u00f3lio para faculdade,baixar portf\u00f3lio pronto,portf\u00f3lio acad\u00eamico,portf\u00f3lio online,portfoliooead,portfolio ead,portf\u00f3lio pronto interdisciplinar individual,relat\u00f3rio de est\u00e1gio unopar,relat\u00f3rio de est\u00e1gio pronto unopar,como criar um portf\u00f3lio,o que \u00e9 um portf\u00f3lio e como fazer,portfolio exemplo,modelo de portfolio acad\u00eamico,relat\u00f3rio de est\u00e1gio gest\u00e3o escolar pronto unopar,portf\u00f3lio como fazer,prova profici\u00eancia unopar,portfolio individual est\u00e1gio curricular obrigat\u00f3rio ii anos iniciais do ensino fundamental,prova de profici\u00eancia pedagogia unopar,capa de trabalho unopar para editar,portf\u00f3lio acad\u00eamico unopar,como fazer um portf\u00f3lio acad\u00eamico,portf\u00f3lio exemplos word,portfolio acad\u00eamico,portfolio individual,portfolio individual unopar,portfolio individual anhanguera,portfolio marketing digital,portf\u00f3lio educa\u00e7\u00e3o f\u00edsica unopar,portf\u00f3lio gest\u00e3o educacional e espa\u00e7os n\u00e3o escolares,como fazer um portifolio unopar,modelo de portf\u00f3lio unopar em arquivo word,capa de portf\u00f3lio de pedagogia,como fazer um portf\u00f3lio no word,projeto integrado unopar,exemplo de portf\u00f3lio academico pedagogia\" width=\"141\" height=\"141\" data-recalc-dims=\"1\" data-src=\"https:\/\/i0.wp.com\/portifolioos-prontos.com\/wp-content\/uploads\/2022\/09\/portfolio-unopar-pronto-colaborar-ava-producao-textual-interdisciplinar.png?resize=141%2C141\" data-srcset=\"https:\/\/i0.wp.com\/portifolioos-prontos.com\/wp-content\/uploads\/2022\/09\/portfolio-unopar-pronto-colaborar-ava-producao-textual-interdisciplinar.png?w=150&amp;ssl=1 150w, https:\/\/i0.wp.com\/portifolioos-prontos.com\/wp-content\/uploads\/2022\/09\/portfolio-unopar-pronto-colaborar-ava-producao-textual-interdisciplinar.png?resize=100%2C100&amp;ssl=1 100w\" data-sizes=\"(max-width: 141px) 100vw, 141px\" \/><\/p>\n<\/div>\n<\/div>\n<\/div>\n<\/div>\n<div class=\"elementor-toggle-item\" style=\"box-sizing: border-box;\">\n<div id=\"elementor-tab-content-1949\" class=\"elementor-tab-content elementor-clearfix elementor-active\" style=\"box-sizing: border-box;\" role=\"tabpanel\" data-tab=\"9\" aria-labelledby=\"elementor-tab-title-1949\">\n<p style=\"box-sizing: border-box;\">E-mail:portifoliosp@gmail.com<\/p>\n<div id=\"attachment_143\" class=\"wp-caption alignnone\" style=\"box-sizing: border-box; padding: 5px; text-align: center;\">\n<div id=\"attachment_143\" class=\"wp-caption alignnone\" style=\"box-sizing: border-box; padding: 5px; width: 154px;\">\n<p style=\"box-sizing: border-box;\"><a style=\"box-sizing: border-box; background: transparent;\" href=\"https:\/\/portifolioos-prontos.com\/\"><img decoding=\"async\" class=\"wp-image-143 lazyloaded\" style=\"box-sizing: border-box; vertical-align: middle; opacity: 1; transition: opacity 400ms; display: block; width: 144px; margin: 0px; --smush-placeholder-width: 154px; --smush-placeholder-aspect-ratio: 154\/44;\" title=\"portfolio pronto unopar\" src=\"https:\/\/i0.wp.com\/portifolioos-prontos.com\/wp-content\/uploads\/2022\/04\/conceitomaximo.png?resize=154%2C44\" alt=\"PORTFOLIO PRONTO UNOPAR ANHANGUERA\" width=\"154\" height=\"44\" data-recalc-dims=\"1\" data-src=\"https:\/\/i0.wp.com\/portifolioos-prontos.com\/wp-content\/uploads\/2022\/04\/conceitomaximo.png?resize=154%2C44\" aria-describedby=\"caption-attachment-143\" \/><\/a><\/p>\n<p id=\"caption-attachment-143\" class=\"wp-caption-text\" style=\"box-sizing: border-box; margin-right: 0px; margin-bottom: 0px; margin-left: 0px; font-size: small; padding: 5px 0px 0px;\">Portf\u00f3lio em Word, respondido, completo e j\u00e1 nas normas.<\/p>\n<\/div>\n<\/div>\n<\/div>\n<\/div>\n","protected":false},"excerpt":{"rendered":"<div class=\"product-short-description\" style=\"box-sizing: border-box;\">\n<h5 style=\"box-sizing: border-box; color: var(--mf-dark-color);\"><strong style=\"box-sizing: border-box;\"><span style=\"box-sizing: border-box; color: #ff0000;\">CONTEMPLA OS 4 ROTEIROS (UNIDADES 1, 2, 3 E 4)<\/span><\/strong><\/h5>\n<h5 style=\"box-sizing: border-box; color: var(--mf-dark-color);\"><strong style=\"box-sizing: border-box;\">Pague pelo PIX ou cart\u00e3o e fa\u00e7a o download agora mesmo.<\/strong><\/h5>\n<\/div>\n<div class=\"sticky-add-to-cart-wrapper\" style=\"box-sizing: border-box;\">\n<div class=\"sticky-add-to-cart\" style=\"box-sizing: border-box;\">\n<div class=\"quantity buttons_added form-flat\" style=\"box-sizing: border-box; position: relative;\"><img decoding=\"async\" class=\"alignnone wp-image-761 ls-is-cached lazyloaded smush-image-2 smush-detected-img smush-image-1\" style=\"box-sizing: border-box; border: 0px; vertical-align: middle; border-radius: 5px; transition: opacity 400ms; box-shadow: #fecf2f 0px 0px 0px 5px; margin: 0px; opacity: 1; --smush-placeholder-width: 78px; --smush-placeholder-aspect-ratio: 78\/28;\" src=\"https:\/\/portifolioos-prontos.com\/wp-content\/uploads\/2022\/04\/PIX-300x107.webp\" alt=\"\" width=\"78\" height=\"28\" data-src=\"https:\/\/portifolioos-prontos.com\/wp-content\/uploads\/2022\/04\/PIX-300x107.webp\" \/>\u00a0\u00a0<img loading=\"lazy\" decoding=\"async\" class=\"ls-is-cached lazyloaded smush-image-3 smush-detected-img smush-image-2\" style=\"box-sizing: border-box; border: 0px; vertical-align: middle; border-radius: 5px; transition: opacity 400ms; box-shadow: #fecf2f 0px 0px 0px 5px; opacity: 1; --smush-placeholder-width: 46px; --smush-placeholder-aspect-ratio: 46\/29;\" src=\"https:\/\/d26lpennugtm8s.cloudfront.net\/assets\/common\/img\/logos\/payment\/visa@2x.png\" width=\"46\" height=\"29\" data-src=\"https:\/\/d26lpennugtm8s.cloudfront.net\/assets\/common\/img\/logos\/payment\/visa@2x.png\" \/><img loading=\"lazy\" decoding=\"async\" class=\"ls-is-cached lazyloaded smush-image-4 smush-detected-img smush-image-3\" style=\"box-sizing: border-box; border: 0px; vertical-align: middle; border-radius: 5px; transition: opacity 400ms; box-shadow: #fecf2f 0px 0px 0px 5px; opacity: 1; --smush-placeholder-width: 43px; --smush-placeholder-aspect-ratio: 43\/27;\" src=\"https:\/\/d26lpennugtm8s.cloudfront.net\/assets\/common\/img\/logos\/payment\/boleto@2x.png\" width=\"43\" height=\"27\" data-src=\"https:\/\/d26lpennugtm8s.cloudfront.net\/assets\/common\/img\/logos\/payment\/boleto@2x.png\" \/><img loading=\"lazy\" decoding=\"async\" class=\"ls-is-cached lazyloaded smush-image-5 smush-detected-img smush-image-4\" style=\"box-sizing: border-box; border: 0px; vertical-align: middle; border-radius: 5px; transition: opacity 400ms; box-shadow: #fecf2f 0px 0px 0px 5px; opacity: 1; --smush-placeholder-width: 43px; --smush-placeholder-aspect-ratio: 43\/27;\" src=\"https:\/\/d26lpennugtm8s.cloudfront.net\/assets\/common\/img\/logos\/payment\/mastercard@2x.png\" width=\"43\" height=\"27\" data-src=\"https:\/\/d26lpennugtm8s.cloudfront.net\/assets\/common\/img\/logos\/payment\/mastercard@2x.png\" \/><img loading=\"lazy\" decoding=\"async\" class=\"ls-is-cached lazyloaded smush-image-6 smush-detected-img smush-image-5\" style=\"box-sizing: border-box; border: 0px; vertical-align: middle; border-radius: 5px; transition: opacity 400ms; box-shadow: #fecf2f 0px 0px 0px 5px; opacity: 1; --smush-placeholder-width: 43px; --smush-placeholder-aspect-ratio: 43\/27;\" src=\"https:\/\/d26lpennugtm8s.cloudfront.net\/assets\/common\/img\/logos\/payment\/amex@2x.png\" width=\"43\" height=\"27\" data-src=\"https:\/\/d26lpennugtm8s.cloudfront.net\/assets\/common\/img\/logos\/payment\/amex@2x.png\" \/><img loading=\"lazy\" decoding=\"async\" class=\"ls-is-cached lazyloaded smush-image-7 smush-detected-img smush-image-6\" style=\"box-sizing: border-box; border: 0px; vertical-align: middle; border-radius: 5px; transition: opacity 400ms; box-shadow: #fecf2f 0px 0px 0px 5px; opacity: 1; --smush-placeholder-width: 46px; --smush-placeholder-aspect-ratio: 46\/29;\" src=\"https:\/\/d26lpennugtm8s.cloudfront.net\/assets\/common\/img\/logos\/payment\/diners@2x.png\" width=\"46\" height=\"29\" data-src=\"https:\/\/d26lpennugtm8s.cloudfront.net\/assets\/common\/img\/logos\/payment\/diners@2x.png\" \/><img loading=\"lazy\" decoding=\"async\" class=\"ls-is-cached lazyloaded smush-image-8 smush-detected-img smush-image-7\" style=\"box-sizing: border-box; border: 0px; vertical-align: middle; border-radius: 5px; transition: opacity 400ms; box-shadow: #fecf2f 0px 0px 0px 5px; opacity: 1; --smush-placeholder-width: 45px; --smush-placeholder-aspect-ratio: 45\/28;\" src=\"https:\/\/d26lpennugtm8s.cloudfront.net\/assets\/common\/img\/logos\/payment\/br\/elo@2x.png\" width=\"45\" height=\"28\" data-src=\"https:\/\/d26lpennugtm8s.cloudfront.net\/assets\/common\/img\/logos\/payment\/br\/elo@2x.png\" \/><img loading=\"lazy\" decoding=\"async\" class=\"ls-is-cached lazyloaded smush-image-9 smush-detected-img smush-image-8\" style=\"box-sizing: border-box; border: 0px; vertical-align: middle; border-radius: 5px; transition: opacity 400ms; box-shadow: #fecf2f 0px 0px 0px 5px; opacity: 1; --smush-placeholder-width: 44px; --smush-placeholder-aspect-ratio: 44\/28;\" src=\"https:\/\/d26lpennugtm8s.cloudfront.net\/assets\/common\/img\/logos\/payment\/br\/hipercard@2x.png\" width=\"44\" height=\"28\" data-src=\"https:\/\/d26lpennugtm8s.cloudfront.net\/assets\/common\/img\/logos\/payment\/br\/hipercard@2x.png\" \/><img loading=\"lazy\" decoding=\"async\" class=\"ls-is-cached lazyloaded smush-image-10 smush-detected-img smush-image-9\" style=\"box-sizing: border-box; border: 0px; vertical-align: middle; border-radius: 5px; transition: opacity 400ms; box-shadow: #fecf2f 0px 0px 0px 5px; opacity: 1; --smush-placeholder-width: 45px; --smush-placeholder-aspect-ratio: 45\/28;\" src=\"https:\/\/d26lpennugtm8s.cloudfront.net\/assets\/common\/img\/logos\/payment\/mercadopago@2x.png\" width=\"45\" height=\"28\" data-src=\"https:\/\/d26lpennugtm8s.cloudfront.net\/assets\/common\/img\/logos\/payment\/mercadopago@2x.png\" \/><\/div>\n<\/div>\n<\/div>\n","protected":false},"featured_media":35413,"template":"","meta":{"_seopress_robots_primary_cat":"none","_seopress_titles_title":"%%post_title%% %%sitetitle%%","_seopress_titles_desc":"%%post_content%%","_seopress_robots_index":""},"product_cat":[15],"product_tag":[],"class_list":{"0":"post-35419","1":"product","2":"type-product","3":"status-publish","4":"has-post-thumbnail","6":"product_cat-uncategorized","8":"first","9":"instock","10":"downloadable","11":"virtual","12":"purchasable","13":"product-type-simple","14":"col-xs-6 col-sm-4","15":"col-mf-5","16":"un-5-cols"},"jetpack_sharing_enabled":true,"_links":{"self":[{"href":"https:\/\/portifolioos-prontos.com\/index.php\/wp-json\/wp\/v2\/product\/35419","targetHints":{"allow":["GET"]}}],"collection":[{"href":"https:\/\/portifolioos-prontos.com\/index.php\/wp-json\/wp\/v2\/product"}],"about":[{"href":"https:\/\/portifolioos-prontos.com\/index.php\/wp-json\/wp\/v2\/types\/product"}],"version-history":[{"count":0,"href":"https:\/\/portifolioos-prontos.com\/index.php\/wp-json\/wp\/v2\/product\/35419\/revisions"}],"wp:featuredmedia":[{"embeddable":true,"href":"https:\/\/portifolioos-prontos.com\/index.php\/wp-json\/wp\/v2\/media\/35413"}],"wp:attachment":[{"href":"https:\/\/portifolioos-prontos.com\/index.php\/wp-json\/wp\/v2\/media?parent=35419"}],"wp:term":[{"taxonomy":"product_cat","embeddable":true,"href":"https:\/\/portifolioos-prontos.com\/index.php\/wp-json\/wp\/v2\/product_cat?post=35419"},{"taxonomy":"product_tag","embeddable":true,"href":"https:\/\/portifolioos-prontos.com\/index.php\/wp-json\/wp\/v2\/product_tag?post=35419"}],"curies":[{"name":"wp","href":"https:\/\/api.w.org\/{rel}","templated":true}]}}