{"id":35545,"date":"2025-03-11T19:33:16","date_gmt":"2025-03-11T22:33:16","guid":{"rendered":"https:\/\/portifolioos-prontos.com\/?post_type=product&#038;p=35545"},"modified":"2025-08-03T18:23:45","modified_gmt":"2025-08-03T21:23:45","slug":"aula-pratica-roteadores-e-roteamento-3","status":"publish","type":"product","link":"https:\/\/portifolioos-prontos.com\/index.php\/product\/aula-pratica-roteadores-e-roteamento-3\/","title":{"rendered":"Aula Pr\u00e1tica Roteadores e Roteamento"},"content":{"rendered":"<h5 style=\"box-sizing: border-box; color: var(--mf-dark-color);\">Portf\u00f3lio Aula Pr\u00e1tica Roteadores e Roteamento<\/h5>\n<h5 style=\"box-sizing: border-box; color: var(--mf-dark-color);\"><strong style=\"box-sizing: border-box;\">CONTEMPLA OS TR\u00caS ROTEIROS SOLICITADOS\u00a0<\/strong><\/h5>\n<p style=\"box-sizing: border-box;\"><strong style=\"box-sizing: border-box;\">1_Protocolo_BGP<\/strong><\/p>\n<p style=\"box-sizing: border-box;\"><strong style=\"box-sizing: border-box;\">A3_ Rotas Est\u00e1ticas<\/strong><\/p>\n<p style=\"box-sizing: border-box;\"><strong style=\"box-sizing: border-box;\">A3_ Rotas Est\u00e1ticas<\/strong><\/p>\n<p class=\"MsoNormal\" style=\"margin-bottom: 0cm;\">NOME DA DISCIPLINA: Roteadores e Roteamento<\/p>\n<p class=\"MsoNormal\" style=\"margin-bottom: 0cm;\">Unidade: U2_Roteadores_e_ Roteamento_com_base_em_TCP\/IP<\/p>\n<p class=\"MsoNormal\" style=\"margin-bottom: 0cm;\">Aula: 1_Protocolo_BGP<\/p>\n<p class=\"MsoNormal\" style=\"margin-bottom: 0cm;\">OBJETIVOS<\/p>\n<p class=\"MsoNormal\" style=\"margin-bottom: 0cm;\">Defini\u00e7\u00e3o dos objetivos da aula pr\u00e1tica:<\/p>\n<p class=\"MsoNormal\" style=\"margin-bottom: 0cm;\">Configurar e testar o protocolo BGP (Border Gateway Protocol) para estabelecer o roteamento<\/p>\n<p class=\"MsoNormal\" style=\"margin-bottom: 0cm;\">entre duas redes distintas, simulando a comunica\u00e7\u00e3o entre dois Sistemas Aut\u00f4nomos (AS). A<\/p>\n<p class=\"MsoNormal\" style=\"margin-bottom: 0cm;\">atividade ir\u00e1 demonstrar a configura\u00e7\u00e3o, a aplica\u00e7\u00e3o de pol\u00edticas de roteamento e a verifica\u00e7\u00e3o<\/p>\n<p class=\"MsoNormal\" style=\"margin-bottom: 0cm;\">da converg\u00eancia do BGP.<\/p>\n<p class=\"MsoNormal\" style=\"margin-bottom: 0cm;\">SOLU\u00c7\u00c3O DIGITAL:<\/p>\n<p class=\"MsoNormal\" style=\"margin-bottom: 0cm;\">CISCO PACKET TRACER (Software)<\/p>\n<p class=\"MsoNormal\" style=\"margin-bottom: 0cm;\">O Packet Tracer \u00e9 um programa educacional gratuito que permite simular uma rede de<\/p>\n<p class=\"MsoNormal\" style=\"margin-bottom: 0cm;\">computadores, atrav\u00e9s de equipamentos e configura\u00e7\u00f5es presente em situa\u00e7\u00f5es reais. O<\/p>\n<p class=\"MsoNormal\" style=\"margin-bottom: 0cm;\">programa apresenta uma interface gr\u00e1fica simples, com suportes multim\u00eddia que auxiliam na<\/p>\n<p class=\"MsoNormal\" style=\"margin-bottom: 0cm;\">confec\u00e7\u00e3o das simula\u00e7\u00f5es.<\/p>\n<p class=\"MsoNormal\" style=\"margin-bottom: 0cm;\">LINK SOLU\u00c7\u00c3O DIGITAL:<\/p>\n<p class=\"MsoNormal\" style=\"margin-bottom: 0cm;\">Voc\u00ea dever\u00e1 fazer download da ferramenta Cisco Packet Tracer, acessando o seguinte link:<\/p>\n<p class=\"MsoNormal\" style=\"margin-bottom: 0cm;\">https:\/\/mega.nz\/file\/h081RB7D#xPpdyKOKI53zaJKFLtNwEw8webLplHT7b8Sv6uqL1cY<\/p>\n<p class=\"MsoNormal\" style=\"margin-bottom: 0cm;\">Fazer o cadastro no site da Cisco, necess\u00e1rio login para utilizar a vers\u00e3o estudante:<\/p>\n<p class=\"MsoNormal\" style=\"margin-bottom: 0cm;\">https:\/\/id.cisco.com\/#<\/p>\n<p class=\"MsoNormal\" style=\"margin-bottom: 0cm;\">Para aprofundar o conte\u00fado, n\u00e3o \u00e9 obrigat\u00f3rio, mas passamos essa dica, fa\u00e7a o pequeno curso<\/p>\n<p class=\"MsoNormal\" style=\"margin-bottom: 0cm;\">oficial gratuito atrav\u00e9s da Academia de Rede Cisco, \u00e9 s\u00f3 fazer o cadastro e acompanhar o curso, \u00e9<\/p>\n<p class=\"MsoNormal\" style=\"margin-bottom: 0cm;\">poss\u00edvel ir do b\u00e1sico ao avan\u00e7ado (dica de conte\u00fado adicional):<\/p>\n<p class=\"MsoNormal\" style=\"margin-bottom: 0cm;\">https:\/\/skillsforall.com\/learningcollections\/cisco-packettracer?utm_source=netacad.com&#038;utm_medium=referral&#038;utm_campaign=packettracer&#038;userlogin=0&#038;userLang=pt-BR<\/p>\n<p class=\"MsoNormal\" style=\"margin-bottom: 0cm;\">P\u00fablico3<\/p>\n<p class=\"MsoNormal\" style=\"margin-bottom: 0cm;\">PROCEDIMENTOS PR\u00c1TICOS E APLICA\u00c7\u00d5ES<\/p>\n<p class=\"MsoNormal\" style=\"margin-bottom: 0cm;\">Procedimento\/Atividade n\u00ba 1<\/p>\n<p class=\"MsoNormal\" style=\"margin-bottom: 0cm;\">O Roteador 1 pertence ao AS 65001 e se comunica com o Roteador 2, que pertence ao AS<\/p>\n<p class=\"MsoNormal\" style=\"margin-bottom: 0cm;\">65002.<\/p>\n<p class=\"MsoNormal\" style=\"margin-bottom: 0cm;\">O enlace entre os roteadores utiliza a rede 10.0.0.0\/30 para a comunica\u00e7\u00e3o entre os sistemas<\/p>\n<p class=\"MsoNormal\" style=\"margin-bottom: 0cm;\">aut\u00f4nomos.<\/p>\n<p class=\"MsoNormal\" style=\"margin-bottom: 0cm;\">O objetivo \u00e9 configurar o BGP para permitir a comunica\u00e7\u00e3o entre as redes 192.168.1.0\/24 e<\/p>\n<p class=\"MsoNormal\" style=\"margin-bottom: 0cm;\">192.168.2.0\/24, controlando as rotas anunciadas.<\/p>\n<p class=\"MsoNormal\" style=\"margin-bottom: 0cm;\">Atividade proposta: Voc\u00ea administra duas empresas fict\u00edcias AS 65001 e AS 65002, cada uma<\/p>\n<p class=\"MsoNormal\" style=\"margin-bottom: 0cm;\">com seu pr\u00f3prio roteador e rede. O objetivo \u00e9 configurar o BGP para permitir a comunica\u00e7\u00e3o<\/p>\n<p class=\"MsoNormal\" style=\"margin-bottom: 0cm;\">entre as redes e aplicar uma pol\u00edtica de roteamento para preferir determinados caminhos.<\/p>\n<p class=\"MsoNormal\" style=\"margin-bottom: 0cm;\">Procedimentos para a realiza\u00e7\u00e3o da atividade:<\/p>\n<p class=\"MsoNormal\" style=\"margin-bottom: 0cm;\">Utilize o Software Packet Tracer para elaborar a cria\u00e7\u00e3o de uma topologia de rede:<\/p>\n<p class=\"MsoNormal\" style=\"margin-bottom: 0cm;\"><span style=\"mso-spacerun: yes;\">\u00a0<\/span>1. Composi\u00e7\u00e3o da Topologia :<\/p>\n<p class=\"MsoNormal\" style=\"margin-bottom: 0cm;\">\u2022 AS 65001:<\/p>\n<p class=\"MsoNormal\" style=\"margin-bottom: 0cm;\">o Roteador R1 (Router 2911) representando o AS 65001.<\/p>\n<p class=\"MsoNormal\" style=\"margin-bottom: 0cm;\">o Rede interna: 192.168.1.0\/24.<\/p>\n<p class=\"MsoNormal\" style=\"margin-bottom: 0cm;\">o PC-1 conectado ao roteador R1.<\/p>\n<p class=\"MsoNormal\" style=\"margin-bottom: 0cm;\">\u2022 AS 65002:<\/p>\n<p class=\"MsoNormal\" style=\"margin-bottom: 0cm;\">P\u00fablico4<\/p>\n<p class=\"MsoNormal\" style=\"margin-bottom: 0cm;\">o Roteador R2 (Router 2911) representando o AS 65002.<\/p>\n<p class=\"MsoNormal\" style=\"margin-bottom: 0cm;\">o Rede interna: 192.168.2.0\/24.<\/p>\n<p class=\"MsoNormal\" style=\"margin-bottom: 0cm;\">o PC-2 conectado ao roteador R2.<\/p>\n<p class=\"MsoNormal\" style=\"margin-bottom: 0cm;\">\u2022 Interconex\u00e3o entre os ASs:<\/p>\n<p class=\"MsoNormal\" style=\"margin-bottom: 0cm;\">o Link entre os roteadores (R1 \u2194 R2) usando a rede 10.0.0.0\/30.<\/p>\n<p class=\"MsoNormal\" style=\"margin-bottom: 0cm;\">o BGP configurado entre os ASs 65001 e 65002.<\/p>\n<p class=\"MsoNormal\" style=\"margin-bottom: 0cm;\">Passo a Passo da Configura\u00e7\u00e3o<\/p>\n<p class=\"MsoNormal\" style=\"margin-bottom: 0cm;\">1\ufe0f.Configura\u00e7\u00e3o do Roteador 1 (AS 65001)<\/p>\n<p class=\"MsoNormal\" style=\"margin-bottom: 0cm;\">Acesse o roteador R1 e entre no modo de configura\u00e7\u00e3o:<\/p>\n<p class=\"MsoNormal\" style=\"margin-bottom: 0cm;\">enable<\/p>\n<p class=\"MsoNormal\" style=\"margin-bottom: 0cm;\">configure terminal<\/p>\n<p class=\"MsoNormal\" style=\"margin-bottom: 0cm;\">Configure as interfaces de rede:<\/p>\n<p class=\"MsoNormal\" style=\"margin-bottom: 0cm;\">interface FastEthernet0\/0<\/p>\n<p class=\"MsoNormal\" style=\"margin-bottom: 0cm;\">ip address 192.168.1.1 255.255.255.0<\/p>\n<p class=\"MsoNormal\" style=\"margin-bottom: 0cm;\">no shutdown<\/p>\n<p class=\"MsoNormal\" style=\"margin-bottom: 0cm;\">exit<\/p>\n<p class=\"MsoNormal\" style=\"margin-bottom: 0cm;\">interface FastEthernet0\/1<\/p>\n<p class=\"MsoNormal\" style=\"margin-bottom: 0cm;\">ip address 10.0.0.1 255.255.255.252<\/p>\n<p class=\"MsoNormal\" style=\"margin-bottom: 0cm;\">no shutdown<\/p>\n<p class=\"MsoNormal\" style=\"margin-bottom: 0cm;\">exit<\/p>\n<p class=\"MsoNormal\" style=\"margin-bottom: 0cm;\">Habilite o BGP e configure a vizinhan\u00e7a com R2 (AS 65002):<\/p>\n<p class=\"MsoNormal\" style=\"margin-bottom: 0cm;\">bash<\/p>\n<p class=\"MsoNormal\" style=\"margin-bottom: 0cm;\">CopiarEditar<\/p>\n<p class=\"MsoNormal\" style=\"margin-bottom: 0cm;\">router bgp 65001<\/p>\n<p class=\"MsoNormal\" style=\"margin-bottom: 0cm;\">neighbor 10.0.0.2 remote-as 65002<\/p>\n<p class=\"MsoNormal\" style=\"margin-bottom: 0cm;\">network 192.168.1.0 mask 255.255.255.0<\/p>\n<p class=\"MsoNormal\" style=\"margin-bottom: 0cm;\">exit<\/p>\n<p class=\"MsoNormal\" style=\"margin-bottom: 0cm;\">2\ufe0f.Configura\u00e7\u00e3o do Roteador 2 (AS 65002)<\/p>\n<p class=\"MsoNormal\" style=\"margin-bottom: 0cm;\">Acesse o roteador R2 e entre no modo de configura\u00e7\u00e3o:<\/p>\n<p class=\"MsoNormal\" style=\"margin-bottom: 0cm;\">enable<\/p>\n<p class=\"MsoNormal\" style=\"margin-bottom: 0cm;\">configure terminal<\/p>\n<p class=\"MsoNormal\" style=\"margin-bottom: 0cm;\">Configure as interfaces de rede:<\/p>\n<p class=\"MsoNormal\" style=\"margin-bottom: 0cm;\">interface FastEthernet0\/0<\/p>\n<p class=\"MsoNormal\" style=\"margin-bottom: 0cm;\">ip address 192.168.2.1 255.255.255.0<\/p>\n<p class=\"MsoNormal\" style=\"margin-bottom: 0cm;\">P\u00fablico5<\/p>\n<p class=\"MsoNormal\" style=\"margin-bottom: 0cm;\">no shutdown<\/p>\n<p class=\"MsoNormal\" style=\"margin-bottom: 0cm;\">exit<\/p>\n<p class=\"MsoNormal\" style=\"margin-bottom: 0cm;\">interface FastEthernet0\/1<\/p>\n<p class=\"MsoNormal\" style=\"margin-bottom: 0cm;\">ip address 10.0.0.2 255.255.255.252<\/p>\n<p class=\"MsoNormal\" style=\"margin-bottom: 0cm;\">no shutdown<\/p>\n<p class=\"MsoNormal\" style=\"margin-bottom: 0cm;\">exit<\/p>\n<p class=\"MsoNormal\" style=\"margin-bottom: 0cm;\">Habilite o BGP e configure a vizinhan\u00e7a com R1 (AS 65001):<\/p>\n<p class=\"MsoNormal\" style=\"margin-bottom: 0cm;\">router bgp 65002<\/p>\n<p class=\"MsoNormal\" style=\"margin-bottom: 0cm;\">neighbor 10.0.0.1 remote-as 65001<\/p>\n<p class=\"MsoNormal\" style=\"margin-bottom: 0cm;\">network 192.168.2.0 mask 255.255.255.0<\/p>\n<p class=\"MsoNormal\" style=\"margin-bottom: 0cm;\">exit<\/p>\n<p class=\"MsoNormal\" style=\"margin-bottom: 0cm;\">3\ufe0f.Configura\u00e7\u00e3o de Pol\u00edticas de Roteamento no BGP<\/p>\n<p class=\"MsoNormal\" style=\"margin-bottom: 0cm;\">Agora, configuramos R1 para n\u00e3o anunciar determinadas redes para R2.<\/p>\n<p class=\"MsoNormal\" style=\"margin-bottom: 0cm;\">No Roteador 1, crie uma lista de acesso para bloquear o an\u00fancio de IPs espec\u00edficos:<\/p>\n<p class=\"MsoNormal\" style=\"margin-bottom: 0cm;\">access-list 1 deny 192.168.1.0 0.0.0.255<\/p>\n<p class=\"MsoNormal\" style=\"margin-bottom: 0cm;\">access-list 1 permit any<\/p>\n<p class=\"MsoNormal\" style=\"margin-bottom: 0cm;\">Aplique a regra na configura\u00e7\u00e3o do BGP:<\/p>\n<p class=\"MsoNormal\" style=\"margin-bottom: 0cm;\">router bgp 65001<\/p>\n<p class=\"MsoNormal\" style=\"margin-bottom: 0cm;\">neighbor 10.0.0.2 distribute-list 1 out<\/p>\n<p class=\"MsoNormal\" style=\"margin-bottom: 0cm;\">exit<\/p>\n<p class=\"MsoNormal\" style=\"margin-bottom: 0cm;\">Isso impede que a rede 192.168.1.0\/24 seja anunciada para o AS 65002.<\/p>\n<p class=\"MsoNormal\" style=\"margin-bottom: 0cm;\">4\ufe0f.Testes de Conectividade<\/p>\n<p class=\"MsoNormal\" style=\"margin-bottom: 0cm;\">Verifique as tabelas BGP em ambos os roteadores:<\/p>\n<p class=\"MsoNormal\" style=\"margin-bottom: 0cm;\">show ip bgp summary<\/p>\n<p class=\"MsoNormal\" style=\"margin-bottom: 0cm;\">A sa\u00edda deve mostrar a vizinhan\u00e7a estabelecida com o outro roteador.<\/p>\n<p class=\"MsoNormal\" style=\"margin-bottom: 0cm;\">Verifique as rotas aprendidas pelo BGP em R2:<\/p>\n<p class=\"MsoNormal\" style=\"margin-bottom: 0cm;\">show ip route bgp<\/p>\n<p class=\"MsoNormal\" style=\"margin-bottom: 0cm;\">Se a pol\u00edtica de roteamento foi aplicada corretamente, a rede 192.168.1.0\/24 n\u00e3o deve<\/p>\n<p class=\"MsoNormal\" style=\"margin-bottom: 0cm;\">aparecer em R2.<\/p>\n<p class=\"MsoNormal\" style=\"margin-bottom: 0cm;\">Teste a conectividade entre as redes usando ping a partir de um PC na Rede A para um PC<\/p>\n<p class=\"MsoNormal\" style=\"margin-bottom: 0cm;\">na Rede B:<\/p>\n<p class=\"MsoNormal\" style=\"margin-bottom: 0cm;\">ping 192.168.2.1<\/p>\n<p class=\"MsoNormal\" style=\"margin-bottom: 0cm;\">Se as regras de bloqueio estiverem ativas, o ping falhar\u00e1.<\/p>\n<p class=\"MsoNormal\" style=\"margin-bottom: 0cm;\">.<\/p>\n<p class=\"MsoNormal\" style=\"margin-bottom: 0cm;\">P\u00fablico6<\/p>\n<p class=\"MsoNormal\" style=\"margin-bottom: 0cm;\">Avaliando os resultados:<\/p>\n<p class=\"MsoNormal\" style=\"margin-bottom: 0cm;\">Depois de fazer todos os passos, d\u00ea um print de tela com a configura\u00e7\u00e3o das rede funcionando<\/p>\n<p class=\"MsoNormal\" style=\"margin-bottom: 0cm;\">(com as setas verdes) e os testes de conctividade<\/p>\n<p class=\"MsoNormal\" style=\"margin-bottom: 0cm;\">Checklist:<\/p>\n<p class=\"MsoNormal\" style=\"margin-bottom: 0cm;\">1. Instalar e abrir o Software Packet Tracer;<\/p>\n<p class=\"MsoNormal\" style=\"margin-bottom: 0cm;\">2. Elaborar a Composi\u00e7\u00e3o da Topologia;<\/p>\n<p class=\"MsoNormal\" style=\"margin-bottom: 0cm;\">3. Configurar o roteador;<\/p>\n<p class=\"MsoNormal\" style=\"margin-bottom: 0cm;\">4. Testar a conectividade;<\/p>\n<p class=\"MsoNormal\" style=\"margin-bottom: 0cm;\">5. Colocar prints de tela da topologia de rede .<\/p>\n<p class=\"MsoNormal\" style=\"margin-bottom: 0cm;\">RESULTADOS<\/p>\n<p class=\"MsoNormal\" style=\"margin-bottom: 0cm;\">Resultados do experimento:<\/p>\n<p class=\"MsoNormal\" style=\"margin-bottom: 0cm;\">Ao final dessa aula pr\u00e1tica, voc\u00ea dever\u00e1 enviar um arquivo em word contendo as informa\u00e7\u00f5es<\/p>\n<p class=\"MsoNormal\" style=\"margin-bottom: 0cm;\">obtidas no experimento, os c\u00e1lculos realizados, em conjunto com um texto conclusivo a respeito<\/p>\n<p class=\"MsoNormal\" style=\"margin-bottom: 0cm;\">das informa\u00e7\u00f5es obtidas. O arquivo n\u00e3o pode exceder o tamanho de 2Mb.<\/p>\n<p class=\"MsoNormal\" style=\"margin-bottom: 0cm;\">Resultados de Aprendizagem:<\/p>\n<p class=\"MsoNormal\" style=\"margin-bottom: 0cm;\">Como resultados dessa pr\u00e1tica ser\u00e1 poss\u00edvel configurar uma rede com a arquitetura TCP\/IP,<\/p>\n<p class=\"MsoNormal\" style=\"margin-bottom: 0cm;\">tendo o BGP deve estabelecer a vizinhan\u00e7a entre os AS 65001 e 65002.<\/p>\n<p class=\"MsoNormal\" style=\"margin-bottom: 0cm;\">O comando show ip bgp summary deve indicar uma sess\u00e3o BGP ativa entre R1 e R2. No<\/p>\n<p class=\"MsoNormal\" style=\"margin-bottom: 0cm;\">R2, a rede 192.168.1.0\/24 n\u00e3o deve aparecer na tabela de roteamento, devido \u00e0 pol\u00edtica<\/p>\n<p class=\"MsoNormal\" style=\"margin-bottom: 0cm;\">aplicada.<\/p>\n<p class=\"MsoNormal\" style=\"margin-bottom: 0cm;\">Se a configura\u00e7\u00e3o da lista de acesso for removida, a comunica\u00e7\u00e3o ser\u00e1 restabelecida.<\/p>\n<div class=\"elementor-toggle-item\" style=\"box-sizing: border-box;\">\n<div class=\"elementor-toggle-item\">\n<p id=\"elementor-tab-title-1941\" class=\"elementor-tab-title elementor-active\" tabindex=\"0\" role=\"tab\" data-tab=\"1\" aria-controls=\"elementor-tab-content-1941\" aria-expanded=\"true\" aria-selected=\"true\"><strong>Como funciona?<\/strong><\/p>\n<p>Elaboramos os portf\u00f3lios, j\u00e1 deixamos prontos, nas normas da ABNT e conforme os requisitos da universidade. F\u00e1cil assim! O MELHOR \u00c9 QUE VOC\u00ca COMPRA E J\u00c1 BAIXA NA HORA O SEU ARQUIVO EM WORD! Sabemos que conciliar trabalho, fam\u00edlia, vida profissional e estudos \u00e9 dif\u00edcil hoje em dia, por isso, estamos aqui para ajudar voc\u00ea. Conte com nossa qualidade, experi\u00eancia e profissionalismo adquirindo seu portf\u00f3lio conosco. GARANTIMOS SEU CONCEITO!<\/p>\n<p><strong>Como se realizam os envios?<\/strong><\/p>\n<\/div>\n<p id=\"elementor-tab-content-1942\" class=\"elementor-tab-content elementor-clearfix elementor-active\" role=\"tabpanel\" data-tab=\"2\" aria-labelledby=\"elementor-tab-title-1942\">O seu trabalho \u00e9 disponibilizado pronto, respondido e nas normas j\u00e1 na mesma hora aqui em nosso site na sua \u00e1rea de downloads e tamb\u00e9m no seu e-mail.<\/p>\n<p><strong>Em quanto tempo recebo o portf\u00f3lio?<\/strong><\/p>\n<p>Os envios s\u00e3o imediatos. Ap\u00f3s sua compra, o trabalho j\u00e1 \u00e9 disponibilizado instantaneamente aqui em nosso site e no seu e-mail.<\/p>\n<p><strong>E se o portf\u00f3lio que comprei precisar de corre\u00e7\u00e3o?<\/strong><\/p>\n<p>Caso haja alguma solicita\u00e7\u00e3o de corre\u00e7\u00e3o\/altera\u00e7\u00e3o por parte do tutor, basta entrar em contato conosco pelo\u00a0WhatsApp\u00a0que provid\u00eanciaremos sem custo algum.<\/p>\n<p><strong>Qual o formato do arquivo?<\/strong><\/p>\n<p>Os arquivos s\u00e3o enviados em formato Word e s\u00e3o edit\u00e1veis.<\/p>\n<p><strong>Caso eu tiver alguma d\u00favida, terei suporte no p\u00f3s venda?<\/strong><\/p>\n<p>Sim, com certeza. Basta clicar no \u00edcone do WhatsApp no cantinho da tela. Ser\u00e1 um prazer atend\u00ea-lo(a).<\/p>\n<div id=\"elementor-tab-content-1948\" class=\"elementor-tab-content elementor-clearfix elementor-active\" role=\"tabpanel\" data-tab=\"8\" aria-labelledby=\"elementor-tab-title-1948\">\n<p><strong>Quais os seus canais de contato?<\/strong><\/p>\n<\/div>\n<div id=\"elementor-tab-content-1949\" class=\"elementor-tab-content elementor-clearfix elementor-active\" role=\"tabpanel\" data-tab=\"9\" aria-labelledby=\"elementor-tab-title-1949\">\n<p>Whatsapp: 53 984751621 \u2013 Clicar no canto da tela ou ESCANEIE O QRCODE ABAIXO<\/p>\n<h4><img decoding=\"async\" class=\"alignnone wp-image-13699 jetpack-lazy-image jetpack-lazy-image--handled\" src=\"https:\/\/i0.wp.com\/portifolioos-prontos.com\/wp-content\/uploads\/2023\/02\/whatsapp-business-projeto-de-extensao-300x300.jpeg?resize=144%2C144\" sizes=\"(max-width: 144px) 100vw, 144px\" srcset=\"https:\/\/i0.wp.com\/portifolioos-prontos.com\/wp-content\/uploads\/2023\/02\/whatsapp-business-projeto-de-extensao.jpeg?resize=300%2C301&amp;ssl=1 300w, https:\/\/i0.wp.com\/portifolioos-prontos.com\/wp-content\/uploads\/2023\/02\/whatsapp-business-projeto-de-extensao.jpeg?resize=150%2C150&amp;ssl=1 150w, https:\/\/i0.wp.com\/portifolioos-prontos.com\/wp-content\/uploads\/2023\/02\/whatsapp-business-projeto-de-extensao.jpeg?resize=370%2C372&amp;ssl=1 370w, https:\/\/i0.wp.com\/portifolioos-prontos.com\/wp-content\/uploads\/2023\/02\/whatsapp-business-projeto-de-extensao.jpeg?resize=100%2C100&amp;ssl=1 100w, https:\/\/i0.wp.com\/portifolioos-prontos.com\/wp-content\/uploads\/2023\/02\/whatsapp-business-projeto-de-extensao.jpeg?w=470&amp;ssl=1 470w\" alt=\"projeto de extens\u00e3o unopar\" width=\"144\" height=\"144\" data-lazy-loaded=\"1\" \/><\/h4>\n<\/div>\n<div class=\"elementor-toggle-item\">\n<div id=\"elementor-tab-content-1949\" class=\"elementor-tab-content elementor-clearfix elementor-active\" role=\"tabpanel\" data-tab=\"9\" aria-labelledby=\"elementor-tab-title-1949\">\n<p>E-mail:portifoliosp@gmail.com<\/p>\n<div id=\"attachment_143\" class=\"wp-caption alignnone\">\n<div id=\"attachment_143\" class=\"wp-caption alignnone\">\n<p id=\"caption-attachment-143\" class=\"wp-caption-text\"><a href=\"http:\/\/portfolio-pronto.com\/\">Portf\u00f3lio<\/a>\u00a0em Word, respondido, completo e j\u00e1 nas normas<\/p>\n<\/div>\n<\/div>\n<\/div>\n<\/div>\n<\/div>\n","protected":false},"excerpt":{"rendered":"<div class=\"product-short-description\" style=\"box-sizing: border-box;\">\n<p style=\"box-sizing: border-box; color: var(--mf-dark-color);\"><strong style=\"box-sizing: border-box;\">CONTEMPLA OS TR\u00caS ROTEIROS SOLICITADOS\u00a0<\/strong><\/p>\n<div class=\"product-short-description\">\n<p><strong>Pague pelo PIX ou cart\u00e3o e fa\u00e7a o download agora mesmo.<\/strong><\/p>\n<\/div>\n<div class=\"sticky-add-to-cart-wrapper\">\n<div class=\"sticky-add-to-cart\">\n<p class=\"quantity buttons_added form-flat\"><img decoding=\"async\" class=\"lazyloaded smush-image-5 smush-image-3 smush-image-4 smush-detected-img smush-image-bigger-3\" src=\"https:\/\/d26lpennugtm8s.cloudfront.net\/assets\/common\/img\/logos\/payment\/visa@2x.png\" width=\"46\" height=\"29\" data-src=\"https:\/\/d26lpennugtm8s.cloudfront.net\/assets\/common\/img\/logos\/payment\/visa@2x.png\" \/><img decoding=\"async\" class=\"lazyloaded smush-image-6 smush-image-4 smush-image-5 smush-detected-img smush-image-bigger-4\" src=\"https:\/\/d26lpennugtm8s.cloudfront.net\/assets\/common\/img\/logos\/payment\/boleto@2x.png\" width=\"43\" height=\"27\" data-src=\"https:\/\/d26lpennugtm8s.cloudfront.net\/assets\/common\/img\/logos\/payment\/boleto@2x.png\" \/><img loading=\"lazy\" decoding=\"async\" class=\"lazyloaded smush-image-7 smush-image-5 smush-image-6 smush-detected-img smush-image-bigger-5\" src=\"https:\/\/d26lpennugtm8s.cloudfront.net\/assets\/common\/img\/logos\/payment\/mastercard@2x.png\" width=\"43\" height=\"27\" data-src=\"https:\/\/d26lpennugtm8s.cloudfront.net\/assets\/common\/img\/logos\/payment\/mastercard@2x.png\" \/><img loading=\"lazy\" decoding=\"async\" class=\"lazyloaded smush-image-8 smush-image-6 smush-image-7 smush-detected-img smush-image-bigger-6\" src=\"https:\/\/d26lpennugtm8s.cloudfront.net\/assets\/common\/img\/logos\/payment\/amex@2x.png\" width=\"43\" height=\"27\" data-src=\"https:\/\/d26lpennugtm8s.cloudfront.net\/assets\/common\/img\/logos\/payment\/amex@2x.png\" \/><img loading=\"lazy\" decoding=\"async\" class=\"lazyloaded smush-image-9 smush-image-7 smush-image-8 smush-detected-img smush-image-bigger-7\" src=\"https:\/\/d26lpennugtm8s.cloudfront.net\/assets\/common\/img\/logos\/payment\/diners@2x.png\" width=\"46\" height=\"29\" data-src=\"https:\/\/d26lpennugtm8s.cloudfront.net\/assets\/common\/img\/logos\/payment\/diners@2x.png\" \/><img loading=\"lazy\" decoding=\"async\" class=\"lazyloaded smush-image-10 smush-image-8 smush-image-9 alignnone smush-detected-img smush-image-bigger-8\" src=\"https:\/\/d26lpennugtm8s.cloudfront.net\/assets\/common\/img\/logos\/payment\/br\/elo@2x.png\" alt=\"portf\u00f3lio unopar anhanguera\" width=\"45\" height=\"28\" data-src=\"https:\/\/d26lpennugtm8s.cloudfront.net\/assets\/common\/img\/logos\/payment\/br\/elo@2x.png\" \/><img loading=\"lazy\" decoding=\"async\" class=\"lazyloaded smush-image-11 smush-image-9 smush-image-10 alignnone smush-detected-img smush-image-bigger-9\" src=\"https:\/\/d26lpennugtm8s.cloudfront.net\/assets\/common\/img\/logos\/payment\/br\/hipercard@2x.png\" alt=\"portf\u00f3lio unopar anhanguera\" width=\"44\" height=\"28\" data-src=\"https:\/\/d26lpennugtm8s.cloudfront.net\/assets\/common\/img\/logos\/payment\/br\/hipercard@2x.png\" \/><img loading=\"lazy\" decoding=\"async\" class=\"lazyloaded smush-image-12 smush-image-10 smush-image-11 alignnone smush-detected-img smush-image-bigger-10\" src=\"https:\/\/d26lpennugtm8s.cloudfront.net\/assets\/common\/img\/logos\/payment\/mercadopago@2x.png\" alt=\"portf\u00f3lio unopar anhanguera\" width=\"45\" height=\"28\" data-src=\"https:\/\/d26lpennugtm8s.cloudfront.net\/assets\/common\/img\/logos\/payment\/mercadopago@2x.png\" \/><img loading=\"lazy\" decoding=\"async\" class=\"alignnone lazyloaded smush-detected-img smush-image-bigger-11\" src=\"https:\/\/futurium.com.br\/wp-content\/uploads\/2021\/06\/logo-pix-icone-512.png\" alt=\"portfolio pronto\" width=\"30\" height=\"30\" data-src=\"https:\/\/futurium.com.br\/wp-content\/uploads\/2021\/06\/logo-pix-icone-512.png\" \/><\/p>\n<\/div>\n<\/div>\n<\/div>\n","protected":false},"featured_media":35537,"template":"","meta":{"_seopress_robots_primary_cat":"","_seopress_titles_title":"%%post_title%% %%sitetitle%%","_seopress_titles_desc":"%%post_content%%","_seopress_robots_index":""},"product_cat":[15],"product_tag":[],"class_list":{"0":"post-35545","1":"product","2":"type-product","3":"status-publish","4":"has-post-thumbnail","6":"product_cat-uncategorized","8":"first","9":"instock","10":"downloadable","11":"virtual","12":"purchasable","13":"product-type-simple","14":"col-xs-6 col-sm-4","15":"col-mf-5","16":"un-5-cols"},"jetpack_sharing_enabled":true,"_links":{"self":[{"href":"https:\/\/portifolioos-prontos.com\/index.php\/wp-json\/wp\/v2\/product\/35545","targetHints":{"allow":["GET"]}}],"collection":[{"href":"https:\/\/portifolioos-prontos.com\/index.php\/wp-json\/wp\/v2\/product"}],"about":[{"href":"https:\/\/portifolioos-prontos.com\/index.php\/wp-json\/wp\/v2\/types\/product"}],"version-history":[{"count":0,"href":"https:\/\/portifolioos-prontos.com\/index.php\/wp-json\/wp\/v2\/product\/35545\/revisions"}],"wp:featuredmedia":[{"embeddable":true,"href":"https:\/\/portifolioos-prontos.com\/index.php\/wp-json\/wp\/v2\/media\/35537"}],"wp:attachment":[{"href":"https:\/\/portifolioos-prontos.com\/index.php\/wp-json\/wp\/v2\/media?parent=35545"}],"wp:term":[{"taxonomy":"product_cat","embeddable":true,"href":"https:\/\/portifolioos-prontos.com\/index.php\/wp-json\/wp\/v2\/product_cat?post=35545"},{"taxonomy":"product_tag","embeddable":true,"href":"https:\/\/portifolioos-prontos.com\/index.php\/wp-json\/wp\/v2\/product_tag?post=35545"}],"curies":[{"name":"wp","href":"https:\/\/api.w.org\/{rel}","templated":true}]}}