{"id":35550,"date":"2025-03-11T19:37:20","date_gmt":"2025-03-11T22:37:20","guid":{"rendered":"https:\/\/portifolioos-prontos.com\/?post_type=product&#038;p=35550"},"modified":"2025-09-02T22:30:26","modified_gmt":"2025-09-03T01:30:26","slug":"aula-pratica-projeto-de-software","status":"publish","type":"product","link":"https:\/\/portifolioos-prontos.com\/index.php\/product\/aula-pratica-projeto-de-software\/","title":{"rendered":"Aula Pr\u00e1tica Projeto de Software"},"content":{"rendered":"<h5>Portf\u00f3lio Aula Pr\u00e1tica Projeto de Software<\/h5>\n<h5>CONTEMPLA AS UNIDADES REQUISITADAS:<\/h5>\n<h5>U4_PROJETO DE SOFTWARE AVAN\u00c7ADO<\/h5>\n<h5>U3_FERRAMENTAS E QUALIDADE EM PROJETO DE SOFTWARE<\/h5>\n<p class=\"MsoNormal\" style=\"margin-bottom: 0cm;\">NOME DA DISCIPLINA: Projeto de Software<\/p>\n<p class=\"MsoNormal\" style=\"margin-bottom: 0cm;\">Unidade: U3_FERRAMENTAS E QUALIDADE EM PROJETO DE SOFTWARE<\/p>\n<p class=\"MsoNormal\" style=\"margin-bottom: 0cm;\">Aula: A1_GEST\u00c3O DE RISCOS<\/p>\n<p class=\"MsoNormal\" style=\"margin-bottom: 0cm;\">OBJETIVOS<\/p>\n<p class=\"MsoNormal\" style=\"margin-bottom: 0cm;\">Defini\u00e7\u00e3o dos objetivos da aula pr\u00e1tica:<\/p>\n<p class=\"MsoNormal\" style=\"margin-bottom: 0cm;\">Aumentar a capacidade de an\u00e1lise de problemas e gest\u00e3o de riscos para garantir a qualidade no<\/p>\n<p class=\"MsoNormal\" style=\"margin-bottom: 0cm;\">processo de desenvolvimento de software.<\/p>\n<p class=\"MsoNormal\" style=\"margin-bottom: 0cm;\">SOLU\u00c7\u00c3O DIGITAL:<\/p>\n<p class=\"MsoNormal\" style=\"margin-bottom: 0cm;\">Ferramenta de investiga\u00e7\u00e3o de Causa e Efeitos<\/p>\n<p class=\"MsoNormal\" style=\"margin-bottom: 0cm;\">Escolha um aplicativo para gera\u00e7\u00e3o de diagramas, em especial o diagrama de Ishikawa.<\/p>\n<p class=\"MsoNormal\" style=\"margin-bottom: 0cm;\">Sugest\u00e3o:<\/p>\n<p class=\"MsoNormal\" style=\"margin-bottom: 0cm;\">\u2022 MINDOMO Dispon\u00edvel em https:\/\/www.mindomo.com\/ Acessado em 15 dez. 2024.<\/p>\n<p class=\"MsoNormal\" style=\"margin-bottom: 0cm;\">Escolha a categoria desejada:<\/p>\n<p class=\"MsoNormal\" style=\"margin-bottom: 0cm;\">Escolha a funcionalidade desejada:<\/p>\n<p class=\"MsoNormal\" style=\"margin-bottom: 0cm;\">P\u00fablico3<\/p>\n<p class=\"MsoNormal\" style=\"margin-bottom: 0cm;\">PROCEDIMENTOS PR\u00c1TICOS E APLICA\u00c7\u00d5ES<\/p>\n<p class=\"MsoNormal\" style=\"margin-bottom: 0cm;\">Procedimento\/Atividade n\u00ba 1<\/p>\n<p class=\"MsoNormal\" style=\"margin-bottom: 0cm;\">Cria\u00e7\u00e3o de Diagrama para encontrar causas de Problemas<\/p>\n<p class=\"MsoNormal\" style=\"margin-bottom: 0cm;\">Atividade proposta: Elaborar um diagrama de causa e efeitos para identifica\u00e7\u00e3o de poss\u00edvel<\/p>\n<p class=\"MsoNormal\" style=\"margin-bottom: 0cm;\">causas do problema relatado em reuni\u00e3o de Retrospectiva.<\/p>\n<p class=\"MsoNormal\" style=\"margin-bottom: 0cm;\">Tema:<\/p>\n<p class=\"MsoNormal\" style=\"margin-bottom: 0cm;\">O contexto do sistema em desenvolvimento \u00e9 o apontamento, do processo da colheita<\/p>\n<p class=\"MsoNormal\" style=\"margin-bottom: 0cm;\">de caf\u00e9, com os dados de colheita no campo, informando talh\u00e3o, tipo de gr\u00e3o do caf\u00e9,<\/p>\n<p class=\"MsoNormal\" style=\"margin-bottom: 0cm;\">quantidade, peso amostra, temperatura do gr\u00e3o, temperatura do ambiente, entre outros.<\/p>\n<p class=\"MsoNormal\" style=\"margin-bottom: 0cm;\">Ap\u00f3s, o processo da colheita, o sistema deve integrar os dados com o processo de<\/p>\n<p class=\"MsoNormal\" style=\"margin-bottom: 0cm;\">secagem de gr\u00e3os de caf\u00e9, pelo qual esse produto ser\u00e1 submetido \u00e0 temperatura mais<\/p>\n<p class=\"MsoNormal\" style=\"margin-bottom: 0cm;\">alta e ventila\u00e7\u00e3o for\u00e7ada para retirada de umidade at\u00e9 atingir o n\u00edvel adequado, de<\/p>\n<p class=\"MsoNormal\" style=\"margin-bottom: 0cm;\">acordo com m\u00e9todo escolhido pelo produtor.<\/p>\n<p class=\"MsoNormal\" style=\"margin-bottom: 0cm;\">Procedimentos para a realiza\u00e7\u00e3o da atividade:<\/p>\n<p class=\"MsoNormal\" style=\"margin-bottom: 0cm;\">Durante a Reuni\u00e3o de Retrospectiva foram levantados alguns itens que necessitam ser<\/p>\n<p class=\"MsoNormal\" style=\"margin-bottom: 0cm;\">investigados.<\/p>\n<p class=\"MsoNormal\" style=\"margin-bottom: 0cm;\">P\u00fablico4<\/p>\n<p class=\"MsoNormal\" style=\"margin-bottom: 0cm;\">Investigue o principal problema:<\/p>\n<p class=\"MsoNormal\" style=\"margin-bottom: 0cm;\">\u2022 Falha na integra\u00e7\u00e3o dos dados coletados em campo para o processo de Secagem.<\/p>\n<p class=\"MsoNormal\" style=\"margin-bottom: 0cm;\">1. Com foco em An\u00e1lise de Risco, crie um diagrama de causa e efeitos com a<\/p>\n<p class=\"MsoNormal\" style=\"margin-bottom: 0cm;\">participa\u00e7\u00e3o de v\u00e1rias pessoas (stakeholders) que possam colaborar nessa<\/p>\n<p class=\"MsoNormal\" style=\"margin-bottom: 0cm;\">investiga\u00e7\u00e3o, mitigando os principais fatores da t\u00e9cnica 6 M &#8211; m\u00e9todo, meio<\/p>\n<p class=\"MsoNormal\" style=\"margin-bottom: 0cm;\">ambiente, medida, m\u00e1quina, material e m\u00e3o de obra, para o diagrama de Ishikawa.<\/p>\n<p class=\"MsoNormal\" style=\"margin-bottom: 0cm;\">Os riscos s\u00e3o inerentes ao desenvolvimento de software que envolvem muitos<\/p>\n<p class=\"MsoNormal\" style=\"margin-bottom: 0cm;\">recursos, prazos, infraestrutura, m\u00e9todos, entre outros fatores. Portanto,<\/p>\n<p class=\"MsoNormal\" style=\"margin-bottom: 0cm;\">aproveitando essa oportunidade, poder\u00e1 detectar outras fontes\/causas de<\/p>\n<p class=\"MsoNormal\" style=\"margin-bottom: 0cm;\">problemas.<\/p>\n<p class=\"MsoNormal\" style=\"margin-bottom: 0cm;\">2. Fa\u00e7a uma explana\u00e7\u00e3o dos principais pontos que o time de desenvolvimento deve<\/p>\n<p class=\"MsoNormal\" style=\"margin-bottom: 0cm;\">investigar melhor com o c\u00f3digo-fonte aberto.<\/p>\n<p class=\"MsoNormal\" style=\"margin-bottom: 0cm;\">3. Questionamento:<\/p>\n<p class=\"MsoNormal\" style=\"margin-bottom: 0cm;\">Qual aprendizado obteve ao concluir essa pr\u00e1tica? Descreva uma reflex\u00e3o sobre a<\/p>\n<p class=\"MsoNormal\" style=\"margin-bottom: 0cm;\">pr\u00e1tica da an\u00e1lise de riscos, relatando a sua experi\u00eancia e o aprendizado que teve<\/p>\n<p class=\"MsoNormal\" style=\"margin-bottom: 0cm;\">ao concluir esta atividade, incluindo se na sua percep\u00e7\u00e3o ser\u00e1 \u00fatil em sua<\/p>\n<p class=\"MsoNormal\" style=\"margin-bottom: 0cm;\">profiss\u00e3o.<\/p>\n<p class=\"MsoNormal\" style=\"margin-bottom: 0cm;\">Avaliando os resultados:<\/p>\n<p class=\"MsoNormal\" style=\"margin-bottom: 0cm;\">1. Reunido com os interessados no projeto para colaborar na investiga\u00e7\u00e3o e<\/p>\n<p class=\"MsoNormal\" style=\"margin-bottom: 0cm;\">an\u00e1lise de riscos;<\/p>\n<p class=\"MsoNormal\" style=\"margin-bottom: 0cm;\">2. Elabora\u00e7\u00e3o do diagrama de causa e efeitos (digrama de Ishikawa);<\/p>\n<p class=\"MsoNormal\" style=\"margin-bottom: 0cm;\">3. Descri\u00e7\u00e3o das causas que provocaram a Falha na integra\u00e7\u00e3o dos dados<\/p>\n<p class=\"MsoNormal\" style=\"margin-bottom: 0cm;\">coletados em campo para o processo de Secagem;<\/p>\n<p class=\"MsoNormal\" style=\"margin-bottom: 0cm;\">4. Resumindo, o aprendizado do estudante foi o uso de ferramenta para<\/p>\n<p class=\"MsoNormal\" style=\"margin-bottom: 0cm;\">investigar causas de um problema em desenvolvimento de software, por meio<\/p>\n<p class=\"MsoNormal\" style=\"margin-bottom: 0cm;\">de aplica\u00e7\u00e3o pr\u00e1tica da an\u00e1lise de riscos.<\/p>\n<p class=\"MsoNormal\" style=\"margin-bottom: 0cm;\">Checklist:<\/p>\n<p class=\"MsoNormal\" style=\"margin-bottom: 0cm;\">&#8211; Idealizou as opera\u00e7\u00f5es e causa prov\u00e1veis, relacionado ao problema<\/p>\n<p class=\"MsoNormal\" style=\"margin-bottom: 0cm;\">&#8211; Acessado o aplicativo para cria\u00e7\u00e3o do diagrama de Ishikawa<\/p>\n<p class=\"MsoNormal\" style=\"margin-bottom: 0cm;\">&#8211; Elaborado o diagrama para anexas no resultado da atividade<\/p>\n<p class=\"MsoNormal\" style=\"margin-bottom: 0cm;\">&#8211; Inserido o diagrama elaborado (print-screen) no documento a ser entregue<\/p>\n<p class=\"MsoNormal\" style=\"margin-bottom: 0cm;\">P\u00fablico5<\/p>\n<p class=\"MsoNormal\" style=\"margin-bottom: 0cm;\">&#8211; O documento de an\u00e1lise de riscos foi entregue no ambiente virtual de<\/p>\n<p class=\"MsoNormal\" style=\"margin-bottom: 0cm;\">aprendizagem.<\/p>\n<p class=\"MsoNormal\" style=\"margin-bottom: 0cm;\">RESULTADOS<\/p>\n<p class=\"MsoNormal\" style=\"margin-bottom: 0cm;\">Resultados do experimento:<\/p>\n<p class=\"MsoNormal\" style=\"margin-bottom: 0cm;\">Ao final dessa aula pr\u00e1tica, voc\u00ea dever\u00e1 enviar um arquivo em word contendo as informa\u00e7\u00f5es<\/p>\n<p class=\"MsoNormal\" style=\"margin-bottom: 0cm;\">obtidas no experimento, os c\u00e1lculos realizados, em conjunto com um texto conclusivo a respeito<\/p>\n<p class=\"MsoNormal\" style=\"margin-bottom: 0cm;\">das informa\u00e7\u00f5es obtidas. O arquivo n\u00e3o pode exceder o tamanho de 2Mb.<\/p>\n<p class=\"MsoNormal\" style=\"margin-bottom: 0cm;\">\u2022 Refer\u00eancias bibliogr\u00e1ficas ABNT (quando houver).<\/p>\n<p class=\"MsoNormal\" style=\"margin-bottom: 0cm;\">Resultados de Aprendizagem:<\/p>\n<p class=\"MsoNormal\" style=\"margin-bottom: 0cm;\">Como resultados dessa pr\u00e1tica foi poss\u00edvel:<\/p>\n<p class=\"MsoNormal\" style=\"margin-bottom: 0cm;\">\u2022 Perceber que a participa\u00e7\u00e3o de mais pessoas envolvidas, na atividade de an\u00e1lise de<\/p>\n<p class=\"MsoNormal\" style=\"margin-bottom: 0cm;\">riscos, pode colaborar na investa\u00e7\u00e3o das causas de problemas em desenvolvimento de<\/p>\n<p class=\"MsoNormal\" style=\"margin-bottom: 0cm;\">Software.<\/p>\n<p class=\"MsoNormal\" style=\"margin-bottom: 0cm;\">\u2022 O uso de ferramentas facilita as atividades de investiga\u00e7\u00e3o e an\u00e1lise de riscos.<\/p>\n<p class=\"MsoNormal\" style=\"margin-bottom: 0cm;\">\u2022 O diagrama de Ishikawa auxilia na identifica\u00e7\u00e3o das causas prov\u00e1veis que provocaram<\/p>\n<p class=\"MsoNormal\" style=\"margin-bottom: 0cm;\">o problema no sistema.<\/p>\n<div class=\"elementor-toggle-item\" style=\"box-sizing: border-box;\">\n<div class=\"elementor-toggle-item\">\n<p id=\"elementor-tab-title-1941\" class=\"elementor-tab-title elementor-active\" tabindex=\"0\" role=\"tab\" data-tab=\"1\" aria-controls=\"elementor-tab-content-1941\" aria-expanded=\"true\" aria-selected=\"true\"><strong>Como funciona?<\/strong><\/p>\n<p>Elaboramos os portf\u00f3lios, j\u00e1 deixamos prontos, nas normas da ABNT e conforme os requisitos da universidade. F\u00e1cil assim! O MELHOR \u00c9 QUE VOC\u00ca COMPRA E J\u00c1 BAIXA NA HORA O SEU ARQUIVO EM WORD! Sabemos que conciliar trabalho, fam\u00edlia, vida profissional e estudos \u00e9 dif\u00edcil hoje em dia, por isso, estamos aqui para ajudar voc\u00ea. Conte com nossa qualidade, experi\u00eancia e profissionalismo adquirindo seu portf\u00f3lio conosco. GARANTIMOS SEU CONCEITO!<\/p>\n<p><strong>Como se realizam os envios?<\/strong><\/p>\n<\/div>\n<p id=\"elementor-tab-content-1942\" class=\"elementor-tab-content elementor-clearfix elementor-active\" role=\"tabpanel\" data-tab=\"2\" aria-labelledby=\"elementor-tab-title-1942\">O seu trabalho \u00e9 disponibilizado pronto, respondido e nas normas j\u00e1 na mesma hora aqui em nosso site na sua \u00e1rea de downloads e tamb\u00e9m no seu e-mail.<\/p>\n<p><strong>Em quanto tempo recebo o portf\u00f3lio?<\/strong><\/p>\n<p>Os envios s\u00e3o imediatos. Ap\u00f3s sua compra, o trabalho j\u00e1 \u00e9 disponibilizado instantaneamente aqui em nosso site e no seu e-mail.<\/p>\n<p><strong>E se o portf\u00f3lio que comprei precisar de corre\u00e7\u00e3o?<\/strong><\/p>\n<p>Caso haja alguma solicita\u00e7\u00e3o de corre\u00e7\u00e3o\/altera\u00e7\u00e3o por parte do tutor, basta entrar em contato conosco pelo\u00a0WhatsApp\u00a0que provid\u00eanciaremos sem custo algum.<\/p>\n<p><strong>Qual o formato do arquivo?<\/strong><\/p>\n<p>Os arquivos s\u00e3o enviados em formato Word e s\u00e3o edit\u00e1veis.<\/p>\n<p><strong>Caso eu tiver alguma d\u00favida, terei suporte no p\u00f3s venda?<\/strong><\/p>\n<p>Sim, com certeza. Basta clicar no \u00edcone do WhatsApp no cantinho da tela. Ser\u00e1 um prazer atend\u00ea-lo(a).<\/p>\n<div id=\"elementor-tab-content-1948\" class=\"elementor-tab-content elementor-clearfix elementor-active\" role=\"tabpanel\" data-tab=\"8\" aria-labelledby=\"elementor-tab-title-1948\">\n<p><strong>Quais os seus canais de contato?<\/strong><\/p>\n<\/div>\n<div id=\"elementor-tab-content-1949\" class=\"elementor-tab-content elementor-clearfix elementor-active\" role=\"tabpanel\" data-tab=\"9\" aria-labelledby=\"elementor-tab-title-1949\">\n<p>Whatsapp: 53 984751621 \u2013 Clicar no canto da tela ou ESCANEIE O QRCODE ABAIXO<\/p>\n<h4><img decoding=\"async\" class=\"alignnone wp-image-13699 jetpack-lazy-image jetpack-lazy-image--handled\" src=\"https:\/\/i0.wp.com\/portifolioos-prontos.com\/wp-content\/uploads\/2023\/02\/whatsapp-business-projeto-de-extensao-300x300.jpeg?resize=144%2C144\" sizes=\"(max-width: 144px) 100vw, 144px\" srcset=\"https:\/\/i0.wp.com\/portifolioos-prontos.com\/wp-content\/uploads\/2023\/02\/whatsapp-business-projeto-de-extensao.jpeg?resize=300%2C301&amp;ssl=1 300w, https:\/\/i0.wp.com\/portifolioos-prontos.com\/wp-content\/uploads\/2023\/02\/whatsapp-business-projeto-de-extensao.jpeg?resize=150%2C150&amp;ssl=1 150w, https:\/\/i0.wp.com\/portifolioos-prontos.com\/wp-content\/uploads\/2023\/02\/whatsapp-business-projeto-de-extensao.jpeg?resize=370%2C372&amp;ssl=1 370w, https:\/\/i0.wp.com\/portifolioos-prontos.com\/wp-content\/uploads\/2023\/02\/whatsapp-business-projeto-de-extensao.jpeg?resize=100%2C100&amp;ssl=1 100w, https:\/\/i0.wp.com\/portifolioos-prontos.com\/wp-content\/uploads\/2023\/02\/whatsapp-business-projeto-de-extensao.jpeg?w=470&amp;ssl=1 470w\" alt=\"projeto de extens\u00e3o unopar\" width=\"144\" height=\"144\" data-lazy-loaded=\"1\" \/><\/h4>\n<\/div>\n<div class=\"elementor-toggle-item\">\n<div id=\"elementor-tab-content-1949\" class=\"elementor-tab-content elementor-clearfix elementor-active\" role=\"tabpanel\" data-tab=\"9\" aria-labelledby=\"elementor-tab-title-1949\">\n<p>E-mail:portifoliosp@gmail.com<\/p>\n<div id=\"attachment_143\" class=\"wp-caption alignnone\">\n<div id=\"attachment_143\" class=\"wp-caption alignnone\">\n<p id=\"caption-attachment-143\" class=\"wp-caption-text\"><a href=\"http:\/\/portfolio-pronto.com\/\">Portf\u00f3lio<\/a>\u00a0em Word, respondido, completo e j\u00e1 nas normas<\/p>\n<\/div>\n<\/div>\n<\/div>\n<\/div>\n<\/div>\n","protected":false},"excerpt":{"rendered":"<div class=\"product-short-description\" style=\"box-sizing: border-box;\">\n<div class=\"product-short-description\" style=\"box-sizing: border-box;\">\n<div class=\"product-short-description\">\n<p><span style=\"color: #ff0000;\">RESOLU\u00c7\u00c3O DOS DOIS ROTEIROS SOLICITADOS<\/span><\/p>\n<p><strong>Pague pelo PIX ou cart\u00e3o e fa\u00e7a o download agora mesmo.<\/strong><\/p>\n<\/div>\n<div class=\"sticky-add-to-cart-wrapper\">\n<div class=\"sticky-add-to-cart\">\n<p class=\"quantity buttons_added form-flat\"><img decoding=\"async\" class=\"lazyloaded smush-image-5 smush-image-3 smush-image-4 smush-detected-img smush-image-bigger-3\" src=\"https:\/\/d26lpennugtm8s.cloudfront.net\/assets\/common\/img\/logos\/payment\/visa@2x.png\" width=\"46\" height=\"29\" data-src=\"https:\/\/d26lpennugtm8s.cloudfront.net\/assets\/common\/img\/logos\/payment\/visa@2x.png\" \/><img decoding=\"async\" class=\"lazyloaded smush-image-6 smush-image-4 smush-image-5 smush-detected-img smush-image-bigger-4\" src=\"https:\/\/d26lpennugtm8s.cloudfront.net\/assets\/common\/img\/logos\/payment\/boleto@2x.png\" width=\"43\" height=\"27\" data-src=\"https:\/\/d26lpennugtm8s.cloudfront.net\/assets\/common\/img\/logos\/payment\/boleto@2x.png\" \/><img loading=\"lazy\" decoding=\"async\" class=\"lazyloaded smush-image-7 smush-image-5 smush-image-6 smush-detected-img smush-image-bigger-5\" src=\"https:\/\/d26lpennugtm8s.cloudfront.net\/assets\/common\/img\/logos\/payment\/mastercard@2x.png\" width=\"43\" height=\"27\" data-src=\"https:\/\/d26lpennugtm8s.cloudfront.net\/assets\/common\/img\/logos\/payment\/mastercard@2x.png\" \/><img loading=\"lazy\" decoding=\"async\" class=\"lazyloaded smush-image-8 smush-image-6 smush-image-7 smush-detected-img smush-image-bigger-6\" src=\"https:\/\/d26lpennugtm8s.cloudfront.net\/assets\/common\/img\/logos\/payment\/amex@2x.png\" width=\"43\" height=\"27\" data-src=\"https:\/\/d26lpennugtm8s.cloudfront.net\/assets\/common\/img\/logos\/payment\/amex@2x.png\" \/><img loading=\"lazy\" decoding=\"async\" class=\"lazyloaded smush-image-9 smush-image-7 smush-image-8 smush-detected-img smush-image-bigger-7\" src=\"https:\/\/d26lpennugtm8s.cloudfront.net\/assets\/common\/img\/logos\/payment\/diners@2x.png\" width=\"46\" height=\"29\" data-src=\"https:\/\/d26lpennugtm8s.cloudfront.net\/assets\/common\/img\/logos\/payment\/diners@2x.png\" \/><img loading=\"lazy\" decoding=\"async\" class=\"lazyloaded smush-image-10 smush-image-8 smush-image-9 alignnone smush-detected-img smush-image-bigger-8\" src=\"https:\/\/d26lpennugtm8s.cloudfront.net\/assets\/common\/img\/logos\/payment\/br\/elo@2x.png\" alt=\"portf\u00f3lio unopar anhanguera\" width=\"45\" height=\"28\" data-src=\"https:\/\/d26lpennugtm8s.cloudfront.net\/assets\/common\/img\/logos\/payment\/br\/elo@2x.png\" \/><img loading=\"lazy\" decoding=\"async\" class=\"lazyloaded smush-image-11 smush-image-9 smush-image-10 alignnone smush-detected-img smush-image-bigger-9\" src=\"https:\/\/d26lpennugtm8s.cloudfront.net\/assets\/common\/img\/logos\/payment\/br\/hipercard@2x.png\" alt=\"portf\u00f3lio unopar anhanguera\" width=\"44\" height=\"28\" data-src=\"https:\/\/d26lpennugtm8s.cloudfront.net\/assets\/common\/img\/logos\/payment\/br\/hipercard@2x.png\" \/><img loading=\"lazy\" decoding=\"async\" class=\"lazyloaded smush-image-12 smush-image-10 smush-image-11 alignnone smush-detected-img smush-image-bigger-10\" src=\"https:\/\/d26lpennugtm8s.cloudfront.net\/assets\/common\/img\/logos\/payment\/mercadopago@2x.png\" alt=\"portf\u00f3lio unopar anhanguera\" width=\"45\" height=\"28\" data-src=\"https:\/\/d26lpennugtm8s.cloudfront.net\/assets\/common\/img\/logos\/payment\/mercadopago@2x.png\" \/><img loading=\"lazy\" decoding=\"async\" class=\"alignnone lazyloaded smush-detected-img smush-image-bigger-11\" src=\"https:\/\/futurium.com.br\/wp-content\/uploads\/2021\/06\/logo-pix-icone-512.png\" alt=\"portfolio pronto\" width=\"30\" height=\"30\" data-src=\"https:\/\/futurium.com.br\/wp-content\/uploads\/2021\/06\/logo-pix-icone-512.png\" \/><\/p>\n<\/div>\n<\/div>\n<\/div>\n<\/div>\n","protected":false},"featured_media":35553,"template":"","meta":{"_seopress_robots_primary_cat":"","_seopress_titles_title":"%%post_title%% %%sitetitle%%","_seopress_titles_desc":"%%post_content%%","_seopress_robots_index":""},"product_cat":[15],"product_tag":[],"class_list":{"0":"post-35550","1":"product","2":"type-product","3":"status-publish","4":"has-post-thumbnail","6":"product_cat-uncategorized","8":"first","9":"instock","10":"shipping-taxable","11":"purchasable","12":"product-type-simple","13":"col-xs-6 col-sm-4","14":"col-mf-5","15":"un-5-cols"},"jetpack_sharing_enabled":true,"_links":{"self":[{"href":"https:\/\/portifolioos-prontos.com\/index.php\/wp-json\/wp\/v2\/product\/35550","targetHints":{"allow":["GET"]}}],"collection":[{"href":"https:\/\/portifolioos-prontos.com\/index.php\/wp-json\/wp\/v2\/product"}],"about":[{"href":"https:\/\/portifolioos-prontos.com\/index.php\/wp-json\/wp\/v2\/types\/product"}],"version-history":[{"count":0,"href":"https:\/\/portifolioos-prontos.com\/index.php\/wp-json\/wp\/v2\/product\/35550\/revisions"}],"wp:featuredmedia":[{"embeddable":true,"href":"https:\/\/portifolioos-prontos.com\/index.php\/wp-json\/wp\/v2\/media\/35553"}],"wp:attachment":[{"href":"https:\/\/portifolioos-prontos.com\/index.php\/wp-json\/wp\/v2\/media?parent=35550"}],"wp:term":[{"taxonomy":"product_cat","embeddable":true,"href":"https:\/\/portifolioos-prontos.com\/index.php\/wp-json\/wp\/v2\/product_cat?post=35550"},{"taxonomy":"product_tag","embeddable":true,"href":"https:\/\/portifolioos-prontos.com\/index.php\/wp-json\/wp\/v2\/product_tag?post=35550"}],"curies":[{"name":"wp","href":"https:\/\/api.w.org\/{rel}","templated":true}]}}