{"id":35577,"date":"2025-03-11T20:23:32","date_gmt":"2025-03-11T23:23:32","guid":{"rendered":"https:\/\/portifolioos-prontos.com\/?post_type=product&#038;p=35577"},"modified":"2025-08-03T18:26:38","modified_gmt":"2025-08-03T21:26:38","slug":"aula-pratica-praticas-contabeis-fundamentos-4-roteiros-2","status":"publish","type":"product","link":"https:\/\/portifolioos-prontos.com\/index.php\/product\/aula-pratica-praticas-contabeis-fundamentos-4-roteiros-2\/","title":{"rendered":"Aula Pr\u00e1tica Pr\u00e1ticas Cont\u00e1beis fundamentos (4 roteiros)"},"content":{"rendered":"<h3 style=\"box-sizing: border-box;\"><strong style=\"box-sizing: border-box;\">Portf\u00f3lio Aula Pr\u00e1tica Pr\u00e1ticas Cont\u00e1beis fundamentos<\/strong><\/h3>\n<p style=\"box-sizing: border-box;\"><strong style=\"box-sizing: border-box;\">CONTEMPLA OS 4 ROTEIROS SOLICITADOS<\/strong><\/p>\n<p class=\"MsoNormal\" style=\"margin-bottom: 0cm;\">NOME DA DISCIPLINA: PR\u00c1TICAS CONT\u00c1BEIS &#8211; FUNDAMENTOS<\/p>\n<p class=\"MsoNormal\" style=\"margin-bottom: 0cm;\">Unidade: U2_INFORMA\u00c7\u00c3O CONT\u00c1BIL E OS SEUS USU\u00c1RIOS<\/p>\n<p class=\"MsoNormal\" style=\"margin-bottom: 0cm;\">Aula: A2_CONTABILIZA\u00c7\u00c3O DE ABERTURAS DE EMPRESAS COMERCIAIS<\/p>\n<p class=\"MsoNormal\" style=\"margin-bottom: 0cm;\">OBJETIVOS<\/p>\n<p class=\"MsoNormal\" style=\"margin-bottom: 0cm;\">Defini\u00e7\u00e3o dos objetivos da aula pr\u00e1tica:<\/p>\n<p class=\"MsoNormal\" style=\"margin-bottom: 0cm;\">Desenvolver a capacidade dos alunos de registrar e interpretar transa\u00e7\u00f5es cont\u00e1beis, aplicando<\/p>\n<p class=\"MsoNormal\" style=\"margin-bottom: 0cm;\">os princ\u00edpios fundamentais da contabilidade na elabora\u00e7\u00e3o dos livros cont\u00e1beis (Di\u00e1rio), no<\/p>\n<p class=\"MsoNormal\" style=\"margin-bottom: 0cm;\">levantamento de balancetes de verifica\u00e7\u00e3o.<\/p>\n<p class=\"MsoNormal\" style=\"margin-bottom: 0cm;\">SOLU\u00c7\u00c3O DIGITAL:<\/p>\n<p class=\"MsoNormal\" style=\"margin-bottom: 0cm;\">FERRAMENTAS DIVERSAS DE PLANILHAS<\/p>\n<p class=\"MsoNormal\" style=\"margin-bottom: 0cm;\">Para facilitar os c\u00e1lculos e a organiza\u00e7\u00e3o dos registros cont\u00e1beis, os alunos podem utilizar<\/p>\n<p class=\"MsoNormal\" style=\"margin-bottom: 0cm;\">planilhas eletr\u00f4nicas como Microsoft Excel (vers\u00e3o desktop ou online), Google Planilhas ou<\/p>\n<p class=\"MsoNormal\" style=\"margin-bottom: 0cm;\">LibreOffice Calc. Essas ferramentas auxiliam na estrutura\u00e7\u00e3o do Livro Di\u00e1rio, Livro Raz\u00e3o,<\/p>\n<p class=\"MsoNormal\" style=\"margin-bottom: 0cm;\">Balancete de Verifica\u00e7\u00e3o e Balan\u00e7o Patrimonial, permitindo c\u00e1lculos autom\u00e1ticos e melhor<\/p>\n<p class=\"MsoNormal\" style=\"margin-bottom: 0cm;\">organiza\u00e7\u00e3o das informa\u00e7\u00f5es. Caso desejem, voc\u00ea pode utilizar a planilha template previamente<\/p>\n<p class=\"MsoNormal\" style=\"margin-bottom: 0cm;\">formatada para otimizar o preenchimento dos dados e garantir a correta estrutura\u00e7\u00e3o dos itens<\/p>\n<p class=\"MsoNormal\" style=\"margin-bottom: 0cm;\">solicitados na atividade.<\/p>\n<p class=\"MsoNormal\" style=\"margin-bottom: 0cm;\">Microsoft Office Excel (vers\u00e3o web) https:\/\/excel.cloud.microsoft\/pt-br\/<\/p>\n<p class=\"MsoNormal\" style=\"margin-bottom: 0cm;\">Google Planilhas (vers\u00e3o web) https:\/\/docs.google.com\/spreadsheets<\/p>\n<p class=\"MsoNormal\" style=\"margin-bottom: 0cm;\">LibreOffice Calc (desktop) https:\/\/pt-br.libreoffice.org\/<\/p>\n<p class=\"MsoNormal\" style=\"margin-bottom: 0cm;\">Planilha template em XLS para a atividade https:\/\/bit.ly\/3WWIVu1<\/p>\n<p class=\"MsoNormal\" style=\"margin-bottom: 0cm;\">3<\/p>\n<p class=\"MsoNormal\" style=\"margin-bottom: 0cm;\">PROCEDIMENTOS PR\u00c1TICOS E APLICA\u00c7\u00d5ES<\/p>\n<p class=\"MsoNormal\" style=\"margin-bottom: 0cm;\">Procedimento\/Atividade n\u00ba 1<\/p>\n<p class=\"MsoNormal\" style=\"margin-bottom: 0cm;\">Contabiliza\u00e7\u00e3o da empresa Diamante<\/p>\n<p class=\"MsoNormal\" style=\"margin-bottom: 0cm;\">Atividade proposta: Compreender e aplicar os procedimentos da contabilidade na elabora\u00e7\u00e3o<\/p>\n<p class=\"MsoNormal\" style=\"margin-bottom: 0cm;\">de registros cont\u00e1beis e an\u00e1lise financeira por meio do lan\u00e7amento de transa\u00e7\u00f5es no Livro<\/p>\n<p class=\"MsoNormal\" style=\"margin-bottom: 0cm;\">Di\u00e1rio e no Balancete, permitindo a identifica\u00e7\u00e3o da estrutura patrimonial e do resultado da<\/p>\n<p class=\"MsoNormal\" style=\"margin-bottom: 0cm;\">empresa.<\/p>\n<p class=\"MsoNormal\" style=\"margin-bottom: 0cm;\">Considere os fatos da empresa Diamante Ltda., uma empresa atuante em Londrina\/PR.<\/p>\n<p class=\"MsoNormal\" style=\"margin-bottom: 0cm;\">Em janeiro de 20&#215;1, a empresa Diamante incorreu nos seguintes fatos*:<\/p>\n<p class=\"MsoNormal\" style=\"margin-bottom: 0cm;\">01\/01 Abertura da empresa. Os s\u00f3cios subscreveram um capital social de $20.000, dividido<\/p>\n<p class=\"MsoNormal\" style=\"margin-bottom: 0cm;\">em 100 cotas, e que dever\u00e1 ser integralizado com banco. No ato da abertura, os<\/p>\n<p class=\"MsoNormal\" style=\"margin-bottom: 0cm;\">s\u00f3cios integralizaram 60% do capital. O resto ser\u00e1 integralizado em 31 de mar\u00e7o de<\/p>\n<p class=\"MsoNormal\" style=\"margin-bottom: 0cm;\">20&#215;3.<\/p>\n<p class=\"MsoNormal\" style=\"margin-bottom: 0cm;\">10\/01 Compra de estoque de mercadorias no valor de $3.000, sendo 50% pagos via pix e<\/p>\n<p class=\"MsoNormal\" style=\"margin-bottom: 0cm;\">50% a prazo, conforme NF 52 do Fornecedor da Silva.<\/p>\n<p class=\"MsoNormal\" style=\"margin-bottom: 0cm;\">15\/01 Venda \u00e0 vista (pix) de 50% do estoque de mercadorias pelo valor de $2.800,<\/p>\n<p class=\"MsoNormal\" style=\"margin-bottom: 0cm;\">conforme NF 01.<\/p>\n<p class=\"MsoNormal\" style=\"margin-bottom: 0cm;\">25\/01 Compra a prazo de ve\u00edculos no valor de $15.000 mediante financiamentos de curto<\/p>\n<p class=\"MsoNormal\" style=\"margin-bottom: 0cm;\">prazo.<\/p>\n<p class=\"MsoNormal\" style=\"margin-bottom: 0cm;\">31\/01 Apropria\u00e7\u00e3o de despesa de telefone e internet no valor de $600 (boleto n. 333 da<\/p>\n<p class=\"MsoNormal\" style=\"margin-bottom: 0cm;\">Telefonia AB), sendo 70% atribu\u00eddos ao setor de vendas e 30% atribu\u00eddos ao setor<\/p>\n<p class=\"MsoNormal\" style=\"margin-bottom: 0cm;\">administrativo.<\/p>\n<p class=\"MsoNormal\" style=\"margin-bottom: 0cm;\">*desconsiderar efeitos tribut\u00e1rios nesta atividade pr\u00e1tica.<\/p>\n<p class=\"MsoNormal\" style=\"margin-bottom: 0cm;\">Pede-se:<\/p>\n<p class=\"MsoNormal\" style=\"margin-bottom: 0cm;\">a. Registre todos os fatos no Livro Di\u00e1rio e no Balancete (2 colunas \u2013 antes da ARE*).<\/p>\n<p class=\"MsoNormal\" style=\"margin-bottom: 0cm;\">b. Responda as perguntas do quadro de perguntas<\/p>\n<p class=\"MsoNormal\" style=\"margin-bottom: 0cm;\">*um balancete de verifica\u00e7\u00e3o antes da ARE representar\u00e1 todas as contas patrimoniais e de resultado.<\/p>\n<p class=\"MsoNormal\" style=\"margin-bottom: 0cm;\">Quadro de perguntas. Responda:<\/p>\n<p class=\"MsoNormal\" style=\"margin-bottom: 0cm;\">qual \u00e9 o valor total do Ativo?<\/p>\n<p class=\"MsoNormal\" style=\"margin-bottom: 0cm;\">qual \u00e9 o valor total do PL?<\/p>\n<p class=\"MsoNormal\" style=\"margin-bottom: 0cm;\">qual \u00e9 o valor do lucro ou preju\u00edzo da empresa?<\/p>\n<p class=\"MsoNormal\" style=\"margin-bottom: 0cm;\">Procedimentos para a realiza\u00e7\u00e3o da atividade:<\/p>\n<p class=\"MsoNormal\" style=\"margin-bottom: 0cm;\">Inicialmente, voc\u00ea deve analisar o Balan\u00e7o Patrimonial da empresa para compreender sua<\/p>\n<p class=\"MsoNormal\" style=\"margin-bottom: 0cm;\">estrutura e verificar a posi\u00e7\u00e3o patrimonial antes dos registros cont\u00e1beis. Em seguida, deve<\/p>\n<p class=\"MsoNormal\" style=\"margin-bottom: 0cm;\">realizar a escritura\u00e7\u00e3o cont\u00e1bil dos fatos ocorridos em fevereiro, registrando cada transa\u00e7\u00e3o no<\/p>\n<p class=\"MsoNormal\" style=\"margin-bottom: 0cm;\">Livro Di\u00e1rio, seguindo o m\u00e9todo das partidas dobradas, e posteriormente transferindo os<\/p>\n<p class=\"MsoNormal\" style=\"margin-bottom: 0cm;\">lan\u00e7amentos para o Livro Raz\u00e3o.<\/p>\n<p class=\"MsoNormal\" style=\"margin-bottom: 0cm;\">Ap\u00f3s a escritura\u00e7\u00e3o, ser\u00e1 necess\u00e1rio levantar o Balancete de Verifica\u00e7\u00e3o em dois formatos: um<\/p>\n<p class=\"MsoNormal\" style=\"margin-bottom: 0cm;\">de duas colunas, contendo D\u00e9bitos e Cr\u00e9ditos para confer\u00eancia dos saldos, e outro de seis<\/p>\n<p class=\"MsoNormal\" style=\"margin-bottom: 0cm;\">4<\/p>\n<p class=\"MsoNormal\" style=\"margin-bottom: 0cm;\">colunas, incluindo Saldo Anterior, D\u00e9bitos, Cr\u00e9ditos, Saldo Atual, D\u00e9bito Final e Cr\u00e9dito Final.<\/p>\n<p class=\"MsoNormal\" style=\"margin-bottom: 0cm;\">Com base nos saldos finais apurados, voc\u00ea dever\u00e1 estruturar o novo Balan\u00e7o Patrimonial<\/p>\n<p class=\"MsoNormal\" style=\"margin-bottom: 0cm;\">referente ao m\u00eas de fevereiro, garantindo que ele esteja devidamente adequado.<\/p>\n<p class=\"MsoNormal\" style=\"margin-bottom: 0cm;\">Por fim, \u00e9 essencial revisar e conferir todos os registros realizados, verificando se os<\/p>\n<p class=\"MsoNormal\" style=\"margin-bottom: 0cm;\">lan\u00e7amentos cont\u00e1beis foram feitos corretamente e se o balan\u00e7o final reflete com precis\u00e3o a<\/p>\n<p class=\"MsoNormal\" style=\"margin-bottom: 0cm;\">posi\u00e7\u00e3o patrimonial da empresa. Al\u00e9m disso, \u00e9 fundamental garantir que o total do ativo seja<\/p>\n<p class=\"MsoNormal\" style=\"margin-bottom: 0cm;\">igual ao total do passivo e do patrim\u00f4nio l\u00edquido.<\/p>\n<p class=\"MsoNormal\" style=\"margin-bottom: 0cm;\">Avaliando os resultados:<\/p>\n<p class=\"MsoNormal\" style=\"margin-bottom: 0cm;\">Com base nos dados do balan\u00e7o patrimonial ap\u00f3s os registros cont\u00e1beis, responda:<\/p>\n<p class=\"MsoNormal\" style=\"margin-bottom: 0cm;\">1. Qual o impacto dos lan\u00e7amentos realizados na composi\u00e7\u00e3o patrimonial da empresa<\/p>\n<p class=\"MsoNormal\" style=\"margin-bottom: 0cm;\">Diamante?<\/p>\n<p class=\"MsoNormal\" style=\"margin-bottom: 0cm;\">2. Como as transa\u00e7\u00f5es ocorridas em janeiro de 20&#215;1 influenciaram o resultado do exerc\u00edcio?<\/p>\n<p class=\"MsoNormal\" style=\"margin-bottom: 0cm;\">Checklist:<\/p>\n<p class=\"MsoNormal\" style=\"margin-bottom: 0cm;\">\u00fc Registrar os fatos cont\u00e1beis no Livro Di\u00e1rio seguindo o m\u00e9todo das partidas dobradas.<\/p>\n<p class=\"MsoNormal\" style=\"margin-bottom: 0cm;\">\u00fc Elaborar o Balancete no modelo de duas colunas (d\u00e9bitos e cr\u00e9ditos).<\/p>\n<p class=\"MsoNormal\" style=\"margin-bottom: 0cm;\">\u00fc Calcular o total do Ativo, Passivo e Patrim\u00f4nio L\u00edquido ap\u00f3s os lan\u00e7amentos.<\/p>\n<p class=\"MsoNormal\" style=\"margin-bottom: 0cm;\">\u00fc Determinar o lucro ou preju\u00edzo do per\u00edodo, considerando receitas e despesas<\/p>\n<p class=\"MsoNormal\" style=\"margin-bottom: 0cm;\">apropriadas.<\/p>\n<p class=\"MsoNormal\" style=\"margin-bottom: 0cm;\">\u00fc Responder \u00e0s perguntas do quadro, utilizando os valores calculados no Balancete.<\/p>\n<p class=\"MsoNormal\" style=\"margin-bottom: 0cm;\">\u00fc Revis\u00e3o e finaliza\u00e7\u00e3o da atividade \u2013 antes da entrega, revisar todo o trabalho para<\/p>\n<p class=\"MsoNormal\" style=\"margin-bottom: 0cm;\">garantir que esteja completo e preciso.<\/p>\n<p class=\"MsoNormal\" style=\"margin-bottom: 0cm;\">RESULTADOS<\/p>\n<p class=\"MsoNormal\" style=\"margin-bottom: 0cm;\">Resultados da pr\u00e1tica:<\/p>\n<p class=\"MsoNormal\" style=\"margin-bottom: 0cm;\">Ao final dessa aula pr\u00e1tica, voc\u00ea dever\u00e1 enviar um arquivo em XLSX (planilha) contendo as<\/p>\n<p class=\"MsoNormal\" style=\"margin-bottom: 0cm;\">informa\u00e7\u00f5es geradas, os c\u00e1lculos realizados, em conjunto com um texto conclusivo contendo as<\/p>\n<p class=\"MsoNormal\" style=\"margin-bottom: 0cm;\">respostas \u00e0s perguntas realizadas. O arquivo n\u00e3o pode exceder o tamanho de 2Mb.<\/p>\n<p class=\"MsoNormal\" style=\"margin-bottom: 0cm;\">REFER\u00caNCIAS INDICADAS<\/p>\n<p class=\"MsoNormal\" style=\"margin-bottom: 0cm;\">ALMEIDA, Marcelo Cavalcanti. Contabilidade Introdut\u00f3ria em IFRS e CPC. 2. ed. S\u00e3o Paulo:<\/p>\n<p class=\"MsoNormal\" style=\"margin-bottom: 0cm;\">Atlas, 2018.<\/p>\n<p class=\"MsoNormal\" style=\"margin-bottom: 0cm;\">BORINELLI, M\u00e1rcio Luiz; PIMENTEL, Ren\u00ea Coppe. Contabilidade para Gestores, Analistas e<\/p>\n<p class=\"MsoNormal\" style=\"margin-bottom: 0cm;\">Outros Profissionais: de acordo com os pronunciamentos do CPC (Comit\u00ea de<\/p>\n<p class=\"MsoNormal\" style=\"margin-bottom: 0cm;\">Pronunciamentos Cont\u00e1beis) e IFRS (Normas Internacionais de Contabilidade. 2. ed. S\u00e3o<\/p>\n<p class=\"MsoNormal\" style=\"margin-bottom: 0cm;\">Paulo: Atlas, 2017.<\/p>\n<p class=\"MsoNormal\" style=\"margin-bottom: 0cm;\">5<\/p>\n<p class=\"MsoNormal\" style=\"margin-bottom: 0cm;\">COMIT\u00ca DE PRONUNCIAMENTOS CONT\u00c1BEIS. Pronunciamento Conceitual B\u00e1sico: CPC 26<\/p>\n<p class=\"MsoNormal\" style=\"margin-bottom: 0cm;\">(R1) &#8211; Apresenta\u00e7\u00e3o das Demonstra\u00e7\u00f5es Cont\u00e1beis. 2011. Dispon\u00edvel em: &lt;<\/p>\n<p class=\"MsoNormal\" style=\"margin-bottom: 0cm;\">https:\/\/bit.ly\/3yQLncy &gt; Acesso em: 11 de fevereiro de 2025.<\/p>\n<p class=\"MsoNormal\" style=\"margin-bottom: 0cm;\">IUD\u00cdCIBUS, S\u00e9rgio de (Coord.). Contabilidade Introdut\u00f3ria. Equipe de professores da FEAUSP. 12. ed. 5. reimp. S\u00e3o Paulo: Atlas, 2024.<\/p>\n<p class=\"MsoNormal\" style=\"margin-bottom: 0cm;\">IUD\u00cdCIBUS, S\u00e9rgio de; MARION, Jos\u00e9 Carlos. Curso de Contabilidade para N\u00e3o Contadores:<\/p>\n<p class=\"MsoNormal\" style=\"margin-bottom: 0cm;\">para estudantes e profissionais de administra\u00e7\u00e3o, economia, direito, engenharia e demais \u00e1reas<\/p>\n<p class=\"MsoNormal\" style=\"margin-bottom: 0cm;\">de conhecimento. 9. ed. Barueri: Atlas, 2022.<\/p>\n<p class=\"MsoNormal\" style=\"margin-bottom: 0cm;\">MARION, Jos\u00e9 Carlos. Contabilidade B\u00e1sica. 13. ed. 3. Reimp. Baueri: Atlas, 2024.<\/p>\n<p class=\"MsoNormal\" style=\"margin-bottom: 0cm;\">PADOVEZE, Cl\u00f3vis Luis. Contabilidade Geral Facilitada. Rio de Janeiro: Forense; S\u00e3o Paulo:<\/p>\n<p class=\"MsoNormal\" style=\"margin-bottom: 0cm;\">M\u00c9TODO, 2017.<\/p>\n<p class=\"MsoNormal\" style=\"margin-bottom: 0cm;\">PADOVEZE, Cl\u00f3vis Luis. Manual de Contabilidade B\u00e1sica: contabilidade introdut\u00f3ria e<\/p>\n<p class=\"MsoNormal\" style=\"margin-bottom: 0cm;\">intermedi\u00e1ria. 10. ed. 2. Reimpr. S\u00e3o Paulo: Atlas, 2018.<\/p>\n<p class=\"MsoNormal\" style=\"margin-bottom: 0cm;\">RIBEIRO, Osni Moura. Contabilidade B\u00e1sica F\u00e1cil. 29. ed. S\u00e3o Paulo: Saraiva, 2015.<\/p>\n<p class=\"MsoNormal\" style=\"margin-bottom: 0cm;\">SALOTTI, Bruno Meirelles et al. Contabilidade Financeira. S\u00e3o Paulo: Atlas, 2019.<\/p>\n<p class=\"MsoNormal\" style=\"margin-bottom: 0cm;\">Resultados de Aprendizagem:<\/p>\n<p class=\"MsoNormal\" style=\"margin-bottom: 0cm;\">Ao concluir esta pr\u00e1tica, o estudante ser\u00e1 capaz de registrar transa\u00e7\u00f5es cont\u00e1beis no Livro Di\u00e1rio<\/p>\n<p class=\"MsoNormal\" style=\"margin-bottom: 0cm;\">e elaborar um Balancete simplificado, compreendendo a estrutura patrimonial e os efeitos das<\/p>\n<p class=\"MsoNormal\" style=\"margin-bottom: 0cm;\">opera\u00e7\u00f5es no resultado da empresa. Al\u00e9m disso, desenvolver\u00e1 habilidades para classificar<\/p>\n<p class=\"MsoNormal\" style=\"margin-bottom: 0cm;\">contas, interpretar informa\u00e7\u00f5es cont\u00e1beis, analisando o impacto das movimenta\u00e7\u00f5es<\/p>\n<p class=\"MsoNormal\" style=\"margin-bottom: 0cm;\">patrimoniais, refor\u00e7ando a aplica\u00e7\u00e3o dos conceitos fundamentais da contabilidade.<\/p>\n<div class=\"elementor-toggle-item\">\n<p id=\"elementor-tab-title-1941\" class=\"elementor-tab-title elementor-active\" tabindex=\"0\" role=\"tab\" data-tab=\"1\" aria-controls=\"elementor-tab-content-1941\" aria-expanded=\"true\" aria-selected=\"true\"><strong>Como funciona?<\/strong><\/p>\n<p>Elaboramos os portf\u00f3lios, j\u00e1 deixamos prontos, nas normas da ABNT e conforme os requisitos da universidade. F\u00e1cil assim! O MELHOR \u00c9 QUE VOC\u00ca COMPRA E J\u00c1 BAIXA NA HORA O SEU ARQUIVO EM WORD! Sabemos que conciliar trabalho, fam\u00edlia, vida profissional e estudos \u00e9 dif\u00edcil hoje em dia, por isso, estamos aqui para ajudar voc\u00ea. Conte com nossa qualidade, experi\u00eancia e profissionalismo adquirindo seu portf\u00f3lio conosco. GARANTIMOS SEU CONCEITO!<\/p>\n<p><strong>Como se realizam os envios?<\/strong><\/p>\n<\/div>\n<p id=\"elementor-tab-content-1942\" class=\"elementor-tab-content elementor-clearfix elementor-active\" role=\"tabpanel\" data-tab=\"2\" aria-labelledby=\"elementor-tab-title-1942\">O seu trabalho \u00e9 disponibilizado pronto, respondido e nas normas j\u00e1 na mesma hora aqui em nosso site na sua \u00e1rea de downloads e tamb\u00e9m no seu e-mail.<\/p>\n<p><strong>Em quanto tempo recebo o portf\u00f3lio?<\/strong><\/p>\n<p>Os envios s\u00e3o imediatos. Ap\u00f3s sua compra, o trabalho j\u00e1 \u00e9 disponibilizado instantaneamente aqui em nosso site e no seu e-mail.<\/p>\n<p><strong>E se o portf\u00f3lio que comprei precisar de corre\u00e7\u00e3o?<\/strong><\/p>\n<p>Caso haja alguma solicita\u00e7\u00e3o de corre\u00e7\u00e3o\/altera\u00e7\u00e3o por parte do tutor, basta entrar em contato conosco pelo\u00a0WhatsApp\u00a0que provid\u00eanciaremos sem custo algum.<\/p>\n<p><strong>Qual o formato do arquivo?<\/strong><\/p>\n<p>Os arquivos s\u00e3o enviados em formato Word e s\u00e3o edit\u00e1veis.<\/p>\n<p><strong>Caso eu tiver alguma d\u00favida, terei suporte no p\u00f3s venda?<\/strong><\/p>\n<p>Sim, com certeza. Basta clicar no \u00edcone do WhatsApp no cantinho da tela. Ser\u00e1 um prazer atend\u00ea-lo(a).<\/p>\n<div id=\"elementor-tab-content-1948\" class=\"elementor-tab-content elementor-clearfix elementor-active\" role=\"tabpanel\" data-tab=\"8\" aria-labelledby=\"elementor-tab-title-1948\">\n<p><strong>Quais os seus canais de contato?<\/strong><\/p>\n<\/div>\n<div id=\"elementor-tab-content-1949\" class=\"elementor-tab-content elementor-clearfix elementor-active\" role=\"tabpanel\" data-tab=\"9\" aria-labelledby=\"elementor-tab-title-1949\">\n<p>Whatsapp: 53 984751621 \u2013 Clicar no canto da tela ou ESCANEIE O QRCODE ABAIXO<\/p>\n<h4><img decoding=\"async\" class=\"alignnone wp-image-13699 jetpack-lazy-image jetpack-lazy-image--handled\" src=\"https:\/\/i0.wp.com\/portifolioos-prontos.com\/wp-content\/uploads\/2023\/02\/whatsapp-business-projeto-de-extensao-300x300.jpeg?resize=144%2C144\" sizes=\"(max-width: 144px) 100vw, 144px\" srcset=\"https:\/\/i0.wp.com\/portifolioos-prontos.com\/wp-content\/uploads\/2023\/02\/whatsapp-business-projeto-de-extensao.jpeg?resize=300%2C301&amp;ssl=1 300w, https:\/\/i0.wp.com\/portifolioos-prontos.com\/wp-content\/uploads\/2023\/02\/whatsapp-business-projeto-de-extensao.jpeg?resize=150%2C150&amp;ssl=1 150w, https:\/\/i0.wp.com\/portifolioos-prontos.com\/wp-content\/uploads\/2023\/02\/whatsapp-business-projeto-de-extensao.jpeg?resize=370%2C372&amp;ssl=1 370w, https:\/\/i0.wp.com\/portifolioos-prontos.com\/wp-content\/uploads\/2023\/02\/whatsapp-business-projeto-de-extensao.jpeg?resize=100%2C100&amp;ssl=1 100w, https:\/\/i0.wp.com\/portifolioos-prontos.com\/wp-content\/uploads\/2023\/02\/whatsapp-business-projeto-de-extensao.jpeg?w=470&amp;ssl=1 470w\" alt=\"projeto de extens\u00e3o unopar\" width=\"144\" height=\"144\" data-lazy-loaded=\"1\" \/><\/h4>\n<\/div>\n<div class=\"elementor-toggle-item\">\n<div id=\"elementor-tab-content-1949\" class=\"elementor-tab-content elementor-clearfix elementor-active\" role=\"tabpanel\" data-tab=\"9\" aria-labelledby=\"elementor-tab-title-1949\">\n<p>E-mail:portifoliosp@gmail.com<\/p>\n<div id=\"attachment_143\" class=\"wp-caption alignnone\">\n<div id=\"attachment_143\" class=\"wp-caption alignnone\">\n<p id=\"caption-attachment-143\" class=\"wp-caption-text\"><a href=\"http:\/\/portfolio-pronto.com\/\">Portf\u00f3lio<\/a>\u00a0em Word, respondido, completo e j\u00e1 nas normas<\/p>\n<\/div>\n<\/div>\n<\/div>\n<\/div>\n","protected":false},"excerpt":{"rendered":"<div class=\"product-short-description\" style=\"box-sizing: border-box;\">\n<p style=\"box-sizing: border-box; color: var(--mf-dark-color);\"><strong style=\"box-sizing: border-box;\">CONTEMPLA OS 4 ROTEIROS SOLICITADOS<\/strong><\/p>\n<div class=\"product-short-description\">\n<p><strong>Pague pelo PIX ou cart\u00e3o e fa\u00e7a o download agora mesmo.<\/strong><\/p>\n<\/div>\n<div class=\"sticky-add-to-cart-wrapper\">\n<div class=\"sticky-add-to-cart\">\n<p class=\"quantity buttons_added form-flat\"><img decoding=\"async\" class=\"lazyloaded smush-image-5 smush-image-3 smush-image-4 smush-detected-img smush-image-bigger-3\" src=\"https:\/\/d26lpennugtm8s.cloudfront.net\/assets\/common\/img\/logos\/payment\/visa@2x.png\" width=\"46\" height=\"29\" data-src=\"https:\/\/d26lpennugtm8s.cloudfront.net\/assets\/common\/img\/logos\/payment\/visa@2x.png\" \/><img decoding=\"async\" class=\"lazyloaded smush-image-6 smush-image-4 smush-image-5 smush-detected-img smush-image-bigger-4\" src=\"https:\/\/d26lpennugtm8s.cloudfront.net\/assets\/common\/img\/logos\/payment\/boleto@2x.png\" width=\"43\" height=\"27\" data-src=\"https:\/\/d26lpennugtm8s.cloudfront.net\/assets\/common\/img\/logos\/payment\/boleto@2x.png\" \/><img loading=\"lazy\" decoding=\"async\" class=\"lazyloaded smush-image-7 smush-image-5 smush-image-6 smush-detected-img smush-image-bigger-5\" src=\"https:\/\/d26lpennugtm8s.cloudfront.net\/assets\/common\/img\/logos\/payment\/mastercard@2x.png\" width=\"43\" height=\"27\" data-src=\"https:\/\/d26lpennugtm8s.cloudfront.net\/assets\/common\/img\/logos\/payment\/mastercard@2x.png\" \/><img loading=\"lazy\" decoding=\"async\" class=\"lazyloaded smush-image-8 smush-image-6 smush-image-7 smush-detected-img smush-image-bigger-6\" src=\"https:\/\/d26lpennugtm8s.cloudfront.net\/assets\/common\/img\/logos\/payment\/amex@2x.png\" width=\"43\" height=\"27\" data-src=\"https:\/\/d26lpennugtm8s.cloudfront.net\/assets\/common\/img\/logos\/payment\/amex@2x.png\" \/><img loading=\"lazy\" decoding=\"async\" class=\"lazyloaded smush-image-9 smush-image-7 smush-image-8 smush-detected-img smush-image-bigger-7\" src=\"https:\/\/d26lpennugtm8s.cloudfront.net\/assets\/common\/img\/logos\/payment\/diners@2x.png\" width=\"46\" height=\"29\" data-src=\"https:\/\/d26lpennugtm8s.cloudfront.net\/assets\/common\/img\/logos\/payment\/diners@2x.png\" \/><img loading=\"lazy\" decoding=\"async\" class=\"lazyloaded smush-image-10 smush-image-8 smush-image-9 alignnone smush-detected-img smush-image-bigger-8\" src=\"https:\/\/d26lpennugtm8s.cloudfront.net\/assets\/common\/img\/logos\/payment\/br\/elo@2x.png\" alt=\"portf\u00f3lio unopar anhanguera\" width=\"45\" height=\"28\" data-src=\"https:\/\/d26lpennugtm8s.cloudfront.net\/assets\/common\/img\/logos\/payment\/br\/elo@2x.png\" \/><img loading=\"lazy\" decoding=\"async\" class=\"lazyloaded smush-image-11 smush-image-9 smush-image-10 alignnone smush-detected-img smush-image-bigger-9\" src=\"https:\/\/d26lpennugtm8s.cloudfront.net\/assets\/common\/img\/logos\/payment\/br\/hipercard@2x.png\" alt=\"portf\u00f3lio unopar anhanguera\" width=\"44\" height=\"28\" data-src=\"https:\/\/d26lpennugtm8s.cloudfront.net\/assets\/common\/img\/logos\/payment\/br\/hipercard@2x.png\" \/><img loading=\"lazy\" decoding=\"async\" class=\"lazyloaded smush-image-12 smush-image-10 smush-image-11 alignnone smush-detected-img smush-image-bigger-10\" src=\"https:\/\/d26lpennugtm8s.cloudfront.net\/assets\/common\/img\/logos\/payment\/mercadopago@2x.png\" alt=\"portf\u00f3lio unopar anhanguera\" width=\"45\" height=\"28\" data-src=\"https:\/\/d26lpennugtm8s.cloudfront.net\/assets\/common\/img\/logos\/payment\/mercadopago@2x.png\" \/><img loading=\"lazy\" decoding=\"async\" class=\"alignnone lazyloaded smush-detected-img smush-image-bigger-11\" src=\"https:\/\/futurium.com.br\/wp-content\/uploads\/2021\/06\/logo-pix-icone-512.png\" alt=\"portfolio pronto\" width=\"30\" height=\"30\" data-src=\"https:\/\/futurium.com.br\/wp-content\/uploads\/2021\/06\/logo-pix-icone-512.png\" \/><\/p>\n<\/div>\n<\/div>\n<\/div>\n","protected":false},"featured_media":35574,"template":"","meta":{"_seopress_robots_primary_cat":"none","_seopress_titles_title":"%%post_title%% %%sitetitle%%","_seopress_titles_desc":"%%post_content%%","_seopress_robots_index":""},"product_cat":[32],"product_tag":[],"class_list":{"0":"post-35577","1":"product","2":"type-product","3":"status-publish","4":"has-post-thumbnail","6":"product_cat-ciencias-contabeis","8":"first","9":"instock","10":"downloadable","11":"virtual","12":"purchasable","13":"product-type-simple","14":"col-xs-6 col-sm-4","15":"col-mf-5","16":"un-5-cols"},"jetpack_sharing_enabled":true,"_links":{"self":[{"href":"https:\/\/portifolioos-prontos.com\/index.php\/wp-json\/wp\/v2\/product\/35577","targetHints":{"allow":["GET"]}}],"collection":[{"href":"https:\/\/portifolioos-prontos.com\/index.php\/wp-json\/wp\/v2\/product"}],"about":[{"href":"https:\/\/portifolioos-prontos.com\/index.php\/wp-json\/wp\/v2\/types\/product"}],"version-history":[{"count":0,"href":"https:\/\/portifolioos-prontos.com\/index.php\/wp-json\/wp\/v2\/product\/35577\/revisions"}],"wp:featuredmedia":[{"embeddable":true,"href":"https:\/\/portifolioos-prontos.com\/index.php\/wp-json\/wp\/v2\/media\/35574"}],"wp:attachment":[{"href":"https:\/\/portifolioos-prontos.com\/index.php\/wp-json\/wp\/v2\/media?parent=35577"}],"wp:term":[{"taxonomy":"product_cat","embeddable":true,"href":"https:\/\/portifolioos-prontos.com\/index.php\/wp-json\/wp\/v2\/product_cat?post=35577"},{"taxonomy":"product_tag","embeddable":true,"href":"https:\/\/portifolioos-prontos.com\/index.php\/wp-json\/wp\/v2\/product_tag?post=35577"}],"curies":[{"name":"wp","href":"https:\/\/api.w.org\/{rel}","templated":true}]}}