{"id":35608,"date":"2025-03-12T14:27:50","date_gmt":"2025-03-12T17:27:50","guid":{"rendered":"https:\/\/portifolioos-prontos.com\/?post_type=product&#038;p=35608"},"modified":"2026-03-02T17:05:05","modified_gmt":"2026-03-02T20:05:05","slug":"aula-pratica-eletrecidade-instrumental","status":"publish","type":"product","link":"https:\/\/portifolioos-prontos.com\/index.php\/product\/aula-pratica-eletrecidade-instrumental\/","title":{"rendered":"Aula Pr\u00e1tica Eletrecidade Instrumental"},"content":{"rendered":"<h5 data-start=\"0\" data-end=\"58\"><strong data-start=\"6\" data-end=\"58\">Portf\u00f3lio Aula Pr\u00e1tica Eletrecidade Instrumental<\/strong><\/h5>\n<hr data-start=\"60\" data-end=\"63\" \/>\n<h5 data-start=\"65\" data-end=\"112\"><strong data-start=\"71\" data-end=\"112\">Disciplina: Eletricidade Instrumental<\/strong><\/h5>\n<hr data-start=\"114\" data-end=\"117\" \/>\n<h5 data-start=\"119\" data-end=\"158\"><strong data-start=\"125\" data-end=\"158\">1 \u2013 Conceitos Da Eletricidade<\/strong><\/h5>\n<hr data-start=\"160\" data-end=\"163\" \/>\n<h5 data-start=\"165\" data-end=\"183\"><strong data-start=\"171\" data-end=\"183\">Software<\/strong><\/h5>\n<p data-start=\"185\" data-end=\"201\">Acesso on-line<\/p>\n<p data-start=\"203\" data-end=\"210\">Livre<\/p>\n<hr data-start=\"212\" data-end=\"215\" \/>\n<h5 data-start=\"217\" data-end=\"241\"><strong data-start=\"223\" data-end=\"241\">Infraestrutura<\/strong><\/h5>\n<p data-start=\"243\" data-end=\"278\">Computador com acesso \u00e0 internet.<\/p>\n<hr data-start=\"280\" data-end=\"283\" \/>\n<h5 data-start=\"285\" data-end=\"316\"><strong data-start=\"291\" data-end=\"316\">Descri\u00e7\u00e3o do software<\/strong><\/h5>\n<p data-start=\"318\" data-end=\"591\">Tinkercad \u00e9 um aplicativo online, gratuito, intuitivo e f\u00e1cil de usar para modelagem 3D e simula\u00e7\u00e3o de circuitos eletr\u00f4nicos. As ferramentas que est\u00e3o dispon\u00edveis no Tinkercad podem ser utilizadas pelos professores, alunos e qualquer pessoa que tenha vontade de aprender.<\/p>\n<p data-start=\"593\" data-end=\"953\">O Tinkercad \u00e9 da Autodesk e \u00e9 uma das ferramentas mais populares para criar projetos simples do zero e para modificar rapidamente projetos j\u00e1 existentes. Atrav\u00e9s do Tinkercad n\u00e3o h\u00e1 necessidade de comprar componentes f\u00edsicos, sensores, placas, al\u00e9m de n\u00e3o existir nenhum tipo de destrui\u00e7\u00e3o de quaisquer componentes f\u00edsicos, caso o circuito estiver incorreto.<\/p>\n<hr data-start=\"955\" data-end=\"958\" \/>\n<h5 data-start=\"960\" data-end=\"980\"><strong data-start=\"966\" data-end=\"980\">Introdu\u00e7\u00e3o<\/strong><\/h5>\n<p data-start=\"982\" data-end=\"1534\">Um mult\u00edmetro \u00e9 uma ferramenta de teste usada para medir dois ou mais valores el\u00e9tricos como: tens\u00e3o (volts), corrente (amp\u00e8res) e resist\u00eancia (ohms). \u00c9 uma ferramenta de diagn\u00f3stico padr\u00e3o para t\u00e9cnicos nas ind\u00fastrias el\u00e9tricas\/eletr\u00f4nicas. Instrumentos anal\u00f3gicos geralmente s\u00e3o baseados em um microamper\u00edmetro cujo ponteiro se move sobre uma calibra\u00e7\u00e3o de escala para todas as diferentes medi\u00e7\u00f5es que podem ser feitas e os instrumentos digitais geralmente exibem d\u00edgitos, mas podem exibir uma barra de comprimento proporcional \u00e0 quantidade medida.<\/p>\n<p data-start=\"1536\" data-end=\"1811\">Os mult\u00edmetros digitais substitu\u00edram os medidores anal\u00f3gicos baseados em agulha devido \u00e0 sua capacidade de medir com maior precis\u00e3o, confiabilidade e maior imped\u00e2ncia. Saber usar um multimetro \u00e9 muito importante para qualquer pessoa que pretende trabalhar com eletricidade.<\/p>\n<hr data-start=\"1813\" data-end=\"1816\" \/>\n<h5 data-start=\"1818\" data-end=\"1846\"><strong data-start=\"1824\" data-end=\"1846\">Atividade proposta<\/strong><\/h5>\n<p data-start=\"1848\" data-end=\"1914\">Medir atrav\u00e9s de um mult\u00edmetro a queda de tens\u00e3o nos resistores.<\/p>\n<hr data-start=\"1916\" data-end=\"1919\" \/>\n<h5 data-start=\"1921\" data-end=\"1940\"><strong data-start=\"1927\" data-end=\"1940\">Objetivos<\/strong><\/h5>\n<p data-start=\"1942\" data-end=\"2005\">Compreender o uso do Tinkercad para a simula\u00e7\u00e3o de circuitos;<\/p>\n<p data-start=\"2007\" data-end=\"2106\">Compreender o conte\u00fado da disciplina Eletricidade Instrumental aplicada a simula\u00e7\u00e3o de circuitos;<\/p>\n<p data-start=\"2108\" data-end=\"2221\">Aplicar os conhecimentos te\u00f3ricos sobre resist\u00eancias em s\u00e9rie e em paralelo atrav\u00e9s da utiliza\u00e7\u00e3o do Tinkercad.<\/p>\n<hr data-start=\"2223\" data-end=\"2226\" \/>\n<h5 data-start=\"2228\" data-end=\"2282\"><strong data-start=\"2234\" data-end=\"2282\">Procedimentos para a realiza\u00e7\u00e3o da atividade<\/strong><\/h5>\n<p data-start=\"2284\" data-end=\"2394\">Para a realiza\u00e7\u00e3o dessa atividade pr\u00e1tica voc\u00ea deve acessar o Tinkercad e precisar\u00e1 dos seguintes materiais:<\/p>\n<p data-start=\"2396\" data-end=\"2413\">1 X Protoboard;<\/p>\n<p data-start=\"2415\" data-end=\"2437\">1 X Resistor de 2k\u03a9;<\/p>\n<p data-start=\"2439\" data-end=\"2461\">1 X Resistor de 3K\u03a9;<\/p>\n<p data-start=\"2463\" data-end=\"2485\">1 X Resistor de 5K\u03a9;<\/p>\n<p data-start=\"2487\" data-end=\"2502\">1 X Resistor;<\/p>\n<p data-start=\"2504\" data-end=\"2527\">1 X Fonte de energia;<\/p>\n<p data-start=\"2529\" data-end=\"2546\">2 X Mult\u00edmetro.<\/p>\n<p data-start=\"2548\" data-end=\"2616\">Voc\u00ea deve montar o circuito, da figura 1, utilizando o protoboard.<\/p>\n<p data-start=\"2618\" data-end=\"2836\">Primeiramente monte o circuito formado por 4 resistores ligados em s\u00e9rie e paralelo, para isto, click na op\u00e7\u00e3o resistor e a arraste para \u00e1rea de simula\u00e7\u00e3o, repita este procedimento para a fonte e os dois mult\u00edmetros.<\/p>\n<p data-start=\"2838\" data-end=\"2937\">Cada um dos mult\u00edmetros devem ser utilizados para medir a queda de tens\u00e3o nos resistores R1 e R4.<\/p>\n<p data-start=\"2939\" data-end=\"3116\">Para alterar os valores das resist\u00eancias e a fonte, click em cada componente, observe as op\u00e7\u00f5es, e as utilize. A tens\u00e3o da fonte de energia deve ser ajustada at\u00e9 atingir 10mA.<\/p>\n<p data-start=\"3118\" data-end=\"3157\">Ap\u00f3s a montagem, realize a simula\u00e7\u00e3o.<\/p>\n<p data-start=\"3159\" data-end=\"3197\">Figura 1 \u2013 Circuito para a simula\u00e7\u00e3o<\/p>\n<p data-start=\"3199\" data-end=\"3229\">Fonte: Elaborado pela autora<\/p>\n<hr data-start=\"3231\" data-end=\"3234\" \/>\n<h5 data-start=\"3236\" data-end=\"3255\"><strong data-start=\"3242\" data-end=\"3255\">Checklist<\/strong><\/h5>\n<p data-start=\"3257\" data-end=\"3301\">Acessar o ambiente de simula\u00e7\u00e3o tinkercad;<\/p>\n<p data-start=\"3303\" data-end=\"3323\">Montar o circuito;<\/p>\n<p data-start=\"3325\" data-end=\"3374\">Adicionar a fonte de corrente e os mult\u00edmetros;<\/p>\n<p data-start=\"3376\" data-end=\"3399\">Realizar a simula\u00e7\u00e3o.<\/p>\n<hr data-start=\"3401\" data-end=\"3404\" \/>\n<h5 data-start=\"3406\" data-end=\"3448\"><strong data-start=\"3412\" data-end=\"3448\">Estudante, voc\u00ea dever\u00e1 entregar:<\/strong><\/h5>\n<p data-start=\"3450\" data-end=\"3537\">Um documento com a extens\u00e3o .doc, constando o print do circuito montado no Tinkercad;<\/p>\n<p data-start=\"3539\" data-end=\"3620\" data-is-last-node=\"\" data-is-only-node=\"\">Um v\u00eddeo com a extens\u00e3o .MP4, mostrando o funcionamento do circuito no Tinkercad.<\/p>\n<hr \/>\n<div class=\"elementor-toggle-item\">\n<div class=\"elementor-toggle-item\">\n<p id=\"elementor-tab-title-1941\" class=\"elementor-tab-title elementor-active\" tabindex=\"0\" role=\"tab\" data-tab=\"1\" aria-controls=\"elementor-tab-content-1941\" aria-expanded=\"true\" aria-selected=\"true\"><strong>Como funciona?<\/strong><\/p>\n<p>Elaboramos os portf\u00f3lios, j\u00e1 deixamos prontos, nas normas da ABNT e conforme os requisitos da universidade. F\u00e1cil assim! O MELHOR \u00c9 QUE VOC\u00ca COMPRA E J\u00c1 BAIXA NA HORA O SEU ARQUIVO EM WORD! Sabemos que conciliar trabalho, fam\u00edlia, vida profissional e estudos \u00e9 dif\u00edcil hoje em dia, por isso, estamos aqui para ajudar voc\u00ea. Conte com nossa qualidade, experi\u00eancia e profissionalismo adquirindo seu portf\u00f3lio conosco. GARANTIMOS SEU CONCEITO!<\/p>\n<p><strong>Como se realizam os envios?<\/strong><\/p>\n<\/div>\n<p id=\"elementor-tab-content-1942\" class=\"elementor-tab-content elementor-clearfix elementor-active\" role=\"tabpanel\" data-tab=\"2\" aria-labelledby=\"elementor-tab-title-1942\">O seu trabalho \u00e9 disponibilizado pronto, respondido e nas normas j\u00e1 na mesma hora aqui em nosso site na sua \u00e1rea de downloads e tamb\u00e9m no seu e-mail.<\/p>\n<p><strong>Em quanto tempo recebo o portf\u00f3lio?<\/strong><\/p>\n<p>Os envios s\u00e3o imediatos. Ap\u00f3s sua compra, o trabalho j\u00e1 \u00e9 disponibilizado instantaneamente aqui em nosso site e no seu e-mail.<\/p>\n<p><strong>E se o portf\u00f3lio que comprei precisar de corre\u00e7\u00e3o?<\/strong><\/p>\n<p>Caso haja alguma solicita\u00e7\u00e3o de corre\u00e7\u00e3o\/altera\u00e7\u00e3o por parte do tutor, basta entrar em contato conosco pelo\u00a0WhatsApp\u00a0que provid\u00eanciaremos sem custo algum.<\/p>\n<p><strong>Qual o formato do arquivo?<\/strong><\/p>\n<p>Os arquivos s\u00e3o enviados em formato Word e s\u00e3o edit\u00e1veis.<\/p>\n<p><strong>Caso eu tiver alguma d\u00favida, terei suporte no p\u00f3s venda?<\/strong><\/p>\n<p>Sim, com certeza. Basta clicar no \u00edcone do WhatsApp no cantinho da tela. Ser\u00e1 um prazer atend\u00ea-lo(a).<\/p>\n<div id=\"elementor-tab-content-1948\" class=\"elementor-tab-content elementor-clearfix elementor-active\" role=\"tabpanel\" data-tab=\"8\" aria-labelledby=\"elementor-tab-title-1948\">\n<p><strong>Quais os seus canais de contato?<\/strong><\/p>\n<\/div>\n<div id=\"elementor-tab-content-1949\" class=\"elementor-tab-content elementor-clearfix elementor-active\" role=\"tabpanel\" data-tab=\"9\" aria-labelledby=\"elementor-tab-title-1949\">\n<p>Whatsapp: 53 984751621 \u2013 Clicar no canto da tela ou ESCANEIE O QRCODE ABAIXO<\/p>\n<h4><img decoding=\"async\" class=\"alignnone wp-image-13699 jetpack-lazy-image jetpack-lazy-image--handled\" src=\"https:\/\/i0.wp.com\/portifolioos-prontos.com\/wp-content\/uploads\/2023\/02\/whatsapp-business-projeto-de-extensao-300x300.jpeg?resize=144%2C144\" sizes=\"(max-width: 144px) 100vw, 144px\" srcset=\"https:\/\/i0.wp.com\/portifolioos-prontos.com\/wp-content\/uploads\/2023\/02\/whatsapp-business-projeto-de-extensao.jpeg?resize=300%2C301&amp;ssl=1 300w, https:\/\/i0.wp.com\/portifolioos-prontos.com\/wp-content\/uploads\/2023\/02\/whatsapp-business-projeto-de-extensao.jpeg?resize=150%2C150&amp;ssl=1 150w, https:\/\/i0.wp.com\/portifolioos-prontos.com\/wp-content\/uploads\/2023\/02\/whatsapp-business-projeto-de-extensao.jpeg?resize=370%2C372&amp;ssl=1 370w, https:\/\/i0.wp.com\/portifolioos-prontos.com\/wp-content\/uploads\/2023\/02\/whatsapp-business-projeto-de-extensao.jpeg?resize=100%2C100&amp;ssl=1 100w, https:\/\/i0.wp.com\/portifolioos-prontos.com\/wp-content\/uploads\/2023\/02\/whatsapp-business-projeto-de-extensao.jpeg?w=470&amp;ssl=1 470w\" alt=\"projeto de extens\u00e3o unopar\" width=\"144\" height=\"144\" data-lazy-loaded=\"1\" \/><\/h4>\n<\/div>\n<div class=\"elementor-toggle-item\">\n<div id=\"elementor-tab-content-1949\" class=\"elementor-tab-content elementor-clearfix elementor-active\" role=\"tabpanel\" data-tab=\"9\" aria-labelledby=\"elementor-tab-title-1949\">\n<p>E-mail:portifoliosp@gmail.com<\/p>\n<div id=\"attachment_143\" class=\"wp-caption alignnone\">\n<div id=\"attachment_143\" class=\"wp-caption alignnone\">\n<p id=\"caption-attachment-143\" class=\"wp-caption-text\"><a href=\"http:\/\/portfolio-pronto.com\/\">Portf\u00f3lio<\/a>\u00a0em Word, respondido, completo e j\u00e1 nas normas<\/p>\n<\/div>\n<\/div>\n<\/div>\n<\/div>\n<\/div>\n","protected":false},"excerpt":{"rendered":"<div class=\"product-short-description\">\n<div class=\"product-short-description\">\n<p><strong>Pague pelo PIX ou cart\u00e3o e fa\u00e7a o download agora mesmo.<\/strong><\/p>\n<\/div>\n<div class=\"sticky-add-to-cart-wrapper\">\n<div class=\"sticky-add-to-cart\">\n<p class=\"quantity buttons_added form-flat\"><img decoding=\"async\" class=\"lazyloaded smush-image-5 smush-image-3 smush-image-4 smush-detected-img smush-image-bigger-3\" src=\"https:\/\/d26lpennugtm8s.cloudfront.net\/assets\/common\/img\/logos\/payment\/visa@2x.png\" width=\"46\" height=\"29\" data-src=\"https:\/\/d26lpennugtm8s.cloudfront.net\/assets\/common\/img\/logos\/payment\/visa@2x.png\" \/><img decoding=\"async\" class=\"lazyloaded smush-image-6 smush-image-4 smush-image-5 smush-detected-img smush-image-bigger-4\" src=\"https:\/\/d26lpennugtm8s.cloudfront.net\/assets\/common\/img\/logos\/payment\/boleto@2x.png\" width=\"43\" height=\"27\" data-src=\"https:\/\/d26lpennugtm8s.cloudfront.net\/assets\/common\/img\/logos\/payment\/boleto@2x.png\" \/><img loading=\"lazy\" decoding=\"async\" class=\"lazyloaded smush-image-7 smush-image-5 smush-image-6 smush-detected-img smush-image-bigger-5\" src=\"https:\/\/d26lpennugtm8s.cloudfront.net\/assets\/common\/img\/logos\/payment\/mastercard@2x.png\" width=\"43\" height=\"27\" data-src=\"https:\/\/d26lpennugtm8s.cloudfront.net\/assets\/common\/img\/logos\/payment\/mastercard@2x.png\" \/><img loading=\"lazy\" decoding=\"async\" class=\"lazyloaded smush-image-8 smush-image-6 smush-image-7 smush-detected-img smush-image-bigger-6\" src=\"https:\/\/d26lpennugtm8s.cloudfront.net\/assets\/common\/img\/logos\/payment\/amex@2x.png\" width=\"43\" height=\"27\" data-src=\"https:\/\/d26lpennugtm8s.cloudfront.net\/assets\/common\/img\/logos\/payment\/amex@2x.png\" \/><img loading=\"lazy\" decoding=\"async\" class=\"lazyloaded smush-image-9 smush-image-7 smush-image-8 smush-detected-img smush-image-bigger-7\" src=\"https:\/\/d26lpennugtm8s.cloudfront.net\/assets\/common\/img\/logos\/payment\/diners@2x.png\" width=\"46\" height=\"29\" data-src=\"https:\/\/d26lpennugtm8s.cloudfront.net\/assets\/common\/img\/logos\/payment\/diners@2x.png\" \/><img loading=\"lazy\" decoding=\"async\" class=\"lazyloaded smush-image-10 smush-image-8 smush-image-9 alignnone smush-detected-img smush-image-bigger-8\" src=\"https:\/\/d26lpennugtm8s.cloudfront.net\/assets\/common\/img\/logos\/payment\/br\/elo@2x.png\" alt=\"portf\u00f3lio unopar anhanguera\" width=\"45\" height=\"28\" data-src=\"https:\/\/d26lpennugtm8s.cloudfront.net\/assets\/common\/img\/logos\/payment\/br\/elo@2x.png\" \/><img loading=\"lazy\" decoding=\"async\" class=\"lazyloaded smush-image-11 smush-image-9 smush-image-10 alignnone smush-detected-img smush-image-bigger-9\" src=\"https:\/\/d26lpennugtm8s.cloudfront.net\/assets\/common\/img\/logos\/payment\/br\/hipercard@2x.png\" alt=\"portf\u00f3lio unopar anhanguera\" width=\"44\" height=\"28\" data-src=\"https:\/\/d26lpennugtm8s.cloudfront.net\/assets\/common\/img\/logos\/payment\/br\/hipercard@2x.png\" \/><img loading=\"lazy\" decoding=\"async\" class=\"lazyloaded smush-image-12 smush-image-10 smush-image-11 alignnone smush-detected-img smush-image-bigger-10\" src=\"https:\/\/d26lpennugtm8s.cloudfront.net\/assets\/common\/img\/logos\/payment\/mercadopago@2x.png\" alt=\"portf\u00f3lio unopar anhanguera\" width=\"45\" height=\"28\" data-src=\"https:\/\/d26lpennugtm8s.cloudfront.net\/assets\/common\/img\/logos\/payment\/mercadopago@2x.png\" \/><\/p>\n<\/div>\n<\/div>\n<\/div>\n","protected":false},"featured_media":35611,"template":"","meta":{"_seopress_robots_primary_cat":"none","_seopress_titles_title":"%%post_title%% %%sitetitle%%","_seopress_titles_desc":"%%post_content%%","_seopress_robots_index":""},"product_cat":[15],"product_tag":[],"class_list":{"0":"post-35608","1":"product","2":"type-product","3":"status-publish","4":"has-post-thumbnail","6":"product_cat-uncategorized","8":"first","9":"instock","10":"shipping-taxable","11":"purchasable","12":"product-type-simple","13":"col-xs-6 col-sm-4","14":"col-mf-5","15":"un-5-cols"},"jetpack_sharing_enabled":true,"_links":{"self":[{"href":"https:\/\/portifolioos-prontos.com\/index.php\/wp-json\/wp\/v2\/product\/35608","targetHints":{"allow":["GET"]}}],"collection":[{"href":"https:\/\/portifolioos-prontos.com\/index.php\/wp-json\/wp\/v2\/product"}],"about":[{"href":"https:\/\/portifolioos-prontos.com\/index.php\/wp-json\/wp\/v2\/types\/product"}],"version-history":[{"count":3,"href":"https:\/\/portifolioos-prontos.com\/index.php\/wp-json\/wp\/v2\/product\/35608\/revisions"}],"predecessor-version":[{"id":49816,"href":"https:\/\/portifolioos-prontos.com\/index.php\/wp-json\/wp\/v2\/product\/35608\/revisions\/49816"}],"wp:featuredmedia":[{"embeddable":true,"href":"https:\/\/portifolioos-prontos.com\/index.php\/wp-json\/wp\/v2\/media\/35611"}],"wp:attachment":[{"href":"https:\/\/portifolioos-prontos.com\/index.php\/wp-json\/wp\/v2\/media?parent=35608"}],"wp:term":[{"taxonomy":"product_cat","embeddable":true,"href":"https:\/\/portifolioos-prontos.com\/index.php\/wp-json\/wp\/v2\/product_cat?post=35608"},{"taxonomy":"product_tag","embeddable":true,"href":"https:\/\/portifolioos-prontos.com\/index.php\/wp-json\/wp\/v2\/product_tag?post=35608"}],"curies":[{"name":"wp","href":"https:\/\/api.w.org\/{rel}","templated":true}]}}