{"id":35618,"date":"2025-03-12T14:35:29","date_gmt":"2025-03-12T17:35:29","guid":{"rendered":"https:\/\/portifolioos-prontos.com\/?post_type=product&#038;p=35618"},"modified":"2025-08-03T18:27:20","modified_gmt":"2025-08-03T21:27:20","slug":"aula-pratica-ciencia-de-materiais-e-nanoparticulas","status":"publish","type":"product","link":"https:\/\/portifolioos-prontos.com\/index.php\/product\/aula-pratica-ciencia-de-materiais-e-nanoparticulas\/","title":{"rendered":"Aula Pr\u00e1tica Ci\u00eancia de Materiais e Nanopart\u00edculas"},"content":{"rendered":"<h5>Portf\u00f3lio Aula Pr\u00e1tica Ci\u00eancia de Materiais e Nanopart\u00edculas<\/h5>\n<p>NOME DA DISCIPLINA: CI\u00caNCIA DE MATERIAIS E NANOPART\u00cdCULAS<\/p>\n<p>Unidade: COMPORTAMENTO MEC\u00c2NICO E T\u00c9RMICO, DIAGRAMAS DE FASES E<\/p>\n<p>TRATAMENTO T\u00c9RMICO<\/p>\n<p>Se\u00e7\u00e3o: COMPORTAMENTO MEC\u00c2NICO<\/p>\n<p>OBJETIVOS<\/p>\n<p>Defini\u00e7\u00e3o dos objetivos da aula pr\u00e1tica:<\/p>\n<p>Conhecer o ensaio de compress\u00e3o;<\/p>\n<p>Compreender a constru\u00e7\u00e3o da curva de escoamento;<\/p>\n<p>Analisar a curva de escoamento e obter a equa\u00e7\u00e3o que descreve a resist\u00eancia ao escoamento.<\/p>\n<p>INFRAESTRUTURA<\/p>\n<p>Instala\u00e7\u00f5es \u2013 Materiais de consumo \u2013 Equipamentos:<\/p>\n<p>N\u00e3o se aplica<\/p>\n<p>SOLU\u00c7\u00c3O DIGITAL<\/p>\n<ul>\n<li>ALGETEC &#8211; ENGENHARIAS E ARQUITETURA &#8211; PR\u00c1TICAS ESPEC\u00cdFICAS DE ENG.<\/li>\n<\/ul>\n<p>MEC\u00c2NICA E ENG. PRODU\u00c7\u00c3O (Simulador)<\/p>\n<p>Os Laborat\u00f3rios Virtuais Algetec s\u00e3o simuladores digitais que replicam, com alto grau de<\/p>\n<p>fidelidade, as pr\u00e1ticas realizadas em um laborat\u00f3rio f\u00edsico.<\/p>\n<p>EQUIPAMENTO DE PROTE\u00c7\u00c3O INDIVIDUAL (EPI)<\/p>\n<p>N\u00e3o se aplica<\/p>\n<p>PROCEDIMENTOS PR\u00c1TICOS<\/p>\n<p>Procedimento\/Atividade n\u00ba 1<\/p>\n<p>Atividade proposta:<\/p>\n<p>Construir e analisar a curva de escoamento do a\u00e7o SAE 1045 a partir do ensaio de<\/p>\n<p>compress\u00e3o.<\/p>\n<p>3<\/p>\n<p>Procedimentos para a realiza\u00e7\u00e3o da atividade:<\/p>\n<p>Caro aluno, voc\u00ea dever\u00e1 acessar na plataforma Algetec<\/p>\n<p>(https:\/\/algetec.grupoa.education\/plataforma\/course\/295468a) a aula pr\u00e1tica, ap\u00f3s fazer seu<\/p>\n<p>login, a partir do seguinte caminho:<\/p>\n<p>-Selecione o conte\u00fado: EXATAS, conforme a Figura 1;<\/p>\n<p>Figura 1. Demonstra\u00e7\u00e3o do conte\u00fado que deve ser selecionado.<\/p>\n<p>-Logo ap\u00f3s selecionar o conte\u00fado, clicar em: ESTRUTURAS, conforme a Figura 2.<\/p>\n<p>Figura 2. Imagem da tela mostrando o conte\u00fado ESTRUTURAS onde deve ser clicado.<\/p>\n<p>-Na nova janela aberta clicar na pr\u00e1tica: Curvas de Escoamento \u2013 ID 166, conforme<\/p>\n<p>demonstrado na Figura 3.<\/p>\n<p>Figura 3. Aula que deve ser selecionada Curvas de Escoamento \u2013 ID 166.<\/p>\n<p>-No menu a sua esquerda haver\u00e1 as etapas da aula pr\u00e1tica, conforme Figura 4 (obs: conforme<\/p>\n<p>voc\u00ea for realizando as etapas o \u00edcone ficar\u00e1 verde).<\/p>\n<p>4<\/p>\n<p>Figura 4. Menu da aula pr\u00e1tica.<\/p>\n<p>-Leia com aten\u00e7\u00e3o a apresenta\u00e7\u00e3o, sum\u00e1rio te\u00f3rico e o roteiro, pois a leitura do sum\u00e1rio te\u00f3rico<\/p>\n<p>vai lhe auxiliar a resolver as quest\u00f5es do pr\u00e9-teste;<\/p>\n<p>-Responda ao pr\u00e9-teste;<\/p>\n<p>-Agora sim, voc\u00ea est\u00e1 pronto para iniciar o experimento;<\/p>\n<p>-No documento Roteiro tem uma subse\u00e7\u00e3o chamada \u201cTutorial Virtualab\u201d onde voc\u00ea possui as<\/p>\n<p>instru\u00e7\u00f5es de como manusear os materiais presentes no laborat\u00f3rio virtual;<\/p>\n<p>-Nessa pr\u00e1tica voc\u00ea realizar\u00e1 o ensaio de compress\u00e3o em tarugos dispon\u00edveis no laborat\u00f3rio<\/p>\n<p>virtual;<\/p>\n<p>-Deve ser realizada a inspe\u00e7\u00e3o do tarugo antes e depois do ensaio;<\/p>\n<p>-Ap\u00f3s realizar o experimento deve ser respondido o p\u00f3s-teste;<\/p>\n<p>-Enfim, deve ser realizado o relat\u00f3rio final contendo as respostas das perguntas contidas em<\/p>\n<p>avalia\u00e7\u00e3o dos resultados (roteiro).<\/p>\n<p>Refer\u00eancias<\/p>\n<p>CALLISTER, William D. Jr. Ci\u00eancia e Engenharia de Materiais &#8211; Uma Introdu\u00e7\u00e3o. 10\u00aa edi\u00e7\u00e3o. Rio<\/p>\n<p>de Janeiro: LTC, 2019. Grupo GEN, 2020. E-book. ISBN 9788521637325. Dispon\u00edvel em:<\/p>\n<p>https:\/\/integrada.minhabiblioteca.com.br\/#\/books\/9788521637325\/.<\/p>\n<p>Checklist:<\/p>\n<p>Antes da pr\u00e1tica:<\/p>\n<p>Ler as instru\u00e7\u00f5es da plataforma com aten\u00e7\u00e3o;<\/p>\n<p>5<\/p>\n<p>Compreender como manusear os materiais no laborat\u00f3rio virtual;<\/p>\n<p>Durante a pr\u00e1tica:<\/p>\n<p>Inicie com a medi\u00e7\u00e3o do di\u00e2metro e da altura iniciais, em dois locais diferentes, do tarugo (anote<\/p>\n<p>as medidas);<\/p>\n<p>Limpeza do tarugo;<\/p>\n<p>Lubrifica\u00e7\u00e3o do corpo de prova;<\/p>\n<p>Posicionamento do tarugo na prensa;<\/p>\n<p>Realiza\u00e7\u00e3o do ensaio de compress\u00e3o;<\/p>\n<p>Leitura dos gr\u00e1ficos do ensaio no notebook;<\/p>\n<p>Retirar o tarugo da prensa;<\/p>\n<p>Medi\u00e7\u00e3o de di\u00e2metros e altura, em dois locais diferentes, do corpo de prova ap\u00f3s o ensaio<\/p>\n<p>(anote as medidas);<\/p>\n<p>Ap\u00f3s a pr\u00e1tica:<\/p>\n<p>Realizar o relat\u00f3rio com as respostas das quest\u00f5es solicitadas em avalia\u00e7\u00e3o de resultados;<\/p>\n<p>Anexar o arquivo do relat\u00f3rio no local indicado (Atividade).<\/p>\n<p>6<\/p>\n<p>ROTEIRO DE AULA PR\u00c1TICA 2<\/p>\n<p>NOME DA DISCIPLINA: CI\u00caNCIA DE MATERIAIS E NANOPART\u00cdCULAS<\/p>\n<p>Unidade: COMPORTAMENTO MEC\u00c2NICO E T\u00c9RMICO, DIAGRAMAS DE FASES E<\/p>\n<p>TRATAMENTO T\u00c9RMICO<\/p>\n<p>Se\u00e7\u00e3o: TRATAMENTO T\u00c9RMICO<\/p>\n<p>OBJETIVOS<\/p>\n<p>Defini\u00e7\u00e3o dos objetivos da aula pr\u00e1tica:<\/p>\n<p>Aplicar diferentes tratamentos t\u00e9rmicos no material;<\/p>\n<p>Compreender as diferen\u00e7as de propriedades no material entre os diferentes tratamentos t\u00e9rmicos<\/p>\n<p>aplicados;<\/p>\n<p>Analisar e comparar as propriedades do material.<\/p>\n<p>INFRAESTRUTURA<\/p>\n<p>Instala\u00e7\u00f5es \u2013 Materiais de consumo \u2013 Equipamentos:<\/p>\n<p>N\u00e3o se aplica<\/p>\n<p>SOLU\u00c7\u00c3O DIGITAL<\/p>\n<ul>\n<li>ALGETEC &#8211; ENGENHARIAS E ARQUITETURA &#8211; PR\u00c1TICAS ESPEC\u00cdFICAS DE ENG.<\/li>\n<\/ul>\n<p>MEC\u00c2NICA E ENG. PRODU\u00c7\u00c3O (Simulador)<\/p>\n<p>Os Laborat\u00f3rios Virtuais Algetec s\u00e3o simuladores digitais que replicam, com alto grau de<\/p>\n<p>fidelidade, as pr\u00e1ticas realizadas em um laborat\u00f3rio f\u00edsico.<\/p>\n<p>&nbsp;<\/p>\n<p>EQUIPAMENTO DE PROTE\u00c7\u00c3O INDIVIDUAL (EPI)<\/p>\n<p>N\u00e3o se aplica<\/p>\n<p>PROCEDIMENTOS PR\u00c1TICOS<\/p>\n<p>Procedimento\/Atividade n\u00ba 1 (Virtual)<\/p>\n<p>Atividade proposta:<\/p>\n<p>7<\/p>\n<p>Analisar diferentes tratamentos t\u00e9rmicos e verificar suas consequ\u00eancias nas propriedades do<\/p>\n<p>material.<\/p>\n<p>Procedimentos para a realiza\u00e7\u00e3o da atividade:<\/p>\n<p>Caro aluno, voc\u00ea dever\u00e1 acessar na plataforma Algetec<\/p>\n<p>(https:\/\/algetec.grupoa.education\/plataforma\/course\/295468) a aula pr\u00e1tica, ap\u00f3s fazer o login, a<\/p>\n<p>partir do seguinte caminho:<\/p>\n<p>-Selecione o conte\u00fado: EXATAS. Conforme Figura 5.<\/p>\n<p>Figura 5. Demonstra\u00e7\u00e3o do conte\u00fado que deve ser selecionado.<\/p>\n<p>&#8211; Logo ap\u00f3s selecionar o conte\u00fado, clicar em: PR\u00c1TICAS ESPEC\u00cdFICAS DE ENG. MEC\u00c2NICA<\/p>\n<p>E ENG. PRODU\u00c7\u00c3O, conforme Figura 6.<\/p>\n<p>Figura 6. Imagem da tela mostrando o conte\u00fado PR\u00c1TICAS ESPEC\u00cdFICAS DE ENG. MEC\u00c2NICA<\/p>\n<p>E ENG. PRODU\u00c7\u00c3O onde deve ser clicado.<\/p>\n<p>-Na janela aberta clicar na pr\u00e1tica: Materiais e Tratamentos T\u00e9rmicos: Conhecimentos B\u00e1sicos \u2013<\/p>\n<p>ID 145, conforme Figura 7.<\/p>\n<p>8<\/p>\n<p>Figura 7. Aula que deve ser selecionada Materiais e Tratamentos T\u00e9rmicos: Conhecimentos<\/p>\n<p>B\u00e1sicos \u2013 ID 145.<\/p>\n<p>-No menu a sua esquerda haver\u00e1 as etapas da aula pr\u00e1tica, conforme Figura 8 (obs: conforme<\/p>\n<p>voc\u00ea for realizando as etapas o \u00edcone ficar\u00e1 verde).<\/p>\n<p>Figura 8. Menu da aula pr\u00e1tica.<\/p>\n<p>-Leia com aten\u00e7\u00e3o a apresenta\u00e7\u00e3o, sum\u00e1rio te\u00f3rico e o roteiro, pois a leitura do sum\u00e1rio te\u00f3rico<\/p>\n<p>vai lhe auxiliar a resolver as quest\u00f5es do pr\u00e9-teste;<\/p>\n<p>-Responda ao pr\u00e9-teste;<\/p>\n<p>-Agora sim, voc\u00ea est\u00e1 pronto para iniciar o experimento;<\/p>\n<p>-No documento Roteiro tem uma subse\u00e7\u00e3o chamada \u201cTutorial Virtualab\u201d onde voc\u00ea possui as<\/p>\n<p>instru\u00e7\u00f5es de como manusear os materiais presentes no laborat\u00f3rio virtual;<\/p>\n<p>-Nessa pr\u00e1tica voc\u00ea dever\u00e1 escolher diferentes tratamentos t\u00e9rmicos contidos na Tabela 1 (Figura<\/p>\n<p>9) do documento Roteiro e aplicar ao corpo de prova que est\u00e1 presente no laborat\u00f3rio. Portanto,<\/p>\n<p>9<\/p>\n<p>anote a temperatura de aquecimento e o meio de resfriamento que voc\u00ea vai utilizar, de acordo<\/p>\n<p>com os tratamentos escolhidos, conforme o exemplo abaixo:<\/p>\n<p>Figura 9. Tabela de tratamentos t\u00e9rmicos fornecida no Roteiro da Pr\u00e1tica ID 145.<\/p>\n<p>Neste caso se voc\u00ea selecionar o tratamento t\u00e9rmico de T\u00eampera voc\u00ea deve aquecer o corpo de<\/p>\n<p>prova a uma temperatura de 900 \u00baC e depois resfri\u00e1-lo em \u00e1gua ou salmoura. O tempo que o<\/p>\n<p>corpo de prova permanece no forno \u00e9 de acordo com a sua espessura, sendo indicado 1 hora por<\/p>\n<p>polegada. Por fim, realizar um tratamento de revenimento, dentre as temperaturas sugeridas na<\/p>\n<p>Tabela 1, faixas entre 150 e 230 \u00baC, 230 \u00baC a 400 \u00baC ou de 400 \u00baC a 500 \u00baC;<\/p>\n<p>-Como nas perguntas finais \u00e9 solicitado o efeito do tratamento de revenimento \u00e9 importar utiliz\u00e1lo durante a pr\u00e1tica;<\/p>\n<p>-Ap\u00f3s realizar o experimento deve ser respondido o p\u00f3s-teste;<\/p>\n<p>-Enfim, deve ser realizado o relat\u00f3rio final contendo as respostas das perguntas contidas em<\/p>\n<p>avalia\u00e7\u00e3o dos resultados.<\/p>\n<p>Refer\u00eancias<\/p>\n<p>CALLISTER, William D. Jr. Ci\u00eancia e Engenharia de Materiais &#8211; Uma Introdu\u00e7\u00e3o. 10\u00aa edi\u00e7\u00e3o. Rio<\/p>\n<p>de Janeiro: LTC, 2019. Grupo GEN, 2020. E-book. ISBN 9788521637325. Dispon\u00edvel em:<\/p>\n<p>https:\/\/integrada.minhabiblioteca.com.br\/#\/books\/9788521637325\/.<\/p>\n<p>10<\/p>\n<p>COLPAERT, Hubertus. Metalografia dos produtos sider\u00fargicos comuns. Editora Blucher, 2008.<\/p>\n<p>E-book. ISBN 9788521215714. Dispon\u00edvel em:<\/p>\n<p>https:\/\/integrada.minhabiblioteca.com.br\/#\/books\/9788521215714\/.<\/p>\n<p>Checklist:<\/p>\n<p>Antes da pr\u00e1tica:<\/p>\n<p>Ler as instru\u00e7\u00f5es da plataforma com aten\u00e7\u00e3o;<\/p>\n<p>Compreender como manusear os materiais no laborat\u00f3rio virtual;<\/p>\n<p>Durante a pr\u00e1tica:<\/p>\n<p>Vestir os EPIs indicados (avental de raspa, luva de raspa e \u00f3culos escuro);<\/p>\n<p>Inspecionar o corpo de prova (tirar print da micrografia);<\/p>\n<p>Inserir o corpo de prova no forno;<\/p>\n<p>Selecionar a temperatura desejada no forno;<\/p>\n<p>Resfriar o corpo de prova conforme o tratamento t\u00e9rmico selecionado;<\/p>\n<p>Inspecionar o corpo de prova ap\u00f3s o tratamento t\u00e9rmico;<\/p>\n<p>Ap\u00f3s a pr\u00e1tica:<\/p>\n<p>Comparar resultados com dados da bibliografia;<\/p>\n<p>Realizar o relat\u00f3rio com as respostas das quest\u00f5es solicitadas em avalia\u00e7\u00e3o de resultados.<\/p>\n<p>Anexar o arquivo do relat\u00f3rio no local indicado (Atividade).<\/p>\n<p>RESULTADOS<\/p>\n<p>Resultados de Aprendizagem:<\/p>\n<p>Aula Pr\u00e1tica 1: As respostas das quest\u00f5es 1 e 2 da se\u00e7\u00e3o \u201cAvalia\u00e7\u00e3o dos resultados\u201d dissertando<\/p>\n<p>sobre a import\u00e2ncia de realizar as medi\u00e7\u00f5es em pontos diferentes do tarugo e a fun\u00e7\u00e3o do \u00f3leo<\/p>\n<p>lubrificante no ensaio.<\/p>\n<p>Aula Pr\u00e1tica 2: Respostas da quest\u00e3o 1 e 2 da \u201cAvalia\u00e7\u00e3o dos resultados\u201d: uma compara\u00e7\u00e3o<\/p>\n<p>entre a micrografia obtida no seu tratam ento t\u00e9rmico com os da literatura e identificar os<\/p>\n<p>constituintes (fases) da micrografia obtida;<\/p>\n<p>Respostas das quest\u00f5es 3, 4 e 5 da \u201cAvalia\u00e7\u00e3o dos resultados\u201d: uma compara\u00e7\u00e3o entre os<\/p>\n<p>tratamentos t\u00e9rmicos em termos de propriedades do material obtidas ap\u00f3s os tratamentos<\/p>\n<p>realizados.<\/p>\n<div class=\"elementor-toggle-item\">\n<div class=\"elementor-toggle-item\">\n<p id=\"elementor-tab-title-1941\" class=\"elementor-tab-title elementor-active\" tabindex=\"0\" role=\"tab\" data-tab=\"1\" aria-controls=\"elementor-tab-content-1941\" aria-expanded=\"true\" aria-selected=\"true\"><strong>Como funciona?<\/strong><\/p>\n<p>Elaboramos os portf\u00f3lios, j\u00e1 deixamos prontos, nas normas da ABNT e conforme os requisitos da universidade. F\u00e1cil assim! O MELHOR \u00c9 QUE VOC\u00ca COMPRA E J\u00c1 BAIXA NA HORA O SEU ARQUIVO EM WORD! Sabemos que conciliar trabalho, fam\u00edlia, vida profissional e estudos \u00e9 dif\u00edcil hoje em dia, por isso, estamos aqui para ajudar voc\u00ea. Conte com nossa qualidade, experi\u00eancia e profissionalismo adquirindo seu portf\u00f3lio conosco. GARANTIMOS SEU CONCEITO!<\/p>\n<p><strong>Como se realizam os envios?<\/strong><\/p>\n<\/div>\n<p id=\"elementor-tab-content-1942\" class=\"elementor-tab-content elementor-clearfix elementor-active\" role=\"tabpanel\" data-tab=\"2\" aria-labelledby=\"elementor-tab-title-1942\">O seu trabalho \u00e9 disponibilizado pronto, respondido e nas normas j\u00e1 na mesma hora aqui em nosso site na sua \u00e1rea de downloads e tamb\u00e9m no seu e-mail.<\/p>\n<p><strong>Em quanto tempo recebo o portf\u00f3lio?<\/strong><\/p>\n<p>Os envios s\u00e3o imediatos. Ap\u00f3s sua compra, o trabalho j\u00e1 \u00e9 disponibilizado instantaneamente aqui em nosso site e no seu e-mail.<\/p>\n<p><strong>E se o portf\u00f3lio que comprei precisar de corre\u00e7\u00e3o?<\/strong><\/p>\n<p>Caso haja alguma solicita\u00e7\u00e3o de corre\u00e7\u00e3o\/altera\u00e7\u00e3o por parte do tutor, basta entrar em contato conosco pelo\u00a0WhatsApp\u00a0que provid\u00eanciaremos sem custo algum.<\/p>\n<p><strong>Qual o formato do arquivo?<\/strong><\/p>\n<p>Os arquivos s\u00e3o enviados em formato Word e s\u00e3o edit\u00e1veis.<\/p>\n<p><strong>Caso eu tiver alguma d\u00favida, terei suporte no p\u00f3s venda?<\/strong><\/p>\n<p>Sim, com certeza. Basta clicar no \u00edcone do WhatsApp no cantinho da tela. Ser\u00e1 um prazer atend\u00ea-lo(a).<\/p>\n<div id=\"elementor-tab-content-1948\" class=\"elementor-tab-content elementor-clearfix elementor-active\" role=\"tabpanel\" data-tab=\"8\" aria-labelledby=\"elementor-tab-title-1948\">\n<p><strong>Quais os seus canais de contato?<\/strong><\/p>\n<\/div>\n<div id=\"elementor-tab-content-1949\" class=\"elementor-tab-content elementor-clearfix elementor-active\" role=\"tabpanel\" data-tab=\"9\" aria-labelledby=\"elementor-tab-title-1949\">\n<p>Whatsapp: 53 984751621 \u2013 Clicar no canto da tela ou ESCANEIE O QRCODE ABAIXO<\/p>\n<h4><img decoding=\"async\" class=\"alignnone wp-image-13699 jetpack-lazy-image jetpack-lazy-image--handled\" src=\"https:\/\/i0.wp.com\/portifolioos-prontos.com\/wp-content\/uploads\/2023\/02\/whatsapp-business-projeto-de-extensao-300x300.jpeg?resize=144%2C144\" sizes=\"(max-width: 144px) 100vw, 144px\" srcset=\"https:\/\/i0.wp.com\/portifolioos-prontos.com\/wp-content\/uploads\/2023\/02\/whatsapp-business-projeto-de-extensao.jpeg?resize=300%2C301&amp;ssl=1 300w, https:\/\/i0.wp.com\/portifolioos-prontos.com\/wp-content\/uploads\/2023\/02\/whatsapp-business-projeto-de-extensao.jpeg?resize=150%2C150&amp;ssl=1 150w, https:\/\/i0.wp.com\/portifolioos-prontos.com\/wp-content\/uploads\/2023\/02\/whatsapp-business-projeto-de-extensao.jpeg?resize=370%2C372&amp;ssl=1 370w, https:\/\/i0.wp.com\/portifolioos-prontos.com\/wp-content\/uploads\/2023\/02\/whatsapp-business-projeto-de-extensao.jpeg?resize=100%2C100&amp;ssl=1 100w, https:\/\/i0.wp.com\/portifolioos-prontos.com\/wp-content\/uploads\/2023\/02\/whatsapp-business-projeto-de-extensao.jpeg?w=470&amp;ssl=1 470w\" alt=\"projeto de extens\u00e3o unopar\" width=\"144\" height=\"144\" data-lazy-loaded=\"1\" \/><\/h4>\n<\/div>\n<div class=\"elementor-toggle-item\">\n<div id=\"elementor-tab-content-1949\" class=\"elementor-tab-content elementor-clearfix elementor-active\" role=\"tabpanel\" data-tab=\"9\" aria-labelledby=\"elementor-tab-title-1949\">\n<p>E-mail:portifoliosp@gmail.com<\/p>\n<div id=\"attachment_143\" class=\"wp-caption alignnone\">\n<div id=\"attachment_143\" class=\"wp-caption alignnone\">\n<p id=\"caption-attachment-143\" class=\"wp-caption-text\"><a href=\"http:\/\/portfolio-pronto.com\/\">Portf\u00f3lio<\/a>\u00a0em Word, respondido, completo e j\u00e1 nas normas<\/p>\n<\/div>\n<\/div>\n<\/div>\n<\/div>\n<\/div>\n","protected":false},"excerpt":{"rendered":"<div class=\"product-short-description\">\n<div class=\"product-short-description\">\n<p><strong>Pague pelo PIX ou cart\u00e3o e fa\u00e7a o download agora mesmo.<\/strong><\/p>\n<\/div>\n<div class=\"sticky-add-to-cart-wrapper\">\n<div class=\"sticky-add-to-cart\">\n<p class=\"quantity buttons_added form-flat\"><img decoding=\"async\" class=\"lazyloaded smush-image-5 smush-image-3 smush-image-4 smush-detected-img smush-image-bigger-3\" src=\"https:\/\/d26lpennugtm8s.cloudfront.net\/assets\/common\/img\/logos\/payment\/visa@2x.png\" width=\"46\" height=\"29\" data-src=\"https:\/\/d26lpennugtm8s.cloudfront.net\/assets\/common\/img\/logos\/payment\/visa@2x.png\" \/><img decoding=\"async\" class=\"lazyloaded smush-image-6 smush-image-4 smush-image-5 smush-detected-img smush-image-bigger-4\" src=\"https:\/\/d26lpennugtm8s.cloudfront.net\/assets\/common\/img\/logos\/payment\/boleto@2x.png\" width=\"43\" height=\"27\" data-src=\"https:\/\/d26lpennugtm8s.cloudfront.net\/assets\/common\/img\/logos\/payment\/boleto@2x.png\" \/><img loading=\"lazy\" decoding=\"async\" class=\"lazyloaded smush-image-7 smush-image-5 smush-image-6 smush-detected-img smush-image-bigger-5\" src=\"https:\/\/d26lpennugtm8s.cloudfront.net\/assets\/common\/img\/logos\/payment\/mastercard@2x.png\" width=\"43\" height=\"27\" data-src=\"https:\/\/d26lpennugtm8s.cloudfront.net\/assets\/common\/img\/logos\/payment\/mastercard@2x.png\" \/><img loading=\"lazy\" decoding=\"async\" class=\"lazyloaded smush-image-8 smush-image-6 smush-image-7 smush-detected-img smush-image-bigger-6\" src=\"https:\/\/d26lpennugtm8s.cloudfront.net\/assets\/common\/img\/logos\/payment\/amex@2x.png\" width=\"43\" height=\"27\" data-src=\"https:\/\/d26lpennugtm8s.cloudfront.net\/assets\/common\/img\/logos\/payment\/amex@2x.png\" \/><img loading=\"lazy\" decoding=\"async\" class=\"lazyloaded smush-image-9 smush-image-7 smush-image-8 smush-detected-img smush-image-bigger-7\" src=\"https:\/\/d26lpennugtm8s.cloudfront.net\/assets\/common\/img\/logos\/payment\/diners@2x.png\" width=\"46\" height=\"29\" data-src=\"https:\/\/d26lpennugtm8s.cloudfront.net\/assets\/common\/img\/logos\/payment\/diners@2x.png\" \/><img loading=\"lazy\" decoding=\"async\" class=\"lazyloaded smush-image-10 smush-image-8 smush-image-9 alignnone smush-detected-img smush-image-bigger-8\" src=\"https:\/\/d26lpennugtm8s.cloudfront.net\/assets\/common\/img\/logos\/payment\/br\/elo@2x.png\" alt=\"portf\u00f3lio unopar anhanguera\" width=\"45\" height=\"28\" data-src=\"https:\/\/d26lpennugtm8s.cloudfront.net\/assets\/common\/img\/logos\/payment\/br\/elo@2x.png\" \/><img loading=\"lazy\" decoding=\"async\" class=\"lazyloaded smush-image-11 smush-image-9 smush-image-10 alignnone smush-detected-img smush-image-bigger-9\" src=\"https:\/\/d26lpennugtm8s.cloudfront.net\/assets\/common\/img\/logos\/payment\/br\/hipercard@2x.png\" alt=\"portf\u00f3lio unopar anhanguera\" width=\"44\" height=\"28\" data-src=\"https:\/\/d26lpennugtm8s.cloudfront.net\/assets\/common\/img\/logos\/payment\/br\/hipercard@2x.png\" \/><img loading=\"lazy\" decoding=\"async\" class=\"lazyloaded smush-image-12 smush-image-10 smush-image-11 alignnone smush-detected-img smush-image-bigger-10\" src=\"https:\/\/d26lpennugtm8s.cloudfront.net\/assets\/common\/img\/logos\/payment\/mercadopago@2x.png\" alt=\"portf\u00f3lio unopar anhanguera\" width=\"45\" height=\"28\" data-src=\"https:\/\/d26lpennugtm8s.cloudfront.net\/assets\/common\/img\/logos\/payment\/mercadopago@2x.png\" \/><img loading=\"lazy\" decoding=\"async\" class=\"alignnone lazyloaded smush-detected-img smush-image-bigger-11\" src=\"https:\/\/futurium.com.br\/wp-content\/uploads\/2021\/06\/logo-pix-icone-512.png\" alt=\"portfolio pronto\" width=\"30\" height=\"30\" data-src=\"https:\/\/futurium.com.br\/wp-content\/uploads\/2021\/06\/logo-pix-icone-512.png\" \/><\/p>\n<\/div>\n<\/div>\n<\/div>\n","protected":false},"featured_media":35621,"template":"","meta":{"_seopress_robots_primary_cat":"none","_seopress_titles_title":"%%post_title%% %%sitetitle%%","_seopress_titles_desc":"%%post_content%%","_seopress_robots_index":""},"product_cat":[15],"product_tag":[],"class_list":{"0":"post-35618","1":"product","2":"type-product","3":"status-publish","4":"has-post-thumbnail","6":"product_cat-uncategorized","8":"first","9":"instock","10":"downloadable","11":"virtual","12":"purchasable","13":"product-type-simple","14":"col-xs-6 col-sm-4","15":"col-mf-5","16":"un-5-cols"},"jetpack_sharing_enabled":true,"_links":{"self":[{"href":"https:\/\/portifolioos-prontos.com\/index.php\/wp-json\/wp\/v2\/product\/35618","targetHints":{"allow":["GET"]}}],"collection":[{"href":"https:\/\/portifolioos-prontos.com\/index.php\/wp-json\/wp\/v2\/product"}],"about":[{"href":"https:\/\/portifolioos-prontos.com\/index.php\/wp-json\/wp\/v2\/types\/product"}],"version-history":[{"count":0,"href":"https:\/\/portifolioos-prontos.com\/index.php\/wp-json\/wp\/v2\/product\/35618\/revisions"}],"wp:featuredmedia":[{"embeddable":true,"href":"https:\/\/portifolioos-prontos.com\/index.php\/wp-json\/wp\/v2\/media\/35621"}],"wp:attachment":[{"href":"https:\/\/portifolioos-prontos.com\/index.php\/wp-json\/wp\/v2\/media?parent=35618"}],"wp:term":[{"taxonomy":"product_cat","embeddable":true,"href":"https:\/\/portifolioos-prontos.com\/index.php\/wp-json\/wp\/v2\/product_cat?post=35618"},{"taxonomy":"product_tag","embeddable":true,"href":"https:\/\/portifolioos-prontos.com\/index.php\/wp-json\/wp\/v2\/product_tag?post=35618"}],"curies":[{"name":"wp","href":"https:\/\/api.w.org\/{rel}","templated":true}]}}