{"id":35648,"date":"2025-03-13T10:02:51","date_gmt":"2025-03-13T13:02:51","guid":{"rendered":"https:\/\/portifolioos-prontos.com\/?post_type=product&#038;p=35648"},"modified":"2025-08-03T18:27:34","modified_gmt":"2025-08-03T21:27:34","slug":"aula-pratica-sistemas-embarcados","status":"publish","type":"product","link":"https:\/\/portifolioos-prontos.com\/index.php\/product\/aula-pratica-sistemas-embarcados\/","title":{"rendered":"Aula Pr\u00e1tica Sistemas Embarcados"},"content":{"rendered":"<h5>Portf\u00f3lio Aula Pr\u00e1tica Sistemas Embarcados<\/h5>\n<p class=\"Estilo1\">ROTEIRO DE AULA PR\u00c1TICA 1<\/p>\n<p class=\"Estilo1\">NOME DA DISCIPLINA: Sistemas Embarcados<\/p>\n<p class=\"Estilo1\">Unidade: 3 \u2013 Configura\u00e7\u00f5es relacionadas aos sistemas<\/p>\n<p class=\"Estilo1\">Aula: 2 \u2013 Carregador de inicializa\u00e7\u00e3o de sistemas embarcados<\/p>\n<p class=\"Estilo1\">OBJETIVOS<\/p>\n<p class=\"Estilo1\">Defini\u00e7\u00e3o dos objetivos da aula pr\u00e1tica:<\/p>\n<p class=\"Estilo1\">Compreender o funcionamento de um sistema embarcado que opera baseado em um sistema<\/p>\n<p class=\"Estilo1\">operacional em tempo real, implementando tarefas e avaliando o seu funcionamento.<\/p>\n<p class=\"Estilo1\">SOLU\u00c7\u00c3O DIGITAL:<\/p>\n<p class=\"Estilo1\">Plataforma Wokwi<\/p>\n<p class=\"Estilo1\">O site Wokwi (https:\/\/wokwi.com\/) permite a simula\u00e7\u00e3o online de sistemas embarcados variados<\/p>\n<p class=\"Estilo1\">como ESP32, STM32 e Arduino. Permite ainda a intera\u00e7\u00e3o entre os dispositivos e sensores<\/p>\n<p class=\"Estilo1\">variados, permitindo a montagem de um sistema IoT completo.<\/p>\n<p class=\"Estilo1\">PROCEDIMENTOS PR\u00c1TICOS E APLICA\u00c7\u00d5ES<\/p>\n<p class=\"Estilo1\">Procedimento\/Atividade n\u00ba 1<\/p>\n<p class=\"Estilo1\">Trabalhando com tasks<\/p>\n<p class=\"Estilo1\">Atividade proposta: elaborar algoritmos para sistemas embarcados operando com sistemas<\/p>\n<p class=\"Estilo1\">operacionais em tempo real<\/p>\n<p class=\"Estilo1\">Procedimentos para a realiza\u00e7\u00e3o da atividade:<\/p>\n<p class=\"Estilo1\">Um sistema embarcado normalmente opera sobre um sistema operacional. O sistema<\/p>\n<p class=\"Estilo1\">operacional mais comum de ser utilizado nesse tipo de aplica\u00e7\u00e3o \u00e9 o FreeRTOS. O ESP-32<\/p>\n<p class=\"Estilo1\">possui esse sistema operacional como padr\u00e3o em seu funcionamento e saber como criar e utilizar<\/p>\n<p class=\"Estilo1\">diferentes tarefas (tasks) \u00e9 fundamental para o profissional que trabalha com sistemas<\/p>\n<p class=\"Estilo1\">embarcados.<\/p>\n<p class=\"Estilo1\">Na plataforma de simula\u00e7\u00e3o Wokwi \u00e9 poss\u00edvel montar um algoritmo que opere sobre o FreeRTOS.<\/p>\n<p class=\"Estilo1\">Um exemplo de implementa\u00e7\u00e3o desse tipo que aciona 3 LEDs est\u00e1 dispon\u00edvel no seguinte link:<\/p>\n<p class=\"Estilo1\">P\u00fablico3<\/p>\n<p class=\"Estilo1\">https:\/\/wokwi.com\/projects\/322609470223942226. Para saber mais sobre como \u00e9 realizada a<\/p>\n<p class=\"Estilo1\">simula\u00e7\u00e3o do ESP-32 no Wokwi, acesse: https:\/\/docs.wokwi.com\/pt-BR\/guides\/esp32.<\/p>\n<p class=\"Estilo1\">Para executar cada um dos procedimentos propostos, inicie um novo projeto utilizando o ESP-32<\/p>\n<p class=\"Estilo1\">baseado no conjunto de bibliotecas ESP-IDF no Wokwi. Para isso, basta acessar o seguinte link:<\/p>\n<p class=\"Estilo1\">https:\/\/wokwi.com\/projects\/new\/esp-idf-esp32. Na tela inicial, \u00e9 poss\u00edvel visualizar duas \u00e1reas: a<\/p>\n<p class=\"Estilo1\">esquerda fica o editor de texto e a direita a \u00e1rea de simula\u00e7\u00e3o onde \u00e9 feita a montagem de<\/p>\n<p class=\"Estilo1\">hardware. Nas simula\u00e7\u00f5es \u00e9 poss\u00edvel adicionar elementos variados ao seu sistema, como LEDs<\/p>\n<p class=\"Estilo1\">e sensores. Para isso, aperte o + na \u00e1rea de simula\u00e7\u00e3o e selecione o item que deseja adicionar.<\/p>\n<p class=\"Estilo1\">Feita montagem virtual do hardware, o c\u00f3digo a ser executado no ESP-32 pode ser elaborado na<\/p>\n<p class=\"Estilo1\">\u00e1rea relativa ao sketch. Para realizar a simula\u00e7\u00e3o, aperte o \u2018Play\u2019 na \u00e1rea de simula\u00e7\u00e3o.<\/p>\n<p class=\"Estilo1\">Antes de elaborar os algoritmos, voc\u00ea deve montar no simulador um push-button e um LED<\/p>\n<p class=\"Estilo1\">(com resistor para limitar a corrente), para serem interfaceados com o ESP-32. Voc\u00ea pode ligar<\/p>\n<p class=\"Estilo1\">o bot\u00e3o e o LED nos pinos que preferir.<\/p>\n<p class=\"Estilo1\">P\u00fablico4<\/p>\n<p class=\"Estilo1\">Procedimento 1<\/p>\n<p class=\"Estilo1\">Fa\u00e7a um programa, utilizando tasks, que ao manter o bot\u00e3o pressionado o LED pisca em uma<\/p>\n<p class=\"Estilo1\">frequ\u00eancia de 2 Hz e quando solto em 1 Hz.<\/p>\n<p class=\"Estilo1\">Procedimento 2<\/p>\n<p class=\"Estilo1\">Fa\u00e7a um programa, utilizando tasks, que ao pressionar o bot\u00e3o uma vez o led fica piscando e<\/p>\n<p class=\"Estilo1\">ao pressionar o bot\u00e3o novamente o led fica pemanentemente ligado. O LED deve alternar entre<\/p>\n<p class=\"Estilo1\">esses dois estados toda vez que o bot\u00e3o for pressionado.<\/p>\n<p class=\"Estilo1\">Procedimento 3<\/p>\n<p class=\"Estilo1\">Fa\u00e7a um programa, utilizando tasks, que \u00e0 medida que o bot\u00e3o \u00e9 pressionado aumente a<\/p>\n<p class=\"Estilo1\">intensidade do LED. Ao atingir o valor m\u00e1ximo de brilho, a intensidade deve voltar a zero. O<\/p>\n<p class=\"Estilo1\">brilho deve possuir 6 n\u00edveis (0%, 20%, 40%, 60%, 80% e 100%). Para essa atividade voc\u00ea deve<\/p>\n<p class=\"Estilo1\">configurar e utilizar o perif\u00e9rico PWM do ESP-32.<\/p>\n<p class=\"Estilo1\">Avaliando os resultados:<\/p>\n<p class=\"Estilo1\">Voc\u00ea deve entregar um relat\u00f3rio contendo os prints e\/ou v\u00eddeos de cada procedimento. Al\u00e9m<\/p>\n<p class=\"Estilo1\">disso, apresente todos os algoritmos desenvolvidos, comentados linha a linha, em sua<\/p>\n<p class=\"Estilo1\">integralidade. O relat\u00f3rio deve conter informa\u00e7\u00f5es detalhadas sobre o funcionamento do<\/p>\n<p class=\"Estilo1\">algoritmo desenvolvido, a simula\u00e7\u00e3o e seus resultados.<\/p>\n<p class=\"Estilo1\">Checklist:<\/p>\n<p class=\"Estilo1\">\u2713\u00a0Fa\u00e7a a montagem de hardware no ambiente virtual corretamente.<\/p>\n<p class=\"Estilo1\">\u2713\u00a0Elabores os algoritmos conforme indicado nos 3 procedimentos.<\/p>\n<p class=\"Estilo1\">\u2713\u00a0Simule o sistema para verificar se o requisito de cada etapa foi atendido.<\/p>\n<p class=\"Estilo1\">P\u00fablico5<\/p>\n<p class=\"Estilo1\">RESULTADOS<\/p>\n<p class=\"Estilo1\">Resultados do experimento:<\/p>\n<p class=\"Estilo1\">Ao final dessa aula pr\u00e1tica, voc\u00ea dever\u00e1 enviar um arquivo em word contendo as informa\u00e7\u00f5es<\/p>\n<p class=\"Estilo1\">obtidas no experimento, os c\u00e1lculos realizados, em conjunto com um texto conclusivo a respeito<\/p>\n<p class=\"Estilo1\">das informa\u00e7\u00f5es obtidas. O arquivo n\u00e3o pode exceder o tamanho de 2Mb.<\/p>\n<p class=\"Estilo1\">\u2022 Refer\u00eancias bibliogr\u00e1ficas ABNT (quando houver).<\/p>\n<p class=\"Estilo1\">Resultados de Aprendizagem:<\/p>\n<p class=\"Estilo1\">Ao final da pr\u00e1tica, o estudante ser\u00e1 capaz de programar sistemas embarcados utilizando tasks<\/p>\n<p class=\"Estilo1\">no ESP-32, configurando entradas e sa\u00eddas digitais e controlando a intensidade de um LED com<\/p>\n<p class=\"Estilo1\">perif\u00e9rico PWM. O estudante aprender\u00e1 a alternar estados de opera\u00e7\u00e3o e a manipular frequ\u00eancias<\/p>\n<p class=\"Estilo1\">de pisca e n\u00edveis de brilho em resposta ao acionamento de um push-button, demonstrando<\/p>\n<p class=\"Estilo1\">compet\u00eancia na programa\u00e7\u00e3o de estados e temporiza\u00e7\u00f5es em dispositivos de IoT.<\/p>\n<p class=\"Estilo1\">P\u00fablico6<\/p>\n<p class=\"Estilo1\">ROTEIRO DE AULA PR\u00c1TICA 2<\/p>\n<p class=\"Estilo1\">NOME DA DISCIPLINA: Sistemas Embarcados<\/p>\n<p class=\"Estilo1\">Unidade: 4 \u2013 Sistemas de tempo real, sensores e atuadores<\/p>\n<p class=\"Estilo1\">Aula: 3 \u2013 Sensores e atuadores embarcados<\/p>\n<p class=\"Estilo1\">OBJETIVOS<\/p>\n<p class=\"Estilo1\">Defini\u00e7\u00e3o dos objetivos da aula pr\u00e1tica:<\/p>\n<p class=\"Estilo1\">Compreender o funcionamento de um sistema embarcado que opera baseado em um sistema<\/p>\n<p class=\"Estilo1\">operacional em tempo real, implementando o envio de dados via wifi.<\/p>\n<p class=\"Estilo1\">SOLU\u00c7\u00c3O DIGITAL:<\/p>\n<p class=\"Estilo1\">Plataforma Wokwi<\/p>\n<p class=\"Estilo1\">O site Wokwi (https:\/\/wokwi.com\/) permite a simula\u00e7\u00e3o online de sistemas embarcados variados<\/p>\n<p class=\"Estilo1\">como ESP32, STM32 e Arduino. Permite ainda a intera\u00e7\u00e3o entre os dispositivos e sensores<\/p>\n<p class=\"Estilo1\">variados, permitindo a montagem de um sistema IoT completo.<\/p>\n<p class=\"Estilo1\">PROCEDIMENTOS PR\u00c1TICOS E APLICA\u00c7\u00d5ES<\/p>\n<p class=\"Estilo1\">Procedimento\/Atividade n\u00ba 1<\/p>\n<p class=\"Estilo1\">Comunica\u00e7\u00e3o wifi<\/p>\n<p class=\"Estilo1\">Atividade proposta: elaborar algoritmos para sistemas embarcados com comunica\u00e7\u00e3o wifi.<\/p>\n<p class=\"Estilo1\">Procedimentos para a realiza\u00e7\u00e3o da atividade:<\/p>\n<p class=\"Estilo1\">Um sistema embarcado normalmente opera sobre um sistema operacional. O sistema<\/p>\n<p class=\"Estilo1\">operacional mais comum de ser utilizado nesse tipo de aplica\u00e7\u00e3o \u00e9 o FreeRTOS. O ESP-32<\/p>\n<p class=\"Estilo1\">possui esse sistema operacional como padr\u00e3o em seu funcionamento e saber como criar e utilizar<\/p>\n<p class=\"Estilo1\">diferentes tarefas (tasks) \u00e9 fundamental para o profissional que trabalha com sistemas<\/p>\n<p class=\"Estilo1\">embarcados.<\/p>\n<p class=\"Estilo1\">Por mais que o ESP-32 opere baseado no FreeRTOS, tamb\u00e9m \u00e9 possivel programa-lo utilizando<\/p>\n<p class=\"Estilo1\">a estrura Arduino (setup\/loop), o que pode ser mais simples em alguns casos. Para saber mais<\/p>\n<p class=\"Estilo1\">sobre como \u00e9 realizada a simula\u00e7\u00e3o do ESP-32 no Wokwi, acesse: https:\/\/docs.wokwi.com\/ptBR\/guides\/esp32.<\/p>\n<p class=\"Estilo1\">P\u00fablico7<\/p>\n<p class=\"Estilo1\">Para executar o procedimento proposto, inicie um novo projeto utilizando o ESP-32. Ele pode ser<\/p>\n<p class=\"Estilo1\">baseado no conjunto de bibliotecas ESP-IDF ou esquema Arduino. Para isso, basta acessar um<\/p>\n<p class=\"Estilo1\">dos links a seguir: https:\/\/wokwi.com\/projects\/new\/esp-idf-esp32 ou<\/p>\n<p class=\"Estilo1\">https:\/\/wokwi.com\/projects\/new\/esp32. Na tela inicial, \u00e9 poss\u00edvel visualizar duas \u00e1reas: a<\/p>\n<p class=\"Estilo1\">esquerda fica o editor de texto e a direita a \u00e1rea de simula\u00e7\u00e3o onde \u00e9 feita a montagem de<\/p>\n<p class=\"Estilo1\">hardware. Nas simula\u00e7\u00f5es \u00e9 poss\u00edvel adicionar elementos variados ao seu sistema, como LEDs<\/p>\n<p class=\"Estilo1\">e sensores. Para isso, aperte o + na \u00e1rea de simula\u00e7\u00e3o e selecione o item que deseja adicionar.<\/p>\n<p class=\"Estilo1\">Feita montagem virtual do hardware, o c\u00f3digo a ser executado no ESP-32 pode ser elaborado na<\/p>\n<p class=\"Estilo1\">\u00e1rea relativa ao sketch. Para realizar a simula\u00e7\u00e3o, aperte o \u2018Play\u2019 na \u00e1rea de simula\u00e7\u00e3o.<\/p>\n<p class=\"Estilo1\">Agora que voc\u00ea j\u00e1 est\u00e1 familiarizado com a plataforma Wokwi e com o m\u00f3dulo ESP-32, iremos<\/p>\n<p class=\"Estilo1\">conectar o dispositivo em um wifi e realizar o envio de dados. O modo e c\u00f3digo necess\u00e1rio para<\/p>\n<p class=\"Estilo1\">conectar virtualmente o ESP-32 na rede wifi da plataforma de simula\u00e7\u00e3o est\u00e1 descrito no<\/p>\n<p class=\"Estilo1\">seguinte link: https:\/\/docs.wokwi.com\/pt-BR\/guides\/esp32-wifi.<\/p>\n<p class=\"Estilo1\">Assim, voc\u00ea deve criar um sistema utilizando o ESP-32 que se conecte ao wifi, obtenha a data e<\/p>\n<p class=\"Estilo1\">hora atuais de um servidor NTP e as exiba em uma tela LCD. Deve ser exibida a hora e a<\/p>\n<p class=\"Estilo1\">indica\u00e7\u00e3o de online em uma linha e data completa na outra. Crie uma l\u00f3gica para que a data e<\/p>\n<p class=\"Estilo1\">hora sejam atualizados a cada 250 ms. A montagem da simula\u00e7\u00e3o e resultado esperado est\u00e3o<\/p>\n<p class=\"Estilo1\">apresentados figura abaixo:<\/p>\n<p class=\"Estilo1\">P\u00fablico8<\/p>\n<p class=\"Estilo1\">Como dica, elabore o seu c\u00f3digo por partes e realize v\u00e1rias simula\u00e7\u00f5es de funcionamento para<\/p>\n<p class=\"Estilo1\">cada uma delas. Recomenda-se inicialmente testar o funcionamento correto do display, depois<\/p>\n<p class=\"Estilo1\">a conex\u00e3o com o wifi e na sequencia o acesso ao servidor NTP. Al\u00e9m disso, a utiliza\u00e7\u00e3o da<\/p>\n<p class=\"Estilo1\">estrutura Arduino torna a implementa\u00e7\u00e3o mais simples.<\/p>\n<p class=\"Estilo1\">Avaliando os resultados:<\/p>\n<p class=\"Estilo1\">Voc\u00ea deve entregar um relat\u00f3rio contendo os prints e\/ou v\u00eddeos de cada procedimento. Al\u00e9m<\/p>\n<p class=\"Estilo1\">disso, apresente todos os algoritmos desenvolvidos, comentados linha a linha, em sua<\/p>\n<p class=\"Estilo1\">integralidade. O relat\u00f3rio deve conter informa\u00e7\u00f5es detalhadas sobre o funcionamento do<\/p>\n<p class=\"Estilo1\">algoritmo desenvolvido, a simula\u00e7\u00e3o e seus resultados.<\/p>\n<p class=\"Estilo1\">Checklist:<\/p>\n<p class=\"Estilo1\">\u2713\u00a0Fa\u00e7a a montagem de hardware no ambiente virtual corretamente.<\/p>\n<p class=\"Estilo1\">\u2713\u00a0Elabores os algoritmos conforme indicado.<\/p>\n<p class=\"Estilo1\">\u2713\u00a0Simule o sistema para verificar se o requisito de funcionamento foi atendido.<\/p>\n<p class=\"Estilo1\">RESULTADOS<\/p>\n<p class=\"Estilo1\">Resultados do experimento:<\/p>\n<p class=\"Estilo1\">Ao final dessa aula pr\u00e1tica, voc\u00ea dever\u00e1 enviar um arquivo em word contendo as informa\u00e7\u00f5es<\/p>\n<p class=\"Estilo1\">obtidas no experimento, os c\u00e1lculos realizados, em conjunto com um texto conclusivo a respeito<\/p>\n<p class=\"Estilo1\">das informa\u00e7\u00f5es obtidas. O arquivo n\u00e3o pode exceder o tamanho de 2Mb.<\/p>\n<p class=\"Estilo1\">\u2022 Refer\u00eancias bibliogr\u00e1ficas ABNT (quando houver).<\/p>\n<p class=\"Estilo1\">Resultados de Aprendizagem:<\/p>\n<p class=\"Estilo1\">Ao final da pr\u00e1tica, o estudante ser\u00e1 capaz de desenvolver um sistema IoT b\u00e1sico utilizando o<\/p>\n<p class=\"Estilo1\">ESP-32 na plataforma Wokwi, conectando-o a uma rede Wi-Fi, obtendo dados de data e hora de<\/p>\n<p class=\"Estilo1\">um servidor NTP e exibindo essas informa\u00e7\u00f5es em uma tela LCD. O estudante demonstrar\u00e1<\/p>\n<p class=\"Estilo1\">habilidade em configurar a comunica\u00e7\u00e3o com redes, realizar acesso a servidores de tempo, e<\/p>\n<p class=\"Estilo1\">P\u00fablico9<\/p>\n<p class=\"Estilo1\">manipular displays em simula\u00e7\u00e3o, aplicando uma l\u00f3gica de atualiza\u00e7\u00e3o cont\u00ednua de dados e<\/p>\n<p class=\"Estilo1\">consolidando conhecimentos sobre programa\u00e7\u00e3o em ambientes de simula\u00e7\u00e3o virtual.<\/p>\n<div class=\"elementor-toggle-item\">\n<div class=\"elementor-toggle-item\">\n<p id=\"elementor-tab-title-1941\" class=\"elementor-tab-title elementor-active\" tabindex=\"0\" role=\"tab\" data-tab=\"1\" aria-controls=\"elementor-tab-content-1941\" aria-expanded=\"true\" aria-selected=\"true\"><strong>Como funciona?<\/strong><\/p>\n<p>Elaboramos os portf\u00f3lios, j\u00e1 deixamos prontos, nas normas da ABNT e conforme os requisitos da universidade. F\u00e1cil assim! O MELHOR \u00c9 QUE VOC\u00ca COMPRA E J\u00c1 BAIXA NA HORA O SEU ARQUIVO EM WORD! Sabemos que conciliar trabalho, fam\u00edlia, vida profissional e estudos \u00e9 dif\u00edcil hoje em dia, por isso, estamos aqui para ajudar voc\u00ea. Conte com nossa qualidade, experi\u00eancia e profissionalismo adquirindo seu portf\u00f3lio conosco. GARANTIMOS SEU CONCEITO!<\/p>\n<p><strong>Como se realizam os envios?<\/strong><\/p>\n<\/div>\n<p id=\"elementor-tab-content-1942\" class=\"elementor-tab-content elementor-clearfix elementor-active\" role=\"tabpanel\" data-tab=\"2\" aria-labelledby=\"elementor-tab-title-1942\">O seu trabalho \u00e9 disponibilizado pronto, respondido e nas normas j\u00e1 na mesma hora aqui em nosso site na sua \u00e1rea de downloads e tamb\u00e9m no seu e-mail.<\/p>\n<p><strong>Em quanto tempo recebo o portf\u00f3lio?<\/strong><\/p>\n<p>Os envios s\u00e3o imediatos. Ap\u00f3s sua compra, o trabalho j\u00e1 \u00e9 disponibilizado instantaneamente aqui em nosso site e no seu e-mail.<\/p>\n<p><strong>E se o portf\u00f3lio que comprei precisar de corre\u00e7\u00e3o?<\/strong><\/p>\n<p>Caso haja alguma solicita\u00e7\u00e3o de corre\u00e7\u00e3o\/altera\u00e7\u00e3o por parte do tutor, basta entrar em contato conosco pelo\u00a0WhatsApp\u00a0que provid\u00eanciaremos sem custo algum.<\/p>\n<p><strong>Qual o formato do arquivo?<\/strong><\/p>\n<p>Os arquivos s\u00e3o enviados em formato Word e s\u00e3o edit\u00e1veis.<\/p>\n<p><strong>Caso eu tiver alguma d\u00favida, terei suporte no p\u00f3s venda?<\/strong><\/p>\n<p>Sim, com certeza. Basta clicar no \u00edcone do WhatsApp no cantinho da tela. Ser\u00e1 um prazer atend\u00ea-lo(a).<\/p>\n<div id=\"elementor-tab-content-1948\" class=\"elementor-tab-content elementor-clearfix elementor-active\" role=\"tabpanel\" data-tab=\"8\" aria-labelledby=\"elementor-tab-title-1948\">\n<p><strong>Quais os seus canais de contato?<\/strong><\/p>\n<\/div>\n<div id=\"elementor-tab-content-1949\" class=\"elementor-tab-content elementor-clearfix elementor-active\" role=\"tabpanel\" data-tab=\"9\" aria-labelledby=\"elementor-tab-title-1949\">\n<p>Whatsapp: 53 984751621 \u2013 Clicar no canto da tela ou ESCANEIE O QRCODE ABAIXO<\/p>\n<h4><img decoding=\"async\" class=\"alignnone wp-image-13699 jetpack-lazy-image jetpack-lazy-image--handled\" src=\"https:\/\/i0.wp.com\/portifolioos-prontos.com\/wp-content\/uploads\/2023\/02\/whatsapp-business-projeto-de-extensao-300x300.jpeg?resize=144%2C144\" sizes=\"(max-width: 144px) 100vw, 144px\" srcset=\"https:\/\/i0.wp.com\/portifolioos-prontos.com\/wp-content\/uploads\/2023\/02\/whatsapp-business-projeto-de-extensao.jpeg?resize=300%2C301&amp;ssl=1 300w, https:\/\/i0.wp.com\/portifolioos-prontos.com\/wp-content\/uploads\/2023\/02\/whatsapp-business-projeto-de-extensao.jpeg?resize=150%2C150&amp;ssl=1 150w, https:\/\/i0.wp.com\/portifolioos-prontos.com\/wp-content\/uploads\/2023\/02\/whatsapp-business-projeto-de-extensao.jpeg?resize=370%2C372&amp;ssl=1 370w, https:\/\/i0.wp.com\/portifolioos-prontos.com\/wp-content\/uploads\/2023\/02\/whatsapp-business-projeto-de-extensao.jpeg?resize=100%2C100&amp;ssl=1 100w, https:\/\/i0.wp.com\/portifolioos-prontos.com\/wp-content\/uploads\/2023\/02\/whatsapp-business-projeto-de-extensao.jpeg?w=470&amp;ssl=1 470w\" alt=\"projeto de extens\u00e3o unopar\" width=\"144\" height=\"144\" data-lazy-loaded=\"1\" \/><\/h4>\n<\/div>\n<div class=\"elementor-toggle-item\">\n<div id=\"elementor-tab-content-1949\" class=\"elementor-tab-content elementor-clearfix elementor-active\" role=\"tabpanel\" data-tab=\"9\" aria-labelledby=\"elementor-tab-title-1949\">\n<p>E-mail:portifoliosp@gmail.com<\/p>\n<div id=\"attachment_143\" class=\"wp-caption alignnone\">\n<div id=\"attachment_143\" class=\"wp-caption alignnone\">\n<p id=\"caption-attachment-143\" class=\"wp-caption-text\"><a href=\"http:\/\/portfolio-pronto.com\/\">Portf\u00f3lio<\/a>\u00a0em Word, respondido, completo e j\u00e1 nas normas<\/p>\n<\/div>\n<\/div>\n<\/div>\n<\/div>\n<\/div>\n","protected":false},"excerpt":{"rendered":"<div class=\"product-short-description\">\n<div class=\"product-short-description\">\n<p><strong>Pague pelo PIX ou cart\u00e3o e fa\u00e7a o download agora mesmo.<\/strong><\/p>\n<\/div>\n<div class=\"sticky-add-to-cart-wrapper\">\n<div class=\"sticky-add-to-cart\">\n<p class=\"quantity buttons_added form-flat\"><img decoding=\"async\" class=\"lazyloaded smush-image-5 smush-image-3 smush-image-4 smush-detected-img smush-image-bigger-3\" src=\"https:\/\/d26lpennugtm8s.cloudfront.net\/assets\/common\/img\/logos\/payment\/visa@2x.png\" width=\"46\" height=\"29\" data-src=\"https:\/\/d26lpennugtm8s.cloudfront.net\/assets\/common\/img\/logos\/payment\/visa@2x.png\" \/><img decoding=\"async\" class=\"lazyloaded smush-image-6 smush-image-4 smush-image-5 smush-detected-img smush-image-bigger-4\" src=\"https:\/\/d26lpennugtm8s.cloudfront.net\/assets\/common\/img\/logos\/payment\/boleto@2x.png\" width=\"43\" height=\"27\" data-src=\"https:\/\/d26lpennugtm8s.cloudfront.net\/assets\/common\/img\/logos\/payment\/boleto@2x.png\" \/><img loading=\"lazy\" decoding=\"async\" class=\"lazyloaded smush-image-7 smush-image-5 smush-image-6 smush-detected-img smush-image-bigger-5\" src=\"https:\/\/d26lpennugtm8s.cloudfront.net\/assets\/common\/img\/logos\/payment\/mastercard@2x.png\" width=\"43\" height=\"27\" data-src=\"https:\/\/d26lpennugtm8s.cloudfront.net\/assets\/common\/img\/logos\/payment\/mastercard@2x.png\" \/><img loading=\"lazy\" decoding=\"async\" class=\"lazyloaded smush-image-8 smush-image-6 smush-image-7 smush-detected-img smush-image-bigger-6\" src=\"https:\/\/d26lpennugtm8s.cloudfront.net\/assets\/common\/img\/logos\/payment\/amex@2x.png\" width=\"43\" height=\"27\" data-src=\"https:\/\/d26lpennugtm8s.cloudfront.net\/assets\/common\/img\/logos\/payment\/amex@2x.png\" \/><img loading=\"lazy\" decoding=\"async\" class=\"lazyloaded smush-image-9 smush-image-7 smush-image-8 smush-detected-img smush-image-bigger-7\" src=\"https:\/\/d26lpennugtm8s.cloudfront.net\/assets\/common\/img\/logos\/payment\/diners@2x.png\" width=\"46\" height=\"29\" data-src=\"https:\/\/d26lpennugtm8s.cloudfront.net\/assets\/common\/img\/logos\/payment\/diners@2x.png\" \/><img loading=\"lazy\" decoding=\"async\" class=\"lazyloaded smush-image-10 smush-image-8 smush-image-9 alignnone smush-detected-img smush-image-bigger-8\" src=\"https:\/\/d26lpennugtm8s.cloudfront.net\/assets\/common\/img\/logos\/payment\/br\/elo@2x.png\" alt=\"portf\u00f3lio unopar anhanguera\" width=\"45\" height=\"28\" data-src=\"https:\/\/d26lpennugtm8s.cloudfront.net\/assets\/common\/img\/logos\/payment\/br\/elo@2x.png\" \/><img loading=\"lazy\" decoding=\"async\" class=\"lazyloaded smush-image-11 smush-image-9 smush-image-10 alignnone smush-detected-img smush-image-bigger-9\" src=\"https:\/\/d26lpennugtm8s.cloudfront.net\/assets\/common\/img\/logos\/payment\/br\/hipercard@2x.png\" alt=\"portf\u00f3lio unopar anhanguera\" width=\"44\" height=\"28\" data-src=\"https:\/\/d26lpennugtm8s.cloudfront.net\/assets\/common\/img\/logos\/payment\/br\/hipercard@2x.png\" \/><img loading=\"lazy\" decoding=\"async\" class=\"lazyloaded smush-image-12 smush-image-10 smush-image-11 alignnone smush-detected-img smush-image-bigger-10\" src=\"https:\/\/d26lpennugtm8s.cloudfront.net\/assets\/common\/img\/logos\/payment\/mercadopago@2x.png\" alt=\"portf\u00f3lio unopar anhanguera\" width=\"45\" height=\"28\" data-src=\"https:\/\/d26lpennugtm8s.cloudfront.net\/assets\/common\/img\/logos\/payment\/mercadopago@2x.png\" \/><img loading=\"lazy\" decoding=\"async\" class=\"alignnone lazyloaded smush-detected-img smush-image-bigger-11\" src=\"https:\/\/futurium.com.br\/wp-content\/uploads\/2021\/06\/logo-pix-icone-512.png\" alt=\"portfolio pronto\" width=\"30\" height=\"30\" data-src=\"https:\/\/futurium.com.br\/wp-content\/uploads\/2021\/06\/logo-pix-icone-512.png\" \/><\/p>\n<\/div>\n<\/div>\n<\/div>\n","protected":false},"featured_media":35651,"template":"","meta":{"_seopress_robots_primary_cat":"none","_seopress_titles_title":"%%post_title%% %%sitetitle%%","_seopress_titles_desc":"%%post_content%%","_seopress_robots_index":""},"product_cat":[15],"product_tag":[],"class_list":{"0":"post-35648","1":"product","2":"type-product","3":"status-publish","4":"has-post-thumbnail","6":"product_cat-uncategorized","8":"first","9":"instock","10":"downloadable","11":"virtual","12":"purchasable","13":"product-type-simple","14":"col-xs-6 col-sm-4","15":"col-mf-5","16":"un-5-cols"},"jetpack_sharing_enabled":true,"_links":{"self":[{"href":"https:\/\/portifolioos-prontos.com\/index.php\/wp-json\/wp\/v2\/product\/35648","targetHints":{"allow":["GET"]}}],"collection":[{"href":"https:\/\/portifolioos-prontos.com\/index.php\/wp-json\/wp\/v2\/product"}],"about":[{"href":"https:\/\/portifolioos-prontos.com\/index.php\/wp-json\/wp\/v2\/types\/product"}],"version-history":[{"count":0,"href":"https:\/\/portifolioos-prontos.com\/index.php\/wp-json\/wp\/v2\/product\/35648\/revisions"}],"wp:featuredmedia":[{"embeddable":true,"href":"https:\/\/portifolioos-prontos.com\/index.php\/wp-json\/wp\/v2\/media\/35651"}],"wp:attachment":[{"href":"https:\/\/portifolioos-prontos.com\/index.php\/wp-json\/wp\/v2\/media?parent=35648"}],"wp:term":[{"taxonomy":"product_cat","embeddable":true,"href":"https:\/\/portifolioos-prontos.com\/index.php\/wp-json\/wp\/v2\/product_cat?post=35648"},{"taxonomy":"product_tag","embeddable":true,"href":"https:\/\/portifolioos-prontos.com\/index.php\/wp-json\/wp\/v2\/product_tag?post=35648"}],"curies":[{"name":"wp","href":"https:\/\/api.w.org\/{rel}","templated":true}]}}