{"id":35653,"date":"2025-03-13T10:05:36","date_gmt":"2025-03-13T13:05:36","guid":{"rendered":"https:\/\/portifolioos-prontos.com\/?post_type=product&#038;p=35653"},"modified":"2025-08-03T18:27:38","modified_gmt":"2025-08-03T21:27:38","slug":"aula-pratica-compiladores","status":"publish","type":"product","link":"https:\/\/portifolioos-prontos.com\/index.php\/product\/aula-pratica-compiladores\/","title":{"rendered":"Aula Pr\u00e1tica Compiladores"},"content":{"rendered":"<h5>Portf\u00f3lio Aula Pr\u00e1tica Compiladores<\/h5>\n<p class=\"Estilo1\">Aula Pr\u00e1tica<\/p>\n<p class=\"Estilo1\">Unidade 1 | Se\u00e7\u00e3o 1<\/p>\n<p class=\"Estilo1\">2<\/p>\n<p class=\"Estilo1\">ROTEIRO DE AULA PR\u00c1TICA<\/p>\n<p class=\"Estilo1\">NOME DA DISCIPLINA: Compiladores<\/p>\n<p class=\"Estilo1\">Unidade 1<\/p>\n<p class=\"Estilo1\">Se\u00e7\u00e3o 1.3<\/p>\n<p class=\"Estilo1\">OBJETIVOS<\/p>\n<p class=\"Estilo1\">Defini\u00e7\u00e3o dos objetivos da aula pr\u00e1tica:<\/p>\n<p class=\"Estilo1\">Compreender os conceitos iniciais de compiladores<\/p>\n<p class=\"Estilo1\">INFRAESTRUTURA<\/p>\n<p class=\"Estilo1\">Instala\u00e7\u00f5es:<\/p>\n<p class=\"Estilo1\">Laborat\u00f3rio de inform\u00e1tica<\/p>\n<p class=\"Estilo1\">Materiais de consumo:<\/p>\n<p class=\"Estilo1\">Descri\u00e7\u00e3o<\/p>\n<p class=\"Estilo1\">Quatid. de materiais por<\/p>\n<p class=\"Estilo1\">procedimento\/atividade<\/p>\n<p class=\"Estilo1\">Procedimento 1<\/p>\n<p class=\"Estilo1\">Computador 1 por aluno ou dupla<\/p>\n<p class=\"Estilo1\">Procedimento 2<\/p>\n<p class=\"Estilo1\">Computador 1 por aluno ou dupla<\/p>\n<p class=\"Estilo1\">Software:<\/p>\n<p class=\"Estilo1\">Sim ( X ) N\u00e3o ( )<\/p>\n<p class=\"Estilo1\">Em caso afirmativo, qual?<\/p>\n<p class=\"Estilo1\">Pago ( ) N\u00e3o Pago (X )<\/p>\n<p class=\"Estilo1\">Tipo de Licen\u00e7a: Software Livre.<\/p>\n<p class=\"Estilo1\">Descri\u00e7\u00e3o do software:<\/p>\n<p class=\"Estilo1\">3<\/p>\n<p class=\"Estilo1\">IDE NetBeans 8.1 \u2013 Ambiente de desenvolvimento para varias linguagens, no caso ser\u00e1<\/p>\n<p class=\"Estilo1\">utilizada para o desenvolvimento na linguagem JAVA.<\/p>\n<p class=\"Estilo1\">Site oficial : http:\/\/www.oracle.com\/technetwork\/pt\/java\/javase\/downloads\/index.html ,<\/p>\n<p class=\"Estilo1\">consultado em 12\/maio\/2018<\/p>\n<p class=\"Estilo1\">Java JDK 1.8.0 \u2013 \u00e9 um conjunto de ferramentas para desenvolvimento em JAVA SE. JDK ,<\/p>\n<p class=\"Estilo1\">significa Java Development Kit.<\/p>\n<p class=\"Estilo1\">JFLEX 1.6.1 \u2013 \u00e9 um software escrito em JAVA, para gera\u00e7\u00e3o de analisadores l\u00e9xicos Site oficial<\/p>\n<p class=\"Estilo1\">: http:\/\/www.jflex.de\/download.html , consultado em 12\/maio\/2018<\/p>\n<p class=\"Estilo1\">Equipamento de Prote\u00e7\u00e3o Individual (EPI):<\/p>\n<p class=\"Estilo1\">N\u00e3o se aplica<\/p>\n<p class=\"Estilo1\">PROCEDIMENTOS PR\u00c1TICOS<\/p>\n<p class=\"Estilo1\">Neste momento voc\u00ea deve ajudar o tutor por meio da descri\u00e7\u00e3o de todas as etapas que dever\u00e3o<\/p>\n<p class=\"Estilo1\">ser realizadas para a execu\u00e7\u00e3o dos procedimentos pr\u00e1ticos. Considerando a carga hor\u00e1ria da<\/p>\n<p class=\"Estilo1\">aula pr\u00e1tica, voc\u00ea pode replicar a caixa de procedimento\/atividade quantas vezes for<\/p>\n<p class=\"Estilo1\">necess\u00e1rio.<\/p>\n<p class=\"Estilo1\">Procedimento\/Atividade n.1<\/p>\n<p class=\"Estilo1\">Atividade proposta:<\/p>\n<p class=\"Estilo1\">Conhecimento dos software utilizados nas pr\u00f3ximas aulas<\/p>\n<p class=\"Estilo1\">Procedimentos para a realiza\u00e7\u00e3o da atividade:<\/p>\n<p class=\"Estilo1\">Neste momento, ser\u00e1 apresentado os softwares e\/ou plug-ins utilizados nas pr\u00f3ximas aulas.<\/p>\n<p class=\"Estilo1\">Isso tem como intuito que o aluno n\u00e3o tenha d\u00favidas sobre interface e utiliza\u00e7\u00e3o dos programas<\/p>\n<p class=\"Estilo1\">que ser\u00e3o utilizados no decorrer da mat\u00e9ria.<\/p>\n<p class=\"Estilo1\">Checklist:<\/p>\n<p class=\"Estilo1\">\u2022 Conhecer os programas que ser\u00e3o utilizados.<\/p>\n<p class=\"Estilo1\">\u2022 Instala\u00e7\u00e3o destes programas.<\/p>\n<p class=\"Estilo1\">\u2022 Apresenta\u00e7\u00e3o dos recursos e das interfaces de cada programa.<\/p>\n<p class=\"Estilo1\">4<\/p>\n<p class=\"Estilo1\">Procedimento\/Atividade n.2<\/p>\n<p class=\"Estilo1\">Atividade proposta:<\/p>\n<p class=\"Estilo1\">Cria\u00e7\u00e3o da especifica\u00e7\u00e3o da gram\u00e1tica;<\/p>\n<p class=\"Estilo1\">Procedimentos para a realiza\u00e7\u00e3o da atividade:<\/p>\n<p class=\"Estilo1\">\u00a0O objetivo \u00e9 construir o projeto da Unidade2 apresentado no livro did\u00e1tico, para isto inicie<\/p>\n<p class=\"Estilo1\">abrindo o Netbeans. Crie o um novo projeto JAVA applications com o mesmo nome (Unidade2)<\/p>\n<p class=\"Estilo1\">Sugest\u00e3o: Crie uma pasta \\COMPILADORES na unidade C, isto ir\u00e1 ajudar o aluno a localizar o<\/p>\n<p class=\"Estilo1\">projeto quando precisar.<\/p>\n<p class=\"Estilo1\">O passo seguinte deve ser a instala\u00e7\u00e3o da biblioteca JFlex 1.6.1.<\/p>\n<p class=\"Estilo1\">Antes de iniciar a instala\u00e7\u00e3o mostre o v\u00eddeo com a orienta\u00e7\u00e3o sobre como instalar essa<\/p>\n<p class=\"Estilo1\">biblioteca, depois ser\u00e1 o momento de criar um Pacote Java. Sugest\u00e3o : Nomeie como<\/p>\n<p class=\"Estilo1\">Compilador.<\/p>\n<p class=\"Estilo1\">Pronto, \u00e9 o momento de criar a especifica\u00e7\u00e3o. A especifica\u00e7\u00e3o deve ser criada em ARQUIVO<\/p>\n<p class=\"Estilo1\">VAZIO. Enfatize isso. Muitas vezes o aluno cria uma classe Java vazio, h\u00e1 uma grande diferen\u00e7a.<\/p>\n<p class=\"Estilo1\">E, tamb\u00e9m, lembre a extens\u00e3o da especifica\u00e7\u00e3o \u00e9.flex, Assim o nome do arquivo vazio ficar\u00e1<\/p>\n<p class=\"Estilo1\">especificacao.flex.<\/p>\n<p class=\"Estilo1\">Checklist:<\/p>\n<p class=\"Estilo1\">\u2022 Verifique se o laborat\u00f3rio est\u00e3o com as ferramentas que ser\u00e3o utilizadas: Netbeans e<\/p>\n<p class=\"Estilo1\">Jflex 1.6.1<\/p>\n<p class=\"Estilo1\">\u2022 Tenha as classes que ser\u00e3o usadas, ou melhor, o projeto Unidade2 j\u00e1 pronto.<\/p>\n<p class=\"Estilo1\">\u2022 Criar juntamente com os alunos o projeto Unidade2 e adicionar o plug-in JFlex.<\/p>\n<p class=\"Estilo1\">\u2022 Criar a classe especificacao.flex<\/p>\n<p class=\"Estilo1\">\u2022 Voc\u00ea pode digitar a classe especificacao.flex, ou recomendamos mostrar, explicar e<\/p>\n<p class=\"Estilo1\">deixar os alunos digitarem e acompanhar a turma atendendo a cada aluno<\/p>\n<p class=\"Estilo1\">RESULTADOS<\/p>\n<p class=\"Estilo1\">Resultados da aula pr\u00e1tica:<\/p>\n<p class=\"Estilo1\">Como resultado ser\u00e1 obtido um esclarecimento do que ser\u00e1 gerado nas<\/p>\n<p class=\"Estilo1\">pr\u00f3ximas aulas, al\u00e9m da introdu\u00e7\u00e3o dos softwares utilizados.<\/p>\n<div class=\"elementor-toggle-item\">\n<div class=\"elementor-toggle-item\">\n<p id=\"elementor-tab-title-1941\" class=\"elementor-tab-title elementor-active\" tabindex=\"0\" role=\"tab\" data-tab=\"1\" aria-controls=\"elementor-tab-content-1941\" aria-expanded=\"true\" aria-selected=\"true\"><strong>Como funciona?<\/strong><\/p>\n<p>Elaboramos os portf\u00f3lios, j\u00e1 deixamos prontos, nas normas da ABNT e conforme os requisitos da universidade. F\u00e1cil assim! O MELHOR \u00c9 QUE VOC\u00ca COMPRA E J\u00c1 BAIXA NA HORA O SEU ARQUIVO EM WORD! Sabemos que conciliar trabalho, fam\u00edlia, vida profissional e estudos \u00e9 dif\u00edcil hoje em dia, por isso, estamos aqui para ajudar voc\u00ea. Conte com nossa qualidade, experi\u00eancia e profissionalismo adquirindo seu portf\u00f3lio conosco. GARANTIMOS SEU CONCEITO!<\/p>\n<p><strong>Como se realizam os envios?<\/strong><\/p>\n<\/div>\n<p id=\"elementor-tab-content-1942\" class=\"elementor-tab-content elementor-clearfix elementor-active\" role=\"tabpanel\" data-tab=\"2\" aria-labelledby=\"elementor-tab-title-1942\">O seu trabalho \u00e9 disponibilizado pronto, respondido e nas normas j\u00e1 na mesma hora aqui em nosso site na sua \u00e1rea de downloads e tamb\u00e9m no seu e-mail.<\/p>\n<p><strong>Em quanto tempo recebo o portf\u00f3lio?<\/strong><\/p>\n<p>Os envios s\u00e3o imediatos. Ap\u00f3s sua compra, o trabalho j\u00e1 \u00e9 disponibilizado instantaneamente aqui em nosso site e no seu e-mail.<\/p>\n<p><strong>E se o portf\u00f3lio que comprei precisar de corre\u00e7\u00e3o?<\/strong><\/p>\n<p>Caso haja alguma solicita\u00e7\u00e3o de corre\u00e7\u00e3o\/altera\u00e7\u00e3o por parte do tutor, basta entrar em contato conosco pelo\u00a0WhatsApp\u00a0que provid\u00eanciaremos sem custo algum.<\/p>\n<p><strong>Qual o formato do arquivo?<\/strong><\/p>\n<p>Os arquivos s\u00e3o enviados em formato Word e s\u00e3o edit\u00e1veis.<\/p>\n<p><strong>Caso eu tiver alguma d\u00favida, terei suporte no p\u00f3s venda?<\/strong><\/p>\n<p>Sim, com certeza. Basta clicar no \u00edcone do WhatsApp no cantinho da tela. Ser\u00e1 um prazer atend\u00ea-lo(a).<\/p>\n<div id=\"elementor-tab-content-1948\" class=\"elementor-tab-content elementor-clearfix elementor-active\" role=\"tabpanel\" data-tab=\"8\" aria-labelledby=\"elementor-tab-title-1948\">\n<p><strong>Quais os seus canais de contato?<\/strong><\/p>\n<\/div>\n<div id=\"elementor-tab-content-1949\" class=\"elementor-tab-content elementor-clearfix elementor-active\" role=\"tabpanel\" data-tab=\"9\" aria-labelledby=\"elementor-tab-title-1949\">\n<p>Whatsapp: 53 984751621 \u2013 Clicar no canto da tela ou ESCANEIE O QRCODE ABAIXO<\/p>\n<h4><img decoding=\"async\" class=\"alignnone wp-image-13699 jetpack-lazy-image jetpack-lazy-image--handled\" src=\"https:\/\/i0.wp.com\/portifolioos-prontos.com\/wp-content\/uploads\/2023\/02\/whatsapp-business-projeto-de-extensao-300x300.jpeg?resize=144%2C144\" sizes=\"(max-width: 144px) 100vw, 144px\" srcset=\"https:\/\/i0.wp.com\/portifolioos-prontos.com\/wp-content\/uploads\/2023\/02\/whatsapp-business-projeto-de-extensao.jpeg?resize=300%2C301&amp;ssl=1 300w, https:\/\/i0.wp.com\/portifolioos-prontos.com\/wp-content\/uploads\/2023\/02\/whatsapp-business-projeto-de-extensao.jpeg?resize=150%2C150&amp;ssl=1 150w, https:\/\/i0.wp.com\/portifolioos-prontos.com\/wp-content\/uploads\/2023\/02\/whatsapp-business-projeto-de-extensao.jpeg?resize=370%2C372&amp;ssl=1 370w, https:\/\/i0.wp.com\/portifolioos-prontos.com\/wp-content\/uploads\/2023\/02\/whatsapp-business-projeto-de-extensao.jpeg?resize=100%2C100&amp;ssl=1 100w, https:\/\/i0.wp.com\/portifolioos-prontos.com\/wp-content\/uploads\/2023\/02\/whatsapp-business-projeto-de-extensao.jpeg?w=470&amp;ssl=1 470w\" alt=\"projeto de extens\u00e3o unopar\" width=\"144\" height=\"144\" data-lazy-loaded=\"1\" \/><\/h4>\n<\/div>\n<div class=\"elementor-toggle-item\">\n<div id=\"elementor-tab-content-1949\" class=\"elementor-tab-content elementor-clearfix elementor-active\" role=\"tabpanel\" data-tab=\"9\" aria-labelledby=\"elementor-tab-title-1949\">\n<p>E-mail:portifoliosp@gmail.com<\/p>\n<div id=\"attachment_143\" class=\"wp-caption alignnone\">\n<div id=\"attachment_143\" class=\"wp-caption alignnone\">\n<p id=\"caption-attachment-143\" class=\"wp-caption-text\"><a href=\"http:\/\/portfolio-pronto.com\/\">Portf\u00f3lio<\/a>\u00a0em Word, respondido, completo e j\u00e1 nas normas<\/p>\n<\/div>\n<\/div>\n<\/div>\n<\/div>\n<\/div>\n","protected":false},"excerpt":{"rendered":"<div class=\"product-short-description\">\n<div class=\"product-short-description\">\n<p><strong>Pague pelo PIX ou cart\u00e3o e fa\u00e7a o download agora mesmo.<\/strong><\/p>\n<\/div>\n<div class=\"sticky-add-to-cart-wrapper\">\n<div class=\"sticky-add-to-cart\">\n<p class=\"quantity buttons_added form-flat\"><img decoding=\"async\" class=\"lazyloaded smush-image-5 smush-image-3 smush-image-4 smush-detected-img smush-image-bigger-3\" src=\"https:\/\/d26lpennugtm8s.cloudfront.net\/assets\/common\/img\/logos\/payment\/visa@2x.png\" width=\"46\" height=\"29\" data-src=\"https:\/\/d26lpennugtm8s.cloudfront.net\/assets\/common\/img\/logos\/payment\/visa@2x.png\" \/><img decoding=\"async\" class=\"lazyloaded smush-image-6 smush-image-4 smush-image-5 smush-detected-img smush-image-bigger-4\" src=\"https:\/\/d26lpennugtm8s.cloudfront.net\/assets\/common\/img\/logos\/payment\/boleto@2x.png\" width=\"43\" height=\"27\" data-src=\"https:\/\/d26lpennugtm8s.cloudfront.net\/assets\/common\/img\/logos\/payment\/boleto@2x.png\" \/><img loading=\"lazy\" decoding=\"async\" class=\"lazyloaded smush-image-7 smush-image-5 smush-image-6 smush-detected-img smush-image-bigger-5\" src=\"https:\/\/d26lpennugtm8s.cloudfront.net\/assets\/common\/img\/logos\/payment\/mastercard@2x.png\" width=\"43\" height=\"27\" data-src=\"https:\/\/d26lpennugtm8s.cloudfront.net\/assets\/common\/img\/logos\/payment\/mastercard@2x.png\" \/><img loading=\"lazy\" decoding=\"async\" class=\"lazyloaded smush-image-8 smush-image-6 smush-image-7 smush-detected-img smush-image-bigger-6\" src=\"https:\/\/d26lpennugtm8s.cloudfront.net\/assets\/common\/img\/logos\/payment\/amex@2x.png\" width=\"43\" height=\"27\" data-src=\"https:\/\/d26lpennugtm8s.cloudfront.net\/assets\/common\/img\/logos\/payment\/amex@2x.png\" \/><img loading=\"lazy\" decoding=\"async\" class=\"lazyloaded smush-image-9 smush-image-7 smush-image-8 smush-detected-img smush-image-bigger-7\" src=\"https:\/\/d26lpennugtm8s.cloudfront.net\/assets\/common\/img\/logos\/payment\/diners@2x.png\" width=\"46\" height=\"29\" data-src=\"https:\/\/d26lpennugtm8s.cloudfront.net\/assets\/common\/img\/logos\/payment\/diners@2x.png\" \/><img loading=\"lazy\" decoding=\"async\" class=\"lazyloaded smush-image-10 smush-image-8 smush-image-9 alignnone smush-detected-img smush-image-bigger-8\" src=\"https:\/\/d26lpennugtm8s.cloudfront.net\/assets\/common\/img\/logos\/payment\/br\/elo@2x.png\" alt=\"portf\u00f3lio unopar anhanguera\" width=\"45\" height=\"28\" data-src=\"https:\/\/d26lpennugtm8s.cloudfront.net\/assets\/common\/img\/logos\/payment\/br\/elo@2x.png\" \/><img loading=\"lazy\" decoding=\"async\" class=\"lazyloaded smush-image-11 smush-image-9 smush-image-10 alignnone smush-detected-img smush-image-bigger-9\" src=\"https:\/\/d26lpennugtm8s.cloudfront.net\/assets\/common\/img\/logos\/payment\/br\/hipercard@2x.png\" alt=\"portf\u00f3lio unopar anhanguera\" width=\"44\" height=\"28\" data-src=\"https:\/\/d26lpennugtm8s.cloudfront.net\/assets\/common\/img\/logos\/payment\/br\/hipercard@2x.png\" \/><img loading=\"lazy\" decoding=\"async\" class=\"lazyloaded smush-image-12 smush-image-10 smush-image-11 alignnone smush-detected-img smush-image-bigger-10\" src=\"https:\/\/d26lpennugtm8s.cloudfront.net\/assets\/common\/img\/logos\/payment\/mercadopago@2x.png\" alt=\"portf\u00f3lio unopar anhanguera\" width=\"45\" height=\"28\" data-src=\"https:\/\/d26lpennugtm8s.cloudfront.net\/assets\/common\/img\/logos\/payment\/mercadopago@2x.png\" \/><img loading=\"lazy\" decoding=\"async\" class=\"alignnone lazyloaded smush-detected-img smush-image-bigger-11\" src=\"https:\/\/futurium.com.br\/wp-content\/uploads\/2021\/06\/logo-pix-icone-512.png\" alt=\"portfolio pronto\" width=\"30\" height=\"30\" data-src=\"https:\/\/futurium.com.br\/wp-content\/uploads\/2021\/06\/logo-pix-icone-512.png\" \/><\/p>\n<\/div>\n<\/div>\n<\/div>\n","protected":false},"featured_media":35656,"template":"","meta":{"_seopress_robots_primary_cat":"none","_seopress_titles_title":"","_seopress_titles_desc":"","_seopress_robots_index":""},"product_cat":[15],"product_tag":[],"class_list":{"0":"post-35653","1":"product","2":"type-product","3":"status-publish","4":"has-post-thumbnail","6":"product_cat-uncategorized","8":"first","9":"instock","10":"downloadable","11":"virtual","12":"purchasable","13":"product-type-simple","14":"col-xs-6 col-sm-4","15":"col-mf-5","16":"un-5-cols"},"jetpack_sharing_enabled":true,"_links":{"self":[{"href":"https:\/\/portifolioos-prontos.com\/index.php\/wp-json\/wp\/v2\/product\/35653","targetHints":{"allow":["GET"]}}],"collection":[{"href":"https:\/\/portifolioos-prontos.com\/index.php\/wp-json\/wp\/v2\/product"}],"about":[{"href":"https:\/\/portifolioos-prontos.com\/index.php\/wp-json\/wp\/v2\/types\/product"}],"version-history":[{"count":0,"href":"https:\/\/portifolioos-prontos.com\/index.php\/wp-json\/wp\/v2\/product\/35653\/revisions"}],"wp:featuredmedia":[{"embeddable":true,"href":"https:\/\/portifolioos-prontos.com\/index.php\/wp-json\/wp\/v2\/media\/35656"}],"wp:attachment":[{"href":"https:\/\/portifolioos-prontos.com\/index.php\/wp-json\/wp\/v2\/media?parent=35653"}],"wp:term":[{"taxonomy":"product_cat","embeddable":true,"href":"https:\/\/portifolioos-prontos.com\/index.php\/wp-json\/wp\/v2\/product_cat?post=35653"},{"taxonomy":"product_tag","embeddable":true,"href":"https:\/\/portifolioos-prontos.com\/index.php\/wp-json\/wp\/v2\/product_tag?post=35653"}],"curies":[{"name":"wp","href":"https:\/\/api.w.org\/{rel}","templated":true}]}}