{"id":35658,"date":"2025-03-13T10:09:38","date_gmt":"2025-03-13T13:09:38","guid":{"rendered":"https:\/\/portifolioos-prontos.com\/?post_type=product&#038;p=35658"},"modified":"2025-10-28T19:59:11","modified_gmt":"2025-10-28T22:59:11","slug":"aula-pratica-qualidade-e-automacao-de-testes","status":"publish","type":"product","link":"https:\/\/portifolioos-prontos.com\/index.php\/product\/aula-pratica-qualidade-e-automacao-de-testes\/","title":{"rendered":"Aula pr\u00e1tica Qualidade e Automa\u00e7\u00e3o de testes"},"content":{"rendered":"<h5>Portf\u00f3lio Aula pr\u00e1tica Qualidade e Automa\u00e7\u00e3o de testes<\/h5>\n<p class=\"Estilo1\">ROTEIRO DE AULA PR\u00c1TICA<\/p>\n<p class=\"Estilo1\">NOME DA DISCIPLINA: Qualidade e Automa\u00e7\u00e3o de Testes<\/p>\n<p class=\"Estilo1\">Tempo previsto de execu\u00e7\u00e3o de aula pr\u00e1tica: 5h<\/p>\n<p class=\"Estilo1\">OBJETIVOS<\/p>\n<p class=\"Estilo1\">Defini\u00e7\u00e3o dos objetivos da aula pr\u00e1tica: \u2013 Realizar teste de caixa branca para comparar valores e retornar o maior valor encontrado.<\/p>\n<p class=\"Estilo1\">SOLU\u00c7\u00c3O DIGITAL<\/p>\n<p class=\"Estilo1\">Utilizar um computador com acesso \u00e0 Internet. Necess\u00e1rio acessar o Replit Languages<\/p>\n<p class=\"Estilo1\">Python3, um website de edi\u00e7\u00e3o de c\u00f3digo para Python.<\/p>\n<p class=\"Estilo1\">LINK dispon\u00edvel em: https:\/\/replit.com\/languages\/python3 Acessado em 25 jun 2024.<\/p>\n<p class=\"Estilo1\">EQUIPAMENTO DE PROTE\u00c7\u00c3O INDIVIDUAL (EPI)<\/p>\n<p class=\"Estilo1\">NSA<\/p>\n<p class=\"Estilo1\">PROCEDIMENTOS PR\u00c1TICOS<\/p>\n<p class=\"Estilo1\">Procedimento\/Atividade n\u00ba 1<\/p>\n<p class=\"Estilo1\">Acessar https:\/\/replit.com\/languages\/python3 para escrita e valida\u00e7\u00e3o da codifica\u00e7\u00e3o dos<\/p>\n<p class=\"Estilo1\">testes.<\/p>\n<p class=\"Estilo1\">Atividade proposta: \u2013 Entender como funciona a escrita e valida\u00e7\u00e3o de testes, atrav\u00e9s do editor<\/p>\n<p class=\"Estilo1\">replit.com\/languages\/python3. \u2013 Criar um relat\u00f3rio no final da atividade.<\/p>\n<p class=\"Estilo1\">Procedimentos para a realiza\u00e7\u00e3o da atividade:<\/p>\n<p class=\"Estilo1\">Os testes de caixa branca, tamb\u00e9m conhecidos como testes estruturais ou de c\u00f3digo, visam<\/p>\n<p class=\"Estilo1\">avaliar o comportamento interno do sistema, testando a l\u00f3gica, fluxo de dados, caminhos de<\/p>\n<p class=\"Estilo1\">execu\u00e7\u00e3o, entre outros aspectos.<\/p>\n<p class=\"Estilo1\">Na pr\u00e1tica, os testes de caixa branca envolvem a an\u00e1lise do c\u00f3digo-fonte do software e a<\/p>\n<p class=\"Estilo1\">cria\u00e7\u00e3o de casos de teste que cubram todas as poss\u00edveis condi\u00e7\u00f5es de execu\u00e7\u00e3o do c\u00f3digo,<\/p>\n<p class=\"Estilo1\">2<\/p>\n<p class=\"Estilo1\">incluindo casos de sucesso e de falha. Algumas t\u00e9cnicas comuns de teste de caixa branca<\/p>\n<p class=\"Estilo1\">incluem:<\/p>\n<p class=\"Estilo1\">1.<\/p>\n<p class=\"Estilo1\">Cobertura de c\u00f3digo: essa t\u00e9cnica mede a quantidade de c\u00f3digo que foi<\/p>\n<p class=\"Estilo1\">executada durante os testes. O objetivo \u00e9 garantir que todas as instru\u00e7\u00f5es do c\u00f3digo<\/p>\n<p class=\"Estilo1\">sejam executadas pelo menos uma vez;<\/p>\n<p class=\"Estilo1\">2.<\/p>\n<p class=\"Estilo1\">An\u00e1lise de fluxo de dados: essa t\u00e9cnica verifica se os dados s\u00e3o processados<\/p>\n<p class=\"Estilo1\">corretamente dentro do sistema, identificando poss\u00edveis erros de l\u00f3gica;<\/p>\n<p class=\"Estilo1\">3.<\/p>\n<p class=\"Estilo1\">Teste de caminho cr\u00edtico: essa t\u00e9cnica visa identificar os caminhos mais<\/p>\n<p class=\"Estilo1\">importantes do c\u00f3digo e test\u00e1-los minuciosamente para garantir que o software esteja<\/p>\n<p class=\"Estilo1\">funcionando corretamente.<\/p>\n<p class=\"Estilo1\">4.<\/p>\n<p class=\"Estilo1\">Teste de valores limite: essa t\u00e9cnica avalia o comportamento do software quando<\/p>\n<p class=\"Estilo1\">os valores de entrada s\u00e3o m\u00e1ximos, m\u00ednimos ou pr\u00f3ximos aos limites especificados.<\/p>\n<p class=\"Estilo1\">Os testes de caixa branca s\u00e3o importantes para garantir a qualidade do software, identificando<\/p>\n<p class=\"Estilo1\">poss\u00edveis falhas de l\u00f3gica e comportamento. Esses testes s\u00e3o realizados por desenvolvedores<\/p>\n<p class=\"Estilo1\">ou profissionais de teste especializados em an\u00e1lise de c\u00f3digo e podem ser automatizados para<\/p>\n<p class=\"Estilo1\">facilitar o processo de teste.<\/p>\n<p class=\"Estilo1\">Voc\u00ea dever\u00e1:<\/p>\n<p class=\"Estilo1\">Acessar o website https:\/\/replit.com\/languages\/python3. O replit \u00e9 um website de edi\u00e7\u00e3o de<\/p>\n<p class=\"Estilo1\">c\u00f3digo para Python que permite a digita\u00e7\u00e3o e a valida\u00e7\u00e3o de c\u00f3digos.<\/p>\n<p class=\"Estilo1\">OBS: N\u00e3o ser\u00e1 necess\u00e1rio realizar o login.<\/p>\n<p class=\"Estilo1\">A fun\u00e7\u00e3o m\u00e1xima \u00e9 bastante \u00fatil em diversas situa\u00e7\u00f5es em que precisamos determinar qual \u00e9 o<\/p>\n<p class=\"Estilo1\">maior valor entre dois valores ou em uma lista de valores.<\/p>\n<p class=\"Estilo1\">Vamos supor que temos uma fun\u00e7\u00e3o em Python que recebe dois n\u00fameros inteiros como<\/p>\n<p class=\"Estilo1\">entrada e retorna o maior entre eles, abaixo a fun\u00e7\u00e3o m\u00e1xima que realiza a compara\u00e7\u00e3o de<\/p>\n<p class=\"Estilo1\">valores:<\/p>\n<p class=\"Estilo1\">Para realizar o teste de caixa branca da fun\u00e7\u00e3o acima, podemos utilizar a t\u00e9cnica de cobertura<\/p>\n<p class=\"Estilo1\">de c\u00f3digo e criar casos de teste que cubram todas as instru\u00e7\u00f5es presentes na fun\u00e7\u00e3o.<\/p>\n<p class=\"Estilo1\">Sendo assim, crie uma sequ\u00eancia de testes que valide as seguintes quest\u00f5es:<\/p>\n<p class=\"Estilo1\">def maximo(a, b):<\/p>\n<p class=\"Estilo1\">if a &gt; b:<\/p>\n<p class=\"Estilo1\">return print(\u201cO numero {} \u00e9 o maior\u201d.format(a))<\/p>\n<p class=\"Estilo1\">else:<\/p>\n<p class=\"Estilo1\">return print(\u201cO numero {} \u00e9 o maior\u201d.format(b))<\/p>\n<p class=\"Estilo1\">maximo(10,20)<\/p>\n<p class=\"Estilo1\">OBS: lembre-se que em Python \u00e9 validado espa\u00e7os em brancos e a identa\u00e7\u00e3o do c\u00f3digo.<\/p>\n<p class=\"Estilo1\">3<\/p>\n<p class=\"Estilo1\">1.<\/p>\n<p class=\"Estilo1\">Para o primeiro caso de teste: verificar se a fun\u00e7\u00e3o retorna corretamente o maior<\/p>\n<p class=\"Estilo1\">n\u00famero quando o primeiro n\u00famero \u00e9 menor que o segundo;<\/p>\n<p class=\"Estilo1\">2.<\/p>\n<p class=\"Estilo1\">O segundo caso de teste: verificar se a fun\u00e7\u00e3o retorna corretamente o maior<\/p>\n<p class=\"Estilo1\">n\u00famero quando o segundo n\u00famero \u00e9 menor que o primeiro;<\/p>\n<p class=\"Estilo1\">3.<\/p>\n<p class=\"Estilo1\">O terceiro caso de teste: verificar se a fun\u00e7\u00e3o retorna corretamente um dos<\/p>\n<p class=\"Estilo1\">n\u00fameros quando ambos s\u00e3o iguais.<\/p>\n<p class=\"Estilo1\">Descreva a lista dos valores utilizados para responder as quest\u00f5es 1, 2 e 3 acima.<\/p>\n<p class=\"Estilo1\">Checklist: \u2013 Acessar o site: https:\/\/replit.com\/languages\/python3 \u2013 Executar a fun\u00e7\u00e3o maximo() para a compara\u00e7\u00e3o de valores descrita no bloco de<\/p>\n<p class=\"Estilo1\">\u201cProcedimentos para a realiza\u00e7\u00e3o da atividade\u201d no quadro do lado esquerdo do website; \u2013 Ap\u00f3s digitar a fun\u00e7\u00e3o clique no bot\u00e3o Run; \u2013 Validar a fun\u00e7\u00e3o.<\/p>\n<p class=\"Estilo1\">RESULTADOS<\/p>\n<p class=\"Estilo1\">Resultados de Aprendizagem:<\/p>\n<p class=\"Estilo1\">Espera-se que o estudante seja capaz de entender os conceitos fundamentais de execu\u00e7\u00e3o de<\/p>\n<p class=\"Estilo1\">um programa de computador em Python, reconhecer a l\u00f3gica dos comandos (compara\u00e7\u00e3o de<\/p>\n<p class=\"Estilo1\">valores) e os resultados apresentados, conforme os valores utilizados.<\/p>\n<p class=\"Estilo1\">ESTUDANTE, VOC\u00ca DEVER\u00c1 ENTREGAR<\/p>\n<p class=\"Estilo1\">Descri\u00e7\u00e3o orientativa sobre a entregada da comprova\u00e7\u00e3o da aula pr\u00e1tica:<\/p>\n<p class=\"Estilo1\">Dever\u00e1 entregar um relat\u00f3rio (documento eletr\u00f4nico) com o resultado obtido atrav\u00e9s do<\/p>\n<p class=\"Estilo1\">experimento realizado.<\/p>\n<div class=\"elementor-toggle-item\">\n<div class=\"elementor-toggle-item\">\n<p id=\"elementor-tab-title-1941\" class=\"elementor-tab-title elementor-active\" tabindex=\"0\" role=\"tab\" data-tab=\"1\" aria-controls=\"elementor-tab-content-1941\" aria-expanded=\"true\" aria-selected=\"true\"><strong>Como funciona?<\/strong><\/p>\n<p>Elaboramos os portf\u00f3lios, j\u00e1 deixamos prontos, nas normas da ABNT e conforme os requisitos da universidade. F\u00e1cil assim! O MELHOR \u00c9 QUE VOC\u00ca COMPRA E J\u00c1 BAIXA NA HORA O SEU ARQUIVO EM WORD! Sabemos que conciliar trabalho, fam\u00edlia, vida profissional e estudos \u00e9 dif\u00edcil hoje em dia, por isso, estamos aqui para ajudar voc\u00ea. Conte com nossa qualidade, experi\u00eancia e profissionalismo adquirindo seu portf\u00f3lio conosco. GARANTIMOS SEU CONCEITO!<\/p>\n<p><strong>Como se realizam os envios?<\/strong><\/p>\n<\/div>\n<p id=\"elementor-tab-content-1942\" class=\"elementor-tab-content elementor-clearfix elementor-active\" role=\"tabpanel\" data-tab=\"2\" aria-labelledby=\"elementor-tab-title-1942\">O seu trabalho \u00e9 disponibilizado pronto, respondido e nas normas j\u00e1 na mesma hora aqui em nosso site na sua \u00e1rea de downloads e tamb\u00e9m no seu e-mail.<\/p>\n<p><strong>Em quanto tempo recebo o portf\u00f3lio?<\/strong><\/p>\n<p>Os envios s\u00e3o imediatos. Ap\u00f3s sua compra, o trabalho j\u00e1 \u00e9 disponibilizado instantaneamente aqui em nosso site e no seu e-mail.<\/p>\n<p><strong>E se o portf\u00f3lio que comprei precisar de corre\u00e7\u00e3o?<\/strong><\/p>\n<p>Caso haja alguma solicita\u00e7\u00e3o de corre\u00e7\u00e3o\/altera\u00e7\u00e3o por parte do tutor, basta entrar em contato conosco pelo\u00a0WhatsApp\u00a0que provid\u00eanciaremos sem custo algum.<\/p>\n<p><strong>Qual o formato do arquivo?<\/strong><\/p>\n<p>Os arquivos s\u00e3o enviados em formato Word e s\u00e3o edit\u00e1veis.<\/p>\n<p><strong>Caso eu tiver alguma d\u00favida, terei suporte no p\u00f3s venda?<\/strong><\/p>\n<p>Sim, com certeza. Basta clicar no \u00edcone do WhatsApp no cantinho da tela. Ser\u00e1 um prazer atend\u00ea-lo(a).<\/p>\n<div id=\"elementor-tab-content-1948\" class=\"elementor-tab-content elementor-clearfix elementor-active\" role=\"tabpanel\" data-tab=\"8\" aria-labelledby=\"elementor-tab-title-1948\">\n<p><strong>Quais os seus canais de contato?<\/strong><\/p>\n<\/div>\n<div id=\"elementor-tab-content-1949\" class=\"elementor-tab-content elementor-clearfix elementor-active\" role=\"tabpanel\" data-tab=\"9\" aria-labelledby=\"elementor-tab-title-1949\">\n<p>Whatsapp: 53 984751621 \u2013 Clicar no canto da tela ou ESCANEIE O QRCODE ABAIXO<\/p>\n<h4><img decoding=\"async\" class=\"alignnone wp-image-13699 jetpack-lazy-image jetpack-lazy-image--handled\" src=\"https:\/\/i0.wp.com\/portifolioos-prontos.com\/wp-content\/uploads\/2023\/02\/whatsapp-business-projeto-de-extensao-300x300.jpeg?resize=144%2C144\" sizes=\"(max-width: 144px) 100vw, 144px\" srcset=\"https:\/\/i0.wp.com\/portifolioos-prontos.com\/wp-content\/uploads\/2023\/02\/whatsapp-business-projeto-de-extensao.jpeg?resize=300%2C301&amp;ssl=1 300w, https:\/\/i0.wp.com\/portifolioos-prontos.com\/wp-content\/uploads\/2023\/02\/whatsapp-business-projeto-de-extensao.jpeg?resize=150%2C150&amp;ssl=1 150w, https:\/\/i0.wp.com\/portifolioos-prontos.com\/wp-content\/uploads\/2023\/02\/whatsapp-business-projeto-de-extensao.jpeg?resize=370%2C372&amp;ssl=1 370w, https:\/\/i0.wp.com\/portifolioos-prontos.com\/wp-content\/uploads\/2023\/02\/whatsapp-business-projeto-de-extensao.jpeg?resize=100%2C100&amp;ssl=1 100w, https:\/\/i0.wp.com\/portifolioos-prontos.com\/wp-content\/uploads\/2023\/02\/whatsapp-business-projeto-de-extensao.jpeg?w=470&amp;ssl=1 470w\" alt=\"projeto de extens\u00e3o unopar\" width=\"144\" height=\"144\" data-lazy-loaded=\"1\" \/><\/h4>\n<\/div>\n<div class=\"elementor-toggle-item\">\n<div id=\"elementor-tab-content-1949\" class=\"elementor-tab-content elementor-clearfix elementor-active\" role=\"tabpanel\" data-tab=\"9\" aria-labelledby=\"elementor-tab-title-1949\">\n<p>E-mail:portifoliosp@gmail.com<\/p>\n<div id=\"attachment_143\" class=\"wp-caption alignnone\">\n<div id=\"attachment_143\" class=\"wp-caption alignnone\">\n<p id=\"caption-attachment-143\" class=\"wp-caption-text\"><a href=\"http:\/\/portfolio-pronto.com\/\">Portf\u00f3lio<\/a>\u00a0em Word, respondido, completo e j\u00e1 nas normas<\/p>\n<\/div>\n<\/div>\n<\/div>\n<\/div>\n<\/div>\n","protected":false},"excerpt":{"rendered":"<div class=\"product-short-description\">\n<div class=\"product-short-description\">\n<p><strong>Pague pelo PIX ou cart\u00e3o e fa\u00e7a o download agora mesmo.<\/strong><\/p>\n<\/div>\n<div class=\"sticky-add-to-cart-wrapper\">\n<div class=\"sticky-add-to-cart\">\n<p class=\"quantity buttons_added form-flat\"><img decoding=\"async\" class=\"lazyloaded smush-image-5 smush-image-3 smush-image-4 smush-detected-img smush-image-bigger-3\" src=\"https:\/\/d26lpennugtm8s.cloudfront.net\/assets\/common\/img\/logos\/payment\/visa@2x.png\" width=\"46\" height=\"29\" data-src=\"https:\/\/d26lpennugtm8s.cloudfront.net\/assets\/common\/img\/logos\/payment\/visa@2x.png\" \/><img decoding=\"async\" class=\"lazyloaded smush-image-6 smush-image-4 smush-image-5 smush-detected-img smush-image-bigger-4\" src=\"https:\/\/d26lpennugtm8s.cloudfront.net\/assets\/common\/img\/logos\/payment\/boleto@2x.png\" width=\"43\" height=\"27\" data-src=\"https:\/\/d26lpennugtm8s.cloudfront.net\/assets\/common\/img\/logos\/payment\/boleto@2x.png\" \/><img loading=\"lazy\" decoding=\"async\" class=\"lazyloaded smush-image-7 smush-image-5 smush-image-6 smush-detected-img smush-image-bigger-5\" src=\"https:\/\/d26lpennugtm8s.cloudfront.net\/assets\/common\/img\/logos\/payment\/mastercard@2x.png\" width=\"43\" height=\"27\" data-src=\"https:\/\/d26lpennugtm8s.cloudfront.net\/assets\/common\/img\/logos\/payment\/mastercard@2x.png\" \/><img loading=\"lazy\" decoding=\"async\" class=\"lazyloaded smush-image-8 smush-image-6 smush-image-7 smush-detected-img smush-image-bigger-6\" src=\"https:\/\/d26lpennugtm8s.cloudfront.net\/assets\/common\/img\/logos\/payment\/amex@2x.png\" width=\"43\" height=\"27\" data-src=\"https:\/\/d26lpennugtm8s.cloudfront.net\/assets\/common\/img\/logos\/payment\/amex@2x.png\" \/><img loading=\"lazy\" decoding=\"async\" class=\"lazyloaded smush-image-9 smush-image-7 smush-image-8 smush-detected-img smush-image-bigger-7\" src=\"https:\/\/d26lpennugtm8s.cloudfront.net\/assets\/common\/img\/logos\/payment\/diners@2x.png\" width=\"46\" height=\"29\" data-src=\"https:\/\/d26lpennugtm8s.cloudfront.net\/assets\/common\/img\/logos\/payment\/diners@2x.png\" \/><img loading=\"lazy\" decoding=\"async\" class=\"lazyloaded smush-image-10 smush-image-8 smush-image-9 alignnone smush-detected-img smush-image-bigger-8\" src=\"https:\/\/d26lpennugtm8s.cloudfront.net\/assets\/common\/img\/logos\/payment\/br\/elo@2x.png\" alt=\"portf\u00f3lio unopar anhanguera\" width=\"45\" height=\"28\" data-src=\"https:\/\/d26lpennugtm8s.cloudfront.net\/assets\/common\/img\/logos\/payment\/br\/elo@2x.png\" \/><img loading=\"lazy\" decoding=\"async\" class=\"lazyloaded smush-image-11 smush-image-9 smush-image-10 alignnone smush-detected-img smush-image-bigger-9\" src=\"https:\/\/d26lpennugtm8s.cloudfront.net\/assets\/common\/img\/logos\/payment\/br\/hipercard@2x.png\" alt=\"portf\u00f3lio unopar anhanguera\" width=\"44\" height=\"28\" data-src=\"https:\/\/d26lpennugtm8s.cloudfront.net\/assets\/common\/img\/logos\/payment\/br\/hipercard@2x.png\" \/><img loading=\"lazy\" decoding=\"async\" class=\"lazyloaded smush-image-12 smush-image-10 smush-image-11 alignnone smush-detected-img smush-image-bigger-10\" src=\"https:\/\/d26lpennugtm8s.cloudfront.net\/assets\/common\/img\/logos\/payment\/mercadopago@2x.png\" alt=\"portf\u00f3lio unopar anhanguera\" width=\"45\" height=\"28\" data-src=\"https:\/\/d26lpennugtm8s.cloudfront.net\/assets\/common\/img\/logos\/payment\/mercadopago@2x.png\" \/><img loading=\"lazy\" decoding=\"async\" class=\"alignnone lazyloaded smush-detected-img smush-image-bigger-11\" src=\"https:\/\/futurium.com.br\/wp-content\/uploads\/2021\/06\/logo-pix-icone-512.png\" alt=\"portfolio pronto\" width=\"30\" height=\"30\" data-src=\"https:\/\/futurium.com.br\/wp-content\/uploads\/2021\/06\/logo-pix-icone-512.png\" \/><\/p>\n<\/div>\n<\/div>\n<\/div>\n","protected":false},"featured_media":35661,"template":"","meta":{"_seopress_robots_primary_cat":"none","_seopress_titles_title":"%%post_title%% %%sitetitle%%","_seopress_titles_desc":"%%post_content%%","_seopress_robots_index":""},"product_cat":[15],"product_tag":[],"class_list":{"0":"post-35658","1":"product","2":"type-product","3":"status-publish","4":"has-post-thumbnail","6":"product_cat-uncategorized","8":"first","9":"instock","10":"downloadable","11":"virtual","12":"purchasable","13":"product-type-simple","14":"col-xs-6 col-sm-4","15":"col-mf-5","16":"un-5-cols"},"jetpack_sharing_enabled":true,"_links":{"self":[{"href":"https:\/\/portifolioos-prontos.com\/index.php\/wp-json\/wp\/v2\/product\/35658","targetHints":{"allow":["GET"]}}],"collection":[{"href":"https:\/\/portifolioos-prontos.com\/index.php\/wp-json\/wp\/v2\/product"}],"about":[{"href":"https:\/\/portifolioos-prontos.com\/index.php\/wp-json\/wp\/v2\/types\/product"}],"version-history":[{"count":2,"href":"https:\/\/portifolioos-prontos.com\/index.php\/wp-json\/wp\/v2\/product\/35658\/revisions"}],"predecessor-version":[{"id":47294,"href":"https:\/\/portifolioos-prontos.com\/index.php\/wp-json\/wp\/v2\/product\/35658\/revisions\/47294"}],"wp:featuredmedia":[{"embeddable":true,"href":"https:\/\/portifolioos-prontos.com\/index.php\/wp-json\/wp\/v2\/media\/35661"}],"wp:attachment":[{"href":"https:\/\/portifolioos-prontos.com\/index.php\/wp-json\/wp\/v2\/media?parent=35658"}],"wp:term":[{"taxonomy":"product_cat","embeddable":true,"href":"https:\/\/portifolioos-prontos.com\/index.php\/wp-json\/wp\/v2\/product_cat?post=35658"},{"taxonomy":"product_tag","embeddable":true,"href":"https:\/\/portifolioos-prontos.com\/index.php\/wp-json\/wp\/v2\/product_tag?post=35658"}],"curies":[{"name":"wp","href":"https:\/\/api.w.org\/{rel}","templated":true}]}}