{"id":35663,"date":"2025-03-13T10:14:41","date_gmt":"2025-03-13T13:14:41","guid":{"rendered":"https:\/\/portifolioos-prontos.com\/?post_type=product&#038;p=35663"},"modified":"2025-08-03T18:27:48","modified_gmt":"2025-08-03T21:27:48","slug":"aula-pratica-metodos-numericos-aplicados","status":"publish","type":"product","link":"https:\/\/portifolioos-prontos.com\/index.php\/product\/aula-pratica-metodos-numericos-aplicados\/","title":{"rendered":"Aula pr\u00e1tica M\u00e9todos Num\u00e9ricos Aplicados"},"content":{"rendered":"<h5>Portf\u00f3lio Aula pr\u00e1tica M\u00e9todos Num\u00e9ricos Aplicados<\/h5>\n<p class=\"Estilo1\">ROTEIRO DE AULA PR\u00c1TICA<\/p>\n<p class=\"Estilo1\">NOME DA DISCIPLINA: M\u00c9TODOS NUM\u00c9RICOS APLICADOS<\/p>\n<p class=\"Estilo1\">Unidade: 1 \u2013 Erros e zeros de fun\u00e7\u00f5es<\/p>\n<p class=\"Estilo1\">Aula: 3 \u2013 Outros m\u00e9todos iterativos para determina\u00e7\u00e3o de zeros de fun\u00e7\u00f5es<\/p>\n<p class=\"Estilo1\">\u00a0OBJETIVOS<\/p>\n<p class=\"Estilo1\">O objetivo desta atividade \u00e9 desenvolver um algoritmo para determinar zeros de fun\u00e7\u00f5es utilizando<\/p>\n<p class=\"Estilo1\">o m\u00e9todo Newton-Raphson.<\/p>\n<p class=\"Estilo1\">SOLU\u00c7\u00c3O DIGITAL<\/p>\n<p class=\"Estilo1\">Scilab, vers\u00e3o 6.0.0.<\/p>\n<p class=\"Estilo1\">LINK SOLU\u00c7\u00c3O DIGITAL (EXCETO ALGETEC): https:\/\/www.scilab.org\/news\/scilab-600<\/p>\n<p class=\"Estilo1\">release<\/p>\n<p class=\"Estilo1\">O Scilab \u00e9 um software livre e de c\u00f3digo aberto amplamente utilizado nas comunidades cient\u00edficas<\/p>\n<p class=\"Estilo1\">e de engenharia para a realiza\u00e7\u00e3o de c\u00e1lculos num\u00e9ricos, simula\u00e7\u00f5es e an\u00e1lises de dados. Ele<\/p>\n<p class=\"Estilo1\">oferece uma ampla gama de funcionalidades que incluem ferramentas para \u00e1lgebra linear,<\/p>\n<p class=\"Estilo1\">estat\u00edstica, controle autom\u00e1tico, otimiza\u00e7\u00e3o e processamento de sinais, entre outras.<\/p>\n<p class=\"Estilo1\">PROCEDIMENTO\/ATIVIDADE<\/p>\n<p class=\"Estilo1\">ATIVIDADE PROPOSTA:<\/p>\n<p class=\"Estilo1\">Construir uma algoritmo para determinar o zero da fun\u00e7\u00e3o ln(+1)\u22c510\u22126+42\u22c510\u22126\u2212<\/p>\n<p class=\"Estilo1\">\u22c510\u22125\u22120,6=0 considerando uma estimativa inicial: =200 e toler\u00e2ncia: =10\u22123<\/p>\n<p class=\"Estilo1\">PROCEDIMENTOS PARA A REALIZA\u00c7\u00c3O DA ATIVIDADE:<\/p>\n<p class=\"Estilo1\">Passo 1: Inicializar a itera\u00e7\u00e3o (k = 1);<\/p>\n<p class=\"Estilo1\">Passo 2: Estipular um n\u00famero m\u00e1ximo de itera\u00e7\u00f5es (importante para os casos em que n\u00e3o h\u00e1<\/p>\n<p class=\"Estilo1\">converg\u00eancia do m\u00e9todo por crit\u00e9rios adotados em fun\u00e7\u00e3o de uma toler\u00e2ncia para f(x) ou erros<\/p>\n<p class=\"Estilo1\">absoluto ou relativo sobre a vari\u00e1vel independente).<\/p>\n<p class=\"Estilo1\">Passo 3: Especificar toler\u00e2ncia desejada;<\/p>\n<p class=\"Estilo1\">Passo 4: Introduzir a fun\u00e7\u00e3o para determinar o zero: fun\u00e7\u00e3o ln(+1)\u22c510\u22126+42\u22c510\u22126\u2212\u22c5<\/p>\n<p class=\"Estilo1\">10\u22125=0,6.<\/p>\n<p class=\"Estilo1\">3<\/p>\n<p class=\"Estilo1\">P\u00fablico<\/p>\n<p class=\"Estilo1\">Passo 5: Introduzir uma estimativa inicial (lembrar os alunos que a fun\u00e7\u00e3o necessita ser cont\u00ednua<\/p>\n<p class=\"Estilo1\">no \u201cchute\u201d escolhido, sugerir x0 = \u22121);<\/p>\n<p class=\"Estilo1\">Passo 6: Aplicar a fun\u00e7\u00e3o de itera\u00e7\u00e3o do m\u00e9todo de Newton Raphson (1=0\u2212(0)<\/p>\n<p class=\"Estilo1\">\u2032(0)<\/p>\n<p class=\"Estilo1\">).<\/p>\n<p class=\"Estilo1\">Passo 7: Verificar se | (1)| &lt; toler\u00e2ncia ou se |1\u22120|&lt; toler\u00e2ncia: encontrou-se o zero<\/p>\n<p class=\"Estilo1\">desejado e finaliza o programa.<\/p>\n<p class=\"Estilo1\">Passo 8: Caso n\u00e3o, atribuir 0=1<\/p>\n<p class=\"Estilo1\">Passo 9: Avan\u00e7ar em um o passo de itera\u00e7\u00e3o: =+1<\/p>\n<p class=\"Estilo1\">Passo 10: Retornar ao passo 6.<\/p>\n<p class=\"Estilo1\">CHECKLIST:<\/p>\n<p class=\"Estilo1\">Ao implementar o c\u00f3digo computacional, dever\u00e3o ser observados alguns itens:<\/p>\n<p class=\"Estilo1\">\u2022 Verificar quais os valores foram adotados para o crit\u00e9rio de converg\u00eancia;<\/p>\n<p class=\"Estilo1\">\u2022 Fazer a checagem dos passos do algoritmo se est\u00e3o funcionando sem apresentar erro de<\/p>\n<p class=\"Estilo1\">execu\u00e7\u00e3o do c\u00f3digo computacional;<\/p>\n<p class=\"Estilo1\">\u2022 Registrar os valores encontrados para cada itera\u00e7\u00e3o at\u00e9 a finaliza\u00e7\u00e3o do programa.<\/p>\n<p class=\"Estilo1\">RESULTADOS<\/p>\n<p class=\"Estilo1\">O trabalho dever\u00e1 ser entregue em arquivo Word atendendo as etapas de produ\u00e7\u00e3o e utilizando os<\/p>\n<p class=\"Estilo1\">recursos solicitados no roteiro.<\/p>\n<p class=\"Estilo1\">\u2022 O arquivo dever\u00e1 conter:<\/p>\n<p class=\"Estilo1\">\u2022 Capa;<\/p>\n<p class=\"Estilo1\">\u2022 Folha de rosto com os dados da disciplina e do aluno;<\/p>\n<p class=\"Estilo1\">\u2022 Os resultados da atividade pr\u00e1tica exigida pelo roteiro (prints de tela do c\u00f3digo do programa<\/p>\n<p class=\"Estilo1\">e os resultados para cada itera\u00e7\u00e3o at\u00e9 a finaliza\u00e7\u00e3o do programa).<\/p>\n<p class=\"Estilo1\">\u2022 Refer\u00eancias bibliogr\u00e1ficas (quando houver).<\/p>\n<p class=\"Estilo1\">RESULTADOS DE APRENDIZAGEM:<\/p>\n<p class=\"Estilo1\">Entender os procedimentos necess\u00e1rios para a aplica\u00e7\u00e3o do m\u00e9todo de Newton-Raphson para<\/p>\n<p class=\"Estilo1\">encontrar ra\u00edzes de uma fun\u00e7\u00e3o.<\/p>\n<div class=\"elementor-toggle-item\">\n<div class=\"elementor-toggle-item\">\n<p id=\"elementor-tab-title-1941\" class=\"elementor-tab-title elementor-active\" tabindex=\"0\" role=\"tab\" data-tab=\"1\" aria-controls=\"elementor-tab-content-1941\" aria-expanded=\"true\" aria-selected=\"true\"><strong>Como funciona?<\/strong><\/p>\n<p>Elaboramos os portf\u00f3lios, j\u00e1 deixamos prontos, nas normas da ABNT e conforme os requisitos da universidade. F\u00e1cil assim! O MELHOR \u00c9 QUE VOC\u00ca COMPRA E J\u00c1 BAIXA NA HORA O SEU ARQUIVO EM WORD! Sabemos que conciliar trabalho, fam\u00edlia, vida profissional e estudos \u00e9 dif\u00edcil hoje em dia, por isso, estamos aqui para ajudar voc\u00ea. Conte com nossa qualidade, experi\u00eancia e profissionalismo adquirindo seu portf\u00f3lio conosco. GARANTIMOS SEU CONCEITO!<\/p>\n<p><strong>Como se realizam os envios?<\/strong><\/p>\n<\/div>\n<p id=\"elementor-tab-content-1942\" class=\"elementor-tab-content elementor-clearfix elementor-active\" role=\"tabpanel\" data-tab=\"2\" aria-labelledby=\"elementor-tab-title-1942\">O seu trabalho \u00e9 disponibilizado pronto, respondido e nas normas j\u00e1 na mesma hora aqui em nosso site na sua \u00e1rea de downloads e tamb\u00e9m no seu e-mail.<\/p>\n<p><strong>Em quanto tempo recebo o portf\u00f3lio?<\/strong><\/p>\n<p>Os envios s\u00e3o imediatos. Ap\u00f3s sua compra, o trabalho j\u00e1 \u00e9 disponibilizado instantaneamente aqui em nosso site e no seu e-mail.<\/p>\n<p><strong>E se o portf\u00f3lio que comprei precisar de corre\u00e7\u00e3o?<\/strong><\/p>\n<p>Caso haja alguma solicita\u00e7\u00e3o de corre\u00e7\u00e3o\/altera\u00e7\u00e3o por parte do tutor, basta entrar em contato conosco pelo\u00a0WhatsApp\u00a0que provid\u00eanciaremos sem custo algum.<\/p>\n<p><strong>Qual o formato do arquivo?<\/strong><\/p>\n<p>Os arquivos s\u00e3o enviados em formato Word e s\u00e3o edit\u00e1veis.<\/p>\n<p><strong>Caso eu tiver alguma d\u00favida, terei suporte no p\u00f3s venda?<\/strong><\/p>\n<p>Sim, com certeza. Basta clicar no \u00edcone do WhatsApp no cantinho da tela. Ser\u00e1 um prazer atend\u00ea-lo(a).<\/p>\n<div id=\"elementor-tab-content-1948\" class=\"elementor-tab-content elementor-clearfix elementor-active\" role=\"tabpanel\" data-tab=\"8\" aria-labelledby=\"elementor-tab-title-1948\">\n<p><strong>Quais os seus canais de contato?<\/strong><\/p>\n<\/div>\n<div id=\"elementor-tab-content-1949\" class=\"elementor-tab-content elementor-clearfix elementor-active\" role=\"tabpanel\" data-tab=\"9\" aria-labelledby=\"elementor-tab-title-1949\">\n<p>Whatsapp: 53 984751621 \u2013 Clicar no canto da tela ou ESCANEIE O QRCODE ABAIXO<\/p>\n<h4><img decoding=\"async\" class=\"alignnone wp-image-13699 jetpack-lazy-image jetpack-lazy-image--handled\" src=\"https:\/\/i0.wp.com\/portifolioos-prontos.com\/wp-content\/uploads\/2023\/02\/whatsapp-business-projeto-de-extensao-300x300.jpeg?resize=144%2C144\" sizes=\"(max-width: 144px) 100vw, 144px\" srcset=\"https:\/\/i0.wp.com\/portifolioos-prontos.com\/wp-content\/uploads\/2023\/02\/whatsapp-business-projeto-de-extensao.jpeg?resize=300%2C301&amp;ssl=1 300w, https:\/\/i0.wp.com\/portifolioos-prontos.com\/wp-content\/uploads\/2023\/02\/whatsapp-business-projeto-de-extensao.jpeg?resize=150%2C150&amp;ssl=1 150w, https:\/\/i0.wp.com\/portifolioos-prontos.com\/wp-content\/uploads\/2023\/02\/whatsapp-business-projeto-de-extensao.jpeg?resize=370%2C372&amp;ssl=1 370w, https:\/\/i0.wp.com\/portifolioos-prontos.com\/wp-content\/uploads\/2023\/02\/whatsapp-business-projeto-de-extensao.jpeg?resize=100%2C100&amp;ssl=1 100w, https:\/\/i0.wp.com\/portifolioos-prontos.com\/wp-content\/uploads\/2023\/02\/whatsapp-business-projeto-de-extensao.jpeg?w=470&amp;ssl=1 470w\" alt=\"projeto de extens\u00e3o unopar\" width=\"144\" height=\"144\" data-lazy-loaded=\"1\" \/><\/h4>\n<\/div>\n<div class=\"elementor-toggle-item\">\n<div id=\"elementor-tab-content-1949\" class=\"elementor-tab-content elementor-clearfix elementor-active\" role=\"tabpanel\" data-tab=\"9\" aria-labelledby=\"elementor-tab-title-1949\">\n<p>E-mail:portifoliosp@gmail.com<\/p>\n<div id=\"attachment_143\" class=\"wp-caption alignnone\">\n<div id=\"attachment_143\" class=\"wp-caption alignnone\">\n<p id=\"caption-attachment-143\" class=\"wp-caption-text\"><a href=\"http:\/\/portfolio-pronto.com\/\">Portf\u00f3lio<\/a>\u00a0em Word, respondido, completo e j\u00e1 nas normas<\/p>\n<\/div>\n<\/div>\n<\/div>\n<\/div>\n<\/div>\n","protected":false},"excerpt":{"rendered":"<div class=\"product-short-description\">\n<div class=\"product-short-description\">\n<p><strong>Pague pelo PIX ou cart\u00e3o e fa\u00e7a o download agora mesmo.<\/strong><\/p>\n<\/div>\n<div class=\"sticky-add-to-cart-wrapper\">\n<div class=\"sticky-add-to-cart\">\n<p class=\"quantity buttons_added form-flat\"><img decoding=\"async\" class=\"lazyloaded smush-image-5 smush-image-3 smush-image-4 smush-detected-img smush-image-bigger-3\" src=\"https:\/\/d26lpennugtm8s.cloudfront.net\/assets\/common\/img\/logos\/payment\/visa@2x.png\" width=\"46\" height=\"29\" data-src=\"https:\/\/d26lpennugtm8s.cloudfront.net\/assets\/common\/img\/logos\/payment\/visa@2x.png\" \/><img decoding=\"async\" class=\"lazyloaded smush-image-6 smush-image-4 smush-image-5 smush-detected-img smush-image-bigger-4\" src=\"https:\/\/d26lpennugtm8s.cloudfront.net\/assets\/common\/img\/logos\/payment\/boleto@2x.png\" width=\"43\" height=\"27\" data-src=\"https:\/\/d26lpennugtm8s.cloudfront.net\/assets\/common\/img\/logos\/payment\/boleto@2x.png\" \/><img loading=\"lazy\" decoding=\"async\" class=\"lazyloaded smush-image-7 smush-image-5 smush-image-6 smush-detected-img smush-image-bigger-5\" src=\"https:\/\/d26lpennugtm8s.cloudfront.net\/assets\/common\/img\/logos\/payment\/mastercard@2x.png\" width=\"43\" height=\"27\" data-src=\"https:\/\/d26lpennugtm8s.cloudfront.net\/assets\/common\/img\/logos\/payment\/mastercard@2x.png\" \/><img loading=\"lazy\" decoding=\"async\" class=\"lazyloaded smush-image-8 smush-image-6 smush-image-7 smush-detected-img smush-image-bigger-6\" src=\"https:\/\/d26lpennugtm8s.cloudfront.net\/assets\/common\/img\/logos\/payment\/amex@2x.png\" width=\"43\" height=\"27\" data-src=\"https:\/\/d26lpennugtm8s.cloudfront.net\/assets\/common\/img\/logos\/payment\/amex@2x.png\" \/><img loading=\"lazy\" decoding=\"async\" class=\"lazyloaded smush-image-9 smush-image-7 smush-image-8 smush-detected-img smush-image-bigger-7\" src=\"https:\/\/d26lpennugtm8s.cloudfront.net\/assets\/common\/img\/logos\/payment\/diners@2x.png\" width=\"46\" height=\"29\" data-src=\"https:\/\/d26lpennugtm8s.cloudfront.net\/assets\/common\/img\/logos\/payment\/diners@2x.png\" \/><img loading=\"lazy\" decoding=\"async\" class=\"lazyloaded smush-image-10 smush-image-8 smush-image-9 alignnone smush-detected-img smush-image-bigger-8\" src=\"https:\/\/d26lpennugtm8s.cloudfront.net\/assets\/common\/img\/logos\/payment\/br\/elo@2x.png\" alt=\"portf\u00f3lio unopar anhanguera\" width=\"45\" height=\"28\" data-src=\"https:\/\/d26lpennugtm8s.cloudfront.net\/assets\/common\/img\/logos\/payment\/br\/elo@2x.png\" \/><img loading=\"lazy\" decoding=\"async\" class=\"lazyloaded smush-image-11 smush-image-9 smush-image-10 alignnone smush-detected-img smush-image-bigger-9\" src=\"https:\/\/d26lpennugtm8s.cloudfront.net\/assets\/common\/img\/logos\/payment\/br\/hipercard@2x.png\" alt=\"portf\u00f3lio unopar anhanguera\" width=\"44\" height=\"28\" data-src=\"https:\/\/d26lpennugtm8s.cloudfront.net\/assets\/common\/img\/logos\/payment\/br\/hipercard@2x.png\" \/><img loading=\"lazy\" decoding=\"async\" class=\"lazyloaded smush-image-12 smush-image-10 smush-image-11 alignnone smush-detected-img smush-image-bigger-10\" src=\"https:\/\/d26lpennugtm8s.cloudfront.net\/assets\/common\/img\/logos\/payment\/mercadopago@2x.png\" alt=\"portf\u00f3lio unopar anhanguera\" width=\"45\" height=\"28\" data-src=\"https:\/\/d26lpennugtm8s.cloudfront.net\/assets\/common\/img\/logos\/payment\/mercadopago@2x.png\" \/><img loading=\"lazy\" decoding=\"async\" class=\"alignnone lazyloaded smush-detected-img smush-image-bigger-11\" src=\"https:\/\/futurium.com.br\/wp-content\/uploads\/2021\/06\/logo-pix-icone-512.png\" alt=\"portfolio pronto\" width=\"30\" height=\"30\" data-src=\"https:\/\/futurium.com.br\/wp-content\/uploads\/2021\/06\/logo-pix-icone-512.png\" \/><\/p>\n<\/div>\n<\/div>\n<\/div>\n","protected":false},"featured_media":35666,"template":"","meta":{"_seopress_robots_primary_cat":"none","_seopress_titles_title":"%%post_title%% %%sitetitle%%","_seopress_titles_desc":"%%post_content%%","_seopress_robots_index":""},"product_cat":[15],"product_tag":[],"class_list":{"0":"post-35663","1":"product","2":"type-product","3":"status-publish","4":"has-post-thumbnail","6":"product_cat-uncategorized","8":"first","9":"instock","10":"shipping-taxable","11":"purchasable","12":"product-type-simple","13":"col-xs-6 col-sm-4","14":"col-mf-5","15":"un-5-cols"},"jetpack_sharing_enabled":true,"_links":{"self":[{"href":"https:\/\/portifolioos-prontos.com\/index.php\/wp-json\/wp\/v2\/product\/35663","targetHints":{"allow":["GET"]}}],"collection":[{"href":"https:\/\/portifolioos-prontos.com\/index.php\/wp-json\/wp\/v2\/product"}],"about":[{"href":"https:\/\/portifolioos-prontos.com\/index.php\/wp-json\/wp\/v2\/types\/product"}],"version-history":[{"count":0,"href":"https:\/\/portifolioos-prontos.com\/index.php\/wp-json\/wp\/v2\/product\/35663\/revisions"}],"wp:featuredmedia":[{"embeddable":true,"href":"https:\/\/portifolioos-prontos.com\/index.php\/wp-json\/wp\/v2\/media\/35666"}],"wp:attachment":[{"href":"https:\/\/portifolioos-prontos.com\/index.php\/wp-json\/wp\/v2\/media?parent=35663"}],"wp:term":[{"taxonomy":"product_cat","embeddable":true,"href":"https:\/\/portifolioos-prontos.com\/index.php\/wp-json\/wp\/v2\/product_cat?post=35663"},{"taxonomy":"product_tag","embeddable":true,"href":"https:\/\/portifolioos-prontos.com\/index.php\/wp-json\/wp\/v2\/product_tag?post=35663"}],"curies":[{"name":"wp","href":"https:\/\/api.w.org\/{rel}","templated":true}]}}