{"id":35668,"date":"2025-03-13T10:20:17","date_gmt":"2025-03-13T13:20:17","guid":{"rendered":"https:\/\/portifolioos-prontos.com\/?post_type=product&#038;p=35668"},"modified":"2025-04-30T14:12:28","modified_gmt":"2025-04-30T17:12:28","slug":"aula-pratica-banco-de-dados-em-nuvem","status":"publish","type":"product","link":"https:\/\/portifolioos-prontos.com\/index.php\/product\/aula-pratica-banco-de-dados-em-nuvem\/","title":{"rendered":"Aula Pr\u00e1tica Banco de Dados em Nuvem"},"content":{"rendered":"<h5>Portf\u00f3lio Aula Pr\u00e1tica Banco de Dados em Nuvem<\/h5>\n<p>ROTEIRO DE AULA PR\u00c1TICA<\/p>\n<p>NOME DA DISCIPLINA: Banco de dados em nuvem<\/p>\n<p>OBJETIVOS<\/p>\n<p>Defini\u00e7\u00e3o dos objetivos da aula pr\u00e1tica:<\/p>\n<p>Criar um banco de dados, algumas tabelas e descrever como conectar num provedor de nuvem.<\/p>\n<p>INFRAESTRUTURA<\/p>\n<p>Instala\u00e7\u00f5es:<\/p>\n<p>MySQL Workbench<\/p>\n<p>Materiais de consumo:<\/p>\n<p>Descri\u00e7\u00e3o<\/p>\n<p>Quantid. de materiais por<\/p>\n<p>procedimento\/atividade<\/p>\n<p>Computador 1 por aluno<\/p>\n<p>Software:<\/p>\n<p>Sim ( X ) N\u00e3o ( )<\/p>\n<p>Em caso afirmativo, qual?<\/p>\n<p>Pago ( ) N\u00e3o Pago ( X )<\/p>\n<p>Tipo de Licen\u00e7a: Freeware.<\/p>\n<p>Descri\u00e7\u00e3o do software:<\/p>\n<p>O MySQL Workbench \u00e9 uma ferramenta visual de design de banco de dados que integra<\/p>\n<p>desenvolvimento, administra\u00e7\u00e3o, design, cria\u00e7\u00e3o e manuten\u00e7\u00e3o de SQL em um \u00fanico ambiente de<\/p>\n<p>desenvolvimento integrado para o sistema de banco de dados MySQL<\/p>\n<p>Equipamento de Prote\u00e7\u00e3o Individual (EPI):<\/p>\n<p>NSA.<\/p>\n<p>PROCEDIMENTOS PR\u00c1TICOS<\/p>\n<p>Cria\u00e7\u00e3o de banco de dados, utilizando o programa o MySQL Workbench<\/p>\n<p>Atividade proposta:<\/p>\n<p>&#8211; Cria\u00e7\u00e3o de banco de dados utilizando a ferramenta MySQL Workbench e descrever como<\/p>\n<p>2<\/p>\n<p>conectar este banco em um provedor em nuvem.<\/p>\n<p>Procedimentos para a realiza\u00e7\u00e3o da atividade:<\/p>\n<p>Voc\u00ea dever\u00e1 realizar as seguintes atividades:<\/p>\n<p>.1) Utilizando o MySQL Workbench voc\u00ea criar\u00e1 um banco de dados com o nome de (aula) e<\/p>\n<p>descrever como conectar este banco em um provedor em nuvem.<\/p>\n<p>1.1) Utilizando o MySQL Workbench e o banco de dados aula, voc\u00ea dever\u00e1 criar as tabelas,<\/p>\n<p>cliente, endereco, empresa, funcionario, curso, estudante e curso_estudante conforme descrito<\/p>\n<p>nos t\u00f3picos 2,3 e 4.<\/p>\n<p>. 2) Suponha que voc\u00ea precise criar tabelas para armazenar informa\u00e7\u00f5es sobre clientes e seus endere\u00e7os.<\/p>\n<p>Cada cliente tem apenas um endere\u00e7o. Nesse caso, voc\u00ea pode usar um relacionamento 1 para 1, utilizando<\/p>\n<p>as tabelas cliente e endereco descritas abaixo:<\/p>\n<p>* Nome da tabela: cliente<\/p>\n<p>colunas a serem inseridas:<\/p>\n<p>cliente_id INT PRIMARY KEY,<\/p>\n<p>nome VARCHAR(50)<\/p>\n<p>email VARCHAR(50)<\/p>\n<p>* nome da tabela: endereco<\/p>\n<p>colunas a serem inseridas:<\/p>\n<p>endereco_id INT PRIMARY KEY,<\/p>\n<p>cliente_id INT UNIQUE<\/p>\n<p>rua VARCHAR(100)<\/p>\n<p>cidade VARCHAR(50)<\/p>\n<p>estado VARCHAR(50)<\/p>\n<p>pais VARCHAR(50)<\/p>\n<p>3) Relacionamento 1 para muitos: Vamos supor que voc\u00ea queira criar tabelas para armazenar<\/p>\n<p>informa\u00e7\u00f5es sobre uma empresa e seus funcion\u00e1rios. Uma empresa pode ter v\u00e1rios funcion\u00e1rios,<\/p>\n<p>mas um funcion\u00e1rio pertence a apenas uma empresa. Nesse caso, voc\u00ea pode usar um<\/p>\n<p>relacionamento 1 para muitos, utilizando as tabelas empresa e funcionario descritas abaixo:<\/p>\n<p>* Nome da tabela: empresa<\/p>\n<p>colunas a serem inseridas:<\/p>\n<p>empresa_id INT PRIMARY KEY<\/p>\n<p>nome VARCHAR(50)<\/p>\n<p>endereco VARCHAR(100)<\/p>\n<p>* Nome da tabela: funcionario<\/p>\n<p>colunas a serem inseridas:<\/p>\n<p>3<\/p>\n<p>funcionario_id INT PRIMARY KEY<\/p>\n<p>nome VARCHAR(50)<\/p>\n<p>email VARCHAR(50)<\/p>\n<p>empresa_id INT<\/p>\n<p>** Adicionar uma FOREIGN KEY com a coluna (empresa_id) na tabela empresa<\/p>\n<p>4) Relacionamento muitos para muitos: Suponha que voc\u00ea queira criar tabelas para<\/p>\n<p>armazenar informa\u00e7\u00f5es sobre cursos e estudantes. Cada curso pode ter v\u00e1rios estudantes,<\/p>\n<p>e cada estudante pode estar matriculado em v\u00e1rios cursos. Nesse caso, voc\u00ea precisa de<\/p>\n<p>uma tabela de associa\u00e7\u00e3o para representar o relacionamento muitos para muitos.<\/p>\n<p>* Nome da tabela: curso<\/p>\n<p>colunas a serem inseridas:<\/p>\n<p>curso_id INT PRIMARY KEY,<\/p>\n<p>nome VARCHAR(50),<\/p>\n<p>descricao VARCHAR(100)<\/p>\n<p>* Nome da tabela: estudante<\/p>\n<p>colunas a serem inseridas:<\/p>\n<p>estudante_id INT PRIMARY KEY,<\/p>\n<p>nome VARCHAR(50),<\/p>\n<p>email VARCHAR(50)<\/p>\n<p>* Nome da tabela: curso_estudante<\/p>\n<p>colunas a serem inseridas:<\/p>\n<p>CREATE TABLE curso_estudante (<\/p>\n<p>curso_id INT,<\/p>\n<p>estudante_id INT,<\/p>\n<p>**Chave Prim\u00e1ria Composta (curso_id, estudante_id)<\/p>\n<p>** Adicionar uma FOREIGN KEY com a coluna (curso_id) na tabela curso<\/p>\n<p>** Adicionar uma FOREIGN KEY com a coluna (estudante_id) na tabela estudante<\/p>\n<p>Checklist:<\/p>\n<p>&#8211; Instalar o sistema MySQL Workbench.<\/p>\n<p>&#8211; Criar um banco de dados , 7 tabelas e suas respectivas colunas e relacinamentos<\/p>\n<p>RESULTADOS<\/p>\n<p>Resultados da aula pr\u00e1tica:<\/p>\n<p>Elaborar um relat\u00f3rio que dever\u00e1 conter os comandos sql utilizados, um print do banco de dados<\/p>\n<p>e das tabelas criadas, e conclus\u00e3o sobre o assunto desenvolvido em aula pr\u00e1tica, para<\/p>\n<p>compreender como foi criado o banco de dados e as tabelas na ferramenta MySQL Workbench.<\/p>\n<p>Descrever o provedor em nuvem utilizado, suas caracter\u00edsticas e o pre\u00e7o.<\/p>\n<div class=\"elementor-toggle-item\">\n<h4 id=\"elementor-tab-title-1941\" class=\"elementor-tab-title elementor-active\" tabindex=\"0\" role=\"tab\" data-tab=\"1\" aria-controls=\"elementor-tab-content-1941\" aria-expanded=\"true\" aria-selected=\"true\">Como funciona?<\/h4>\n<div id=\"elementor-tab-content-1941\" class=\"elementor-tab-content elementor-clearfix elementor-active\" role=\"tabpanel\" data-tab=\"1\" aria-labelledby=\"elementor-tab-title-1941\">\n<p>Elaboramos os portf\u00f3lios, j\u00e1 deixamos prontos, nas normas da ABNT e conforme os requisitos da universidade. F\u00e1cil assim! O MELHOR \u00c9 QUE VOC\u00ca COMPRA E J\u00c1 BAIXA NA HORA O SEU ARQUIVO EM WORD! Sabemos que conciliar trabalho, fam\u00edlia, vida profissional e estudos \u00e9 dif\u00edcil hoje em dia, por isso, estamos aqui para ajudar voc\u00ea. Conte com nossa qualidade, experi\u00eancia e profissionalismo adquirindo seu portf\u00f3lio conosco. GARANTIMOS SEU CONCEITO!<\/p>\n<h4>Como se realizam os envios?<\/h4>\n<\/div>\n<\/div>\n<div class=\"elementor-toggle-item\">\n<div id=\"elementor-tab-content-1942\" class=\"elementor-tab-content elementor-clearfix elementor-active\" role=\"tabpanel\" data-tab=\"2\" aria-labelledby=\"elementor-tab-title-1942\">O seu trabalho \u00e9 disponibilizado pronto, respondido e nas normas j\u00e1 na mesma hora aqui em nosso site na sua \u00e1rea de downloads e tamb\u00e9m no seu e-mail.<\/div>\n<\/div>\n<div class=\"elementor-toggle-item\">\n<div id=\"elementor-tab-content-1943\" class=\"elementor-tab-content elementor-clearfix elementor-active\" role=\"tabpanel\" data-tab=\"3\" aria-labelledby=\"elementor-tab-title-1943\">\n<h4>Em quanto tempo recebo o portf\u00f3lio?<\/h4>\n<\/div>\n<\/div>\n<div class=\"elementor-toggle-item\">\n<div id=\"elementor-tab-content-1944\" class=\"elementor-tab-content elementor-clearfix elementor-active\" role=\"tabpanel\" data-tab=\"4\" aria-labelledby=\"elementor-tab-title-1944\">\n<p>Os envios s\u00e3o imediatos. Ap\u00f3s sua compra, o trabalho j\u00e1 \u00e9 disponibilizado instantaneamente aqui em nosso site e no seu e-mail.<\/p>\n<h4>E se o portf\u00f3lio que comprei precisar de corre\u00e7\u00e3o?<\/h4>\n<\/div>\n<\/div>\n<div class=\"elementor-toggle-item\">\n<div id=\"elementor-tab-content-1945\" class=\"elementor-tab-content elementor-clearfix elementor-active\" role=\"tabpanel\" data-tab=\"5\" aria-labelledby=\"elementor-tab-title-1945\">\n<p>Caso haja alguma solicita\u00e7\u00e3o de corre\u00e7\u00e3o\/altera\u00e7\u00e3o por parte do tutor, basta entrar em contato conosco pelo\u00a0WhatsApp\u00a0que provid\u00eanciaremos sem custo algum.<\/p>\n<h4>Qual o formato do arquivo?<\/h4>\n<\/div>\n<\/div>\n<div class=\"elementor-toggle-item\">\n<div id=\"elementor-tab-content-1946\" class=\"elementor-tab-content elementor-clearfix elementor-active\" role=\"tabpanel\" data-tab=\"6\" aria-labelledby=\"elementor-tab-title-1946\">\n<p>Os arquivos s\u00e3o enviados em formato Word e s\u00e3o edit\u00e1veis.<\/p>\n<h4>Caso eu tiver alguma d\u00favida, terei suporte no p\u00f3s venda?<\/h4>\n<\/div>\n<\/div>\n<div class=\"elementor-toggle-item\">\n<div id=\"elementor-tab-content-1948\" class=\"elementor-tab-content elementor-clearfix elementor-active\" role=\"tabpanel\" data-tab=\"8\" aria-labelledby=\"elementor-tab-title-1948\">\n<p>Sim, com certeza. Basta clicar no \u00edcone do WhatsApp no cantinho da tela. Ser\u00e1 um prazer atend\u00ea-lo(a).<\/p>\n<div class=\"elementor-toggle-item\">\n<div id=\"elementor-tab-content-1948\" class=\"elementor-tab-content elementor-clearfix elementor-active\" role=\"tabpanel\" data-tab=\"8\" aria-labelledby=\"elementor-tab-title-1948\">\n<h4>Quais os seus canais de contato?<\/h4>\n<\/div>\n<\/div>\n<div class=\"elementor-toggle-item\">\n<div id=\"elementor-tab-content-1949\" class=\"elementor-tab-content elementor-clearfix elementor-active\" role=\"tabpanel\" data-tab=\"9\" aria-labelledby=\"elementor-tab-title-1949\">\n<p>Whatsapp: 53 984751621 \u2013 Clicar no canto da tela ou ESCANEIE O QRCODE ABAIXO<\/p>\n<h4><img decoding=\"async\" class=\"alignnone wp-image-13699 jetpack-lazy-image jetpack-lazy-image--handled smush-detected-img smush-image-1\" src=\"https:\/\/i0.wp.com\/portifolioos-prontos.com\/wp-content\/uploads\/2023\/02\/whatsapp-business-projeto-de-extensao-300x300.jpeg?resize=144%2C144\" sizes=\"(max-width: 144px) 100vw, 144px\" srcset=\"https:\/\/i0.wp.com\/portifolioos-prontos.com\/wp-content\/uploads\/2023\/02\/whatsapp-business-projeto-de-extensao.jpeg?resize=300%2C301&amp;ssl=1 300w, https:\/\/i0.wp.com\/portifolioos-prontos.com\/wp-content\/uploads\/2023\/02\/whatsapp-business-projeto-de-extensao.jpeg?resize=150%2C150&amp;ssl=1 150w, https:\/\/i0.wp.com\/portifolioos-prontos.com\/wp-content\/uploads\/2023\/02\/whatsapp-business-projeto-de-extensao.jpeg?resize=370%2C372&amp;ssl=1 370w, https:\/\/i0.wp.com\/portifolioos-prontos.com\/wp-content\/uploads\/2023\/02\/whatsapp-business-projeto-de-extensao.jpeg?resize=100%2C100&amp;ssl=1 100w, https:\/\/i0.wp.com\/portifolioos-prontos.com\/wp-content\/uploads\/2023\/02\/whatsapp-business-projeto-de-extensao.jpeg?w=470&amp;ssl=1 470w\" alt=\"projeto de extens\u00e3o unopar\" width=\"144\" height=\"144\" data-lazy-loaded=\"1\" \/><\/h4>\n<\/div>\n<\/div>\n<\/div>\n<\/div>\n<div class=\"elementor-toggle-item\">\n<div id=\"elementor-tab-content-1949\" class=\"elementor-tab-content elementor-clearfix elementor-active\" role=\"tabpanel\" data-tab=\"9\" aria-labelledby=\"elementor-tab-title-1949\">\n<p>E-mail:portifoliosp@gmail.com<\/p>\n<div id=\"attachment_143\" class=\"wp-caption alignnone\">\n<div id=\"attachment_143\" class=\"wp-caption alignnone\" style=\"width: 92px;\">\n<p><a href=\"https:\/\/portifolioos-prontos.com\/\"><img decoding=\"async\" class=\"wp-image-143 jetpack-lazy-image jetpack-lazy-image--handled smush-image-11 smush-detected-img smush-image-10\" title=\"portfolio pronto unopar\" src=\"https:\/\/i0.wp.com\/portifolioos-prontos.com\/wp-content\/uploads\/2022\/04\/conceitomaximo.png?resize=161%2C46\" alt=\"PORTFOLIO PRONTO UNOPAR ANHANGUERA\" width=\"92\" height=\"26\" aria-describedby=\"caption-attachment-143\" data-lazy-loaded=\"1\" \/><\/a><\/p>\n<p id=\"caption-attachment-143\" class=\"wp-caption-text\">Portf\u00f3lio em Word, respondido, completo e j\u00e1 nas normas<\/p>\n<\/div>\n<\/div>\n<\/div>\n<\/div>\n","protected":false},"excerpt":{"rendered":"<div class=\"product-short-description\">\n<h5><strong>Pague pelo PIX ou cart\u00e3o e fa\u00e7a o download agora mesmo.<\/strong><\/h5>\n<\/div>\n<div class=\"sticky-add-to-cart-wrapper\">\n<div class=\"sticky-add-to-cart\">\n<div class=\"quantity buttons_added form-flat\"><img decoding=\"async\" class=\"alignnone wp-image-761 smush-image-2 smush-image-3 smush-image-4 lazyloaded smush-detected-img smush-image-1\" src=\"https:\/\/portifolioos-prontos.com\/wp-content\/uploads\/2022\/04\/PIX-300x107.webp\" alt=\"\" width=\"78\" height=\"28\" data-src=\"https:\/\/portifolioos-prontos.com\/wp-content\/uploads\/2022\/04\/PIX-300x107.webp\" \/>\u00a0\u00a0<img loading=\"lazy\" decoding=\"async\" class=\"smush-image-3 smush-image-4 smush-image-5 lazyloaded smush-detected-img smush-image-2\" src=\"https:\/\/d26lpennugtm8s.cloudfront.net\/assets\/common\/img\/logos\/payment\/visa@2x.png\" width=\"46\" height=\"29\" data-src=\"https:\/\/d26lpennugtm8s.cloudfront.net\/assets\/common\/img\/logos\/payment\/visa@2x.png\" \/><img loading=\"lazy\" decoding=\"async\" class=\"smush-image-4 smush-image-5 smush-image-6 lazyloaded smush-detected-img smush-image-3\" src=\"https:\/\/d26lpennugtm8s.cloudfront.net\/assets\/common\/img\/logos\/payment\/boleto@2x.png\" width=\"43\" height=\"27\" data-src=\"https:\/\/d26lpennugtm8s.cloudfront.net\/assets\/common\/img\/logos\/payment\/boleto@2x.png\" \/><img loading=\"lazy\" decoding=\"async\" class=\"smush-image-5 smush-image-6 smush-image-7 lazyloaded smush-detected-img smush-image-4\" src=\"https:\/\/d26lpennugtm8s.cloudfront.net\/assets\/common\/img\/logos\/payment\/mastercard@2x.png\" width=\"43\" height=\"27\" data-src=\"https:\/\/d26lpennugtm8s.cloudfront.net\/assets\/common\/img\/logos\/payment\/mastercard@2x.png\" \/><img loading=\"lazy\" decoding=\"async\" class=\"smush-image-6 smush-image-7 smush-image-8 lazyloaded smush-detected-img smush-image-5\" src=\"https:\/\/d26lpennugtm8s.cloudfront.net\/assets\/common\/img\/logos\/payment\/amex@2x.png\" width=\"43\" height=\"27\" data-src=\"https:\/\/d26lpennugtm8s.cloudfront.net\/assets\/common\/img\/logos\/payment\/amex@2x.png\" \/><img loading=\"lazy\" decoding=\"async\" class=\"smush-image-7 smush-image-8 smush-image-9 lazyloaded smush-detected-img smush-image-6\" src=\"https:\/\/d26lpennugtm8s.cloudfront.net\/assets\/common\/img\/logos\/payment\/diners@2x.png\" width=\"46\" height=\"29\" data-src=\"https:\/\/d26lpennugtm8s.cloudfront.net\/assets\/common\/img\/logos\/payment\/diners@2x.png\" \/><img loading=\"lazy\" decoding=\"async\" class=\"smush-image-8 smush-image-9 smush-image-10 lazyloaded smush-detected-img smush-image-7\" src=\"https:\/\/d26lpennugtm8s.cloudfront.net\/assets\/common\/img\/logos\/payment\/br\/elo@2x.png\" width=\"45\" height=\"28\" data-src=\"https:\/\/d26lpennugtm8s.cloudfront.net\/assets\/common\/img\/logos\/payment\/br\/elo@2x.png\" \/><img loading=\"lazy\" decoding=\"async\" class=\"smush-image-9 smush-image-10 smush-image-11 lazyloaded smush-detected-img smush-image-8\" src=\"https:\/\/d26lpennugtm8s.cloudfront.net\/assets\/common\/img\/logos\/payment\/br\/hipercard@2x.png\" width=\"44\" height=\"28\" data-src=\"https:\/\/d26lpennugtm8s.cloudfront.net\/assets\/common\/img\/logos\/payment\/br\/hipercard@2x.png\" \/><img loading=\"lazy\" decoding=\"async\" class=\"smush-image-10 smush-image-11 smush-image-12 lazyloaded smush-detected-img smush-image-9\" src=\"https:\/\/d26lpennugtm8s.cloudfront.net\/assets\/common\/img\/logos\/payment\/mercadopago@2x.png\" width=\"45\" height=\"28\" data-src=\"https:\/\/d26lpennugtm8s.cloudfront.net\/assets\/common\/img\/logos\/payment\/mercadopago@2x.png\" \/><\/div>\n<\/div>\n<\/div>\n","protected":false},"featured_media":35671,"template":"","meta":{"_seopress_robots_primary_cat":"none","_seopress_titles_title":"%%post_title%% %%sitetitle%%","_seopress_titles_desc":"%%post_content%%","_seopress_robots_index":""},"product_cat":[15],"product_tag":[],"class_list":{"0":"post-35668","1":"product","2":"type-product","3":"status-publish","4":"has-post-thumbnail","6":"product_cat-uncategorized","8":"first","9":"instock","10":"downloadable","11":"virtual","12":"purchasable","13":"product-type-simple","14":"col-xs-6 col-sm-4","15":"col-mf-5","16":"un-5-cols"},"jetpack_sharing_enabled":true,"_links":{"self":[{"href":"https:\/\/portifolioos-prontos.com\/index.php\/wp-json\/wp\/v2\/product\/35668","targetHints":{"allow":["GET"]}}],"collection":[{"href":"https:\/\/portifolioos-prontos.com\/index.php\/wp-json\/wp\/v2\/product"}],"about":[{"href":"https:\/\/portifolioos-prontos.com\/index.php\/wp-json\/wp\/v2\/types\/product"}],"version-history":[{"count":0,"href":"https:\/\/portifolioos-prontos.com\/index.php\/wp-json\/wp\/v2\/product\/35668\/revisions"}],"wp:featuredmedia":[{"embeddable":true,"href":"https:\/\/portifolioos-prontos.com\/index.php\/wp-json\/wp\/v2\/media\/35671"}],"wp:attachment":[{"href":"https:\/\/portifolioos-prontos.com\/index.php\/wp-json\/wp\/v2\/media?parent=35668"}],"wp:term":[{"taxonomy":"product_cat","embeddable":true,"href":"https:\/\/portifolioos-prontos.com\/index.php\/wp-json\/wp\/v2\/product_cat?post=35668"},{"taxonomy":"product_tag","embeddable":true,"href":"https:\/\/portifolioos-prontos.com\/index.php\/wp-json\/wp\/v2\/product_tag?post=35668"}],"curies":[{"name":"wp","href":"https:\/\/api.w.org\/{rel}","templated":true}]}}