{"id":35701,"date":"2025-03-14T23:17:42","date_gmt":"2025-03-15T02:17:42","guid":{"rendered":"https:\/\/portifolioos-prontos.com\/?post_type=product&#038;p=35701"},"modified":"2025-08-03T18:27:53","modified_gmt":"2025-08-03T21:27:53","slug":"aula-pratica-processo-de-criatividade","status":"publish","type":"product","link":"https:\/\/portifolioos-prontos.com\/index.php\/product\/aula-pratica-processo-de-criatividade\/","title":{"rendered":"Aula Pr\u00e1tica Processo de Criatividade"},"content":{"rendered":"<h5>Portf\u00f3lio Aula Pr\u00e1tica Processo de Criatividade<\/h5>\n<p>OBJETIVOS<br \/>\nA proposta desta atividade pr\u00e1tica est\u00e1 amparada nos seguintes objetivos: \u2013 Promover a aplica\u00e7\u00e3o da teoria e conceitos para a solu\u00e7\u00e3o de problemas pr\u00e1ticos<br \/>\nrelativos aos processos de criatividade; \u2013 Relacionar teoria e pr\u00e1tica a fim de proporcionar embasamento para atua\u00e7\u00e3o em<br \/>\natividades criativas.<br \/>\nRECURSOS \u2013 Computador, tablet ou telefone celular com acesso \u00e0 internet.<br \/>\nPROCEDIMENTOS PR\u00c1TICOS<br \/>\nAtividade proposta<br \/>\nO que \u00e9 painel sem\u00e2ntico e como utilizar esta t\u00e9cnica<br \/>\nMood Board (ou Painel Sem\u00e2ntico) \u00e9 um quadro de refer\u00eancias visuais (cores,<br \/>\nformas, texturas, cen\u00e1rios) e gostos (comidas, m\u00fasica, literatura, cinema), representando<br \/>\na emo\u00e7\u00e3o e contextualizando o estilo de vida na qual o produto de moda quer se<br \/>\nenquadrar para determinado p\u00fablico-alvo. Dentro da cria\u00e7\u00e3o de um projeto gr\u00e1fico, seja<br \/>\nele para a constru\u00e7\u00e3o de uma identidade visual, uma padronagem para estampa digital<br \/>\nou at\u00e9 mesmo algum trabalho acad\u00eamico, o painel sem\u00e2ntico vai te ajudar durante o<br \/>\nprocesso criativo.<br \/>\n\u00c9 uma t\u00e9cnica usada por designers para facilitar na cria\u00e7\u00e3o de artes que devem<br \/>\nseguir uma unidade visual. Mas tamb\u00e9m pode ser adaptada para o cotidiano de<br \/>\nprofissionais \u201cn\u00e3o-designers\u201d e empresas. O objetivo dessas empresas \u00e9 fazer com que<br \/>\nseus posts se destaquem em meio a tantas imagens que seus seguidores visualizam<br \/>\nnos feeds e timelines das redes sociais.<br \/>\nPierre Bourdieu, soci\u00f3logo franc\u00eas, afirmava que o estilo de vida \u00e9 um conjunto<br \/>\nunit\u00e1rio de prefer\u00eancias distintivas que exprimem, na l\u00f3gica espec\u00edfica de cada um dos<br \/>\nsubespa\u00e7os simb\u00f3licos, mob\u00edlia, vestimentas, linguagem ou h\u00e9xis corporal, a mesma<br \/>\ninten\u00e7\u00e3o expressiva, princ\u00edpio da unidade de estilo que se entrega diretamente \u00e0<br \/>\ninstitui\u00e7\u00e3o e que a an\u00e1lise destr\u00f3i ao recort\u00e1-lo em universos separados (Dispon\u00edvel em:<br \/>\nhttps:\/\/is.gd\/x6UO5i . Acesso em: 14 de Dezembro de 2022)<br \/>\nPode-se criar um painel sem\u00e2ntico de duas maneiras: fisicamente ou<br \/>\ndigitalmente. Na primeira, voc\u00ea pode coletar imagens atrav\u00e9s da m\u00eddia impressa (jornais,<br \/>\nComo criar um painel sem\u00e2ntico<\/p>\n<p>revistas, livros), col\u00e1-las em um grande painel e fix\u00e1-lo em uma parede. Assim, seus<br \/>\nclientes ou funcion\u00e1rios poder\u00e3o visualiz\u00e1-lo a qualquer momento em seu ambiente. No<br \/>\nformato digital, o painel pode ser elaborado utilizando softwares gr\u00e1ficos ou aplicativos<br \/>\nque possibilitem a organiza\u00e7\u00e3o das imagens no ambiente online.<br \/>\nConfira abaixo a elabora\u00e7\u00e3o de dois pain\u00e9is conceitos elaborados pela designer<br \/>\nde interiores Nathaly Domiciano e saiba como interpret\u00e1-los para criar at\u00e9 mesmo o seu<br \/>\npr\u00f3prio painel conceito:<\/p>\n<p>Dispon\u00edvel em https:\/\/is.gd\/NOLNSm Acesso em 14 de Janeiro de 2022<\/p>\n<p>Acima foi desenvolvido um painel conceitual com refer\u00eancias ao Brasil,<br \/>\nenvolvendo diversas simbologias que remetem a diferentes estados, como a regi\u00e3o do<br \/>\nnordeste, os cal\u00e7ad\u00f5es de S\u00e3o Paulo e Rio de Janeiro, a rusticidade e as praias do sul,<br \/>\nbem como a contraposi\u00e7\u00e3o entre elementos r\u00fasticos e urbanos. Com isso, \u00e9 poss\u00edvel<br \/>\nconstatar que o projeto \u00e9 desenvolvido para algum ambiente que receber\u00e1 influ\u00eancias do<br \/>\nconceito \u201cBrasilidade\u201d, talvez um mobili\u00e1rio nacional, talvez inspira\u00e7\u00f5es de cores vivas e<br \/>\ntexturas. Estes detalhes somente o designer criador poder\u00e1 explicar com detalhes.<\/p>\n<p>Dispon\u00edvel em https:\/\/is.gd\/NOLNSm Acesso em 14 de Janeiro de 2022<\/p>\n<p>Este segundo painel conceito traz alguns ambientes como refer\u00eancias e<br \/>\nsimbologias. Foi desenvolvido tamb\u00e9m pela designer para o projeto de um Hotel estilo<br \/>\ncl\u00e1ssico. A paleta de cores escolhida mesclou tonalidades avermelhadas e contrastou<br \/>\ncom o verde, paleta utilizada pelo fato da origem italiana do hotel que foi preservada.<br \/>\nVerificamos alguns conceitos fundamentais como a receptividade atrav\u00e9s da simbologia<br \/>\ndas ma\u00e7anetas, nota-se tamb\u00e9m a presen\u00e7a da vegeta\u00e7\u00e3o, de elementos cl\u00e1ssicos como<br \/>\no mobili\u00e1rio e de imagens remetendo a diferentes lugares do mundo, no intuito de aferir<br \/>\nque o hotel abriga a todos com grande comodidade e que ser\u00e3o bem recebidos e<br \/>\natendidos.<\/p>\n<p>Refer\u00eancias<br \/>\nDOMICIANO, N. Painel Conceito ou Sem\u00e2ntico \u2013 O Que \u00c9?. Construindo minha casa<br \/>\nclean. 2017. Dispon\u00edvel em: https:\/\/is.gd\/NOLNSm Acesso em 14 de Dezembro de 2022<\/p>\n<p>LIM\u00c3O CRAVO. O que \u00e9 painel sem\u00e2ntico e como utilizar esta t\u00e9cnica. Lim\u00e3o Cravo.<br \/>\n2020. Dispon\u00edvel em: https:\/\/is.gd\/x6UO5i . Acesso em: 14 de Dezembro de 2022<\/p>\n<p>SLACK et al. Administra\u00e7\u00e3o da Produ\u00e7\u00e3o. S\u00e3o Paulo: Atlas, 1996.<\/p>\n<p>Procedimentos para a realiza\u00e7\u00e3o da atividade<br \/>\nO seu objetivo n\u00e3o \u00e9 criar uma composi\u00e7\u00e3o art\u00edstica,<br \/>\ncomo se verifica nas obras de pintores e artistas pl\u00e1sticos, por<br \/>\nexemplo, mas sim criar um conceito, uma orienta\u00e7\u00e3o, um sentido,<br \/>\numa inten\u00e7\u00e3o, um input que leve \u00e0 cria\u00e7\u00e3o de uma proposta que<br \/>\nresponda objetivamente a um problema ou necessidade.<\/p>\n<p>Para realizar a proposta desta atividade voc\u00ea dever\u00e1:<br \/>\n1. Desenvolver um painel sem\u00e2ntico a partir de um software online gratuito ou do<br \/>\nprograma Word.<br \/>\nAbaixo oferecemos algumas sugest\u00f5es:<br \/>\nhttp:\/\/www.gomoodboard.com\/<br \/>\nhttps:\/\/www.canva.com\/pt_br\/criar\/painel-semantico\/<br \/>\nhttps:\/\/www.adobe.com\/br\/express\/create\/mood-board<br \/>\nhttps:\/\/dashboard.trakto.io\/<\/p>\n<p>Neste link h\u00e1 um tutorial de como fazer um painel sem\u00e2ntico:<br \/>\nhttps:\/\/youtu.be\/X6Tbvb2-6bo Acesso em 14 de Dezembro de 2022<\/p>\n<p>2. Para desenvolver esta tarefa, h\u00e1 6 etapas que devem ser seguidas de forma<br \/>\ndetalhada:<\/p>\n<p>a) Realize uma Coleta. Ao desenvolver este passo, voc\u00ea deve recapitular sua<br \/>\nrefer\u00eancias pessoais, assim como buscar por novas refer\u00eancias. Pense naquilo<br \/>\nque deseja criar: o modelo para um novo restaurante, a logomarca de uma linha<br \/>\nde cosm\u00e9ticos etc. Que elementos caracterizam o produto que deseja<br \/>\ndesenvolver? Existe no mercado uma marca cuja imagem, cores, padr\u00f5es se<br \/>\ndistinguem perceptivelmente dos concorrentes e, que voc\u00ea admira? Nesta etapa,<br \/>\nseu papel \u00e9 pensar naquilo que deseja criar e coletar refer\u00eancias que permitam<br \/>\npensar acerca do assunto.<br \/>\nEsta fase tamb\u00e9m pode ser conhecida como Brainstorming ou, em tradu\u00e7\u00e3o<br \/>\nliteral, \u201ctempestade de ideias\u201d. A coleta \u00e9 indistinta e, de certa forma<br \/>\ndesordenada, mas intensa. Sugerimos o site hostinger.com.br<br \/>\n(https:\/\/is.gd\/n7TLXi) para auxili\u00e1-lo neste assunto.<\/p>\n<p>b) Elei\u00e7\u00e3o: selecione quais refer\u00eancias t\u00eam maior capacidade de visionar uma<br \/>\nsolu\u00e7\u00e3o do problema proposto por voc\u00ea. Assim, caso voc\u00ea tenha optado, por<br \/>\nexemplo, por criar uma logomarca de uma empresa, filtre as imagens, conceitos<br \/>\ntextuais e outros elementos que auxiliem na continua\u00e7\u00e3o objetiva do<br \/>\ndesenvolvimento da ideia. Mas aten\u00e7\u00e3o! Selecionar todas as refer\u00eancias de uma<br \/>\n\u00fanica marca e segu\u00ed-las \u00e0 risca n\u00e3o \u00e9 criar algo. Isso seria apenas c\u00f3pia e, com<br \/>\num pouco de trabalho podemos fazer melhor que copiar.<br \/>\nc) Conex\u00e3o: com as refer\u00eancias escolhidas, conecte aquelas que, juntas, podem<br \/>\ntornar vis\u00edvel o direcionamento criativo desejado. Em outras palavras, ao<br \/>\nobservar os diferentes elementos escolhidos por voc\u00ea, decida quais podem ser<br \/>\nmelhor relacionados aos demais e, assim, chegar a algo que satisfa\u00e7a.<br \/>\n\u00c9 importante ressaltar que, em um processo criativo, voc\u00ea deve dar abertura ao<br \/>\nsurgimento de algo para o qual voc\u00ea antes n\u00e3o atentava. Uma ideia que venha<br \/>\n\u201cpronta\u201d, ou que n\u00e3o aceita altera\u00e7\u00f5es pode ser prejudicada em seu<br \/>\ndesenvolvimento. Por isso, fique atento e estude o qu\u00ea de fato chama \u00e0 aten\u00e7\u00e3o<br \/>\nnas refer\u00eancias que escolheu: afinal, o qu\u00ea eu gosto nesta refer\u00eancia? E<br \/>\nnaquela? Pode ser que o elemento que cative voc\u00ea seja indireto, ou expl\u00edcito,<br \/>\ncabe a voc\u00ea descobrir.<br \/>\nd) Constru\u00e7\u00e3o: nesta etapa voc\u00ea dever\u00e1 criar o moodboard como uma<br \/>\ncomposi\u00e7\u00e3o de suas refer\u00eancias criativas por meio de um dos links sugeridos no<br \/>\nt\u00f3pico 1, ou outro de sua prefer\u00eancia.<br \/>\nelementos dentro das caixas (forma, fun\u00e7\u00e3o, prop\u00f3sito e benef\u00edcios) devem<br \/>\nauxiliar voc\u00ea no processo de criar seu moodboard.<br \/>\nFigura 1 \u2013 Transformando ideia em conceito<br \/>\nFonte: Slack, 1996<br \/>\nPerceba na imagem acima como uma ideia, por meio dos passos sugeridos,<br \/>\namadureceu e se tornou o conceito de algo, uma ideia que \u201ctem algo a dizer\u201d. O<br \/>\ne) Expans\u00e3o: para o autor, essa fase \u00e9 facultativa. Trata de buscar outras<br \/>\nmat\u00e9rias que reforcem o estado emocional criado pelo moodboard. Tamb\u00e9m<br \/>\npodemos chamar a esta etapa de \u201crefinamento\u201d, \u201cdepura\u00e7\u00e3o\u201d, \u201caperfei\u00e7oamento\u201d<br \/>\ndo conceito.<br \/>\nN\u00e3o se apresse em realizar todas estas etapas de em um \u00fanico momento. Voc\u00ea<br \/>\npode realizar em dias diferentes, por exemplo, afim de que sua ideia amadure\u00e7a<br \/>\nat\u00e9 o conceito.<br \/>\nf) Apresenta\u00e7\u00e3o: compartilhe seu moodboard, seu painel sem\u00e2ntico, por meio<br \/>\ndo link de acesso a ele e, tamb\u00e9m o acrescente como uma imagem a um arquivo<br \/>\nWord para ser enviado em seu ambiente AVA.<br \/>\nAo finalizar o seu painel sem\u00e2ntico, clique no bot\u00e3o \u201cBaixar\u201d e escolha o<br \/>\nformato JPG. Agora basta clicar em download e a sua arte est\u00e1 pronta para<br \/>\nsalvar em Word.<br \/>\nChecklist \u2013 \u2013<br \/>\nPesquise acerca da cria\u00e7\u00e3o de pain\u00e9is sem\u00e2nticos e busque por ferramentas<br \/>\ndigitais para criar o seu pr\u00f3prio;<br \/>\nAcrescente o link de acesso e uma imagem do painel sem\u00e2ntico a um arquivo<br \/>\nWord para ser enviado em seu ambiente AVA.<br \/>\nDesenvolva cada uma das 6 etapas, tal como foram sugeridas nos<br \/>\nprocedimentos para realiza\u00e7\u00e3o; \u2013<br \/>\nRESULTADO<br \/>\nO trabalho dever\u00e1 ser entregue em arquivo Word atendendo as etapas de<br \/>\nprodu\u00e7\u00e3o e utilizando os recursos solicitados no roteiro.<br \/>\nO arquivo dever\u00e1 conter:<br \/>\n\u2022 Capa;<br \/>\n\u2022 Folha de rosto com os dados da disciplina e do aluno;<br \/>\n\u2022 Os resultados das atividades pr\u00e1ticas exigidas pelo roteiro;<br \/>\n\u2022 Refer\u00eancias bibliogr\u00e1ficas (quando houver).<\/p>\n<div class=\"elementor-toggle-item\">\n<div class=\"elementor-toggle-item\">\n<p id=\"elementor-tab-title-1941\" class=\"elementor-tab-title elementor-active\" tabindex=\"0\" role=\"tab\" data-tab=\"1\" aria-controls=\"elementor-tab-content-1941\" aria-expanded=\"true\" aria-selected=\"true\"><strong>Como funciona?<\/strong><\/p>\n<p>Elaboramos os portf\u00f3lios, j\u00e1 deixamos prontos, nas normas da ABNT e conforme os requisitos da universidade. F\u00e1cil assim! O MELHOR \u00c9 QUE VOC\u00ca COMPRA E J\u00c1 BAIXA NA HORA O SEU ARQUIVO EM WORD! Sabemos que conciliar trabalho, fam\u00edlia, vida profissional e estudos \u00e9 dif\u00edcil hoje em dia, por isso, estamos aqui para ajudar voc\u00ea. Conte com nossa qualidade, experi\u00eancia e profissionalismo adquirindo seu portf\u00f3lio conosco. GARANTIMOS SEU CONCEITO!<\/p>\n<p><strong>Como se realizam os envios?<\/strong><\/p>\n<\/div>\n<p id=\"elementor-tab-content-1942\" class=\"elementor-tab-content elementor-clearfix elementor-active\" role=\"tabpanel\" data-tab=\"2\" aria-labelledby=\"elementor-tab-title-1942\">O seu trabalho \u00e9 disponibilizado pronto, respondido e nas normas j\u00e1 na mesma hora aqui em nosso site na sua \u00e1rea de downloads e tamb\u00e9m no seu e-mail.<\/p>\n<p><strong>Em quanto tempo recebo o portf\u00f3lio?<\/strong><\/p>\n<p>Os envios s\u00e3o imediatos. Ap\u00f3s sua compra, o trabalho j\u00e1 \u00e9 disponibilizado instantaneamente aqui em nosso site e no seu e-mail.<\/p>\n<p><strong>E se o portf\u00f3lio que comprei precisar de corre\u00e7\u00e3o?<\/strong><\/p>\n<p>Caso haja alguma solicita\u00e7\u00e3o de corre\u00e7\u00e3o\/altera\u00e7\u00e3o por parte do tutor, basta entrar em contato conosco pelo\u00a0WhatsApp\u00a0que provid\u00eanciaremos sem custo algum.<\/p>\n<p><strong>Qual o formato do arquivo?<\/strong><\/p>\n<p>Os arquivos s\u00e3o enviados em formato Word e s\u00e3o edit\u00e1veis.<\/p>\n<p><strong>Caso eu tiver alguma d\u00favida, terei suporte no p\u00f3s venda?<\/strong><\/p>\n<p>Sim, com certeza. Basta clicar no \u00edcone do WhatsApp no cantinho da tela. Ser\u00e1 um prazer atend\u00ea-lo(a).<\/p>\n<div id=\"elementor-tab-content-1948\" class=\"elementor-tab-content elementor-clearfix elementor-active\" role=\"tabpanel\" data-tab=\"8\" aria-labelledby=\"elementor-tab-title-1948\">\n<p><strong>Quais os seus canais de contato?<\/strong><\/p>\n<\/div>\n<div id=\"elementor-tab-content-1949\" class=\"elementor-tab-content elementor-clearfix elementor-active\" role=\"tabpanel\" data-tab=\"9\" aria-labelledby=\"elementor-tab-title-1949\">\n<p>Whatsapp: 53 984751621 \u2013 Clicar no canto da tela ou ESCANEIE O QRCODE ABAIXO<\/p>\n<h4><img decoding=\"async\" class=\"alignnone wp-image-13699 jetpack-lazy-image jetpack-lazy-image--handled\" src=\"https:\/\/i0.wp.com\/portifolioos-prontos.com\/wp-content\/uploads\/2023\/02\/whatsapp-business-projeto-de-extensao-300x300.jpeg?resize=144%2C144\" sizes=\"(max-width: 144px) 100vw, 144px\" srcset=\"https:\/\/i0.wp.com\/portifolioos-prontos.com\/wp-content\/uploads\/2023\/02\/whatsapp-business-projeto-de-extensao.jpeg?resize=300%2C301&amp;ssl=1 300w, https:\/\/i0.wp.com\/portifolioos-prontos.com\/wp-content\/uploads\/2023\/02\/whatsapp-business-projeto-de-extensao.jpeg?resize=150%2C150&amp;ssl=1 150w, https:\/\/i0.wp.com\/portifolioos-prontos.com\/wp-content\/uploads\/2023\/02\/whatsapp-business-projeto-de-extensao.jpeg?resize=370%2C372&amp;ssl=1 370w, https:\/\/i0.wp.com\/portifolioos-prontos.com\/wp-content\/uploads\/2023\/02\/whatsapp-business-projeto-de-extensao.jpeg?resize=100%2C100&amp;ssl=1 100w, https:\/\/i0.wp.com\/portifolioos-prontos.com\/wp-content\/uploads\/2023\/02\/whatsapp-business-projeto-de-extensao.jpeg?w=470&amp;ssl=1 470w\" alt=\"projeto de extens\u00e3o unopar\" width=\"144\" height=\"144\" data-lazy-loaded=\"1\" \/><\/h4>\n<\/div>\n<div class=\"elementor-toggle-item\">\n<div id=\"elementor-tab-content-1949\" class=\"elementor-tab-content elementor-clearfix elementor-active\" role=\"tabpanel\" data-tab=\"9\" aria-labelledby=\"elementor-tab-title-1949\">\n<p>E-mail:portifoliosp@gmail.com<\/p>\n<div id=\"attachment_143\" class=\"wp-caption alignnone\">\n<div id=\"attachment_143\" class=\"wp-caption alignnone\">\n<p id=\"caption-attachment-143\" class=\"wp-caption-text\"><a href=\"http:\/\/portfolio-pronto.com\/\">Portf\u00f3lio<\/a>\u00a0em Word, respondido, completo e j\u00e1 nas normas<\/p>\n<\/div>\n<\/div>\n<\/div>\n<\/div>\n<\/div>\n","protected":false},"excerpt":{"rendered":"<div class=\"product-short-description\">\n<div class=\"product-short-description\">\n<p><strong>Pague pelo PIX ou cart\u00e3o e fa\u00e7a o download agora mesmo.<\/strong><\/p>\n<\/div>\n<div class=\"sticky-add-to-cart-wrapper\">\n<div class=\"sticky-add-to-cart\">\n<p class=\"quantity buttons_added form-flat\"><img decoding=\"async\" class=\"lazyloaded smush-image-5 smush-image-3 smush-image-4 smush-detected-img smush-image-bigger-3\" src=\"https:\/\/d26lpennugtm8s.cloudfront.net\/assets\/common\/img\/logos\/payment\/visa@2x.png\" width=\"46\" height=\"29\" data-src=\"https:\/\/d26lpennugtm8s.cloudfront.net\/assets\/common\/img\/logos\/payment\/visa@2x.png\" \/><img decoding=\"async\" class=\"lazyloaded smush-image-6 smush-image-4 smush-image-5 smush-detected-img smush-image-bigger-4\" src=\"https:\/\/d26lpennugtm8s.cloudfront.net\/assets\/common\/img\/logos\/payment\/boleto@2x.png\" width=\"43\" height=\"27\" data-src=\"https:\/\/d26lpennugtm8s.cloudfront.net\/assets\/common\/img\/logos\/payment\/boleto@2x.png\" \/><img loading=\"lazy\" decoding=\"async\" class=\"lazyloaded smush-image-7 smush-image-5 smush-image-6 smush-detected-img smush-image-bigger-5\" src=\"https:\/\/d26lpennugtm8s.cloudfront.net\/assets\/common\/img\/logos\/payment\/mastercard@2x.png\" width=\"43\" height=\"27\" data-src=\"https:\/\/d26lpennugtm8s.cloudfront.net\/assets\/common\/img\/logos\/payment\/mastercard@2x.png\" \/><img loading=\"lazy\" decoding=\"async\" class=\"lazyloaded smush-image-8 smush-image-6 smush-image-7 smush-detected-img smush-image-bigger-6\" src=\"https:\/\/d26lpennugtm8s.cloudfront.net\/assets\/common\/img\/logos\/payment\/amex@2x.png\" width=\"43\" height=\"27\" data-src=\"https:\/\/d26lpennugtm8s.cloudfront.net\/assets\/common\/img\/logos\/payment\/amex@2x.png\" \/><img loading=\"lazy\" decoding=\"async\" class=\"lazyloaded smush-image-9 smush-image-7 smush-image-8 smush-detected-img smush-image-bigger-7\" src=\"https:\/\/d26lpennugtm8s.cloudfront.net\/assets\/common\/img\/logos\/payment\/diners@2x.png\" width=\"46\" height=\"29\" data-src=\"https:\/\/d26lpennugtm8s.cloudfront.net\/assets\/common\/img\/logos\/payment\/diners@2x.png\" \/><img loading=\"lazy\" decoding=\"async\" class=\"lazyloaded smush-image-10 smush-image-8 smush-image-9 alignnone smush-detected-img smush-image-bigger-8\" src=\"https:\/\/d26lpennugtm8s.cloudfront.net\/assets\/common\/img\/logos\/payment\/br\/elo@2x.png\" alt=\"portf\u00f3lio unopar anhanguera\" width=\"45\" height=\"28\" data-src=\"https:\/\/d26lpennugtm8s.cloudfront.net\/assets\/common\/img\/logos\/payment\/br\/elo@2x.png\" \/><img loading=\"lazy\" decoding=\"async\" class=\"lazyloaded smush-image-11 smush-image-9 smush-image-10 alignnone smush-detected-img smush-image-bigger-9\" src=\"https:\/\/d26lpennugtm8s.cloudfront.net\/assets\/common\/img\/logos\/payment\/br\/hipercard@2x.png\" alt=\"portf\u00f3lio unopar anhanguera\" width=\"44\" height=\"28\" data-src=\"https:\/\/d26lpennugtm8s.cloudfront.net\/assets\/common\/img\/logos\/payment\/br\/hipercard@2x.png\" \/><img loading=\"lazy\" decoding=\"async\" class=\"lazyloaded smush-image-12 smush-image-10 smush-image-11 alignnone smush-detected-img smush-image-bigger-10\" src=\"https:\/\/d26lpennugtm8s.cloudfront.net\/assets\/common\/img\/logos\/payment\/mercadopago@2x.png\" alt=\"portf\u00f3lio unopar anhanguera\" width=\"45\" height=\"28\" data-src=\"https:\/\/d26lpennugtm8s.cloudfront.net\/assets\/common\/img\/logos\/payment\/mercadopago@2x.png\" \/><img loading=\"lazy\" decoding=\"async\" class=\"alignnone lazyloaded smush-detected-img smush-image-bigger-11\" src=\"https:\/\/futurium.com.br\/wp-content\/uploads\/2021\/06\/logo-pix-icone-512.png\" alt=\"portfolio pronto\" width=\"30\" height=\"30\" data-src=\"https:\/\/futurium.com.br\/wp-content\/uploads\/2021\/06\/logo-pix-icone-512.png\" \/><\/p>\n<\/div>\n<\/div>\n<\/div>\n","protected":false},"featured_media":35704,"template":"","meta":{"_seopress_robots_primary_cat":"none","_seopress_titles_title":"%%post_title%% %%sitetitle%%","_seopress_titles_desc":"%%post_content%%","_seopress_robots_index":""},"product_cat":[15],"product_tag":[],"class_list":{"0":"post-35701","1":"product","2":"type-product","3":"status-publish","4":"has-post-thumbnail","6":"product_cat-uncategorized","8":"first","9":"instock","10":"downloadable","11":"virtual","12":"purchasable","13":"product-type-simple","14":"col-xs-6 col-sm-4","15":"col-mf-5","16":"un-5-cols"},"jetpack_sharing_enabled":true,"_links":{"self":[{"href":"https:\/\/portifolioos-prontos.com\/index.php\/wp-json\/wp\/v2\/product\/35701","targetHints":{"allow":["GET"]}}],"collection":[{"href":"https:\/\/portifolioos-prontos.com\/index.php\/wp-json\/wp\/v2\/product"}],"about":[{"href":"https:\/\/portifolioos-prontos.com\/index.php\/wp-json\/wp\/v2\/types\/product"}],"version-history":[{"count":0,"href":"https:\/\/portifolioos-prontos.com\/index.php\/wp-json\/wp\/v2\/product\/35701\/revisions"}],"wp:featuredmedia":[{"embeddable":true,"href":"https:\/\/portifolioos-prontos.com\/index.php\/wp-json\/wp\/v2\/media\/35704"}],"wp:attachment":[{"href":"https:\/\/portifolioos-prontos.com\/index.php\/wp-json\/wp\/v2\/media?parent=35701"}],"wp:term":[{"taxonomy":"product_cat","embeddable":true,"href":"https:\/\/portifolioos-prontos.com\/index.php\/wp-json\/wp\/v2\/product_cat?post=35701"},{"taxonomy":"product_tag","embeddable":true,"href":"https:\/\/portifolioos-prontos.com\/index.php\/wp-json\/wp\/v2\/product_tag?post=35701"}],"curies":[{"name":"wp","href":"https:\/\/api.w.org\/{rel}","templated":true}]}}