{"id":35868,"date":"2025-03-24T14:33:12","date_gmt":"2025-03-24T17:33:12","guid":{"rendered":"https:\/\/portifolioos-prontos.com\/?post_type=product&#038;p=35868"},"modified":"2025-08-03T18:31:20","modified_gmt":"2025-08-03T21:31:20","slug":"estagio-em-teologia-ii-projeto-de-intervencao","status":"publish","type":"product","link":"https:\/\/portifolioos-prontos.com\/index.php\/product\/estagio-em-teologia-ii-projeto-de-intervencao\/","title":{"rendered":"Est\u00e1gio em Teologia II Projeto de Interven\u00e7\u00e3o"},"content":{"rendered":"<h5>Est\u00e1gio em Teologia II Projeto de Interven\u00e7\u00e3o<\/h5>\n<p>Caro aluno (a) seja bem-vindo a disciplina de Est\u00e1gio em Teologia II<br \/>\nAntes de iniciar suas atividades leia com aten\u00e7\u00e3o as orienta\u00e7\u00f5es abaixo e esclare\u00e7a eventuais<br \/>\nd\u00favidas com o Supervisor Acad\u00eamico ou com o Tutor \u00e0 Dist\u00e2ncia:<br \/>\nSegundo Mirian Veras Batista (2007) projeto \u00e9 um documento que sistematiza e estabelece o tra\u00e7ado<br \/>\npr\u00e9vio da opera\u00e7\u00e3o de um conjunto de a\u00e7\u00f5es. Consiste no instrumental mais pr\u00f3ximo da execu\u00e7\u00e3o, devendo<br \/>\ndetalhar as atividades que ser\u00e3o desenvolvidas, estabelecer prazos, especificar recursos humanos e materiais.<br \/>\nComo produ\u00e7\u00e3o textual avaliativa do 5\u00ba semestre Flex \/ 6\u00ba Semestre o aluno-estagi\u00e1rio dever\u00e1<br \/>\nelaborar individualmente um Projeto de Interven\u00e7\u00e3o a partir de suas observa\u00e7\u00f5es e da caracteriza\u00e7\u00e3o<br \/>\nsocioinstitucional realizada no Est\u00e1gio I.<br \/>\nUm bom projeto deve contemplar algumas qualidades importantes como clareza e simplicidade na<br \/>\nreda\u00e7\u00e3o, objetividade nas informa\u00e7\u00f5es, na terminologia e nas especifica\u00e7\u00f5es t\u00e9cnicas. Deve, sobretudo, ser<br \/>\ncompat\u00edvel e coerente em rela\u00e7\u00e3o \u00e0 quest\u00e3o a que se destina. Utilize como refer\u00eancia o roteiro de projeto<br \/>\ndisponibilizado abaixo e observe que sendo uma produ\u00e7\u00e3o textual individual, o projeto dever\u00e1 ser produzido<br \/>\nde acordo com as normas ABNT, contendo capa, folha de rosto e refer\u00eancias bibliogr\u00e1ficas utilizadas em sua<br \/>\nelabora\u00e7\u00e3o.<br \/>\nRoteiro para Elabora\u00e7\u00e3o do:<br \/>\nProjeto de Interven\u00e7\u00e3o<br \/>\n1. APRESENTA\u00c7\u00c3O (apresentar a proposta de interven\u00e7\u00e3o; discorrer sobre o est\u00e1gio, identificando o local<br \/>\nonde ser\u00e1 executado o projeto).<br \/>\n2. JUSTIFICATIVA (fundamentar e justificar a proposta com base na an\u00e1lise institucional realizada e nas<br \/>\nrefer\u00eancias te\u00f3ricas sobre a especificidade da tem\u00e1tica e do fazer profissional. Existem 3 perguntas a<br \/>\nserem respondidas, que s\u00e3o: Por qu\u00ea? Para qu\u00ea? Para quem?).<br \/>\n3. OBJETIVOS (a partir da caracteriza\u00e7\u00e3o institucional, o estagi\u00e1rio poder\u00e1 identificar os objetivos de seu<br \/>\nprojeto).<br \/>\n3.1 GERAL<br \/>\n3.2 ESPEC\u00cdFICOS<br \/>\nPRODU\u00c7\u00c3O TEXTUAL<br \/>\nDO EST\u00c1GIO<br \/>\nCURSO DE TEOLOGIA<br \/>\nOrienta\u00e7\u00f5es para elabora\u00e7\u00e3o da produ\u00e7\u00e3o textual avaliativa do<br \/>\nEst\u00e1gio em Teologia II<br \/>\n4. P\u00daBLICO ALVO (s\u00e3o as pessoas ou os grupos de pessoas que participar\u00e3o das atividades, mais<br \/>\nespecificamente aquelas que estar\u00e3o envolvidas diretamente no contexto do objetivo geral).<br \/>\n5. METAS A ATINGIR (qualifica e quantifica os objetivos tornando-o delimitado, vi\u00e1vel e claro).<br \/>\n6. METODOLOGIA (a\u00e7\u00e3o a ser executada de acordo com a institui\u00e7\u00e3o\/\u00e1rea do est\u00e1gio como educa\u00e7\u00e3o<br \/>\nreligiosa, liturgia, lideran\u00e7a e administra\u00e7\u00e3o eclesi\u00e1stica, aconselhamento pastoral, homil\u00e9tica, etc.;<br \/>\nestrat\u00e9gias para atingir os objetivos como emprego de t\u00e9cnicas orat\u00f3rias, pesquisa, entrevista,<br \/>\nviv\u00eancias em grupos, jogos, etc.; instrumental utilizado como question\u00e1rios, relat\u00f3rios, material<br \/>\nexpositivo, cartazes, \u00e1lbum seriado, fita de v\u00eddeo, discursos, etc).<br \/>\n7. RECURSOS HUMANOS (pessoas a serem envolvidas na execu\u00e7\u00e3o do projeto);<br \/>\n8. PARCEIROS OU INSTITUI\u00c7\u00d5ES APOIADORAS (listar colaboradores se houver).<br \/>\n9. AVALIA\u00c7\u00c3O (como vai proceder para avaliar se o projeto foi exequ\u00edvel, se os objetivos foram<br \/>\nalcan\u00e7ados, se a metodologia contribui para atingir as metas. Se houve envolvimento da demanda e<br \/>\nda equipe t\u00e9cnica).<br \/>\n10. CRONOGRAMA DE EXECU\u00c7\u00c3O (consiste em colocar o tempo previsto para execu\u00e7\u00e3o das atividades<br \/>\nque ser\u00e3o desenvolvidas)<br \/>\n11. BIBLIOGRAFIA REFERENCIADA (consiste em listar o referencial te\u00f3rico que foi trabalhado no projeto).<br \/>\nOBS: o trabalho deve vir acompanhado de capa e folha de rosto devendo constar o nome do aluno e t\u00edtulo do<br \/>\ntrabalho. Exemplo: Projeto de Interven\u00e7\u00e3o.<br \/>\nNa produ\u00e7\u00e3o textual avaliativa do est\u00e1gio II o aluno dever\u00e1 fazer uma proposta de interven\u00e7\u00e3o<br \/>\ncontemplando os itens que est\u00e3o norteando a constru\u00e7\u00e3o do projeto de acordo com as orienta\u00e7\u00f5es acima.<br \/>\nEsse projeto deve ser produzido CONSTANDO TODOS OS T\u00d3PICOS ACIMA de acordo com as normas t\u00e9cnicas<br \/>\npara os trabalhos cient\u00edficos da ABNT, destacando capa, folha de rosto e refer\u00eancias bibliogr\u00e1ficas, tendo o<br \/>\ntrabalho um m\u00ednimo 06 e m\u00e1ximo de 08 laudas no TOTAL.<\/p>\n<div class=\"elementor-toggle-item\">\n<h4 class=\"elementor-tab-title elementor-active\" tabindex=\"0\" role=\"tab\" data-tab=\"1\" aria-controls=\"elementor-tab-content-1941\" aria-expanded=\"true\" aria-selected=\"true\">C<\/h4>\n<div class=\"elementor-toggle-item\">\n<p id=\"elementor-tab-title-1941\" class=\"elementor-tab-title elementor-active\" tabindex=\"0\" role=\"tab\" data-tab=\"1\" aria-controls=\"elementor-tab-content-1941\" aria-expanded=\"true\" aria-selected=\"true\"><strong>Como funciona?<\/strong><\/p>\n<p>Elaboramos os portf\u00f3lios, j\u00e1 deixamos prontos, nas normas da ABNT e conforme os requisitos da universidade. F\u00e1cil assim! O MELHOR \u00c9 QUE VOC\u00ca COMPRA E J\u00c1 BAIXA NA HORA O SEU ARQUIVO EM WORD! Sabemos que conciliar trabalho, fam\u00edlia, vida profissional e estudos \u00e9 dif\u00edcil hoje em dia, por isso, estamos aqui para ajudar voc\u00ea. Conte com nossa qualidade, experi\u00eancia e profissionalismo adquirindo seu portf\u00f3lio conosco. GARANTIMOS SEU CONCEITO!<\/p>\n<p><strong>Como se realizam os envios?<\/strong><\/p>\n<\/div>\n<p id=\"elementor-tab-content-1942\" class=\"elementor-tab-content elementor-clearfix elementor-active\" role=\"tabpanel\" data-tab=\"2\" aria-labelledby=\"elementor-tab-title-1942\">O seu trabalho \u00e9 disponibilizado pronto, respondido e nas normas j\u00e1 na mesma hora aqui em nosso site na sua \u00e1rea de downloads e tamb\u00e9m no seu e-mail.<\/p>\n<p><strong>Em quanto tempo recebo o portf\u00f3lio?<\/strong><\/p>\n<p>Os envios s\u00e3o imediatos. Ap\u00f3s sua compra, o trabalho j\u00e1 \u00e9 disponibilizado instantaneamente aqui em nosso site e no seu e-mail.<\/p>\n<p><strong>E se o portf\u00f3lio que comprei precisar de corre\u00e7\u00e3o?<\/strong><\/p>\n<p>Caso haja alguma solicita\u00e7\u00e3o de corre\u00e7\u00e3o\/altera\u00e7\u00e3o por parte do tutor, basta entrar em contato conosco pelo\u00a0WhatsApp\u00a0que provid\u00eanciaremos sem custo algum.<\/p>\n<p><strong>Qual o formato do arquivo?<\/strong><\/p>\n<p>Os arquivos s\u00e3o enviados em formato Word e s\u00e3o edit\u00e1veis.<\/p>\n<p><strong>Caso eu tiver alguma d\u00favida, terei suporte no p\u00f3s venda?<\/strong><\/p>\n<p>Sim, com certeza. Basta clicar no \u00edcone do WhatsApp no cantinho da tela. Ser\u00e1 um prazer atend\u00ea-lo(a).<\/p>\n<div id=\"elementor-tab-content-1948\" class=\"elementor-tab-content elementor-clearfix elementor-active\" role=\"tabpanel\" data-tab=\"8\" aria-labelledby=\"elementor-tab-title-1948\">\n<p><strong>Quais os seus canais de contato?<\/strong><\/p>\n<\/div>\n<div id=\"elementor-tab-content-1949\" class=\"elementor-tab-content elementor-clearfix elementor-active\" role=\"tabpanel\" data-tab=\"9\" aria-labelledby=\"elementor-tab-title-1949\">\n<p>Whatsapp: 53 984751621 \u2013 Clicar no canto da tela ou ESCANEIE O QRCODE ABAIXO<\/p>\n<h4><img decoding=\"async\" class=\"alignnone wp-image-13699 jetpack-lazy-image jetpack-lazy-image--handled\" src=\"https:\/\/i0.wp.com\/portifolioos-prontos.com\/wp-content\/uploads\/2023\/02\/whatsapp-business-projeto-de-extensao-300x300.jpeg?resize=144%2C144\" sizes=\"(max-width: 144px) 100vw, 144px\" srcset=\"https:\/\/i0.wp.com\/portifolioos-prontos.com\/wp-content\/uploads\/2023\/02\/whatsapp-business-projeto-de-extensao.jpeg?resize=300%2C301&amp;ssl=1 300w, https:\/\/i0.wp.com\/portifolioos-prontos.com\/wp-content\/uploads\/2023\/02\/whatsapp-business-projeto-de-extensao.jpeg?resize=150%2C150&amp;ssl=1 150w, https:\/\/i0.wp.com\/portifolioos-prontos.com\/wp-content\/uploads\/2023\/02\/whatsapp-business-projeto-de-extensao.jpeg?resize=370%2C372&amp;ssl=1 370w, https:\/\/i0.wp.com\/portifolioos-prontos.com\/wp-content\/uploads\/2023\/02\/whatsapp-business-projeto-de-extensao.jpeg?resize=100%2C100&amp;ssl=1 100w, https:\/\/i0.wp.com\/portifolioos-prontos.com\/wp-content\/uploads\/2023\/02\/whatsapp-business-projeto-de-extensao.jpeg?w=470&amp;ssl=1 470w\" alt=\"projeto de extens\u00e3o unopar\" width=\"144\" height=\"144\" data-lazy-loaded=\"1\" \/><\/h4>\n<\/div>\n<div class=\"elementor-toggle-item\">\n<div id=\"elementor-tab-content-1949\" class=\"elementor-tab-content elementor-clearfix elementor-active\" role=\"tabpanel\" data-tab=\"9\" aria-labelledby=\"elementor-tab-title-1949\">\n<p>E-mail:portifoliosp@gmail.com<\/p>\n<div id=\"attachment_143\" class=\"wp-caption alignnone\">\n<div id=\"attachment_143\" class=\"wp-caption alignnone\">\n<p id=\"caption-attachment-143\" class=\"wp-caption-text\"><a href=\"http:\/\/portfolio-pronto.com\/\">Portf\u00f3lio<\/a>\u00a0em Word, respondido, completo e j\u00e1 nas normas<\/p>\n<\/div>\n<\/div>\n<\/div>\n<\/div>\n<\/div>\n","protected":false},"excerpt":{"rendered":"<div class=\"product-short-description\">\n<div class=\"product-short-description\">\n<p><strong>Pague pelo PIX ou cart\u00e3o e fa\u00e7a o download agora mesmo.<\/strong><\/p>\n<\/div>\n<div class=\"sticky-add-to-cart-wrapper\">\n<div class=\"sticky-add-to-cart\">\n<p class=\"quantity buttons_added form-flat\"><img decoding=\"async\" class=\"lazyloaded smush-image-5 smush-image-3 smush-image-4 smush-detected-img smush-image-bigger-3\" src=\"https:\/\/d26lpennugtm8s.cloudfront.net\/assets\/common\/img\/logos\/payment\/visa@2x.png\" width=\"46\" height=\"29\" data-src=\"https:\/\/d26lpennugtm8s.cloudfront.net\/assets\/common\/img\/logos\/payment\/visa@2x.png\" \/><img decoding=\"async\" class=\"lazyloaded smush-image-6 smush-image-4 smush-image-5 smush-detected-img smush-image-bigger-4\" src=\"https:\/\/d26lpennugtm8s.cloudfront.net\/assets\/common\/img\/logos\/payment\/boleto@2x.png\" width=\"43\" height=\"27\" data-src=\"https:\/\/d26lpennugtm8s.cloudfront.net\/assets\/common\/img\/logos\/payment\/boleto@2x.png\" \/><img loading=\"lazy\" decoding=\"async\" class=\"lazyloaded smush-image-7 smush-image-5 smush-image-6 smush-detected-img smush-image-bigger-5\" src=\"https:\/\/d26lpennugtm8s.cloudfront.net\/assets\/common\/img\/logos\/payment\/mastercard@2x.png\" width=\"43\" height=\"27\" data-src=\"https:\/\/d26lpennugtm8s.cloudfront.net\/assets\/common\/img\/logos\/payment\/mastercard@2x.png\" \/><img loading=\"lazy\" decoding=\"async\" class=\"lazyloaded smush-image-8 smush-image-6 smush-image-7 smush-detected-img smush-image-bigger-6\" src=\"https:\/\/d26lpennugtm8s.cloudfront.net\/assets\/common\/img\/logos\/payment\/amex@2x.png\" width=\"43\" height=\"27\" data-src=\"https:\/\/d26lpennugtm8s.cloudfront.net\/assets\/common\/img\/logos\/payment\/amex@2x.png\" \/><img loading=\"lazy\" decoding=\"async\" class=\"lazyloaded smush-image-9 smush-image-7 smush-image-8 smush-detected-img smush-image-bigger-7\" src=\"https:\/\/d26lpennugtm8s.cloudfront.net\/assets\/common\/img\/logos\/payment\/diners@2x.png\" width=\"46\" height=\"29\" data-src=\"https:\/\/d26lpennugtm8s.cloudfront.net\/assets\/common\/img\/logos\/payment\/diners@2x.png\" \/><img loading=\"lazy\" decoding=\"async\" class=\"lazyloaded smush-image-10 smush-image-8 smush-image-9 alignnone smush-detected-img smush-image-bigger-8\" src=\"https:\/\/d26lpennugtm8s.cloudfront.net\/assets\/common\/img\/logos\/payment\/br\/elo@2x.png\" alt=\"portf\u00f3lio unopar anhanguera\" width=\"45\" height=\"28\" data-src=\"https:\/\/d26lpennugtm8s.cloudfront.net\/assets\/common\/img\/logos\/payment\/br\/elo@2x.png\" \/><img loading=\"lazy\" decoding=\"async\" class=\"lazyloaded smush-image-11 smush-image-9 smush-image-10 alignnone smush-detected-img smush-image-bigger-9\" src=\"https:\/\/d26lpennugtm8s.cloudfront.net\/assets\/common\/img\/logos\/payment\/br\/hipercard@2x.png\" alt=\"portf\u00f3lio unopar anhanguera\" width=\"44\" height=\"28\" data-src=\"https:\/\/d26lpennugtm8s.cloudfront.net\/assets\/common\/img\/logos\/payment\/br\/hipercard@2x.png\" \/><img loading=\"lazy\" decoding=\"async\" class=\"lazyloaded smush-image-12 smush-image-10 smush-image-11 alignnone smush-detected-img smush-image-bigger-10\" src=\"https:\/\/d26lpennugtm8s.cloudfront.net\/assets\/common\/img\/logos\/payment\/mercadopago@2x.png\" alt=\"portf\u00f3lio unopar anhanguera\" width=\"45\" height=\"28\" data-src=\"https:\/\/d26lpennugtm8s.cloudfront.net\/assets\/common\/img\/logos\/payment\/mercadopago@2x.png\" \/><img loading=\"lazy\" decoding=\"async\" class=\"alignnone lazyloaded smush-detected-img smush-image-bigger-11\" src=\"https:\/\/futurium.com.br\/wp-content\/uploads\/2021\/06\/logo-pix-icone-512.png\" alt=\"portfolio pronto\" width=\"30\" height=\"30\" data-src=\"https:\/\/futurium.com.br\/wp-content\/uploads\/2021\/06\/logo-pix-icone-512.png\" \/><\/p>\n<\/div>\n<\/div>\n<\/div>\n","protected":false},"featured_media":35872,"template":"","meta":{"_seopress_robots_primary_cat":"","_seopress_titles_title":"%%post_title%% %%sitetitle%%","_seopress_titles_desc":"%%post_content%%","_seopress_robots_index":""},"product_cat":[59],"product_tag":[747,746],"class_list":{"0":"post-35868","1":"product","2":"type-product","3":"status-publish","4":"has-post-thumbnail","6":"product_cat-teologia","7":"product_tag-portfolio-de-estagio-anhanguera","8":"product_tag-portfolio-de-estagio-unopar","10":"first","11":"instock","12":"downloadable","13":"virtual","14":"purchasable","15":"product-type-simple","16":"col-xs-6 col-sm-4","17":"col-mf-5","18":"un-5-cols"},"jetpack_sharing_enabled":true,"_links":{"self":[{"href":"https:\/\/portifolioos-prontos.com\/index.php\/wp-json\/wp\/v2\/product\/35868","targetHints":{"allow":["GET"]}}],"collection":[{"href":"https:\/\/portifolioos-prontos.com\/index.php\/wp-json\/wp\/v2\/product"}],"about":[{"href":"https:\/\/portifolioos-prontos.com\/index.php\/wp-json\/wp\/v2\/types\/product"}],"version-history":[{"count":0,"href":"https:\/\/portifolioos-prontos.com\/index.php\/wp-json\/wp\/v2\/product\/35868\/revisions"}],"wp:featuredmedia":[{"embeddable":true,"href":"https:\/\/portifolioos-prontos.com\/index.php\/wp-json\/wp\/v2\/media\/35872"}],"wp:attachment":[{"href":"https:\/\/portifolioos-prontos.com\/index.php\/wp-json\/wp\/v2\/media?parent=35868"}],"wp:term":[{"taxonomy":"product_cat","embeddable":true,"href":"https:\/\/portifolioos-prontos.com\/index.php\/wp-json\/wp\/v2\/product_cat?post=35868"},{"taxonomy":"product_tag","embeddable":true,"href":"https:\/\/portifolioos-prontos.com\/index.php\/wp-json\/wp\/v2\/product_tag?post=35868"}],"curies":[{"name":"wp","href":"https:\/\/api.w.org\/{rel}","templated":true}]}}