{"id":35923,"date":"2025-03-27T14:12:13","date_gmt":"2025-03-27T17:12:13","guid":{"rendered":"https:\/\/portifolioos-prontos.com\/?post_type=product&#038;p=35923"},"modified":"2025-09-02T22:30:26","modified_gmt":"2025-09-03T01:30:26","slug":"aula-pratica-arquitetura-de-seguranca-2","status":"publish","type":"product","link":"https:\/\/portifolioos-prontos.com\/index.php\/product\/aula-pratica-arquitetura-de-seguranca-2\/","title":{"rendered":"Aula Pr\u00e1tica Arquitetura de Seguran\u00e7a"},"content":{"rendered":"<h4>Portf\u00f3lio Aula Pr\u00e1tica Arquitetura de Seguran\u00e7a<\/h4>\n<p>NOME DA DISCIPLINA: Arquitetura de Seguran\u00e7a<br \/>\nUnidade: 2 \u2013 Seguran\u00e7a em Sistemas Diversos<br \/>\nAula: 4 &#8211; Seguran\u00e7a de Redes de computadores<br \/>\nOBJETIVOS<br \/>\nDefini\u00e7\u00e3o dos objetivos da aula pr\u00e1tica:<br \/>\nConhecer e ser capaz de identificar os pacotes monitorados e compreender o fluxo da rede e as<br \/>\namea\u00e7as poss\u00edveis.<br \/>\nSOLU\u00c7\u00c3O DIGITAL:<br \/>\nWireshark<br \/>\nWireshark \u00e9 um software do tipo sniffer muito popular, sendo bastante utilizado por profissionais<br \/>\nde seguran\u00e7a no monitoramento de redes corporativas. A ferramenta pode ser encontrada em:<br \/>\nhttps:\/\/www.wireshark.org<br \/>\nPROCEDIMENTOS PR\u00c1TICOS E APLICA\u00c7\u00d5ES<br \/>\nProcedimento\/Atividade n\u00ba 1<br \/>\nMonitoramento de Pacotes da Rede<br \/>\nAtividade proposta: Analisar o fluxo de pacote de uma rede utilizando o sniffer Wireshark.<br \/>\nProcedimentos para a realiza\u00e7\u00e3o da atividade:<br \/>\nSniffers, ou &#8220;farejadores&#8221; em tradu\u00e7\u00e3o literal, s\u00e3o softwares projetados para monitorar e analisar<br \/>\no tr\u00e1fego de dados em uma rede de comunica\u00e7\u00e3o Local Area Network (LAN). Esses programas<br \/>\nconseguem interceptar os pacotes de dados que circulam na rede, permitindo a an\u00e1lise detalhada<br \/>\ndo conte\u00fado transmitido. Se os pacotes n\u00e3o estiverem criptografados, as informa\u00e7\u00f5es podem ser<br \/>\nacessadas com facilidade, representando um risco \u00e0 privacidade.Um dos sniffers mais populares<br \/>\n\u00e9 oWireshark, amplamente utilizado por profissionais de seguran\u00e7a para monitorar redes<br \/>\ncorporativas. Ele se destaca por sua interface intuitiva, documenta\u00e7\u00e3o abrangente e atualiza\u00e7\u00f5es<br \/>\nregulares, tornando-o uma ferramenta confi\u00e1vel para an\u00e1lise e diagn\u00f3stico de redes.<br \/>\nP\u00fablico3<br \/>\nUtilize o sniffer para analisar os pacotes que s\u00e3o captados a partir do acesso a um site a sua<br \/>\nescolha. Ap\u00f3s esta varredura, desenvolva um relat\u00f3rio baseado nas quest\u00f5es a seguir:<br \/>\n\u2022 Qual foi a quantidade de pacotes captados?<br \/>\n\u2022 Descreva o que significa cada protocolo dos pacotes (ex: TCP, HTTP&#8230;).<br \/>\n\u2022 Qual foi o primeiro pacote identificado pela ferramenta?<br \/>\n\u2022 Apresente um print do Wireshark exibindo parte do tr\u00e1fego capturado.<br \/>\nComo utilizar a ferramenta Wireshark:<br \/>\n\u2022 Para utilizar a ferramenta Wireshark, analise a Figura 1.<br \/>\nFigura 1: Tela do Wireshark<br \/>\nFonte: Autor.<br \/>\n4<br \/>\n2<br \/>\n3<br \/>\n1<br \/>\nP\u00fablico4<br \/>\nLegenda da Figura 1:<br \/>\n1: Bot\u00e3o para iniciar a captura de dados. Ao lado, o bot\u00e3o para parar a captura de<br \/>\ndados.<br \/>\n2: Lista de Pacotes;<br \/>\n3: Detalhes dos Pacotes;<br \/>\n4: Bytes dos Pacotes.<br \/>\nAvaliando os resultados:<br \/>\nA atividade proposta tem como objetivo avaliar sua capacidade de capturar e analisar o tr\u00e1fego<br \/>\nde rede utilizando o Wireshark, uma ferramenta amplamente usada para monitoramento de redes.<br \/>\nPara isso, voc\u00ea dever\u00e1 realizar a captura de pacotes em uma interface de rede durante uma<br \/>\natividade cotidiana, como navega\u00e7\u00e3o na internet ou transfer\u00eancia de arquivos. A captura deve ser<br \/>\nconfigurada corretamente e ter dura\u00e7\u00e3o suficiente para gerar dados relevantes para an\u00e1lise.<br \/>\nAp\u00f3s a coleta, ser\u00e1 necess\u00e1rio interpretar os dados capturados, identificando os principais<br \/>\nprotocolos envolvidos, como HTTP, HTTPS, DNS, TCP ou UDP. Al\u00e9m disso, voc\u00ea dever\u00e1 analisar<br \/>\no tr\u00e1fego em busca de problemas ou anomalias, como erros, pacotes retransmitidos ou<br \/>\ncomportamentos suspeitos. O uso de filtros no Wireshark ser\u00e1 essencial para facilitar essa etapa,<br \/>\najudando a destacar informa\u00e7\u00f5es importantes e eliminar ru\u00eddos.<br \/>\nChecklist:<br \/>\n\u2713 Utilizar a ferramenta proposta;<br \/>\n\u2713 Realizar a captura de pacotes;<br \/>\n\u2713 Descri\u00e7\u00e3o dos pacotes capturados;<br \/>\nRESULTADOS<br \/>\nResultados do experimento:<br \/>\nAo final dessa aula pr\u00e1tica, voc\u00ea dever\u00e1 enviar um arquivo em pdf contendo os itens pedidos<br \/>\nnesta atividade e os prints de tela da ferramenta, apresentando os pacotes capturados. O arquivo<br \/>\nn\u00e3o pode exceder o tamanho de 2Mb.<br \/>\nResultados de Aprendizagem:<br \/>\nComo resultados dessa pr\u00e1tica ser\u00e1 poss\u00edvel ter compet\u00eancias t\u00e9cnicas e anal\u00edticas para capturar,<br \/>\ninterpretar e avaliar tr\u00e1fego de rede utilizando o Wireshark.<\/p>\n<div class=\"elementor-toggle-item\">\n<div class=\"elementor-toggle-item\">\n<p id=\"elementor-tab-title-1941\" class=\"elementor-tab-title elementor-active\" tabindex=\"0\" role=\"tab\" data-tab=\"1\" aria-controls=\"elementor-tab-content-1941\" aria-expanded=\"true\" aria-selected=\"true\"><strong>Como funciona?<\/strong><\/p>\n<p>Elaboramos os portf\u00f3lios, j\u00e1 deixamos prontos, nas normas da ABNT e conforme os requisitos da universidade. F\u00e1cil assim! O MELHOR \u00c9 QUE VOC\u00ca COMPRA E J\u00c1 BAIXA NA HORA O SEU ARQUIVO EM WORD! Sabemos que conciliar trabalho, fam\u00edlia, vida profissional e estudos \u00e9 dif\u00edcil hoje em dia, por isso, estamos aqui para ajudar voc\u00ea. Conte com nossa qualidade, experi\u00eancia e profissionalismo adquirindo seu portf\u00f3lio conosco. GARANTIMOS SEU CONCEITO!<\/p>\n<p><strong>Como se realizam os envios?<\/strong><\/p>\n<\/div>\n<p id=\"elementor-tab-content-1942\" class=\"elementor-tab-content elementor-clearfix elementor-active\" role=\"tabpanel\" data-tab=\"2\" aria-labelledby=\"elementor-tab-title-1942\">O seu trabalho \u00e9 disponibilizado pronto, respondido e nas normas j\u00e1 na mesma hora aqui em nosso site na sua \u00e1rea de downloads e tamb\u00e9m no seu e-mail.<\/p>\n<p><strong>Em quanto tempo recebo o portf\u00f3lio?<\/strong><\/p>\n<p>Os envios s\u00e3o imediatos. Ap\u00f3s sua compra, o trabalho j\u00e1 \u00e9 disponibilizado instantaneamente aqui em nosso site e no seu e-mail.<\/p>\n<p><strong>E se o portf\u00f3lio que comprei precisar de corre\u00e7\u00e3o?<\/strong><\/p>\n<p>Caso haja alguma solicita\u00e7\u00e3o de corre\u00e7\u00e3o\/altera\u00e7\u00e3o por parte do tutor, basta entrar em contato conosco pelo\u00a0WhatsApp\u00a0que provid\u00eanciaremos sem custo algum.<\/p>\n<p><strong>Qual o formato do arquivo?<\/strong><\/p>\n<p>Os arquivos s\u00e3o enviados em formato Word e s\u00e3o edit\u00e1veis.<\/p>\n<p><strong>Caso eu tiver alguma d\u00favida, terei suporte no p\u00f3s venda?<\/strong><\/p>\n<p>Sim, com certeza. Basta clicar no \u00edcone do WhatsApp no cantinho da tela. Ser\u00e1 um prazer atend\u00ea-lo(a).<\/p>\n<div id=\"elementor-tab-content-1948\" class=\"elementor-tab-content elementor-clearfix elementor-active\" role=\"tabpanel\" data-tab=\"8\" aria-labelledby=\"elementor-tab-title-1948\">\n<p><strong>Quais os seus canais de contato?<\/strong><\/p>\n<\/div>\n<div id=\"elementor-tab-content-1949\" class=\"elementor-tab-content elementor-clearfix elementor-active\" role=\"tabpanel\" data-tab=\"9\" aria-labelledby=\"elementor-tab-title-1949\">\n<p>Whatsapp: 53 984751621 \u2013 Clicar no canto da tela ou ESCANEIE O QRCODE ABAIXO<\/p>\n<h4><img decoding=\"async\" class=\"alignnone wp-image-13699 jetpack-lazy-image jetpack-lazy-image--handled\" src=\"https:\/\/i0.wp.com\/portifolioos-prontos.com\/wp-content\/uploads\/2023\/02\/whatsapp-business-projeto-de-extensao-300x300.jpeg?resize=144%2C144\" sizes=\"(max-width: 144px) 100vw, 144px\" srcset=\"https:\/\/i0.wp.com\/portifolioos-prontos.com\/wp-content\/uploads\/2023\/02\/whatsapp-business-projeto-de-extensao.jpeg?resize=300%2C301&amp;ssl=1 300w, https:\/\/i0.wp.com\/portifolioos-prontos.com\/wp-content\/uploads\/2023\/02\/whatsapp-business-projeto-de-extensao.jpeg?resize=150%2C150&amp;ssl=1 150w, https:\/\/i0.wp.com\/portifolioos-prontos.com\/wp-content\/uploads\/2023\/02\/whatsapp-business-projeto-de-extensao.jpeg?resize=370%2C372&amp;ssl=1 370w, https:\/\/i0.wp.com\/portifolioos-prontos.com\/wp-content\/uploads\/2023\/02\/whatsapp-business-projeto-de-extensao.jpeg?resize=100%2C100&amp;ssl=1 100w, https:\/\/i0.wp.com\/portifolioos-prontos.com\/wp-content\/uploads\/2023\/02\/whatsapp-business-projeto-de-extensao.jpeg?w=470&amp;ssl=1 470w\" alt=\"projeto de extens\u00e3o unopar\" width=\"144\" height=\"144\" data-lazy-loaded=\"1\" \/><\/h4>\n<\/div>\n<div class=\"elementor-toggle-item\">\n<div id=\"elementor-tab-content-1949\" class=\"elementor-tab-content elementor-clearfix elementor-active\" role=\"tabpanel\" data-tab=\"9\" aria-labelledby=\"elementor-tab-title-1949\">\n<p>E-mail:portifoliosp@gmail.com<\/p>\n<div id=\"attachment_143\" class=\"wp-caption alignnone\">\n<div id=\"attachment_143\" class=\"wp-caption alignnone\">\n<p id=\"caption-attachment-143\" class=\"wp-caption-text\"><a href=\"http:\/\/portfolio-pronto.com\/\">Portf\u00f3lio<\/a>\u00a0em Word, respondido, completo e j\u00e1 nas normas<\/p>\n<\/div>\n<\/div>\n<\/div>\n<\/div>\n<\/div>\n","protected":false},"excerpt":{"rendered":"<div class=\"product-short-description\">\n<div class=\"product-short-description\">\n<p><strong>Pague pelo PIX ou cart\u00e3o e fa\u00e7a o download agora mesmo.<\/strong><\/p>\n<\/div>\n<div class=\"sticky-add-to-cart-wrapper\">\n<div class=\"sticky-add-to-cart\">\n<p class=\"quantity buttons_added form-flat\"><img decoding=\"async\" class=\"lazyloaded smush-image-5 smush-image-3 smush-image-4 smush-detected-img smush-image-bigger-3\" src=\"https:\/\/d26lpennugtm8s.cloudfront.net\/assets\/common\/img\/logos\/payment\/visa@2x.png\" width=\"46\" height=\"29\" data-src=\"https:\/\/d26lpennugtm8s.cloudfront.net\/assets\/common\/img\/logos\/payment\/visa@2x.png\" \/><img decoding=\"async\" class=\"lazyloaded smush-image-6 smush-image-4 smush-image-5 smush-detected-img smush-image-bigger-4\" src=\"https:\/\/d26lpennugtm8s.cloudfront.net\/assets\/common\/img\/logos\/payment\/boleto@2x.png\" width=\"43\" height=\"27\" data-src=\"https:\/\/d26lpennugtm8s.cloudfront.net\/assets\/common\/img\/logos\/payment\/boleto@2x.png\" \/><img loading=\"lazy\" decoding=\"async\" class=\"lazyloaded smush-image-7 smush-image-5 smush-image-6 smush-detected-img smush-image-bigger-5\" src=\"https:\/\/d26lpennugtm8s.cloudfront.net\/assets\/common\/img\/logos\/payment\/mastercard@2x.png\" width=\"43\" height=\"27\" data-src=\"https:\/\/d26lpennugtm8s.cloudfront.net\/assets\/common\/img\/logos\/payment\/mastercard@2x.png\" \/><img loading=\"lazy\" decoding=\"async\" class=\"lazyloaded smush-image-8 smush-image-6 smush-image-7 smush-detected-img smush-image-bigger-6\" src=\"https:\/\/d26lpennugtm8s.cloudfront.net\/assets\/common\/img\/logos\/payment\/amex@2x.png\" width=\"43\" height=\"27\" data-src=\"https:\/\/d26lpennugtm8s.cloudfront.net\/assets\/common\/img\/logos\/payment\/amex@2x.png\" \/><img loading=\"lazy\" decoding=\"async\" class=\"lazyloaded smush-image-9 smush-image-7 smush-image-8 smush-detected-img smush-image-bigger-7\" src=\"https:\/\/d26lpennugtm8s.cloudfront.net\/assets\/common\/img\/logos\/payment\/diners@2x.png\" width=\"46\" height=\"29\" data-src=\"https:\/\/d26lpennugtm8s.cloudfront.net\/assets\/common\/img\/logos\/payment\/diners@2x.png\" \/><img loading=\"lazy\" decoding=\"async\" class=\"lazyloaded smush-image-10 smush-image-8 smush-image-9 alignnone smush-detected-img smush-image-bigger-8\" src=\"https:\/\/d26lpennugtm8s.cloudfront.net\/assets\/common\/img\/logos\/payment\/br\/elo@2x.png\" alt=\"portf\u00f3lio unopar anhanguera\" width=\"45\" height=\"28\" data-src=\"https:\/\/d26lpennugtm8s.cloudfront.net\/assets\/common\/img\/logos\/payment\/br\/elo@2x.png\" \/><img loading=\"lazy\" decoding=\"async\" class=\"lazyloaded smush-image-11 smush-image-9 smush-image-10 alignnone smush-detected-img smush-image-bigger-9\" src=\"https:\/\/d26lpennugtm8s.cloudfront.net\/assets\/common\/img\/logos\/payment\/br\/hipercard@2x.png\" alt=\"portf\u00f3lio unopar anhanguera\" width=\"44\" height=\"28\" data-src=\"https:\/\/d26lpennugtm8s.cloudfront.net\/assets\/common\/img\/logos\/payment\/br\/hipercard@2x.png\" \/><img loading=\"lazy\" decoding=\"async\" class=\"lazyloaded smush-image-12 smush-image-10 smush-image-11 alignnone smush-detected-img smush-image-bigger-10\" src=\"https:\/\/d26lpennugtm8s.cloudfront.net\/assets\/common\/img\/logos\/payment\/mercadopago@2x.png\" alt=\"portf\u00f3lio unopar anhanguera\" width=\"45\" height=\"28\" data-src=\"https:\/\/d26lpennugtm8s.cloudfront.net\/assets\/common\/img\/logos\/payment\/mercadopago@2x.png\" \/><img loading=\"lazy\" decoding=\"async\" class=\"alignnone lazyloaded smush-detected-img smush-image-bigger-11\" src=\"https:\/\/futurium.com.br\/wp-content\/uploads\/2021\/06\/logo-pix-icone-512.png\" alt=\"portfolio pronto\" width=\"30\" height=\"30\" data-src=\"https:\/\/futurium.com.br\/wp-content\/uploads\/2021\/06\/logo-pix-icone-512.png\" \/><\/p>\n<\/div>\n<\/div>\n<\/div>\n","protected":false},"featured_media":35927,"template":"","meta":{"_seopress_robots_primary_cat":"none","_seopress_titles_title":"%%post_title%% %%sitetitle%%","_seopress_titles_desc":"%%post_content%%","_seopress_robots_index":""},"product_cat":[15],"product_tag":[],"class_list":{"0":"post-35923","1":"product","2":"type-product","3":"status-publish","4":"has-post-thumbnail","6":"product_cat-uncategorized","8":"first","9":"instock","10":"downloadable","11":"virtual","12":"purchasable","13":"product-type-simple","14":"col-xs-6 col-sm-4","15":"col-mf-5","16":"un-5-cols"},"jetpack_sharing_enabled":true,"_links":{"self":[{"href":"https:\/\/portifolioos-prontos.com\/index.php\/wp-json\/wp\/v2\/product\/35923","targetHints":{"allow":["GET"]}}],"collection":[{"href":"https:\/\/portifolioos-prontos.com\/index.php\/wp-json\/wp\/v2\/product"}],"about":[{"href":"https:\/\/portifolioos-prontos.com\/index.php\/wp-json\/wp\/v2\/types\/product"}],"version-history":[{"count":0,"href":"https:\/\/portifolioos-prontos.com\/index.php\/wp-json\/wp\/v2\/product\/35923\/revisions"}],"wp:featuredmedia":[{"embeddable":true,"href":"https:\/\/portifolioos-prontos.com\/index.php\/wp-json\/wp\/v2\/media\/35927"}],"wp:attachment":[{"href":"https:\/\/portifolioos-prontos.com\/index.php\/wp-json\/wp\/v2\/media?parent=35923"}],"wp:term":[{"taxonomy":"product_cat","embeddable":true,"href":"https:\/\/portifolioos-prontos.com\/index.php\/wp-json\/wp\/v2\/product_cat?post=35923"},{"taxonomy":"product_tag","embeddable":true,"href":"https:\/\/portifolioos-prontos.com\/index.php\/wp-json\/wp\/v2\/product_tag?post=35923"}],"curies":[{"name":"wp","href":"https:\/\/api.w.org\/{rel}","templated":true}]}}