{"id":35937,"date":"2025-03-27T14:30:40","date_gmt":"2025-03-27T17:30:40","guid":{"rendered":"https:\/\/portifolioos-prontos.com\/?post_type=product&#038;p=35937"},"modified":"2025-08-03T18:31:36","modified_gmt":"2025-08-03T21:31:36","slug":"praticas-pedagogicas-em-geografia-anos-finais-do-ensino-fundamental","status":"publish","type":"product","link":"https:\/\/portifolioos-prontos.com\/index.php\/product\/praticas-pedagogicas-em-geografia-anos-finais-do-ensino-fundamental\/","title":{"rendered":"Pr\u00e1ticas pedag\u00f3gicas em Geografia: anos finais do ensino fundamental"},"content":{"rendered":"<h4>Pr\u00e1ticas pedag\u00f3gicas em Geografia: anos finais do ensino fundamental<\/h4>\n<hr \/>\n<p>Ol\u00e1, estudante!<br \/>\nNeste momento, voc\u00ea realizar\u00e1 duas atividades relacionadas a uma situa\u00e7\u00e3o t\u00edpica da atua\u00e7\u00e3o do<br \/>\nprofessor de Geografia que trabalha nos anos finais do Ensino Fundamental (6\u00ba ao 9\u00ba ano). O<br \/>\ndesenvolvimento de uma Avalia\u00e7\u00e3o Diagn\u00f3stica, como estrat\u00e9gia educativa para o mapeamento<br \/>\ndos conhecimentos pr\u00e9vios dos estudantes; e uma proposta de interven\u00e7\u00e3o com base no resultado<br \/>\nda avalia\u00e7\u00e3o realizada.<br \/>\nObjetivos<br \/>\n\u2022 Refletir sobre a import\u00e2ncia da avalia\u00e7\u00e3o diagn\u00f3stica.<br \/>\n\u2022 Construir uma avalia\u00e7\u00e3o diagn\u00f3stica com os conte\u00fados referentes \u00e0 Geografia.<br \/>\n\u2022 Empregar os objetos de aprendizagem e as habilidades descritas na BNCC em<br \/>\nquest\u00f5es pertinentes \u00e0 avalia\u00e7\u00e3o diagn\u00f3stica.<br \/>\n\u2022 Analisar os resultados de uma avalia\u00e7\u00e3o diagn\u00f3stica.<br \/>\n\u2022 Produzir propostas de atividades para nivelar o conhecimento dos alunos a partir dos<br \/>\nresultados obtidos em uma avalia\u00e7\u00e3o diagn\u00f3stica.<br \/>\nSitua\u00e7\u00e3o-problema<br \/>\nDurante o in\u00edcio do ano letivo, voc\u00ea assumiu uma vaga de professor de Geografia em tr\u00eas turmas<br \/>\nde 6\u00ba ano em um col\u00e9gio da rede estadual de ensino. Como os alunos s\u00e3o novos na escola, rec\u00e9m<br \/>\nchegados de escolas do mun\u00edcipio, que s\u00e3o respons\u00e1veis pela educa\u00e7\u00e3o apenas at\u00e9 o 5\u00ba ano,<br \/>\nvoc\u00ea ainda n\u00e3o conhce o n\u00edvel de conhecimento dos alunos, e por isso, decidiu por avali\u00e1-los<br \/>\nmediante uma conversa mais informal durante a primeira aula e por meio da aplica\u00e7\u00e3o de uma<br \/>\navalia\u00e7\u00e3o diagn\u00f3stica em um segundo momento.<br \/>\nPara elaborar a atividade, voc\u00ea precisar\u00e1:<br \/>\nPasso 1:<br \/>\nLer e conhecer as compet\u00eancias espec\u00edficas referentes \u00e0 Geografia de acordo com a BNCC, bem<br \/>\ncomo a proposta de objetos de conhecimento e habilidades prevista para a 6\u00ba s\u00e9rie. Sobre as<br \/>\ncompet\u00eancias espec\u00edficas, indicamos a leitura das p\u00e1ginas 357 a 364 da BNCC. J\u00e1 sobre os<br \/>\nobjetos de conhecimento e habilidades do 6\u00ba ano, indicamos a leitura das p\u00e1ginas 379, 382 e<br \/>\n383. O arquivo da BNCC pode ser consultado no site do Minist\u00e9rio da Educa\u00e7\u00e3o ou em anexo a<br \/>\nATV<br \/>\nPr\u00e1ticas pedag\u00f3gicas em Geografia: anos finais do ensino fundamental<\/p>\n<p>ATIVIDADE PR\u00c1TICA<br \/>\nessas orienta\u00e7\u00f5es.<br \/>\nPasso 2:<br \/>\nConstruir a avalia\u00e7\u00e3o diagn\u00f3stica da disciplina de Geografia para o 6\u00ba ano do Ensino Fundamental,<br \/>\ncontendo 10 perguntas relacionadas ao desenvolvimento das compet\u00eancias definidas no item 1,<br \/>\nsendo 8 de m\u00faltipla escolha e 2 dissertativas, conforme modelo, a seguir.<\/p>\n<p>Exemplo:<\/p>\n<p>Habilidade prevista na BNCC:<br \/>\n(EF06GE01) Comparar modifica\u00e7\u00f5es das paisagens nos lugares de viv\u00eancia e os<br \/>\nusos desses lugares em diferentes tempos.<br \/>\nExemplo de quest\u00e3o diagn\u00f3stica de m\u00faltipla escolha:<br \/>\nPaisagem para a Geografia \u00e9 tudo aquilo que pode ser visto e percebido em um<br \/>\ndeterminado espa\u00e7o. As paisagens podem ser classificadas em dois tipos:<br \/>\na) Naturais e Ambientais.<br \/>\nb) Ambientais e Transformadas.<br \/>\nc) Naturais e Culturais.<br \/>\nd) Antropizadas e Humanizadas.<\/p>\n<p>Habilidade prevista na BNCC:<br \/>\n(EF06GE02) Analisar modifica\u00e7\u00f5es de paisagens por diferentes tipos de sociedade,<br \/>\ncom destaque para os povos origin\u00e1rios.<br \/>\nExemplo de quest\u00e3o diagn\u00f3stica dissertativa:<br \/>\nO ser humano sempre causou transforma\u00e7\u00f5es nas paisagens, por\u00e9m, cada tipo de<br \/>\nsociedade tem uma forma de utilizar os recursos naturais e de transformar os<br \/>\nespa\u00e7os. Como as paisagens brasileiras foram sendo transformadas com a chegada<br \/>\ndos colonizadores europeus?<\/p>\n<p>Passo 3:<br \/>\nAgora voc\u00ea vai escolher uma das habilidades que foram cobradas na avalia\u00e7\u00e3o diagn\u00f3stica para se<br \/>\naprofundar. Pois, vamos supor que cerca da metade dos alunos n\u00e3o se apropriu dessa habilidade,<br \/>\ne para seguir com os conte\u00fados do 6\u00ba ano, essa habilidade \u00e9 essencial. Para tanto, voc\u00ea precisa<br \/>\nelaborar uma proposta de atividade para nivelar o conhecimento dos alunos a partir dos resultados<br \/>\nobtidos em uma avalia\u00e7\u00e3o diagn\u00f3stica. Para guia-lo nesse passo, siga o modelo a seguir:<br \/>\nATV<br \/>\nHabilidade n\u00e3o alcan\u00e7ada<br \/>\nATIVIDADE PR\u00c1TICA<br \/>\n(De acordo com a BNCC)<br \/>\nConte\u00fado a ser trabalhado<br \/>\n(Tema principal)<br \/>\nAtividade de nivelamento<br \/>\nDescri\u00e7\u00e3o da(s) atividade(s) a serem desenvolvida(s) para que o<br \/>\nm\u00e1ximo de alunos da turma tenha condi\u00e7\u00f5es de prosseguir com<br \/>\nos estudos, ou seja, para que apresentem o conhecimento pr\u00e9vio<br \/>\npara acompanhar a turma no desenvolvimento dos conceitos do<br \/>\n6\u00ba ano. Aqui pode ser uma aula expositiva, um jogo ou uma outra<br \/>\natividade, apenas lembre-se que deve ser apresentada de uma<br \/>\nforma que a maior parte dos alunos consiga associar a habilidade<br \/>\ndeterminada.<br \/>\nPasso 4:<br \/>\nElabora\u00e7\u00e3o do trabalho para postagem no AVA, contendo:<br \/>\n1) Capa da Institui\u00e7\u00e3o, conforme orienta\u00e7\u00e3o dispon\u00edvel na biblioteca virtual.<br \/>\n2) Apresenta\u00e7\u00e3o das compet\u00eancias utilizadas para elabora\u00e7\u00e3o da avalia\u00e7\u00e3o diagn\u00f3stica,<br \/>\ncomentando a import\u00e2ncia de cada uma.<br \/>\n3) A avalia\u00e7\u00e3o diagn\u00f3stica, contendo dez perguntas, sendo 8 de m\u00faltipla escolha e 2<br \/>\ndissertativas.<br \/>\n4) Proposta de atividade para nivelar o conhecimento dos alunos a partir dos resultados<br \/>\nobtidos em uma avalia\u00e7\u00e3o diagn\u00f3stica.<br \/>\nNORMAS PARA ENTREGA DA ATIVIDADE PR\u00c1TICA<br \/>\n\u2022 Voc\u00ea dever\u00e1 postar seu trabalho final no AVA, na pasta espec\u00edfica relacionada \u00e0 atividade<br \/>\npr\u00e1tica, obedecendo o prazo limite de postagem, conforme disposto no AVA.<br \/>\n\u2022 O trabalho deve ser enviado em formato Word ou PDF, em um ARQUIVO \u00daNICO de at\u00e9 10<br \/>\nMB.<br \/>\n\u2022 O sistema permite anexar apenas um arquivo. Caso haja mais de uma postagem, ser\u00e1<br \/>\nconsiderada a \u00faltima vers\u00e3o.<br \/>\nIMPORTANTE:<br \/>\n\u2022 A entrega da\u00a0atividade, de acordo com a proposta solicitada, \u00e9 um\u00a0crit\u00e9rio\u00a0de aprova\u00e7\u00e3o na<br \/>\ndisciplina.<br \/>\n\u2022 N\u00e3o h\u00e1 prorroga\u00e7\u00e3o para a postagem da atividade.<br \/>\nATV<br \/>\nATIVIDADE PR\u00c1TICA<br \/>\nAproveite essa oportunidade para aprofundar ainda mais seus conhecimentos.<br \/>\nRefer\u00eancias<br \/>\nBons estudos!<br \/>\nBRASIL. Minist\u00e9rio da Educa\u00e7\u00e3o. Base Nacional\u00a0Comum\u00a0Curricular. Bras\u00edlia, 2017. Dispon\u00edvel<br \/>\nem:\u00a0<a href=\"http:\/\/basenacionalcomum.mec.gov.br\/abase\/\" rel=\"nofollow\">http:\/\/basenacionalcomum.mec.gov.br\/abase\/<\/a>\u00a0Acesso em: 12 dez. 2023.<\/p>\n<div class=\"elementor-toggle-item\">\n<div class=\"elementor-toggle-item\">\n<p id=\"elementor-tab-title-1941\" class=\"elementor-tab-title elementor-active\" tabindex=\"0\" role=\"tab\" data-tab=\"1\" aria-controls=\"elementor-tab-content-1941\" aria-expanded=\"true\" aria-selected=\"true\"><strong>Como funciona?<\/strong><\/p>\n<p>Elaboramos os portf\u00f3lios, j\u00e1 deixamos prontos, nas normas da ABNT e conforme os requisitos da universidade. F\u00e1cil assim! O MELHOR \u00c9 QUE VOC\u00ca COMPRA E J\u00c1 BAIXA NA HORA O SEU ARQUIVO EM WORD! Sabemos que conciliar trabalho, fam\u00edlia, vida profissional e estudos \u00e9 dif\u00edcil hoje em dia, por isso, estamos aqui para ajudar voc\u00ea. Conte com nossa qualidade, experi\u00eancia e profissionalismo adquirindo seu portf\u00f3lio conosco. GARANTIMOS SEU CONCEITO!<\/p>\n<p><strong>Como se realizam os envios?<\/strong><\/p>\n<\/div>\n<p id=\"elementor-tab-content-1942\" class=\"elementor-tab-content elementor-clearfix elementor-active\" role=\"tabpanel\" data-tab=\"2\" aria-labelledby=\"elementor-tab-title-1942\">O seu trabalho \u00e9 disponibilizado pronto, respondido e nas normas j\u00e1 na mesma hora aqui em nosso site na sua \u00e1rea de downloads e tamb\u00e9m no seu e-mail.<\/p>\n<p><strong>Em quanto tempo recebo o portf\u00f3lio?<\/strong><\/p>\n<p>Os envios s\u00e3o imediatos. Ap\u00f3s sua compra, o trabalho j\u00e1 \u00e9 disponibilizado instantaneamente aqui em nosso site e no seu e-mail.<\/p>\n<p><strong>E se o portf\u00f3lio que comprei precisar de corre\u00e7\u00e3o?<\/strong><\/p>\n<p>Caso haja alguma solicita\u00e7\u00e3o de corre\u00e7\u00e3o\/altera\u00e7\u00e3o por parte do tutor, basta entrar em contato conosco pelo\u00a0WhatsApp\u00a0que provid\u00eanciaremos sem custo algum.<\/p>\n<p><strong>Qual o formato do arquivo?<\/strong><\/p>\n<p>Os arquivos s\u00e3o enviados em formato Word e s\u00e3o edit\u00e1veis.<\/p>\n<p><strong>Caso eu tiver alguma d\u00favida, terei suporte no p\u00f3s venda?<\/strong><\/p>\n<p>Sim, com certeza. Basta clicar no \u00edcone do WhatsApp no cantinho da tela. Ser\u00e1 um prazer atend\u00ea-lo(a).<\/p>\n<div id=\"elementor-tab-content-1948\" class=\"elementor-tab-content elementor-clearfix elementor-active\" role=\"tabpanel\" data-tab=\"8\" aria-labelledby=\"elementor-tab-title-1948\">\n<p><strong>Quais os seus canais de contato?<\/strong><\/p>\n<\/div>\n<div id=\"elementor-tab-content-1949\" class=\"elementor-tab-content elementor-clearfix elementor-active\" role=\"tabpanel\" data-tab=\"9\" aria-labelledby=\"elementor-tab-title-1949\">\n<p>Whatsapp: 53 984751621 \u2013 Clicar no canto da tela ou ESCANEIE O QRCODE ABAIXO<\/p>\n<h4><img decoding=\"async\" class=\"alignnone wp-image-13699 jetpack-lazy-image jetpack-lazy-image--handled\" src=\"https:\/\/i0.wp.com\/portifolioos-prontos.com\/wp-content\/uploads\/2023\/02\/whatsapp-business-projeto-de-extensao-300x300.jpeg?resize=144%2C144\" sizes=\"(max-width: 144px) 100vw, 144px\" srcset=\"https:\/\/i0.wp.com\/portifolioos-prontos.com\/wp-content\/uploads\/2023\/02\/whatsapp-business-projeto-de-extensao.jpeg?resize=300%2C301&amp;ssl=1 300w, https:\/\/i0.wp.com\/portifolioos-prontos.com\/wp-content\/uploads\/2023\/02\/whatsapp-business-projeto-de-extensao.jpeg?resize=150%2C150&amp;ssl=1 150w, https:\/\/i0.wp.com\/portifolioos-prontos.com\/wp-content\/uploads\/2023\/02\/whatsapp-business-projeto-de-extensao.jpeg?resize=370%2C372&amp;ssl=1 370w, https:\/\/i0.wp.com\/portifolioos-prontos.com\/wp-content\/uploads\/2023\/02\/whatsapp-business-projeto-de-extensao.jpeg?resize=100%2C100&amp;ssl=1 100w, https:\/\/i0.wp.com\/portifolioos-prontos.com\/wp-content\/uploads\/2023\/02\/whatsapp-business-projeto-de-extensao.jpeg?w=470&amp;ssl=1 470w\" alt=\"projeto de extens\u00e3o unopar\" width=\"144\" height=\"144\" data-lazy-loaded=\"1\" \/><\/h4>\n<\/div>\n<div class=\"elementor-toggle-item\">\n<div id=\"elementor-tab-content-1949\" class=\"elementor-tab-content elementor-clearfix elementor-active\" role=\"tabpanel\" data-tab=\"9\" aria-labelledby=\"elementor-tab-title-1949\">\n<p>E-mail:portifoliosp@gmail.com<\/p>\n<div id=\"attachment_143\" class=\"wp-caption alignnone\">\n<div id=\"attachment_143\" class=\"wp-caption alignnone\">\n<p id=\"caption-attachment-143\" class=\"wp-caption-text\"><a href=\"http:\/\/portfolio-pronto.com\/\">Portf\u00f3lio<\/a>\u00a0em Word, respondido, completo e j\u00e1 nas normas<\/p>\n<\/div>\n<\/div>\n<\/div>\n<\/div>\n<\/div>\n","protected":false},"excerpt":{"rendered":"<div class=\"product-short-description\">\n<div class=\"product-short-description\">\n<p><strong>Pague pelo PIX ou cart\u00e3o e fa\u00e7a o download agora mesmo.<\/strong><\/p>\n<\/div>\n<div class=\"sticky-add-to-cart-wrapper\">\n<div class=\"sticky-add-to-cart\">\n<p class=\"quantity buttons_added form-flat\"><img decoding=\"async\" class=\"lazyloaded smush-image-5 smush-image-3 smush-image-4 smush-detected-img smush-image-bigger-3\" src=\"https:\/\/d26lpennugtm8s.cloudfront.net\/assets\/common\/img\/logos\/payment\/visa@2x.png\" width=\"46\" height=\"29\" data-src=\"https:\/\/d26lpennugtm8s.cloudfront.net\/assets\/common\/img\/logos\/payment\/visa@2x.png\" \/><img decoding=\"async\" class=\"lazyloaded smush-image-6 smush-image-4 smush-image-5 smush-detected-img smush-image-bigger-4\" src=\"https:\/\/d26lpennugtm8s.cloudfront.net\/assets\/common\/img\/logos\/payment\/boleto@2x.png\" width=\"43\" height=\"27\" data-src=\"https:\/\/d26lpennugtm8s.cloudfront.net\/assets\/common\/img\/logos\/payment\/boleto@2x.png\" \/><img loading=\"lazy\" decoding=\"async\" class=\"lazyloaded smush-image-7 smush-image-5 smush-image-6 smush-detected-img smush-image-bigger-5\" src=\"https:\/\/d26lpennugtm8s.cloudfront.net\/assets\/common\/img\/logos\/payment\/mastercard@2x.png\" width=\"43\" height=\"27\" data-src=\"https:\/\/d26lpennugtm8s.cloudfront.net\/assets\/common\/img\/logos\/payment\/mastercard@2x.png\" \/><img loading=\"lazy\" decoding=\"async\" class=\"lazyloaded smush-image-8 smush-image-6 smush-image-7 smush-detected-img smush-image-bigger-6\" src=\"https:\/\/d26lpennugtm8s.cloudfront.net\/assets\/common\/img\/logos\/payment\/amex@2x.png\" width=\"43\" height=\"27\" data-src=\"https:\/\/d26lpennugtm8s.cloudfront.net\/assets\/common\/img\/logos\/payment\/amex@2x.png\" \/><img loading=\"lazy\" decoding=\"async\" class=\"lazyloaded smush-image-9 smush-image-7 smush-image-8 smush-detected-img smush-image-bigger-7\" src=\"https:\/\/d26lpennugtm8s.cloudfront.net\/assets\/common\/img\/logos\/payment\/diners@2x.png\" width=\"46\" height=\"29\" data-src=\"https:\/\/d26lpennugtm8s.cloudfront.net\/assets\/common\/img\/logos\/payment\/diners@2x.png\" \/><img loading=\"lazy\" decoding=\"async\" class=\"lazyloaded smush-image-10 smush-image-8 smush-image-9 alignnone smush-detected-img smush-image-bigger-8\" src=\"https:\/\/d26lpennugtm8s.cloudfront.net\/assets\/common\/img\/logos\/payment\/br\/elo@2x.png\" alt=\"portf\u00f3lio unopar anhanguera\" width=\"45\" height=\"28\" data-src=\"https:\/\/d26lpennugtm8s.cloudfront.net\/assets\/common\/img\/logos\/payment\/br\/elo@2x.png\" \/><img loading=\"lazy\" decoding=\"async\" class=\"lazyloaded smush-image-11 smush-image-9 smush-image-10 alignnone smush-detected-img smush-image-bigger-9\" src=\"https:\/\/d26lpennugtm8s.cloudfront.net\/assets\/common\/img\/logos\/payment\/br\/hipercard@2x.png\" alt=\"portf\u00f3lio unopar anhanguera\" width=\"44\" height=\"28\" data-src=\"https:\/\/d26lpennugtm8s.cloudfront.net\/assets\/common\/img\/logos\/payment\/br\/hipercard@2x.png\" \/><img loading=\"lazy\" decoding=\"async\" class=\"lazyloaded smush-image-12 smush-image-10 smush-image-11 alignnone smush-detected-img smush-image-bigger-10\" src=\"https:\/\/d26lpennugtm8s.cloudfront.net\/assets\/common\/img\/logos\/payment\/mercadopago@2x.png\" alt=\"portf\u00f3lio unopar anhanguera\" width=\"45\" height=\"28\" data-src=\"https:\/\/d26lpennugtm8s.cloudfront.net\/assets\/common\/img\/logos\/payment\/mercadopago@2x.png\" \/><img loading=\"lazy\" decoding=\"async\" class=\"alignnone lazyloaded smush-detected-img smush-image-bigger-11\" src=\"https:\/\/futurium.com.br\/wp-content\/uploads\/2021\/06\/logo-pix-icone-512.png\" alt=\"portfolio pronto\" width=\"30\" height=\"30\" data-src=\"https:\/\/futurium.com.br\/wp-content\/uploads\/2021\/06\/logo-pix-icone-512.png\" \/><\/p>\n<\/div>\n<\/div>\n<\/div>\n","protected":false},"featured_media":35941,"template":"","meta":{"_seopress_robots_primary_cat":"none","_seopress_titles_title":"%%post_title%% %%sitetitle%%","_seopress_titles_desc":"%%post_content%%","_seopress_robots_index":""},"product_cat":[15],"product_tag":[],"class_list":{"0":"post-35937","1":"product","2":"type-product","3":"status-publish","4":"has-post-thumbnail","6":"product_cat-uncategorized","8":"first","9":"instock","10":"downloadable","11":"virtual","12":"purchasable","13":"product-type-simple","14":"col-xs-6 col-sm-4","15":"col-mf-5","16":"un-5-cols"},"jetpack_sharing_enabled":true,"_links":{"self":[{"href":"https:\/\/portifolioos-prontos.com\/index.php\/wp-json\/wp\/v2\/product\/35937","targetHints":{"allow":["GET"]}}],"collection":[{"href":"https:\/\/portifolioos-prontos.com\/index.php\/wp-json\/wp\/v2\/product"}],"about":[{"href":"https:\/\/portifolioos-prontos.com\/index.php\/wp-json\/wp\/v2\/types\/product"}],"version-history":[{"count":0,"href":"https:\/\/portifolioos-prontos.com\/index.php\/wp-json\/wp\/v2\/product\/35937\/revisions"}],"wp:featuredmedia":[{"embeddable":true,"href":"https:\/\/portifolioos-prontos.com\/index.php\/wp-json\/wp\/v2\/media\/35941"}],"wp:attachment":[{"href":"https:\/\/portifolioos-prontos.com\/index.php\/wp-json\/wp\/v2\/media?parent=35937"}],"wp:term":[{"taxonomy":"product_cat","embeddable":true,"href":"https:\/\/portifolioos-prontos.com\/index.php\/wp-json\/wp\/v2\/product_cat?post=35937"},{"taxonomy":"product_tag","embeddable":true,"href":"https:\/\/portifolioos-prontos.com\/index.php\/wp-json\/wp\/v2\/product_tag?post=35937"}],"curies":[{"name":"wp","href":"https:\/\/api.w.org\/{rel}","templated":true}]}}