{"id":36190,"date":"2025-04-01T14:17:10","date_gmt":"2025-04-01T17:17:10","guid":{"rendered":"https:\/\/portifolioos-prontos.com\/?post_type=product&#038;p=36190"},"modified":"2025-08-03T18:31:54","modified_gmt":"2025-08-03T21:31:54","slug":"atividade-pratica-terapias-integrativas-orientais-2","status":"publish","type":"product","link":"https:\/\/portifolioos-prontos.com\/index.php\/product\/atividade-pratica-terapias-integrativas-orientais-2\/","title":{"rendered":"Atividade Pr\u00e1tica Terapias Integrativas Orientais"},"content":{"rendered":"<h5>Portf\u00f3lio Atividade Pr\u00e1tica Terapias Integrativas Orientais<\/h5>\n<p>ATIVIDADE PR\u00c1TICA<br \/>\nTERAPIAS INTEGRATIVAS ORIENTAIS<br \/>\nP\u00fablico<br \/>\nOBJETIVOS<br \/>\nA proposta desta atividade pr\u00e1tica est\u00e1 amparada nos seguintes objetivos:<br \/>\n&#8211; Conhecer e praticar t\u00e9cnicas relacionadas \u00e0s pr\u00e1ticas integrativas orientais;<br \/>\n&#8211; Associar a teoria com a aplica\u00e7\u00e3o pr\u00e1tica das pr\u00e1ticas integrativas orientais,<br \/>\ndesenvolvendo racioc\u00ednio cl\u00ednico para aplica\u00e7\u00e3o das t\u00e9cnicas de forma eficaz;<br \/>\n&#8211; Conhecer a aplica\u00e7\u00e3o cl\u00ednica das t\u00e9cnicas propostas para diferentes p\u00fablicos,<br \/>\ncom diferentes necessidades.<br \/>\nRECURSOS<br \/>\nComputador com acesso \u00e0 internet e ao ambiente virtual.<br \/>\nC\u00e2mera para fotografias\/celular.<br \/>\nPapel sulfite e canetas\/l\u00e1pis coloridos.<br \/>\nBoneca de brinquedo.<br \/>\n\u00d3leo de massagem.<br \/>\nPROCEDIMENTOS PR\u00c1TICOS<br \/>\nATIVIDADE PROPOSTA 01<br \/>\nAvalia\u00e7\u00e3o em terapias integrativas com enfoque na massagem ayurv\u00e9dica<br \/>\nProcedimentos para a realiza\u00e7\u00e3o da atividade<br \/>\nNesta primeira etapa da sua atividade pr\u00e1tica, voc\u00ea ir\u00e1 aprofundar seus conhecimentos<br \/>\nsobre a Medicina Ayurv\u00e9dica e a avalia\u00e7\u00e3o em terapias integrativas. Isso porque quando<br \/>\nrealizamos a avalia\u00e7\u00e3o devemos nos atentar aos aspectos b\u00e1sicos da avalia\u00e7\u00e3o e tamb\u00e9m<br \/>\na direcionar conforme a t\u00e9cnica que ser\u00e1 empregada. Dessa forma, siga os passos a seguir:<br \/>\n1. Voc\u00ea dever\u00e1 realizar uma pesquisa para encontrar t\u00e9cnicas de como avaliar o dosha<br \/>\nde seu cliente.<br \/>\n2. Monte uma ficha de avalia\u00e7\u00e3o b\u00e1sica;<br \/>\n3. Insira a seguir, a avalia\u00e7\u00e3o direcionada para a Medicina Ayurv\u00e9dica;<br \/>\n4. Insira tamb\u00e9m a avalia\u00e7\u00e3o dos doshas que encontrou em sua busca; e n\u00e3o se<br \/>\nesque\u00e7a de colocar a refer\u00eancia no final (lembre-se de buscar por refer\u00eancias<br \/>\nconfi\u00e1veis, como a Biblioteca Virtual, peri\u00f3dicos da ProQuest e Biblioteca 3.0).<br \/>\nP\u00fablico<br \/>\nATIVIDADE PROPOSTA 02<br \/>\nMassagem ayurv\u00e9dica &#8211; Abhyanga<br \/>\nProcedimentos para a realiza\u00e7\u00e3o da atividade<br \/>\nNesta atividade pr\u00e1tica virtual, convidamos voc\u00ea a mergulhar no mundo da massagem<br \/>\nabhyanga, uma pr\u00e1tica ancestral indiana conhecida por seus benef\u00edcios terap\u00eauticos e<br \/>\nrelaxantes. Durante esta experi\u00eancia, voc\u00ea ter\u00e1 a oportunidade de aprender e praticar os<br \/>\nfundamentos dessa t\u00e9cnica de massagem.<br \/>\nFa\u00e7a uma pesquisa, em nossa Biblioteca Virtual e sites confi\u00e1veis, sobre a massagem<br \/>\nabhyanga, seus principais movimentos e sequ\u00eancia b\u00e1sica.<br \/>\nA seguir est\u00e1 uma proposta de massagem abhyanga completa:<br \/>\nMassagem abhyanga (estilo kussum modak):<br \/>\nCliente em dec\u00fabito ventral<br \/>\n1. Primeiro contato<br \/>\n2. Toque de harmoniza\u00e7\u00e3o<br \/>\n3. Toque de ativa\u00e7\u00e3o (pode usar o p\u00f3)<br \/>\n4. Deslizamento profundo em paravertebrais &#8211; Sushunma<br \/>\n5. Trabalhar Ida e Pingala<br \/>\n6. Press\u00e3o em esc\u00e1pulas \u2013 t\u00f3rax expira\u00e7\u00e3o<br \/>\n7. Trabalho em regi\u00e3o lateral e do t\u00f3rax: subir com m\u00e3os sobrepostas e \u201cescorregar\u201d para<br \/>\nombros ou punho fechado, fric\u00e7\u00e3o em pontos de tens\u00e3o, libera\u00e7\u00e3o de esc\u00e1pula<br \/>\n8. Deslizamento com antebra\u00e7os por todo o tronco<br \/>\n9. Tra\u00e7os em il\u00edaco, sacro e gl\u00fateos<br \/>\n10.Liberar gl\u00fateos<br \/>\n11.Bra\u00e7o: toque de harmoniza\u00e7\u00e3o e ativa\u00e7\u00e3o<br \/>\n12.Pesco\u00e7o: trap\u00e9zio, sushumma na cervical, pressionar base do occipital, ida e pingala,<br \/>\ndeslizamento em ombros<br \/>\n13.Finalizar coluna<br \/>\n14.Pernas: toque de harmoniza\u00e7\u00e3o e ativa\u00e7\u00e3o, panturrilha, pressionar marma indravasti,<br \/>\n15.Coxas: harmoniza\u00e7\u00e3o, ativa\u00e7\u00e3o com punhos, com polegares, pressionar marma urvi<br \/>\nP\u00fablico<br \/>\n16.Dobrar joelhos e trabalhar p\u00e9s, mal\u00e9olo lateral, deslizar para dedos, trabalhar tornozelos,<br \/>\nalongar tibial anterior e quadr\u00edceps<br \/>\n17.Alongar tronco \u2013 regi\u00e3o anterior<br \/>\nCliente em dec\u00fabito dorsal<br \/>\n1. Coxas: toque de harmoniza\u00e7\u00e3o e ativa\u00e7\u00e3o<br \/>\n2. Joelhos: com movimentos circulares laterais e subir pela coxa<br \/>\n3. Alongamentos de membro inferior<br \/>\n4. Abd\u00f4men: movimentos circulares em sentido hor\u00e1rio, c\u00edrculos pequenos, contornar arco<br \/>\ncostal<br \/>\n5. T\u00f3rax: massagear ombros e \u201cabrir\u201d regi\u00e3o peitoral<br \/>\n6. Pesco\u00e7o: cabe\u00e7a com rota\u00e7\u00e3o para trabalhar lateralmente trap\u00e9zio e paravertebral,<br \/>\npressionar base do pesco\u00e7o, alongar. Realizar dos dois lados. Finalizar trabalhando<br \/>\nbilateralmente.<br \/>\n7. Massagear a cabe\u00e7a, liberando couro cabeludo.<br \/>\nTrabalhar face: testa para lateral, pin\u00e7as nas sobrancelhas, t\u00eamporas, contornar ma\u00e7as do<br \/>\nrosto e queixo\/mand\u00edbula.<br \/>\nAgora que voc\u00ea j\u00e1 conhece a massagem abhyanga vamos praticar!<br \/>\nVoc\u00ea dever\u00e1 replicar as manobras desta massagem na regi\u00e3o das costas.<br \/>\nEsta massagem pode ser realizada na maca ou no ch\u00e3o sobre colchonetes. Voc\u00ea poder\u00e1<br \/>\nadequar o seu espa\u00e7o para a realiza\u00e7\u00e3o da atividade.<br \/>\nLembre-se de posicionar seu modelo de maneira confort\u00e1vel.<br \/>\n* Ao final deste roteiro voc\u00ea encontrar\u00e1 o Termo de Autoriza\u00e7\u00e3o de uso de imagem, som da<br \/>\nvoz e\/ou nome, que dever\u00e1 ser preenchido pelo seu modelo e entregue junto com o relat\u00f3rio.<br \/>\nRefor\u00e7ando que as imagens ser\u00e3o usadas somente para crit\u00e9rios de avalia\u00e7\u00e3o e n\u00e3o ser\u00e3o<br \/>\ndivulgadas. Ainda, n\u00e3o h\u00e1 a necessidade de mostrar o rosto de seu modelo nas imagens.<br \/>\nATIVIDADE PROPOSTA 03<br \/>\nShantala<br \/>\nProcedimentos para a realiza\u00e7\u00e3o da atividade<br \/>\nP\u00fablico<br \/>\nA massagem indiana Shantala \u00e9 muito conhecida por proporcionar momentos de v\u00ednculo<br \/>\nafetivo entre a m\u00e3e e o beb\u00ea. Por\u00e9m, esta t\u00e9cnica apresenta benef\u00edcios que v\u00e3o mais al\u00e9m:<br \/>\ngera est\u00edmulos sensoriais, alivia c\u00f3licas, melhora a qualidade do sono, acalma.<br \/>\nDevido a tantas vantagens a apredizagem da t\u00e9cnica tem sido cada vez mais buscada pelas<br \/>\nmam\u00e3es. Nos cursos para a apredizagem da shantala, geralmente, o terapeuta realiza a<br \/>\nmassagem em uma boneca para demonstra\u00e7\u00e3o e as m\u00e3es em seus beb\u00eas, com o aux\u00edlio do<br \/>\nterapeuta sempre que necess\u00e1rio.<br \/>\nAssim, a proporta desta atividade \u00e9 a seguinte:<br \/>\nImagine que voc\u00ea \u00e9 o terapeuta que ir\u00e1 ensinar a um pequeno grupo de m\u00e3es a aplica\u00e7\u00e3o<br \/>\nda shantala.<br \/>\nPara isso, voc\u00ea dever\u00e1 se sentar confortavelmente, com as pernas esticadas,<br \/>\nE apoiar a boneca sobre suas pernas como recomendado. Voc\u00ea ir\u00e1 realizar uma sequ\u00eancia<br \/>\nda shantala, fotografando e explicando o passo a passo.<br \/>\nApresente a sequ\u00eancia com aux\u00edlio de 8 a 10 fotografias e descreva o que deve ser realizado<br \/>\nem cada etapa.<br \/>\nATIVIDADE PROPOSTA 04<br \/>\nImplementa\u00e7\u00e3o das pr\u00e1ticas meditativas<br \/>\nProcedimentos para a realiza\u00e7\u00e3o da atividade<br \/>\nEstudante, para a realiza\u00e7\u00e3o desta atividade, imagine que voc\u00ea tem notada que na empresa<br \/>\nem que voc\u00ea trabalha, as pessoas est\u00e3o muito nervosas, reclamando de estresse e com<br \/>\ndificuldades de organizar o tempo para realizar atividades que amenizem a situa\u00e7\u00e3o. Como<br \/>\nvoc\u00ea conhece as pr\u00e1ticas integrativas, teve uma grande ideia: implementar um programa de<br \/>\npr\u00e1ticas meditativas para os funcion\u00e1rios, no qual voc\u00ea seria o respons\u00e1vel pelo<br \/>\ndesenvolvimento das atividades. Para isso, precisa montar um projeto para apresentar a sua<br \/>\nideia. Nele deve conter uma breve apresenta\u00e7\u00e3o da pr\u00e1tica, seus benef\u00edcios para os<br \/>\nfuncion\u00e1rios e para a empresa, a frequ\u00eancia e dura\u00e7\u00e3o de cada sess\u00e3o, onde seria realizado<br \/>\ne quais os materiais necess\u00e1rios.<br \/>\nEst\u00e1 lan\u00e7ado seu desafio: monte o projeto para a implementa\u00e7\u00e3o de pr\u00e1ticas meditativas em<br \/>\nsua empresa!<br \/>\nImportante!<br \/>\nP\u00fablico<br \/>\nRESULTADO<br \/>\nEspera-se que ap\u00f3s a entrega do relat\u00f3rio contemplando todas as etapas da<br \/>\natividade pr\u00e1tica realizada, o estudante seja capaz de integrar os conhecimentos<br \/>\nte\u00f3ricos \u00e0 aplica\u00e7\u00e3o pr\u00e1tica relacionada \u00e0s principais t\u00e9cnicas orientais, com<br \/>\nvis\u00e3o cr\u00edtica e percep\u00e7\u00f5es sobre estas e suas formas de aplica\u00e7\u00e3o.<\/p>\n<div class=\"elementor-toggle-item\">\n<div class=\"elementor-toggle-item\">\n<p id=\"elementor-tab-title-1941\" class=\"elementor-tab-title elementor-active\" tabindex=\"0\" role=\"tab\" data-tab=\"1\" aria-controls=\"elementor-tab-content-1941\" aria-expanded=\"true\" aria-selected=\"true\"><strong>Como funciona?<\/strong><\/p>\n<p>Elaboramos os portf\u00f3lios, j\u00e1 deixamos prontos, nas normas da ABNT e conforme os requisitos da universidade. F\u00e1cil assim! O MELHOR \u00c9 QUE VOC\u00ca COMPRA E J\u00c1 BAIXA NA HORA O SEU ARQUIVO EM WORD! Sabemos que conciliar trabalho, fam\u00edlia, vida profissional e estudos \u00e9 dif\u00edcil hoje em dia, por isso, estamos aqui para ajudar voc\u00ea. Conte com nossa qualidade, experi\u00eancia e profissionalismo adquirindo seu portf\u00f3lio conosco. GARANTIMOS SEU CONCEITO!<\/p>\n<p><strong>Como se realizam os envios?<\/strong><\/p>\n<\/div>\n<p id=\"elementor-tab-content-1942\" class=\"elementor-tab-content elementor-clearfix elementor-active\" role=\"tabpanel\" data-tab=\"2\" aria-labelledby=\"elementor-tab-title-1942\">O seu trabalho \u00e9 disponibilizado pronto, respondido e nas normas j\u00e1 na mesma hora aqui em nosso site na sua \u00e1rea de downloads e tamb\u00e9m no seu e-mail.<\/p>\n<p><strong>Em quanto tempo recebo o portf\u00f3lio?<\/strong><\/p>\n<p>Os envios s\u00e3o imediatos. Ap\u00f3s sua compra, o trabalho j\u00e1 \u00e9 disponibilizado instantaneamente aqui em nosso site e no seu e-mail.<\/p>\n<p><strong>E se o portf\u00f3lio que comprei precisar de corre\u00e7\u00e3o?<\/strong><\/p>\n<p>Caso haja alguma solicita\u00e7\u00e3o de corre\u00e7\u00e3o\/altera\u00e7\u00e3o por parte do tutor, basta entrar em contato conosco pelo\u00a0WhatsApp\u00a0que provid\u00eanciaremos sem custo algum.<\/p>\n<p><strong>Qual o formato do arquivo?<\/strong><\/p>\n<p>Os arquivos s\u00e3o enviados em formato Word e s\u00e3o edit\u00e1veis.<\/p>\n<p><strong>Caso eu tiver alguma d\u00favida, terei suporte no p\u00f3s venda?<\/strong><\/p>\n<p>Sim, com certeza. Basta clicar no \u00edcone do WhatsApp no cantinho da tela. Ser\u00e1 um prazer atend\u00ea-lo(a).<\/p>\n<div id=\"elementor-tab-content-1948\" class=\"elementor-tab-content elementor-clearfix elementor-active\" role=\"tabpanel\" data-tab=\"8\" aria-labelledby=\"elementor-tab-title-1948\">\n<p><strong>Quais os seus canais de contato?<\/strong><\/p>\n<\/div>\n<div id=\"elementor-tab-content-1949\" class=\"elementor-tab-content elementor-clearfix elementor-active\" role=\"tabpanel\" data-tab=\"9\" aria-labelledby=\"elementor-tab-title-1949\">\n<p>Whatsapp: 53 984751621 \u2013 Clicar no canto da tela ou ESCANEIE O QRCODE ABAIXO<\/p>\n<h4><img decoding=\"async\" class=\"alignnone wp-image-13699 jetpack-lazy-image jetpack-lazy-image--handled\" src=\"https:\/\/i0.wp.com\/portifolioos-prontos.com\/wp-content\/uploads\/2023\/02\/whatsapp-business-projeto-de-extensao-300x300.jpeg?resize=144%2C144\" sizes=\"(max-width: 144px) 100vw, 144px\" srcset=\"https:\/\/i0.wp.com\/portifolioos-prontos.com\/wp-content\/uploads\/2023\/02\/whatsapp-business-projeto-de-extensao.jpeg?resize=300%2C301&amp;ssl=1 300w, https:\/\/i0.wp.com\/portifolioos-prontos.com\/wp-content\/uploads\/2023\/02\/whatsapp-business-projeto-de-extensao.jpeg?resize=150%2C150&amp;ssl=1 150w, https:\/\/i0.wp.com\/portifolioos-prontos.com\/wp-content\/uploads\/2023\/02\/whatsapp-business-projeto-de-extensao.jpeg?resize=370%2C372&amp;ssl=1 370w, https:\/\/i0.wp.com\/portifolioos-prontos.com\/wp-content\/uploads\/2023\/02\/whatsapp-business-projeto-de-extensao.jpeg?resize=100%2C100&amp;ssl=1 100w, https:\/\/i0.wp.com\/portifolioos-prontos.com\/wp-content\/uploads\/2023\/02\/whatsapp-business-projeto-de-extensao.jpeg?w=470&amp;ssl=1 470w\" alt=\"projeto de extens\u00e3o unopar\" width=\"144\" height=\"144\" data-lazy-loaded=\"1\" \/><\/h4>\n<\/div>\n<div class=\"elementor-toggle-item\">\n<div id=\"elementor-tab-content-1949\" class=\"elementor-tab-content elementor-clearfix elementor-active\" role=\"tabpanel\" data-tab=\"9\" aria-labelledby=\"elementor-tab-title-1949\">\n<p>E-mail:portifoliosp@gmail.com<\/p>\n<div id=\"attachment_143\" class=\"wp-caption alignnone\">\n<div id=\"attachment_143\" class=\"wp-caption alignnone\">\n<p id=\"caption-attachment-143\" class=\"wp-caption-text\"><a href=\"http:\/\/portfolio-pronto.com\/\">Portf\u00f3lio<\/a>\u00a0em Word, respondido, completo e j\u00e1 nas normas<\/p>\n<\/div>\n<\/div>\n<\/div>\n<\/div>\n<\/div>\n","protected":false},"excerpt":{"rendered":"<div class=\"product-short-description\">\n<div class=\"product-short-description\">\n<p><strong>Pague pelo PIX ou cart\u00e3o e fa\u00e7a o download agora mesmo.<\/strong><\/p>\n<\/div>\n<div class=\"sticky-add-to-cart-wrapper\">\n<div class=\"sticky-add-to-cart\">\n<p class=\"quantity buttons_added form-flat\"><img decoding=\"async\" class=\"lazyloaded smush-image-5 smush-image-3 smush-image-4 smush-detected-img smush-image-bigger-3\" src=\"https:\/\/d26lpennugtm8s.cloudfront.net\/assets\/common\/img\/logos\/payment\/visa@2x.png\" width=\"46\" height=\"29\" data-src=\"https:\/\/d26lpennugtm8s.cloudfront.net\/assets\/common\/img\/logos\/payment\/visa@2x.png\" \/><img decoding=\"async\" class=\"lazyloaded smush-image-6 smush-image-4 smush-image-5 smush-detected-img smush-image-bigger-4\" src=\"https:\/\/d26lpennugtm8s.cloudfront.net\/assets\/common\/img\/logos\/payment\/boleto@2x.png\" width=\"43\" height=\"27\" data-src=\"https:\/\/d26lpennugtm8s.cloudfront.net\/assets\/common\/img\/logos\/payment\/boleto@2x.png\" \/><img loading=\"lazy\" decoding=\"async\" class=\"lazyloaded smush-image-7 smush-image-5 smush-image-6 smush-detected-img smush-image-bigger-5\" src=\"https:\/\/d26lpennugtm8s.cloudfront.net\/assets\/common\/img\/logos\/payment\/mastercard@2x.png\" width=\"43\" height=\"27\" data-src=\"https:\/\/d26lpennugtm8s.cloudfront.net\/assets\/common\/img\/logos\/payment\/mastercard@2x.png\" \/><img loading=\"lazy\" decoding=\"async\" class=\"lazyloaded smush-image-8 smush-image-6 smush-image-7 smush-detected-img smush-image-bigger-6\" src=\"https:\/\/d26lpennugtm8s.cloudfront.net\/assets\/common\/img\/logos\/payment\/amex@2x.png\" width=\"43\" height=\"27\" data-src=\"https:\/\/d26lpennugtm8s.cloudfront.net\/assets\/common\/img\/logos\/payment\/amex@2x.png\" \/><img loading=\"lazy\" decoding=\"async\" class=\"lazyloaded smush-image-9 smush-image-7 smush-image-8 smush-detected-img smush-image-bigger-7\" src=\"https:\/\/d26lpennugtm8s.cloudfront.net\/assets\/common\/img\/logos\/payment\/diners@2x.png\" width=\"46\" height=\"29\" data-src=\"https:\/\/d26lpennugtm8s.cloudfront.net\/assets\/common\/img\/logos\/payment\/diners@2x.png\" \/><img loading=\"lazy\" decoding=\"async\" class=\"lazyloaded smush-image-10 smush-image-8 smush-image-9 alignnone smush-detected-img smush-image-bigger-8\" src=\"https:\/\/d26lpennugtm8s.cloudfront.net\/assets\/common\/img\/logos\/payment\/br\/elo@2x.png\" alt=\"portf\u00f3lio unopar anhanguera\" width=\"45\" height=\"28\" data-src=\"https:\/\/d26lpennugtm8s.cloudfront.net\/assets\/common\/img\/logos\/payment\/br\/elo@2x.png\" \/><img loading=\"lazy\" decoding=\"async\" class=\"lazyloaded smush-image-11 smush-image-9 smush-image-10 alignnone smush-detected-img smush-image-bigger-9\" src=\"https:\/\/d26lpennugtm8s.cloudfront.net\/assets\/common\/img\/logos\/payment\/br\/hipercard@2x.png\" alt=\"portf\u00f3lio unopar anhanguera\" width=\"44\" height=\"28\" data-src=\"https:\/\/d26lpennugtm8s.cloudfront.net\/assets\/common\/img\/logos\/payment\/br\/hipercard@2x.png\" \/><img loading=\"lazy\" decoding=\"async\" class=\"lazyloaded smush-image-12 smush-image-10 smush-image-11 alignnone smush-detected-img smush-image-bigger-10\" src=\"https:\/\/d26lpennugtm8s.cloudfront.net\/assets\/common\/img\/logos\/payment\/mercadopago@2x.png\" alt=\"portf\u00f3lio unopar anhanguera\" width=\"45\" height=\"28\" data-src=\"https:\/\/d26lpennugtm8s.cloudfront.net\/assets\/common\/img\/logos\/payment\/mercadopago@2x.png\" \/><img loading=\"lazy\" decoding=\"async\" class=\"alignnone lazyloaded smush-detected-img smush-image-bigger-11\" src=\"https:\/\/futurium.com.br\/wp-content\/uploads\/2021\/06\/logo-pix-icone-512.png\" alt=\"portfolio pronto\" width=\"30\" height=\"30\" data-src=\"https:\/\/futurium.com.br\/wp-content\/uploads\/2021\/06\/logo-pix-icone-512.png\" \/><\/p>\n<\/div>\n<\/div>\n<\/div>\n","protected":false},"featured_media":36193,"template":"","meta":{"_seopress_robots_primary_cat":"none","_seopress_titles_title":"%%post_title%% %%sitetitle%%","_seopress_titles_desc":"%%post_content%%","_seopress_robots_index":""},"product_cat":[121],"product_tag":[],"class_list":{"0":"post-36190","1":"product","2":"type-product","3":"status-publish","4":"has-post-thumbnail","6":"product_cat-terapias-integrativas-e-complementares","8":"first","9":"instock","10":"downloadable","11":"virtual","12":"purchasable","13":"product-type-simple","14":"col-xs-6 col-sm-4","15":"col-mf-5","16":"un-5-cols"},"jetpack_sharing_enabled":true,"_links":{"self":[{"href":"https:\/\/portifolioos-prontos.com\/index.php\/wp-json\/wp\/v2\/product\/36190","targetHints":{"allow":["GET"]}}],"collection":[{"href":"https:\/\/portifolioos-prontos.com\/index.php\/wp-json\/wp\/v2\/product"}],"about":[{"href":"https:\/\/portifolioos-prontos.com\/index.php\/wp-json\/wp\/v2\/types\/product"}],"version-history":[{"count":0,"href":"https:\/\/portifolioos-prontos.com\/index.php\/wp-json\/wp\/v2\/product\/36190\/revisions"}],"wp:featuredmedia":[{"embeddable":true,"href":"https:\/\/portifolioos-prontos.com\/index.php\/wp-json\/wp\/v2\/media\/36193"}],"wp:attachment":[{"href":"https:\/\/portifolioos-prontos.com\/index.php\/wp-json\/wp\/v2\/media?parent=36190"}],"wp:term":[{"taxonomy":"product_cat","embeddable":true,"href":"https:\/\/portifolioos-prontos.com\/index.php\/wp-json\/wp\/v2\/product_cat?post=36190"},{"taxonomy":"product_tag","embeddable":true,"href":"https:\/\/portifolioos-prontos.com\/index.php\/wp-json\/wp\/v2\/product_tag?post=36190"}],"curies":[{"name":"wp","href":"https:\/\/api.w.org\/{rel}","templated":true}]}}