{"id":36236,"date":"2025-04-02T15:24:16","date_gmt":"2025-04-02T18:24:16","guid":{"rendered":"https:\/\/portifolioos-prontos.com\/?post_type=product&#038;p=36236"},"modified":"2025-08-03T18:32:05","modified_gmt":"2025-08-03T21:32:05","slug":"projeto-integrado-inovacao-cst-em-eventos","status":"publish","type":"product","link":"https:\/\/portifolioos-prontos.com\/index.php\/product\/projeto-integrado-inovacao-cst-em-eventos\/","title":{"rendered":"Projeto Integrado Inova\u00e7\u00e3o &#8211; CST Em Eventos"},"content":{"rendered":"<h5>Projeto Integrado Inova\u00e7\u00e3o &#8211; CST Em Eventos<\/h5>\n<p>A proposta do Projeto Integrador ter\u00e1 como tem\u00e1tica: Como eventos corporativos podem<br \/>\ncontribuir para fortalecer a conex\u00e3o para inovar e impulsionar as empresas?<br \/>\nSITUA\u00c7\u00c3O GERADORA DE APRENDIZAGEM (SGA)<br \/>\nComo eventos corporativos podem contribuir para fortalecer a conex\u00e3o para inovar e<br \/>\nimpulsionar as empresas?<br \/>\nA TechVision, uma empresa de m\u00e9dio porte no setor de tecnologia, atua no desenvolvimento<br \/>\nde solu\u00e7\u00f5es inovadoras em intelig\u00eancia artificial e automa\u00e7\u00e3o de processos. Com aproximadamente<br \/>\n200 colaboradores, distribu\u00eddos entre \u00e1reas administrativas, desenvolvimento de software, vendas e<br \/>\nsuporte t\u00e9cnico, a empresa cresceu rapidamente nos \u00faltimos tr\u00eas anos e agora enfrenta desafios<br \/>\nrelacionados \u00e0 integra\u00e7\u00e3o de equipes e ao alinhamento de objetivos estrat\u00e9gicos.<br \/>\nA lideran\u00e7a da empresa identificou problemas como:<br \/>\n\u2022 Comunica\u00e7\u00e3o falha entre departamentos.<br \/>\n\u2022 Baixo engajamento em projetos interdisciplinares.<br \/>\n\u2022 Aumento no \u00edndice de rotatividade de funcion\u00e1rios nos \u00faltimos 12 meses.<br \/>\nCom isso, os gestores decidiram realizar um workshop corporativo para fortalecer a cultura<br \/>\norganizacional, melhorar a comunica\u00e7\u00e3o entre as equipes e promover um ambiente mais<br \/>\ncolaborativo e motivador. Para isso, o tema do workshop deve estar focado no desenvolvimento de<br \/>\nhabilidades interpessoais, alinhamento de objetivos organizacionais e momentos de lazer que<br \/>\npromovam o bem-estar dos colaboradores.<br \/>\nO formato de workshop foi escolhido pela sua capacidade de atender a m\u00faltiplas demandas<br \/>\nda empresa ao mesmo tempo:<br \/>\n\u2022 Dinamicidade: Alterna momentos de aprendizado te\u00f3rico, pr\u00e1tica colaborativa e<br \/>\ndescontra\u00e7\u00e3o, mantendo os participantes engajados.<br \/>\n\u2022 Flexibilidade: Permite personalizar atividades com base nas necessidades da organiza\u00e7\u00e3o.<br \/>\nPROJETO<br \/>\nINTEGRADO<br \/>\nP\u00fablico<br \/>\n\u2022 Resultados Pr\u00e1ticos: Gera aprendizados e a\u00e7\u00f5es que podem ser aplicados imediatamente no<br \/>\ncotidiano organizacional.<br \/>\nAl\u00e9m disso, este modelo ajuda a consolidar a ideia de que o crescimento da empresa depende<br \/>\nde um esfor\u00e7o coletivo, onde cada colaborador desempenha um papel essencial.<br \/>\nO que s\u00e3o workshops corporativos?<br \/>\nUm workshop \u00e9 um evento moderno, tamb\u00e9m conhecido como oficina ou laborat\u00f3rio, que<br \/>\ncombina apresenta\u00e7\u00f5es pr\u00e1ticas e demonstra\u00e7\u00f5es de novas t\u00e9cnicas. \u00c9 uma oportunidade para<br \/>\nutilizar espa\u00e7os exclusivos, destacando produtos e servi\u00e7os, e pode ser realizado como parte de<br \/>\neventos maiores. Frequentemente, possui um prop\u00f3sito comercial, focando na gera\u00e7\u00e3o de neg\u00f3cios.<br \/>\nUm exemplo comum s\u00e3o os workshops do setor agr\u00edcola, que apresentam inova\u00e7\u00f5es em produtos e<br \/>\nm\u00e9todos de produ\u00e7\u00e3o.<br \/>\nOs workshops corporativos abordam temas espec\u00edficos e promovem atividades pr\u00e1ticas<br \/>\ndiversificadas, incentivando maior intera\u00e7\u00e3o entre os participantes. Esses eventos s\u00e3o, geralmente,<br \/>\nconduzidos por um ou mais facilitadores e t\u00eam dura\u00e7\u00e3o curta, com foco em otimizar a produtividade<br \/>\ne a praticidade. Os participantes costumam se envolver ativamente nesses eventos corporativos, seja<br \/>\npor meio de debates, troca de conhecimentos ou din\u00e2micas interativas.<br \/>\nComo a gest\u00e3o do lazer, recrea\u00e7\u00e3o e entretenimento agregam valor a eventos corporativos?<br \/>\nA gest\u00e3o do lazer, recrea\u00e7\u00e3o e entretenimento agrega valor a eventos corporativos de<br \/>\ndiversas maneiras, tornando-os mais atrativos, memor\u00e1veis e eficazes no alcance de seus objetivos.<br \/>\nAo incluir atividades de lazer, \u00e9 poss\u00edvel melhorar a experi\u00eancia do participante, promovendo<br \/>\nengajamento e satisfa\u00e7\u00e3o, o que torna o evento mais agrad\u00e1vel e marcante. Momentos<br \/>\ndescontra\u00eddos criam uma atmosfera mais acolhedora, permitindo que os participantes se sintam \u00e0<br \/>\nvontade, o que facilita o networking e a forma\u00e7\u00e3o de conex\u00f5es informais, frequentemente mais<br \/>\nprodutivas do que intera\u00e7\u00f5es formais.<br \/>\nAl\u00e9m disso, essas atividades podem apoiar diretamente os objetivos corporativos do evento.<br \/>\nElas podem ser alinhadas ao tema ou mensagem central, refor\u00e7ando o que se deseja comunicar de<br \/>\numa forma criativa e envolvente. Isso tamb\u00e9m contribui para a valoriza\u00e7\u00e3o da marca organizadora,<br \/>\numa vez que um evento bem estruturado e com elementos de lazer e entretenimento eleva a<br \/>\npercep\u00e7\u00e3o positiva da empresa.<br \/>\nPROJETO<br \/>\nINTEGRADO<br \/>\nP\u00fablico<br \/>\nOutro aspecto importante \u00e9 o impacto na sa\u00fade e bem-estar dos participantes. Ao incluir<br \/>\nmomentos de descontra\u00e7\u00e3o ou relaxamento, como \u00e1reas de descanso ou atividades leves, reduz-se<br \/>\no estresse e aumenta-se a disposi\u00e7\u00e3o, o que reflete diretamente na aten\u00e7\u00e3o e produtividade durante<br \/>\nas sess\u00f5es formais do evento. Atividades que favorecem a sa\u00fade f\u00edsica e mental podem melhorar a<br \/>\nqualidade geral da experi\u00eancia, contribuindo para o sucesso do evento.<br \/>\nIncorporar entretenimento e lazer tamb\u00e9m proporciona diferencia\u00e7\u00e3o e inova\u00e7\u00e3o ao evento,<br \/>\ndestacando-o em rela\u00e7\u00e3o a outros eventos mais tradicionais. O uso de elementos criativos, como<br \/>\njogos interativos, realidade aumentada ou apresenta\u00e7\u00f5es art\u00edsticas, cria um fator surpresa que pode<br \/>\nfidelizar o p\u00fablico e gerar uma maior divulga\u00e7\u00e3o. Esse tipo de inova\u00e7\u00e3o tem grande potencial de ser<br \/>\ncompartilhado nas redes sociais, ampliando o alcance do evento e gerando engajamento de forma<br \/>\nespont\u00e2nea.<br \/>\nA gest\u00e3o estrat\u00e9gica do lazer, recrea\u00e7\u00e3o e entretenimento em eventos corporativos n\u00e3o<br \/>\napenas melhora a experi\u00eancia do participante, mas tamb\u00e9m contribui para o cumprimento dos<br \/>\nobjetivos do evento, fortalece a imagem da marca e cria momentos memor\u00e1veis, tornando o evento<br \/>\nmais impactante e eficaz.<br \/>\nREFER\u00caNCIAS BIBLIOGR\u00c1FICAS:<br \/>\nCESCA, C. G. G. Organiza\u00e7\u00e3o de eventos: manual para planejamento e execu\u00e7\u00e3o. 12 ed. S\u00e3o Paulo:<br \/>\nSummus, 2008.<br \/>\nMARCELLINO, N. C. Estudos do lazer: uma introdu\u00e7\u00e3o. 2.ed. Campinas: Papirus, 2000.<br \/>\nMARTIN, V. Manual Pr\u00e1tico de Eventos. S\u00e3o Paulo: Editora Atlas, 2003.<br \/>\nLAS CASAS, Alexandre Luzzi. Marketing de Servi\u00e7os: como criar valores e experi\u00eancias positivas aos<br \/>\nclientes. S\u00e3o Paulo: Grupo GEN, 2019.<br \/>\nWIRTZ, Jochen; LOVELOCK, Christopher; HEMZO, Miguel \u00c2. Marketing de servi\u00e7os: pessoas,<br \/>\ntecnologia, estrat\u00e9gia. S\u00e3o Paulo: Editora Saraiva, 2021.<br \/>\nORIENTA\u00c7\u00d5ES PARA A EXECU\u00c7\u00c3O DO TRABALHO<br \/>\nPROJETO<br \/>\nINTEGRADO<br \/>\nP\u00fablico<br \/>\nDentro deste contexto, voc\u00ea far\u00e1 parte da equipe que ir\u00e1 elaborar o projeto do evento. Voc\u00ea<br \/>\ndever\u00e1 elaborar um projeto de planejamento e gest\u00e3o de um evento corporativo, em formato de<br \/>\nworkshop, considerando os aspectos organizacionais, financeiros, de marketing e de lazer. Para isso<br \/>\nsiga os passos a seguir:<br \/>\nPASSO 1) AN\u00c1LISE DO COMPORTAMENTO ORGANIZACIONAL<br \/>\nIdentifique as necessidades organizacionais e proponha atividades que promovam integra\u00e7\u00e3o,<br \/>\nmotiva\u00e7\u00e3o e alinhamento entre os colaboradores;<br \/>\nUtilize t\u00e9cnicas de negocia\u00e7\u00e3o para parcerias e contratos com fornecedores, parceiros e<br \/>\npatrocinadores, de acordo com as necessidades do evento. Para isso, elabore a programa\u00e7\u00e3o e<br \/>\ndefina o local, em sua cidade, que seria ideal para comportar o evento. Identifique a data e local<br \/>\ndo evento, o cronograma de atividades e detalhe as atividades do workshop.<br \/>\nPASSO 2) DEFINI\u00c7\u00c3O DAS ATIVIDADES DE LAZER E RECREA\u00c7\u00c3O<br \/>\nIdentifique e planeje, de acordo com a programa\u00e7\u00e3o do evento, perfil do p\u00fablico-alvo do evento e<br \/>\ncaracter\u00edsticas do espa\u00e7o escolhido para a realiza\u00e7\u00e3o do workshop, as atividades de lazer e<br \/>\nrecrea\u00e7\u00e3o que estimulem o bem-estar e a intera\u00e7\u00e3o entre os participantes, promovendo um<br \/>\nambiente descontra\u00eddo e produtivo. As atividades de lazer e recrea\u00e7\u00e3o devem estar distribu\u00eddas ao<br \/>\nlongo da programa\u00e7\u00e3o do evento, havendo momentos de intera\u00e7\u00e3o com os participantes na<br \/>\nchegada, durante o workshop, em intervalos (em \u00e1reas de descanso) ou coffee-break.<br \/>\nPASSO 3) AGORA, CRIE ESTRAT\u00c9GIAS DE MARKETING DE SERVI\u00c7O<br \/>\nO sucesso das organiza\u00e7\u00f5es de servi\u00e7os est\u00e1 diretamente ligado \u00e0 gest\u00e3o eficiente de recursos<br \/>\nhumanos, na qual a satisfa\u00e7\u00e3o dos colaboradores desempenha um papel essencial para o<br \/>\natendimento das expectativas dos clientes. Nesse cen\u00e1rio, o workshop configura-se como uma<br \/>\noportunidade estrat\u00e9gica para fomentar a intera\u00e7\u00e3o e o engajamento dos participantes.<br \/>\nPROJETO<br \/>\nINTEGRADO<br \/>\nP\u00fablico<br \/>\nAplicar o conceito de marketing de experi\u00eancia, aliada \u00e0 constru\u00e7\u00e3o de uma paisagem de servi\u00e7o<br \/>\nenvolvente, para maximizar a satisfa\u00e7\u00e3o do p\u00fablico no workshop, torna o evento mais impactante<br \/>\ne memor\u00e1vel.<br \/>\n1. A experi\u00eancia do cliente \u00e9 definida pelos est\u00edmulos que a empresa proporciona aos sentidos dos<br \/>\nconsumidores, os quais podem ser estrategicamente gerenciados para maximizar sua satisfa\u00e7\u00e3o. Essas<br \/>\nexperi\u00eancias devem ser \u00fanicas, personalizadas e marcantes, variando de acordo com cada indiv\u00edduo.<br \/>\nNo contexto de um workshop corporativo, o objetivo \u00e9 criar intera\u00e7\u00f5es positivas e inesquec\u00edveis, que<br \/>\ndeixem uma impress\u00e3o duradoura nos participantes. Com base nesse prop\u00f3sito, proponha a\u00e7\u00f5es<br \/>\nespec\u00edficas que atendam a esse objetivo.<br \/>\n2- Para garantir um workshop de qualidade, \u00e9 essencial alinhar o produto, a marca e o<br \/>\nprocesso de entrega, integrando o conceito de paisagem de servi\u00e7os e valorizando as pessoas<br \/>\nenvolvidas. Aplique os conceitos de paisagem de servi\u00e7os e desenvolva a\u00e7\u00f5es de forma a<br \/>\ntornar o evento memor\u00e1vel aos seus participantes.<br \/>\nPASSO 4) AN\u00c1LISE DE FINANCIAMENTO PARA REALIZA\u00c7\u00c3O DO EVENTO<br \/>\nPara realizar esse evento ser\u00e1 necess\u00e1rio realizar um financiamento no valor de R$ 85 000,00.<br \/>\nSendo assim, foi realizada uma pesquisa em algumas institui\u00e7\u00f5es financeiras para saber a taxa de<br \/>\njuros cobrada, conforme a tabela a seguir:<br \/>\nBanco A Banco B<br \/>\nTaxa de juros 0,9% ao m\u00eas 1,1% ao m\u00eas<br \/>\nN\u00fameros de<br \/>\nparcelas<br \/>\n180 meses 120 meses<br \/>\nAssim, de acordo com as taxas da tabela, voc\u00ea deve analisar cada uma das op\u00e7\u00f5es apresentadas,<br \/>\nBanco A e B, com o intuito de apresentar a proposta mais vantajosa para realiza\u00e7\u00e3o do evento.<br \/>\nVoc\u00ea deve determinar:<br \/>\nA) O valor da presta\u00e7\u00e3o de cada uma das op\u00e7\u00f5es e o montante de cada uma das op\u00e7\u00f5es.<br \/>\nB) A partir do item \u201ca\u201d apresentar o banco que considera mais vantajoso para realizar o<br \/>\nfinanciamento.<br \/>\nPROJETO<br \/>\nINTEGRADO<br \/>\nP\u00fablico<br \/>\nc) RESULTADOS ESPERADOS:<br \/>\n\u2022 Desenvolvimento de habilidades de negocia\u00e7\u00e3o, trabalho em equipe, planejamento e gest\u00e3o.<br \/>\n\u2022 Desenvolvimento de compet\u00eancias em planejamento, negocia\u00e7\u00e3o, lazer, marketing e<br \/>\nfinan\u00e7as.<br \/>\n\u2022 Capacidade de conectar aspectos t\u00e9cnicos e criativos para resolver problemas<br \/>\norganizacionais.<br \/>\n\u2022 Cria\u00e7\u00e3o de um projeto vi\u00e1vel, detalhado e aplic\u00e1vel ao mercado de eventos corporativos.<br \/>\nd) RELAT\u00d3RIO FINAL<br \/>\n&#8211; Fa\u00e7a um documento, em formato de projeto, com todas as etapas detalhadas e apontando os<br \/>\nresultados alcan\u00e7ados de acordo com as orienta\u00e7\u00f5es acima.<\/p>\n<div class=\"elementor-toggle-item\">\n<div class=\"elementor-toggle-item\">\n<p id=\"elementor-tab-title-1941\" class=\"elementor-tab-title elementor-active\" tabindex=\"0\" role=\"tab\" data-tab=\"1\" aria-controls=\"elementor-tab-content-1941\" aria-expanded=\"true\" aria-selected=\"true\"><strong>Como funciona?<\/strong><\/p>\n<p>Elaboramos os portf\u00f3lios, j\u00e1 deixamos prontos, nas normas da ABNT e conforme os requisitos da universidade. F\u00e1cil assim! O MELHOR \u00c9 QUE VOC\u00ca COMPRA E J\u00c1 BAIXA NA HORA O SEU ARQUIVO EM WORD! Sabemos que conciliar trabalho, fam\u00edlia, vida profissional e estudos \u00e9 dif\u00edcil hoje em dia, por isso, estamos aqui para ajudar voc\u00ea. Conte com nossa qualidade, experi\u00eancia e profissionalismo adquirindo seu portf\u00f3lio conosco. GARANTIMOS SEU CONCEITO!<\/p>\n<p><strong>Como se realizam os envios?<\/strong><\/p>\n<\/div>\n<p id=\"elementor-tab-content-1942\" class=\"elementor-tab-content elementor-clearfix elementor-active\" role=\"tabpanel\" data-tab=\"2\" aria-labelledby=\"elementor-tab-title-1942\">O seu trabalho \u00e9 disponibilizado pronto, respondido e nas normas j\u00e1 na mesma hora aqui em nosso site na sua \u00e1rea de downloads e tamb\u00e9m no seu e-mail.<\/p>\n<p><strong>Em quanto tempo recebo o portf\u00f3lio?<\/strong><\/p>\n<p>Os envios s\u00e3o imediatos. Ap\u00f3s sua compra, o trabalho j\u00e1 \u00e9 disponibilizado instantaneamente aqui em nosso site e no seu e-mail.<\/p>\n<p><strong>E se o portf\u00f3lio que comprei precisar de corre\u00e7\u00e3o?<\/strong><\/p>\n<p>Caso haja alguma solicita\u00e7\u00e3o de corre\u00e7\u00e3o\/altera\u00e7\u00e3o por parte do tutor, basta entrar em contato conosco pelo\u00a0WhatsApp\u00a0que provid\u00eanciaremos sem custo algum.<\/p>\n<p><strong>Qual o formato do arquivo?<\/strong><\/p>\n<p>Os arquivos s\u00e3o enviados em formato Word e s\u00e3o edit\u00e1veis.<\/p>\n<p><strong>Caso eu tiver alguma d\u00favida, terei suporte no p\u00f3s venda?<\/strong><\/p>\n<p>Sim, com certeza. Basta clicar no \u00edcone do WhatsApp no cantinho da tela. Ser\u00e1 um prazer atend\u00ea-lo(a).<\/p>\n<div id=\"elementor-tab-content-1948\" class=\"elementor-tab-content elementor-clearfix elementor-active\" role=\"tabpanel\" data-tab=\"8\" aria-labelledby=\"elementor-tab-title-1948\">\n<p><strong>Quais os seus canais de contato?<\/strong><\/p>\n<\/div>\n<div id=\"elementor-tab-content-1949\" class=\"elementor-tab-content elementor-clearfix elementor-active\" role=\"tabpanel\" data-tab=\"9\" aria-labelledby=\"elementor-tab-title-1949\">\n<p>Whatsapp: 53 984751621 \u2013 Clicar no canto da tela ou ESCANEIE O QRCODE ABAIXO<\/p>\n<h4><img decoding=\"async\" class=\"alignnone wp-image-13699 jetpack-lazy-image jetpack-lazy-image--handled\" src=\"https:\/\/i0.wp.com\/portifolioos-prontos.com\/wp-content\/uploads\/2023\/02\/whatsapp-business-projeto-de-extensao-300x300.jpeg?resize=144%2C144\" sizes=\"(max-width: 144px) 100vw, 144px\" srcset=\"https:\/\/i0.wp.com\/portifolioos-prontos.com\/wp-content\/uploads\/2023\/02\/whatsapp-business-projeto-de-extensao.jpeg?resize=300%2C301&amp;ssl=1 300w, https:\/\/i0.wp.com\/portifolioos-prontos.com\/wp-content\/uploads\/2023\/02\/whatsapp-business-projeto-de-extensao.jpeg?resize=150%2C150&amp;ssl=1 150w, https:\/\/i0.wp.com\/portifolioos-prontos.com\/wp-content\/uploads\/2023\/02\/whatsapp-business-projeto-de-extensao.jpeg?resize=370%2C372&amp;ssl=1 370w, https:\/\/i0.wp.com\/portifolioos-prontos.com\/wp-content\/uploads\/2023\/02\/whatsapp-business-projeto-de-extensao.jpeg?resize=100%2C100&amp;ssl=1 100w, https:\/\/i0.wp.com\/portifolioos-prontos.com\/wp-content\/uploads\/2023\/02\/whatsapp-business-projeto-de-extensao.jpeg?w=470&amp;ssl=1 470w\" alt=\"projeto de extens\u00e3o unopar\" width=\"144\" height=\"144\" data-lazy-loaded=\"1\" \/><\/h4>\n<\/div>\n<div class=\"elementor-toggle-item\">\n<div id=\"elementor-tab-content-1949\" class=\"elementor-tab-content elementor-clearfix elementor-active\" role=\"tabpanel\" data-tab=\"9\" aria-labelledby=\"elementor-tab-title-1949\">\n<p>E-mail:portifoliosp@gmail.com<\/p>\n<div id=\"attachment_143\" class=\"wp-caption alignnone\">\n<div id=\"attachment_143\" class=\"wp-caption alignnone\">\n<p id=\"caption-attachment-143\" class=\"wp-caption-text\"><a href=\"http:\/\/portfolio-pronto.com\/\">Portf\u00f3lio<\/a>\u00a0em Word, respondido, completo e j\u00e1 nas normas<\/p>\n<\/div>\n<\/div>\n<\/div>\n<\/div>\n<\/div>\n","protected":false},"excerpt":{"rendered":"<div class=\"product-short-description\">\n<div class=\"product-short-description\">\n<p><strong>Pague pelo PIX ou cart\u00e3o e fa\u00e7a o download agora mesmo.<\/strong><\/p>\n<\/div>\n<div class=\"sticky-add-to-cart-wrapper\">\n<div class=\"sticky-add-to-cart\">\n<p class=\"quantity buttons_added form-flat\"><img decoding=\"async\" class=\"lazyloaded smush-image-5 smush-image-3 smush-image-4 smush-detected-img smush-image-bigger-3\" src=\"https:\/\/d26lpennugtm8s.cloudfront.net\/assets\/common\/img\/logos\/payment\/visa@2x.png\" width=\"46\" height=\"29\" data-src=\"https:\/\/d26lpennugtm8s.cloudfront.net\/assets\/common\/img\/logos\/payment\/visa@2x.png\" \/><img decoding=\"async\" class=\"lazyloaded smush-image-6 smush-image-4 smush-image-5 smush-detected-img smush-image-bigger-4\" src=\"https:\/\/d26lpennugtm8s.cloudfront.net\/assets\/common\/img\/logos\/payment\/boleto@2x.png\" width=\"43\" height=\"27\" data-src=\"https:\/\/d26lpennugtm8s.cloudfront.net\/assets\/common\/img\/logos\/payment\/boleto@2x.png\" \/><img loading=\"lazy\" decoding=\"async\" class=\"lazyloaded smush-image-7 smush-image-5 smush-image-6 smush-detected-img smush-image-bigger-5\" src=\"https:\/\/d26lpennugtm8s.cloudfront.net\/assets\/common\/img\/logos\/payment\/mastercard@2x.png\" width=\"43\" height=\"27\" data-src=\"https:\/\/d26lpennugtm8s.cloudfront.net\/assets\/common\/img\/logos\/payment\/mastercard@2x.png\" \/><img loading=\"lazy\" decoding=\"async\" class=\"lazyloaded smush-image-8 smush-image-6 smush-image-7 smush-detected-img smush-image-bigger-6\" src=\"https:\/\/d26lpennugtm8s.cloudfront.net\/assets\/common\/img\/logos\/payment\/amex@2x.png\" width=\"43\" height=\"27\" data-src=\"https:\/\/d26lpennugtm8s.cloudfront.net\/assets\/common\/img\/logos\/payment\/amex@2x.png\" \/><img loading=\"lazy\" decoding=\"async\" class=\"lazyloaded smush-image-9 smush-image-7 smush-image-8 smush-detected-img smush-image-bigger-7\" src=\"https:\/\/d26lpennugtm8s.cloudfront.net\/assets\/common\/img\/logos\/payment\/diners@2x.png\" width=\"46\" height=\"29\" data-src=\"https:\/\/d26lpennugtm8s.cloudfront.net\/assets\/common\/img\/logos\/payment\/diners@2x.png\" \/><img loading=\"lazy\" decoding=\"async\" class=\"lazyloaded smush-image-10 smush-image-8 smush-image-9 alignnone smush-detected-img smush-image-bigger-8\" src=\"https:\/\/d26lpennugtm8s.cloudfront.net\/assets\/common\/img\/logos\/payment\/br\/elo@2x.png\" alt=\"portf\u00f3lio unopar anhanguera\" width=\"45\" height=\"28\" data-src=\"https:\/\/d26lpennugtm8s.cloudfront.net\/assets\/common\/img\/logos\/payment\/br\/elo@2x.png\" \/><img loading=\"lazy\" decoding=\"async\" class=\"lazyloaded smush-image-11 smush-image-9 smush-image-10 alignnone smush-detected-img smush-image-bigger-9\" src=\"https:\/\/d26lpennugtm8s.cloudfront.net\/assets\/common\/img\/logos\/payment\/br\/hipercard@2x.png\" alt=\"portf\u00f3lio unopar anhanguera\" width=\"44\" height=\"28\" data-src=\"https:\/\/d26lpennugtm8s.cloudfront.net\/assets\/common\/img\/logos\/payment\/br\/hipercard@2x.png\" \/><img loading=\"lazy\" decoding=\"async\" class=\"lazyloaded smush-image-12 smush-image-10 smush-image-11 alignnone smush-detected-img smush-image-bigger-10\" src=\"https:\/\/d26lpennugtm8s.cloudfront.net\/assets\/common\/img\/logos\/payment\/mercadopago@2x.png\" alt=\"portf\u00f3lio unopar anhanguera\" width=\"45\" height=\"28\" data-src=\"https:\/\/d26lpennugtm8s.cloudfront.net\/assets\/common\/img\/logos\/payment\/mercadopago@2x.png\" \/><img loading=\"lazy\" decoding=\"async\" class=\"alignnone lazyloaded smush-detected-img smush-image-bigger-11\" src=\"https:\/\/futurium.com.br\/wp-content\/uploads\/2021\/06\/logo-pix-icone-512.png\" alt=\"portfolio pronto\" width=\"30\" height=\"30\" data-src=\"https:\/\/futurium.com.br\/wp-content\/uploads\/2021\/06\/logo-pix-icone-512.png\" \/><\/p>\n<\/div>\n<\/div>\n<\/div>\n","protected":false},"featured_media":36239,"template":"","meta":{"_seopress_robots_primary_cat":"none","_seopress_titles_title":"%%post_title%% %%sitetitle%%","_seopress_titles_desc":"","_seopress_robots_index":""},"product_cat":[264,764],"product_tag":[],"class_list":{"0":"post-36236","1":"product","2":"type-product","3":"status-publish","4":"has-post-thumbnail","6":"product_cat-gestao-de-eventos","7":"product_cat-projeto-integrado-inovacao-gestao","9":"first","10":"instock","11":"shipping-taxable","12":"purchasable","13":"product-type-simple","14":"col-xs-6 col-sm-4","15":"col-mf-5","16":"un-5-cols"},"jetpack_sharing_enabled":true,"_links":{"self":[{"href":"https:\/\/portifolioos-prontos.com\/index.php\/wp-json\/wp\/v2\/product\/36236","targetHints":{"allow":["GET"]}}],"collection":[{"href":"https:\/\/portifolioos-prontos.com\/index.php\/wp-json\/wp\/v2\/product"}],"about":[{"href":"https:\/\/portifolioos-prontos.com\/index.php\/wp-json\/wp\/v2\/types\/product"}],"version-history":[{"count":0,"href":"https:\/\/portifolioos-prontos.com\/index.php\/wp-json\/wp\/v2\/product\/36236\/revisions"}],"wp:featuredmedia":[{"embeddable":true,"href":"https:\/\/portifolioos-prontos.com\/index.php\/wp-json\/wp\/v2\/media\/36239"}],"wp:attachment":[{"href":"https:\/\/portifolioos-prontos.com\/index.php\/wp-json\/wp\/v2\/media?parent=36236"}],"wp:term":[{"taxonomy":"product_cat","embeddable":true,"href":"https:\/\/portifolioos-prontos.com\/index.php\/wp-json\/wp\/v2\/product_cat?post=36236"},{"taxonomy":"product_tag","embeddable":true,"href":"https:\/\/portifolioos-prontos.com\/index.php\/wp-json\/wp\/v2\/product_tag?post=36236"}],"curies":[{"name":"wp","href":"https:\/\/api.w.org\/{rel}","templated":true}]}}