{"id":37023,"date":"2025-04-22T14:08:56","date_gmt":"2025-04-22T17:08:56","guid":{"rendered":"https:\/\/portifolioos-prontos.com\/?post_type=product&#038;p=37023"},"modified":"2025-09-02T22:31:20","modified_gmt":"2025-09-03T01:31:20","slug":"projeto-integrado-inovacao-computacao-em-nuvem","status":"publish","type":"product","link":"https:\/\/portifolioos-prontos.com\/index.php\/product\/projeto-integrado-inovacao-computacao-em-nuvem\/","title":{"rendered":"Projeto integrado Inova\u00e7\u00e3o Computa\u00e7\u00e3o em Nuvem"},"content":{"rendered":"<h5>Projeto integrado Inova\u00e7\u00e3o Computa\u00e7\u00e3o em Nuvem<\/h5>\n<hr \/>\n<p>Situa\u00e7\u00e3o Problema: Otimiza\u00e7\u00e3o de Recursos de uma Cl\u00ednica M\u00e9dica<br \/>\nContexto:<br \/>\nUma cl\u00ednica m\u00e9dica de m\u00e9dio porte enfrenta dificuldades crescentes para gerenciar seus dados e<br \/>\nsistemas. Os prontu\u00e1rios eletr\u00f4nicos, agendamentos e registros financeiros est\u00e3o armazenados em<br \/>\nservidores locais que apresentam problemas cr\u00edticos:<br \/>\n\uf0b7 Falta de espa\u00e7o: Os servidores locais est\u00e3o sobrecarregados, dificultando o armazenamento<br \/>\nde novos dados.<br \/>\n\uf0b7 Lentid\u00e3o: A sobrecarga dos servidores prejudica o desempenho das opera\u00e7\u00f5es, resultando<br \/>\nem atrasos no atendimento aos pacientes.<br \/>\n\uf0b7 Risco de perda de dados: As falhas de hardware, associadas \u00e0 aus\u00eancia de backups robustos,<br \/>\ncolocam informa\u00e7\u00f5es sens\u00edveis em perigo, o que tamb\u00e9m pode acarretar problemas de<br \/>\nconformidade com a legisla\u00e7\u00e3o.<br \/>\nUma solu\u00e7\u00e3o em nuvem pode:<br \/>\n\uf0b7 Adicionar inst\u00e2ncias adicionais ao servidor web para lidar com m\u00faltiplos acessos simult\u00e2neos<br \/>\n(escalabilidade horizontal).<br \/>\n\uf0b7 Aumentar temporariamente a capacidade do banco de dados para processar rapidamente os<br \/>\nagendamentos (escalabilidade vertical).<br \/>\n\uf0b7 Ap\u00f3s o pico, os recursos extras s\u00e3o liberados, reduzindo custos e mantendo a opera\u00e7\u00e3o<br \/>\neficiente.<br \/>\nA cl\u00ednica precisa de uma solu\u00e7\u00e3o que garanta escalabilidade, acessibilidade, seguran\u00e7a e custobenef\u00edcio para suas opera\u00e7\u00f5es, considerando tamb\u00e9m o cumprimento das regulamenta\u00e7\u00f5es de<br \/>\nprote\u00e7\u00e3o de dados, como a LGPD.<\/p>\n<p>DESAFIO:<br \/>\nPasso 1: ADMINISTRA\u00c7\u00c3O DE SISTEMAS OPERACIONAIS<br \/>\nA administra\u00e7\u00e3o eficiente do Sistema Operacional permite manter a seguran\u00e7a, desempenho e<br \/>\nconformidade regulat\u00f3ria, garantindo que os dados sejam acess\u00edveis e protegidos. Ela desempenha<br \/>\num papel essencial na gest\u00e3o de dados quando se utiliza servi\u00e7os em nuvem. Pensando nesta<br \/>\nabordagem detalhe sobre como gerenciar esses dados na cl\u00ednica m\u00e9dica?<br \/>\nPROJETO INTEGRADO<br \/>\nP\u00fablico<br \/>\nPasso 2: ARQUITETURA DE COMPUTA\u00c7\u00c3O EM NUVEM<br \/>\nComo a cl\u00ednica pode gerenciar seus dados de maneira eficiente e segura, adotando uma abordagem<br \/>\nestruturada que abrange armazenamento, prote\u00e7\u00e3o de dados, acessibilidade e conformidade<br \/>\nregulat\u00f3ria.<br \/>\nPasso 3: ARQUITETURA DE REDES<br \/>\nQ3.1 Considere que a cl\u00ednica decide integrar sua infraestrutura local a uma solu\u00e7\u00e3o de nuvem h\u00edbrida.<br \/>\nExplique como a arquitetura LAN existente pode ser modernizada para suportar a comunica\u00e7\u00e3o<br \/>\neficiente entre os servidores locais e a nuvem.<br \/>\nInclua em sua resposta:<br \/>\n\uf0b7 Configura\u00e7\u00e3o de switches e roteadores para garantir alta velocidade e redund\u00e2ncia.<br \/>\n\uf0b7 O papel dos protocolos utilizados na LAN para assegurar a comunica\u00e7\u00e3o interna<br \/>\nconfi\u00e1vel e com baixa lat\u00eancia.<\/p>\n<p>Q3.2 Para garantir a confiabilidade da conex\u00e3o entre servidores locais e dispositivos na cl\u00ednica, voc\u00ea<br \/>\nfoi contratado para revisar o cabeamento estruturado. Identifique os padr\u00f5es t\u00e9cnicos que devem<br \/>\nser adotados para:<br \/>\n\uf0b7 Reduzir interfer\u00eancias na transmiss\u00e3o de dados.<br \/>\n\uf0b7 Assegurar que a infraestrutura suporte a expans\u00e3o futura, caso novos dispositivos ou<br \/>\nservidores sejam adicionados.<br \/>\n\uf0b7 Inclua recomenda\u00e7\u00f5es espec\u00edficas sobre cabos, conectores e certifica\u00e7\u00f5es de<br \/>\ninstala\u00e7\u00e3o.<br \/>\nPasso 4: PROGRAMA\u00c7\u00c3O E DESENVOLVIMENTO DE BANCO DE DADOS<br \/>\nA cl\u00ednica m\u00e9dica enfrenta dificuldades com o desempenho do banco de dados, especialmente em<br \/>\nhor\u00e1rios de pico, quando h\u00e1 muitos agendamentos simult\u00e2neos. Durante a migra\u00e7\u00e3o para a nuvem,<br \/>\n\u00e9 necess\u00e1rio garantir que o banco de dados seja escal\u00e1vel e capaz de lidar com altos volumes de<br \/>\nconsultas.<br \/>\nSua responsabilidade \u00e9 implementar melhorias no banco de dados da cl\u00ednica. Entre suas tarefas<br \/>\nest\u00e3o:<br \/>\n1. Identificar as tabelas mais consultadas no sistema.<br \/>\n2. Adicionar \u00edndices adequados a essas tabelas para melhorar o tempo de resposta das<br \/>\nconsultas.<br \/>\n3. Justificar como a adi\u00e7\u00e3o desses \u00edndices pode otimizar o desempenho durante os per\u00edodos de<br \/>\nalta demanda.<br \/>\nEntrega esperada:<br \/>\n\uf0b7 Especificar as tabelas identificadas.<br \/>\n\uf0b7 Demonstrar os comandos SQL utilizados para criar os \u00edndices.<br \/>\nPROJETO INTEGRADO<br \/>\nP\u00fablico<br \/>\n\uf0b7 Apresentar uma explica\u00e7\u00e3o sobre o impacto da otimiza\u00e7\u00e3o no desempenho do banco de<br \/>\ndados.<br \/>\nPasso 5: PLATAFORMAS E MIGRACAO DE SERVICOS EM NUVEM<br \/>\nA gest\u00e3o de dados da cl\u00ednica m\u00e9dica usando modelos de servi\u00e7os na nuvem (IaaS, PaaS e SaaS) requer<br \/>\na escolha do modelo mais adequado para cada necessidade. Cada modelo oferece diferentes n\u00edveis<br \/>\nde controle, responsabilidade e facilidade de uso. Como a cl\u00ednica pode gerenciar seus dados em cada<br \/>\nmodelo?<\/p>\n<div class=\"elementor-toggle-item\">\n<p id=\"elementor-tab-title-1941\" class=\"elementor-tab-title elementor-active\" tabindex=\"0\" role=\"tab\" data-tab=\"1\" aria-controls=\"elementor-tab-content-1941\" aria-expanded=\"true\" aria-selected=\"true\"><strong>Como funciona?<\/strong><\/p>\n<p>Elaboramos os portf\u00f3lios, j\u00e1 deixamos prontos, nas normas da ABNT e conforme os requisitos da universidade. F\u00e1cil assim! O MELHOR \u00c9 QUE VOC\u00ca COMPRA E J\u00c1 BAIXA NA HORA O SEU ARQUIVO EM WORD! Sabemos que conciliar trabalho, fam\u00edlia, vida profissional e estudos \u00e9 dif\u00edcil hoje em dia, por isso, estamos aqui para ajudar voc\u00ea. Conte com nossa qualidade, experi\u00eancia e profissionalismo adquirindo seu portf\u00f3lio conosco. GARANTIMOS SEU CONCEITO!<\/p>\n<p><strong>Como se realizam os envios?<\/strong><\/p>\n<\/div>\n<p id=\"elementor-tab-content-1942\" class=\"elementor-tab-content elementor-clearfix elementor-active\" role=\"tabpanel\" data-tab=\"2\" aria-labelledby=\"elementor-tab-title-1942\">O seu trabalho \u00e9 disponibilizado pronto, respondido e nas normas j\u00e1 na mesma hora aqui em nosso site na sua \u00e1rea de downloads e tamb\u00e9m no seu e-mail.<\/p>\n<p><strong>Em quanto tempo recebo o portf\u00f3lio?<\/strong><\/p>\n<p>Os envios s\u00e3o imediatos. Ap\u00f3s sua compra, o trabalho j\u00e1 \u00e9 disponibilizado instantaneamente aqui em nosso site e no seu e-mail.<\/p>\n<p><strong>E se o portf\u00f3lio que comprei precisar de corre\u00e7\u00e3o?<\/strong><\/p>\n<p>Caso haja alguma solicita\u00e7\u00e3o de corre\u00e7\u00e3o\/altera\u00e7\u00e3o por parte do tutor, basta entrar em contato conosco pelo\u00a0WhatsApp\u00a0que provid\u00eanciaremos sem custo algum.<\/p>\n<p><strong>Qual o formato do arquivo?<\/strong><\/p>\n<p>Os arquivos s\u00e3o enviados em formato Word e s\u00e3o edit\u00e1veis.<\/p>\n<p><strong>Caso eu tiver alguma d\u00favida, terei suporte no p\u00f3s venda?<\/strong><\/p>\n<p>Sim, com certeza. Basta clicar no \u00edcone do WhatsApp no cantinho da tela. Ser\u00e1 um prazer atend\u00ea-lo(a).<\/p>\n<div id=\"elementor-tab-content-1948\" class=\"elementor-tab-content elementor-clearfix elementor-active\" role=\"tabpanel\" data-tab=\"8\" aria-labelledby=\"elementor-tab-title-1948\">\n<p><strong>Quais os seus canais de contato?<\/strong><\/p>\n<\/div>\n<div id=\"elementor-tab-content-1949\" class=\"elementor-tab-content elementor-clearfix elementor-active\" role=\"tabpanel\" data-tab=\"9\" aria-labelledby=\"elementor-tab-title-1949\">\n<p>Whatsapp: 53 984751621 \u2013 Clicar no canto da tela ou ESCANEIE O QRCODE ABAIXO<\/p>\n<h4><img decoding=\"async\" class=\"alignnone wp-image-13699 jetpack-lazy-image jetpack-lazy-image--handled\" src=\"https:\/\/i0.wp.com\/portifolioos-prontos.com\/wp-content\/uploads\/2023\/02\/whatsapp-business-projeto-de-extensao-300x300.jpeg?resize=144%2C144\" sizes=\"(max-width: 144px) 100vw, 144px\" srcset=\"https:\/\/i0.wp.com\/portifolioos-prontos.com\/wp-content\/uploads\/2023\/02\/whatsapp-business-projeto-de-extensao.jpeg?resize=300%2C301&amp;ssl=1 300w, https:\/\/i0.wp.com\/portifolioos-prontos.com\/wp-content\/uploads\/2023\/02\/whatsapp-business-projeto-de-extensao.jpeg?resize=150%2C150&amp;ssl=1 150w, https:\/\/i0.wp.com\/portifolioos-prontos.com\/wp-content\/uploads\/2023\/02\/whatsapp-business-projeto-de-extensao.jpeg?resize=370%2C372&amp;ssl=1 370w, https:\/\/i0.wp.com\/portifolioos-prontos.com\/wp-content\/uploads\/2023\/02\/whatsapp-business-projeto-de-extensao.jpeg?resize=100%2C100&amp;ssl=1 100w, https:\/\/i0.wp.com\/portifolioos-prontos.com\/wp-content\/uploads\/2023\/02\/whatsapp-business-projeto-de-extensao.jpeg?w=470&amp;ssl=1 470w\" alt=\"projeto de extens\u00e3o unopar\" width=\"144\" height=\"144\" data-lazy-loaded=\"1\" \/><\/h4>\n<\/div>\n<div class=\"elementor-toggle-item\">\n<div id=\"elementor-tab-content-1949\" class=\"elementor-tab-content elementor-clearfix elementor-active\" role=\"tabpanel\" data-tab=\"9\" aria-labelledby=\"elementor-tab-title-1949\">\n<p>E-mail:portifoliosp@gmail.com<\/p>\n<div id=\"attachment_143\" class=\"wp-caption alignnone\">\n<div id=\"attachment_143\" class=\"wp-caption alignnone\">\n<p id=\"caption-attachment-143\" class=\"wp-caption-text\"><a href=\"http:\/\/portfolio-pronto.com\/\">Portf\u00f3lio<\/a>\u00a0em Word, respondido, completo e j\u00e1 nas normas<\/p>\n<\/div>\n<\/div>\n<\/div>\n<\/div>\n","protected":false},"excerpt":{"rendered":"<div class=\"product-short-description\">\n<div class=\"product-short-description\">\n<p><strong>Pague pelo PIX ou cart\u00e3o e fa\u00e7a o download agora mesmo.<\/strong><\/p>\n<\/div>\n<div class=\"sticky-add-to-cart-wrapper\">\n<div class=\"sticky-add-to-cart\">\n<p class=\"quantity buttons_added form-flat\"><img decoding=\"async\" class=\"lazyloaded smush-image-5 smush-image-3 smush-image-4 smush-detected-img smush-image-bigger-3\" src=\"https:\/\/d26lpennugtm8s.cloudfront.net\/assets\/common\/img\/logos\/payment\/visa@2x.png\" width=\"46\" height=\"29\" data-src=\"https:\/\/d26lpennugtm8s.cloudfront.net\/assets\/common\/img\/logos\/payment\/visa@2x.png\" \/><img decoding=\"async\" class=\"lazyloaded smush-image-6 smush-image-4 smush-image-5 smush-detected-img smush-image-bigger-4\" src=\"https:\/\/d26lpennugtm8s.cloudfront.net\/assets\/common\/img\/logos\/payment\/boleto@2x.png\" width=\"43\" height=\"27\" data-src=\"https:\/\/d26lpennugtm8s.cloudfront.net\/assets\/common\/img\/logos\/payment\/boleto@2x.png\" \/><img loading=\"lazy\" decoding=\"async\" class=\"lazyloaded smush-image-7 smush-image-5 smush-image-6 smush-detected-img smush-image-bigger-5\" src=\"https:\/\/d26lpennugtm8s.cloudfront.net\/assets\/common\/img\/logos\/payment\/mastercard@2x.png\" width=\"43\" height=\"27\" data-src=\"https:\/\/d26lpennugtm8s.cloudfront.net\/assets\/common\/img\/logos\/payment\/mastercard@2x.png\" \/><img loading=\"lazy\" decoding=\"async\" class=\"lazyloaded smush-image-8 smush-image-6 smush-image-7 smush-detected-img smush-image-bigger-6\" src=\"https:\/\/d26lpennugtm8s.cloudfront.net\/assets\/common\/img\/logos\/payment\/amex@2x.png\" width=\"43\" height=\"27\" data-src=\"https:\/\/d26lpennugtm8s.cloudfront.net\/assets\/common\/img\/logos\/payment\/amex@2x.png\" \/><img loading=\"lazy\" decoding=\"async\" class=\"lazyloaded smush-image-9 smush-image-7 smush-image-8 smush-detected-img smush-image-bigger-7\" src=\"https:\/\/d26lpennugtm8s.cloudfront.net\/assets\/common\/img\/logos\/payment\/diners@2x.png\" width=\"46\" height=\"29\" data-src=\"https:\/\/d26lpennugtm8s.cloudfront.net\/assets\/common\/img\/logos\/payment\/diners@2x.png\" \/><img loading=\"lazy\" decoding=\"async\" class=\"lazyloaded smush-image-10 smush-image-8 smush-image-9 alignnone smush-detected-img smush-image-bigger-8\" src=\"https:\/\/d26lpennugtm8s.cloudfront.net\/assets\/common\/img\/logos\/payment\/br\/elo@2x.png\" alt=\"portf\u00f3lio unopar anhanguera\" width=\"45\" height=\"28\" data-src=\"https:\/\/d26lpennugtm8s.cloudfront.net\/assets\/common\/img\/logos\/payment\/br\/elo@2x.png\" \/><img loading=\"lazy\" decoding=\"async\" class=\"lazyloaded smush-image-11 smush-image-9 smush-image-10 alignnone smush-detected-img smush-image-bigger-9\" src=\"https:\/\/d26lpennugtm8s.cloudfront.net\/assets\/common\/img\/logos\/payment\/br\/hipercard@2x.png\" alt=\"portf\u00f3lio unopar anhanguera\" width=\"44\" height=\"28\" data-src=\"https:\/\/d26lpennugtm8s.cloudfront.net\/assets\/common\/img\/logos\/payment\/br\/hipercard@2x.png\" \/><img loading=\"lazy\" decoding=\"async\" class=\"lazyloaded smush-image-12 smush-image-10 smush-image-11 alignnone smush-detected-img smush-image-bigger-10\" src=\"https:\/\/d26lpennugtm8s.cloudfront.net\/assets\/common\/img\/logos\/payment\/mercadopago@2x.png\" alt=\"portf\u00f3lio unopar anhanguera\" width=\"45\" height=\"28\" data-src=\"https:\/\/d26lpennugtm8s.cloudfront.net\/assets\/common\/img\/logos\/payment\/mercadopago@2x.png\" \/><img loading=\"lazy\" decoding=\"async\" class=\"alignnone lazyloaded smush-detected-img smush-image-bigger-11\" src=\"https:\/\/futurium.com.br\/wp-content\/uploads\/2021\/06\/logo-pix-icone-512.png\" alt=\"portfolio pronto\" width=\"30\" height=\"30\" data-src=\"https:\/\/futurium.com.br\/wp-content\/uploads\/2021\/06\/logo-pix-icone-512.png\" \/><\/p>\n<\/div>\n<\/div>\n<\/div>\n","protected":false},"featured_media":37026,"template":"","meta":{"_seopress_robots_primary_cat":"none","_seopress_titles_title":"%%post_title%% %%sitetitle%%","_seopress_titles_desc":"%%post_content%%","_seopress_robots_index":""},"product_cat":[530,764,15],"product_tag":[],"class_list":{"0":"post-37023","1":"product","2":"type-product","3":"status-publish","4":"has-post-thumbnail","6":"product_cat-computacao-em-nuvem","7":"product_cat-projeto-integrado-inovacao-gestao","8":"product_cat-uncategorized","10":"first","11":"instock","12":"shipping-taxable","13":"purchasable","14":"product-type-simple","15":"col-xs-6 col-sm-4","16":"col-mf-5","17":"un-5-cols"},"jetpack_sharing_enabled":true,"_links":{"self":[{"href":"https:\/\/portifolioos-prontos.com\/index.php\/wp-json\/wp\/v2\/product\/37023","targetHints":{"allow":["GET"]}}],"collection":[{"href":"https:\/\/portifolioos-prontos.com\/index.php\/wp-json\/wp\/v2\/product"}],"about":[{"href":"https:\/\/portifolioos-prontos.com\/index.php\/wp-json\/wp\/v2\/types\/product"}],"version-history":[{"count":0,"href":"https:\/\/portifolioos-prontos.com\/index.php\/wp-json\/wp\/v2\/product\/37023\/revisions"}],"wp:featuredmedia":[{"embeddable":true,"href":"https:\/\/portifolioos-prontos.com\/index.php\/wp-json\/wp\/v2\/media\/37026"}],"wp:attachment":[{"href":"https:\/\/portifolioos-prontos.com\/index.php\/wp-json\/wp\/v2\/media?parent=37023"}],"wp:term":[{"taxonomy":"product_cat","embeddable":true,"href":"https:\/\/portifolioos-prontos.com\/index.php\/wp-json\/wp\/v2\/product_cat?post=37023"},{"taxonomy":"product_tag","embeddable":true,"href":"https:\/\/portifolioos-prontos.com\/index.php\/wp-json\/wp\/v2\/product_tag?post=37023"}],"curies":[{"name":"wp","href":"https:\/\/api.w.org\/{rel}","templated":true}]}}