{"id":37040,"date":"2025-04-22T14:32:26","date_gmt":"2025-04-22T17:32:26","guid":{"rendered":"https:\/\/portifolioos-prontos.com\/?post_type=product&#038;p=37040"},"modified":"2025-08-03T18:36:17","modified_gmt":"2025-08-03T21:36:17","slug":"estagio-supervisionado-ii-enfermagem-tema-territorializacao","status":"publish","type":"product","link":"https:\/\/portifolioos-prontos.com\/index.php\/product\/estagio-supervisionado-ii-enfermagem-tema-territorializacao\/","title":{"rendered":"Est\u00e1gio supervisionado II Enfermagem Tema: Territorializa\u00e7\u00e3o"},"content":{"rendered":"<h5>Est\u00e1gio supervisionado II Enfermagem Tema: Territorializa\u00e7\u00e3o<\/h5>\n<p>Sum\u00e1rio<br \/>\n1. INTRODU\u00c7\u00c3O &#8211; TERRITORIALIZA\u00c7\u00c3O&#8230;&#8230;&#8230;&#8230;&#8230;&#8230;&#8230;&#8230;&#8230;&#8230;&#8230;&#8230;&#8230;&#8230;&#8230;&#8230;&#8230;&#8230;&#8230;&#8230;&#8230;&#8230;&#8230;&#8230;&#8230;&#8230;&#8230;&#8230;&#8230;&#8230;&#8230;&#8230;&#8230;&#8230;..3<br \/>\n1.1 Apresenta\u00e7\u00e3o da Unidade Sa\u00fade da Fam\u00edlia- Camb\u00e9 II &#8230;&#8230;&#8230;&#8230;&#8230;&#8230;&#8230;&#8230;&#8230;&#8230;&#8230;&#8230;&#8230;&#8230;&#8230;&#8230;&#8230;&#8230;&#8230;&#8230;&#8230;&#8230;&#8230;&#8230;. 5<br \/>\n2. MAPA DO TERRIT\u00d3RIO E TERRITORIALIZA\u00c7\u00c3O &#8230;&#8230;&#8230;&#8230;&#8230;&#8230;&#8230;&#8230;&#8230;&#8230;&#8230;&#8230;&#8230;&#8230;&#8230;&#8230;&#8230;&#8230;&#8230;&#8230;&#8230;&#8230;&#8230;&#8230;&#8230;&#8230;&#8230;&#8230;&#8230;..7<br \/>\n2.1 Atividades&#8230;&#8230;&#8230;&#8230;&#8230;&#8230;&#8230;&#8230;&#8230;&#8230;&#8230;&#8230;&#8230;&#8230;&#8230;&#8230;&#8230;&#8230;&#8230;&#8230;&#8230;&#8230;&#8230;&#8230;&#8230;&#8230;&#8230;&#8230;&#8230;&#8230;&#8230;&#8230;&#8230;&#8230;&#8230;&#8230;&#8230;&#8230;&#8230;&#8230;&#8230;&#8230;&#8230;&#8230;&#8230;&#8230;&#8230;.. 7<br \/>\n3. REFER\u00caNCIAS&#8230;&#8230;&#8230;&#8230;&#8230;&#8230;&#8230;&#8230;&#8230;&#8230;&#8230;&#8230;&#8230;&#8230;&#8230;&#8230;&#8230;&#8230;&#8230;&#8230;&#8230;&#8230;&#8230;&#8230;&#8230;&#8230;&#8230;&#8230;&#8230;&#8230;&#8230;&#8230;&#8230;&#8230;&#8230;&#8230;&#8230;&#8230;&#8230;&#8230;&#8230;&#8230;&#8230;&#8230;&#8230;&#8230;..9<br \/>\n1. INTRODU\u00c7\u00c3O &#8211; TERRITORIALIZA\u00c7\u00c3O<br \/>\nPara entendermos o que \u00e9 a territorializa\u00e7\u00e3o, \u00e9 importante que primeiramente seja<br \/>\ncompreendido o conceito de territ\u00f3rio e das \u00e1reas de risco.<br \/>\nA concep\u00e7\u00e3o mais comum de territ\u00f3rio \u00e9 a de um espa\u00e7o geogr\u00e1fico delimitado por divis\u00f5es<br \/>\nadministrativas, que hoje d\u00e3o origem a bairros, cidades, estados e pa\u00edses. A palavra territ\u00f3rio vem do<br \/>\nlatim territorium, que significa terra que pertence a algu\u00e9m. Qualquer espa\u00e7o definido e delimitado<br \/>\npor e a partir de rela\u00e7\u00f5es de poder se caracteriza como territ\u00f3rio (COLUSSI; PEREIRA, 2016).<br \/>\nCada territ\u00f3rio tem as suas particularidades, que configuram diferentes perfis demogr\u00e1ficos,<br \/>\nepidemiol\u00f3gicos, econ\u00f4micos, sociais, culturais e pol\u00edticos, os quais se encontram em constante<br \/>\ntransforma\u00e7\u00e3o. Assim, a atua\u00e7\u00e3o das equipes de sa\u00fade sobre esse territ\u00f3rio tem de considerar esses<br \/>\nperfis. Os profissionais de sa\u00fade que atuam na Aten\u00e7\u00e3o B\u00e1sica devem se apropriar dessas<br \/>\ncaracter\u00edsticas, precisam dialogar com os atores, para que tenham poder de atua\u00e7\u00e3o sobre a realidade<br \/>\nonde atuam e \u00e0 qual tamb\u00e9m pertencem (COLUSSI; PEREIRA, 2016).<br \/>\nJ\u00e1 os riscos s\u00e3o inerentes \u00e0 condi\u00e7\u00e3o humana, ou seja, fazem parte da nossa vida. Est\u00e3o por toda<br \/>\nparte, em todo lugar, por\u00e9m distribu\u00eddos de maneira heterog\u00eanea no territ\u00f3rio. As \u00e1reas que<br \/>\nconcentram determinados riscos s\u00e3o denominadas \u00e1reas de risco (COLUSSI; PEREIRA, 2016).<br \/>\nAs \u00e1reas de risco, portanto, s\u00e3o partes de um determinado territ\u00f3rio que, por suas caracter\u00edsticas,<br \/>\napresentam mais chances de que algo indesejado aconte\u00e7a.<br \/>\nA defini\u00e7\u00e3o da \u00e1rea de risco pode variar conforme o que seja esse algo indesejado. Para a Defesa<br \/>\nCivil, por exemplo, tratam-se de locais com maior risco de enchentes ou desmoronamentos. Na<br \/>\nEstrat\u00e9gia de Sa\u00fade da Fam\u00edlia (ESF), consideramos como de risco as \u00e1reas em que os moradores, de<br \/>\nmaneira geral, t\u00eam seus n\u00edveis de sa\u00fade inferiores aos do restante da popula\u00e7\u00e3o do territ\u00f3rio,<br \/>\napresentam mais chances de adoecer ou, ainda, quando t\u00eam a mesma doen\u00e7a que pessoas de outro<br \/>\nlocal, desenvolvem-na em maior gravidade ou com maiores complica\u00e7\u00f5es. Alguns exemplos de<br \/>\ncondi\u00e7\u00f5es que definem uma \u00e1rea como sendo de risco s\u00e3o:<br \/>\n\u2022 Acesso prec\u00e1rio a bens e servi\u00e7os (tratamento da \u00e1gua, tratamento de esgoto, coleta de lixo<br \/>\netc.).<br \/>\n\u2022 Polui\u00e7\u00e3o.<br \/>\n\u2022 Viol\u00eancia.<br \/>\n\u2022 Consumo de drogas.<br \/>\n\u2022 Desemprego.<br \/>\n\u2022 Analfabetismo.<br \/>\nA presen\u00e7a de um maior n\u00famero dessas caracter\u00edsticas corresponde a maior risco para a<br \/>\npopula\u00e7\u00e3o.<br \/>\nA territorializa\u00e7\u00e3o em sa\u00fade \u00e9 denominada como o processo de reconhecimento do territ\u00f3rio.<br \/>\nPode ser visto como uma pr\u00e1tica, um modo de fazer, uma t\u00e9cnica que possibilita o reconhecimento do<br \/>\nambiente, das condi\u00e7\u00f5es de vida e da situa\u00e7\u00e3o de sa\u00fade da popula\u00e7\u00e3o de determinado territ\u00f3rio, assim<br \/>\ncomo o acesso dessa popula\u00e7\u00e3o a a\u00e7\u00f5es e servi\u00e7os de sa\u00fade, viabilizando o desenvolvimento de<br \/>\npr\u00e1ticas de sa\u00fade voltadas \u00e0 realidade cotidiana das pessoas (COLUSSI; PEREIRA, 2016).<br \/>\nO processo de territorializa\u00e7\u00e3o ser\u00e1 capaz de induzir as transforma\u00e7\u00f5es desejadas quando<br \/>\nconcebido e praticado de maneira ampla:<br \/>\n\u2022 Um processo de habitar e vivenciar um territ\u00f3rio.<br \/>\n\u2022 Uma t\u00e9cnica e um m\u00e9todo de obten\u00e7\u00e3o e an\u00e1lise de informa\u00e7\u00f5es sobre as condi\u00e7\u00f5es de<br \/>\nvida e sa\u00fade de popula\u00e7\u00f5es.<br \/>\n\u2022 Um instrumento para se entender os contextos de uso do territ\u00f3rio em todos os n\u00edveis<br \/>\ndas atividades humanas (econ\u00f4micos, sociais, culturais, pol\u00edticos etc.)<br \/>\n\u2022 \u201cUm caminho metodol\u00f3gico de aproxima\u00e7\u00e3o e an\u00e1lise sucessivas da realidade para a<br \/>\nprodu\u00e7\u00e3o social da sa\u00fade\u201d (GODIM, 2011, p.199)<br \/>\nCabe destacar que o processo de territorializa\u00e7\u00e3o ocorre simultaneamente as demais<br \/>\natividades das equipes, ou seja, deve ser incorporado na sua rotina. Pense que, ao sair no territ\u00f3rio<br \/>\npara realizar uma visita domiciliar, por exemplo, voc\u00ea j\u00e1 pode coletar e registrar informa\u00e7\u00f5es a partir<br \/>\nda sua observa\u00e7\u00e3o durante o trajeto.<br \/>\nPara a realiza\u00e7\u00e3o dessa atividade, considere a situa\u00e7\u00e3o hipot\u00e9tica a seguir:<br \/>\n1.1 Apresenta\u00e7\u00e3o da Unidade Sa\u00fade da Fam\u00edlia- Camb\u00e9 II<br \/>\nA Unidade Sa\u00fade da Fam\u00edlia (USF) Camb\u00e9 II est\u00e1 localizada no munic\u00edpio de Camb\u00e9-RS. Sua<br \/>\npopula\u00e7\u00e3o adscrita \u00e9 de 3.800 habitantes. A estimativa de renda familiar da comunidade corresponde<br \/>\na aproximadamente 2 sal\u00e1rios m\u00ednimos. Dos aspectos sociais relevantes, n\u00e3o h\u00e1 \u00e1rea de invas\u00e3o na<br \/>\nregi\u00e3o; 502 fam\u00edlias s\u00e3o cadastradas nos programas sociais. Todas as moradias s\u00e3o de tijolos e possuem<br \/>\nenergia el\u00e9trica nos domic\u00edlios, com coleta urbana para o lixo, abastecimento de \u00e1gua feito pela rede<br \/>\np\u00fablica e possui rede de esgoto. Dentre as condi\u00e7\u00f5es cr\u00f4nicas de sa\u00fade mais frequentes da popula\u00e7\u00e3o<br \/>\nde abrang\u00eancia da USF, destacam-se: 391 pessoas (10,3%) hipertensas, 91 pessoas (2,7%) diab\u00e9ticos,<br \/>\n64 pessoas (1,7%) com sofrimento mental, 34 pessoas (0,9%) asm\u00e1ticas, 34 pessoas (0,9%) envolvidas<br \/>\ncom problemas de alcoolismo e 26 pessoas (0,7%) acamados ou classificados como idosos fr\u00e1geis. No<br \/>\nentanto, apenas uma pequena parte da agenda da equipe \u00e9 destinada a consultas referentes \u00e0s a\u00e7\u00f5es<br \/>\nplanejadas de uma demanda estruturada e baseada nos programas de puericultura, pr\u00e9-natal, sa\u00fade<br \/>\nmental, hipertensos e diab\u00e9ticos, e as visitas domiciliares. As condi\u00e7\u00f5es agudas s\u00e3o o foco das<br \/>\natividades da Unidade, e a agenda \u00e9 reservada, na sua grande maioria, ao atendimento de demanda<br \/>\nespont\u00e2nea que visa a \u201cmedicaliza\u00e7\u00e3o dos problemas\u201d e a solicita\u00e7\u00e3o de exames. A equipe trabalha,<br \/>\nportanto, com uma demanda espont\u00e2nea sobrecarregada que visa atender a uma popula\u00e7\u00e3o ainda<br \/>\nfortemente influenciada pela cultura curativa em sa\u00fade.<br \/>\nVoc\u00ea, foi nomeado para assumir as atividades como enfermeiro(a) coordenador(a) nessa Unidade<br \/>\nSa\u00fade da Fam\u00edlia e tem um grande desafio pela frente. Vamos l\u00e1?! Agora \u00e9 com voc\u00ea!<br \/>\n2. MAPA DO TERRIT\u00d3RIO E TERRITORIALIZA\u00c7\u00c3O<br \/>\n2.1 Atividades<br \/>\nA partir dos dados apresentados na situa\u00e7\u00e3o hipot\u00e9tica, realize as atividades a seguir:<br \/>\n1. Qual a import\u00e2ncia da territorializa\u00e7\u00e3o para o trabalho das equipes da APS? Justifique.<br \/>\n2. Diante da situa\u00e7\u00e3o hipot\u00e9tica, com rela\u00e7\u00e3o a Unidade Sa\u00fade da Fam\u00edlia- Camb\u00e9 II, elabore no<br \/>\nmapa abaixo a distribui\u00e7\u00e3o das micro\u00e1reas e identifique a \u00e1rea de abrang\u00eancia e \u00e1rea de<br \/>\ninflu\u00eancia dessa unidade. Identifique quantos Agentes Comunit\u00e1rios de Sa\u00fade ser\u00e3o<br \/>\nnecess\u00e1rios para atender essa popula\u00e7\u00e3o. (Relembrando que a \u00e1rea de abrang\u00eancia da USF \u00e9<br \/>\nde 3.800 habitantes, cada micro\u00e1rea \u00e9 composta por 750 habitantes e cada quadra cont\u00e9m 20<br \/>\ncasas, com 5 habitantes em cada uma).<br \/>\n3. Agora, voc\u00ea, enfermeiro (a) da USF, ap\u00f3s elaborar o mapeamento das micro\u00e1reas e da \u00e1rea de<br \/>\nabrang\u00eancia, dever\u00e1 organizar como ser\u00e1 realizado o processo de territorializa\u00e7\u00e3o baseado nas<br \/>\n3 fases: preparat\u00f3ria ou de planejamento, coleta de dados\/informa\u00e7\u00f5es e de an\u00e1lise dos<br \/>\ndados.<br \/>\n4. De acordo com o mapa abaixo, quais locais estrat\u00e9gicos poderiam ser realizados a\u00e7\u00f5es em<br \/>\nsa\u00fade para a comunidade? Descreva essas a\u00e7\u00f5es em sa\u00fade.<br \/>\n3. REFER\u00caNCIAS<br \/>\nCOLUSSI, C. F.; PEREIRA, K. G. Territorializa\u00e7\u00e3o como instrumento do planejamento local na Aten\u00e7\u00e3o<br \/>\nB\u00e1sica [Recurso eletr\u00f4nico]. &#8211; Florian\u00f3polis: UFSC, 2016. Dispon\u00edvel em:<br \/>\nhttps:\/\/ares.unasus.gov.br\/acervo\/html\/ARES\/13957\/1\/TERRITORIALIZACAO_LIVRO.pdf Acesso em:<br \/>\n12\/08\/20.<br \/>\nGONDIM, Gr\u00e1cia Maria de Miranda. Territ\u00f3rios da Aten\u00e7\u00e3o B\u00e1sica: m\u00faltiplos, singulares ou<br \/>\ninexistentes? 2011. 256 f. Tese (Doutorado em Sa\u00fade P\u00fablica). Escola Nacional de Sa\u00fade P\u00fablica S\u00e9rgio<br \/>\nArouca, Fiocruz. Rio de Janeiro, 2011. Dispon\u00edvel em: bvssp.<br \/>\nicict.fiocruz.br\/lildbi\/docsonline\/get.php?id=2371. Acesso em: 12\/08\/20.<\/p>\n<div class=\"elementor-toggle-item\">\n<p id=\"elementor-tab-title-1941\" class=\"elementor-tab-title elementor-active\" tabindex=\"0\" role=\"tab\" data-tab=\"1\" aria-controls=\"elementor-tab-content-1941\" aria-expanded=\"true\" aria-selected=\"true\"><strong>Como funciona?<\/strong><\/p>\n<p>Elaboramos os portf\u00f3lios, j\u00e1 deixamos prontos, nas normas da ABNT e conforme os requisitos da universidade. F\u00e1cil assim! O MELHOR \u00c9 QUE VOC\u00ca COMPRA E J\u00c1 BAIXA NA HORA O SEU ARQUIVO EM WORD! Sabemos que conciliar trabalho, fam\u00edlia, vida profissional e estudos \u00e9 dif\u00edcil hoje em dia, por isso, estamos aqui para ajudar voc\u00ea. Conte com nossa qualidade, experi\u00eancia e profissionalismo adquirindo seu portf\u00f3lio conosco. GARANTIMOS SEU CONCEITO!<\/p>\n<p><strong>Como se realizam os envios?<\/strong><\/p>\n<\/div>\n<p id=\"elementor-tab-content-1942\" class=\"elementor-tab-content elementor-clearfix elementor-active\" role=\"tabpanel\" data-tab=\"2\" aria-labelledby=\"elementor-tab-title-1942\">O seu trabalho \u00e9 disponibilizado pronto, respondido e nas normas j\u00e1 na mesma hora aqui em nosso site na sua \u00e1rea de downloads e tamb\u00e9m no seu e-mail.<\/p>\n<p><strong>Em quanto tempo recebo o portf\u00f3lio?<\/strong><\/p>\n<p>Os envios s\u00e3o imediatos. Ap\u00f3s sua compra, o trabalho j\u00e1 \u00e9 disponibilizado instantaneamente aqui em nosso site e no seu e-mail.<\/p>\n<p><strong>E se o portf\u00f3lio que comprei precisar de corre\u00e7\u00e3o?<\/strong><\/p>\n<p>Caso haja alguma solicita\u00e7\u00e3o de corre\u00e7\u00e3o\/altera\u00e7\u00e3o por parte do tutor, basta entrar em contato conosco pelo\u00a0WhatsApp\u00a0que provid\u00eanciaremos sem custo algum.<\/p>\n<p><strong>Qual o formato do arquivo?<\/strong><\/p>\n<p>Os arquivos s\u00e3o enviados em formato Word e s\u00e3o edit\u00e1veis.<\/p>\n<p><strong>Caso eu tiver alguma d\u00favida, terei suporte no p\u00f3s venda?<\/strong><\/p>\n<p>Sim, com certeza. Basta clicar no \u00edcone do WhatsApp no cantinho da tela. Ser\u00e1 um prazer atend\u00ea-lo(a).<\/p>\n<div id=\"elementor-tab-content-1948\" class=\"elementor-tab-content elementor-clearfix elementor-active\" role=\"tabpanel\" data-tab=\"8\" aria-labelledby=\"elementor-tab-title-1948\">\n<p><strong>Quais os seus canais de contato?<\/strong><\/p>\n<\/div>\n<div id=\"elementor-tab-content-1949\" class=\"elementor-tab-content elementor-clearfix elementor-active\" role=\"tabpanel\" data-tab=\"9\" aria-labelledby=\"elementor-tab-title-1949\">\n<p>Whatsapp: 53 984751621 \u2013 Clicar no canto da tela ou ESCANEIE O QRCODE ABAIXO<\/p>\n<h4><img decoding=\"async\" class=\"alignnone wp-image-13699 jetpack-lazy-image jetpack-lazy-image--handled\" src=\"https:\/\/i0.wp.com\/portifolioos-prontos.com\/wp-content\/uploads\/2023\/02\/whatsapp-business-projeto-de-extensao-300x300.jpeg?resize=144%2C144\" sizes=\"(max-width: 144px) 100vw, 144px\" srcset=\"https:\/\/i0.wp.com\/portifolioos-prontos.com\/wp-content\/uploads\/2023\/02\/whatsapp-business-projeto-de-extensao.jpeg?resize=300%2C301&amp;ssl=1 300w, https:\/\/i0.wp.com\/portifolioos-prontos.com\/wp-content\/uploads\/2023\/02\/whatsapp-business-projeto-de-extensao.jpeg?resize=150%2C150&amp;ssl=1 150w, https:\/\/i0.wp.com\/portifolioos-prontos.com\/wp-content\/uploads\/2023\/02\/whatsapp-business-projeto-de-extensao.jpeg?resize=370%2C372&amp;ssl=1 370w, https:\/\/i0.wp.com\/portifolioos-prontos.com\/wp-content\/uploads\/2023\/02\/whatsapp-business-projeto-de-extensao.jpeg?resize=100%2C100&amp;ssl=1 100w, https:\/\/i0.wp.com\/portifolioos-prontos.com\/wp-content\/uploads\/2023\/02\/whatsapp-business-projeto-de-extensao.jpeg?w=470&amp;ssl=1 470w\" alt=\"projeto de extens\u00e3o unopar\" width=\"144\" height=\"144\" data-lazy-loaded=\"1\" \/><\/h4>\n<\/div>\n<div class=\"elementor-toggle-item\">\n<div id=\"elementor-tab-content-1949\" class=\"elementor-tab-content elementor-clearfix elementor-active\" role=\"tabpanel\" data-tab=\"9\" aria-labelledby=\"elementor-tab-title-1949\">\n<p>E-mail:portifoliosp@gmail.com<\/p>\n<div id=\"attachment_143\" class=\"wp-caption alignnone\">\n<div id=\"attachment_143\" class=\"wp-caption alignnone\">\n<p id=\"caption-attachment-143\" class=\"wp-caption-text\"><a href=\"http:\/\/portfolio-pronto.com\/\">Portf\u00f3lio<\/a>\u00a0em Word, respondido, completo e j\u00e1 nas normas<\/p>\n<\/div>\n<\/div>\n<\/div>\n<\/div>\n","protected":false},"excerpt":{"rendered":"<div class=\"product-short-description\">\n<div class=\"product-short-description\">\n<p><strong>Pague pelo PIX ou cart\u00e3o e fa\u00e7a o download agora mesmo.<\/strong><\/p>\n<\/div>\n<div class=\"sticky-add-to-cart-wrapper\">\n<div class=\"sticky-add-to-cart\">\n<p class=\"quantity buttons_added form-flat\"><img decoding=\"async\" class=\"lazyloaded smush-image-5 smush-image-3 smush-image-4 smush-detected-img smush-image-bigger-3\" src=\"https:\/\/d26lpennugtm8s.cloudfront.net\/assets\/common\/img\/logos\/payment\/visa@2x.png\" width=\"46\" height=\"29\" data-src=\"https:\/\/d26lpennugtm8s.cloudfront.net\/assets\/common\/img\/logos\/payment\/visa@2x.png\" \/><img decoding=\"async\" class=\"lazyloaded smush-image-6 smush-image-4 smush-image-5 smush-detected-img smush-image-bigger-4\" src=\"https:\/\/d26lpennugtm8s.cloudfront.net\/assets\/common\/img\/logos\/payment\/boleto@2x.png\" width=\"43\" height=\"27\" data-src=\"https:\/\/d26lpennugtm8s.cloudfront.net\/assets\/common\/img\/logos\/payment\/boleto@2x.png\" \/><img loading=\"lazy\" decoding=\"async\" class=\"lazyloaded smush-image-7 smush-image-5 smush-image-6 smush-detected-img smush-image-bigger-5\" src=\"https:\/\/d26lpennugtm8s.cloudfront.net\/assets\/common\/img\/logos\/payment\/mastercard@2x.png\" width=\"43\" height=\"27\" data-src=\"https:\/\/d26lpennugtm8s.cloudfront.net\/assets\/common\/img\/logos\/payment\/mastercard@2x.png\" \/><img loading=\"lazy\" decoding=\"async\" class=\"lazyloaded smush-image-8 smush-image-6 smush-image-7 smush-detected-img smush-image-bigger-6\" src=\"https:\/\/d26lpennugtm8s.cloudfront.net\/assets\/common\/img\/logos\/payment\/amex@2x.png\" width=\"43\" height=\"27\" data-src=\"https:\/\/d26lpennugtm8s.cloudfront.net\/assets\/common\/img\/logos\/payment\/amex@2x.png\" \/><img loading=\"lazy\" decoding=\"async\" class=\"lazyloaded smush-image-9 smush-image-7 smush-image-8 smush-detected-img smush-image-bigger-7\" src=\"https:\/\/d26lpennugtm8s.cloudfront.net\/assets\/common\/img\/logos\/payment\/diners@2x.png\" width=\"46\" height=\"29\" data-src=\"https:\/\/d26lpennugtm8s.cloudfront.net\/assets\/common\/img\/logos\/payment\/diners@2x.png\" \/><img loading=\"lazy\" decoding=\"async\" class=\"lazyloaded smush-image-10 smush-image-8 smush-image-9 alignnone smush-detected-img smush-image-bigger-8\" src=\"https:\/\/d26lpennugtm8s.cloudfront.net\/assets\/common\/img\/logos\/payment\/br\/elo@2x.png\" alt=\"portf\u00f3lio unopar anhanguera\" width=\"45\" height=\"28\" data-src=\"https:\/\/d26lpennugtm8s.cloudfront.net\/assets\/common\/img\/logos\/payment\/br\/elo@2x.png\" \/><img loading=\"lazy\" decoding=\"async\" class=\"lazyloaded smush-image-11 smush-image-9 smush-image-10 alignnone smush-detected-img smush-image-bigger-9\" src=\"https:\/\/d26lpennugtm8s.cloudfront.net\/assets\/common\/img\/logos\/payment\/br\/hipercard@2x.png\" alt=\"portf\u00f3lio unopar anhanguera\" width=\"44\" height=\"28\" data-src=\"https:\/\/d26lpennugtm8s.cloudfront.net\/assets\/common\/img\/logos\/payment\/br\/hipercard@2x.png\" \/><img loading=\"lazy\" decoding=\"async\" class=\"lazyloaded smush-image-12 smush-image-10 smush-image-11 alignnone smush-detected-img smush-image-bigger-10\" src=\"https:\/\/d26lpennugtm8s.cloudfront.net\/assets\/common\/img\/logos\/payment\/mercadopago@2x.png\" alt=\"portf\u00f3lio unopar anhanguera\" width=\"45\" height=\"28\" data-src=\"https:\/\/d26lpennugtm8s.cloudfront.net\/assets\/common\/img\/logos\/payment\/mercadopago@2x.png\" \/><img loading=\"lazy\" decoding=\"async\" class=\"alignnone lazyloaded smush-detected-img smush-image-bigger-11\" src=\"https:\/\/futurium.com.br\/wp-content\/uploads\/2021\/06\/logo-pix-icone-512.png\" alt=\"portfolio pronto\" width=\"30\" height=\"30\" data-src=\"https:\/\/futurium.com.br\/wp-content\/uploads\/2021\/06\/logo-pix-icone-512.png\" \/><\/p>\n<\/div>\n<\/div>\n<\/div>\n","protected":false},"featured_media":37047,"template":"","meta":{"_seopress_robots_primary_cat":"","_seopress_titles_title":"%%post_title%% %%sitetitle%%","_seopress_titles_desc":"%%post_content%%","_seopress_robots_index":""},"product_cat":[37],"product_tag":[747,746],"class_list":{"0":"post-37040","1":"product","2":"type-product","3":"status-publish","4":"has-post-thumbnail","6":"product_cat-enfermagem","7":"product_tag-portfolio-de-estagio-anhanguera","8":"product_tag-portfolio-de-estagio-unopar","10":"first","11":"instock","12":"shipping-taxable","13":"product-type-simple","14":"col-xs-6 col-sm-4","15":"col-mf-5","16":"un-5-cols"},"jetpack_sharing_enabled":true,"_links":{"self":[{"href":"https:\/\/portifolioos-prontos.com\/index.php\/wp-json\/wp\/v2\/product\/37040","targetHints":{"allow":["GET"]}}],"collection":[{"href":"https:\/\/portifolioos-prontos.com\/index.php\/wp-json\/wp\/v2\/product"}],"about":[{"href":"https:\/\/portifolioos-prontos.com\/index.php\/wp-json\/wp\/v2\/types\/product"}],"version-history":[{"count":0,"href":"https:\/\/portifolioos-prontos.com\/index.php\/wp-json\/wp\/v2\/product\/37040\/revisions"}],"wp:featuredmedia":[{"embeddable":true,"href":"https:\/\/portifolioos-prontos.com\/index.php\/wp-json\/wp\/v2\/media\/37047"}],"wp:attachment":[{"href":"https:\/\/portifolioos-prontos.com\/index.php\/wp-json\/wp\/v2\/media?parent=37040"}],"wp:term":[{"taxonomy":"product_cat","embeddable":true,"href":"https:\/\/portifolioos-prontos.com\/index.php\/wp-json\/wp\/v2\/product_cat?post=37040"},{"taxonomy":"product_tag","embeddable":true,"href":"https:\/\/portifolioos-prontos.com\/index.php\/wp-json\/wp\/v2\/product_tag?post=37040"}],"curies":[{"name":"wp","href":"https:\/\/api.w.org\/{rel}","templated":true}]}}