{"id":3836,"date":"2022-05-31T11:51:42","date_gmt":"2022-05-31T14:51:42","guid":{"rendered":"https:\/\/portifolioos-prontos.com\/?post_type=product&#038;p=3836"},"modified":"2022-09-02T14:57:38","modified_gmt":"2022-09-02T17:57:38","slug":"projeto-integrado-iii-marketing-digital","status":"publish","type":"product","link":"https:\/\/portifolioos-prontos.com\/index.php\/product\/projeto-integrado-iii-marketing-digital\/","title":{"rendered":"Projeto Integrado III Marketing digital"},"content":{"rendered":"<h4><strong>Projeto Integrado III Marketing digital Semestre: 2\u00b0 e 3\u00b0<\/strong><\/h4>\n<h4><strong>Curso: Tecnologia em Marketing digital<\/strong><\/h4>\n<hr \/>\n<p>A atividade avaliativa da disciplina Projeto Integrado III, tem como objetivo integrar os<br \/>\nconte\u00fados trabalhados no decorrer do semestre, por meio das teorias estudadas e dos<br \/>\ncontextos situacionais reais ou similares ao ambiente mercadol\u00f3gico, considerando as seguintes<br \/>\ndisciplinas: An\u00e1lise e Tend\u00eancia de Mercado; Branded Content; Experi\u00eancia do Usu\u00e1rio; M\u00eddia<br \/>\nOnline e Direito das Rela\u00e7\u00f5es de Consumo.<br \/>\nNo desenvolvimento deste projeto voc\u00ea ser\u00e1 instigado a decidir, opinar, debater e<br \/>\nconstituir, com autonomia, o seu desenvolvimento profissional de maneira interdisciplinar. A<br \/>\natua\u00e7\u00e3o em marketing digital n\u00e3o se restringe a apenas um setor ou a um departamento no<br \/>\ninterior das organiza\u00e7\u00f5es, mas sim refere-se a uma \u00e1rea que depende e impacta todos os outros<br \/>\nsetores organizacionais e, por isso, \u00e9 essencial que a interdisciplinaridade seja uma das suas<br \/>\ncompet\u00eancias como profissional da \u00e1rea.<br \/>\nAl\u00e9m disso, nos dias atuais, o marketing tamb\u00e9m rompeu com as barreiras entre o<br \/>\nmundo f\u00edsico e digital. Se h\u00e1 algum tempo, os consumidores optavam por utilizar servi\u00e7os e<br \/>\nadquirir produtos de uma s\u00f3 forma, hoje, h\u00e1 uma integra\u00e7\u00e3o online-offline que impacta toda a<br \/>\njornada do consumidor. Por exemplo, ao comprar um m\u00f3vel em uma loja f\u00edsica, o consumidor<br \/>\nacompanha a entrega pelo celular, onde recebe uma mensagem instant\u00e2nea sempre que ocorre<br \/>\numa atualiza\u00e7\u00e3o do status da compra (KOTLER; KARTAJAYA; SETIAWAN, 2017).<br \/>\nNesse sentido, cabe ao marketing (antes centrado no produto, no consumidor, e ent\u00e3o<br \/>\nno ser humano), centrar-se na jornada digital dos consumidores, buscando um cen\u00e1rio de<br \/>\nneg\u00f3cios que seja mais inclusivo, social e horizontal. Por isso, esse projeto prop\u00f5e que voc\u00ea se<br \/>\ndepare, de maneira te\u00f3rica e emp\u00edrica, com empresas e situa\u00e7\u00f5es mercadol\u00f3gicas que apliquem<br \/>\nesse novo olhar do marketing sobre suas estrat\u00e9gias, a\u00e7\u00f5es e rela\u00e7\u00f5es com os consumidores.<\/p>\n<p>OBS.: vale ressaltar que esta atividade exige a produ\u00e7\u00e3o de um \u00fanico documento que atenda<br \/>\ntodas as solicita\u00e7\u00f5es dos professores contidas neste manual.<\/p>\n<p>Bons estudos!<\/p>\n<p>2<\/p>\n<p>CONTEXTUALIZA\u00c7\u00c3O<\/p>\n<p>A tecnologia digital e os novos desafios para o marketing<br \/>\nCom a expans\u00e3o do acesso \u00e0 tecnologia e \u00e0 internet, as rela\u00e7\u00f5es sociais foram<br \/>\ndrasticamente alteradas: n\u00f3s passamos mais de 4 horas do nosso tempo di\u00e1rio de lazer usando<br \/>\nalgum tipo de tela, como televis\u00e3o, smartphone, tablet ou laptop. Com isso, \u00e9 necess\u00e1rio que o<br \/>\nmercado se dedique a explorar o mundo digital, contudo, compreendendo a conectividade n\u00e3o<br \/>\napenas como uma plataforma ou uma infraestrutura que possibilita o acesso aos consumidores,<br \/>\nmas como uma oportunidade de criar experi\u00eancias e rela\u00e7\u00f5es com seu p\u00fablico-alvo (KOTLER;<br \/>\nKARTAJAYA; SETIAWAN, 2017).<br \/>\nNesse sentido, dentro da perspectiva do Marketing 4.0, alguns paradoxos a serem<br \/>\nsuperados, devem ser analisados:<br \/>\n\uf0b7 1o paradoxo: separa\u00e7\u00e3o entre o mundo f\u00edsico e o mundo digital. N\u00e3o \u00e9 poss\u00edvel que<br \/>\numa empresa escolha um mundo para atuar. Assim como as empresas f\u00edsicas devem se<br \/>\nexpandir para o mundo digital, as empresas digitais precisam estar no mundo f\u00edsico. A<br \/>\nAmazon, por exemplo, surgiu como um canal de vendas completamente digital, mas<br \/>\ncriou um gadget f\u00edsico com a assistente pessoal Alexa, que permite uma intera\u00e7\u00e3o al\u00e9m<br \/>\ndas telas com o consumidor.<br \/>\n\uf0b7 2o paradoxo: os consumidores s\u00e3o altamente informados. Com as redes sociais, os<br \/>\nconsumidores s\u00e3o cada vez mais influenciados por opini\u00f5es de outras pessoas, de forma<br \/>\nque at\u00e9 mesmo as comunica\u00e7\u00f5es de marketing podem n\u00e3o ser suficientes para mudar<br \/>\nseu comportamento. Com isso, cabe \u00e0s organiza\u00e7\u00f5es pensar em formas mais eficientes<br \/>\nde chamar a aten\u00e7\u00e3o dos consumidores e de estabelecer di\u00e1logos com eles.<br \/>\n\uf0b7 3o paradoxo: defesa negativa vs. defesa positiva. Em um contexto de informa\u00e7\u00f5es<br \/>\ninstant\u00e2neas e com alto potencial de replica\u00e7\u00e3o, as empresas precisam manter seu<br \/>\np\u00fablico \u201cpromotor\u201d cada vez mais engajado com a marca, visto que \u00e9 muito mais f\u00e1cil<br \/>\nencontrar pessoas \u201cdetratoras\u201d nas redes sociais<br \/>\nCom esses tr\u00eas desafios, cabe \u00e0s organiza\u00e7\u00f5es criarem as melhores estrat\u00e9gias para<br \/>\natuar de forma inclusiva, abrindo espa\u00e7o para di\u00e1logos e comunica\u00e7\u00f5es horizontais e bilaterais<br \/>\ne permitindo experi\u00eancias n\u00e3o s\u00f3 de consumo, mas de relacionamento e enriquecimento social<br \/>\naos seus consumidores (KOTLER; KARTAJAYA; SETIAWAN, 2017).<\/p>\n<p>3<\/p>\n<p>ATIVIDADES PREVISTAS<\/p>\n<p>OBJETIVO: selecionar e analisar uma organiza\u00e7\u00e3o em rela\u00e7\u00e3o \u00e0s suas pr\u00e1ticas, nos seus<br \/>\nambientes interno e externo.<\/p>\n<p>Orienta\u00e7\u00f5es gerais para o desenvolvimento do trabalho:<br \/>\na) Escolha uma organiza\u00e7\u00e3o para realizar o PROJETO INTEGRADO III.<br \/>\nb) A organiza\u00e7\u00e3o pode ser de qualquer setor de atividade.<br \/>\nc) Para facilitar o levantamento dos dados e a realiza\u00e7\u00e3o do projeto, aconselha-se que a<br \/>\norganiza\u00e7\u00e3o seja da sua cidade ou regi\u00e3o.<br \/>\nPara realizar adequadamente este projeto, \u00e9 preciso primeiramente conhecer a<br \/>\norganiza\u00e7\u00e3o escolhida. Sendo assim, algumas pesquisas e an\u00e1lises dever\u00e3o balizar o trabalho. O<br \/>\nprojeto deve estar fundamentado em pesquisa de campo; em an\u00e1lise interna (pontos fortes e<br \/>\nfracos); e em an\u00e1lise externa (micro e macroambiente).<\/p>\n<p>A seguir, destacaremos alguns \u201cpassos\u201d que dever\u00e3o ser seguidos para a elabora\u00e7\u00e3o<br \/>\ndo trabalho de modo geral, bem como todo o detalhamento das solicita\u00e7\u00f5es que dever\u00e3o ser<br \/>\ncumpridas:<\/p>\n<p>ETAPAS GERAIS DO TRABALHO:<br \/>\nPASSO 01: DESCRI\u00c7\u00c3O DA ORGANIZA\u00c7\u00c3O<br \/>\nPASSO 02: BRANDED CONTENT<br \/>\nPASSO 03: AN\u00c1LISE E TEND\u00caNCIA DE MERCADO<br \/>\nPASSO 04: M\u00cdDIA ONLINE<br \/>\nPASSO 05: DIREITO DAS RELA\u00c7\u00d5ES DE CONSUMO<br \/>\nPASSO 06: EXPERI\u00caNCIA DO USU\u00c1RIO<\/p>\n<p>4<\/p>\n<p>PASSO 01: DESCRI\u00c7\u00c3O DA ORGANIZA\u00c7\u00c3O<\/p>\n<p>Fa\u00e7a um resumo da empresa escolhida contendo os seguintes pontos:<br \/>\n\uf0b7 Tipo societ\u00e1rio, raz\u00e3o social e nome fantasia;<br \/>\n\uf0b7 Localiza\u00e7\u00e3o.<br \/>\n\uf0b7 Segmento de atua\u00e7\u00e3o (Ex.: Esportivo; Sa\u00fade; Tecnologia; etc.).<br \/>\n\uf0b7 Campo de atua\u00e7\u00e3o (Ex.: Vendas a n\u00edvel Nacional; Internacional; etc.).<br \/>\n\uf0b7 P\u00fablico-Alvo.<br \/>\n\uf0b7 Breve hist\u00f3rico.<br \/>\n\uf0b7 Miss\u00e3o, Vis\u00e3o, Objetivos, Valores e Princ\u00edpios da organiza\u00e7\u00e3o.<\/p>\n<p>PASSO 02: BRANDED CONTENT<\/p>\n<p>O objetivo do Canvas \u00e9 auxiliar na visualiza\u00e7\u00e3o das atividades e a\u00e7\u00f5es da empresa, e<br \/>\nassim, ter uma vis\u00e3o geral da estrat\u00e9gia da organiza\u00e7\u00e3o na \u00e1rea de Marketing. O Canva for<br \/>\nContent Strategy est\u00e1 apresentado abaixo:<\/p>\n<p><img fetchpriority=\"high\" decoding=\"async\" class=\"alignnone size-medium wp-image-232 jetpack-lazy-image jetpack-lazy-image--handled lazyloaded\" src=\"https:\/\/i0.wp.com\/portfoliooead.com.br\/wp-content\/uploads\/2021\/08\/1.png?resize=300%2C248&amp;is-pending-load=1#038;ssl=1\" sizes=\"(max-width: 300px) 100vw, 300px\" srcset=\"https:\/\/i0.wp.com\/portfoliooead.com.br\/wp-content\/uploads\/2021\/08\/1.png?resize=300%2C248&amp;ssl=1 300w, https:\/\/i0.wp.com\/portfoliooead.com.br\/wp-content\/uploads\/2021\/08\/1.png?w=595&amp;ssl=1 595w\" alt=\"\" width=\"300\" height=\"248\" data-attachment-id=\"232\" data-permalink=\"https:\/\/portfoliooead.com.br\/?attachment_id=232#main\" data-orig-file=\"https:\/\/i0.wp.com\/portfoliooead.com.br\/wp-content\/uploads\/2021\/08\/1.png?fit=595%2C492&amp;ssl=1\" data-orig-size=\"595,492\" data-comments-opened=\"1\" data-image-meta=\"{&quot;aperture&quot;:&quot;0&quot;,&quot;credit&quot;:&quot;&quot;,&quot;camera&quot;:&quot;&quot;,&quot;caption&quot;:&quot;&quot;,&quot;created_timestamp&quot;:&quot;0&quot;,&quot;copyright&quot;:&quot;&quot;,&quot;focal_length&quot;:&quot;0&quot;,&quot;iso&quot;:&quot;0&quot;,&quot;shutter_speed&quot;:&quot;0&quot;,&quot;title&quot;:&quot;&quot;,&quot;orientation&quot;:&quot;0&quot;}\" data-image-title=\"1\" data-image-description=\"\" data-image-caption=\"\" data-medium-file=\"https:\/\/i0.wp.com\/portfoliooead.com.br\/wp-content\/uploads\/2021\/08\/1.png?fit=300%2C248&amp;ssl=1\" data-large-file=\"https:\/\/i0.wp.com\/portfoliooead.com.br\/wp-content\/uploads\/2021\/08\/1.png?fit=595%2C492&amp;ssl=1\" data-recalc-dims=\"1\" data-ll-status=\"loaded\" data-lazy-loaded=\"1\" \/><\/p>\n<p>Sendo assim, analise a estrat\u00e9gia de Branded Content da organiza\u00e7\u00e3o escolhida e<br \/>\npreencha o Canvas for Content Strategy com base nas informa\u00e7\u00f5es encontradas.<\/p>\n<p>PASSO 03: AN\u00c1LISE E TEND\u00caNCIA DE MERCADO<\/p>\n<p>Nos dias atuais \u00e9 necess\u00e1rio que uma empresa esteja sempre preparada para enfrentar<br \/>\nos desafios do mercado competitivo e tamb\u00e9m buscar se antecipar e se preparar para as<br \/>\ntend\u00eancias de mercado futuras. O gestor deve sempre ter a sua disposi\u00e7\u00e3o ferramentas que<br \/>\npermitam coletar informa\u00e7\u00f5es importantes dos consumidores (entender o comportamento dos<br \/>\nconsumidores) para que assim se possa utilizar essas informa\u00e7\u00f5es para criar e inovar em seus<br \/>\nprodutos e servi\u00e7os.<br \/>\nO modelo \u201cCanvas\u201d \u00e9 uma ferramenta bastante interessante para que a empresa possa<br \/>\ncompreender e visualizar suas atividades e a\u00e7\u00f5es para que a partir da\u00ed estrat\u00e9gias possam ser<\/p>\n<p>6<br \/>\naplicadas. Como voc\u00ea p\u00f4de visualizar no Modelo Canvas existe uma parte em que se procura<br \/>\nentender as caracter\u00edsticas e o perfil do p\u00fablico-alvo que a empresa deseja atingir.<\/p>\n<p>\uf0b7 Dessa maneira, comente sobre os seguintes aspectos abaixo em rela\u00e7\u00e3o aos<br \/>\nconsumidores (essas informa\u00e7\u00f5es poder\u00e3o auxiliar na formata\u00e7\u00e3o do modelo Canvas<br \/>\nda empresa escolhida):<br \/>\n1. Qual seria a defini\u00e7\u00e3o de \u201cComportamento do consumidor\u201d?<br \/>\n2. Com rela\u00e7\u00e3o ao tema \u201ccomportamento do consumidor\u201d o que s\u00e3o grupos de<br \/>\nrefer\u00eancia (do consumidor)? O que s\u00e3o grupos prim\u00e1rios e grupos secund\u00e1rios de<br \/>\nrefer\u00eancia? Entender os grupos de refer\u00eancia \u00e9 importante para compreender o<br \/>\ncomportamento do consumidor? Por qu\u00ea?<br \/>\n3. Definir os seguintes aspectos do p\u00fablico-alvo (da empresa escolhida):<br \/>\n\u2013 Caracter\u00edsticas do perfil do p\u00fablico que se deseja alcan\u00e7ar.<br \/>\n\u2013 Definir o que atrai esse p\u00fablico.<br \/>\n\u2013 Definir em qual per\u00edodo os consumidores mais interagem.<br \/>\n4. A partir do que foi estudado em rela\u00e7\u00e3o ao comportamento do consumidor (da<br \/>\nempresa escolhida) cite quais poderiam ser as tend\u00eancias de mercado<br \/>\n(relacionadas a esses consumidores).<\/p>\n<p>PASSO 04: M\u00cdDIA ONLINE<\/p>\n<p>Sabemos que no mundo online as m\u00eddias sociais definem como as pessoas e suas<br \/>\nintera\u00e7\u00f5es acontecem. Segundo Kloter (2017), no ambiente on-line, as m\u00eddias sociais mudaram<br \/>\ncomo as pessoas interagiam um com o outro, possibilitando que relacionamentos aconte\u00e7am<br \/>\nsem o empecilho das barreiras geogr\u00e1ficas e demogr\u00e1ficas. E o autor acrescente que o impacto<br \/>\nda m\u00eddia social vai muito al\u00e9m das intera\u00e7\u00f5es, ela fomenta as coopera\u00e7\u00f5es globais em inova\u00e7\u00e3o.<br \/>\nSabemos que as m\u00eddias sociais apresentam maior taxa de convers\u00e3o, devido a maiores<br \/>\nrelacionamentos com o p\u00fablico, a comunica\u00e7\u00e3o e intera\u00e7\u00e3o direta promove mais vendas.<br \/>\n\uf0b7 Portanto, a sua atividade neste contexto, consiste em inserir no Canva for Content<br \/>\nStrategy, apresentado acima, as estrat\u00e9gias para desenvolvimento da empresa nas<\/p>\n<p>7<br \/>\nm\u00eddias sociais, voc\u00ea poder\u00e1 escolher uma ou mais plataformas sociais (blog, Facebook,<br \/>\nTwitter, Instagram, SlideShare, Youtube).<\/p>\n<p>PASSO 05: DIREITO DAS RELA\u00c7\u00d5ES DE CONSUMO<\/p>\n<p>No cen\u00e1rio de consumo digital a oferta de produtos e os mecanismos de acesso ao<br \/>\nconsumidor tornaram-se mais abrangentes o que, muitas vezes, pode dar origem a pr\u00e1ticas<br \/>\nil\u00edcitas e ao abuso da vulnerabilidade do consumidor e, por isso, nosso ordenamento jur\u00eddico se<br \/>\npreocupou de forma significativa em disciplinar as rela\u00e7\u00f5es de consumo nesse contexto.<br \/>\nEssa regula\u00e7\u00e3o se d\u00e1, atrav\u00e9s da Constitui\u00e7\u00e3o Federal, do C\u00f3digo de Defesa do<br \/>\nConsumidor (Lei no. 8.078\/1990) e, especificamente acerca do com\u00e9rcio virtual, por meio das<br \/>\nLei no. 12.965\/2014, Lei no. 13.709\/2018 e Decreto 7.962\/2013. Diante disso, se torna essencial<br \/>\nque as empresas desenvolvem seus planejamentos estrat\u00e9gicos \u00e0 luz do atendimento \u00e0<br \/>\nlegisla\u00e7\u00e3o e prezando pela defesa dos direitos dos consumidores.<br \/>\n\uf0b7 Para tanto, a sua atividade neste contexto, \u00e9 inserir no Canva for Content Strategy,<br \/>\napresentado acima, as estrat\u00e9gias que devem ser adotadas de forma interna e externa<br \/>\npara que n\u00e3o se comprometam as prerrogativas que o consumidor possui.<\/p>\n<p>PASSO 06: USER EXPERIENCE (EXPERI\u00caNCIA DO USU\u00c1RIO)<\/p>\n<p>Nesta \u00faltima etapa do trabalho, voc\u00ea dever\u00e1 analisar as possibilidades em alavancar os<br \/>\nprojetos de marketing digital com \u00eanfase no relacionamento com os clientes da empresa<br \/>\nselecionada, com o objetivo de investir em estrat\u00e9gias para a melhoria da experi\u00eancia do seu<br \/>\ncliente e\/ou consumidor.<br \/>\nDessa forma, voc\u00ea ter\u00e1 a oportunidade descrever suas percep\u00e7\u00f5es e sugest\u00f5es a<br \/>\nrespeito das estrat\u00e9gias e orienta\u00e7\u00f5es para a melhoria da experi\u00eancia e do relacionamento da<br \/>\nempresa frente aos seus clientes e\/ou consumidores. Diante disso, voc\u00ea dever\u00e1 estabelecer os<br \/>\nseguintes par\u00e2metros:<\/p>\n<p>8<br \/>\n\uf0b7 Descrever a import\u00e2ncia do conceito de Customer Experience (CX) e suas rela\u00e7\u00f5es com<br \/>\nas estrat\u00e9gias de marketing digital.<br \/>\n\uf0b7 Destacar o conceito de jornada do cliente e suas aplica\u00e7\u00f5es para o direcionamento das<br \/>\nestrat\u00e9gias digitais.<br \/>\n\uf0b7 Evidenciar aspectos sobre a gest\u00e3o do relacionamento e suas rela\u00e7\u00f5es com<a href=\"http:\/\/portfoliopronto.com\/\">\u00a0os<\/a><br \/>\nconceitos de\u00a0CX.<\/p>\n<div class=\"elementor-toggle-item\">\n<h4 id=\"elementor-tab-title-1941\" class=\"elementor-tab-title elementor-active\" tabindex=\"0\" role=\"tab\" data-tab=\"1\" aria-controls=\"elementor-tab-content-1941\" aria-expanded=\"true\" aria-selected=\"true\">Como funciona?<\/h4>\n<div id=\"elementor-tab-content-1941\" class=\"elementor-tab-content elementor-clearfix elementor-active\" role=\"tabpanel\" data-tab=\"1\" aria-labelledby=\"elementor-tab-title-1941\">\n<p>Elaboramos os portf\u00f3lios, j\u00e1 deixamos prontos, nas normas da ABNT e conforme os requisitos da universidade. F\u00e1cil assim! O MELHOR \u00c9 QUE VOC\u00ca COMPRA E J\u00c1 BAIXA NA HORA O SEU ARQUIVO EM WORD! Sabemos que conciliar trabalho, fam\u00edlia, vida profissional e estudos \u00e9 dif\u00edcil hoje em dia, por isso, estamos aqui para ajudar voc\u00ea. Conte com nossa qualidade, experi\u00eancia e profissionalismo adquirindo seu portf\u00f3lio conosco. GARANTIMOS SEU CONCEITO!<\/p>\n<p>Como se realizam os envios?<\/p>\n<\/div>\n<\/div>\n<div class=\"elementor-toggle-item\">\n<div id=\"elementor-tab-content-1942\" class=\"elementor-tab-content elementor-clearfix elementor-active\" role=\"tabpanel\" data-tab=\"2\" aria-labelledby=\"elementor-tab-title-1942\">O seu trabalho \u00e9 disponibilizado pronto, respondido e nas normas j\u00e1 na mesma hora aqui em nosso site na sua \u00e1rea de downloads e tamb\u00e9m no seu e-mail.<\/div>\n<\/div>\n<div class=\"elementor-toggle-item\">\n<div id=\"elementor-tab-content-1943\" class=\"elementor-tab-content elementor-clearfix elementor-active\" role=\"tabpanel\" data-tab=\"3\" aria-labelledby=\"elementor-tab-title-1943\">\n<p>Em quanto tempo recebo o portf\u00f3lio?<\/p>\n<\/div>\n<\/div>\n<div class=\"elementor-toggle-item\">\n<div id=\"elementor-tab-content-1944\" class=\"elementor-tab-content elementor-clearfix elementor-active\" role=\"tabpanel\" data-tab=\"4\" aria-labelledby=\"elementor-tab-title-1944\">\n<p>Os envios s\u00e3o imediatos. Ap\u00f3s sua compra, o trabalho j\u00e1 \u00e9 disponibilizado instantaneamente aqui em nosso site e no seu e-mail.<\/p>\n<p>E se o portf\u00f3lio que comprei precisar de corre\u00e7\u00e3o?<\/p>\n<\/div>\n<\/div>\n<div class=\"elementor-toggle-item\">\n<div id=\"elementor-tab-content-1945\" class=\"elementor-tab-content elementor-clearfix elementor-active\" role=\"tabpanel\" data-tab=\"5\" aria-labelledby=\"elementor-tab-title-1945\">\n<p>Caso haja alguma solicita\u00e7\u00e3o de corre\u00e7\u00e3o\/altera\u00e7\u00e3o por parte do tutor, basta entrar em contato conosco pelo\u00a0<a href=\"https:\/\/api.whatsapp.com\/send\/?phone=5553984751621&amp;text&amp;app_absent=0\">WhatsApp<\/a>\u00a0que provid\u00eanciaremos sem custo algum.<\/p>\n<p>Qual o formato do arquivo?<\/p>\n<\/div>\n<\/div>\n<div class=\"elementor-toggle-item\">\n<div id=\"elementor-tab-content-1946\" class=\"elementor-tab-content elementor-clearfix elementor-active\" role=\"tabpanel\" data-tab=\"6\" aria-labelledby=\"elementor-tab-title-1946\">\n<p>Os arquivos s\u00e3o enviados em formato Word e s\u00e3o edit\u00e1veis.<\/p>\n<p>Caso eu tiver alguma d\u00favida, terei suporte no p\u00f3s venda?<\/p>\n<\/div>\n<\/div>\n<div class=\"elementor-toggle-item\">\n<div id=\"elementor-tab-content-1948\" class=\"elementor-tab-content elementor-clearfix elementor-active\" role=\"tabpanel\" data-tab=\"8\" aria-labelledby=\"elementor-tab-title-1948\">\n<p>Sim, com certeza. Basta clicar no \u00edcone do WhatsApp no cantinho da tela. Ser\u00e1 um prazer atend\u00ea-lo(a).<\/p>\n<div class=\"elementor-toggle-item\">\n<div id=\"elementor-tab-content-1948\" class=\"elementor-tab-content elementor-clearfix elementor-active\" role=\"tabpanel\" data-tab=\"8\" aria-labelledby=\"elementor-tab-title-1948\">\n<h4>Quais os seus canais de contato?<\/h4>\n<\/div>\n<\/div>\n<div class=\"elementor-toggle-item\">\n<div id=\"elementor-tab-content-1949\" class=\"elementor-tab-content elementor-clearfix elementor-active\" role=\"tabpanel\" data-tab=\"9\" aria-labelledby=\"elementor-tab-title-1949\">\n<p>Whatsapp: 53 984751621 \u2013 Clicar no canto da tela ou ESCANEIE O QRCODE ABAIXO<\/p>\n<p><img decoding=\"async\" class=\"alignnone wp-image-7603\" src=\"http:\/\/portifolioos-prontos.com\/wp-content\/uploads\/2022\/09\/portfolio-unopar-pronto-colaborar-ava-producao-textual-interdisciplinar.png\" alt=\"\" width=\"141\" height=\"141\" srcset=\"https:\/\/portifolioos-prontos.com\/wp-content\/uploads\/2022\/09\/portfolio-unopar-pronto-colaborar-ava-producao-textual-interdisciplinar.png 150w, https:\/\/portifolioos-prontos.com\/wp-content\/uploads\/2022\/09\/portfolio-unopar-pronto-colaborar-ava-producao-textual-interdisciplinar-100x100.png 100w\" sizes=\"(max-width: 141px) 100vw, 141px\" \/><\/p>\n<\/div>\n<\/div>\n<\/div>\n<\/div>\n<div class=\"elementor-toggle-item\">\n<div id=\"elementor-tab-content-1949\" class=\"elementor-tab-content elementor-clearfix elementor-active\" role=\"tabpanel\" data-tab=\"9\" aria-labelledby=\"elementor-tab-title-1949\">\n<p>E-mail:portifoliosp@gmail.com<\/p>\n<\/div>\n<\/div>\n","protected":false},"excerpt":{"rendered":"<p>Projeto Integrado III Marketing digital Semestre: 2\u00b0 e 3\u00b0 Curso: Tecnologia em Marketing digital A atividade avaliativa da disciplina Projeto Integrado III, tem como objetivo integrar os conte\u00fados trabalhados no decorrer do semestre, por meio das teorias estudadas e dos contextos situacionais reais ou similares ao ambiente mercadol\u00f3gico, considerando as seguintes disciplinas: An\u00e1lise e Tend\u00eancia&hellip;<\/p>\n","protected":false},"featured_media":3644,"template":"","meta":{"_seopress_robots_primary_cat":"none","_seopress_titles_title":"","_seopress_titles_desc":"","_seopress_robots_index":""},"product_cat":[49],"product_tag":[],"class_list":{"0":"post-3836","1":"product","2":"type-product","3":"status-publish","4":"has-post-thumbnail","6":"product_cat-marketing","8":"first","9":"instock","10":"downloadable","11":"virtual","12":"purchasable","13":"product-type-simple","14":"col-xs-6 col-sm-4","15":"col-mf-5","16":"un-5-cols"},"jetpack_sharing_enabled":true,"_links":{"self":[{"href":"https:\/\/portifolioos-prontos.com\/index.php\/wp-json\/wp\/v2\/product\/3836","targetHints":{"allow":["GET"]}}],"collection":[{"href":"https:\/\/portifolioos-prontos.com\/index.php\/wp-json\/wp\/v2\/product"}],"about":[{"href":"https:\/\/portifolioos-prontos.com\/index.php\/wp-json\/wp\/v2\/types\/product"}],"version-history":[{"count":0,"href":"https:\/\/portifolioos-prontos.com\/index.php\/wp-json\/wp\/v2\/product\/3836\/revisions"}],"wp:featuredmedia":[{"embeddable":true,"href":"https:\/\/portifolioos-prontos.com\/index.php\/wp-json\/wp\/v2\/media\/3644"}],"wp:attachment":[{"href":"https:\/\/portifolioos-prontos.com\/index.php\/wp-json\/wp\/v2\/media?parent=3836"}],"wp:term":[{"taxonomy":"product_cat","embeddable":true,"href":"https:\/\/portifolioos-prontos.com\/index.php\/wp-json\/wp\/v2\/product_cat?post=3836"},{"taxonomy":"product_tag","embeddable":true,"href":"https:\/\/portifolioos-prontos.com\/index.php\/wp-json\/wp\/v2\/product_tag?post=3836"}],"curies":[{"name":"wp","href":"https:\/\/api.w.org\/{rel}","templated":true}]}}