{"id":38522,"date":"2025-05-06T16:10:59","date_gmt":"2025-05-06T19:10:59","guid":{"rendered":"https:\/\/portifolioos-prontos.com\/?post_type=product&#038;p=38522"},"modified":"2025-08-03T18:40:29","modified_gmt":"2025-08-03T21:40:29","slug":"aula-pratica-desenvolvimento-responsivo","status":"publish","type":"product","link":"https:\/\/portifolioos-prontos.com\/index.php\/product\/aula-pratica-desenvolvimento-responsivo\/","title":{"rendered":"Aula Pr\u00e1tica Desenvolvimento Responsivo"},"content":{"rendered":"<h5>Portf\u00f3lio Aula Pr\u00e1tica Desenvolvimento Responsivo<\/h5>\n<hr \/>\n<p>ROTEIRO DE AULA PR\u00c1TICA<br \/>\nNOME DA DISCIPLINA: Desenvolvimento\u00a0Responsivo<br \/>\nOBJETIVOS<br \/>\nDefini\u00e7\u00e3o dos objetivos da aula pr\u00e1tica:<br \/>\n\u2013 Implementar a responsividade dentro de uma p\u00e1gina web considerando o acesso em diferentes<br \/>\ndispositivos.<br \/>\nINFRAESTRUTURA<br \/>\nInstala\u00e7\u00f5es:<br \/>\nNecess\u00e1rio acessar o site\u00a0<a href=\"https:\/\/replit.com\/\" rel=\"nofollow\">https:\/\/replit.com<\/a><br \/>\nMateriais de\u00a0consumo:<br \/>\nDescri\u00e7\u00e3o<br \/>\nQuantidade de materiais<br \/>\npor<br \/>\nprocedimento\/atividade<br \/>\nComputador 1 por aluno<br \/>\nSoftware:<br \/>\nSim ( X ) N\u00e3o ( )<br \/>\nEm caso afirmativo, qual?\u00a0<a href=\"https:\/\/replit.com\/\" rel=\"nofollow\">https:\/\/replit.com<\/a><br \/>\nPago ( ) N\u00e3o Pago ( X )<br \/>\nTipo de Licen\u00e7a: Freeware.<br \/>\nDescri\u00e7\u00e3o do software:<br \/>\nO Replit \u00e9 um website de edi\u00e7\u00e3o de c\u00f3digo online que possibilita a constru\u00e7\u00e3o e teste de p\u00e1ginas web com<br \/>\nconte\u00fados html, CSS, JS, Python, etc.<br \/>\nEquipamento de Prote\u00e7\u00e3o Individual (EPI):<br \/>\n\u2013 NSA<br \/>\nPROCEDIMENTOS PR\u00c1TICOS<br \/>\nAcessar o site\u00a0<a href=\"https:\/\/replit.com\/\" rel=\"nofollow\">https:\/\/replit.com<\/a>\u00a0para a constru\u00e7\u00e3o da atividade. O replit \u00e9 um editor web online que<br \/>\ntrabalha com v\u00e1rias linguagens. Para a nossa atividade \u00e9 necess\u00e1rio um template que trabalhe com html,<br \/>\nCSS e JavaScript. Fica a crit\u00e9rio do aluno a utiliza\u00e7\u00e3o de outras ferramentas como VS Code, Sublime,<br \/>\nentre outras dispon\u00edveis no mercado.<br \/>\nAtividade proposta:<br \/>\n\u2013 Entender como funciona na pr\u00e1tica a responsividade de sistemas web, ou seja, a garantia de uma boa<br \/>\nusabilidade do sistema por parte usu\u00e1rio, considerando o acesso por v\u00e1rios dispositivos diferentes.<br \/>\n\u2013 Criar um relat\u00f3rio em PDF contendo o c\u00f3digo utilizado para a resolu\u00e7\u00e3o da atividade, os arquivos html,<br \/>\nCSS e as imagens da p\u00e1gina web criada.<br \/>\n3<br \/>\nProcedimentos para a realiza\u00e7\u00e3o da atividade:<br \/>\nA responsividade \u00e9 altamente utilizada em sistemas WeBs e tamb\u00e9m em dispositivos m\u00f3veis como:<br \/>\nsmartphones e tablets. Ela est\u00e1 presente em v\u00e1rios sistemas que utilizamos na atualidade.<br \/>\nEla se caracteriza na adaptabilidade do dispositivo em exibir e manter as mesmas fun\u00e7\u00f5es n\u00e3o importando<br \/>\no tamanho da tela, ou seja, existem sites contendo um menu extenso na parte de cima que simplesmente<br \/>\nn\u00e3o cabe na tela de um smartphone. \u00c9 neste momento que entra o nosso trabalho como desenvolvedor<br \/>\nbuscando t\u00e9cnicas codificadas para garantir que o usu\u00e1rio tenha acesso as mesmas funcionalidades.<br \/>\nVoc\u00ea dever\u00e1:<br \/>\nAcessar o website\u00a0<a href=\"https:\/\/replit.com\/\" rel=\"nofollow\">https:\/\/replit.com<\/a>. O replit \u00e9 um website de edi\u00e7\u00e3o de c\u00f3digos que permite a constru\u00e7\u00e3o,<br \/>\nvalida\u00e7\u00e3o e execu\u00e7\u00e3o das p\u00e1ginas web com acesso a CSS e JavaScript.<br \/>\nNa atividade proposta voc\u00ea vai precisar somente de comandos html e CSS. A ideia \u00e9 construir uma p\u00e1gina<br \/>\nsimples em html contendo 6 blocos dentro de uma &lt;div&gt; e por meio de Media query no CSS, implementar<br \/>\na responsividade da p\u00e1gina contando com alguns break points.<br \/>\nOs break points v\u00e3o funcionar para controlar o tamanho da tela, ou seja, quando este break point for atingido<br \/>\n\u00e9 hora de adaptar a tela. Vou explicar melhor dando exemplos da atividade j\u00e1 finalizada:<br \/>\nEXEMPLO DA ATIVIDADE FINALIZADA<br \/>\nBreak Point 1280 pixels (largura m\u00ednima): Neste estado consideramos que o sistema est\u00e1 sendo<br \/>\nacessado pelo computador, sendo assim ser\u00e1 poss\u00edvel exibir os 6 blocos em 6 colunas, ou seja,<br \/>\ncada bloco em uma coluna na p\u00e1gina web. Observe a imagem:<br \/>\nFigura 1 \u2013 P\u00e1gina web com a largura m\u00ednima de 1280 pixels<br \/>\nFonte: o autor.<br \/>\n4<br \/>\nBreak Point 768 pixels (largura m\u00ednima): Neste estado consideramos que o sistema pode ser<br \/>\nacessado por um tablet por exemplo que tem uma tela um pouco menor, sendo assim a p\u00e1gina \u00e9<br \/>\nadaptada para exibir as informa\u00e7\u00f5es em 3 colunas na p\u00e1gina web. Observe a imagem:<br \/>\nFigura 2 \u2013 P\u00e1gina web com a largura m\u00ednima de 768 pixels<br \/>\nFonte: o autor.<br \/>\nBreak Point 480 pixels (largura m\u00ednima): Neste estado consideramos que o sistema pode ser<br \/>\nacessado por outros dispositivos com telas menores ainda, sendo assim a p\u00e1gina \u00e9 adaptada para<br \/>\nexibir as informa\u00e7\u00f5es em 2 colunas na p\u00e1gina web. Observe a imagem:<br \/>\nFigura 3 \u2013 P\u00e1gina web com a largura m\u00ednima de 480 pixels<br \/>\nFonte: o autor.<br \/>\n5<br \/>\nBreak Point menor que 480 pixels (largura m\u00ednima): Neste estado consideramos que o sistema<br \/>\nprovavelmente est\u00e1 sendo acessado por um smartphone, sendo assim a p\u00e1gina \u00e9 adaptada para<br \/>\nexibir as informa\u00e7\u00f5es em 1 \u00fanica coluna na p\u00e1gina web, pois obviamente o espa\u00e7o do display \u00e9<br \/>\nmenor. Observe a imagem:<br \/>\nFigura 4 \u2013 P\u00e1gina web com a largura menor que 480 pixels<br \/>\nFonte: o autor.<br \/>\nAgora que ficou claro o conceito da responsividade e tamb\u00e9m o resultado final ap\u00f3s a conclus\u00e3o da<br \/>\natividade, vamos aos passos para a sua constru\u00e7\u00e3o.<br \/>\nPara realizar com sucesso esta atividade voc\u00ea dever\u00e1:<br \/>\n1. Passo 1: Entrar no replit.com e acessar um template contendo html, css e js, lembrando que<br \/>\nvoc\u00ea s\u00f3 vai precisar de 2 arquivos (1 html e outro css);<br \/>\n2. Passo 2: No arquivo html voc\u00ea vai montar a p\u00e1gina web seguindo o exemplo da Figura 1<br \/>\ndeste documento; aqui o exemplo usado foi dos 6 pa\u00edses mais visitados do mundo. Fique \u00e0 vontade<br \/>\npara trabalhar com outros exemplos e at\u00e9 mesmo outros objetos, desde que a responsividade<br \/>\naconte\u00e7a.<br \/>\n3. Passo 3: Dentro do arquivo style.css do pr\u00f3prio exemplo no replit voc\u00ea vai implementar a<br \/>\nresponsividade de acordo com o explicado no: EXEMPLO DA ATIVIDADE FINALIZADA. Para isso<br \/>\nvoc\u00ea vai utilizar o conceito de Media query.<br \/>\nEntregue um arquivo no formato PDF contendo os c\u00f3digos dos arquivos utilizados na atividade juntamente<br \/>\ncom uma descri\u00e7\u00e3o dos procedimentos implementados nesta atividade.<br \/>\n6<br \/>\nChecklist:<br \/>\n\u2013 Acessar o site:\u00a0<a href=\"https:\/\/replit.com\/\" rel=\"nofollow\">https:\/\/replit.com\/<\/a>\u00a0entre em Templates e escolha \u201c\u201dHTML, CSS, JS.<br \/>\n\u2013 Trabalhe com os arquivos index.html e style.css para construir a atividade de acordo com as orienta\u00e7\u00f5es<br \/>\npresentes neste documento.<br \/>\n\u2013 Para testar clique no bot\u00e3o Run;<br \/>\n\u2013 Certificar-se que a responsividade est\u00e1 acontecendo de acordo com o redimensionamento da p\u00e1gina.<br \/>\nRESULTADOS<br \/>\nResultados da aula pr\u00e1tica:<br \/>\nEntregar um documento em PDF com os c\u00f3digos dos arquivos utilizados na atividade juntamente com uma<br \/>\ndescri\u00e7\u00e3o dos procedimentos e imagens da p\u00e1gina WeB implementada.<\/p>\n<p>Aula Pr\u00e1tica Desenvolvimento responsivo<\/p>\n<div class=\"elementor-toggle-item\">\n<div class=\"elementor-toggle-item\">\n<p id=\"elementor-tab-title-1941\" class=\"elementor-tab-title elementor-active\" tabindex=\"0\" role=\"tab\" data-tab=\"1\" aria-controls=\"elementor-tab-content-1941\" aria-expanded=\"true\" aria-selected=\"true\"><strong>Como funciona?<\/strong><\/p>\n<p>Elaboramos os portf\u00f3lios, j\u00e1 deixamos prontos, nas normas da ABNT e conforme os requisitos da universidade. F\u00e1cil assim! O MELHOR \u00c9 QUE VOC\u00ca COMPRA E J\u00c1 BAIXA NA HORA O SEU ARQUIVO EM WORD! Sabemos que conciliar trabalho, fam\u00edlia, vida profissional e estudos \u00e9 dif\u00edcil hoje em dia, por isso, estamos aqui para ajudar voc\u00ea. Conte com nossa qualidade, experi\u00eancia e profissionalismo adquirindo seu portf\u00f3lio conosco. GARANTIMOS SEU CONCEITO!<\/p>\n<p><strong>Como se realizam os envios?<\/strong><\/p>\n<\/div>\n<p id=\"elementor-tab-content-1942\" class=\"elementor-tab-content elementor-clearfix elementor-active\" role=\"tabpanel\" data-tab=\"2\" aria-labelledby=\"elementor-tab-title-1942\">O seu trabalho \u00e9 disponibilizado pronto, respondido e nas normas j\u00e1 na mesma hora aqui em nosso site na sua \u00e1rea de downloads e tamb\u00e9m no seu e-mail.<\/p>\n<p><strong>Em quanto tempo recebo o portf\u00f3lio?<\/strong><\/p>\n<p>Os envios s\u00e3o imediatos. Ap\u00f3s sua compra, o trabalho j\u00e1 \u00e9 disponibilizado instantaneamente aqui em nosso site e no seu e-mail.<\/p>\n<p><strong>E se o portf\u00f3lio que comprei precisar de corre\u00e7\u00e3o?<\/strong><\/p>\n<p>Caso haja alguma solicita\u00e7\u00e3o de corre\u00e7\u00e3o\/altera\u00e7\u00e3o por parte do tutor, basta entrar em contato conosco pelo\u00a0WhatsApp\u00a0que provid\u00eanciaremos sem custo algum.<\/p>\n<p><strong>Qual o formato do arquivo?<\/strong><\/p>\n<p>Os arquivos s\u00e3o enviados em formato Word e s\u00e3o edit\u00e1veis.<\/p>\n<p><strong>Caso eu tiver alguma d\u00favida, terei suporte no p\u00f3s venda?<\/strong><\/p>\n<p>Sim, com certeza. Basta clicar no \u00edcone do WhatsApp no cantinho da tela. Ser\u00e1 um prazer atend\u00ea-lo(a).<\/p>\n<div id=\"elementor-tab-content-1948\" class=\"elementor-tab-content elementor-clearfix elementor-active\" role=\"tabpanel\" data-tab=\"8\" aria-labelledby=\"elementor-tab-title-1948\">\n<p><strong>Quais os seus canais de contato?<\/strong><\/p>\n<\/div>\n<div id=\"elementor-tab-content-1949\" class=\"elementor-tab-content elementor-clearfix elementor-active\" role=\"tabpanel\" data-tab=\"9\" aria-labelledby=\"elementor-tab-title-1949\">\n<p>Whatsapp: 53 984751621 \u2013 Clicar no canto da tela ou ESCANEIE O QRCODE ABAIXO<\/p>\n<h4><img decoding=\"async\" class=\"alignnone wp-image-13699 jetpack-lazy-image jetpack-lazy-image--handled\" src=\"https:\/\/i0.wp.com\/portifolioos-prontos.com\/wp-content\/uploads\/2023\/02\/whatsapp-business-projeto-de-extensao-300x300.jpeg?resize=144%2C144\" sizes=\"(max-width: 144px) 100vw, 144px\" srcset=\"https:\/\/i0.wp.com\/portifolioos-prontos.com\/wp-content\/uploads\/2023\/02\/whatsapp-business-projeto-de-extensao.jpeg?resize=300%2C301&amp;ssl=1 300w, https:\/\/i0.wp.com\/portifolioos-prontos.com\/wp-content\/uploads\/2023\/02\/whatsapp-business-projeto-de-extensao.jpeg?resize=150%2C150&amp;ssl=1 150w, https:\/\/i0.wp.com\/portifolioos-prontos.com\/wp-content\/uploads\/2023\/02\/whatsapp-business-projeto-de-extensao.jpeg?resize=370%2C372&amp;ssl=1 370w, https:\/\/i0.wp.com\/portifolioos-prontos.com\/wp-content\/uploads\/2023\/02\/whatsapp-business-projeto-de-extensao.jpeg?resize=100%2C100&amp;ssl=1 100w, https:\/\/i0.wp.com\/portifolioos-prontos.com\/wp-content\/uploads\/2023\/02\/whatsapp-business-projeto-de-extensao.jpeg?w=470&amp;ssl=1 470w\" alt=\"projeto de extens\u00e3o unopar\" width=\"144\" height=\"144\" data-lazy-loaded=\"1\" \/><\/h4>\n<\/div>\n<div class=\"elementor-toggle-item\">\n<div id=\"elementor-tab-content-1949\" class=\"elementor-tab-content elementor-clearfix elementor-active\" role=\"tabpanel\" data-tab=\"9\" aria-labelledby=\"elementor-tab-title-1949\">\n<p>E-mail:portifoliosp@gmail.com<\/p>\n<div id=\"attachment_143\" class=\"wp-caption alignnone\">\n<div id=\"attachment_143\" class=\"wp-caption alignnone\">\n<p id=\"caption-attachment-143\" class=\"wp-caption-text\"><a href=\"http:\/\/portfolio-pronto.com\/\">Portf\u00f3lio<\/a>\u00a0em Word, respondido, completo e j\u00e1 nas normas<\/p>\n<\/div>\n<\/div>\n<\/div>\n<\/div>\n<\/div>\n","protected":false},"excerpt":{"rendered":"<div class=\"product-short-description\">\n<div class=\"product-short-description\">\n<p><strong>Pague pelo PIX ou cart\u00e3o e fa\u00e7a o download agora mesmo.<\/strong><\/p>\n<\/div>\n<div class=\"sticky-add-to-cart-wrapper\">\n<div class=\"sticky-add-to-cart\">\n<p class=\"quantity buttons_added form-flat\"><img decoding=\"async\" class=\"lazyloaded smush-image-5 smush-image-3 smush-image-4 smush-detected-img smush-image-bigger-3\" src=\"https:\/\/d26lpennugtm8s.cloudfront.net\/assets\/common\/img\/logos\/payment\/visa@2x.png\" width=\"46\" height=\"29\" data-src=\"https:\/\/d26lpennugtm8s.cloudfront.net\/assets\/common\/img\/logos\/payment\/visa@2x.png\" \/><img decoding=\"async\" class=\"lazyloaded smush-image-6 smush-image-4 smush-image-5 smush-detected-img smush-image-bigger-4\" src=\"https:\/\/d26lpennugtm8s.cloudfront.net\/assets\/common\/img\/logos\/payment\/boleto@2x.png\" width=\"43\" height=\"27\" data-src=\"https:\/\/d26lpennugtm8s.cloudfront.net\/assets\/common\/img\/logos\/payment\/boleto@2x.png\" \/><img loading=\"lazy\" decoding=\"async\" class=\"lazyloaded smush-image-7 smush-image-5 smush-image-6 smush-detected-img smush-image-bigger-5\" src=\"https:\/\/d26lpennugtm8s.cloudfront.net\/assets\/common\/img\/logos\/payment\/mastercard@2x.png\" width=\"43\" height=\"27\" data-src=\"https:\/\/d26lpennugtm8s.cloudfront.net\/assets\/common\/img\/logos\/payment\/mastercard@2x.png\" \/><img loading=\"lazy\" decoding=\"async\" class=\"lazyloaded smush-image-8 smush-image-6 smush-image-7 smush-detected-img smush-image-bigger-6\" src=\"https:\/\/d26lpennugtm8s.cloudfront.net\/assets\/common\/img\/logos\/payment\/amex@2x.png\" width=\"43\" height=\"27\" data-src=\"https:\/\/d26lpennugtm8s.cloudfront.net\/assets\/common\/img\/logos\/payment\/amex@2x.png\" \/><img loading=\"lazy\" decoding=\"async\" class=\"lazyloaded smush-image-9 smush-image-7 smush-image-8 smush-detected-img smush-image-bigger-7\" src=\"https:\/\/d26lpennugtm8s.cloudfront.net\/assets\/common\/img\/logos\/payment\/diners@2x.png\" width=\"46\" height=\"29\" data-src=\"https:\/\/d26lpennugtm8s.cloudfront.net\/assets\/common\/img\/logos\/payment\/diners@2x.png\" \/><img loading=\"lazy\" decoding=\"async\" class=\"lazyloaded smush-image-10 smush-image-8 smush-image-9 alignnone smush-detected-img smush-image-bigger-8\" src=\"https:\/\/d26lpennugtm8s.cloudfront.net\/assets\/common\/img\/logos\/payment\/br\/elo@2x.png\" alt=\"portf\u00f3lio unopar anhanguera\" width=\"45\" height=\"28\" data-src=\"https:\/\/d26lpennugtm8s.cloudfront.net\/assets\/common\/img\/logos\/payment\/br\/elo@2x.png\" \/><img loading=\"lazy\" decoding=\"async\" class=\"lazyloaded smush-image-11 smush-image-9 smush-image-10 alignnone smush-detected-img smush-image-bigger-9\" src=\"https:\/\/d26lpennugtm8s.cloudfront.net\/assets\/common\/img\/logos\/payment\/br\/hipercard@2x.png\" alt=\"portf\u00f3lio unopar anhanguera\" width=\"44\" height=\"28\" data-src=\"https:\/\/d26lpennugtm8s.cloudfront.net\/assets\/common\/img\/logos\/payment\/br\/hipercard@2x.png\" \/><img loading=\"lazy\" decoding=\"async\" class=\"lazyloaded smush-image-12 smush-image-10 smush-image-11 alignnone smush-detected-img smush-image-bigger-10\" src=\"https:\/\/d26lpennugtm8s.cloudfront.net\/assets\/common\/img\/logos\/payment\/mercadopago@2x.png\" alt=\"portf\u00f3lio unopar anhanguera\" width=\"45\" height=\"28\" data-src=\"https:\/\/d26lpennugtm8s.cloudfront.net\/assets\/common\/img\/logos\/payment\/mercadopago@2x.png\" \/><img loading=\"lazy\" decoding=\"async\" class=\"alignnone lazyloaded smush-detected-img smush-image-bigger-11\" src=\"https:\/\/futurium.com.br\/wp-content\/uploads\/2021\/06\/logo-pix-icone-512.png\" alt=\"portfolio pronto\" width=\"30\" height=\"30\" data-src=\"https:\/\/futurium.com.br\/wp-content\/uploads\/2021\/06\/logo-pix-icone-512.png\" \/><\/p>\n<\/div>\n<\/div>\n<\/div>\n","protected":false},"featured_media":38525,"template":"","meta":{"_seopress_robots_primary_cat":"","_seopress_titles_title":"%%post_title%% %%sitetitle%%","_seopress_titles_desc":"%%post_content%%","_seopress_robots_index":""},"product_cat":[15],"product_tag":[],"class_list":{"0":"post-38522","1":"product","2":"type-product","3":"status-publish","4":"has-post-thumbnail","6":"product_cat-uncategorized","8":"first","9":"instock","10":"shipping-taxable","11":"purchasable","12":"product-type-simple","13":"col-xs-6 col-sm-4","14":"col-mf-5","15":"un-5-cols"},"jetpack_sharing_enabled":true,"_links":{"self":[{"href":"https:\/\/portifolioos-prontos.com\/index.php\/wp-json\/wp\/v2\/product\/38522","targetHints":{"allow":["GET"]}}],"collection":[{"href":"https:\/\/portifolioos-prontos.com\/index.php\/wp-json\/wp\/v2\/product"}],"about":[{"href":"https:\/\/portifolioos-prontos.com\/index.php\/wp-json\/wp\/v2\/types\/product"}],"version-history":[{"count":0,"href":"https:\/\/portifolioos-prontos.com\/index.php\/wp-json\/wp\/v2\/product\/38522\/revisions"}],"wp:featuredmedia":[{"embeddable":true,"href":"https:\/\/portifolioos-prontos.com\/index.php\/wp-json\/wp\/v2\/media\/38525"}],"wp:attachment":[{"href":"https:\/\/portifolioos-prontos.com\/index.php\/wp-json\/wp\/v2\/media?parent=38522"}],"wp:term":[{"taxonomy":"product_cat","embeddable":true,"href":"https:\/\/portifolioos-prontos.com\/index.php\/wp-json\/wp\/v2\/product_cat?post=38522"},{"taxonomy":"product_tag","embeddable":true,"href":"https:\/\/portifolioos-prontos.com\/index.php\/wp-json\/wp\/v2\/product_tag?post=38522"}],"curies":[{"name":"wp","href":"https:\/\/api.w.org\/{rel}","templated":true}]}}