{"id":38930,"date":"2025-05-13T10:42:54","date_gmt":"2025-05-13T13:42:54","guid":{"rendered":"https:\/\/portifolioos-prontos.com\/?post_type=product&#038;p=38930"},"modified":"2025-10-04T22:18:48","modified_gmt":"2025-10-05T01:18:48","slug":"atividade-pratica-desenho-de-moda","status":"publish","type":"product","link":"https:\/\/portifolioos-prontos.com\/index.php\/product\/atividade-pratica-desenho-de-moda\/","title":{"rendered":"Atividade pr\u00e1tica Desenho de moda"},"content":{"rendered":"<h5>Portf\u00f3lio Atividade pr\u00e1tica Desenho de moda<\/h5>\n<hr \/>\n<p>OBJETIVOS<br \/>\nA proposta desta atividade pr\u00e1tica est\u00e1 amparada nos seguintes objetivos:<br \/>\n\u2013 Exercitar os conceitos de representa\u00e7\u00e3o, propor\u00e7\u00e3o, formas, volumes, cores e<br \/>\ntexturas no desenho de moda;<br \/>\n\u2013 Compreender os elementos do desenho direcionados \u00e0 representa\u00e7\u00e3o da figura<br \/>\nhumana no contexto do design de moda.<br \/>\nRECURSOS<br \/>\nSmartphone \/ tablet com o aplicativo Autodesk SketchBook instalado (Dispon\u00edvel em:<br \/>\n<a href=\"https:\/\/play.google.com\/store\/apps\/details?id=com.adsk.sketchbook&amp;hl=pt-BR\" rel=\"nofollow\">https:\/\/play.google.com\/store\/apps\/details?id=com.adsk.sketchbook&amp;hl=pt-BR<\/a>\u00a0Acesso<br \/>\nem 15 de Dezembro de 2021)<br \/>\nPROCEDIMENTOS PR\u00c1TICOS<br \/>\nAtividade proposta<br \/>\nDesenho da figura humana com desenvolvimento das propor\u00e7\u00f5es.<br \/>\nProcedimentos para a realiza\u00e7\u00e3o da atividade<br \/>\n1) O aplicativo Autodesk SketchBook \u00e9 gratuito e se apresenta como uma ferramenta<br \/>\nexcelente de desenho, pois oferece entre suas ferramentas uma grande variedade<br \/>\nde materiais art\u00edsticos, como diferentes tipos de l\u00e1pis, pinc\u00e9is, carv\u00e3o etc. Baixe o<br \/>\naplicativo em seu celular ou tablet para realizar a atividade proposta e explore suas<br \/>\nferramentas;<br \/>\n2) Na sequ\u00eancia, voc\u00ea dever\u00e1 desenhar uma figura humana de corpo inteiro.<br \/>\n3) Convide um amigo ou familiar que colabore posando em p\u00e9, parado diante de voc\u00ea.<br \/>\n4) Este primeiro desenho dever\u00e1 ser espont\u00e2neo, sem regras de propor\u00e7\u00e3o ou<br \/>\nsombreamento. Salve este desenho na biblioteca do aplicativo para apresent\u00e1-lo no<br \/>\narquivo final.<br \/>\n5) No segundo desenho, voc\u00ea dever\u00e1 desenhar a mesma pessoa (ou outra, se<br \/>\npreferir), obedecendo \u00e0 propor\u00e7\u00f5es corporais normais, como na primeira das duas<br \/>\nfiguras a seguir:<br \/>\nPropor\u00e7\u00e3o humana a partir do tamanho da cabe\u00e7a.<br \/>\nDispon\u00edvel em:\u00a0<a href=\"https:\/\/is.gd\/mmWkV7\" rel=\"nofollow\">https:\/\/is.gd\/mmWkV7<\/a>\u00a0Acesso em 15<br \/>\nde Dezembro de 2021.<br \/>\n6) Por fim, voc\u00ea realizar\u00e1 o terceiro e \u00faltimo desenho de figura humana. Voc\u00ea poder\u00e1<br \/>\ndispensar a presen\u00e7a de seu modelo de observa\u00e7\u00e3o nesta etapa, pois ter\u00e1 mais<br \/>\nliberdade para criar e alongar e exagerar as partes que considera importantes para<br \/>\nvalorizar a vestimenta que cobrir\u00e1 o corpo da figura.<br \/>\n7) No desenho de moda, a figura costuma ser mais alongada que em um desenho que<br \/>\nrespeita as propor\u00e7\u00f5es humanas. Esse processo de estiliza\u00e7\u00e3o do corpo humano<br \/>\ntem finalidade objetiva, como voc\u00ea pode ler no texto a seguir:<br \/>\n\u201cO processo de estiliza\u00e7\u00e3o da figura de moda se d\u00e1 em v\u00e1rias partes do desenho e varia<br \/>\npara cada ilustrador, logo, \u00e9 uma caracter\u00edstica \u00fanica de cada artista. Isto pode<br \/>\nacontecer na anatomia, na pose, no gesto, na estrutura, na silhueta ou na composi\u00e7\u00e3o.<br \/>\nAnatomia: quanto \u00e0 propor\u00e7\u00e3o, o croqui de moda \u00e9 mais alongado que a figura humana.<br \/>\nUsando a cabe\u00e7a como medida, a figura humana pode ser dividida em 7 \u00bd ou 8 cabe\u00e7as<br \/>\ne os croquis podem chegar a 12 cabe\u00e7as. Em geral se alonga mais as pernas do que o<br \/>\ntronco.<br \/>\nPose: a pose da figura de moda deve traduzir o estado de esp\u00edrito da cole\u00e7\u00e3o, da roupa,<br \/>\nou do p\u00fablico-alvo. Pode ser uma pose com mais atitude, ou mais ing\u00eanua dependendo<br \/>\nde cada contexto.<br \/>\nGesto: O gesto da figura deve ser sempre exagerado, para sugerir movimento e n\u00e3o<br \/>\ndeixar que o desenho perca for\u00e7a ou pare\u00e7a est\u00e1tico e rob\u00f3tico.<br \/>\nEstrutura: O ilustrador deve ter muito conhecimento da estrutura \u00f3ssea e dos m\u00fasculos,<br \/>\nmas sua representa\u00e7\u00e3o por meio da linha e do tra\u00e7o deve ser simplificada, sem esquecer<br \/>\ndos volumes do corpo e dos landmarks, que s\u00e3o pontos importantes dos ossos que<br \/>\ndevem ser marcados.<br \/>\nSilhueta: A silhueta da figura de moda torna-se mais esguia e alguns tra\u00e7os podem ser<br \/>\nsuprimidos. Deve ser pensada juntamente com todos os elementos acima.<br \/>\nComposi\u00e7\u00e3o: Na composi\u00e7\u00e3o entram elementos de fundo como ambienta\u00e7\u00e3o, desenho<br \/>\nt\u00e9cnico da roupa dependo de cada objetivo do projeto\u201d.<br \/>\n(KUHNEN, 2015, s.p. Dispon\u00edvel em:\u00a0<a href=\"https:\/\/is.gd\/VWD2Eh\" rel=\"nofollow\">https:\/\/is.gd\/VWD2Eh<\/a>\u00a0Acesso em 15 de Dezembro<br \/>\nde 2021).<br \/>\na) Portanto, desenhe uma figura humana estilizada, com partes alongadas ou<br \/>\nexageradas em suas propor\u00e7\u00f5es; e<br \/>\nb) \u201cVista\u201d sua figura com um look, uma roupa que d\u00ea sentido \u00e0 silhueta.<br \/>\n8) Insira as 3 diferentes imagens em um arquivo Word para envio no seu ambiente<br \/>\nAVA.<br \/>\nChecklist<br \/>\nPrincipais etapas para a completude da atividade pr\u00e1tica:<br \/>\n\u2013 Download do aplicativo Autodesk SketchBook.<br \/>\n\u2013 Desenho espont\u00e2neo, de observa\u00e7\u00e3o, de uma pessoa.<br \/>\n\u2013 Desenho de observa\u00e7\u00e3o de uma pessoa, respeitando as propor\u00e7\u00f5es corretas.<br \/>\n\u2013 Desenho estilizado de uma figura humana com um look completo.<br \/>\nRESULTADO<br \/>\nO trabalho dever\u00e1 ser entregue em arquivo Word atendendo as etapas de produ\u00e7\u00e3o e<br \/>\nutilizando os recursos solicitados no roteiro.<br \/>\n\u2022 O arquivo dever\u00e1 conter:<br \/>\n\u2022 Capa;<br \/>\n\u2022 Folha de rosto com os dados da disciplina e do aluno;<br \/>\n\u2022 Os resultados das atividades pr\u00e1ticas exigidas pelo roteiro;<br \/>\n\u2022 Refer\u00eancias bibliogr\u00e1ficas (quando houver)<\/p>\n<div class=\"elementor-toggle-item\">\n<h4 id=\"elementor-tab-title-1941\" class=\"elementor-tab-title elementor-active\" tabindex=\"0\" role=\"tab\" data-tab=\"1\" aria-controls=\"elementor-tab-content-1941\" aria-expanded=\"true\" aria-selected=\"true\">Como funciona?<\/h4>\n<div id=\"elementor-tab-content-1941\" class=\"elementor-tab-content elementor-clearfix elementor-active\" role=\"tabpanel\" data-tab=\"1\" aria-labelledby=\"elementor-tab-title-1941\">\n<p>Elaboramos os portf\u00f3lios, j\u00e1 deixamos prontos, nas normas da ABNT e conforme os requisitos da universidade. F\u00e1cil assim! O MELHOR \u00c9 QUE VOC\u00ca COMPRA E J\u00c1 BAIXA NA HORA O SEU ARQUIVO EM WORD! Sabemos que conciliar trabalho, fam\u00edlia, vida profissional e estudos \u00e9 dif\u00edcil hoje em dia, por isso, estamos aqui para ajudar voc\u00ea. Conte com nossa qualidade, experi\u00eancia e profissionalismo adquirindo seu portf\u00f3lio conosco. GARANTIMOS SEU CONCEITO!<\/p>\n<h4>Como se realizam os envios?<\/h4>\n<\/div>\n<\/div>\n<div class=\"elementor-toggle-item\">\n<div id=\"elementor-tab-content-1942\" class=\"elementor-tab-content elementor-clearfix elementor-active\" role=\"tabpanel\" data-tab=\"2\" aria-labelledby=\"elementor-tab-title-1942\">O seu trabalho \u00e9 disponibilizado pronto, respondido e nas normas j\u00e1 na mesma hora aqui em nosso site na sua \u00e1rea de downloads e tamb\u00e9m no seu e-mail.<\/div>\n<\/div>\n<div class=\"elementor-toggle-item\">\n<div id=\"elementor-tab-content-1943\" class=\"elementor-tab-content elementor-clearfix elementor-active\" role=\"tabpanel\" data-tab=\"3\" aria-labelledby=\"elementor-tab-title-1943\">\n<h4>Em quanto tempo recebo o portf\u00f3lio?<\/h4>\n<\/div>\n<\/div>\n<div class=\"elementor-toggle-item\">\n<div id=\"elementor-tab-content-1944\" class=\"elementor-tab-content elementor-clearfix elementor-active\" role=\"tabpanel\" data-tab=\"4\" aria-labelledby=\"elementor-tab-title-1944\">\n<p>Os envios s\u00e3o imediatos. Ap\u00f3s sua compra, o trabalho j\u00e1 \u00e9 disponibilizado instantaneamente aqui em nosso site e no seu e-mail.<\/p>\n<h4>E se o portf\u00f3lio que comprei precisar de corre\u00e7\u00e3o?<\/h4>\n<\/div>\n<\/div>\n<div class=\"elementor-toggle-item\">\n<div id=\"elementor-tab-content-1945\" class=\"elementor-tab-content elementor-clearfix elementor-active\" role=\"tabpanel\" data-tab=\"5\" aria-labelledby=\"elementor-tab-title-1945\">\n<p>Caso haja alguma solicita\u00e7\u00e3o de corre\u00e7\u00e3o\/altera\u00e7\u00e3o por parte do tutor, basta entrar em contato conosco pelo\u00a0WhatsApp\u00a0que provid\u00eanciaremos sem custo algum.<\/p>\n<h4>Qual o formato do arquivo?<\/h4>\n<\/div>\n<\/div>\n<div class=\"elementor-toggle-item\">\n<div id=\"elementor-tab-content-1946\" class=\"elementor-tab-content elementor-clearfix elementor-active\" role=\"tabpanel\" data-tab=\"6\" aria-labelledby=\"elementor-tab-title-1946\">\n<p>Os arquivos s\u00e3o enviados em formato Word e s\u00e3o edit\u00e1veis.<\/p>\n<h4>Caso eu tiver alguma d\u00favida, terei suporte no p\u00f3s venda?<\/h4>\n<\/div>\n<\/div>\n<div class=\"elementor-toggle-item\">\n<div id=\"elementor-tab-content-1948\" class=\"elementor-tab-content elementor-clearfix elementor-active\" role=\"tabpanel\" data-tab=\"8\" aria-labelledby=\"elementor-tab-title-1948\">\n<p>Sim, com certeza. Basta clicar no \u00edcone do WhatsApp no cantinho da tela. Ser\u00e1 um prazer atend\u00ea-lo(a).<\/p>\n<div class=\"elementor-toggle-item\">\n<div id=\"elementor-tab-content-1948\" class=\"elementor-tab-content elementor-clearfix elementor-active\" role=\"tabpanel\" data-tab=\"8\" aria-labelledby=\"elementor-tab-title-1948\">\n<h4>Quais os seus canais de contato?<\/h4>\n<\/div>\n<\/div>\n<div class=\"elementor-toggle-item\">\n<div id=\"elementor-tab-content-1949\" class=\"elementor-tab-content elementor-clearfix elementor-active\" role=\"tabpanel\" data-tab=\"9\" aria-labelledby=\"elementor-tab-title-1949\">\n<p>Whatsapp: 53 984751621 \u2013 Clicar no canto da tela ou ESCANEIE O QRCODE ABAIXO<\/p>\n<h4><img decoding=\"async\" class=\"alignnone wp-image-13699 jetpack-lazy-image jetpack-lazy-image--handled\" src=\"https:\/\/i0.wp.com\/portifolioos-prontos.com\/wp-content\/uploads\/2023\/02\/whatsapp-business-projeto-de-extensao-300x300.jpeg?resize=144%2C144\" sizes=\"(max-width: 144px) 100vw, 144px\" srcset=\"https:\/\/i0.wp.com\/portifolioos-prontos.com\/wp-content\/uploads\/2023\/02\/whatsapp-business-projeto-de-extensao.jpeg?resize=300%2C301&amp;ssl=1 300w, https:\/\/i0.wp.com\/portifolioos-prontos.com\/wp-content\/uploads\/2023\/02\/whatsapp-business-projeto-de-extensao.jpeg?resize=150%2C150&amp;ssl=1 150w, https:\/\/i0.wp.com\/portifolioos-prontos.com\/wp-content\/uploads\/2023\/02\/whatsapp-business-projeto-de-extensao.jpeg?resize=370%2C372&amp;ssl=1 370w, https:\/\/i0.wp.com\/portifolioos-prontos.com\/wp-content\/uploads\/2023\/02\/whatsapp-business-projeto-de-extensao.jpeg?resize=100%2C100&amp;ssl=1 100w, https:\/\/i0.wp.com\/portifolioos-prontos.com\/wp-content\/uploads\/2023\/02\/whatsapp-business-projeto-de-extensao.jpeg?w=470&amp;ssl=1 470w\" alt=\"projeto de extens\u00e3o unopar\" width=\"144\" height=\"144\" data-lazy-loaded=\"1\" \/><\/h4>\n<\/div>\n<\/div>\n<\/div>\n<\/div>\n<div class=\"elementor-toggle-item\">\n<div id=\"elementor-tab-content-1949\" class=\"elementor-tab-content elementor-clearfix elementor-active\" role=\"tabpanel\" data-tab=\"9\" aria-labelledby=\"elementor-tab-title-1949\">\n<p>E-mail:portifoliosp@gmail.com<\/p>\n<div id=\"attachment_143\" class=\"wp-caption alignnone\">\n<div id=\"attachment_143\" class=\"wp-caption alignnone\" style=\"width: 102px;\">\n<p><a href=\"https:\/\/portifolioos-prontos.com\/\"><img decoding=\"async\" class=\"wp-image-143 jetpack-lazy-image jetpack-lazy-image--handled smush-detected-img smush-image-12\" title=\"portfolio pronto unopar\" src=\"https:\/\/i0.wp.com\/portifolioos-prontos.com\/wp-content\/uploads\/2022\/04\/conceitomaximo.png?resize=161%2C46\" alt=\"PORTFOLIO PRONTO UNOPAR ANHANGUERA\" width=\"102\" height=\"29\" aria-describedby=\"caption-attachment-143\" data-lazy-loaded=\"1\" \/><\/a><\/p>\n<p id=\"caption-attachment-143\" class=\"wp-caption-text\">Portf\u00f3lio em Word, respondido, completo e j\u00e1 nas normas.<\/p>\n<\/div>\n<\/div>\n<\/div>\n<\/div>\n","protected":false},"excerpt":{"rendered":"<div class=\"product-short-description\">\n<h5><strong>Pague pelo PIX ou cart\u00e3o e fa\u00e7a o download agora mesmo.<\/strong><\/h5>\n<\/div>\n<div class=\"sticky-add-to-cart-wrapper\">\n<div class=\"sticky-add-to-cart\">\n<div class=\"quantity buttons_added form-flat\"><img decoding=\"async\" class=\"alignnone wp-image-761 lazyloaded smush-detected-img smush-image-3\" src=\"https:\/\/portifolioos-prontos.com\/wp-content\/uploads\/2022\/04\/PIX-300x107.webp\" alt=\"\" width=\"78\" height=\"28\" data-src=\"https:\/\/portifolioos-prontos.com\/wp-content\/uploads\/2022\/04\/PIX-300x107.webp\" \/>\u00a0\u00a0<img loading=\"lazy\" decoding=\"async\" class=\"lazyloaded smush-detected-img smush-image-4\" src=\"https:\/\/d26lpennugtm8s.cloudfront.net\/assets\/common\/img\/logos\/payment\/visa@2x.png\" width=\"46\" height=\"29\" data-src=\"https:\/\/d26lpennugtm8s.cloudfront.net\/assets\/common\/img\/logos\/payment\/visa@2x.png\" \/><img loading=\"lazy\" decoding=\"async\" class=\"lazyloaded smush-detected-img smush-image-5\" src=\"https:\/\/d26lpennugtm8s.cloudfront.net\/assets\/common\/img\/logos\/payment\/boleto@2x.png\" width=\"43\" height=\"27\" data-src=\"https:\/\/d26lpennugtm8s.cloudfront.net\/assets\/common\/img\/logos\/payment\/boleto@2x.png\" \/><img loading=\"lazy\" decoding=\"async\" class=\"lazyloaded smush-detected-img smush-image-6\" src=\"https:\/\/d26lpennugtm8s.cloudfront.net\/assets\/common\/img\/logos\/payment\/mastercard@2x.png\" width=\"43\" height=\"27\" data-src=\"https:\/\/d26lpennugtm8s.cloudfront.net\/assets\/common\/img\/logos\/payment\/mastercard@2x.png\" \/><img loading=\"lazy\" decoding=\"async\" class=\"lazyloaded smush-detected-img smush-image-7\" src=\"https:\/\/d26lpennugtm8s.cloudfront.net\/assets\/common\/img\/logos\/payment\/amex@2x.png\" width=\"43\" height=\"27\" data-src=\"https:\/\/d26lpennugtm8s.cloudfront.net\/assets\/common\/img\/logos\/payment\/amex@2x.png\" \/><img loading=\"lazy\" decoding=\"async\" class=\"lazyloaded smush-detected-img smush-image-8\" src=\"https:\/\/d26lpennugtm8s.cloudfront.net\/assets\/common\/img\/logos\/payment\/diners@2x.png\" width=\"46\" height=\"29\" data-src=\"https:\/\/d26lpennugtm8s.cloudfront.net\/assets\/common\/img\/logos\/payment\/diners@2x.png\" \/><img loading=\"lazy\" decoding=\"async\" class=\"lazyloaded smush-detected-img smush-image-9\" src=\"https:\/\/d26lpennugtm8s.cloudfront.net\/assets\/common\/img\/logos\/payment\/br\/elo@2x.png\" width=\"45\" height=\"28\" data-src=\"https:\/\/d26lpennugtm8s.cloudfront.net\/assets\/common\/img\/logos\/payment\/br\/elo@2x.png\" \/><img loading=\"lazy\" decoding=\"async\" class=\"lazyloaded smush-detected-img smush-image-10\" src=\"https:\/\/d26lpennugtm8s.cloudfront.net\/assets\/common\/img\/logos\/payment\/br\/hipercard@2x.png\" width=\"44\" height=\"28\" data-src=\"https:\/\/d26lpennugtm8s.cloudfront.net\/assets\/common\/img\/logos\/payment\/br\/hipercard@2x.png\" \/><img loading=\"lazy\" decoding=\"async\" class=\"lazyloaded smush-detected-img smush-image-11\" src=\"https:\/\/d26lpennugtm8s.cloudfront.net\/assets\/common\/img\/logos\/payment\/mercadopago@2x.png\" width=\"45\" height=\"28\" data-src=\"https:\/\/d26lpennugtm8s.cloudfront.net\/assets\/common\/img\/logos\/payment\/mercadopago@2x.png\" \/><\/div>\n<\/div>\n<\/div>\n","protected":false},"featured_media":38933,"template":"","meta":{"_seopress_robots_primary_cat":"","_seopress_titles_title":"%%post_title%% %%sitetitle%%","_seopress_titles_desc":"%%post_content%%","_seopress_robots_index":""},"product_cat":[110],"product_tag":[],"class_list":{"0":"post-38930","1":"product","2":"type-product","3":"status-publish","4":"has-post-thumbnail","6":"product_cat-design-de-moda","8":"first","9":"instock","10":"downloadable","11":"virtual","12":"purchasable","13":"product-type-simple","14":"col-xs-6 col-sm-4","15":"col-mf-5","16":"un-5-cols"},"jetpack_sharing_enabled":true,"_links":{"self":[{"href":"https:\/\/portifolioos-prontos.com\/index.php\/wp-json\/wp\/v2\/product\/38930","targetHints":{"allow":["GET"]}}],"collection":[{"href":"https:\/\/portifolioos-prontos.com\/index.php\/wp-json\/wp\/v2\/product"}],"about":[{"href":"https:\/\/portifolioos-prontos.com\/index.php\/wp-json\/wp\/v2\/types\/product"}],"version-history":[{"count":1,"href":"https:\/\/portifolioos-prontos.com\/index.php\/wp-json\/wp\/v2\/product\/38930\/revisions"}],"predecessor-version":[{"id":45804,"href":"https:\/\/portifolioos-prontos.com\/index.php\/wp-json\/wp\/v2\/product\/38930\/revisions\/45804"}],"wp:featuredmedia":[{"embeddable":true,"href":"https:\/\/portifolioos-prontos.com\/index.php\/wp-json\/wp\/v2\/media\/38933"}],"wp:attachment":[{"href":"https:\/\/portifolioos-prontos.com\/index.php\/wp-json\/wp\/v2\/media?parent=38930"}],"wp:term":[{"taxonomy":"product_cat","embeddable":true,"href":"https:\/\/portifolioos-prontos.com\/index.php\/wp-json\/wp\/v2\/product_cat?post=38930"},{"taxonomy":"product_tag","embeddable":true,"href":"https:\/\/portifolioos-prontos.com\/index.php\/wp-json\/wp\/v2\/product_tag?post=38930"}],"curies":[{"name":"wp","href":"https:\/\/api.w.org\/{rel}","templated":true}]}}