{"id":3931,"date":"2022-06-01T18:47:54","date_gmt":"2022-06-01T21:47:54","guid":{"rendered":"https:\/\/portifolioos-prontos.com\/?post_type=product&#038;p=3931"},"modified":"2022-10-05T13:56:40","modified_gmt":"2022-10-05T16:56:40","slug":"projeto-integrador-o-moodboard-do-restaurante","status":"publish","type":"product","link":"https:\/\/portifolioos-prontos.com\/index.php\/product\/projeto-integrador-o-moodboard-do-restaurante\/","title":{"rendered":"Projeto Integrador O moodboard do restaurante"},"content":{"rendered":"<h4>Projeto Integrador O moodboard do restaurante<\/h4>\n<h4>Curso: Marketing Digital<\/h4>\n<h4>Semestre: 1\u00b0 e 4\u00b0<\/h4>\n<hr \/>\n<p>A proposta do Projeto Integrador Interdisciplinar ter\u00e1 como tema norteador: O moodboard do<br \/>\nrestaurante.<br \/>\nEssa tem\u00e1tica foi escolhida por possibilitar a aprendizagem interdisciplinar dos conte\u00fados<br \/>\ndesenvolvidos nas disciplinas deste semestre. Para atingir os objetivos desta produ\u00e7\u00e3o textual,<br \/>\nvoc\u00ea dever\u00e1 seguir as instru\u00e7\u00f5es voltadas \u00e0 elabora\u00e7\u00e3o do trabalho disponibilizadas ao longo do<br \/>\nsemestre, sob a orienta\u00e7\u00e3o do Tutor a Dist\u00e2ncia, considerando as disciplinas norteadoras.<br \/>\nA participa\u00e7\u00e3o na consecu\u00e7\u00e3o da proposta \u00e9 fundamental para que haja o<br \/>\npleno desenvolvimento de compet\u00eancias e habilidades requeridas em sua atua\u00e7\u00e3o profissional. Para<br \/>\nesta produ\u00e7\u00e3o textual, dever\u00e1 ser considerado o caso apresentado na sequ\u00eancia.<br \/>\nVamos conhecer a SGA?<\/p>\n<p>SITUA\u00c7\u00c3O GERADORA DE APRENDIZAGEM (SGA)<\/p>\n<p>Moodboard (painel de humor) ou tamb\u00e9m como conhecido painel sem\u00e2ntico \u00e9 uma<br \/>\nferramenta com o objetivo de auxiliar a visualiza\u00e7\u00e3o das ideias. \u00c9 uma esp\u00e9cie de quadros compostos<br \/>\npor diferentes elementos visuais (imagens v\u00eddeos, cores, texturas, ponto, linha, forma, dire\u00e7\u00e3o, tom,<br \/>\ndimens\u00e3o, escala, movimento, entre outros), que ir\u00e3o compor a ideia central que se deseja transmitir.<br \/>\nO moodboard \u00e9 uma ferramenta que auxilia no processo criativo. O processo de cria\u00e7\u00e3o \u00e9<br \/>\nbastante complexo e delicado. Algumas vezes o processo criativo \u00e9 r\u00e1pido e eficiente em outros \u00e9<br \/>\ndemorado e estressante, e muitas vezes o mercado precisa de solu\u00e7\u00f5es r\u00e1pidas e urgentes, o popular<br \/>\n\u201cpara ontem\u201d.<br \/>\nO moodboard \u00e9 uma ferramenta que permite nutrir o ambiente criativo al\u00e9m de gerar<br \/>\nprojetos com proposta de valor, e que fa\u00e7a sentido e atenda \u00e0s necessidades e desejos do cliente.<br \/>\nA ferramenta re\u00fane refer\u00eancias visuais para diferentes tipos de projetos (moda, gastronomia,<br \/>\ndesign gr\u00e1fico, arquitetura, decora\u00e7\u00e3o, visagistas, entre outras \u00e1reas). Nas figuras abaixo voc\u00ea ver\u00e1<br \/>\nalguns exemplos de moodboard.<\/p>\n<p><img fetchpriority=\"high\" decoding=\"async\" class=\"alignnone size-full wp-image-49722 jetpack-lazy-image jetpack-lazy-image--handled lazyloaded\" src=\"https:\/\/i0.wp.com\/portfoliooead.com.br\/wp-content\/uploads\/2022\/05\/Sem-titulo.png?resize=598%2C470&amp;is-pending-load=1#038;ssl=1\" sizes=\"(max-width: 598px) 100vw, 598px\" srcset=\"https:\/\/i0.wp.com\/portfoliooead.com.br\/wp-content\/uploads\/2022\/05\/Sem-titulo.png?w=598&amp;ssl=1 598w, https:\/\/i0.wp.com\/portfoliooead.com.br\/wp-content\/uploads\/2022\/05\/Sem-titulo.png?resize=250%2C196&amp;ssl=1 250w\" alt=\"\" width=\"598\" height=\"470\" data-attachment-id=\"49722\" data-permalink=\"https:\/\/portfoliooead.com.br\/?attachment_id=49722#main\" data-orig-file=\"https:\/\/i0.wp.com\/portfoliooead.com.br\/wp-content\/uploads\/2022\/05\/Sem-titulo.png?fit=598%2C470&amp;ssl=1\" data-orig-size=\"598,470\" data-comments-opened=\"1\" data-image-meta=\"{&quot;aperture&quot;:&quot;0&quot;,&quot;credit&quot;:&quot;&quot;,&quot;camera&quot;:&quot;&quot;,&quot;caption&quot;:&quot;&quot;,&quot;created_timestamp&quot;:&quot;0&quot;,&quot;copyright&quot;:&quot;&quot;,&quot;focal_length&quot;:&quot;0&quot;,&quot;iso&quot;:&quot;0&quot;,&quot;shutter_speed&quot;:&quot;0&quot;,&quot;title&quot;:&quot;&quot;,&quot;orientation&quot;:&quot;0&quot;}\" data-image-title=\"Sem t\u00edtulo\" data-image-description=\"\" data-image-caption=\"\" data-medium-file=\"https:\/\/i0.wp.com\/portfoliooead.com.br\/wp-content\/uploads\/2022\/05\/Sem-titulo.png?fit=598%2C470&amp;ssl=1\" data-large-file=\"https:\/\/i0.wp.com\/portfoliooead.com.br\/wp-content\/uploads\/2022\/05\/Sem-titulo.png?fit=598%2C470&amp;ssl=1\" data-recalc-dims=\"1\" data-ll-status=\"loaded\" data-lazy-loaded=\"1\" \/><\/p>\n<p>A cria\u00e7\u00e3o do moodboard envolve primeiro a escolha do local para a montagem do moodboard<br \/>\n(pode ser digital ou f\u00edsico), em seguida a escolha dos elementos visuais, e as refer\u00eancias, e por fim<br \/>\nfazer a \u201ccolagem\u201d e revisar o material.<\/p>\n<p>Considere que voc\u00ea trabalha para uma ag\u00eancia de marketing digital e dever\u00e1 criar um<br \/>\nmoodboard para um restaurante que ir\u00e1 abrir na sua cidade. Voc\u00ea ter\u00e1 autonomia para decidir toda<br \/>\na composi\u00e7\u00e3o do restaurante, como decora\u00e7\u00e3o do estabelecimento, a localiza\u00e7\u00e3o, o card\u00e1pio, o<br \/>\np\u00fablico-alvo, sites, identidade visual, entre outros. Para iniciar o moodboard voc\u00ea dever\u00e1 come\u00e7ar<br \/>\nrespondendo \u00e0 pergunta \u201cQual o objetivo do meu painel sem\u00e2ntico?\u201d.<\/p>\n<p>Os processos na constru\u00e7\u00e3o do moodboard envolve as seguintes a\u00e7\u00f5es?<br \/>\nI. Coleta \u2013 o profissional recapitula seu banco pessoal assim como busca por novas<br \/>\nrefer\u00eancias.<br \/>\nII. Elei\u00e7\u00e3o \u2013 o profissional seleciona quais refer\u00eancias t\u00eam maior capacidade de visionar<br \/>\numa solu\u00e7\u00e3o do problema.<br \/>\nIII. Conex\u00e3o \u2013 com as refer\u00eancias que foram escolhidas, o profissional conecta as que<br \/>\njuntas podem tornar vis\u00edvel o direcionamento criativo desejado.<br \/>\nIV. Constru\u00e7\u00e3o \u2013 nessa etapa o profissional constr\u00f3i o moodboard e cria uma composi\u00e7\u00e3o<br \/>\ncom refer\u00eancias criativas.<br \/>\nV. Expans\u00e3o \u2013 para o autor, essa fase \u00e9 facultativa. Trata de buscar outras mat\u00e9rias que<br \/>\nreforcem o estado emocional criado pelo moodboard.<br \/>\nVI. Apresenta\u00e7\u00e3o \u2013 o profissional compartilha com os demais o moodboard para<br \/>\ndiscuss\u00e3o.<br \/>\nPara o desenvolvimento do painel sem\u00e2ntico voc\u00ea pode usar algum software on-line gratuito<br \/>\nou desenvolver no word, o importante \u00e9 usar a criatividade. Os links abaixo s\u00e3o indica\u00e7\u00f5es de<br \/>\nplataformas em que o moodboard poder\u00e1 ser realizado, por\u00e9m fique \u00e0 vontade para escolher outro<br \/>\nse achar conveniente.<\/p>\n<p>\u2022\u00a0<a href=\"http:\/\/www.gomoodboard.com\/\" rel=\"nofollow\">http:\/\/www.gomoodboard.com\/<\/a><br \/>\n\u2022\u00a0<a href=\"https:\/\/www.canva.com\/pt_br\/criar\/painel-semantico\/\" rel=\"nofollow\">https:\/\/www.canva.com\/pt_br\/criar\/painel-semantico\/<\/a><br \/>\n\u2022\u00a0<a href=\"https:\/\/www.adobe.com\/br\/express\/create\/mood-board\" rel=\"nofollow\">https:\/\/www.adobe.com\/br\/express\/create\/mood-board<\/a><br \/>\nAo finalizar o seu moodboard, voc\u00ea dever\u00e1 dar um print ou fotografar (o arquivo dever\u00e1 ser<br \/>\nsalvo em JPG de baixa resolu\u00e7\u00e3o) e colar no arquivo final a ser entregue neste trabalho, a atividade<br \/>\nprecisa ser leg\u00edvel.<\/p>\n<p>Fonte: LIM\u00c3O CRAVO. O que \u00e9 painel sem\u00e2ntico e como utilizar esta t\u00e9cnica. Lim\u00e3o Cravo. 2020.<\/p>\n<p>Dispon\u00edvel em:\u00a0<a href=\"https:\/\/limaocravo.blog\/2020\/03\/24\/o-que-e-painel-semantico-e-como-utilizar-\" rel=\"nofollow\">https:\/\/limaocravo.blog\/2020\/03\/24\/o-que-e-painel-semantico-e-como-utilizar-<\/a><br \/>\nesta-tecnica\/. Acesso em: 15. Dez. 2021.<\/p>\n<p>RAMOS, Ana Julia. Visualize com mais clareza as suas ideias com ajuda de um moodboard. Dispon\u00edvel<br \/>\nem:\u00a0<a href=\"https:\/\/rockcontent.com\/br\/blog\/moodboard\/\" rel=\"nofollow\">https:\/\/rockcontent.com\/br\/blog\/moodboard\/<\/a>. Acesso em. 15 dez. 2021.<\/p>\n<p>AGORA \u00c9 COM VOC\u00ca<\/p>\n<p>Levando em considera\u00e7\u00e3o a SGA, responda todos os questionamentos apresentados<br \/>\nabaixo. Eles foram elaborados com base nas disciplinas ministradas ao longo deste semestre. A sua<br \/>\nparticipa\u00e7\u00e3o nesta atividade \u00e9 fundamental para que haja o pleno desenvolvimento das<br \/>\ncompet\u00eancias e habilidades requeridas em sua atua\u00e7\u00e3o profissional.<\/p>\n<p>Etapa 1:<br \/>\nPara essa etapa voc\u00ea vai desenvolver a ess\u00eancia da marca de um restaurante. A marca<br \/>\ndetermina o que \u00e9 o produto. O processo de cria\u00e7\u00e3o dessa marca passa por um r\u00f3tulo mental, ou<br \/>\nseja, o consumidor precisa conhecer essa marca, sendo envolvido por uma constru\u00e7\u00e3o mental que<br \/>\ndiz para o comprador se ele deve comprar ou n\u00e3o determinado produto. Somente ap\u00f3s essa decis\u00e3o<\/p>\n<p>\u00e9 transmitido o valor para a empresa da qual o produto faz parte. A principal quest\u00e3o para construir-<br \/>\nse uma marca \u00e9 o consumidor reconhecer a diferen\u00e7a entre esta e outras marcas, ou seja: saber<\/p>\n<p>definir essa diferen\u00e7a leva a reconhecer a identidade de uma marca; cada propaganda que \u00e9 realizada<br \/>\ntransmite a diferen\u00e7a de cada produto. \u00c9 importante destacar que a ess\u00eancia de uma marca n\u00e3o \u00e9<br \/>\num slogan. Vamos citar um exemplo: a ess\u00eancia da marca da Apple \u00e9 \u201ccapacitar as pessoas por meio<br \/>\nda tecnologia\u201d. J\u00e1 o slogan diz Think diferent (\u201cpense diferente\u201d). A ess\u00eancia deve durar para sempre<br \/>\nem uma empresa, isto \u00e9, ser sustent\u00e1vel \u00e0 medida em que \u00e9 replicada em todos os produtos. Um<br \/>\nslogan, por sua vez, pode ser alterado conforme a necessidade da empresa. Quando analisamos a<br \/>\ness\u00eancia de marcas, podemos pensar em tr\u00eas aspectos: o emocional, o descritivo e a fun\u00e7\u00e3o da<br \/>\nmarca. Outro ponto: para definir a ess\u00eancia de uma marca devem ser considerados os benef\u00edcios de<br \/>\numa marca em rela\u00e7\u00e3o \u00e0s respostas para os seguintes questionamentos:<br \/>\n\u2022 O que a ess\u00eancia oferece para o seu consumidor?<\/p>\n<p>\u2022 Como faz o consumidor se sentir?<br \/>\n\u2022 O que essa ess\u00eancia diz sobre a marca?<br \/>\nDentro desse contexto defina a ess\u00eancia da marca para o restaurante, pensando nos aspectos<br \/>\nemocionais, descritivos e a fun\u00e7\u00e3o da marca, pensando tamb\u00e9m nos benef\u00edcios que esse restaurante<br \/>\nir\u00e1 proporcional para seus consumidores.<br \/>\nAgora transmita essa ess\u00eancia no moodboard.<\/p>\n<p>Etapa 2:<br \/>\nPara atrair e manter o seu p\u00fablico o estabelecimento precisa ser inovador e apresentar<br \/>\ndiferenciais a fim de que a cada nova visita no restaurante o cliente sinta-se encantado por estar l\u00e1 e<br \/>\ntenha desejos de voltar logo. Portanto, \u00e9 importante responder as perguntas abaixo, para que no<br \/>\npainel sem\u00e2ntico fique claro a diretrizes organizacionais, o diferencial competitivo e a inova\u00e7\u00f5es que<br \/>\no restaurante ter\u00e1.<\/p>\n<p>1. Como ser inovador no restaurante?<br \/>\n2. Qual o diferencial competitivo do restaurante em rela\u00e7\u00e3o aos concorrentes?<br \/>\n3. Quais s\u00e3o as diretrizes organizacionais do restaurante (miss\u00e3o, vis\u00e3o e valores)?<\/p>\n<p>Etapa 3:<br \/>\nNa defini\u00e7\u00e3o da estrutura e do formato do restaurante, quest\u00f5es voltadas ao Composto<br \/>\nMercadol\u00f3gico s\u00e3o importantes que sejam definidas. Estrat\u00e9gias de marketing voltadas ao<br \/>\nPRODUTO, PRE\u00c7O, PRA\u00c7A E PROMO\u00c7\u00c3O podem fazer uma grande diferen\u00e7a no fortalecimento da<br \/>\nmarca, na intera\u00e7\u00e3o com o consumidor e no aumento das vendas.<br \/>\nDessa forma, com rela\u00e7\u00e3o \u00e0s atividades voltadas a Gest\u00e3o Mercadol\u00f3gica na Era Digital o aluno<br \/>\ndever\u00e1 realizar um estudo sobre os 4 P\u2019s (Composto Mercadol\u00f3gico) seguindo as orienta\u00e7\u00f5es abaixo.<br \/>\n\u2022 Pense em quais seriam os PRODUTOS que poderiam ser vendidos pelo restaurante.<br \/>\n(Tente tirar fotos de alguns desses PRODUTOS).<br \/>\n\u2022 Pense em qual seria o local adequado em sua cidade para instala\u00e7\u00e3o desse<br \/>\nrestaurante.<\/p>\n<p>\u2022 Tente encontrar no GOOGLE MAPS a poss\u00edvel localiza\u00e7\u00e3o desse restaurante. (Realize o<br \/>\nprint da tela).<br \/>\n\u2022 Relacione quais seriam os pontos fortes desse local (pr\u00f3ximo a empresas, local<br \/>\nmovimentado, pr\u00f3ximo a escolas).<\/p>\n<p>Etapa 4:<br \/>\nUma excelente ferramenta para obter informa\u00e7\u00f5es \u00e9 a pesquisa, com ela \u00e9 poss\u00edvel realizar o<br \/>\nplanejamento, coleta e an\u00e1lise dos dados relacionados a um determinado evento. O objetivo da<br \/>\npesquisa \u00e9 gerar conhecimento sobre um determinado p\u00fablico, mercado, produto etc., al\u00e9m de<br \/>\nidentificar oportunidades e reduzir os riscos na tomada de decis\u00e3o.<br \/>\nDessa forma, uma boa forma de organizar a pesquisa \u00e9 dividindo as informa\u00e7\u00f5es levantadas<br \/>\nem 3 grupos principais: objetos, pessoas e ambientes. D\u00ea 2 exemplos de informa\u00e7\u00f5es dos: objetos,<br \/>\npessoas e ambientes que voc\u00ea ir\u00e1 usar no seu moodboard para que ele seja inovador.<\/p>\n<p><img decoding=\"async\" class=\"alignnone size-medium wp-image-49724 jetpack-lazy-image lazyloaded jetpack-lazy-image--handled\" src=\"https:\/\/i0.wp.com\/portfoliooead.com.br\/wp-content\/uploads\/2022\/05\/Sem-titulo-1.png?resize=600%2C217&amp;is-pending-load=1#038;ssl=1\" sizes=\"(max-width: 600px) 100vw, 600px\" alt=\"\" width=\"600\" height=\"217\" data-attachment-id=\"49724\" data-permalink=\"https:\/\/portfoliooead.com.br\/?attachment_id=49724#main\" data-orig-file=\"https:\/\/i0.wp.com\/portfoliooead.com.br\/wp-content\/uploads\/2022\/05\/Sem-titulo-1.png?fit=637%2C230&amp;ssl=1\" data-orig-size=\"637,230\" data-comments-opened=\"1\" data-image-meta=\"{&quot;aperture&quot;:&quot;0&quot;,&quot;credit&quot;:&quot;&quot;,&quot;camera&quot;:&quot;&quot;,&quot;caption&quot;:&quot;&quot;,&quot;created_timestamp&quot;:&quot;0&quot;,&quot;copyright&quot;:&quot;&quot;,&quot;focal_length&quot;:&quot;0&quot;,&quot;iso&quot;:&quot;0&quot;,&quot;shutter_speed&quot;:&quot;0&quot;,&quot;title&quot;:&quot;&quot;,&quot;orientation&quot;:&quot;0&quot;}\" data-image-title=\"Sem t\u00edtulo\" data-image-description=\"\" data-image-caption=\"\" data-medium-file=\"https:\/\/i0.wp.com\/portfoliooead.com.br\/wp-content\/uploads\/2022\/05\/Sem-titulo-1.png?fit=600%2C217&amp;ssl=1\" data-large-file=\"https:\/\/i0.wp.com\/portfoliooead.com.br\/wp-content\/uploads\/2022\/05\/Sem-titulo-1.png?fit=637%2C230&amp;ssl=1\" data-recalc-dims=\"1\" data-ll-status=\"loaded\" data-lazy-loaded=\"1\" \/><\/p>\n<div class=\"elementor-toggle-item\">\n<div id=\"elementor-tab-content-1948\" class=\"elementor-tab-content elementor-clearfix elementor-active\" role=\"tabpanel\" data-tab=\"8\" aria-labelledby=\"elementor-tab-title-1948\">\n<h4>Quais os seus canais de contato?<\/h4>\n<\/div>\n<\/div>\n<div class=\"elementor-toggle-item\">\n<div id=\"elementor-tab-content-1949\" class=\"elementor-tab-content elementor-clearfix elementor-active\" role=\"tabpanel\" data-tab=\"9\" aria-labelledby=\"elementor-tab-title-1949\">\n<p>Whatsapp: 53 984751621 \u2013 Clicar no canto da tela ou ESCANEIE O QRCODE ABAIXO<\/p>\n<p><img decoding=\"async\" class=\"alignnone wp-image-7603\" src=\"http:\/\/portifolioos-prontos.com\/wp-content\/uploads\/2022\/09\/portfolio-unopar-pronto-colaborar-ava-producao-textual-interdisciplinar.png\" alt=\"\" width=\"141\" height=\"141\" srcset=\"https:\/\/portifolioos-prontos.com\/wp-content\/uploads\/2022\/09\/portfolio-unopar-pronto-colaborar-ava-producao-textual-interdisciplinar.png 150w, https:\/\/portifolioos-prontos.com\/wp-content\/uploads\/2022\/09\/portfolio-unopar-pronto-colaborar-ava-producao-textual-interdisciplinar-100x100.png 100w\" sizes=\"(max-width: 141px) 100vw, 141px\" \/><\/p>\n<\/div>\n<\/div>\n","protected":false},"excerpt":{"rendered":"<p>Projeto Integrador O moodboard do restaurante Curso: Marketing Digital Semestre: 1\u00b0 e 4\u00b0 A proposta do Projeto Integrador Interdisciplinar ter\u00e1 como tema norteador: O moodboard do restaurante. Essa tem\u00e1tica foi escolhida por possibilitar a aprendizagem interdisciplinar dos conte\u00fados desenvolvidos nas disciplinas deste semestre. Para atingir os objetivos desta produ\u00e7\u00e3o textual, voc\u00ea dever\u00e1 seguir as instru\u00e7\u00f5es&hellip;<\/p>\n","protected":false},"featured_media":9212,"template":"","meta":{"_seopress_robots_primary_cat":"none","_seopress_titles_title":"","_seopress_titles_desc":"","_seopress_robots_index":""},"product_cat":[49],"product_tag":[],"class_list":{"0":"post-3931","1":"product","2":"type-product","3":"status-publish","4":"has-post-thumbnail","6":"product_cat-marketing","8":"first","9":"instock","10":"downloadable","11":"virtual","12":"purchasable","13":"product-type-simple","14":"col-xs-6 col-sm-4","15":"col-mf-5","16":"un-5-cols"},"jetpack_sharing_enabled":true,"_links":{"self":[{"href":"https:\/\/portifolioos-prontos.com\/index.php\/wp-json\/wp\/v2\/product\/3931","targetHints":{"allow":["GET"]}}],"collection":[{"href":"https:\/\/portifolioos-prontos.com\/index.php\/wp-json\/wp\/v2\/product"}],"about":[{"href":"https:\/\/portifolioos-prontos.com\/index.php\/wp-json\/wp\/v2\/types\/product"}],"version-history":[{"count":0,"href":"https:\/\/portifolioos-prontos.com\/index.php\/wp-json\/wp\/v2\/product\/3931\/revisions"}],"wp:featuredmedia":[{"embeddable":true,"href":"https:\/\/portifolioos-prontos.com\/index.php\/wp-json\/wp\/v2\/media\/9212"}],"wp:attachment":[{"href":"https:\/\/portifolioos-prontos.com\/index.php\/wp-json\/wp\/v2\/media?parent=3931"}],"wp:term":[{"taxonomy":"product_cat","embeddable":true,"href":"https:\/\/portifolioos-prontos.com\/index.php\/wp-json\/wp\/v2\/product_cat?post=3931"},{"taxonomy":"product_tag","embeddable":true,"href":"https:\/\/portifolioos-prontos.com\/index.php\/wp-json\/wp\/v2\/product_tag?post=3931"}],"curies":[{"name":"wp","href":"https:\/\/api.w.org\/{rel}","templated":true}]}}