{"id":40711,"date":"2025-07-26T13:04:46","date_gmt":"2025-07-26T16:04:46","guid":{"rendered":"https:\/\/portifolioos-prontos.com\/?post_type=product&#038;p=40711"},"modified":"2025-10-11T14:57:09","modified_gmt":"2025-10-11T17:57:09","slug":"atividade-pratica-fitoterapia-caso-clinico","status":"publish","type":"product","link":"https:\/\/portifolioos-prontos.com\/index.php\/product\/atividade-pratica-fitoterapia-caso-clinico\/","title":{"rendered":"Atividade pr\u00e1tica Fitoterapia"},"content":{"rendered":"<h3>Portf\u00f3lio Atividade pr\u00e1tica Fitoterapia<\/h3>\n<p>ROTEIRO DE ATIVIDADE PR\u00c1TICA<br \/>\nNOME DA DISCIPLINA: Fitoterapia<br \/>\nUnidade: Unidades 2, 3 e 4<br \/>\nAula: Unidade 2_Se\u00e7\u00e3o 3, Unidade 3_Se\u00e7\u00e3o 2 e 3 e Unidade 4_Se\u00e7\u00e3o 2<br \/>\n<strong>OBJETIVOS<\/strong><br \/>\nDefini\u00e7\u00e3o dos objetivos da aula pr\u00e1tica:<br \/>\nA proposta desta atividade pr\u00e1tica est\u00e1 amparada nos seguintes objetivos:<br \/>\n&#8211; Aprofundar os conhecimentos te\u00f3ricos e pr\u00e1ticos sobre fitoter\u00e1picos, compreendendo<br \/>\nsuas indica\u00e7\u00f5es, formas de uso e limita\u00e7\u00f5es;<br \/>\n&#8211; Estimular a reflex\u00e3o cr\u00edtica sobre o uso racional de plantas medicinais, reconhecendo<br \/>\nos riscos do uso indiscriminado e a import\u00e2ncia da orienta\u00e7\u00e3o profissional;<br \/>\n&#8211; Investigar estrat\u00e9gias de educa\u00e7\u00e3o em sa\u00fade que favore\u00e7am a dissemina\u00e7\u00e3o de<br \/>\ninforma\u00e7\u00f5es seguras sobre fitoterapia e promovam o uso consciente e respons\u00e1vel<br \/>\ndesses recursos.<br \/>\nINFRAESTRUTURA E MATERIAIS<br \/>\nInstala\u00e7\u00f5es<br \/>\nComputador com acesso \u00e0 internet.<br \/>\n<strong>PROCEDIMENTOS PR\u00c1TICOS<\/strong><br \/>\n<strong>ATIVIDADE PROPOSTA 01<\/strong><br \/>\nUso adequado de fitoter\u00e1picos<br \/>\nProcedimentos para a realiza\u00e7\u00e3o da atividade<br \/>\n1) O trecho a seguir \u00e9 parte do artigo \u201cA Fitoterapia no SUS e o Programa de Pesquisas de Plantas<br \/>\nMedicinais da Central de Medicamentos\u201d, s\u00e9rie B. Textos b\u00e1sicos de sa\u00fade, do Minist\u00e9rio da Sa\u00fade<br \/>\n(2006):<br \/>\n\u201cA Pol\u00edtica Nacional de Medicamentos, como parte essencial da Pol\u00edtica Nacional de Sa\u00fade, no \u00e2mbito<br \/>\nde suas diretrizes para o desenvolvimento tecnol\u00f3gico, preconiza que \u201c[&#8230;] dever\u00e1 ser continuado e<br \/>\nP\u00fablico3<br \/>\nexpandido o apoio \u00e0s pesquisas que visem ao aproveitamento do potencial terap\u00eautico da flora e fauna<br \/>\nnacionais, enfatizando a certifica\u00e7\u00e3o de suas propriedades medicamentosas\u201d (BRASIL, 1998c). Diante<br \/>\ndisso, a extinta Ger\u00eancia T\u00e9cnica de Assist\u00eancia Farmac\u00eautica da Secretaria de Pol\u00edticas da Sa\u00fade<br \/>\nconstituiu um Grupo de Estudo de Fitoter\u00e1picos para elabora\u00e7\u00e3o da Proposta de Pol\u00edtica Nacional de<br \/>\nPlantas Medicinais e Fitoter\u00e1picos, cujo objetivo era garantir acesso e uso racional das plantas<br \/>\nmedicinais e dos fitoter\u00e1picos, com seguran\u00e7a, efic\u00e1cia e qualidade, contribuindo com o<br \/>\ndesenvolvimento desse setor no pa\u00eds.\u201d<br \/>\n(Texto completo dispon\u00edvel<br \/>\nem:https:\/\/bvsms.saude.gov.br\/bvs\/publicacoes\/fitoterapia_no_sus.pdf).<br \/>\nTrata-se da ado\u00e7\u00e3o das Pr\u00e1ticas integrativas e complementares pelo Sistema \u00danico de Sa\u00fade (SUS),<br \/>\nentre elas a fitoterapia. A inser\u00e7\u00e3o da pr\u00e1tica no SUS, fomentou novas pesquisas e aprofundamento<br \/>\ndeste conhecimento que aproxima o saber popular e a ci\u00eancia.<br \/>\nPor\u00e9m, para que a utiliza\u00e7\u00e3o de plantas medicinais tenha \u00eaxito, \u00e9 necess\u00e1rio observar n\u00e3o s\u00f3 a efic\u00e1cia,<br \/>\nmas a segunra\u00e7a do seu emprego para diferentes altera\u00e7\u00f5es de sa\u00fade.<br \/>\nDessa forma, explique as diferentes formas de emprego da fitoterapia (profil\u00e1tica, curativa e<br \/>\npaliativa) e quais as formas farmac\u00eauticas de dispensa\u00e7\u00e3o poss\u00edveis para a administra\u00e7\u00e3o.<br \/>\n2) O artigo \u201cPlantas medicinais: uma abordagem sobre o uso seguro e racional\u201d (PEDROSO, RS;<br \/>\nANDRADE, G; PIRES, RH; 2021, dispon\u00edvel em:<br \/>\nhttps:\/\/www.scielo.br\/j\/physis\/a\/kwsS5zBL84b5w9LrMrCjy5d\/?lang=pt, promove uma discuss\u00e3o sobre<br \/>\no conhecimento e a import\u00e2ncia da utiliza\u00e7\u00e3o corretas das plantas medicinais.<br \/>\nA valida\u00e7\u00e3o de fitoter\u00e1picos, cujo objetivo \u00e9 comprovar sua seguran\u00e7a, efic\u00e1cia e qualidade, envolve<br \/>\ndiversas etapas de pesquisa e de controle de qualidade, desde a escolha da planta a ser estudada,<br \/>\npassando pela an\u00e1lise e identifica\u00e7\u00e3o dos seus princ\u00edpios ativos, at\u00e9 os ensaios farmacol\u00f3gicos e<br \/>\ntoxicol\u00f3gicos.<br \/>\nExplique como se d\u00e1 o processo de controle de qualidade em fitoterapia.<br \/>\n<strong>ATIVIDADE PROPOSTA 02<\/strong><br \/>\nUso racional de fitoter\u00e1picos<br \/>\nProcedimentos para a realiza\u00e7\u00e3o da atividade<br \/>\nP\u00fablico4<br \/>\nEntres as a\u00e7\u00f5es necess\u00e1rias em rela\u00e7\u00e3o ao uso racional de plantas medicinais e fitoter\u00e1picos,<br \/>\ndescritas na obra \u201cPol\u00edtica e programa nacional de plantas medicinais e fitoter\u00e1picos\u201d do Minist\u00e9rio da<br \/>\nSa\u00fade (2016), est\u00e1: \u201cPromover campanhas educativas para usu\u00e1rios voltadas ao uso racional de<br \/>\nplantas medicinais e fitoter\u00e1picos\u201d.<br \/>\nElabore uma campanha educativa objetivando a utiliza\u00e7\u00e3o racional da fitoterapia pela<br \/>\npopula\u00e7\u00e3o.<br \/>\nDicas: pense em qual forma a campanha ir\u00e1 atingir o p\u00fablico-alvo, qual ser\u00e1 este p\u00fablico e quais<br \/>\ninforma\u00e7\u00f5es e como ir\u00e1 transmit\u00ed-las! Descreve todo este processo.<br \/>\n(Texto completo dispon\u00edvel em:<br \/>\nhttps:\/\/bvsms.saude.gov.br\/bvs\/publicacoes\/politica_programa_nacional_plantas_medicinais_<br \/>\nfitoterapicos.pdf)<br \/>\n<strong>ATIVIDADE PROPOSTA 03<\/strong><br \/>\nEstudando as plantas medicinais<br \/>\nProcedimentos para a realiza\u00e7\u00e3o da atividade<br \/>\nNeste momento, vamos estudas as plantas medicinais e suas especificidades!<br \/>\nBusque na literatura e preencha a ficha abaixo para ao menos 3 plantas (diferentes das abordadas nas aulas<br \/>\nte\u00f3ricas), seus efeitos, modo de uso e como obteve este conhecimento, se de familiares ou conhecidos ou<br \/>\nconhecimento cient\u00edfico, neste \u00faltimo caso, cite a fonte.<br \/>\nPlanta:<br \/>\nEfeitos:<br \/>\nModo de uso:<br \/>\nConhecimento popular:<br \/>\nConhecimento cient\u00edfico:<br \/>\nFonte:<br \/>\n<strong>ATIVIDADE PROPOSTA 04<\/strong><br \/>\nCaso <a href=\"http:\/\/portfolio-pronto.com\">cl\u00ednico<\/a> \u2013 An\u00e1lise cr\u00edtica e elabora\u00e7\u00e3o de proposta terap\u00eautica<br \/>\nProcedimentos para a realiza\u00e7\u00e3o da atividade<br \/>\nLeia atentamente o seguinte caso cl\u00ednico:<br \/>\nP\u00fablico5<br \/>\nMaria L\u00facia, 58 anos, professora aposentada, procura uma terapeuta integrativa relatando dificuldades para<br \/>\ndormir, sensa\u00e7\u00e3o constante de ansiedade, dores musculares recorrentes e epis\u00f3dios de m\u00e1 digest\u00e3o. Ela<br \/>\ninforma que n\u00e3o faz uso de medicamentos cont\u00ednuos, mas utiliza eventualmente analg\u00e9sicos sem prescri\u00e7\u00e3o<br \/>\nm\u00e9dica. Tamb\u00e9m relata que come\u00e7ou a tomar ch\u00e1 de uma planta indicada por uma vizinha, mas n\u00e3o soube<br \/>\ninformar o nome da planta. Seu hist\u00f3rico de sa\u00fade n\u00e3o apresenta doen\u00e7as cr\u00f4nicas, mas ela tem um estilo de<br \/>\nvida sedent\u00e1rio e consome muitos alimentos industrializados.<br \/>\nMaria L\u00facia demonstra interesse em alternativas naturais, mas n\u00e3o tem conhecimento sobre o uso correto das<br \/>\nplantas medicinais e nem sobre a necessidade de acompanhamento profissional.<br \/>\nCom base neste caso, elabore um registro que contenha:<br \/>\na) Identifique as poss\u00edveis indica\u00e7\u00f5es para uso de fitoter\u00e1picos, considerando o quadro apresentado por Maria<br \/>\nL\u00facia.<br \/>\nb) An\u00e1lise dos riscos do uso indiscriminado de plantas medicinais (como o uso sem identifica\u00e7\u00e3o da planta ou<br \/>\nsem orienta\u00e7\u00e3o adequada).<br \/>\nc) Desenvolva uma proposta de abordagem terap\u00eautica com plantas medicinais\/fitoter\u00e1picos, considerando o<br \/>\nuso racional, a seguran\u00e7a e as poss\u00edveis formas farmac\u00eauticas de apresenta\u00e7\u00e3o.<br \/>\nd) Estruture a\u00e7\u00f5es educativas que poderiam ser propostas \u00e0 paciente para promover o uso consciente da<br \/>\nfitoterapia.<br \/>\ne) Apresente as refer\u00eancias bibliogr\u00e1ficas que sustentaram a proposta feita (m\u00ednimo de duas fontes cient\u00edficas).<br \/>\nNormas para elabora\u00e7\u00e3o e entrega da atividade pr\u00e1tica<br \/>\nOl\u00e1, estudante. Tudo bem?<br \/>\nAs atividades pr\u00e1ticas visam desenvolver compet\u00eancias para a atua\u00e7\u00e3o profissional. Elas s\u00e3o<br \/>\nimportantes para que voc\u00ea vivencie situa\u00e7\u00f5es que te preparar\u00e3o para o mercado de trabalho. Por<br \/>\nisso, trazemos informa\u00e7\u00f5es para que voc\u00ea possa realizar as atividades propostas com \u00eaxito.<br \/>\n1. A(s) atividades a ser(em) realizada(s) est\u00e3o descritas nesse Roteiro de Atividade<br \/>\nPr\u00e1tica.<br \/>\n2. Ap\u00f3s a leitura do Roteiro, voc\u00ea dever\u00e1 realizar a(s) atividade(s) pr\u00e1tica(s) solicitadas e<br \/>\nelaborar um documento \u00daNICO contendo todas as resolu\u00e7\u00f5es de acordo com a<br \/>\nproposta estabelecida.<br \/>\n3. O trabalho deve ser aut\u00eantico e contemplar todas as resolu\u00e7\u00f5es das atividades<br \/>\npropostas. N\u00e3o ser\u00e3o aceitos trabalhos com reprodu\u00e7\u00e3o de materiais extra\u00eddos da<br \/>\ninternet.<br \/>\n4. Voc\u00ea dever\u00e1 postar seu trabalho final no AVA, na pasta espec\u00edfica relacionada \u00e0<br \/>\natividade pr\u00e1tica, obedecendo o prazo limite de postagem, conforme disposto no AVA.<br \/>\nP\u00fablico6<br \/>\n5. Todas as resolu\u00e7\u00f5es das atividades pr\u00e1ticas devem ser entregues em um ARQUIVO<br \/>\n\u00daNICO.<br \/>\n6. O trabalho deve ser enviado em formato Word ou PDF, exceto nos casos em que h\u00e1<br \/>\nformato especificado no Roteiro.<br \/>\n7. O sistema permite anexar apenas um arquivo. Caso haja mais de uma postagem, ser\u00e1<br \/>\nconsiderada a \u00faltima vers\u00e3o.<br \/>\nIMPORTANTE:<br \/>\nA entrega da atividade, de acordo com a proposta solicitada, \u00e9 um crit\u00e9rio de aprova\u00e7\u00e3o na<br \/>\ndisciplina.<br \/>\nAproveite essa oportunidade para aprofundar ainda mais seus conhecimentos.<br \/>\nBons estudos!<\/p>\n<div class=\"elementor-toggle-item\">\n<div class=\"elementor-toggle-item\">\n<div class=\"elementor-toggle-item\">\n<p id=\"elementor-tab-title-1941\" class=\"elementor-tab-title elementor-active\" tabindex=\"0\" role=\"tab\" data-tab=\"1\" aria-controls=\"elementor-tab-content-1941\" aria-expanded=\"true\" aria-selected=\"true\"><strong>Como funciona?<\/strong><\/p>\n<p>Elaboramos os portf\u00f3lios, j\u00e1 deixamos prontos, nas normas da ABNT e conforme os requisitos da universidade. F\u00e1cil assim! O MELHOR \u00c9 QUE VOC\u00ca COMPRA E J\u00c1 BAIXA NA HORA O SEU ARQUIVO EM WORD! Sabemos que conciliar trabalho, fam\u00edlia, vida profissional e estudos \u00e9 dif\u00edcil hoje em dia, por isso, estamos aqui para ajudar voc\u00ea. Conte com nossa qualidade, experi\u00eancia e profissionalismo adquirindo seu portf\u00f3lio conosco. GARANTIMOS SEU CONCEITO!<\/p>\n<p><strong>Como se realizam os envios?<\/strong><\/p>\n<\/div>\n<p id=\"elementor-tab-content-1942\" class=\"elementor-tab-content elementor-clearfix elementor-active\" role=\"tabpanel\" data-tab=\"2\" aria-labelledby=\"elementor-tab-title-1942\">O seu trabalho \u00e9 disponibilizado pronto, respondido e nas normas j\u00e1 na mesma hora aqui em nosso site na sua \u00e1rea de downloads e tamb\u00e9m no seu e-mail.<\/p>\n<p><strong>Em quanto tempo recebo o portf\u00f3lio?<\/strong><\/p>\n<p>Os envios s\u00e3o imediatos. Ap\u00f3s sua compra, o trabalho j\u00e1 \u00e9 disponibilizado instantaneamente aqui em nosso site e no seu e-mail.<\/p>\n<p><strong>E se o portf\u00f3lio que comprei precisar de corre\u00e7\u00e3o?<\/strong><\/p>\n<p>Caso haja alguma solicita\u00e7\u00e3o de corre\u00e7\u00e3o\/altera\u00e7\u00e3o por parte do tutor, basta entrar em contato conosco pelo\u00a0WhatsApp\u00a0que provid\u00eanciaremos sem custo algum.<\/p>\n<p><strong>Qual o formato do arquivo?<\/strong><\/p>\n<p>Os arquivos s\u00e3o enviados em formato Word e s\u00e3o edit\u00e1veis.<\/p>\n<p><strong>Caso eu tiver alguma d\u00favida, terei suporte no p\u00f3s venda?<\/strong><\/p>\n<p>Sim, com certeza. Basta clicar no \u00edcone do WhatsApp no cantinho da tela. Ser\u00e1 um prazer atend\u00ea-lo(a).<\/p>\n<div id=\"elementor-tab-content-1948\" class=\"elementor-tab-content elementor-clearfix elementor-active\" role=\"tabpanel\" data-tab=\"8\" aria-labelledby=\"elementor-tab-title-1948\">\n<p><strong>Quais os seus canais de contato?<\/strong><\/p>\n<\/div>\n<div id=\"elementor-tab-content-1949\" class=\"elementor-tab-content elementor-clearfix elementor-active\" role=\"tabpanel\" data-tab=\"9\" aria-labelledby=\"elementor-tab-title-1949\">\n<p>Whatsapp: 53 984751621 \u2013 Clicar no canto da tela ou ESCANEIE O QRCODE ABAIXO<\/p>\n<h4><img decoding=\"async\" class=\"alignnone wp-image-13699 jetpack-lazy-image jetpack-lazy-image--handled\" src=\"https:\/\/i0.wp.com\/portifolioos-prontos.com\/wp-content\/uploads\/2023\/02\/whatsapp-business-projeto-de-extensao-300x300.jpeg?resize=144%2C144\" sizes=\"(max-width: 144px) 100vw, 144px\" srcset=\"https:\/\/i0.wp.com\/portifolioos-prontos.com\/wp-content\/uploads\/2023\/02\/whatsapp-business-projeto-de-extensao.jpeg?resize=300%2C301&amp;ssl=1 300w, https:\/\/i0.wp.com\/portifolioos-prontos.com\/wp-content\/uploads\/2023\/02\/whatsapp-business-projeto-de-extensao.jpeg?resize=150%2C150&amp;ssl=1 150w, https:\/\/i0.wp.com\/portifolioos-prontos.com\/wp-content\/uploads\/2023\/02\/whatsapp-business-projeto-de-extensao.jpeg?resize=370%2C372&amp;ssl=1 370w, https:\/\/i0.wp.com\/portifolioos-prontos.com\/wp-content\/uploads\/2023\/02\/whatsapp-business-projeto-de-extensao.jpeg?resize=100%2C100&amp;ssl=1 100w, https:\/\/i0.wp.com\/portifolioos-prontos.com\/wp-content\/uploads\/2023\/02\/whatsapp-business-projeto-de-extensao.jpeg?w=470&amp;ssl=1 470w\" alt=\"projeto de extens\u00e3o unopar\" width=\"144\" height=\"144\" data-lazy-loaded=\"1\" \/><\/h4>\n<\/div>\n<div class=\"elementor-toggle-item\">\n<div id=\"elementor-tab-content-1949\" class=\"elementor-tab-content elementor-clearfix elementor-active\" role=\"tabpanel\" data-tab=\"9\" aria-labelledby=\"elementor-tab-title-1949\">\n<p>E-mail:portifoliosp@gmail.com<\/p>\n<div id=\"attachment_143\" class=\"wp-caption alignnone\">\n<div id=\"attachment_143\" class=\"wp-caption alignnone\">\n<p id=\"caption-attachment-143\" class=\"wp-caption-text\"><a href=\"http:\/\/portfolio-pronto.com\/\">Portf\u00f3lio<\/a>\u00a0em Word, respondido, completo e j\u00e1 nas normas<\/p>\n<\/div>\n<\/div>\n<\/div>\n<\/div>\n<\/div>\n<\/div>\n","protected":false},"excerpt":{"rendered":"<div class=\"product-short-description\">\n<div class=\"product-short-description\">\n<p><strong>Pague pelo PIX ou cart\u00e3o e fa\u00e7a o download agora mesmo.<\/strong><\/p>\n<\/div>\n<div class=\"sticky-add-to-cart-wrapper\">\n<div class=\"sticky-add-to-cart\">\n<p class=\"quantity buttons_added form-flat\"><img decoding=\"async\" class=\"lazyloaded smush-image-5 smush-image-3 smush-image-4 smush-detected-img smush-image-bigger-3\" src=\"https:\/\/d26lpennugtm8s.cloudfront.net\/assets\/common\/img\/logos\/payment\/visa@2x.png\" width=\"46\" height=\"29\" data-src=\"https:\/\/d26lpennugtm8s.cloudfront.net\/assets\/common\/img\/logos\/payment\/visa@2x.png\" \/><img decoding=\"async\" class=\"lazyloaded smush-image-6 smush-image-4 smush-image-5 smush-detected-img smush-image-bigger-4\" src=\"https:\/\/d26lpennugtm8s.cloudfront.net\/assets\/common\/img\/logos\/payment\/boleto@2x.png\" width=\"43\" height=\"27\" data-src=\"https:\/\/d26lpennugtm8s.cloudfront.net\/assets\/common\/img\/logos\/payment\/boleto@2x.png\" \/><img loading=\"lazy\" decoding=\"async\" class=\"lazyloaded smush-image-7 smush-image-5 smush-image-6 smush-detected-img smush-image-bigger-5\" src=\"https:\/\/d26lpennugtm8s.cloudfront.net\/assets\/common\/img\/logos\/payment\/mastercard@2x.png\" width=\"43\" height=\"27\" data-src=\"https:\/\/d26lpennugtm8s.cloudfront.net\/assets\/common\/img\/logos\/payment\/mastercard@2x.png\" \/><img loading=\"lazy\" decoding=\"async\" class=\"lazyloaded smush-image-8 smush-image-6 smush-image-7 smush-detected-img smush-image-bigger-6\" src=\"https:\/\/d26lpennugtm8s.cloudfront.net\/assets\/common\/img\/logos\/payment\/amex@2x.png\" width=\"43\" height=\"27\" data-src=\"https:\/\/d26lpennugtm8s.cloudfront.net\/assets\/common\/img\/logos\/payment\/amex@2x.png\" \/><img loading=\"lazy\" decoding=\"async\" class=\"lazyloaded smush-image-9 smush-image-7 smush-image-8 smush-detected-img smush-image-bigger-7\" src=\"https:\/\/d26lpennugtm8s.cloudfront.net\/assets\/common\/img\/logos\/payment\/diners@2x.png\" width=\"46\" height=\"29\" data-src=\"https:\/\/d26lpennugtm8s.cloudfront.net\/assets\/common\/img\/logos\/payment\/diners@2x.png\" \/><img loading=\"lazy\" decoding=\"async\" class=\"lazyloaded smush-image-10 smush-image-8 smush-image-9 alignnone smush-detected-img smush-image-bigger-8\" src=\"https:\/\/d26lpennugtm8s.cloudfront.net\/assets\/common\/img\/logos\/payment\/br\/elo@2x.png\" alt=\"portf\u00f3lio unopar anhanguera\" width=\"45\" height=\"28\" data-src=\"https:\/\/d26lpennugtm8s.cloudfront.net\/assets\/common\/img\/logos\/payment\/br\/elo@2x.png\" \/><img loading=\"lazy\" decoding=\"async\" class=\"lazyloaded smush-image-11 smush-image-9 smush-image-10 alignnone smush-detected-img smush-image-bigger-9\" src=\"https:\/\/d26lpennugtm8s.cloudfront.net\/assets\/common\/img\/logos\/payment\/br\/hipercard@2x.png\" alt=\"portf\u00f3lio unopar anhanguera\" width=\"44\" height=\"28\" data-src=\"https:\/\/d26lpennugtm8s.cloudfront.net\/assets\/common\/img\/logos\/payment\/br\/hipercard@2x.png\" \/><img loading=\"lazy\" decoding=\"async\" class=\"lazyloaded smush-image-12 smush-image-10 smush-image-11 alignnone smush-detected-img smush-image-bigger-10\" src=\"https:\/\/d26lpennugtm8s.cloudfront.net\/assets\/common\/img\/logos\/payment\/mercadopago@2x.png\" alt=\"portf\u00f3lio unopar anhanguera\" width=\"45\" height=\"28\" data-src=\"https:\/\/d26lpennugtm8s.cloudfront.net\/assets\/common\/img\/logos\/payment\/mercadopago@2x.png\" \/><img loading=\"lazy\" decoding=\"async\" class=\"alignnone lazyloaded smush-detected-img smush-image-bigger-11\" src=\"https:\/\/futurium.com.br\/wp-content\/uploads\/2021\/06\/logo-pix-icone-512.png\" alt=\"portfolio pronto\" width=\"30\" height=\"30\" data-src=\"https:\/\/futurium.com.br\/wp-content\/uploads\/2021\/06\/logo-pix-icone-512.png\" \/><\/p>\n<\/div>\n<\/div>\n<\/div>\n","protected":false},"featured_media":40715,"template":"","meta":{"_seopress_robots_primary_cat":"","_seopress_titles_title":"%%post_title%% %%sitetitle%%","_seopress_titles_desc":"Portf\u00f3lio %%title%% Pronto Unopar e Anhanguera. J\u00e1 nas normas ABNT, em word . Download imediato!","_seopress_robots_index":""},"product_cat":[30,121,15],"product_tag":[],"class_list":{"0":"post-40711","1":"product","2":"type-product","3":"status-publish","4":"has-post-thumbnail","6":"product_cat-farmacia","7":"product_cat-terapias-integrativas-e-complementares","8":"product_cat-uncategorized","10":"first","11":"instock","12":"downloadable","13":"virtual","14":"purchasable","15":"product-type-simple","16":"col-xs-6 col-sm-4","17":"col-mf-5","18":"un-5-cols"},"jetpack_sharing_enabled":true,"_links":{"self":[{"href":"https:\/\/portifolioos-prontos.com\/index.php\/wp-json\/wp\/v2\/product\/40711","targetHints":{"allow":["GET"]}}],"collection":[{"href":"https:\/\/portifolioos-prontos.com\/index.php\/wp-json\/wp\/v2\/product"}],"about":[{"href":"https:\/\/portifolioos-prontos.com\/index.php\/wp-json\/wp\/v2\/types\/product"}],"version-history":[{"count":1,"href":"https:\/\/portifolioos-prontos.com\/index.php\/wp-json\/wp\/v2\/product\/40711\/revisions"}],"predecessor-version":[{"id":44774,"href":"https:\/\/portifolioos-prontos.com\/index.php\/wp-json\/wp\/v2\/product\/40711\/revisions\/44774"}],"wp:featuredmedia":[{"embeddable":true,"href":"https:\/\/portifolioos-prontos.com\/index.php\/wp-json\/wp\/v2\/media\/40715"}],"wp:attachment":[{"href":"https:\/\/portifolioos-prontos.com\/index.php\/wp-json\/wp\/v2\/media?parent=40711"}],"wp:term":[{"taxonomy":"product_cat","embeddable":true,"href":"https:\/\/portifolioos-prontos.com\/index.php\/wp-json\/wp\/v2\/product_cat?post=40711"},{"taxonomy":"product_tag","embeddable":true,"href":"https:\/\/portifolioos-prontos.com\/index.php\/wp-json\/wp\/v2\/product_tag?post=40711"}],"curies":[{"name":"wp","href":"https:\/\/api.w.org\/{rel}","templated":true}]}}