{"id":40722,"date":"2025-07-26T13:23:04","date_gmt":"2025-07-26T16:23:04","guid":{"rendered":"https:\/\/portifolioos-prontos.com\/?post_type=product&#038;p=40722"},"modified":"2025-11-01T13:52:11","modified_gmt":"2025-11-01T16:52:11","slug":"aula-pratica-programacao-com-linguagem-de-marcacao","status":"publish","type":"product","link":"https:\/\/portifolioos-prontos.com\/index.php\/product\/aula-pratica-programacao-com-linguagem-de-marcacao\/","title":{"rendered":"Aula Pr\u00e1tica Programa\u00e7\u00e3o com linguagem de marca\u00e7\u00e3o"},"content":{"rendered":"<h3 class=\"Estilo1\">PROGRAMA\u00c7\u00c3O COM LINGUAGEM DE MARCA\u00c7\u00c3O<\/h3>\n<p class=\"Estilo1\">ROTEIRO DE AULA PR\u00c1TICA<\/p>\n<p class=\"Estilo1\">NOME DA DISCIPLINA: PROGRAMA\u00c7\u00c3O COM LINGUAGEM DE MARCA\u00c7\u00c3O<\/p>\n<p class=\"Estilo1\">Unidade: FUNDAMENTOS EM HTML<\/p>\n<p class=\"Estilo1\">Se\u00e7\u00e3o: Construindo formul\u00e1rios<\/p>\n<p class=\"Estilo1\">OBJETIVOS<\/p>\n<p class=\"Estilo1\">Defini\u00e7\u00e3o dos objetivos da aula pr\u00e1tica:<\/p>\n<p class=\"Estilo1\">\u2022 Compreender o conceito de formul\u00e1rios em <a href=\"http:\/\/portfolio-pronto.com\">HTML<\/a>.<\/p>\n<p class=\"Estilo1\">\u2022 Aprender a criar formul\u00e1rios em HTML e HTML5.<\/p>\n<p class=\"Estilo1\">\u2022 Familiarizar-se com os atributos da tag [form], como action e method.<\/p>\n<p class=\"Estilo1\">\u2022 Utilizar os elementos de formul\u00e1rio [input] para coletar dados do usu\u00e1rio.<\/p>\n<p class=\"Estilo1\">\u2022 Realizar uma aplica\u00e7\u00e3o pr\u00e1tica em HTML5.<\/p>\n<p class=\"Estilo1\">SOLU\u00c7\u00c3O DIGITAL<\/p>\n<p class=\"Estilo1\">\u2022 HTML5 (Software)<\/p>\n<p class=\"Estilo1\">HTML5 &#8211; \u00c9 uma linguagem de marca\u00e7\u00e3o de c\u00f3digo aberto que \u00e9 usada para criar conte\u00fado na<\/p>\n<p class=\"Estilo1\">web, como sites, jogos e aplicativos.<\/p>\n<p class=\"Estilo1\">\u2022 W3SCHOOLS TRYIT EDITOR (Software)<\/p>\n<p class=\"Estilo1\">W3Schools Tryit Editor &#8211; \u00c9 um editor online que permite testar e experimentar diferentes c\u00f3digos<\/p>\n<p class=\"Estilo1\">HTML, CSS e JavaScript diretamente no navegador.<\/p>\n<p class=\"Estilo1\">PROCEDIMENTOS PR\u00c1TICOS<\/p>\n<p class=\"Estilo1\">Procedimento\/Atividade n\u00ba 1 (Virtual)<\/p>\n<p class=\"Estilo1\">Atividade proposta:<\/p>\n<p class=\"Estilo1\">Constru\u00e7\u00e3o de Formul\u00e1rios em HTML e HTML5<\/p>\n<p class=\"Estilo1\">Procedimentos para a realiza\u00e7\u00e3o da atividade:<\/p>\n<p class=\"Estilo1\">Sugest\u00e3o de editor: Acesse o Tryit Editor no site do W3Schools:<\/p>\n<p class=\"Estilo1\">3<\/p>\n<p class=\"Estilo1\">1. Abra o seu navegador da web.<\/p>\n<p class=\"Estilo1\">2. V\u00e1 para o site oficial do W3Schools em https:\/\/www.w3schools.com\/.<\/p>\n<p class=\"Estilo1\">3. Navegue at\u00e9 a se\u00e7\u00e3o &#8220;Tryit Editor&#8221;:<\/p>\n<p class=\"Estilo1\">4. No menu superior, role o mouse sobre a guia &#8220;Try it Yourself&#8221; no canto superior direito.<\/p>\n<p class=\"Estilo1\">5. Escolha a linguagem:<\/p>\n<p class=\"Estilo1\">6. Selecione a linguagem que deseja usar: HTML, CSS ou JavaScript. Clique na linguagem<\/p>\n<p class=\"Estilo1\">desejada.<\/p>\n<p class=\"Estilo1\">7. Voc\u00ea ser\u00e1 redirecionado para a p\u00e1gina do Tryit Editor correspondente \u00e0 linguagem selecionada.<\/p>\n<p class=\"Estilo1\">8. Na p\u00e1gina do Tryit Editor, voc\u00ea ver\u00e1 tr\u00eas se\u00e7\u00f5es:<\/p>\n<p class=\"Estilo1\">\u00b7 C\u00f3digo do editor: Aqui voc\u00ea pode escrever seu c\u00f3digo HTML, CSS ou JavaScript.<\/p>\n<p class=\"Estilo1\">\u00b7 Janela de resultado: Essa \u00e1rea exibe o resultado do c\u00f3digo que voc\u00ea escreveu.<\/p>\n<p class=\"Estilo1\">\u00b7 Console (opcional): Na parte inferior da p\u00e1gina, voc\u00ea pode ativar a guia &#8220;Console&#8221; para ver<\/p>\n<p class=\"Estilo1\">mensagens de depura\u00e7\u00e3o do JavaScript.<\/p>\n<p class=\"Estilo1\">Passo 1: Introdu\u00e7\u00e3o<\/p>\n<p class=\"Estilo1\">\u00b7 Apresente uma breve introdu\u00e7\u00e3o sobre a import\u00e2ncia dos formul\u00e1rios em websites.<\/p>\n<p class=\"Estilo1\">\u00b7 Explique a diferen\u00e7a entre HTML e HTML5.<\/p>\n<p class=\"Estilo1\">\u00b7 Contextualize a atividade e seus objetivos.<\/p>\n<p class=\"Estilo1\">Passo 2: Criando um Formul\u00e1rio Simples (15 minutos)<\/p>\n<p class=\"Estilo1\">\u00b7 Crie um documento HTML em branco.<\/p>\n<p class=\"Estilo1\">\u00b7 Dentro do &lt;body&gt;, crie uma tag &lt;form&gt; com os atributos action e method.<\/p>\n<p class=\"Estilo1\">\u00b7 Explique que o atributo action define para onde os dados do formul\u00e1rio ser\u00e3o enviados e que o<\/p>\n<p class=\"Estilo1\">method define como os dados ser\u00e3o enviados (GET ou POST).<\/p>\n<p class=\"Estilo1\">Passo 3: Elementos de Formul\u00e1rio<\/p>\n<p class=\"Estilo1\">Dentro do &lt;form&gt;, adicione os seguintes elementos de formul\u00e1rio: campo de texto (&lt;input<\/p>\n<p class=\"Estilo1\">4<\/p>\n<p class=\"Estilo1\">type=&#8221;text&#8221;&gt;), bot\u00e3o de envio (&lt;input type=&#8221;submit&#8221;&gt;), e bot\u00e3o de limpar (&lt;input type=&#8221;reset&gt;).<\/p>\n<p class=\"Estilo1\">Passo 4: Estiliza\u00e7\u00e3o e Layout<\/p>\n<p class=\"Estilo1\">\u00b7 Adicione algum CSS para melhorar o visual do formul\u00e1rio (opcional).<\/p>\n<p class=\"Estilo1\">\u00b7 Explique como o CSS pode ser usado para personalizar a apar\u00eancia dos formul\u00e1rios.<\/p>\n<p class=\"Estilo1\">Passo 5: HTML5 e Novos Tipos de Campo<\/p>\n<p class=\"Estilo1\">\u00b7 Introduza os novos tipos de campo HTML5, como email, tel e date.<\/p>\n<p class=\"Estilo1\">\u00b7 Mostre como utiliz\u00e1-los no formul\u00e1rio.<\/p>\n<p class=\"Estilo1\">Checklist:<\/p>\n<p class=\"Estilo1\">\u2022 Criou um [form] com os atributos action e method.<\/p>\n<p class=\"Estilo1\">\u2022 Incluiu elementos de formul\u00e1rio, como [input] para coleta de dados.<\/p>\n<p class=\"Estilo1\">\u2022 Utilizou atributos name para identificar os campos do formul\u00e1rio.<\/p>\n<p class=\"Estilo1\">\u2022 Aplicou estilos CSS para melhorar o layout (opcional).<\/p>\n<p class=\"Estilo1\">\u2022 Utilizou elementos de formul\u00e1rio HTML5, se apropriado.<\/p>\n<p class=\"Estilo1\">RESULTADOS<\/p>\n<p class=\"Estilo1\">Resultados de Aprendizagem:<\/p>\n<p class=\"Estilo1\">Ser capazes de criar formul\u00e1rios em HTML e HTML5, compreender os atributos da tag [form],<\/p>\n<p class=\"Estilo1\">5<\/p>\n<p class=\"Estilo1\">bem como saber como estiliz\u00e1-los com CSS. Eles tamb\u00e9m dever\u00e3o estar familiarizados com os<\/p>\n<p class=\"Estilo1\">novos tipos de campo HTML5 e como us\u00e1-los para coletar informa\u00e7\u00f5es espec\u00edficas dos usu\u00e1rios.<\/p>\n<p class=\"Estilo1\">Unidade: 3<\/p>\n<p class=\"Estilo1\">Se\u00e7\u00e3o: 4<\/p>\n<p class=\"Estilo1\">PROGRAMA\u00c7\u00c3O COM LINGUAGEM DE MARCA\u00c7\u00c3O<\/p>\n<p class=\"Estilo1\">Roteiro<\/p>\n<p class=\"Estilo1\">Aula Pr\u00e1tica<\/p>\n<p class=\"Estilo1\">2<\/p>\n<p class=\"Estilo1\">ROTEIRO DE AULA PR\u00c1TICA<\/p>\n<p class=\"Estilo1\">NOME DA DISCIPLINA: PROGRAMA\u00c7\u00c3O COM LINGUAGEM DE MARCA\u00c7\u00c3O<\/p>\n<p class=\"Estilo1\">Unidade: T\u00c9CNICAS E APLICA\u00c7\u00d5ES DE HTML E CSS<\/p>\n<p class=\"Estilo1\">Se\u00e7\u00e3o: Desenvolvendo com box model<\/p>\n<p class=\"Estilo1\">OBJETIVOS<\/p>\n<p class=\"Estilo1\">Defini\u00e7\u00e3o dos objetivos da aula pr\u00e1tica:<\/p>\n<p class=\"Estilo1\">\u2022 Compreender o conceito de formul\u00e1rios em HTML.<\/p>\n<p class=\"Estilo1\">\u2022 Aprender a criar formul\u00e1rios em HTML e HTML5.<\/p>\n<p class=\"Estilo1\">\u2022 Familiarizar-se com os atributos da tag [form], como action e method.<\/p>\n<p class=\"Estilo1\">\u2022 Utilizar os elementos de formul\u00e1rio [input] para coletar dados do usu\u00e1rio.<\/p>\n<p class=\"Estilo1\">\u2022 Realizar uma aplica\u00e7\u00e3o pr\u00e1tica em HTML5.<\/p>\n<p class=\"Estilo1\">SOLU\u00c7\u00c3O DIGITAL<\/p>\n<p class=\"Estilo1\">\u2022 HTML5 (Software)<\/p>\n<p class=\"Estilo1\">HTML5 &#8211; \u00c9 uma linguagem de marca\u00e7\u00e3o de c\u00f3digo aberto que \u00e9 usada para criar conte\u00fado na<\/p>\n<p class=\"Estilo1\">web, como sites, jogos e aplicativos.<\/p>\n<p class=\"Estilo1\">\u2022 W3SCHOOLS TRYIT EDITOR (Software)<\/p>\n<p class=\"Estilo1\">W3Schools Tryit Editor &#8211; \u00c9 um editor online que permite testar e experimentar diferentes c\u00f3digos<\/p>\n<p class=\"Estilo1\">HTML, CSS e JavaScript diretamente no navegador.<\/p>\n<p class=\"Estilo1\">PROCEDIMENTOS PR\u00c1TICOS<\/p>\n<p class=\"Estilo1\">Procedimento\/Atividade n\u00ba 1 (Virtual)<\/p>\n<p class=\"Estilo1\">Atividade proposta:<\/p>\n<p class=\"Estilo1\">Criar um projeto simples utilizando HTML e CSS, seguindo o conceito do Box Model. O Box<\/p>\n<p class=\"Estilo1\">Model \u00e9 uma parte fundamental do desenvolvimento web, que define como os elementos HTML<\/p>\n<p class=\"Estilo1\">s\u00e3o renderizados com suas margens, bordas, preenchimento e conte\u00fado.<\/p>\n<p class=\"Estilo1\">Procedimentos para a realiza\u00e7\u00e3o da atividade:<\/p>\n<p class=\"Estilo1\">3<\/p>\n<p class=\"Estilo1\">Passo 1: Crie o Projeto (HTML) no W3Schools Tryit Editor<\/p>\n<p class=\"Estilo1\">\u00b7 Abra seu navegador e acesse o W3Schools Tryit Editor em<\/p>\n<p class=\"Estilo1\">https:\/\/www.w3schools.com\/html\/tryit.asp.<\/p>\n<p class=\"Estilo1\">\u00b7 Voc\u00ea ver\u00e1 uma tela dividida em duas partes: \u00e0 esquerda, o editor de c\u00f3digo HTML, e \u00e0 direita, a<\/p>\n<p class=\"Estilo1\">visualiza\u00e7\u00e3o da p\u00e1gina.<\/p>\n<p class=\"Estilo1\">Passo 2: Estrutura HTML<\/p>\n<p class=\"Estilo1\">\u00b7 No editor de c\u00f3digo \u00e0 esquerda, crie a estrutura HTML b\u00e1sica:<\/p>\n<p class=\"Estilo1\">O c\u00f3digo acima cria um documento HTML com uma &lt;div&gt; que ser\u00e1 estilizada com CSS. O<\/p>\n<p class=\"Estilo1\">arquivo de estilo (style.css) ser\u00e1 importado no &lt;head&gt;.<\/p>\n<p class=\"Estilo1\">Passo 3: Estilize com CSS<\/p>\n<p class=\"Estilo1\">Agora, crie o arquivo de estilo. Clique no bot\u00e3o &#8220;New Pen&#8221; acima do editor HTML \u00e0 esquerda.<\/p>\n<p class=\"Estilo1\">Insira o c\u00f3digo CSS no novo painel.<\/p>\n<p class=\"Estilo1\">Aplique os estilos CSS para a classe .box com base no Diagrama de Box Model desejado. O<\/p>\n<p class=\"Estilo1\">exemplo abaixo define uma caixa com tamanho, preenchimento, borda e margem:<\/p>\n<p class=\"Estilo1\">Passo 4: Visualiza\u00e7\u00e3o do Projeto<\/p>\n<p class=\"Estilo1\">\u00b7 Volte ao editor HTML \u00e0 esquerda e clique no bot\u00e3o &#8220;Run&#8221; para ver a visualiza\u00e7\u00e3o do projeto na<\/p>\n<p class=\"Estilo1\">4<\/p>\n<p class=\"Estilo1\">janela \u00e0 direita.<\/p>\n<p class=\"Estilo1\">\u00b7 Voc\u00ea deve ver a caixa estilizada com base no Box Model definido nos estilos CSS.<\/p>\n<p class=\"Estilo1\">Checklist:<\/p>\n<p class=\"Estilo1\">\u2022 Criou a estrutura HTML b\u00e1sica.<\/p>\n<p class=\"Estilo1\">\u2022 Criou o arquivo de estilo CSS.<\/p>\n<p class=\"Estilo1\">\u2022 Aplicou estilos para replicar o Diagrama de Box Model.<\/p>\n<p class=\"Estilo1\">\u2022 Verificou o resultado no Tryit Editor.<\/p>\n<p class=\"Estilo1\">RESULTADOS<\/p>\n<p class=\"Estilo1\">Resultados de Aprendizagem:<\/p>\n<p class=\"Estilo1\">Compreender o conceito do Box Model em HTML e CSS, ser capaz de criar layouts com<\/p>\n<p class=\"Estilo1\">autonomia e replicar um Diagrama de Box Model no Tryit Editor do W3Schools. Esta atividade<\/p>\n<p class=\"Estilo1\">visa fortalecer suas habilidades de desenvolvimento web e compreens\u00e3o do Box Model como<\/p>\n<p class=\"Estilo1\">parte fundamental do design de p\u00e1ginas da web.<\/p>\n<p class=\"Estilo1\">NORMAS PARA ELABORA\u00c7\u00c3O E ENTREGA DO RELAT\u00d3RIO DE ATIVIDADE PR\u00c1TICA<\/p>\n<p class=\"Estilo1\">Ol\u00e1, estudante. Tudo bem?<\/p>\n<p class=\"Estilo1\">As atividades pr\u00e1ticas visam desenvolver compet\u00eancias para a atua\u00e7\u00e3o profissional. Elas s\u00e3o<\/p>\n<p class=\"Estilo1\">importantes para que voc\u00ea vivencie situa\u00e7\u00f5es que te preparar\u00e3o para o mercado de trabalho.<\/p>\n<p class=\"Estilo1\">Por isso, trazemos informa\u00e7\u00f5es para que voc\u00ea possa realizar as atividades propostas com \u00eaxito.<\/p>\n<p class=\"Estilo1\">1. Que atividade dever\u00e1 ser feita?<\/p>\n<p class=\"Estilo1\">\u2022 A(s) atividades a ser(em) realizada(s) est\u00e3o descritas no Roteiro de Atividade Pr\u00e1tica,<\/p>\n<p class=\"Estilo1\">dispon\u00edvel no AVA.<\/p>\n<p class=\"Estilo1\">\u2022 Ap\u00f3s a leitura do Roteiro, voc\u00ea dever\u00e1 realizar a(s) atividade(s) pr\u00e1tica(s) solicitadas e<\/p>\n<p class=\"Estilo1\">elaborar um documento \u00daNICO contendo todas as resolu\u00e7\u00f5es de acordo com a proposta<\/p>\n<p class=\"Estilo1\">estabelecida.<\/p>\n<p class=\"Estilo1\">\u2022 O trabalho deve ser aut\u00eantico e contemplar todas as resolu\u00e7\u00f5es das atividades<\/p>\n<p class=\"Estilo1\">propostas. N\u00e3o ser\u00e3o aceitos trabalhos com reprodu\u00e7\u00e3o de materiais extra\u00eddos da<\/p>\n<p class=\"Estilo1\">internet.<\/p>\n<p class=\"Estilo1\">2. Como farei a entrega dessa atividade?<\/p>\n<p class=\"Estilo1\">\u2022 Voc\u00ea dever\u00e1 postar seu trabalho final no AVA, na pasta espec\u00edfica relacionada \u00e0 atividade<\/p>\n<p class=\"Estilo1\">pr\u00e1tica, obedecendo o prazo limite de postagem, conforme disposto no AVA.<\/p>\n<p class=\"Estilo1\">\u2022 Todas as resolu\u00e7\u00f5es das atividades pr\u00e1ticas devem ser entregues em um ARQUIVO<\/p>\n<p class=\"Estilo1\">\u00daNICO de at\u00e9 10 MB.<\/p>\n<p class=\"Estilo1\">\u2022 O trabalho deve ser enviado em formato Word ou PDF, exceto nos casos em que h\u00e1<\/p>\n<p class=\"Estilo1\">formato especificado no Roteiro.<\/p>\n<p class=\"Estilo1\">\u2022 O sistema permite anexar apenas um arquivo. Caso haja mais de uma postagem, ser\u00e1<\/p>\n<p class=\"Estilo1\">considerada a \u00faltima vers\u00e3o.<\/p>\n<p class=\"Estilo1\">IMPORTANTE:<\/p>\n<p class=\"Estilo1\">\u2022 A entrega da atividade, de acordo com a proposta solicitada, \u00e9 um crit\u00e9rio de aprova\u00e7\u00e3o<\/p>\n<p class=\"Estilo1\">na disciplina.<\/p>\n<p class=\"Estilo1\">\u2022 N\u00e3o h\u00e1 prorroga\u00e7\u00e3o para a postagem da atividade.<\/p>\n<p class=\"Estilo1\">Aproveite essa oportunidade para aprofundar ainda mais seus conhecimentos.<\/p>\n<p class=\"Estilo1\">Bons estudos!<\/p>\n<div class=\"elementor-toggle-item\">\n<div class=\"elementor-toggle-item\">\n<p id=\"elementor-tab-title-1941\" class=\"elementor-tab-title elementor-active\" tabindex=\"0\" role=\"tab\" data-tab=\"1\" aria-controls=\"elementor-tab-content-1941\" aria-expanded=\"true\" aria-selected=\"true\"><strong>Como funciona?<\/strong><\/p>\n<p>Elaboramos os portf\u00f3lios, j\u00e1 deixamos prontos, nas normas da ABNT e conforme os requisitos da universidade. F\u00e1cil assim! O MELHOR \u00c9 QUE VOC\u00ca COMPRA E J\u00c1 BAIXA NA HORA O SEU ARQUIVO EM WORD! Sabemos que conciliar trabalho, fam\u00edlia, vida profissional e estudos \u00e9 dif\u00edcil hoje em dia, por isso, estamos aqui para ajudar voc\u00ea. Conte com nossa qualidade, experi\u00eancia e profissionalismo adquirindo seu portf\u00f3lio conosco. GARANTIMOS SEU CONCEITO!<\/p>\n<p><strong>Como se realizam os envios?<\/strong><\/p>\n<\/div>\n<p id=\"elementor-tab-content-1942\" class=\"elementor-tab-content elementor-clearfix elementor-active\" role=\"tabpanel\" data-tab=\"2\" aria-labelledby=\"elementor-tab-title-1942\">O seu trabalho \u00e9 disponibilizado pronto, respondido e nas normas j\u00e1 na mesma hora aqui em nosso site na sua \u00e1rea de downloads e tamb\u00e9m no seu e-mail.<\/p>\n<p><strong>Em quanto tempo recebo o portf\u00f3lio?<\/strong><\/p>\n<p>Os envios s\u00e3o imediatos. Ap\u00f3s sua compra, o trabalho j\u00e1 \u00e9 disponibilizado instantaneamente aqui em nosso site e no seu e-mail.<\/p>\n<p><strong>E se o portf\u00f3lio que comprei precisar de corre\u00e7\u00e3o?<\/strong><\/p>\n<p>Caso haja alguma solicita\u00e7\u00e3o de corre\u00e7\u00e3o\/altera\u00e7\u00e3o por parte do tutor, basta entrar em contato conosco pelo\u00a0WhatsApp\u00a0que provid\u00eanciaremos sem custo algum.<\/p>\n<p><strong>Qual o formato do arquivo?<\/strong><\/p>\n<p>Os arquivos s\u00e3o enviados em formato Word e s\u00e3o edit\u00e1veis.<\/p>\n<p><strong>Caso eu tiver alguma d\u00favida, terei suporte no p\u00f3s venda?<\/strong><\/p>\n<p>Sim, com certeza. Basta clicar no \u00edcone do WhatsApp no cantinho da tela. Ser\u00e1 um prazer atend\u00ea-lo(a).<\/p>\n<div id=\"elementor-tab-content-1948\" class=\"elementor-tab-content elementor-clearfix elementor-active\" role=\"tabpanel\" data-tab=\"8\" aria-labelledby=\"elementor-tab-title-1948\">\n<p><strong>Quais os seus canais de contato?<\/strong><\/p>\n<\/div>\n<div id=\"elementor-tab-content-1949\" class=\"elementor-tab-content elementor-clearfix elementor-active\" role=\"tabpanel\" data-tab=\"9\" aria-labelledby=\"elementor-tab-title-1949\">\n<p>Whatsapp: 53 984751621 \u2013 Clicar no canto da tela ou ESCANEIE O QRCODE ABAIXO<\/p>\n<h4><img decoding=\"async\" class=\"alignnone wp-image-13699 jetpack-lazy-image jetpack-lazy-image--handled\" src=\"https:\/\/i0.wp.com\/portifolioos-prontos.com\/wp-content\/uploads\/2023\/02\/whatsapp-business-projeto-de-extensao-300x300.jpeg?resize=144%2C144\" sizes=\"(max-width: 144px) 100vw, 144px\" srcset=\"https:\/\/i0.wp.com\/portifolioos-prontos.com\/wp-content\/uploads\/2023\/02\/whatsapp-business-projeto-de-extensao.jpeg?resize=300%2C301&amp;ssl=1 300w, https:\/\/i0.wp.com\/portifolioos-prontos.com\/wp-content\/uploads\/2023\/02\/whatsapp-business-projeto-de-extensao.jpeg?resize=150%2C150&amp;ssl=1 150w, https:\/\/i0.wp.com\/portifolioos-prontos.com\/wp-content\/uploads\/2023\/02\/whatsapp-business-projeto-de-extensao.jpeg?resize=370%2C372&amp;ssl=1 370w, https:\/\/i0.wp.com\/portifolioos-prontos.com\/wp-content\/uploads\/2023\/02\/whatsapp-business-projeto-de-extensao.jpeg?resize=100%2C100&amp;ssl=1 100w, https:\/\/i0.wp.com\/portifolioos-prontos.com\/wp-content\/uploads\/2023\/02\/whatsapp-business-projeto-de-extensao.jpeg?w=470&amp;ssl=1 470w\" alt=\"projeto de extens\u00e3o unopar\" width=\"144\" height=\"144\" data-lazy-loaded=\"1\" \/><\/h4>\n<\/div>\n<div class=\"elementor-toggle-item\">\n<div id=\"elementor-tab-content-1949\" class=\"elementor-tab-content elementor-clearfix elementor-active\" role=\"tabpanel\" data-tab=\"9\" aria-labelledby=\"elementor-tab-title-1949\">\n<p>E-mail:portifoliosp@gmail.com<\/p>\n<div id=\"attachment_143\" class=\"wp-caption alignnone\">\n<div id=\"attachment_143\" class=\"wp-caption alignnone\">\n<p id=\"caption-attachment-143\" class=\"wp-caption-text\"><a href=\"http:\/\/portfolio-pronto.com\/\">Portf\u00f3lio<\/a>\u00a0em Word, respondido, completo e j\u00e1 nas normas<\/p>\n<\/div>\n<\/div>\n<\/div>\n<\/div>\n<\/div>\n","protected":false},"excerpt":{"rendered":"<div class=\"product-short-description\">\n<div class=\"product-short-description\">\n<p><strong>Pague pelo PIX ou cart\u00e3o e fa\u00e7a o download agora mesmo.<\/strong><\/p>\n<\/div>\n<div class=\"sticky-add-to-cart-wrapper\">\n<div class=\"sticky-add-to-cart\">\n<p class=\"quantity buttons_added form-flat\"><img decoding=\"async\" class=\"lazyloaded smush-image-5 smush-image-3 smush-image-4 smush-detected-img smush-image-bigger-3\" src=\"https:\/\/d26lpennugtm8s.cloudfront.net\/assets\/common\/img\/logos\/payment\/visa@2x.png\" width=\"46\" height=\"29\" data-src=\"https:\/\/d26lpennugtm8s.cloudfront.net\/assets\/common\/img\/logos\/payment\/visa@2x.png\" \/><img decoding=\"async\" class=\"lazyloaded smush-image-6 smush-image-4 smush-image-5 smush-detected-img smush-image-bigger-4\" src=\"https:\/\/d26lpennugtm8s.cloudfront.net\/assets\/common\/img\/logos\/payment\/boleto@2x.png\" width=\"43\" height=\"27\" data-src=\"https:\/\/d26lpennugtm8s.cloudfront.net\/assets\/common\/img\/logos\/payment\/boleto@2x.png\" \/><img loading=\"lazy\" decoding=\"async\" class=\"lazyloaded smush-image-7 smush-image-5 smush-image-6 smush-detected-img smush-image-bigger-5\" src=\"https:\/\/d26lpennugtm8s.cloudfront.net\/assets\/common\/img\/logos\/payment\/mastercard@2x.png\" width=\"43\" height=\"27\" data-src=\"https:\/\/d26lpennugtm8s.cloudfront.net\/assets\/common\/img\/logos\/payment\/mastercard@2x.png\" \/><img loading=\"lazy\" decoding=\"async\" class=\"lazyloaded smush-image-8 smush-image-6 smush-image-7 smush-detected-img smush-image-bigger-6\" src=\"https:\/\/d26lpennugtm8s.cloudfront.net\/assets\/common\/img\/logos\/payment\/amex@2x.png\" width=\"43\" height=\"27\" data-src=\"https:\/\/d26lpennugtm8s.cloudfront.net\/assets\/common\/img\/logos\/payment\/amex@2x.png\" \/><img loading=\"lazy\" decoding=\"async\" class=\"lazyloaded smush-image-9 smush-image-7 smush-image-8 smush-detected-img smush-image-bigger-7\" src=\"https:\/\/d26lpennugtm8s.cloudfront.net\/assets\/common\/img\/logos\/payment\/diners@2x.png\" width=\"46\" height=\"29\" data-src=\"https:\/\/d26lpennugtm8s.cloudfront.net\/assets\/common\/img\/logos\/payment\/diners@2x.png\" \/><img loading=\"lazy\" decoding=\"async\" class=\"lazyloaded smush-image-10 smush-image-8 smush-image-9 alignnone smush-detected-img smush-image-bigger-8\" src=\"https:\/\/d26lpennugtm8s.cloudfront.net\/assets\/common\/img\/logos\/payment\/br\/elo@2x.png\" alt=\"portf\u00f3lio unopar anhanguera\" width=\"45\" height=\"28\" data-src=\"https:\/\/d26lpennugtm8s.cloudfront.net\/assets\/common\/img\/logos\/payment\/br\/elo@2x.png\" \/><img loading=\"lazy\" decoding=\"async\" class=\"lazyloaded smush-image-11 smush-image-9 smush-image-10 alignnone smush-detected-img smush-image-bigger-9\" src=\"https:\/\/d26lpennugtm8s.cloudfront.net\/assets\/common\/img\/logos\/payment\/br\/hipercard@2x.png\" alt=\"portf\u00f3lio unopar anhanguera\" width=\"44\" height=\"28\" data-src=\"https:\/\/d26lpennugtm8s.cloudfront.net\/assets\/common\/img\/logos\/payment\/br\/hipercard@2x.png\" \/><img loading=\"lazy\" decoding=\"async\" class=\"lazyloaded smush-image-12 smush-image-10 smush-image-11 alignnone smush-detected-img smush-image-bigger-10\" src=\"https:\/\/d26lpennugtm8s.cloudfront.net\/assets\/common\/img\/logos\/payment\/mercadopago@2x.png\" alt=\"portf\u00f3lio unopar anhanguera\" width=\"45\" height=\"28\" data-src=\"https:\/\/d26lpennugtm8s.cloudfront.net\/assets\/common\/img\/logos\/payment\/mercadopago@2x.png\" \/><img loading=\"lazy\" decoding=\"async\" class=\"alignnone lazyloaded smush-detected-img smush-image-bigger-11\" src=\"https:\/\/futurium.com.br\/wp-content\/uploads\/2021\/06\/logo-pix-icone-512.png\" alt=\"portfolio pronto\" width=\"30\" height=\"30\" data-src=\"https:\/\/futurium.com.br\/wp-content\/uploads\/2021\/06\/logo-pix-icone-512.png\" \/><\/p>\n<\/div>\n<\/div>\n<\/div>\n","protected":false},"featured_media":40725,"template":"","meta":{"_seopress_robots_primary_cat":"","_seopress_titles_title":"%%post_title%% %%sitetitle%%","_seopress_titles_desc":"Portf\u00f3lio %%title%% Pronto Unopar e Anhanguera. J\u00e1 nas normas ABNT, em word . Download imediato!","_seopress_robots_index":""},"product_cat":[15],"product_tag":[],"class_list":{"0":"post-40722","1":"product","2":"type-product","3":"status-publish","4":"has-post-thumbnail","6":"product_cat-uncategorized","8":"first","9":"instock","10":"downloadable","11":"virtual","12":"purchasable","13":"product-type-simple","14":"col-xs-6 col-sm-4","15":"col-mf-5","16":"un-5-cols"},"jetpack_sharing_enabled":true,"_links":{"self":[{"href":"https:\/\/portifolioos-prontos.com\/index.php\/wp-json\/wp\/v2\/product\/40722","targetHints":{"allow":["GET"]}}],"collection":[{"href":"https:\/\/portifolioos-prontos.com\/index.php\/wp-json\/wp\/v2\/product"}],"about":[{"href":"https:\/\/portifolioos-prontos.com\/index.php\/wp-json\/wp\/v2\/types\/product"}],"version-history":[{"count":1,"href":"https:\/\/portifolioos-prontos.com\/index.php\/wp-json\/wp\/v2\/product\/40722\/revisions"}],"predecessor-version":[{"id":47790,"href":"https:\/\/portifolioos-prontos.com\/index.php\/wp-json\/wp\/v2\/product\/40722\/revisions\/47790"}],"wp:featuredmedia":[{"embeddable":true,"href":"https:\/\/portifolioos-prontos.com\/index.php\/wp-json\/wp\/v2\/media\/40725"}],"wp:attachment":[{"href":"https:\/\/portifolioos-prontos.com\/index.php\/wp-json\/wp\/v2\/media?parent=40722"}],"wp:term":[{"taxonomy":"product_cat","embeddable":true,"href":"https:\/\/portifolioos-prontos.com\/index.php\/wp-json\/wp\/v2\/product_cat?post=40722"},{"taxonomy":"product_tag","embeddable":true,"href":"https:\/\/portifolioos-prontos.com\/index.php\/wp-json\/wp\/v2\/product_tag?post=40722"}],"curies":[{"name":"wp","href":"https:\/\/api.w.org\/{rel}","templated":true}]}}