{"id":40751,"date":"2025-07-26T14:04:34","date_gmt":"2025-07-26T17:04:34","guid":{"rendered":"https:\/\/portifolioos-prontos.com\/?post_type=product&#038;p=40751"},"modified":"2025-10-26T22:46:20","modified_gmt":"2025-10-27T01:46:20","slug":"aula-pratica-criacao-publicitaria","status":"publish","type":"product","link":"https:\/\/portifolioos-prontos.com\/index.php\/product\/aula-pratica-criacao-publicitaria\/","title":{"rendered":"Aula Pr\u00e1tica Cria\u00e7\u00e3o Publicit\u00e1ria"},"content":{"rendered":"<h3>Portf\u00f3lio Aula Pr\u00e1tica Cria\u00e7\u00e3o Publicit\u00e1ria<\/h3>\n<p class=\"Estilo1\">OBJETIVOS<\/p>\n<p class=\"Estilo1\">A proposta desta atividade pr\u00e1tica est\u00e1 amparada nos seguintes objetivos:<\/p>\n<p class=\"Estilo1\">\u2022 refletir sobre a import\u00e2ncia do repert\u00f3rio cultural no exerc\u00edcio da criatividade;<\/p>\n<p class=\"Estilo1\">\u2022 examinar as refer\u00eancias empregadas em obras art\u00edsticas; e<\/p>\n<p class=\"Estilo1\">\u2022 reconhecer possibilidades de aplica\u00e7\u00e3o e transforma\u00e7\u00e3o do repert\u00f3rio cultural<\/p>\n<p class=\"Estilo1\">pessoal na cria\u00e7\u00e3o publicit\u00e1ria.<\/p>\n<p class=\"Estilo1\">RECURSOS<\/p>\n<p class=\"Estilo1\">Computador com acesso \u00e0 internet e ao ambiente virtual.<\/p>\n<p class=\"Estilo1\">PROCEDIMENTOS PR\u00c1TICOS<\/p>\n<p class=\"Estilo1\">Atividade proposta<\/p>\n<p class=\"Estilo1\">Cria\u00e7\u00e3o de um banner para o Instagram a partir do repert\u00f3rio cultural pessoal, com<\/p>\n<p class=\"Estilo1\">apontamento das refer\u00eancias empregadas e de como foram reapropriadas no banner.<\/p>\n<p class=\"Estilo1\">Procedimentos para a realiza\u00e7\u00e3o da atividade<\/p>\n<p class=\"Estilo1\">1) Observe as imagens a seguir:<\/p>\n<p class=\"Estilo1\">Fonte: http:\/\/www.thegeektwins.com\/2015\/01\/star-wars-vs-hidden-fortressvisual.<\/p>\n<p class=\"Estilo1\">html<\/p>\n<p class=\"Estilo1\">A primeira imagem pertence ao cl\u00e1ssico filme japon\u00eas A Fortaleza Escondida, do<\/p>\n<p class=\"Estilo1\">diretor Akira Kurosawa, lan\u00e7ado em 1958, j\u00e1 a segunda imagem pertence ao filme<\/p>\n<p class=\"Estilo1\">Star Wars: Epis\u00f3dio IV \u2013 Uma Nova Esperan\u00e7a, de 1977, criado e dirigido por<\/p>\n<p class=\"Estilo1\">George Lucas; a semelhan\u00e7a entre elas n\u00e3o \u00e9 casual. H\u00e1 diversos elementos, tanto<\/p>\n<p class=\"Estilo1\">narrativos quanto visuais no filme de George Lucas que fazem clara refer\u00eancia ao<\/p>\n<p class=\"Estilo1\">filme de 1958. Isso n\u00e3o significa que Lucas tenha puramente copiado Kurosawa,<\/p>\n<p class=\"Estilo1\">afinal, pl\u00e1gio \u00e9 crime. O diretor estadunidense se inspirou no filme japon\u00eas para criar<\/p>\n<p class=\"Estilo1\">outra obra, uma que possui, al\u00e9m das semelhan\u00e7as, tamb\u00e9m muitas caracter\u00edsticas<\/p>\n<p class=\"Estilo1\">particulares e originais que lhe valeram o reconhecimento enquanto trabalho criativo<\/p>\n<p class=\"Estilo1\">por si s\u00f3. Sendo assim, podemos dizer que A Fortaleza Escondida faz parte do<\/p>\n<p class=\"Estilo1\">repert\u00f3rio cultural que Lucas empregou em sua cria\u00e7\u00e3o conjuntamente a uma s\u00e9rie<\/p>\n<p class=\"Estilo1\">de outras refer\u00eancias, tanto culturais, art\u00edsticas e hist\u00f3ricas, quanto de suas<\/p>\n<p class=\"Estilo1\">experi\u00eancias e de seus conhecimentos pessoais. Essa \u00e9 uma parte fundamental do<\/p>\n<p class=\"Estilo1\">processo criativo, afinal, a cria\u00e7\u00e3o n\u00e3o surge a partir do v\u00e1cuo, mas de um trabalho<\/p>\n<p class=\"Estilo1\">de recria\u00e7\u00e3o de um repert\u00f3rio particular. A originalidade se encontra, ent\u00e3o, n\u00e3o no<\/p>\n<p class=\"Estilo1\">absolutamente novo, mas nos modos inovadores com que essas refer\u00eancias s\u00e3o<\/p>\n<p class=\"Estilo1\">correlacionadas e transformadas a partir das m\u00faltiplas perspectivas de cada autor.<\/p>\n<p class=\"Estilo1\">Outro exemplo que podemos levantar, um muito mais recente, \u00e9 o da cantora<\/p>\n<p class=\"Estilo1\">brasileira Anitta, a qual utilizou como estrat\u00e9gia publicit\u00e1ria para o trabalho Boys<\/p>\n<p class=\"Estilo1\">don\u2019t cry a divulga\u00e7\u00e3o de refer\u00eancias empregadas na cria\u00e7\u00e3o de seu videoclipe.<\/p>\n<p class=\"Estilo1\">Observe, a seguir, algumas compara\u00e7\u00f5es:<\/p>\n<p class=\"Estilo1\">Fonte: Reprodu\u00e7\u00e3o (do lado esquerdo, Harry Potter e Beetlejuice; do lado direito,<\/p>\n<p class=\"Estilo1\">Boys don\u2019t cry)<\/p>\n<p class=\"Estilo1\">Como podemos ver, as refer\u00eancias s\u00e3o expl\u00edcitas, mas h\u00e1 uma s\u00e9rie de<\/p>\n<p class=\"Estilo1\">modifica\u00e7\u00f5es em rela\u00e7\u00e3o aos originais. Voc\u00ea consegue perceber essas diferen\u00e7as?<\/p>\n<p class=\"Estilo1\">Algumas delas est\u00e3o na caracteriza\u00e7\u00e3o das personagens, outras no cen\u00e1rio, na<\/p>\n<p class=\"Estilo1\">atmosfera, no tipo de humor transmitido. Al\u00e9m disso, o pr\u00f3prio fato de que essas<\/p>\n<p class=\"Estilo1\">refer\u00eancias, juntamente a uma s\u00e9rie de outras, foram costuradas em um g\u00eanero e<\/p>\n<p class=\"Estilo1\">em uma sequ\u00eancia narrativa, um storytelling, diferentes das inspira\u00e7\u00f5es, contribui<\/p>\n<p class=\"Estilo1\">para que o videoclipe da cantora se constitua em uma obra original. Tendo por base<\/p>\n<p class=\"Estilo1\">essas ideias, reflita sobre a import\u00e2ncia do repert\u00f3rio cultural no exerc\u00edcio da<\/p>\n<p class=\"Estilo1\">criatividade. Quais os benef\u00edcios da posse de um amplo repert\u00f3rio e da consci\u00eancia<\/p>\n<p class=\"Estilo1\">das pr\u00f3prias refer\u00eancias para algu\u00e9m que trabalha com cria\u00e7\u00e3o?<\/p>\n<p class=\"Estilo1\">2) Pensando nisso, voc\u00ea dever\u00e1 realizar uma sondagem e em seguida escolher entre<\/p>\n<p class=\"Estilo1\">2 (duas) e 5 (cinco) pe\u00e7as criativas do seu interesse (pode ser filme, s\u00e9rie, novela,<\/p>\n<p class=\"Estilo1\">pintura, literatura, m\u00fasica, videoclipe, campanha publicit\u00e1ria etc.) e investigar as<\/p>\n<p class=\"Estilo1\">refer\u00eancias presentes nessas obras. Uma dica \u00e9 buscar entrevistas dos autores, nas<\/p>\n<p class=\"Estilo1\">quais eles apresentam suas refer\u00eancias, revelando seu repert\u00f3rio cultural. As<\/p>\n<p class=\"Estilo1\">refer\u00eancias podem ser das mais variadas naturezas, desde a vida pessoal do autor<\/p>\n<p class=\"Estilo1\">at\u00e9 eventos hist\u00f3ricos, artigos cient\u00edficos e, claro, obras de arte. Procure considerar,<\/p>\n<p class=\"Estilo1\">ent\u00e3o, como esses autores recriaram as refer\u00eancias apresentadas em determinada<\/p>\n<p class=\"Estilo1\">obra. O que mudou? O que permaneceu? O repert\u00f3rio cultural do autor surge de<\/p>\n<p class=\"Estilo1\">forma impl\u00edcita, como em Star Wars, atrav\u00e9s do tipo de abordagem de um tema, por<\/p>\n<p class=\"Estilo1\">exemplo, de um uso semelhante de elementos visuais, de uma estrutura narrativa<\/p>\n<p class=\"Estilo1\">similar? Ou ele surge de forma expl\u00edcita, imediatamente identific\u00e1vel, como no clipe<\/p>\n<p class=\"Estilo1\">da cantora Anitta? Anote suas descobertas.<\/p>\n<p class=\"Estilo1\">3) A seguir, tendo em mente as estrat\u00e9gias de recria\u00e7\u00e3o encontradas, escolha um<\/p>\n<p class=\"Estilo1\">produto de sua prefer\u00eancia, selecione de 1 (uma) a 3 (tr\u00eas) das obras art\u00edsticas<\/p>\n<p class=\"Estilo1\">levantadas por voc\u00ea na etapa anterior e crie um banner digital inspirado nessas<\/p>\n<p class=\"Estilo1\">refer\u00eancias para divulgar seu produto no Instagram. Um banner digital nada mais \u00e9<\/p>\n<p class=\"Estilo1\">que um an\u00fancio visual inserido em uma p\u00e1gina da internet. Seu banner pode conter<\/p>\n<p class=\"Estilo1\">somente texto ou se utilizar de diferentes recursos como desenhos, fotografias,<\/p>\n<p class=\"Estilo1\">vetores etc., desde que reflita as refer\u00eancias propostas. Confeccione seu banner no<\/p>\n<p class=\"Estilo1\">formato 1:1 (imagem quadrada, ex. 1080&#215;1080 pixels, 10x10cm) e salve em formato<\/p>\n<p class=\"Estilo1\">de imagem (.jpg ou .png).<\/p>\n<p class=\"Estilo1\">\u2022 Ao fim deste documento, voc\u00ea encontrar\u00e1 alguns exemplos de an\u00fancios<\/p>\n<p class=\"Estilo1\">para guiar o seu trabalho (Anexo I).<\/p>\n<p class=\"Estilo1\">\u2022 Para compreender melhor o g\u00eanero banner e os formatos praticados em<\/p>\n<p class=\"Estilo1\">algumas redes sociais, acesse a p\u00e1gina:<\/p>\n<p class=\"Estilo1\">\n<blockquote class=\"wp-embedded-content\" data-secret=\"jv35DNm5oU\"><p><a href=\"https:\/\/kinsta.com\/pt\/blog\/tamanhos-dos-banners-anuncios\/\">Os Tamanhos dos Banners de An\u00fancios: Tudo o Que Voc\u00ea Precisa Saber Sobre os An\u00fancios do Google, Facebook, Instagram<\/a><\/p><\/blockquote>\n<p><iframe class=\"wp-embedded-content\" sandbox=\"allow-scripts\" security=\"restricted\" style=\"position: absolute; visibility: hidden;\" title=\"&#8220;Os Tamanhos dos Banners de An\u00fancios: Tudo o Que Voc\u00ea Precisa Saber Sobre os An\u00fancios do Google, Facebook, Instagram&#8221; &#8212; Kinsta\u00ae\" src=\"https:\/\/kinsta.com\/pt\/blog\/tamanhos-dos-banners-anuncios\/embed\/#?secret=mpYB5qOiFC#?secret=jv35DNm5oU\" data-secret=\"jv35DNm5oU\" width=\"600\" height=\"338\" frameborder=\"0\" marginwidth=\"0\" marginheight=\"0\" scrolling=\"no\"><\/iframe><\/p>\n<p class=\"Estilo1\">\u2022 Para confeccionar seu banner voc\u00ea pode utilizar desde processadores de<\/p>\n<p class=\"Estilo1\">texto, como o Microsoft Word, at\u00e9 editores de imagem como o Photoshop.<\/p>\n<p class=\"Estilo1\">Seu trabalho n\u00e3o ser\u00e1 avaliado pela complexidade t\u00e9cnica, mas pela<\/p>\n<p class=\"Estilo1\">criatividade e pertin\u00eancia na recria\u00e7\u00e3o do repert\u00f3rio escolhido.<\/p>\n<p class=\"Estilo1\">\u2022 Aqui alguns sites com recursos que podem te ajudar:<\/p>\n<p class=\"Estilo1\">\u2022 Unsplash \u2013 Fotografias gratuitas em alta defini\u00e7\u00e3o (em ingl\u00eas).<\/p>\n<p class=\"Estilo1\">\u2022 Freepik \u2013 Imagens, vetores e outros recursos gratuitos.<\/p>\n<p class=\"Estilo1\">\u2022 Canva \u2013 Ferramenta gratuita de design gr\u00e1fico.<\/p>\n<p class=\"Estilo1\">4) Com seu banner pronto, escreva um texto, com no m\u00ednimo 150 e no m\u00e1ximo 250<\/p>\n<p class=\"Estilo1\">palavras, explicando como voc\u00ea empregou a refer\u00eancia (ou refer\u00eancias) escolhida<\/p>\n<p class=\"Estilo1\">na cria\u00e7\u00e3o da sua pe\u00e7a. Voc\u00ea se inspirou na paleta de cores? Na situa\u00e7\u00e3o<\/p>\n<p class=\"Estilo1\">representada? No cen\u00e1rio? Em um texto\/fala? No verso de uma m\u00fasica? Detalhe o<\/p>\n<p class=\"Estilo1\">processo pelo qual esses elementos foram convertidos no produto final.<\/p>\n<p class=\"Estilo1\">5) Ap\u00f3s isso, utilizando o formul\u00e1rio disponibilizado (Anexo II), voc\u00ea dever\u00e1 postar um<\/p>\n<p class=\"Estilo1\">arquivo com o seguinte conte\u00fado:<\/p>\n<p class=\"Estilo1\">a) O banner no formato 1:1 criado por voc\u00ea.<\/p>\n<p class=\"Estilo1\">b) A indica\u00e7\u00e3o da (s) refer\u00eancia (s) utilizada (s).<\/p>\n<p class=\"Estilo1\">c) O texto explicativo sobre como essas refer\u00eancias foram empregadas na sua<\/p>\n<p class=\"Estilo1\">cria\u00e7\u00e3o.<\/p>\n<p class=\"Estilo1\">Checklist<\/p>\n<p class=\"Estilo1\">Principais etapas para a completude da atividade pr\u00e1tica:<\/p>\n<p class=\"Estilo1\">Etapa 1 &#8211; Reflex\u00e3o sobre a import\u00e2ncia do repert\u00f3rio cultural para o exerc\u00edcio criativo.<\/p>\n<p class=\"Estilo1\">Etapa 2 &#8211; Pesquisa sobre as refer\u00eancias presentes em 2 (duas) a 5 (cinco) obras<\/p>\n<p class=\"Estilo1\">art\u00edsticas e como elas s\u00e3o transformadas no processo criativo.<\/p>\n<p class=\"Estilo1\">Etapa 3 &#8211; Cria\u00e7\u00e3o de um banner digital no formato 1:1 para o Instagram a partir de 1<\/p>\n<p class=\"Estilo1\">(uma) a 3 (tr\u00eas) das refer\u00eancias levantadas.<\/p>\n<p class=\"Estilo1\">Etapa 4 \u2013 Explica\u00e7\u00e3o, com no m\u00ednimo 150 e no m\u00e1ximo 250 palavras, de como voc\u00ea<\/p>\n<p class=\"Estilo1\">utilizou e transformou seu repert\u00f3rio na obra final.<\/p>\n<p class=\"Estilo1\">Etapa 5 \u2013 Envio do arquivo com o formul\u00e1rio de entrega (Anexo II) preenchido.<\/p>\n<p class=\"Estilo1\">RESULTADO<\/p>\n<p class=\"Estilo1\">Entrega de um arquivo Word que contemple todas as etapas da atividade pr\u00e1tica,<\/p>\n<p class=\"Estilo1\">conforme apresentado no checklist.<\/p>\n<p class=\"Estilo1\">Anexo I \u2013 Exemplos de An\u00fancios<\/p>\n<p class=\"Estilo1\">Texto presente nas imagens:<\/p>\n<p class=\"Estilo1\">A) \u201cMon Bijou deixa sua roupa uma<\/p>\n<p class=\"Estilo1\">perfeita obra prima.<a href=\"http:\/\/atividadesextensionistas.com\">\u201d<\/a><\/p>\n<p class=\"Estilo1\">B) \u201cUma hist\u00f3ria de cortar cora\u00e7\u00f5es e<\/p>\n<p class=\"Estilo1\">pre\u00e7os.\u201d<\/p>\n<p class=\"Estilo1\">C) \u201cEra uma vez uma garota branca<\/p>\n<p class=\"Estilo1\">como a neve que causava muita<\/p>\n<p class=\"Estilo1\">inveja, n\u00e3o por ter conhecido sete<\/p>\n<p class=\"Estilo1\">an\u00f5es, mas por v\u00e1rios <a href=\"http:\/\/PORTFOLIO-PRONTO.COM\">morenos<\/a> de<\/p>\n<p class=\"Estilo1\">1,80 m.\u201d<\/p>\n<p class=\"Estilo1\">Embora esses an\u00fancios n\u00e3o tenham sido criados para o mesmo formato solicitado<\/p>\n<p class=\"Estilo1\">em sua atividade, todos eles demonstram como o repert\u00f3rio cultural pode ser<\/p>\n<p class=\"Estilo1\">aplicado de forma inovadora na publicidade. Note como at\u00e9 mesmo mudan\u00e7as sutis<\/p>\n<p class=\"Estilo1\">\u2013 observe a express\u00e3o no rosto da Branca de Neve, a qual n\u00e3o condiz com a<\/p>\n<p class=\"Estilo1\">personagem original, mas com a proposta do an\u00fancio \u2013 podem trazer grandes<\/p>\n<p class=\"Estilo1\">inova\u00e7\u00f5es \u00e0 refer\u00eancia utilizada. Por fim, o texto nesses an\u00fancios est\u00e1 pouco<\/p>\n<p class=\"Estilo1\">leg\u00edvel, posto que n\u00e3o foram pensados para ser reproduzidos no tamanho aqui<\/p>\n<p class=\"Estilo1\">apresentado. O texto do seu an\u00fancio, por\u00e9m, ser\u00e1 pensado para telas de celular e,<\/p>\n<p class=\"Estilo1\">portanto, deve ser perfeitamente leg\u00edvel mesmo em pequenos formatos.<\/p>\n<p class=\"Estilo1\">B<\/p>\n<p class=\"Estilo1\">C<\/p>\n<p class=\"Estilo1\">A<\/p>\n<p class=\"Estilo1\">Anexo II \u2013 Formul\u00e1rio de Entrega<\/p>\n<p class=\"Estilo1\">Refer\u00eancia (s) utilizada (s):<\/p>\n<p class=\"Estilo1\">Explica\u00e7\u00e3o do emprego das refer\u00eancias:<\/p>\n<p class=\"Estilo1\">Clique no bot\u00e3o para inserir o seu banner.<\/p>\n<div class=\"elementor-toggle-item\">\n<p id=\"elementor-tab-title-1941\" class=\"elementor-tab-title elementor-active\" tabindex=\"0\" role=\"tab\" data-tab=\"1\" aria-controls=\"elementor-tab-content-1941\" aria-expanded=\"true\" aria-selected=\"true\">Como funciona?<\/p>\n<p>Elaboramos os portf\u00f3lios, j\u00e1 deixamos prontos, nas normas da ABNT e conforme os requisitos da universidade. F\u00e1cil assim! O MELHOR \u00c9 QUE VOC\u00ca COMPRA E J\u00c1 BAIXA NA HORA O SEU ARQUIVO EM WORD! Sabemos que conciliar trabalho, fam\u00edlia, vida profissional e estudos \u00e9 dif\u00edcil hoje em dia, por isso, estamos aqui para ajudar voc\u00ea. Conte com nossa qualidade, experi\u00eancia e profissionalismo adquirindo seu portf\u00f3lio conosco. GARANTIMOS SEU CONCEITO!<\/p>\n<div class=\"elementor-toggle-item\">\n<p><strong>Como se realizam os envios?<\/strong><\/p>\n<\/div>\n<p id=\"elementor-tab-content-1942\" class=\"elementor-tab-content elementor-clearfix elementor-active\" role=\"tabpanel\" data-tab=\"2\" aria-labelledby=\"elementor-tab-title-1942\">O seu trabalho \u00e9 disponibilizado pronto, respondido e nas normas j\u00e1 na mesma hora aqui em nosso site na sua \u00e1rea de downloads e tamb\u00e9m no seu e-mail.<\/p>\n<p><strong>Em quanto tempo recebo o portf\u00f3lio?<\/strong><\/p>\n<p>Os envios s\u00e3o imediatos. Ap\u00f3s sua compra, o trabalho j\u00e1 \u00e9 disponibilizado instantaneamente aqui em nosso site e no seu e-mail.<\/p>\n<p><strong>E se o portf\u00f3lio que comprei precisar de corre\u00e7\u00e3o?<\/strong><\/p>\n<p>Caso haja alguma solicita\u00e7\u00e3o de corre\u00e7\u00e3o\/altera\u00e7\u00e3o por parte do tutor, basta entrar em contato conosco pelo\u00a0WhatsApp\u00a0que provid\u00eanciaremos sem custo algum.<\/p>\n<p><strong>Qual o formato do arquivo?<\/strong><\/p>\n<p>Os arquivos s\u00e3o enviados em formato Word e s\u00e3o edit\u00e1veis.<\/p>\n<p><strong>Caso eu tiver alguma d\u00favida, terei suporte no p\u00f3s venda?<\/strong><\/p>\n<p>Sim, com certeza. Basta clicar no \u00edcone do WhatsApp no cantinho da tela. Ser\u00e1 um prazer atend\u00ea-lo(a).<\/p>\n<div id=\"elementor-tab-content-1948\" class=\"elementor-tab-content elementor-clearfix elementor-active\" role=\"tabpanel\" data-tab=\"8\" aria-labelledby=\"elementor-tab-title-1948\">\n<p><strong>Quais os seus canais de contato?<\/strong><\/p>\n<\/div>\n<div id=\"elementor-tab-content-1949\" class=\"elementor-tab-content elementor-clearfix elementor-active\" role=\"tabpanel\" data-tab=\"9\" aria-labelledby=\"elementor-tab-title-1949\">\n<p>Whatsapp: 53 984751621 \u2013 Clicar no canto da tela ou ESCANEIE O QRCODE ABAIXO<\/p>\n<h4><img decoding=\"async\" class=\"alignnone wp-image-13699 jetpack-lazy-image jetpack-lazy-image--handled\" src=\"https:\/\/i0.wp.com\/portifolioos-prontos.com\/wp-content\/uploads\/2023\/02\/whatsapp-business-projeto-de-extensao-300x300.jpeg?resize=144%2C144\" sizes=\"(max-width: 144px) 100vw, 144px\" srcset=\"https:\/\/i0.wp.com\/portifolioos-prontos.com\/wp-content\/uploads\/2023\/02\/whatsapp-business-projeto-de-extensao.jpeg?resize=300%2C301&amp;ssl=1 300w, https:\/\/i0.wp.com\/portifolioos-prontos.com\/wp-content\/uploads\/2023\/02\/whatsapp-business-projeto-de-extensao.jpeg?resize=150%2C150&amp;ssl=1 150w, https:\/\/i0.wp.com\/portifolioos-prontos.com\/wp-content\/uploads\/2023\/02\/whatsapp-business-projeto-de-extensao.jpeg?resize=370%2C372&amp;ssl=1 370w, https:\/\/i0.wp.com\/portifolioos-prontos.com\/wp-content\/uploads\/2023\/02\/whatsapp-business-projeto-de-extensao.jpeg?resize=100%2C100&amp;ssl=1 100w, https:\/\/i0.wp.com\/portifolioos-prontos.com\/wp-content\/uploads\/2023\/02\/whatsapp-business-projeto-de-extensao.jpeg?w=470&amp;ssl=1 470w\" alt=\"projeto de extens\u00e3o unopar\" width=\"144\" height=\"144\" data-lazy-loaded=\"1\" \/><\/h4>\n<\/div>\n<div class=\"elementor-toggle-item\">\n<div id=\"elementor-tab-content-1949\" class=\"elementor-tab-content elementor-clearfix elementor-active\" role=\"tabpanel\" data-tab=\"9\" aria-labelledby=\"elementor-tab-title-1949\">\n<p>E-mail:portifoliosp@gmail.com<\/p>\n<div id=\"attachment_143\" class=\"wp-caption alignnone\">\n<div id=\"attachment_143\" class=\"wp-caption alignnone\" style=\"width: 99px;\">\n<p><a href=\"https:\/\/portifolioos-prontos.com\/\"><img decoding=\"async\" class=\"wp-image-143 jetpack-lazy-image jetpack-lazy-image--handled smush-image-11 smush-image-1 smush-detected-img smush-image-smaller-1\" title=\"portfolio pronto unopar\" src=\"https:\/\/i0.wp.com\/portifolioos-prontos.com\/wp-content\/uploads\/2022\/04\/conceitomaximo.png?resize=161%2C46\" sizes=\"(max-width: 35px) 100vw, 35px\" srcset=\"https:\/\/i0.wp.com\/portifolioos-prontos.com\/wp-content\/uploads\/2022\/04\/conceitomaximo.png?w=244&amp;ssl=1 244w, https:\/\/i0.wp.com\/portifolioos-prontos.com\/wp-content\/uploads\/2022\/04\/conceitomaximo.png?resize=220%2C70&amp;ssl=1 220w\" alt=\"PORTFOLIO PRONTO UNOPAR ANHANGUERA\" width=\"99\" height=\"28\" aria-describedby=\"caption-attachment-143\" data-lazy-loaded=\"1\" \/><\/a><\/p>\n<p id=\"caption-attachment-143\" class=\"wp-caption-text\">Portf\u00f3lioem Word, respondido, completo e j\u00e1 nas normas<\/p>\n<\/div>\n<\/div>\n<\/div>\n<\/div>\n<\/div>\n","protected":false},"excerpt":{"rendered":"<div class=\"product-short-description\">\n<div class=\"product-short-description\">\n<p><strong>Pague pelo PIX ou cart\u00e3o e fa\u00e7a o download agora mesmo.<\/strong><\/p>\n<\/div>\n<div class=\"sticky-add-to-cart-wrapper\">\n<div class=\"sticky-add-to-cart\">\n<p class=\"quantity buttons_added form-flat\"><img decoding=\"async\" class=\"lazyloaded smush-image-5 smush-image-3 smush-image-4 smush-detected-img smush-image-bigger-3\" src=\"https:\/\/d26lpennugtm8s.cloudfront.net\/assets\/common\/img\/logos\/payment\/visa@2x.png\" width=\"46\" height=\"29\" data-src=\"https:\/\/d26lpennugtm8s.cloudfront.net\/assets\/common\/img\/logos\/payment\/visa@2x.png\" \/><img loading=\"lazy\" decoding=\"async\" class=\"lazyloaded smush-image-6 smush-image-4 smush-image-5 smush-detected-img smush-image-bigger-4\" src=\"https:\/\/d26lpennugtm8s.cloudfront.net\/assets\/common\/img\/logos\/payment\/boleto@2x.png\" width=\"43\" height=\"27\" data-src=\"https:\/\/d26lpennugtm8s.cloudfront.net\/assets\/common\/img\/logos\/payment\/boleto@2x.png\" \/><img loading=\"lazy\" decoding=\"async\" class=\"lazyloaded smush-image-7 smush-image-5 smush-image-6 smush-detected-img smush-image-bigger-5\" src=\"https:\/\/d26lpennugtm8s.cloudfront.net\/assets\/common\/img\/logos\/payment\/mastercard@2x.png\" width=\"43\" height=\"27\" data-src=\"https:\/\/d26lpennugtm8s.cloudfront.net\/assets\/common\/img\/logos\/payment\/mastercard@2x.png\" \/><img loading=\"lazy\" decoding=\"async\" class=\"lazyloaded smush-image-8 smush-image-6 smush-image-7 smush-detected-img smush-image-bigger-6\" src=\"https:\/\/d26lpennugtm8s.cloudfront.net\/assets\/common\/img\/logos\/payment\/amex@2x.png\" width=\"43\" height=\"27\" data-src=\"https:\/\/d26lpennugtm8s.cloudfront.net\/assets\/common\/img\/logos\/payment\/amex@2x.png\" \/><img loading=\"lazy\" decoding=\"async\" class=\"lazyloaded smush-image-9 smush-image-7 smush-image-8 smush-detected-img smush-image-bigger-7\" src=\"https:\/\/d26lpennugtm8s.cloudfront.net\/assets\/common\/img\/logos\/payment\/diners@2x.png\" width=\"46\" height=\"29\" data-src=\"https:\/\/d26lpennugtm8s.cloudfront.net\/assets\/common\/img\/logos\/payment\/diners@2x.png\" \/><img loading=\"lazy\" decoding=\"async\" class=\"lazyloaded smush-image-10 smush-image-8 smush-image-9 alignnone smush-detected-img smush-image-bigger-8\" src=\"https:\/\/d26lpennugtm8s.cloudfront.net\/assets\/common\/img\/logos\/payment\/br\/elo@2x.png\" alt=\"portf\u00f3lio unopar anhanguera\" width=\"45\" height=\"28\" data-src=\"https:\/\/d26lpennugtm8s.cloudfront.net\/assets\/common\/img\/logos\/payment\/br\/elo@2x.png\" \/><img loading=\"lazy\" decoding=\"async\" class=\"lazyloaded smush-image-11 smush-image-9 smush-image-10 alignnone smush-detected-img smush-image-bigger-9\" src=\"https:\/\/d26lpennugtm8s.cloudfront.net\/assets\/common\/img\/logos\/payment\/br\/hipercard@2x.png\" alt=\"portf\u00f3lio unopar anhanguera\" width=\"44\" height=\"28\" data-src=\"https:\/\/d26lpennugtm8s.cloudfront.net\/assets\/common\/img\/logos\/payment\/br\/hipercard@2x.png\" \/><img loading=\"lazy\" decoding=\"async\" class=\"lazyloaded smush-image-12 smush-image-10 smush-image-11 alignnone smush-detected-img smush-image-bigger-10\" src=\"https:\/\/d26lpennugtm8s.cloudfront.net\/assets\/common\/img\/logos\/payment\/mercadopago@2x.png\" alt=\"portf\u00f3lio unopar anhanguera\" width=\"45\" height=\"28\" data-src=\"https:\/\/d26lpennugtm8s.cloudfront.net\/assets\/common\/img\/logos\/payment\/mercadopago@2x.png\" \/><img loading=\"lazy\" decoding=\"async\" class=\"alignnone ls-is-cached lazyloaded smush-detected-img smush-image-bigger-11\" src=\"https:\/\/futurium.com.br\/wp-content\/uploads\/2021\/06\/logo-pix-icone-512.png\" alt=\"portfolio pronto\" width=\"30\" height=\"30\" data-src=\"https:\/\/futurium.com.br\/wp-content\/uploads\/2021\/06\/logo-pix-icone-512.png\" \/><\/p>\n<\/div>\n<\/div>\n<\/div>\n","protected":false},"featured_media":40754,"template":"","meta":{"_seopress_robots_primary_cat":"","_seopress_titles_title":"%%post_title%% %%sitetitle%%","_seopress_titles_desc":"%%post_content%%","_seopress_robots_index":""},"product_cat":[15],"product_tag":[],"class_list":{"0":"post-40751","1":"product","2":"type-product","3":"status-publish","4":"has-post-thumbnail","6":"product_cat-uncategorized","8":"first","9":"instock","10":"downloadable","11":"virtual","12":"purchasable","13":"product-type-simple","14":"col-xs-6 col-sm-4","15":"col-mf-5","16":"un-5-cols"},"jetpack_sharing_enabled":true,"_links":{"self":[{"href":"https:\/\/portifolioos-prontos.com\/index.php\/wp-json\/wp\/v2\/product\/40751","targetHints":{"allow":["GET"]}}],"collection":[{"href":"https:\/\/portifolioos-prontos.com\/index.php\/wp-json\/wp\/v2\/product"}],"about":[{"href":"https:\/\/portifolioos-prontos.com\/index.php\/wp-json\/wp\/v2\/types\/product"}],"version-history":[{"count":2,"href":"https:\/\/portifolioos-prontos.com\/index.php\/wp-json\/wp\/v2\/product\/40751\/revisions"}],"predecessor-version":[{"id":47023,"href":"https:\/\/portifolioos-prontos.com\/index.php\/wp-json\/wp\/v2\/product\/40751\/revisions\/47023"}],"wp:featuredmedia":[{"embeddable":true,"href":"https:\/\/portifolioos-prontos.com\/index.php\/wp-json\/wp\/v2\/media\/40754"}],"wp:attachment":[{"href":"https:\/\/portifolioos-prontos.com\/index.php\/wp-json\/wp\/v2\/media?parent=40751"}],"wp:term":[{"taxonomy":"product_cat","embeddable":true,"href":"https:\/\/portifolioos-prontos.com\/index.php\/wp-json\/wp\/v2\/product_cat?post=40751"},{"taxonomy":"product_tag","embeddable":true,"href":"https:\/\/portifolioos-prontos.com\/index.php\/wp-json\/wp\/v2\/product_tag?post=40751"}],"curies":[{"name":"wp","href":"https:\/\/api.w.org\/{rel}","templated":true}]}}