{"id":40891,"date":"2025-07-28T13:11:18","date_gmt":"2025-07-28T16:11:18","guid":{"rendered":"https:\/\/portifolioos-prontos.com\/?post_type=product&#038;p=40891"},"modified":"2025-10-11T14:54:07","modified_gmt":"2025-10-11T17:54:07","slug":"estagio-supervisionado-de-intervencao-na-educacao-infantil-pedagogia","status":"publish","type":"product","link":"https:\/\/portifolioos-prontos.com\/index.php\/product\/estagio-supervisionado-de-intervencao-na-educacao-infantil-pedagogia\/","title":{"rendered":"Est\u00e1gio supervisionado de interven\u00e7\u00e3o na Educa\u00e7\u00e3o Infantil &#8211; Pedagogia"},"content":{"rendered":"<p>Est\u00e1gio supervisionado de interven\u00e7\u00e3o na Educa\u00e7\u00e3o Infantil<\/p>\n<p>Pedagogia<\/p>\n<hr \/>\n<p>Sum\u00e1rio<br \/>\nApresenta\u00e7\u00e3o do Est\u00e1gio\u2026\u2026\u2026\u2026\u2026\u2026\u2026\u2026\u2026\u2026\u2026\u2026\u2026\u2026\u2026\u2026\u2026\u2026\u2026\u2026\u2026\u2026\u2026\u2026\u2026\u2026\u2026\u2026\u2026\u2026\u2026\u2026\u2026\u2026\u2026\u2026\u2026\u2026\u2026. 4<br \/>\nPlano de Trabalho do Est\u00e1gio \u2026\u2026\u2026\u2026\u2026\u2026\u2026\u2026\u2026\u2026\u2026\u2026\u2026\u2026\u2026\u2026\u2026\u2026\u2026\u2026\u2026\u2026\u2026\u2026\u2026\u2026\u2026\u2026\u2026\u2026\u2026\u2026\u2026\u2026\u2026\u2026. 5<br \/>\nIntera\u00e7\u00e3o com o orientador \u2026\u2026\u2026\u2026\u2026\u2026\u2026\u2026\u2026\u2026\u2026\u2026\u2026\u2026\u2026\u2026\u2026\u2026\u2026\u2026\u2026\u2026\u2026\u2026\u2026\u2026\u2026\u2026\u2026\u2026\u2026\u2026\u2026\u2026\u2026\u2026\u2026. 6<br \/>\nAtividade 1: Prepara\u00e7\u00e3o e Fundamenta\u00e7\u00e3o Te\u00f3rica (20 horas) \u2026\u2026\u2026\u2026\u2026\u2026\u2026\u2026\u2026\u2026\u2026\u2026\u2026\u2026\u2026\u2026\u2026 7<br \/>\nAtividade 2 \u2013 Visita \u00e0 escola e entrega da carta de apresenta\u00e7\u00e3o \u2026\u2026\u2026\u2026\u2026\u2026\u2026\u2026\u2026\u2026\u2026\u2026\u2026\u2026\u2026\u2026. 8<br \/>\nAtividade 3 \u2013 Imers\u00e3o e Observa\u00e7\u00e3o \u2026\u2026\u2026\u2026\u2026\u2026\u2026\u2026\u2026\u2026\u2026\u2026\u2026\u2026\u2026\u2026\u2026\u2026\u2026\u2026\u2026\u2026\u2026\u2026\u2026\u2026\u2026\u2026\u2026\u2026\u2026\u2026\u2026 9<br \/>\nAtividade 4 \u2013 Planejamento e Reg\u00eancia \u2026\u2026\u2026\u2026\u2026\u2026\u2026\u2026\u2026\u2026\u2026\u2026\u2026\u2026\u2026\u2026\u2026\u2026\u2026\u2026\u2026\u2026\u2026\u2026\u2026\u2026\u2026\u2026\u2026\u2026. 14<br \/>\nAtividade 5 \u2013 Reg\u00eancia na Educa\u00e7\u00e3o Infantil \u2026\u2026\u2026\u2026\u2026\u2026\u2026\u2026\u2026\u2026\u2026\u2026\u2026\u2026\u2026\u2026\u2026\u2026\u2026\u2026\u2026\u2026\u2026\u2026\u2026\u2026\u2026. 16<br \/>\nAtividade 6 \u2013 An\u00e1lise, reflex\u00e3o e elabora\u00e7\u00e3o do Portf\u00f3lio \u2026\u2026\u2026\u2026\u2026\u2026\u2026\u2026\u2026\u2026\u2026\u2026\u2026\u2026\u2026\u2026\u2026\u2026\u2026\u2026 18<br \/>\nAnexos \u2026\u2026\u2026\u2026\u2026\u2026\u2026\u2026\u2026\u2026\u2026\u2026\u2026\u2026\u2026\u2026\u2026\u2026\u2026\u2026\u2026\u2026\u2026\u2026\u2026\u2026\u2026\u2026\u2026\u2026\u2026\u2026\u2026\u2026\u2026\u2026\u2026\u2026\u2026\u2026\u2026\u2026\u2026\u2026\u2026\u2026\u2026\u2026\u2026 21<br \/>\nMODELO DE CARTA DE APRESENTA\u00c7\u00c3O \u2026\u2026\u2026\u2026\u2026\u2026\u2026\u2026\u2026\u2026\u2026\u2026\u2026\u2026\u2026\u2026\u2026\u2026\u2026\u2026\u2026\u2026\u2026\u2026\u2026\u2026\u2026.. 21<br \/>\nMODELO DE PAUTA DE OBSERVA\u00c7\u00c3O \u2026\u2026\u2026\u2026\u2026\u2026\u2026\u2026\u2026\u2026\u2026\u2026\u2026\u2026\u2026\u2026\u2026\u2026\u2026\u2026\u2026\u2026\u2026\u2026\u2026\u2026\u2026\u2026\u2026 22<br \/>\nMODELO DE PLANO DE REG\u00caNCIA \u2026\u2026\u2026\u2026\u2026\u2026\u2026\u2026\u2026\u2026\u2026\u2026\u2026\u2026\u2026\u2026\u2026\u2026\u2026\u2026\u2026\u2026\u2026\u2026\u2026\u2026\u2026\u2026\u2026\u2026\u2026. 26<\/p>\n<p>&nbsp;<\/p>\n<p>&nbsp;<\/p>\n<table class=\"w-fit min-w-(--thread-content-width)\" data-start=\"129\" data-end=\"1753\">\n<thead data-start=\"129\" data-end=\"280\">\n<tr data-start=\"129\" data-end=\"280\">\n<th data-start=\"129\" data-end=\"259\" data-col-size=\"xl\"><strong data-start=\"131\" data-end=\"160\">Atividade a ser realizada<\/strong><\/th>\n<th data-start=\"259\" data-end=\"280\" data-col-size=\"sm\"><strong data-start=\"261\" data-end=\"278\">Carga Hor\u00e1ria<\/strong><\/th>\n<\/tr>\n<\/thead>\n<tbody data-start=\"431\" data-end=\"1753\">\n<tr data-start=\"431\" data-end=\"581\">\n<td data-start=\"431\" data-end=\"560\" data-col-size=\"xl\"><strong data-start=\"433\" data-end=\"474\">Intera\u00e7\u00e3o com o orientador de est\u00e1gio<\/strong><\/td>\n<td data-col-size=\"sm\" data-start=\"560\" data-end=\"581\">4 horas<\/td>\n<\/tr>\n<tr data-start=\"582\" data-end=\"745\">\n<td data-start=\"582\" data-end=\"724\" data-col-size=\"xl\"><strong data-start=\"584\" data-end=\"636\">Atividade 1 \u2013 Prepara\u00e7\u00e3o e Fundamenta\u00e7\u00e3o Te\u00f3rica<\/strong><br \/>\nLeituras obrigat\u00f3rias e realiza\u00e7\u00e3o de resumo dos principais conceitos e discuss\u00f5es.<\/td>\n<td data-col-size=\"sm\" data-start=\"724\" data-end=\"745\">12 horas<\/td>\n<\/tr>\n<tr data-start=\"746\" data-end=\"896\">\n<td data-start=\"746\" data-end=\"875\" data-col-size=\"xl\"><strong data-start=\"748\" data-end=\"816\">Atividade 2 \u2013 Visita \u00e0 escola e entrega da carta de apresenta\u00e7\u00e3o<\/strong><\/td>\n<td data-col-size=\"sm\" data-start=\"875\" data-end=\"896\">4 horas<\/td>\n<\/tr>\n<tr data-start=\"897\" data-end=\"1138\">\n<td data-start=\"897\" data-end=\"1117\" data-col-size=\"xl\"><strong data-start=\"899\" data-end=\"937\">Atividade 3 \u2013 Imers\u00e3o e Observa\u00e7\u00e3o<\/strong><br \/>\nObserva\u00e7\u00e3o em turmas da Educa\u00e7\u00e3o Infantil (m\u00e1ximo 2 turmas), de acordo com as pautas de observa\u00e7\u00e3o:<br \/>\n\u2013 Pauta 1 \u2013 10h<br \/>\n\u2013 Pauta 2 \u2013 10h<br \/>\n\u2013 Pauta 3 \u2013 10h<br \/>\n\u2013 Pauta 4 \u2013 10h<\/td>\n<td data-col-size=\"sm\" data-start=\"1117\" data-end=\"1138\">40 horas<\/td>\n<\/tr>\n<tr data-start=\"1139\" data-end=\"1289\">\n<td data-start=\"1139\" data-end=\"1268\" data-col-size=\"xl\"><strong data-start=\"1141\" data-end=\"1182\">Atividade 4 \u2013 Planejamento e Reg\u00eancia<\/strong><br \/>\nElabora\u00e7\u00e3o dos planos de aula para as turmas observadas.<\/td>\n<td data-col-size=\"sm\" data-start=\"1268\" data-end=\"1289\">5 horas<\/td>\n<\/tr>\n<tr data-start=\"1290\" data-end=\"1450\">\n<td data-start=\"1290\" data-end=\"1429\" data-col-size=\"xl\"><strong data-start=\"1292\" data-end=\"1339\">Atividade 5 \u2013 Reg\u00eancia na Educa\u00e7\u00e3o Infantil<\/strong><br \/>\n5 reg\u00eancias (1 por per\u00edodo: manh\u00e3 ou tarde), cada uma com 6h incluindo autoavalia\u00e7\u00e3o.<\/td>\n<td data-start=\"1429\" data-end=\"1450\" data-col-size=\"sm\">30 horas<\/td>\n<\/tr>\n<tr data-start=\"1451\" data-end=\"1602\">\n<td data-start=\"1451\" data-end=\"1581\" data-col-size=\"xl\"><strong data-start=\"1453\" data-end=\"1514\">Atividade 6 \u2013 An\u00e1lise, reflex\u00e3o e elabora\u00e7\u00e3o do Portf\u00f3lio<\/strong><br \/>\nElabora\u00e7\u00e3o do portf\u00f3lio<\/td>\n<td data-start=\"1581\" data-end=\"1602\" data-col-size=\"sm\">4 horas<\/td>\n<\/tr>\n<tr data-start=\"1603\" data-end=\"1753\">\n<td data-start=\"1603\" data-end=\"1732\" data-col-size=\"xl\">Valida\u00e7\u00e3o do relat\u00f3rio de est\u00e1gio.<\/td>\n<td data-start=\"1732\" data-end=\"1753\" data-col-size=\"sm\"><strong data-start=\"1734\" data-end=\"1747\">1hora<\/strong><\/td>\n<\/tr>\n<\/tbody>\n<\/table>\n<p>&nbsp;<\/p>\n<p>Est\u00e1gio supervisionado de interven\u00e7\u00e3o na Educa\u00e7\u00e3o Infantil<\/p>\n<div class=\"elementor-toggle-item\">\n<div class=\"elementor-toggle-item\">\n<p id=\"elementor-tab-title-1941\" class=\"elementor-tab-title elementor-active\" tabindex=\"0\" role=\"tab\" data-tab=\"1\" aria-controls=\"elementor-tab-content-1941\" aria-expanded=\"true\" aria-selected=\"true\"><strong>Como funciona?<\/strong><\/p>\n<p>Elaboramos os portf\u00f3lios, j\u00e1 deixamos prontos, nas normas da ABNT e conforme os requisitos da universidade. F\u00e1cil assim! O MELHOR \u00c9 QUE VOC\u00ca COMPRA E J\u00c1 BAIXA NA HORA O SEU ARQUIVO EM WORD! Sabemos que conciliar trabalho, fam\u00edlia, vida profissional e estudos \u00e9 dif\u00edcil hoje em dia, por isso, estamos aqui para ajudar voc\u00ea. Conte com nossa qualidade, experi\u00eancia e profissionalismo adquirindo seu portf\u00f3lio conosco. GARANTIMOS SEU CONCEITO!<\/p>\n<p><strong>Como se realizam os envios?<\/strong><\/p>\n<\/div>\n<p id=\"elementor-tab-content-1942\" class=\"elementor-tab-content elementor-clearfix elementor-active\" role=\"tabpanel\" data-tab=\"2\" aria-labelledby=\"elementor-tab-title-1942\">O seu trabalho \u00e9 disponibilizado pronto, respondido e nas normas j\u00e1 na mesma hora aqui em nosso site na sua \u00e1rea de downloads e tamb\u00e9m no seu e-mail.<\/p>\n<p><strong>Em quanto tempo recebo o portf\u00f3lio?<\/strong><\/p>\n<p>Os envios s\u00e3o imediatos. Ap\u00f3s sua compra, o trabalho j\u00e1 \u00e9 disponibilizado instantaneamente aqui em nosso site e no seu e-mail.<\/p>\n<p><strong>E se o portf\u00f3lio que comprei precisar de corre\u00e7\u00e3o?<\/strong><\/p>\n<p>Caso haja alguma solicita\u00e7\u00e3o de corre\u00e7\u00e3o\/altera\u00e7\u00e3o por parte do tutor, basta entrar em contato conosco pelo\u00a0WhatsApp\u00a0que provid\u00eanciaremos sem custo algum.<\/p>\n<p><strong>Qual o formato do arquivo?<\/strong><\/p>\n<p>Os arquivos s\u00e3o enviados em formato Word e s\u00e3o edit\u00e1veis.<\/p>\n<p><strong>Caso eu tiver alguma d\u00favida, terei suporte no p\u00f3s venda?<\/strong><\/p>\n<p>Sim, com certeza. Basta clicar no \u00edcone do WhatsApp no cantinho da tela. Ser\u00e1 um prazer atend\u00ea-lo(a).<\/p>\n<div id=\"elementor-tab-content-1948\" class=\"elementor-tab-content elementor-clearfix elementor-active\" role=\"tabpanel\" data-tab=\"8\" aria-labelledby=\"elementor-tab-title-1948\">\n<p><strong>Quais os seus canais de contato?<\/strong><\/p>\n<\/div>\n<div id=\"elementor-tab-content-1949\" class=\"elementor-tab-content elementor-clearfix elementor-active\" role=\"tabpanel\" data-tab=\"9\" aria-labelledby=\"elementor-tab-title-1949\">\n<p>Whatsapp: 53 984751621 \u2013 Clicar no canto da tela ou ESCANEIE O QRCODE ABAIXO<\/p>\n<h4><img decoding=\"async\" class=\"alignnone wp-image-13699 jetpack-lazy-image jetpack-lazy-image--handled\" src=\"https:\/\/i0.wp.com\/portifolioos-prontos.com\/wp-content\/uploads\/2023\/02\/whatsapp-business-projeto-de-extensao-300x300.jpeg?resize=144%2C144\" sizes=\"(max-width: 144px) 100vw, 144px\" srcset=\"https:\/\/i0.wp.com\/portifolioos-prontos.com\/wp-content\/uploads\/2023\/02\/whatsapp-business-projeto-de-extensao.jpeg?resize=300%2C301&amp;ssl=1 300w, https:\/\/i0.wp.com\/portifolioos-prontos.com\/wp-content\/uploads\/2023\/02\/whatsapp-business-projeto-de-extensao.jpeg?resize=150%2C150&amp;ssl=1 150w, https:\/\/i0.wp.com\/portifolioos-prontos.com\/wp-content\/uploads\/2023\/02\/whatsapp-business-projeto-de-extensao.jpeg?resize=370%2C372&amp;ssl=1 370w, https:\/\/i0.wp.com\/portifolioos-prontos.com\/wp-content\/uploads\/2023\/02\/whatsapp-business-projeto-de-extensao.jpeg?resize=100%2C100&amp;ssl=1 100w, https:\/\/i0.wp.com\/portifolioos-prontos.com\/wp-content\/uploads\/2023\/02\/whatsapp-business-projeto-de-extensao.jpeg?w=470&amp;ssl=1 470w\" alt=\"projeto de extens\u00e3o unopar\" width=\"144\" height=\"144\" data-lazy-loaded=\"1\" \/><\/h4>\n<\/div>\n<div class=\"elementor-toggle-item\">\n<div id=\"elementor-tab-content-1949\" class=\"elementor-tab-content elementor-clearfix elementor-active\" role=\"tabpanel\" data-tab=\"9\" aria-labelledby=\"elementor-tab-title-1949\">\n<p>E-mail:portifoliosp@gmail.com<\/p>\n<div id=\"attachment_143\" class=\"wp-caption alignnone\">\n<div id=\"attachment_143\" class=\"wp-caption alignnone\">\n<p id=\"caption-attachment-143\" class=\"wp-caption-text\"><a href=\"http:\/\/portfolio-pronto.com\/\">Portf\u00f3lio<\/a>\u00a0em Word, respondido, completo e j\u00e1 nas normas<\/p>\n<\/div>\n<\/div>\n<\/div>\n<\/div>\n<\/div>\n","protected":false},"excerpt":{"rendered":"<div class=\"product-short-description\">\n<p><strong>Pague pelo PIX ou cart\u00e3o e fa\u00e7a o download agora mesmo.<\/strong><\/p>\n<\/div>\n<div class=\"sticky-add-to-cart-wrapper\">\n<div class=\"sticky-add-to-cart\">\n<p class=\"quantity buttons_added form-flat\"><img decoding=\"async\" class=\"lazyloaded smush-image-5 smush-image-3 smush-detected-img smush-image-4\" src=\"https:\/\/d26lpennugtm8s.cloudfront.net\/assets\/common\/img\/logos\/payment\/visa@2x.png\" width=\"46\" height=\"29\" data-src=\"https:\/\/d26lpennugtm8s.cloudfront.net\/assets\/common\/img\/logos\/payment\/visa@2x.png\" \/><img decoding=\"async\" class=\"lazyloaded smush-image-6 smush-image-4 smush-detected-img smush-image-5\" src=\"https:\/\/d26lpennugtm8s.cloudfront.net\/assets\/common\/img\/logos\/payment\/boleto@2x.png\" width=\"43\" height=\"27\" data-src=\"https:\/\/d26lpennugtm8s.cloudfront.net\/assets\/common\/img\/logos\/payment\/boleto@2x.png\" \/><img loading=\"lazy\" decoding=\"async\" class=\"lazyloaded smush-image-7 smush-image-5 smush-detected-img smush-image-6\" src=\"https:\/\/d26lpennugtm8s.cloudfront.net\/assets\/common\/img\/logos\/payment\/mastercard@2x.png\" width=\"43\" height=\"27\" data-src=\"https:\/\/d26lpennugtm8s.cloudfront.net\/assets\/common\/img\/logos\/payment\/mastercard@2x.png\" \/><img loading=\"lazy\" decoding=\"async\" class=\"lazyloaded smush-image-8 smush-image-6 smush-detected-img smush-image-7\" src=\"https:\/\/d26lpennugtm8s.cloudfront.net\/assets\/common\/img\/logos\/payment\/amex@2x.png\" width=\"43\" height=\"27\" data-src=\"https:\/\/d26lpennugtm8s.cloudfront.net\/assets\/common\/img\/logos\/payment\/amex@2x.png\" \/><img loading=\"lazy\" decoding=\"async\" class=\"lazyloaded smush-image-9 smush-image-7 smush-detected-img smush-image-8\" src=\"https:\/\/d26lpennugtm8s.cloudfront.net\/assets\/common\/img\/logos\/payment\/diners@2x.png\" width=\"46\" height=\"29\" data-src=\"https:\/\/d26lpennugtm8s.cloudfront.net\/assets\/common\/img\/logos\/payment\/diners@2x.png\" \/><img loading=\"lazy\" decoding=\"async\" class=\"lazyloaded smush-image-10 smush-image-8 smush-detected-img smush-image-9 alignnone\" src=\"https:\/\/d26lpennugtm8s.cloudfront.net\/assets\/common\/img\/logos\/payment\/br\/elo@2x.png\" alt=\"portf\u00f3lio unopar anhanguera\" width=\"45\" height=\"28\" data-src=\"https:\/\/d26lpennugtm8s.cloudfront.net\/assets\/common\/img\/logos\/payment\/br\/elo@2x.png\" \/><img loading=\"lazy\" decoding=\"async\" class=\"lazyloaded smush-image-11 smush-image-9 smush-detected-img smush-image-10 alignnone\" src=\"https:\/\/d26lpennugtm8s.cloudfront.net\/assets\/common\/img\/logos\/payment\/br\/hipercard@2x.png\" alt=\"portf\u00f3lio unopar anhanguera\" width=\"44\" height=\"28\" data-src=\"https:\/\/d26lpennugtm8s.cloudfront.net\/assets\/common\/img\/logos\/payment\/br\/hipercard@2x.png\" \/><img loading=\"lazy\" decoding=\"async\" class=\"lazyloaded smush-image-12 smush-image-10 smush-detected-img smush-image-11 alignnone\" src=\"https:\/\/d26lpennugtm8s.cloudfront.net\/assets\/common\/img\/logos\/payment\/mercadopago@2x.png\" alt=\"portf\u00f3lio unopar anhanguera\" width=\"45\" height=\"28\" data-src=\"https:\/\/d26lpennugtm8s.cloudfront.net\/assets\/common\/img\/logos\/payment\/mercadopago@2x.png\" \/><img loading=\"lazy\" decoding=\"async\" class=\"alignnone\" src=\"https:\/\/futurium.com.br\/wp-content\/uploads\/2021\/06\/logo-pix-icone-512.png\" alt=\"portfolio pronto\" width=\"30\" height=\"30\" \/><\/p>\n<\/div>\n<\/div>\n","protected":false},"featured_media":40894,"template":"","meta":{"_seopress_robots_primary_cat":"none","_seopress_titles_title":"Portf\u00f3lio de Est\u00e1gio Pedagogia Unopar Anhanguera","_seopress_titles_desc":"Est\u00e1gio Supervisionado Obrigat\u00f3rio de Interven\u00e7\u00e3o na Educa\u00e7\u00e3o Infantil Portf\u00f3lio Pronto, nas normas e completo.","_seopress_robots_index":""},"product_cat":[52],"product_tag":[747,746],"class_list":{"0":"post-40891","1":"product","2":"type-product","3":"status-publish","4":"has-post-thumbnail","6":"product_cat-pedagogia","7":"product_tag-portfolio-de-estagio-anhanguera","8":"product_tag-portfolio-de-estagio-unopar","10":"first","11":"instock","12":"downloadable","13":"virtual","14":"purchasable","15":"product-type-simple","16":"col-xs-6 col-sm-4","17":"col-mf-5","18":"un-5-cols"},"jetpack_sharing_enabled":true,"_links":{"self":[{"href":"https:\/\/portifolioos-prontos.com\/index.php\/wp-json\/wp\/v2\/product\/40891","targetHints":{"allow":["GET"]}}],"collection":[{"href":"https:\/\/portifolioos-prontos.com\/index.php\/wp-json\/wp\/v2\/product"}],"about":[{"href":"https:\/\/portifolioos-prontos.com\/index.php\/wp-json\/wp\/v2\/types\/product"}],"version-history":[{"count":4,"href":"https:\/\/portifolioos-prontos.com\/index.php\/wp-json\/wp\/v2\/product\/40891\/revisions"}],"predecessor-version":[{"id":45228,"href":"https:\/\/portifolioos-prontos.com\/index.php\/wp-json\/wp\/v2\/product\/40891\/revisions\/45228"}],"wp:featuredmedia":[{"embeddable":true,"href":"https:\/\/portifolioos-prontos.com\/index.php\/wp-json\/wp\/v2\/media\/40894"}],"wp:attachment":[{"href":"https:\/\/portifolioos-prontos.com\/index.php\/wp-json\/wp\/v2\/media?parent=40891"}],"wp:term":[{"taxonomy":"product_cat","embeddable":true,"href":"https:\/\/portifolioos-prontos.com\/index.php\/wp-json\/wp\/v2\/product_cat?post=40891"},{"taxonomy":"product_tag","embeddable":true,"href":"https:\/\/portifolioos-prontos.com\/index.php\/wp-json\/wp\/v2\/product_tag?post=40891"}],"curies":[{"name":"wp","href":"https:\/\/api.w.org\/{rel}","templated":true}]}}