{"id":41283,"date":"2025-08-02T14:42:40","date_gmt":"2025-08-02T17:42:40","guid":{"rendered":"https:\/\/portifolioos-prontos.com\/?post_type=product&#038;p=41283"},"modified":"2025-10-11T14:51:54","modified_gmt":"2025-10-11T17:51:54","slug":"aula-pratica-homeopatia","status":"publish","type":"product","link":"https:\/\/portifolioos-prontos.com\/index.php\/product\/aula-pratica-homeopatia\/","title":{"rendered":"Aula Pr\u00e1tica Homeopatia"},"content":{"rendered":"<h3>Portf\u00f3lio Aula Pr\u00e1tica Homeopatia<\/h3>\n<p>ROTEIRO DE AULA PR\u00c1TICA<br \/>\nNOME DA DISCIPLINA: HOMEOPATIA<br \/>\nUnidade: Unidade 1 e Unidade 3<br \/>\nAula: Unidade 1_Se\u00e7\u00e3o 1 e Unidade 3_Se\u00e7\u00e3o 3<br \/>\nOBJETIVOS (campo obrigat\u00f3rio \u2013 exibi\u00e7\u00e3o para todos)<br \/>\nDefini\u00e7\u00e3o dos objetivos da aula pr\u00e1tica:<br \/>\nA proposta desta atividade pr\u00e1tica est\u00e1 amparada nos seguintes objetivos:<br \/>\n&#8211; Aprofundar do conhecimento sobre a homeopatia.<br \/>\n&#8211; Realizar a pr\u00e1tica de alcoometria, observando o efeito das diferentes gradua\u00e7\u00f5es<br \/>\nalco\u00f3licas no uso externo, e refletir sobre sua adequa\u00e7\u00e3o.<br \/>\n&#8211; Compreender os princ\u00edpios da homeopatia aplicados \u00e0 promo\u00e7\u00e3o de bem-estar,<br \/>\nrelaxamento e autocuidado.<br \/>\n&#8211; Desenvolver senso cr\u00edtico sobre quando encaminhar o paciente para um profissional<br \/>\nhabilitado para atendimento cl\u00ednico homeop\u00e1tico.<br \/>\nINFRAESTRUTURA<br \/>\nInstala\u00e7\u00f5es<br \/>\nComputador com acesso \u00e0 internet e ao ambiente virtual.<br \/>\nPROCEDIMENTOS PR\u00c1TICOS<br \/>\nProcedimento\/Atividade n\u00ba 1<br \/>\nAtividade proposta:<br \/>\nPreparo de \u00e1lcool em <a href=\"http:\/\/portfolio-pronto.com\">Homeopatia<\/a><br \/>\nProcedimentos para a realiza\u00e7\u00e3o da atividade:<br \/>\nPara esta atividade pr\u00e1tica voc\u00ea ir\u00e1 utilizar o laborat\u00f3rio virtual Algetec!<br \/>\n1- Voc\u00ea utilizar\u00e1 o laborat\u00f3rio virtual ALGETEC.<br \/>\n2- Na p\u00e1gina inicial, no campo \u201cDisciplina\u201d pesquise por \u201cHomeopatia e clique quadrado que<br \/>\naparecer\u00e1 antes do nome da disciplina.<br \/>\nP\u00fablico3<br \/>\n3- Procure pelo experimento Farmacot\u00e9cnica Homeop\u00e1tica: \u201cPreparo de \u00c1lcool em Homeopatia\u201d<br \/>\ne clique com o bot\u00e3o esquerdo do mouse para acessar.<br \/>\n4- Leia com aten\u00e7\u00e3o o \u201cSum\u00e1rio Te\u00f3rico\u201d, o \u201cRoteiro do Experimento\u201d e realize o \u201cPr\u00e9 Teste\u201d.<br \/>\nP\u00fablico4<br \/>\n5- Acesse o \u201cExperimento\u201d, para entrar no laborat\u00f3rio virtual.<br \/>\n6- Siga os passos a seguir:<br \/>\na) Lave as m\u00e3os clicando com o bot\u00e3o esquerdo do mouse sobre a torneira,<br \/>\nb) Abra o arm\u00e1rio de EPIs clicando com o bot\u00e3o esquerdo do mouse sobre as portas.<br \/>\nP\u00fablico5<br \/>\nc) Selecione o Jaleco branco nesse experimento.<br \/>\nd) Volte para a bancada e mova a garrafa de \u00e1lcool 92,6 \u00b0GL clicando com o bot\u00e3o direito<br \/>\ndo mouse sobre a garrafa \u00e2mbar indicada e selecione a op\u00e7\u00e3o \u201cMover para a proveta\u201d.<br \/>\nP\u00fablico6<br \/>\ne) Despeje 1000 ml de \u00e1lcool 92,6 \u00b0GL pressionando o bot\u00e3o esquerdo do mouse sobre a<br \/>\ngarrafa \u00e2mbar<br \/>\nf) Mova a garrafa de \u00e1lcool 92,6 \u00b0GL para a bancada clicando com o bot\u00e3o direito do<br \/>\nmouse sobre a garrafa \u00e2mbar e selecione a op\u00e7\u00e3o \u201cMover para bancada\u201d.<br \/>\ng) Mova o term\u00f4metro clicando com o bot\u00e3o direito do mouse sobre o term\u00f4metro e<br \/>\nselecione a op\u00e7\u00e3o \u201cMover para a proveta 1\u201d. Anote o valor indicado no term\u00f4metro.<br \/>\nP\u00fablico7<br \/>\nh) Mova o alco\u00f4metro clicando com o bot\u00e3o direito do mouse sobre o alco\u00f4metro e<br \/>\nselecione a op\u00e7\u00e3o \u201cMover para a proveta 1\u201d. Anote o valor indicado no alco\u00f4metro.<br \/>\ni) Mova o alco\u00f4metro clicando com o bot\u00e3o direito do mouse sobre o alco\u00f4metro e<br \/>\nselecione a op\u00e7\u00e3o \u201cMover para a bancada\u201d.<br \/>\nP\u00fablico8<br \/>\nj) Limpe o term\u00f4metro clicando com o bot\u00e3o direito do mouse sobre o term\u00f4metro e<br \/>\nselecione a op\u00e7\u00e3o \u201cLimpar o term\u00f4metro\u201d.<br \/>\nk) Limpe o alco\u00f4metro clicando com o bot\u00e3o direito do mouse sobre o alco\u00f4metro e<br \/>\nselecione a op\u00e7\u00e3o \u201cLimpar alco\u00f4metro\u201d.<br \/>\nl) Abra a tabela de c\u00e1lculos clicando com o bot\u00e3o esquerdo do mouse sobre o bot\u00e3o<br \/>\nindicado.<br \/>\nP\u00fablico9<br \/>\nm) Realize os c\u00e1lculos clicando com o bot\u00e3o esquerdo do mouse sobre cada campo da<br \/>\ntabela e digite os valores observados anteriormente.<br \/>\nn) Feche a tabela de c\u00e1lculos clicando com o bot\u00e3o esquerdo do mouse sobre o bot\u00e3o<br \/>\nindicado.<br \/>\nP\u00fablico10<br \/>\no) Para come\u00e7ar o preparo do \u00e1lcool 70 \u00b0GL, mova a proveta 1 clicando com o bot\u00e3o direito<br \/>\ndo mouse sobre a proveta 1 e selecione a op\u00e7\u00e3o \u201cMover para a proveta\u201d.<br \/>\np) Mensure 756 ml do \u00e1lcool 92,6 \u00b0GL pressionando o bot\u00e3o esquerdo do mouse sobre a<br \/>\nproveta 1.<br \/>\nq) Mova a proveta 1 clicando com o bot\u00e3o direito do mouse sobre a proveta 1 e selecione a<br \/>\nop\u00e7\u00e3o \u201cMover para a bancada\u201d.<br \/>\nP\u00fablico11<br \/>\nr) Mova a pisseta clicando com o bot\u00e3o direito do mouse sobre a pisseta e selecione a<br \/>\nop\u00e7\u00e3o \u201cMover para a proveta\u201d.<br \/>\ns) Complete o volume da proveta 2 pressionando o bot\u00e3o esquerdo do mouse sobre a<br \/>\npisseta<br \/>\nP\u00fablico12<br \/>\nt) Mova a pisseta clicando com o bot\u00e3o direito do mouse sobre a pisseta e selecione a<br \/>\nop\u00e7\u00e3o \u201cMover para a bancada\u201d.<br \/>\nu) Homogene\u00edze a solu\u00e7\u00e3o clicando com o bot\u00e3o esquerdo do mouse sobre o bast\u00e3o de<br \/>\nvidro.<br \/>\nP\u00fablico13<br \/>\nv) Para analisar o teor alco\u00f3lico do \u00e1lcool e garantir que est\u00e1 a 70 \u00b0GL, mova o term\u00f4metro<br \/>\nclicando com o bot\u00e3o direito do mouse sobre o term\u00f4metro e selecione a op\u00e7\u00e3o \u201cMover<br \/>\npara a proveta 2\u201d. Anote o valor indicado.<br \/>\nw) Mova o term\u00f4metro clicando com o bot\u00e3o direito do mouse sobre o term\u00f4metro e<br \/>\nselecione a op\u00e7\u00e3o \u201cMover para a bancada\u201d.<br \/>\nx) Mova o alco\u00f4metro clicando com o bot\u00e3o direito do mouse e selecione a op\u00e7\u00e3o \u201cMover<br \/>\npara a proveta 2\u201d. Anote o valor indicado.<br \/>\nP\u00fablico14<br \/>\ny) Mova o alco\u00f4metro clicando com o bot\u00e3o direito do mouse sobre o alco\u00f4metro e<br \/>\nselecione a op\u00e7\u00e3o \u201cMover para a bancada\u201d.<br \/>\nz) Repita os procedimentos anteriores para preencher a parte da tabela de c\u00e1lculos<br \/>\nreferentes ao \u00e1lcool 70%.<br \/>\naa) Transfira a solu\u00e7\u00e3o da proveta 2 para o frasco \u00e2mbar clicando com o bot\u00e3o esquerdo do<br \/>\nmouse sobre a proveta 2.<br \/>\nP\u00fablico15<br \/>\nbb) Coloque a etiqueta \u201c\u00c1lcool 70 \u00b0GL\u201d clicando com o bot\u00e3o esquerdo do mouse sobre o<br \/>\nfrasco \u00e2mbar.<br \/>\n7- Realize a atividade de P\u00f3s Teste.<br \/>\n8- Para o relat\u00f3rio dessa parte da pr\u00e1tica, inclua as medi\u00e7\u00f5es, as medi\u00e7\u00f5es realizadas<br \/>\nno \u00e1lcool e apresente os c\u00e1lculos.<br \/>\nNa discuss\u00e3o dessa parte incluir as respostas para as seguintes quest\u00f5es:<br \/>\n&#8211; Qual a fun\u00e7\u00e3o do \u00e1lcool na homeopatia?<br \/>\n&#8211; Quais os cuidados necess\u00e1rios devem ser adotados no preparo do \u00e1lcool<br \/>\nna homeopatia?<br \/>\nProcedimento\/Atividade n\u00ba 2<br \/>\nAtividade proposta:<br \/>\nAplica\u00e7\u00e3o de Formas Homeop\u00e1ticas Derivadas de uso Externo.<br \/>\n&#8211; Inicialmente, o estudante deve escolher um cen\u00e1rio de bem-estar (ex.: relaxamento,<br \/>\napoio emocional, desconforto f\u00edsico leve).<br \/>\n&#8211; Elabore uma proposta de uso de uma formula\u00e7\u00e3o homeop\u00e1tica de uso externo (ex.:<br \/>\nlo\u00e7\u00e3o, pomada, spray vibracional).<br \/>\nP\u00fablico16<br \/>\n&#8211; Descreva o insumo utilizado, a finalidade, o modo de uso dentro de uma pr\u00e1tica<br \/>\nintegrativa e poss\u00edveis limita\u00e7\u00f5es do uso externo (ex.: efeitos do \u00e1lcool na pele, por<br \/>\nexemplo).<br \/>\n&#8211; Na discuss\u00e3o responda as quest\u00f5es a seguir:<br \/>\n1- Quais s\u00e3o os limites da atua\u00e7\u00e3o do profissional de pr\u00e1ticas integrativas em rela\u00e7\u00e3o \u00e0<br \/>\nhomeopatia?<br \/>\n2- Qual a import\u00e2ncia de compreender esses princ\u00edpios no apoio ao autocuidado?<br \/>\n3- Como voc\u00ea pode sugerir a Homeopatia como alternativa para preven\u00e7\u00e3o e manuten\u00e7\u00e3o<br \/>\nda sa\u00fade a um paciente?<br \/>\nChecklist:<br \/>\nPrincipais etapas para a completude da atividade pr\u00e1tica:<br \/>\n&#8211; Escrever, de forma resumida, os princ\u00edpios fundamentais da homeopatia (Vitalismo, Similitude,<br \/>\nExperimenta\u00e7\u00e3o no homem s\u00e3o e M\u00ednima Dose);<br \/>\n&#8211; Relacionar como esses princ\u00edpios podem ser aplicados dentro das pr\u00e1ticas integrativas para<br \/>\npromo\u00e7\u00e3o do bem-estar, sem atua\u00e7\u00e3o cl\u00ednica. Identificar e descrever formas farmac\u00eauticas<br \/>\nhomeop\u00e1ticas de uso externo aplic\u00e1veis ao autocuidado (ex.: lo\u00e7\u00f5es, pomadas, sprays, solu\u00e7\u00f5es<br \/>\npara escalda-p\u00e9s).<br \/>\nRESULTADOS<br \/>\nResultados de Aprendizagem:<br \/>\nAo final dessa aula, o estudante dever\u00e1 ser capaz de:<br \/>\n&#8211; Compreender os fundamentos da homeopatia, como vitalismo, similitude, m\u00ednima dose e<br \/>\nexperimenta\u00e7\u00e3o, relacionando-os \u00e0 promo\u00e7\u00e3o do bem-estar no contexto das pr\u00e1ticas<br \/>\nintegrativas.<br \/>\n&#8211; Identificar formas farmac\u00eauticas homeop\u00e1ticas de uso externo, reconhecendo suas<br \/>\naplica\u00e7\u00f5es seguras dentro do autocuidado, sem atua\u00e7\u00e3o cl\u00ednica.<br \/>\n&#8211; Entender o uso correto de uma formula\u00e7\u00e3o homeop\u00e1tica industrializada de uso externo,<br \/>\naplicando-a em situa\u00e7\u00f5es de relaxamento e equil\u00edbrio, alinhadas \u00e0s pr\u00e1ticas integrativas.<br \/>\n&#8211; Realizar c\u00e1lculos de alcoometria, compreendendo como diferentes gradua\u00e7\u00f5es alco\u00f3licas<br \/>\ninfluenciam na seguran\u00e7a, no conforto sensorial e na adequa\u00e7\u00e3o dos produtos aplicados<br \/>\nna pele ou ambiente.<br \/>\n&#8211; Apresentar senso cr\u00edtico para avaliar quando o uso dessas formula\u00e7\u00f5es \u00e9 adequado e<br \/>\nseguro, bem como refletir\u00e1 sobre os limites \u00e9ticos e legais da sua atua\u00e7\u00e3o profissional,<br \/>\nP\u00fablico17<br \/>\nentendendo quando \u00e9 necess\u00e1rio encaminhar o paciente a um profissional habilitado na<br \/>\npr\u00e1tica cl\u00ednica homeop\u00e1tica.<\/p>\n<div class=\"elementor-toggle-item\">\n<div class=\"elementor-toggle-item\">\n<p id=\"elementor-tab-title-1941\" class=\"elementor-tab-title elementor-active\" tabindex=\"0\" role=\"tab\" data-tab=\"1\" aria-controls=\"elementor-tab-content-1941\" aria-expanded=\"true\" aria-selected=\"true\"><strong>Como funciona?<\/strong><\/p>\n<p>Elaboramos os portf\u00f3lios, j\u00e1 deixamos prontos, nas normas da ABNT e conforme os requisitos da universidade. F\u00e1cil assim! O MELHOR \u00c9 QUE VOC\u00ca COMPRA E J\u00c1 BAIXA NA HORA O SEU ARQUIVO EM WORD! Sabemos que conciliar trabalho, fam\u00edlia, vida profissional e estudos \u00e9 dif\u00edcil hoje em dia, por isso, estamos aqui para ajudar voc\u00ea. Conte com nossa qualidade, experi\u00eancia e profissionalismo adquirindo seu portf\u00f3lio conosco. GARANTIMOS SEU CONCEITO!<\/p>\n<p><strong>Como se realizam os envios?<\/strong><\/p>\n<\/div>\n<p id=\"elementor-tab-content-1942\" class=\"elementor-tab-content elementor-clearfix elementor-active\" role=\"tabpanel\" data-tab=\"2\" aria-labelledby=\"elementor-tab-title-1942\">O seu trabalho \u00e9 disponibilizado pronto, respondido e nas normas j\u00e1 na mesma hora aqui em nosso site na sua \u00e1rea de downloads e tamb\u00e9m no seu e-mail.<\/p>\n<p><strong>Em quanto tempo recebo o portf\u00f3lio?<\/strong><\/p>\n<p>Os envios s\u00e3o imediatos. Ap\u00f3s sua compra, o trabalho j\u00e1 \u00e9 disponibilizado instantaneamente aqui em nosso site e no seu e-mail.<\/p>\n<p><strong>E se o portf\u00f3lio que comprei precisar de corre\u00e7\u00e3o?<\/strong><\/p>\n<p>Caso haja alguma solicita\u00e7\u00e3o de corre\u00e7\u00e3o\/altera\u00e7\u00e3o por parte do tutor, basta entrar em contato conosco pelo\u00a0WhatsApp\u00a0que provid\u00eanciaremos sem custo algum.<\/p>\n<p><strong>Qual o formato do arquivo?<\/strong><\/p>\n<p>Os arquivos s\u00e3o enviados em formato Word e s\u00e3o edit\u00e1veis.<\/p>\n<p><strong>Caso eu tiver alguma d\u00favida, terei suporte no p\u00f3s venda?<\/strong><\/p>\n<p>Sim, com certeza. Basta clicar no \u00edcone do WhatsApp no cantinho da tela. Ser\u00e1 um prazer atend\u00ea-lo(a).<\/p>\n<div id=\"elementor-tab-content-1948\" class=\"elementor-tab-content elementor-clearfix elementor-active\" role=\"tabpanel\" data-tab=\"8\" aria-labelledby=\"elementor-tab-title-1948\">\n<p><strong>Quais os seus canais de contato?<\/strong><\/p>\n<\/div>\n<div id=\"elementor-tab-content-1949\" class=\"elementor-tab-content elementor-clearfix elementor-active\" role=\"tabpanel\" data-tab=\"9\" aria-labelledby=\"elementor-tab-title-1949\">\n<p>Whatsapp: 53 984751621 \u2013 Clicar no canto da tela ou ESCANEIE O QRCODE ABAIXO<\/p>\n<h4><img decoding=\"async\" class=\"alignnone wp-image-13699 jetpack-lazy-image jetpack-lazy-image--handled\" src=\"https:\/\/i0.wp.com\/portifolioos-prontos.com\/wp-content\/uploads\/2023\/02\/whatsapp-business-projeto-de-extensao-300x300.jpeg?resize=144%2C144\" sizes=\"(max-width: 144px) 100vw, 144px\" srcset=\"https:\/\/i0.wp.com\/portifolioos-prontos.com\/wp-content\/uploads\/2023\/02\/whatsapp-business-projeto-de-extensao.jpeg?resize=300%2C301&amp;ssl=1 300w, https:\/\/i0.wp.com\/portifolioos-prontos.com\/wp-content\/uploads\/2023\/02\/whatsapp-business-projeto-de-extensao.jpeg?resize=150%2C150&amp;ssl=1 150w, https:\/\/i0.wp.com\/portifolioos-prontos.com\/wp-content\/uploads\/2023\/02\/whatsapp-business-projeto-de-extensao.jpeg?resize=370%2C372&amp;ssl=1 370w, https:\/\/i0.wp.com\/portifolioos-prontos.com\/wp-content\/uploads\/2023\/02\/whatsapp-business-projeto-de-extensao.jpeg?resize=100%2C100&amp;ssl=1 100w, https:\/\/i0.wp.com\/portifolioos-prontos.com\/wp-content\/uploads\/2023\/02\/whatsapp-business-projeto-de-extensao.jpeg?w=470&amp;ssl=1 470w\" alt=\"projeto de extens\u00e3o unopar\" width=\"144\" height=\"144\" data-lazy-loaded=\"1\" \/><\/h4>\n<\/div>\n<div class=\"elementor-toggle-item\">\n<div id=\"elementor-tab-content-1949\" class=\"elementor-tab-content elementor-clearfix elementor-active\" role=\"tabpanel\" data-tab=\"9\" aria-labelledby=\"elementor-tab-title-1949\">\n<p>E-mail:portifoliosp@gmail.com<\/p>\n<div id=\"attachment_143\" class=\"wp-caption alignnone\">\n<div id=\"attachment_143\" class=\"wp-caption alignnone\">\n<p id=\"caption-attachment-143\" class=\"wp-caption-text\"><a href=\"http:\/\/portfolio-pronto.com\/\">Portf\u00f3lio<\/a>\u00a0em Word, respondido, completo e j\u00e1 nas normas<\/p>\n<\/div>\n<\/div>\n<\/div>\n<\/div>\n<\/div>\n","protected":false},"excerpt":{"rendered":"<div class=\"product-short-description\">\n<div class=\"product-short-description\">\n<p><strong>Pague pelo PIX ou cart\u00e3o e fa\u00e7a o download agora mesmo.<\/strong><\/p>\n<\/div>\n<div class=\"sticky-add-to-cart-wrapper\">\n<div class=\"sticky-add-to-cart\">\n<p class=\"quantity buttons_added form-flat\"><img decoding=\"async\" class=\"lazyloaded smush-image-5 smush-image-3 smush-image-4 smush-detected-img smush-image-bigger-3\" src=\"https:\/\/d26lpennugtm8s.cloudfront.net\/assets\/common\/img\/logos\/payment\/visa@2x.png\" width=\"46\" height=\"29\" data-src=\"https:\/\/d26lpennugtm8s.cloudfront.net\/assets\/common\/img\/logos\/payment\/visa@2x.png\" \/><img decoding=\"async\" class=\"lazyloaded smush-image-6 smush-image-4 smush-image-5 smush-detected-img smush-image-bigger-4\" src=\"https:\/\/d26lpennugtm8s.cloudfront.net\/assets\/common\/img\/logos\/payment\/boleto@2x.png\" width=\"43\" height=\"27\" data-src=\"https:\/\/d26lpennugtm8s.cloudfront.net\/assets\/common\/img\/logos\/payment\/boleto@2x.png\" \/><img loading=\"lazy\" decoding=\"async\" class=\"lazyloaded smush-image-7 smush-image-5 smush-image-6 smush-detected-img smush-image-bigger-5\" src=\"https:\/\/d26lpennugtm8s.cloudfront.net\/assets\/common\/img\/logos\/payment\/mastercard@2x.png\" width=\"43\" height=\"27\" data-src=\"https:\/\/d26lpennugtm8s.cloudfront.net\/assets\/common\/img\/logos\/payment\/mastercard@2x.png\" \/><img loading=\"lazy\" decoding=\"async\" class=\"lazyloaded smush-image-8 smush-image-6 smush-image-7 smush-detected-img smush-image-bigger-6\" src=\"https:\/\/d26lpennugtm8s.cloudfront.net\/assets\/common\/img\/logos\/payment\/amex@2x.png\" width=\"43\" height=\"27\" data-src=\"https:\/\/d26lpennugtm8s.cloudfront.net\/assets\/common\/img\/logos\/payment\/amex@2x.png\" \/><img loading=\"lazy\" decoding=\"async\" class=\"lazyloaded smush-image-9 smush-image-7 smush-image-8 smush-detected-img smush-image-bigger-7\" src=\"https:\/\/d26lpennugtm8s.cloudfront.net\/assets\/common\/img\/logos\/payment\/diners@2x.png\" width=\"46\" height=\"29\" data-src=\"https:\/\/d26lpennugtm8s.cloudfront.net\/assets\/common\/img\/logos\/payment\/diners@2x.png\" \/><img loading=\"lazy\" decoding=\"async\" class=\"lazyloaded smush-image-10 smush-image-8 smush-image-9 alignnone smush-detected-img smush-image-bigger-8\" src=\"https:\/\/d26lpennugtm8s.cloudfront.net\/assets\/common\/img\/logos\/payment\/br\/elo@2x.png\" alt=\"portf\u00f3lio unopar anhanguera\" width=\"45\" height=\"28\" data-src=\"https:\/\/d26lpennugtm8s.cloudfront.net\/assets\/common\/img\/logos\/payment\/br\/elo@2x.png\" \/><img loading=\"lazy\" decoding=\"async\" class=\"lazyloaded smush-image-11 smush-image-9 smush-image-10 alignnone smush-detected-img smush-image-bigger-9\" src=\"https:\/\/d26lpennugtm8s.cloudfront.net\/assets\/common\/img\/logos\/payment\/br\/hipercard@2x.png\" alt=\"portf\u00f3lio unopar anhanguera\" width=\"44\" height=\"28\" data-src=\"https:\/\/d26lpennugtm8s.cloudfront.net\/assets\/common\/img\/logos\/payment\/br\/hipercard@2x.png\" \/><img loading=\"lazy\" decoding=\"async\" class=\"lazyloaded smush-image-12 smush-image-10 smush-image-11 alignnone smush-detected-img smush-image-bigger-10\" src=\"https:\/\/d26lpennugtm8s.cloudfront.net\/assets\/common\/img\/logos\/payment\/mercadopago@2x.png\" alt=\"portf\u00f3lio unopar anhanguera\" width=\"45\" height=\"28\" data-src=\"https:\/\/d26lpennugtm8s.cloudfront.net\/assets\/common\/img\/logos\/payment\/mercadopago@2x.png\" \/><img loading=\"lazy\" decoding=\"async\" class=\"alignnone lazyloaded smush-detected-img smush-image-bigger-11\" src=\"https:\/\/futurium.com.br\/wp-content\/uploads\/2021\/06\/logo-pix-icone-512.png\" alt=\"portfolio pronto\" width=\"30\" height=\"30\" data-src=\"https:\/\/futurium.com.br\/wp-content\/uploads\/2021\/06\/logo-pix-icone-512.png\" \/><\/p>\n<\/div>\n<\/div>\n<\/div>\n<div class=\"sticky-add-to-cart-wrapper\">\n<div class=\"sticky-add-to-cart\">\n<div class=\"quantity buttons_added form-flat\"><\/div>\n<\/div>\n<\/div>\n","protected":false},"featured_media":41285,"template":"","meta":{"_seopress_robots_primary_cat":"","_seopress_titles_title":"%%title%% Unopar e Anhanguera","_seopress_titles_desc":"Portf\u00f3lio Pronto Aula Pr\u00e1tica Homeopatia Unopar e Anhanguera, projeto de extens\u00e3o I, II e III e mais. Nas normas e em word. Download Imediato.","_seopress_robots_index":""},"product_cat":[68,121],"product_tag":[],"class_list":{"0":"post-41283","1":"product","2":"type-product","3":"status-publish","4":"has-post-thumbnail","6":"product_cat-podologia","7":"product_cat-terapias-integrativas-e-complementares","9":"first","10":"instock","11":"downloadable","12":"virtual","13":"purchasable","14":"product-type-simple","15":"col-xs-6 col-sm-4","16":"col-mf-5","17":"un-5-cols"},"jetpack_sharing_enabled":true,"_links":{"self":[{"href":"https:\/\/portifolioos-prontos.com\/index.php\/wp-json\/wp\/v2\/product\/41283","targetHints":{"allow":["GET"]}}],"collection":[{"href":"https:\/\/portifolioos-prontos.com\/index.php\/wp-json\/wp\/v2\/product"}],"about":[{"href":"https:\/\/portifolioos-prontos.com\/index.php\/wp-json\/wp\/v2\/types\/product"}],"version-history":[{"count":1,"href":"https:\/\/portifolioos-prontos.com\/index.php\/wp-json\/wp\/v2\/product\/41283\/revisions"}],"predecessor-version":[{"id":45788,"href":"https:\/\/portifolioos-prontos.com\/index.php\/wp-json\/wp\/v2\/product\/41283\/revisions\/45788"}],"wp:featuredmedia":[{"embeddable":true,"href":"https:\/\/portifolioos-prontos.com\/index.php\/wp-json\/wp\/v2\/media\/41285"}],"wp:attachment":[{"href":"https:\/\/portifolioos-prontos.com\/index.php\/wp-json\/wp\/v2\/media?parent=41283"}],"wp:term":[{"taxonomy":"product_cat","embeddable":true,"href":"https:\/\/portifolioos-prontos.com\/index.php\/wp-json\/wp\/v2\/product_cat?post=41283"},{"taxonomy":"product_tag","embeddable":true,"href":"https:\/\/portifolioos-prontos.com\/index.php\/wp-json\/wp\/v2\/product_tag?post=41283"}],"curies":[{"name":"wp","href":"https:\/\/api.w.org\/{rel}","templated":true}]}}