{"id":41291,"date":"2025-08-02T15:00:43","date_gmt":"2025-08-02T18:00:43","guid":{"rendered":"https:\/\/portifolioos-prontos.com\/?post_type=product&#038;p=41291"},"modified":"2025-10-11T14:51:48","modified_gmt":"2025-10-11T17:51:48","slug":"aula-pratica-maquinas-e-mecanizacao-agricola","status":"publish","type":"product","link":"https:\/\/portifolioos-prontos.com\/index.php\/product\/aula-pratica-maquinas-e-mecanizacao-agricola\/","title":{"rendered":"Aula Pr\u00e1tica M\u00e1quinas e Mecaniza\u00e7\u00e3o Agr\u00edcola"},"content":{"rendered":"<h3>Portf\u00f3lio Aula Pr\u00e1tica M\u00e1quinas e Mecaniza\u00e7\u00e3o Agr\u00edcola<\/h3>\n<p>ROTEIRO DE AULA PR\u00c1TICA<br \/>\nNOME DA DISCIPLINA: M\u00c1QUINAS E MECANIZA\u00c7\u00c3O AGR\u00cdCOLA<br \/>\nUnidade: U02_Motores a combust\u00e3o interna: componentes e funcionamento<br \/>\nSe\u00e7\u00e3o: 02_ Motores de Combust\u00e3o Interna: Estruturas E Funcionamento<br \/>\nOBJETIVOS<br \/>\nDefini\u00e7\u00e3o dos objetivos da aula pr\u00e1tica:<br \/>\n\u2022 Reconhecer o funcionamento de um motor a combust\u00e3o interna, utilizando uma<br \/>\nBancada did\u00e1tica;<br \/>\n\u2022 comparar um motor a gasolina com um a diesel e saber suas diferen\u00e7as;<br \/>\n\u2022 Avaliar a cilindrada de um motor e sua taxa de compress\u00e3o, por meio das<br \/>\ncaracter\u00edsticas geom\u00e9tricas do motor.<br \/>\nSOLU\u00c7\u00c3O DIGITAL:<br \/>\nLaborat\u00f3rio Virtual Algetec<br \/>\nLaborat\u00f3rio Virtual Algetec &#8211; Engenharias e Arquitetura &#8211; Pr\u00e1ticas Espec\u00edficas de Eng. mec\u00e2nica<br \/>\ne Eng. Produ\u00e7\u00e3o &#8211; simulador: Motores de Combust\u00e3o Interna: Desmontagem de um Motor de<br \/>\nCombust\u00e3o Interna<br \/>\nO laborat\u00f3rio virtual \u00e9 uma plataforma para simula\u00e7\u00e3o de procedimentos em laborat\u00f3rio e deve<br \/>\nser acessado preferencialmente por computador.<br \/>\nPROCEDIMENTOS PR\u00c1TICOS E APLICA\u00c7\u00d5ES<br \/>\nProcedimento\/Atividade n\u00ba 1<br \/>\nDesmontagem de um Motor de Combust\u00e3o Interna<br \/>\nAtividade proposta: Neste experimento, voc\u00ea vai estudar os motores a combust\u00e3o a partir de<br \/>\nsua desmontagem. Dessa forma, vai conhecer a fun\u00e7\u00e3o de cada um dos componentes de um<br \/>\nmotor de combust\u00e3o interna de quatro tempos, o mais utilizado em ve\u00edculos. Al\u00e9m do<br \/>\nconhecimento pr\u00e1tico, o experimento vai desmistificar o funcionamento do motor de combust\u00e3o<br \/>\ninterna. A exposi\u00e7\u00e3o dos componentes proporciona maior visibilidade das partes do motor.<br \/>\nP\u00fablico3<br \/>\nO conhecimento da estrutura de um motor de combust\u00e3o interna \u00e9 fundamental para<br \/>\nprofissionais de agroneg\u00f3cio que lidam com tratores agr\u00edcolas, pois permite a compreens\u00e3o do<br \/>\nfuncionamento, manuten\u00e7\u00e3o e otimiza\u00e7\u00e3o do desempenho dessas m\u00e1quinas. Isso resulta em<br \/>\nmaior efici\u00eancia operacional, economia de recursos e menor impacto ambiental, garantindo o<br \/>\nsucesso e sustentabilidade nas atividades agr\u00edcolas.<br \/>\nProcedimentos para a realiza\u00e7\u00e3o da atividade:<br \/>\nVisualize o arm\u00e1rio de EPIs clicando com o bot\u00e3o esquerdo do mouse na C\u00e2mera \u201cArm\u00e1rio de<br \/>\nEPIs\u201d ou utilizando o atalho \u201cAlt+4\u201d (imagem inicial do experimento).<br \/>\nAbra o arm\u00e1rio de <a href=\"http:\/\/portfolio-pronto.com\">EPIs<\/a> clicando com o bot\u00e3o esquerdo do mouse em uma de suas portas.<br \/>\nColoque o jaleco, as luvas e os \u00f3culos clicando com o bot\u00e3o esquerdo do mouse em cada um<br \/>\ndeles.<br \/>\nAbra o arm\u00e1rio de EPIs clicando com o bot\u00e3o esquerdo do mouse em uma de suas portas.<br \/>\nColoque o jaleco, as luvas e os \u00f3culos clicando com o bot\u00e3o esquerdo do mouse em cada um<br \/>\ndeles.<br \/>\nFeche o arm\u00e1rio de EPIs clicando com o bot\u00e3o esquerdo do mouse em uma de suas portas.<br \/>\nVisualize o motor clicando com o bot\u00e3o esquerdo do mouse na c\u00e2mera \u201cVista principal\u201d do<br \/>\nmenu \u201cVisualiza\u00e7\u00e3o\u201d ou utilizando o atalho \u201cAlt+2\u201d.<br \/>\nP\u00fablico4<br \/>\nRetire os parafusos da tampa do cabe\u00e7ote clicando como bot\u00e3o esquerdo do mouse em um<br \/>\ndeles.<br \/>\nRetire a tampa do cabe\u00e7ote clicando como bot\u00e3o esquerdo do mouse nele.<br \/>\nVisualize a correia do motor clicando com o bot\u00e3o esquerdo do mouse na c\u00e2mera \u201cLateral do<br \/>\nmotor\u201d do menu \u201cVisualiza\u00e7\u00e3o\u201d ou utilizando o atalho \u201cAlt+7\u201d.<br \/>\nRetire a correia clicando com o bot\u00e3o esquerdo do mouse nela.<br \/>\nVisualize o cabe\u00e7ote clicando com o bot\u00e3o esquerdo do mouse na c\u00e2mera \u201cMotor superior\u201d do<br \/>\nmenu \u201cVisualiza\u00e7\u00e3o\u201d ou utilizando o atalho \u201cAlt+3\u201d.<br \/>\nRemova o cabe\u00e7ote clicando com o bot\u00e3o esquerdo do mouse nele.<br \/>\nObserve o adaptador do bloco do motor e do cabe\u00e7ote e visualize se h\u00e1 avarias ou trincas.<br \/>\nRemova o adaptador clicando com o bot\u00e3o esquerdo do mouse nele.<br \/>\n1 Acesse a vista principal do motor como feito anteriormente na se\u00e7\u00e3o 1 deste tutorial.<br \/>\nRemova os parafusos do c\u00e1rter clicando com o bot\u00e3o esquerdo do mouse em um deles. Visualize<br \/>\nVisualize a lateral do suporte do motor clicando com o bot\u00e3o esquerdo do mouse na c\u00e2mera<br \/>\n\u201cLateral do suporte\u201d do menu \u201cVisualiza\u00e7\u00e3o\u201d ou utilizando o atalho \u201cAlt+6\u201d.<br \/>\nGire o motor em 180\u00b0 clicando com o bot\u00e3o esquerdo do mouse 9 vezes na manivela do suporte.<br \/>\nVisualize o motor na vista superior como feito anteriormente nesta se\u00e7\u00e3o deste tutorial.<br \/>\n1 Remova o c\u00e1rter do motor clicando com o bot\u00e3o esquerdo do mouse nele.<br \/>\nRemova os parafusos das bielas clicando com o bot\u00e3o esquerdo do mouse em um deles.<br \/>\nRemova a parte inferior das bielas clicando com o bot\u00e3o esquerdo do mouse em uma delas.<br \/>\nRemova o conjunto biela e pist\u00e3o clicando com o bot\u00e3o esquerdo do mouse no em um deles.<br \/>\nInspecione os conjuntos biela-pist\u00e3o clicando com o bot\u00e3o esquerdo do mouse em cada um deles<br \/>\nObtenha a vista explodida do conjunto clicando com o bot\u00e3o esquerdo do mouse em \u201cVista<br \/>\nexplodida\u201d.<br \/>\nRotacione o conjunto clicando com o bot\u00e3o direito mouse na tela e mexendo o mouse.<br \/>\nP\u00fablico5<br \/>\n2 Altere o zoom do conjunto clicando utilizando o bot\u00e3o scroll do mouse.<br \/>\nVisualize a bancada da oficina clicando com o bot\u00e3o esquerdo do mouse no bot\u00e3o \u201cRetornar\u201d.<br \/>\nAvaliando os resultados:<br \/>\nVoc\u00ea dever\u00e1 entregar um documento (formato docx) contendo os prints de tela com a<br \/>\nsequ\u00eancia do experimento e as respostas as seguintes perguntas:<br \/>\n1. Quais danos podem ser causados caso o adaptador do bloco do motor e cabe\u00e7ote tenha<br \/>\ntrincas?<br \/>\n2. De acordo com o que foi observado no laborat\u00f3rio, \u00e9 necess\u00e1ria a troca do adaptador do<br \/>\nbloco do motor e cabe\u00e7ote?<br \/>\n3. O que deve ser observado nos pist\u00f5es e bielas para avaliar se o funcionamento desses<br \/>\ncomponentes pode acontecer corretamente?<br \/>\nChecklist:<br \/>\n\u2022 Computador com acesso \u00e0 internet<br \/>\n\u2022 Acesso \u00e0 plataforma Algetec de experimentos pr\u00e1ticos<br \/>\n\u2022 Acesso ao experimento: Motores de Combust\u00e3o Interna: Desmontagem de um Motor de<br \/>\nCombust\u00e3o Interna<br \/>\nRESULTADOS<br \/>\nResultados do experimento:<br \/>\nAo final dessa aula pr\u00e1tica, voc\u00ea dever\u00e1 enviar um arquivo em word contendo as informa\u00e7\u00f5es<br \/>\nobtidas no experimento, os c\u00e1lculos realizados, em conjunto com um texto conclusivo a respeito<br \/>\ndas informa\u00e7\u00f5es obtidas. O arquivo n\u00e3o pode exceder o tamanho de 2Mb.<br \/>\n\u2022 Refer\u00eancias bibliogr\u00e1ficas ABNT (quando houver).<br \/>\nResultados de Aprendizagem:<br \/>\nReconhecer o funcionamento de um motor a combust\u00e3o interna, utilizando uma bancada did\u00e1tica;<br \/>\nComparar um motor a gasolina com um a diesel e saber suas diferen\u00e7as;<br \/>\nP\u00fablico6<br \/>\nNOME DA DISCIPLINA: M\u00c1QUINAS E MECANIZA\u00c7\u00c3O AGR\u00cdCOLA<br \/>\nUnidade: U04_ Colheitadeiras.<br \/>\nSe\u00e7\u00e3o: 02_ Colheitadeiras.<br \/>\nOBJETIVOS<br \/>\nDefini\u00e7\u00e3o dos objetivos da aula pr\u00e1tica:<br \/>\n\u2022 Identificar os itens necess\u00e1rios para a verifica\u00e7\u00e3o e inspe\u00e7\u00e3o antes do<br \/>\nfuncionamento das m\u00e1quinas agr\u00edcolas;<br \/>\n\u2022 Analisar os tipos de manuten\u00e7\u00f5es que podem ser realizadas nas m\u00e1quinas<br \/>\nagr\u00edcolas.<br \/>\nSOLU\u00c7\u00c3O DIGITAL:<br \/>\nLaborat\u00f3rio Virtual Algetec<br \/>\nLaborat\u00f3rio Virtual Algetec \u2013 Exatas &#8211; Agronomia &#8211; simulador: Gest\u00e3o do Agroneg\u00f3cio:<br \/>\nManuten\u00e7\u00e3o de M\u00e1quinas Agr\u00edcolas Antes das Opera\u00e7\u00f5es<br \/>\nO laborat\u00f3rio virtual \u00e9 uma plataforma para simula\u00e7\u00e3o de procedimentos em laborat\u00f3rio e deve<br \/>\nser acessado preferencialmente por computador.<br \/>\nPROCEDIMENTOS PR\u00c1TICOS E APLICA\u00c7\u00d5ES<br \/>\nProcedimento\/Atividade n\u00ba 1<br \/>\nManuten\u00e7\u00e3o de M\u00e1quinas Agr\u00edcolas Antes das Opera\u00e7\u00f5es<br \/>\nAtividade proposta: A manuten\u00e7\u00e3o \u00e9 garantia de longevidade e lucro. Investir em tratores e<br \/>\nimplementos, como colheitadeiras, semeadoras ou pulverizadores requer um alto valor, assim, \u00e9<br \/>\npreciso cuidar muito bem para que os problemas mec\u00e2nicos n\u00e3o atrapalhem o seu desempenho<br \/>\ne opera\u00e7\u00e3o.<br \/>\nO conhecimento da manuten\u00e7\u00e3o de tratores agr\u00edcolas \u00e9 crucial para profissionais do agroneg\u00f3cio,<br \/>\numa vez que essas m\u00e1quinas s\u00e3o a espinha dorsal das opera\u00e7\u00f5es agr\u00edcolas modernas.<br \/>\nCompreender os procedimentos de manuten\u00e7\u00e3o, como troca de \u00f3leo, ajustes mec\u00e2nicos e<br \/>\nreparos el\u00e9tricos, aumenta a confiabilidade e a longevidade dos tratores. Al\u00e9m disso, a<br \/>\nmanuten\u00e7\u00e3o adequada minimiza o tempo de inatividade n\u00e3o planejado, otimiza o desempenho,<br \/>\neconomiza recursos e reduz os custos operacionais. Isso n\u00e3o apenas aumenta a efici\u00eancia das<br \/>\nopera\u00e7\u00f5es agr\u00edcolas, mas tamb\u00e9m contribui para a sustentabilidade e o sucesso a longo prazo<br \/>\nno agroneg\u00f3cio.<br \/>\nEste laborat\u00f3rio tem o objetivo de apresentar os procedimentos para efetuar as verifica\u00e7\u00f5es dos<br \/>\nitens de funcionamento e seguran\u00e7a para a realiza\u00e7\u00e3o de opera\u00e7\u00f5es com m\u00e1quinas agr\u00edcolas.<br \/>\nP\u00fablico7<br \/>\nProcedimentos para a realiza\u00e7\u00e3o da atividade:<br \/>\nLeia o texto conceitual e, ap\u00f3s isso, inicie a pr\u00e1tica clicando com o bot\u00e3o esquerdo do mouse<br \/>\nem \u201cIniciar\u201d.<br \/>\n1) Verifique cada item da m\u00e1quina clicando com bot\u00e3o esquerdo do mouse em cada uma das<br \/>\nlupas na imagem.<br \/>\nP\u00fablico8<br \/>\nRealize a manuten\u00e7\u00e3o do item clicando com o bot\u00e3o esquerdo do mouse na lupa<br \/>\n1) Visualize os outros itens que devem ser verificados clicando com bot\u00e3o esquerdo do mouse<br \/>\nem \u201cVoltar\u201d.<br \/>\n1) Siga para o question\u00e1rio, ap\u00f3s verificar todos os itens da m\u00e1quina, clicando com o bot\u00e3o<br \/>\nesquerdo do mouse em \u201cContinuar\u201d.<br \/>\n1) Responda a primeira pergunta do question\u00e1rio clicando com o bot\u00e3o esquerdo do mouse na<br \/>\ncaixa de texto e inserindo sua resposta atrav\u00e9s do teclado do seu computador.<br \/>\nVisualize a pr\u00f3xima pergunta clicando com o bot\u00e3o esquerdo do mouse em \u201cPr\u00f3xima\u201d.<br \/>\n2) Responda as demais perguntas da aula at\u00e9 finalizar a quinta pergunta<br \/>\n3) Gere o relat\u00f3rio com suas respostas clicando com o bot\u00e3o esquerdo do mouse em \u201cGerar<br \/>\nRelat\u00f3rio\u201d.<br \/>\n4) Fa\u00e7a o download do relat\u00f3rio com suas respostas clicando com o bot\u00e3o esquerdo do mouse<br \/>\nem \u201cSalvar Relat\u00f3rio\u201d.<br \/>\nAo final da aula, cabe o aluno preparar um relat\u00f3rio t\u00e9cnico.<br \/>\nAvaliando os resultados:<br \/>\nVoc\u00ea dever\u00e1 entregar um documento (formato docx) contendo os prints de tela com a<br \/>\nsequ\u00eancia do experimento e um relat\u00f3rio contendo as seguintes se\u00e7\u00f5es:<br \/>\n1. Introdu\u00e7\u00e3o:<br \/>\n&#8211; Contextualiza\u00e7\u00e3o sobre manuten\u00e7\u00e3o de m\u00e1quinas agr\u00edcola<br \/>\n2. Metodologia:<br \/>\n&#8211; Descri\u00e7\u00e3o das etapas adotadas para manuten\u00e7\u00e3o.<br \/>\n&#8211; Explica\u00e7\u00e3o dos passos seguido.<br \/>\n3. Resultados:<br \/>\n-Quais elementos foram foco da manuten\u00e7\u00e3o?<br \/>\n4. Discuss\u00e3o:<br \/>\n-Qual a fun\u00e7\u00e3o de cada elemento e import\u00e2ncia relacionada a manuten\u00e7\u00e3o?<br \/>\nP\u00fablico9<br \/>\n5. Conclus\u00e3o:<br \/>\n-Recapitula\u00e7\u00e3o dos principais pontos abordados no relat\u00f3rio<br \/>\nChecklist:<br \/>\n\u2022 Computador com acesso \u00e0 internet<br \/>\n\u2022 Acesso \u00e0 plataforma Algetec de experimentos pr\u00e1ticos<br \/>\n\u2022 Acesso ao experimento:<br \/>\n\u2022 Gest\u00e3o do Agroneg\u00f3cio: Manuten\u00e7\u00e3o de M\u00e1quinas Agr\u00edcolas Antes das Opera\u00e7\u00f5es<br \/>\nRESULTADOS<br \/>\nResultados do experimento:<br \/>\nAo final dessa aula pr\u00e1tica, voc\u00ea dever\u00e1 enviar um arquivo em word contendo as informa\u00e7\u00f5es<br \/>\nobtidas no experimento, os c\u00e1lculos realizados, em conjunto com um texto conclusivo a respeito<br \/>\ndas informa\u00e7\u00f5es obtidas. O arquivo n\u00e3o pode exceder o tamanho de 2Mb.<br \/>\n\u2022 Refer\u00eancias bibliogr\u00e1ficas ABNT (quando houver).<br \/>\nResultados de Aprendizagem:<br \/>\n-Entender a import\u00e2ncia da manuten\u00e7\u00e3o e verifica\u00e7\u00e3o de m\u00e1quinas agr\u00edcolas, seus sistemas,<br \/>\ncomponentes, elaborando relat\u00f3rio de verifica\u00e7\u00e3o e checagem dessas m\u00e1quinas Comparar um<br \/>\nmotor a gasolina com um a diesel e saber suas diferen\u00e7as;<\/p>\n<div class=\"elementor-toggle-item\">\n<div class=\"elementor-toggle-item\">\n<p id=\"elementor-tab-title-1941\" class=\"elementor-tab-title elementor-active\" tabindex=\"0\" role=\"tab\" data-tab=\"1\" aria-controls=\"elementor-tab-content-1941\" aria-expanded=\"true\" aria-selected=\"true\"><strong>Como funciona?<\/strong><\/p>\n<p>Elaboramos os portf\u00f3lios, j\u00e1 deixamos prontos, nas normas da ABNT e conforme os requisitos da universidade. F\u00e1cil assim! O MELHOR \u00c9 QUE VOC\u00ca COMPRA E J\u00c1 BAIXA NA HORA O SEU ARQUIVO EM WORD! Sabemos que conciliar trabalho, fam\u00edlia, vida profissional e estudos \u00e9 dif\u00edcil hoje em dia, por isso, estamos aqui para ajudar voc\u00ea. Conte com nossa qualidade, experi\u00eancia e profissionalismo adquirindo seu portf\u00f3lio conosco. GARANTIMOS SEU CONCEITO!<\/p>\n<p><strong>Como se realizam os envios?<\/strong><\/p>\n<\/div>\n<p id=\"elementor-tab-content-1942\" class=\"elementor-tab-content elementor-clearfix elementor-active\" role=\"tabpanel\" data-tab=\"2\" aria-labelledby=\"elementor-tab-title-1942\">O seu trabalho \u00e9 disponibilizado pronto, respondido e nas normas j\u00e1 na mesma hora aqui em nosso site na sua \u00e1rea de downloads e tamb\u00e9m no seu e-mail.<\/p>\n<p><strong>Em quanto tempo recebo o portf\u00f3lio?<\/strong><\/p>\n<p>Os envios s\u00e3o imediatos. Ap\u00f3s sua compra, o trabalho j\u00e1 \u00e9 disponibilizado instantaneamente aqui em nosso site e no seu e-mail.<\/p>\n<p><strong>E se o portf\u00f3lio que comprei precisar de corre\u00e7\u00e3o?<\/strong><\/p>\n<p>Caso haja alguma solicita\u00e7\u00e3o de corre\u00e7\u00e3o\/altera\u00e7\u00e3o por parte do tutor, basta entrar em contato conosco pelo\u00a0WhatsApp\u00a0que provid\u00eanciaremos sem custo algum.<\/p>\n<p><strong>Qual o formato do arquivo?<\/strong><\/p>\n<p>Os arquivos s\u00e3o enviados em formato Word e s\u00e3o edit\u00e1veis.<\/p>\n<p><strong>Caso eu tiver alguma d\u00favida, terei suporte no p\u00f3s venda?<\/strong><\/p>\n<p>Sim, com certeza. Basta clicar no \u00edcone do WhatsApp no cantinho da tela. Ser\u00e1 um prazer atend\u00ea-lo(a).<\/p>\n<div id=\"elementor-tab-content-1948\" class=\"elementor-tab-content elementor-clearfix elementor-active\" role=\"tabpanel\" data-tab=\"8\" aria-labelledby=\"elementor-tab-title-1948\">\n<p><strong>Quais os seus canais de contato?<\/strong><\/p>\n<\/div>\n<div id=\"elementor-tab-content-1949\" class=\"elementor-tab-content elementor-clearfix elementor-active\" role=\"tabpanel\" data-tab=\"9\" aria-labelledby=\"elementor-tab-title-1949\">\n<p>Whatsapp: 53 984751621 \u2013 Clicar no canto da tela ou ESCANEIE O QRCODE ABAIXO<\/p>\n<h4><img decoding=\"async\" class=\"alignnone wp-image-13699 jetpack-lazy-image jetpack-lazy-image--handled\" src=\"https:\/\/i0.wp.com\/portifolioos-prontos.com\/wp-content\/uploads\/2023\/02\/whatsapp-business-projeto-de-extensao-300x300.jpeg?resize=144%2C144\" sizes=\"(max-width: 144px) 100vw, 144px\" srcset=\"https:\/\/i0.wp.com\/portifolioos-prontos.com\/wp-content\/uploads\/2023\/02\/whatsapp-business-projeto-de-extensao.jpeg?resize=300%2C301&amp;ssl=1 300w, https:\/\/i0.wp.com\/portifolioos-prontos.com\/wp-content\/uploads\/2023\/02\/whatsapp-business-projeto-de-extensao.jpeg?resize=150%2C150&amp;ssl=1 150w, https:\/\/i0.wp.com\/portifolioos-prontos.com\/wp-content\/uploads\/2023\/02\/whatsapp-business-projeto-de-extensao.jpeg?resize=370%2C372&amp;ssl=1 370w, https:\/\/i0.wp.com\/portifolioos-prontos.com\/wp-content\/uploads\/2023\/02\/whatsapp-business-projeto-de-extensao.jpeg?resize=100%2C100&amp;ssl=1 100w, https:\/\/i0.wp.com\/portifolioos-prontos.com\/wp-content\/uploads\/2023\/02\/whatsapp-business-projeto-de-extensao.jpeg?w=470&amp;ssl=1 470w\" alt=\"projeto de extens\u00e3o unopar\" width=\"144\" height=\"144\" data-lazy-loaded=\"1\" \/><\/h4>\n<\/div>\n<div class=\"elementor-toggle-item\">\n<div id=\"elementor-tab-content-1949\" class=\"elementor-tab-content elementor-clearfix elementor-active\" role=\"tabpanel\" data-tab=\"9\" aria-labelledby=\"elementor-tab-title-1949\">\n<p>E-mail:portifoliosp@gmail.com<\/p>\n<div id=\"attachment_143\" class=\"wp-caption alignnone\">\n<div id=\"attachment_143\" class=\"wp-caption alignnone\">\n<p id=\"caption-attachment-143\" class=\"wp-caption-text\"><a href=\"http:\/\/portfolio-pronto.com\/\">Portf\u00f3lio<\/a>\u00a0em Word, respondido, completo e j\u00e1 nas normas<\/p>\n<\/div>\n<\/div>\n<\/div>\n<\/div>\n<\/div>\n","protected":false},"excerpt":{"rendered":"<div class=\"woocommerce-product-details__short-description\">\n<div class=\"product-short-description\">\n<div class=\"product-short-description\">\n<p><strong>Pague pelo PIX ou cart\u00e3o e fa\u00e7a o download agora mesmo.<\/strong><\/p>\n<\/div>\n<div class=\"sticky-add-to-cart-wrapper\">\n<div class=\"sticky-add-to-cart\">\n<p class=\"quantity buttons_added form-flat\"><img decoding=\"async\" class=\"lazyloaded smush-image-5 smush-image-3 smush-image-4 smush-detected-img smush-image-bigger-3\" src=\"https:\/\/d26lpennugtm8s.cloudfront.net\/assets\/common\/img\/logos\/payment\/visa@2x.png\" width=\"46\" height=\"29\" data-src=\"https:\/\/d26lpennugtm8s.cloudfront.net\/assets\/common\/img\/logos\/payment\/visa@2x.png\" \/><img decoding=\"async\" class=\"lazyloaded smush-image-6 smush-image-4 smush-image-5 smush-detected-img smush-image-bigger-4\" src=\"https:\/\/d26lpennugtm8s.cloudfront.net\/assets\/common\/img\/logos\/payment\/boleto@2x.png\" width=\"43\" height=\"27\" data-src=\"https:\/\/d26lpennugtm8s.cloudfront.net\/assets\/common\/img\/logos\/payment\/boleto@2x.png\" \/><img loading=\"lazy\" decoding=\"async\" class=\"lazyloaded smush-image-7 smush-image-5 smush-image-6 smush-detected-img smush-image-bigger-5\" src=\"https:\/\/d26lpennugtm8s.cloudfront.net\/assets\/common\/img\/logos\/payment\/mastercard@2x.png\" width=\"43\" height=\"27\" data-src=\"https:\/\/d26lpennugtm8s.cloudfront.net\/assets\/common\/img\/logos\/payment\/mastercard@2x.png\" \/><img loading=\"lazy\" decoding=\"async\" class=\"lazyloaded smush-image-8 smush-image-6 smush-image-7 smush-detected-img smush-image-bigger-6\" src=\"https:\/\/d26lpennugtm8s.cloudfront.net\/assets\/common\/img\/logos\/payment\/amex@2x.png\" width=\"43\" height=\"27\" data-src=\"https:\/\/d26lpennugtm8s.cloudfront.net\/assets\/common\/img\/logos\/payment\/amex@2x.png\" \/><img loading=\"lazy\" decoding=\"async\" class=\"lazyloaded smush-image-9 smush-image-7 smush-image-8 smush-detected-img smush-image-bigger-7\" src=\"https:\/\/d26lpennugtm8s.cloudfront.net\/assets\/common\/img\/logos\/payment\/diners@2x.png\" width=\"46\" height=\"29\" data-src=\"https:\/\/d26lpennugtm8s.cloudfront.net\/assets\/common\/img\/logos\/payment\/diners@2x.png\" \/><img loading=\"lazy\" decoding=\"async\" class=\"lazyloaded smush-image-10 smush-image-8 smush-image-9 alignnone smush-detected-img smush-image-bigger-8\" src=\"https:\/\/d26lpennugtm8s.cloudfront.net\/assets\/common\/img\/logos\/payment\/br\/elo@2x.png\" alt=\"portf\u00f3lio unopar anhanguera\" width=\"45\" height=\"28\" data-src=\"https:\/\/d26lpennugtm8s.cloudfront.net\/assets\/common\/img\/logos\/payment\/br\/elo@2x.png\" \/><img loading=\"lazy\" decoding=\"async\" class=\"lazyloaded smush-image-11 smush-image-9 smush-image-10 alignnone smush-detected-img smush-image-bigger-9\" src=\"https:\/\/d26lpennugtm8s.cloudfront.net\/assets\/common\/img\/logos\/payment\/br\/hipercard@2x.png\" alt=\"portf\u00f3lio unopar anhanguera\" width=\"44\" height=\"28\" data-src=\"https:\/\/d26lpennugtm8s.cloudfront.net\/assets\/common\/img\/logos\/payment\/br\/hipercard@2x.png\" \/><img loading=\"lazy\" decoding=\"async\" class=\"lazyloaded smush-image-12 smush-image-10 smush-image-11 alignnone smush-detected-img smush-image-bigger-10\" src=\"https:\/\/d26lpennugtm8s.cloudfront.net\/assets\/common\/img\/logos\/payment\/mercadopago@2x.png\" alt=\"portf\u00f3lio unopar anhanguera\" width=\"45\" height=\"28\" data-src=\"https:\/\/d26lpennugtm8s.cloudfront.net\/assets\/common\/img\/logos\/payment\/mercadopago@2x.png\" \/><img loading=\"lazy\" decoding=\"async\" class=\"alignnone lazyloaded smush-detected-img smush-image-bigger-11\" src=\"https:\/\/futurium.com.br\/wp-content\/uploads\/2021\/06\/logo-pix-icone-512.png\" alt=\"portfolio pronto\" width=\"30\" height=\"30\" data-src=\"https:\/\/futurium.com.br\/wp-content\/uploads\/2021\/06\/logo-pix-icone-512.png\" \/><\/p>\n<\/div>\n<\/div>\n<\/div>\n<div class=\"sticky-add-to-cart-wrapper\">\n<div class=\"sticky-add-to-cart\">\n<div class=\"quantity buttons_added form-flat\"><\/div>\n<\/div>\n<\/div>\n<\/div>\n<div class=\"product_meta\"><\/div>\n","protected":false},"featured_media":41300,"template":"","meta":{"_seopress_robots_primary_cat":"","_seopress_titles_title":"%%title%%","_seopress_titles_desc":"Portf\u00f3lio Aula Pr\u00e1tica Unopar e Anhanguera Pronto, normas ABNT, em word. Download imediato.","_seopress_robots_index":""},"product_cat":[287],"product_tag":[],"class_list":{"0":"post-41291","1":"product","2":"type-product","3":"status-publish","4":"has-post-thumbnail","6":"product_cat-engenharia-mecanica","8":"first","9":"instock","10":"downloadable","11":"virtual","12":"purchasable","13":"product-type-simple","14":"col-xs-6 col-sm-4","15":"col-mf-5","16":"un-5-cols"},"jetpack_sharing_enabled":true,"_links":{"self":[{"href":"https:\/\/portifolioos-prontos.com\/index.php\/wp-json\/wp\/v2\/product\/41291","targetHints":{"allow":["GET"]}}],"collection":[{"href":"https:\/\/portifolioos-prontos.com\/index.php\/wp-json\/wp\/v2\/product"}],"about":[{"href":"https:\/\/portifolioos-prontos.com\/index.php\/wp-json\/wp\/v2\/types\/product"}],"version-history":[{"count":2,"href":"https:\/\/portifolioos-prontos.com\/index.php\/wp-json\/wp\/v2\/product\/41291\/revisions"}],"predecessor-version":[{"id":44349,"href":"https:\/\/portifolioos-prontos.com\/index.php\/wp-json\/wp\/v2\/product\/41291\/revisions\/44349"}],"wp:featuredmedia":[{"embeddable":true,"href":"https:\/\/portifolioos-prontos.com\/index.php\/wp-json\/wp\/v2\/media\/41300"}],"wp:attachment":[{"href":"https:\/\/portifolioos-prontos.com\/index.php\/wp-json\/wp\/v2\/media?parent=41291"}],"wp:term":[{"taxonomy":"product_cat","embeddable":true,"href":"https:\/\/portifolioos-prontos.com\/index.php\/wp-json\/wp\/v2\/product_cat?post=41291"},{"taxonomy":"product_tag","embeddable":true,"href":"https:\/\/portifolioos-prontos.com\/index.php\/wp-json\/wp\/v2\/product_tag?post=41291"}],"curies":[{"name":"wp","href":"https:\/\/api.w.org\/{rel}","templated":true}]}}