{"id":42376,"date":"2025-08-04T16:37:36","date_gmt":"2025-08-04T19:37:36","guid":{"rendered":"https:\/\/portifolioos-prontos.com\/?post_type=product&#038;p=42376"},"modified":"2026-02-12T09:53:55","modified_gmt":"2026-02-12T12:53:55","slug":"estagio-supervisionado-em-farmacia-hospitalar","status":"publish","type":"product","link":"https:\/\/portifolioos-prontos.com\/index.php\/product\/estagio-supervisionado-em-farmacia-hospitalar\/","title":{"rendered":"Est\u00e1gio supervisionado em Farm\u00e1cia Hospitalar"},"content":{"rendered":"<p class=\"product-title product_title entry-title\"><strong>Est\u00e1gio supervisionado em Farm\u00e1cia Hospitalar<\/strong><\/p>\n<p><strong>60 horas<\/strong><\/p>\n<hr \/>\n<h3 class=\"product-title product_title entry-title\"><\/h3>\n<p><strong>SUM\u00c1RIO<\/strong><\/p>\n<p>1\u00a0\u00a0\u00a0\u00a0\u00a0\u00a0 APRESENTA\u00c7\u00c3O.. 3<\/p>\n<p>2\u00a0\u00a0\u00a0\u00a0\u00a0\u00a0 INTRODU\u00c7\u00c3O.. 4<\/p>\n<p>3\u00a0\u00a0\u00a0\u00a0\u00a0\u00a0 ATIVIDADES DO ESTAGI\u00c1RIO.. 5<\/p>\n<p>4\u00a0\u00a0\u00a0\u00a0\u00a0\u00a0 TEORIA EM PR\u00c1TICA.. 7<\/p>\n<p>5\u00a0\u00a0\u00a0\u00a0\u00a0\u00a0 TERMO DE VALIDA\u00c7\u00c3O DO RELAT\u00d3RIO.. 8<\/p>\n<p>REFER\u00caNCIAS.. 9<\/p>\n<p><strong>\u00a0<\/strong><\/p>\n<p><strong>1\u00a0\u00a0 APRESENTA\u00c7\u00c3O<\/strong><\/p>\n<table>\n<tbody>\n<tr>\n<td width=\"158\"><strong>\u00a0<\/strong><\/td>\n<td width=\"456\"><strong>Aluno(a) insira abaixo as informa\u00e7\u00f5es pertinentes \u00e0 apresenta\u00e7\u00e3o do est\u00e1gio<\/strong><\/td>\n<\/tr>\n<tr>\n<td width=\"158\"><strong>Curso<\/strong><\/td>\n<td width=\"456\">&nbsp;<\/td>\n<\/tr>\n<tr>\n<td width=\"158\"><strong>Disciplina<\/strong><\/td>\n<td width=\"456\">&nbsp;<\/td>\n<\/tr>\n<tr>\n<td width=\"158\"><strong>Local de realiza\u00e7\u00e3o do est\u00e1gio<\/strong><\/td>\n<td width=\"456\">&nbsp;<\/td>\n<\/tr>\n<tr>\n<td width=\"158\"><strong>\u00c1rea que o campo de est\u00e1gio pertence<\/strong><\/td>\n<td width=\"456\">&nbsp;<\/td>\n<\/tr>\n<tr>\n<td rowspan=\"3\" width=\"158\"><strong>Objetivos do est\u00e1gio<\/strong><\/td>\n<td width=\"456\">1.<\/td>\n<\/tr>\n<tr>\n<td width=\"456\">2.<\/td>\n<\/tr>\n<tr>\n<td width=\"456\">3.<\/td>\n<\/tr>\n<tr>\n<td width=\"158\"><strong>Data inicial do est\u00e1gio<\/strong><\/td>\n<td width=\"456\">&nbsp;<\/td>\n<\/tr>\n<tr>\n<td width=\"158\"><strong>Data final do est\u00e1gio<\/strong><\/td>\n<td width=\"456\">&nbsp;<\/td>\n<\/tr>\n<tr>\n<td width=\"158\"><strong>Carga-hor\u00e1ria<\/strong><\/td>\n<td width=\"456\">&nbsp;<\/td>\n<\/tr>\n<\/tbody>\n<\/table>\n<p>&nbsp;<\/p>\n<p><strong>2\u00a0\u00a0 INTRODU\u00c7\u00c3O<\/strong><\/p>\n<p>Descrever de forma detalhada o servi\u00e7o da \u00e1rea da sua gradua\u00e7\u00e3o realizado no campo de est\u00e1gio<\/p>\n<p>ATIVIDADES DO ESTAGI\u00c1RIO<\/p>\n<p>Descrever em forma de di\u00e1rio as atividades que foram desenvolvidas no est\u00e1gio, deve-se detalhar atividades em campo (informa\u00e7\u00e3o da ficha de acompanhamento), bem como as habilidades e conhecimentos desenvolvidos e adquiridos na rotina di\u00e1ria, bem como atividades complementares como palestras, orienta\u00e7\u00f5es e outras.<\/p>\n<p>Exemplo:<br \/>\n<strong>Data: 10 de outubro de 2024<\/strong><\/p>\n<p><strong>Hor\u00e1rio: 08h00 \u00e0s 14h00<\/strong><\/p>\n<p>Inicialmente participei como ouvinte de uma breve reuni\u00e3o para revisar as tarefas do dia, garantir que todas as \u00e1reas estejam limpas e organizadas.<\/p>\n<p>Nesse dia aconteceu o recebimento de medicamentos as 08:40. Os itens inspecionados no recebimento foram&#8230;<\/p>\n<p>As 10:00 a come\u00e7amos a armazenar.<\/p>\n<p>Habilidades desenvolvidas:<\/p>\n<ul>\n<li>Aten\u00e7\u00e3o aos detalhes;<\/li>\n<li>Gest\u00e3o do tempo;<\/li>\n<li>Crit\u00e9rios para o estoque de medicamentos;<\/li>\n<li>Comunica\u00e7\u00e3o e trabalho em equipe<\/li>\n<\/ul>\n<p><strong>3\u00a0\u00a0 TEORIA EM PR\u00c1TICA<\/strong><\/p>\n<p>O paciente Jo\u00e3o M., 65 anos, sexo masculino, com peso de 72 kg, encontra-se internado na enfermaria cl\u00ednica de um hospital geral, no terceiro dia de interna\u00e7\u00e3o, com diagn\u00f3stico de pneumonia comunit\u00e1ria grave. Em rela\u00e7\u00e3o ao seu hist\u00f3rico m\u00e9dico, o paciente \u00e9 portador de hipertens\u00e3o arterial sist\u00eamica, controlada com losartana 50 mg\/dia, e diabetes mellitus tipo 2, controlada com metformina 850 mg, administrada duas vezes ao dia.<\/p>\n<p>A prescri\u00e7\u00e3o m\u00e9dica atual inclui os seguintes medicamentos:<\/p>\n<ul>\n<li>Ceftriaxona 2 g intravenosa, uma vez ao dia<\/li>\n<li>Azitromicina 500 mg via oral, uma vez ao dia<\/li>\n<li>Dipirona 1 g intravenosa, se dor ou febre<\/li>\n<li>Losartana 50 mg via oral, uma vez ao dia<\/li>\n<li>Metformina 850 mg via oral, duas vezes ao dia<\/li>\n<li>Omeprazol 40 mg via oral, uma vez ao dia<\/li>\n<\/ul>\n<p>&nbsp;<\/p>\n<p>Durante a confer\u00eancia da prescri\u00e7\u00e3o realizada na farm\u00e1cia hospitalar, o estagi\u00e1rio identificou que havia dispon\u00edvel no estoque apenas 1 ampola de ceftriaxona 1 g, sendo que a administra\u00e7\u00e3o da pr\u00f3xima dose estava programada para ocorrer em menos de 1 hora.<\/p>\n<p>Al\u00e9m disso, o prontu\u00e1rio do paciente registrava a ocorr\u00eancia de epis\u00f3dio de diarreia no dia anterior, sem relato de outras altera\u00e7\u00f5es cl\u00ednicas associadas at\u00e9 o momento.<\/p>\n<p>&nbsp;<\/p>\n<p>Perguntas para Discuss\u00e3o<\/p>\n<ol>\n<li>Durante a confer\u00eancia da prescri\u00e7\u00e3o, o que o farmac\u00eautico ou o estagi\u00e1rio deveria fazer ao identificar que n\u00e3o h\u00e1 quantidade suficiente de ceftriaxona 2 g para a pr\u00f3xima dose prescrita? Explique a conduta adequada.<\/li>\n<li>Considerando o epis\u00f3dio de diarreia no paciente e os medicamentos prescritos, quais medicamentos poderiam estar relacionados a esse efeito adverso? O que o farmac\u00eautico deve fazer nesse caso?<\/li>\n<li>Por que \u00e9 importante o farmac\u00eautico participar ativamente da confer\u00eancia de prescri\u00e7\u00f5es no ambiente hospitalar? Cite pelo menos tr\u00eas benef\u00edcios dessa atua\u00e7\u00e3o.<\/li>\n<\/ol>\n<p>&nbsp;<\/p>\n<p>A Farm\u00e1cia Hospitalar \u00e9 um ambiente estrat\u00e9gico para o farmac\u00eautico atuar na promo\u00e7\u00e3o da seguran\u00e7a do paciente, no uso racional de medicamentos, na gest\u00e3o eficiente de recursos e no apoio \u00e0 equipe multiprofissional. Cada atividade pr\u00e1tica \u00e9 uma oportunidade para desenvolver compet\u00eancias t\u00e9cnicas, \u00e9ticas e humanizadas, fundamentais para a futura carreira do farmac\u00eautico.<\/p>\n<p>&nbsp;<\/p>\n<p>4\u00a0\u00a0 TERMO DE VALIDA\u00c7\u00c3O DO RELAT\u00d3RIO<\/p>\n<p>&nbsp;<\/p>\n<table>\n<tbody>\n<tr>\n<td width=\"604\">&nbsp;<\/p>\n<p>&nbsp;<\/p>\n<p>Eu, [Inserir nome do Acad\u00eamico], RA [Inserir RA do Acad\u00eamico], matriculado no [Inserir o semestre] semestre do Curso de [Inserir Nome do Curso] da modalidade a Dist\u00e2ncia da [Inserir nome da Universidade], realizei as atividades de est\u00e1gio [Inserir nome do Est\u00e1gio] no(a) [Inserir nome do local do est\u00e1gio], cumprindo as atividades e a carga hor\u00e1ria previstas no respectivo Relat\u00f3rio de Est\u00e1gio.<\/p>\n<p>&nbsp;<\/p>\n<p>&nbsp;<\/p>\n<p>&nbsp;<\/p>\n<p>&nbsp;<\/p>\n<table width=\"90%\">\n<tbody>\n<tr>\n<td width=\"50%\">___________________________<\/p>\n<p>Assinatura do(a) Estagi\u00e1rio(a)<\/td>\n<td width=\"50%\">___________________________<\/p>\n<p>Assinatura Supervisor de Est\u00e1gio<\/td>\n<\/tr>\n<tr>\n<td width=\"50%\">&nbsp;<\/p>\n<p>&nbsp;<\/td>\n<td width=\"50%\">&nbsp;<\/p>\n<p>&nbsp;<\/td>\n<\/tr>\n<\/tbody>\n<\/table>\n<p>&nbsp;<\/p>\n<p>&nbsp;<\/td>\n<\/tr>\n<\/tbody>\n<\/table>\n<p>&nbsp;<\/p>\n<p>Ap\u00f3s as respectivas assinaturas, digitalizar a ficha e inserir no relat\u00f3rio final.<\/p>\n<p>&nbsp;<\/p>\n<p><strong>5\u00a0\u00a0 CONSIDERA\u00c7\u00d5ES FINAIS<\/strong><\/p>\n<p><strong>REFER\u00caNCIAS<\/strong><\/p>\n<p>SOBRENOME, Nome do autor. <strong>T\u00edtulo da obra<\/strong>. Edi\u00e7\u00e3o. Cidade: Editora, Ano de Publica\u00e7\u00e3o.<\/p>\n<p>AAKER, David Austin.\u00a0 <strong>Criando e administrando marcas de sucesso<\/strong>.\u00a0 S\u00e3o Paulo: Futura, 1996.<\/p>\n<p>ALVES, Maria Leila. <strong>O papel equalizador do regime de colabora\u00e7\u00e3o estado-munic\u00edpio na pol\u00edtica de alfabetiza\u00e7\u00e3o<\/strong>. 1990. 283 f. Disserta\u00e7\u00e3o (Mestrado em Educa\u00e7\u00e3o) &#8211; Universidade de Campinas, Campinas, 1990. Dispon\u00edvel em: &lt;http:\/\/www.inep.gov.br\/cibec\/bbe-online\/&gt;. Acesso em: 28 set. 2001.<\/p>\n<p>BRASIL. Consolida\u00e7\u00e3o das Leis do Trabalho. <strong>Texto do Decreto-Lei n.\u00ba 5.452<\/strong>, de 1 de maio de 1943, atualizado at\u00e9 a Lei n.\u00ba 9.756, de 17 de dezembro de 1998. 25 ed. atual. e aum. S\u00e3o Paulo: Saraiva, 1999.<\/p>\n<p>CARVALHO, Maria Cec\u00edlia Maringoni de (Org.). <strong>Construindo o saber<\/strong>: metodologia cientifica, fundamentos e t\u00e9cnicas. 5. ed. S\u00e3o Paulo: Papirus, 1995. 175 p.<\/p>\n<p>CURITIBA. Secretaria da Justi\u00e7a. <strong>Relat\u00f3rio de atividades<\/strong>. Curitiba, 2004.<\/p>\n<p>DEMO, Pedro.\u00a0 <strong>Metodologia do conhecimento cient\u00edfico<\/strong>. S\u00e3o Paulo: Atlas, 1999.<\/p>\n<p>______. <strong>Pesquisa<\/strong>: princ\u00edpio cient\u00edfico e educativo.\u00a0 6. ed.\u00a0 S\u00e3o Paulo: Cortez, 2000.<\/p>\n<p>MAINGUENEAU, Dominique. <strong>Elementos de ling\u00fc\u00edstica para o texto liter\u00e1rio<\/strong>. S\u00e3o Paulo: Martins Fontes, 1996.<\/p>\n<p>RAMPAZZO, Lino.\u00a0 <strong>Metodologia cient\u00edfica<\/strong>: para alunos dos cursos de gradua\u00e7\u00e3o e p\u00f3s-gradua\u00e7\u00e3o.\u00a0 S\u00e3o Paulo: Stiliano, 1998.<\/p>\n<p>REIS, Jos\u00e9 Lu\u00eds. <strong>O marketing personalizado e as tecnologias de Informa\u00e7\u00e3o<\/strong>. Lisboa: Centro Atl\u00e2ntico, 2000.<\/p>\n<p>UNIVERSIDADE FEDERAL DO PARAN\u00c1. Biblioteca Central. <strong>Normas para apresenta\u00e7\u00e3o de trabalhos<\/strong>. 2. ed. Curitiba: UFPR, 1992. v. 2.<\/p>\n<p>&nbsp;<\/p>\n<div class=\"sharedaddy sd-sharing-enabled\">\n<div class=\"elementor-toggle-item\">\n<p id=\"elementor-tab-title-1941\" class=\"elementor-tab-title elementor-active\" tabindex=\"0\" role=\"tab\" data-tab=\"1\" aria-controls=\"elementor-tab-content-1941\" aria-expanded=\"true\" aria-selected=\"true\"><strong>Como funciona?<\/strong><\/p>\n<p>Elaboramos os portf\u00f3lios, j\u00e1 deixamos prontos, nas normas da ABNT e conforme os requisitos da universidade. F\u00e1cil assim! O MELHOR \u00c9 QUE VOC\u00ca COMPRA E J\u00c1 BAIXA NA HORA O SEU ARQUIVO EM WORD! Sabemos que conciliar trabalho, fam\u00edlia, vida profissional e estudos \u00e9 dif\u00edcil hoje em dia, por isso, estamos aqui para ajudar voc\u00ea. Conte com nossa qualidade, experi\u00eancia e profissionalismo adquirindo seu portf\u00f3lio conosco. GARANTIMOS SEU CONCEITO!<\/p>\n<p><strong>Como se realizam os envios?<\/strong><\/p>\n<\/div>\n<p id=\"elementor-tab-content-1942\" class=\"elementor-tab-content elementor-clearfix elementor-active\" role=\"tabpanel\" data-tab=\"2\" aria-labelledby=\"elementor-tab-title-1942\">O seu trabalho \u00e9 disponibilizado pronto, respondido e nas normas j\u00e1 na mesma hora aqui em nosso site na sua \u00e1rea de downloads e tamb\u00e9m no seu e-mail.<\/p>\n<p><strong>Em quanto tempo recebo o portf\u00f3lio?<\/strong><\/p>\n<p>Os envios s\u00e3o imediatos. Ap\u00f3s sua compra, o trabalho j\u00e1 \u00e9 disponibilizado instantaneamente aqui em nosso site e no seu e-mail.<\/p>\n<p><strong>E se o portf\u00f3lio que comprei precisar de corre\u00e7\u00e3o?<\/strong><\/p>\n<p>Caso haja alguma solicita\u00e7\u00e3o de corre\u00e7\u00e3o\/altera\u00e7\u00e3o por parte do tutor, basta entrar em contato conosco pelo\u00a0WhatsApp\u00a0que provid\u00eanciaremos sem custo algum.<\/p>\n<p><strong>Qual o formato do arquivo?<\/strong><\/p>\n<p>Os arquivos s\u00e3o enviados em formato Word e s\u00e3o edit\u00e1veis.<\/p>\n<p><strong>Caso eu tiver alguma d\u00favida, terei suporte no p\u00f3s venda?<\/strong><\/p>\n<p>Sim, com certeza. Basta clicar no \u00edcone do WhatsApp no cantinho da tela. Ser\u00e1 um prazer atend\u00ea-lo(a).<\/p>\n<div id=\"elementor-tab-content-1948\" class=\"elementor-tab-content elementor-clearfix elementor-active\" role=\"tabpanel\" data-tab=\"8\" aria-labelledby=\"elementor-tab-title-1948\">\n<p><strong>Quais os seus canais de contato?<\/strong><\/p>\n<\/div>\n<div id=\"elementor-tab-content-1949\" class=\"elementor-tab-content elementor-clearfix elementor-active\" role=\"tabpanel\" data-tab=\"9\" aria-labelledby=\"elementor-tab-title-1949\">\n<p>Whatsapp: 53 984751621 \u2013 Clicar no canto da tela ou ESCANEIE O QRCODE ABAIXO<\/p>\n<h4><img decoding=\"async\" class=\"alignnone wp-image-13699 jetpack-lazy-image jetpack-lazy-image--handled\" src=\"https:\/\/i0.wp.com\/portifolioos-prontos.com\/wp-content\/uploads\/2023\/02\/whatsapp-business-projeto-de-extensao-300x300.jpeg?resize=144%2C144\" sizes=\"(max-width: 144px) 100vw, 144px\" srcset=\"https:\/\/i0.wp.com\/portifolioos-prontos.com\/wp-content\/uploads\/2023\/02\/whatsapp-business-projeto-de-extensao.jpeg?resize=300%2C301&amp;ssl=1 300w, https:\/\/i0.wp.com\/portifolioos-prontos.com\/wp-content\/uploads\/2023\/02\/whatsapp-business-projeto-de-extensao.jpeg?resize=150%2C150&amp;ssl=1 150w, https:\/\/i0.wp.com\/portifolioos-prontos.com\/wp-content\/uploads\/2023\/02\/whatsapp-business-projeto-de-extensao.jpeg?resize=370%2C372&amp;ssl=1 370w, https:\/\/i0.wp.com\/portifolioos-prontos.com\/wp-content\/uploads\/2023\/02\/whatsapp-business-projeto-de-extensao.jpeg?resize=100%2C100&amp;ssl=1 100w, https:\/\/i0.wp.com\/portifolioos-prontos.com\/wp-content\/uploads\/2023\/02\/whatsapp-business-projeto-de-extensao.jpeg?w=470&amp;ssl=1 470w\" alt=\"projeto de extens\u00e3o unopar\" width=\"144\" height=\"144\" data-lazy-loaded=\"1\" \/><\/h4>\n<\/div>\n<div class=\"elementor-toggle-item\">\n<div id=\"elementor-tab-content-1949\" class=\"elementor-tab-content elementor-clearfix elementor-active\" role=\"tabpanel\" data-tab=\"9\" aria-labelledby=\"elementor-tab-title-1949\">\n<p>E-mail:portifoliosp@gmail.com<\/p>\n<div id=\"attachment_143\" class=\"wp-caption alignnone\">\n<div id=\"attachment_143\" class=\"wp-caption alignnone\">\n<p id=\"caption-attachment-143\" class=\"wp-caption-text\"><a href=\"http:\/\/portfolio-pronto.com\">Portf\u00f3lio<\/a> em Word, respondido, completo e j\u00e1 nas normas<\/p>\n<\/div>\n<\/div>\n<\/div>\n<\/div>\n<\/div>\n","protected":false},"excerpt":{"rendered":"<div class=\"product-short-description\">\n<p><strong>Pague pelo PIX ou cart\u00e3o e fa\u00e7a o download agora mesmo.<\/strong><\/p>\n<\/div>\n<div class=\"sticky-add-to-cart-wrapper\">\n<div class=\"sticky-add-to-cart\">\n<p class=\"quantity buttons_added form-flat\"><img decoding=\"async\" class=\"lazyloaded smush-image-5 smush-image-3 smush-detected-img smush-image-4\" src=\"https:\/\/d26lpennugtm8s.cloudfront.net\/assets\/common\/img\/logos\/payment\/visa@2x.png\" width=\"46\" height=\"29\" data-src=\"https:\/\/d26lpennugtm8s.cloudfront.net\/assets\/common\/img\/logos\/payment\/visa@2x.png\" \/><img decoding=\"async\" class=\"lazyloaded smush-image-6 smush-image-4 smush-detected-img smush-image-5\" src=\"https:\/\/d26lpennugtm8s.cloudfront.net\/assets\/common\/img\/logos\/payment\/boleto@2x.png\" width=\"43\" height=\"27\" data-src=\"https:\/\/d26lpennugtm8s.cloudfront.net\/assets\/common\/img\/logos\/payment\/boleto@2x.png\" \/><img loading=\"lazy\" decoding=\"async\" class=\"lazyloaded smush-image-7 smush-image-5 smush-detected-img smush-image-6\" src=\"https:\/\/d26lpennugtm8s.cloudfront.net\/assets\/common\/img\/logos\/payment\/mastercard@2x.png\" width=\"43\" height=\"27\" data-src=\"https:\/\/d26lpennugtm8s.cloudfront.net\/assets\/common\/img\/logos\/payment\/mastercard@2x.png\" \/><img loading=\"lazy\" decoding=\"async\" class=\"lazyloaded smush-image-8 smush-image-6 smush-detected-img smush-image-7\" src=\"https:\/\/d26lpennugtm8s.cloudfront.net\/assets\/common\/img\/logos\/payment\/amex@2x.png\" width=\"43\" height=\"27\" data-src=\"https:\/\/d26lpennugtm8s.cloudfront.net\/assets\/common\/img\/logos\/payment\/amex@2x.png\" \/><img loading=\"lazy\" decoding=\"async\" class=\"lazyloaded smush-image-9 smush-image-7 smush-detected-img smush-image-8\" src=\"https:\/\/d26lpennugtm8s.cloudfront.net\/assets\/common\/img\/logos\/payment\/diners@2x.png\" width=\"46\" height=\"29\" data-src=\"https:\/\/d26lpennugtm8s.cloudfront.net\/assets\/common\/img\/logos\/payment\/diners@2x.png\" \/><img loading=\"lazy\" decoding=\"async\" class=\"lazyloaded smush-image-10 smush-image-8 smush-detected-img smush-image-9 alignnone\" src=\"https:\/\/d26lpennugtm8s.cloudfront.net\/assets\/common\/img\/logos\/payment\/br\/elo@2x.png\" alt=\"portf\u00f3lio unopar anhanguera\" width=\"45\" height=\"28\" data-src=\"https:\/\/d26lpennugtm8s.cloudfront.net\/assets\/common\/img\/logos\/payment\/br\/elo@2x.png\" \/><img loading=\"lazy\" decoding=\"async\" class=\"lazyloaded smush-image-11 smush-image-9 smush-detected-img smush-image-10 alignnone\" src=\"https:\/\/d26lpennugtm8s.cloudfront.net\/assets\/common\/img\/logos\/payment\/br\/hipercard@2x.png\" alt=\"portf\u00f3lio unopar anhanguera\" width=\"44\" height=\"28\" data-src=\"https:\/\/d26lpennugtm8s.cloudfront.net\/assets\/common\/img\/logos\/payment\/br\/hipercard@2x.png\" \/><img loading=\"lazy\" decoding=\"async\" class=\"lazyloaded smush-image-12 smush-image-10 smush-detected-img smush-image-11 alignnone\" src=\"https:\/\/d26lpennugtm8s.cloudfront.net\/assets\/common\/img\/logos\/payment\/mercadopago@2x.png\" alt=\"portf\u00f3lio unopar anhanguera\" width=\"45\" height=\"28\" data-src=\"https:\/\/d26lpennugtm8s.cloudfront.net\/assets\/common\/img\/logos\/payment\/mercadopago@2x.png\" \/><img loading=\"lazy\" decoding=\"async\" class=\"alignnone lazyloaded\" src=\"https:\/\/futurium.com.br\/wp-content\/uploads\/2021\/06\/logo-pix-icone-512.png\" alt=\"portfolio pronto\" width=\"30\" height=\"30\" data-src=\"https:\/\/futurium.com.br\/wp-content\/uploads\/2021\/06\/logo-pix-icone-512.png\" \/><\/p>\n<\/div>\n<\/div>\n","protected":false},"featured_media":42377,"template":"","meta":{"_seopress_robots_primary_cat":"","_seopress_titles_title":"","_seopress_titles_desc":"","_seopress_robots_index":""},"product_cat":[30],"product_tag":[747,746],"class_list":{"0":"post-42376","1":"product","2":"type-product","3":"status-publish","4":"has-post-thumbnail","6":"product_cat-farmacia","7":"product_tag-portfolio-de-estagio-anhanguera","8":"product_tag-portfolio-de-estagio-unopar","10":"first","11":"instock","12":"shipping-taxable","13":"purchasable","14":"product-type-simple","15":"col-xs-6 col-sm-4","16":"col-mf-5","17":"un-5-cols"},"jetpack_sharing_enabled":true,"_links":{"self":[{"href":"https:\/\/portifolioos-prontos.com\/index.php\/wp-json\/wp\/v2\/product\/42376","targetHints":{"allow":["GET"]}}],"collection":[{"href":"https:\/\/portifolioos-prontos.com\/index.php\/wp-json\/wp\/v2\/product"}],"about":[{"href":"https:\/\/portifolioos-prontos.com\/index.php\/wp-json\/wp\/v2\/types\/product"}],"version-history":[{"count":2,"href":"https:\/\/portifolioos-prontos.com\/index.php\/wp-json\/wp\/v2\/product\/42376\/revisions"}],"predecessor-version":[{"id":45931,"href":"https:\/\/portifolioos-prontos.com\/index.php\/wp-json\/wp\/v2\/product\/42376\/revisions\/45931"}],"wp:featuredmedia":[{"embeddable":true,"href":"https:\/\/portifolioos-prontos.com\/index.php\/wp-json\/wp\/v2\/media\/42377"}],"wp:attachment":[{"href":"https:\/\/portifolioos-prontos.com\/index.php\/wp-json\/wp\/v2\/media?parent=42376"}],"wp:term":[{"taxonomy":"product_cat","embeddable":true,"href":"https:\/\/portifolioos-prontos.com\/index.php\/wp-json\/wp\/v2\/product_cat?post=42376"},{"taxonomy":"product_tag","embeddable":true,"href":"https:\/\/portifolioos-prontos.com\/index.php\/wp-json\/wp\/v2\/product_tag?post=42376"}],"curies":[{"name":"wp","href":"https:\/\/api.w.org\/{rel}","templated":true}]}}