{"id":42415,"date":"2025-08-04T20:22:32","date_gmt":"2025-08-04T23:22:32","guid":{"rendered":"https:\/\/portifolioos-prontos.com\/?post_type=product&#038;p=42415"},"modified":"2025-10-11T14:51:09","modified_gmt":"2025-10-11T17:51:09","slug":"aula-pratica-praticas-contabeis-aplicadas","status":"publish","type":"product","link":"https:\/\/portifolioos-prontos.com\/index.php\/product\/aula-pratica-praticas-contabeis-aplicadas\/","title":{"rendered":"Aula Pr\u00e1tica Pr\u00e1ticas Cont\u00e1beis Aplicadas"},"content":{"rendered":"<h3>Aula Pr\u00e1tica Pr\u00e1ticas Cont\u00e1beis Aplicadas<\/h3>\n<p>Contempla os PDFs abaixo:<br \/>\nClique para visualizar \u2192 <a href=\"https:\/\/portifolioos-prontos.com\/wp-content\/uploads\/2025\/08\/aula-pratica-praticas-contabeis-aplicadas-1.pdf\">PDF 1,\u00a0<\/a> <a href=\"https:\/\/portifolioos-prontos.com\/wp-content\/uploads\/2025\/08\/aula-pratica-praticas-contabeis-aplicadas-2.pdf\">Unidade: U2_ESOCIAL, <\/a><a href=\"https:\/\/portifolioos-prontos.com\/wp-content\/uploads\/2025\/08\/aula-pratica-praticas-contabeis-aplicadas-3.pdf\">Unidade: U3_SIMPLES NACIONAL, <\/a>\u00a0<a href=\"https:\/\/portifolioos-prontos.com\/wp-content\/uploads\/2025\/08\/aula-pratica-praticas-contabeis-aplicadas-4.pdf\">Unidade: U4_LUCRO REAL, LUCRO ARBITRADO E LUCRO PRESUMIDO.<\/a><\/p>\n<p>ROTEIRO DE AULA PR\u00c1TICA<br \/>\nNOME DA DISCIPLINA: PR\u00c1TICAS CONT\u00c1BEIS APLICADAS<br \/>\nUnidade: U2_ESOCIAL<br \/>\nAula: FOLHA DE PAGAMENTO E ESOCIAL<br \/>\nOBJETIVOS<br \/>\nDefini\u00e7\u00e3o dos objetivos da aula pr\u00e1tica:<br \/>\nCompreender e aplicar os principais procedimentos relacionados \u00e0 gest\u00e3o de pessoal no \u00e2mbito<br \/>\ntrabalhista, previdenci\u00e1rio e cont\u00e1bil, por meio da an\u00e1lise de situa\u00e7\u00f5es pr\u00e1ticas envolvendo o<br \/>\nenvio de informa\u00e7\u00f5es ao eSocial, o processamento da folha de pagamento, o c\u00e1lculo de encargos<br \/>\nlegais e a elabora\u00e7\u00e3o de registros cont\u00e1beis, promovendo a integra\u00e7\u00e3o entre a legisla\u00e7\u00e3o vigente,<br \/>\na pr\u00e1tica organizacional e o uso de sistemas digitais de controle.<br \/>\nINFORMA\u00c7\u00d5ES SOBRE A ENTREGA<br \/>\n\u2022 A entrega da atividade deve ser realizada exclusivamente em arquivo Word, seguindo os<br \/>\npadr\u00f5es acad\u00eamicos da institui\u00e7\u00e3o, no template disponibilizado.<br \/>\n\u2022 Voc\u00ea pode usar planilhas eletr\u00f4nicas (Excel, Google Planilhas ou LibreOffice Calc) ou a<br \/>\nplanilha auxiliar apenas como ferramenta de apoio para c\u00e1lculos e organiza\u00e7\u00e3o dos<br \/>\nregistros, mas n\u00e3o deve entregar a planilha.<br \/>\n\u2022 No Template Word \u00e9 preciso que apresente os conte\u00fados exigidos em cada se\u00e7\u00e3o.<br \/>\n\u2022 Sendo necess\u00e1rio, copie o conte\u00fado das planilhas (ou quando se referir ao di\u00e1rio e o<br \/>\nraz\u00e3o), inclua-as somente ao final do arquivo Word, na se\u00e7\u00e3o Anexos.<br \/>\n\u2022 Aten\u00e7\u00e3o: n\u00e3o ser\u00e1 aceito o envio de arquivos XLSX (em Excel) ou formato<br \/>\nsemelhante.<br \/>\nSOLU\u00c7\u00c3O DIGITAL<br \/>\nPara facilitar os c\u00e1lculos e a organiza\u00e7\u00e3o dos registros cont\u00e1beis, voc\u00ea pode utilizar a planilha<br \/>\nauxiliar COMO RECURSO DE APOIO. O uso de planilhas ajuda na estrutura\u00e7\u00e3o relat\u00f3rios,<br \/>\norganiza\u00e7\u00e3o de ideias, c\u00e1lculos etc., permitindo uma melhor organiza\u00e7\u00e3o das informa\u00e7\u00f5es.<br \/>\nPlanilha auxiliar em XLSX para a atividade* https:\/\/tinyurl.com\/48wnxnpy<br \/>\n*Ao acessar, v\u00e1 em menu Arquivo &gt; Baixar &gt; Microsoft Excel (.xlsx) para ter uma c\u00f3pia em seu<br \/>\ncomputador.<br \/>\n3<br \/>\nPROCEDIMENTOS PR\u00c1TICOS E APLICA\u00c7\u00d5ES<br \/>\nProcedimento\/Atividade n\u00ba 1<br \/>\nAplicando Conhecimentos sobre o eSocial<br \/>\nAtividade proposta: compreender e aplicar os conceitos relacionados ao envio de eventos no<br \/>\neSocial, reconhecendo a import\u00e2ncia da prepara\u00e7\u00e3o adequada das informa\u00e7\u00f5es e das rubricas<br \/>\nsalariais para evitar inconsist\u00eancias no sistema.<br \/>\nA TR Log\u00edstica, empresa de m\u00e9dio porte no setor de transportes, est\u00e1 passando por um<br \/>\nprocesso de reestrutura\u00e7\u00e3o administrativa. Como parte da transforma\u00e7\u00e3o digital, o setor de<br \/>\nRecursos Humanos passou a utilizar um sistema de gest\u00e3o integrada que realiza os envios ao<br \/>\neSocial.<br \/>\nNo entanto, a nova equipe do RH demonstrou pouca familiaridade com os tipos de eventos,<br \/>\nprazos e regras espec\u00edficas do sistema. <a href=\"http:\/\/portfolio-pronto.com\">Recentemente<\/a>, o fechamento da folha de pagamento<br \/>\nfoi bloqueado devido \u00e0 aus\u00eancia de rubricas previamente cadastradas no evento S-1010.<br \/>\nVoc\u00ea foi contratado como consultor para elaborar um relat\u00f3rio de orienta\u00e7\u00e3o \u00e0 equipe, contendo<br \/>\nas principais diretrizes, explica\u00e7\u00f5es e exemplos pr\u00e1ticos. A seguir, est\u00e3o as tarefas solicitadas<br \/>\nem 4 passos.<br \/>\nPASSO 1 &#8211; Apresenta\u00e7\u00e3o do processo de envio das informa\u00e7\u00f5es ao eSocial<br \/>\na. Explique como \u00e9 feito o envio das informa\u00e7\u00f5es, destacando a sequ\u00eancia l\u00f3gica dos<br \/>\neventos (inicial, tabelas, n\u00e3o peri\u00f3dicos e peri\u00f3dicos).<br \/>\nb. Destaque a import\u00e2ncia do pr\u00e9-cadastro de rubricas e da consist\u00eancia entre os dados<br \/>\nenviados.<br \/>\nc. Aponte consequ\u00eancias comuns de falhas no envio (ex: travamento da folha, inconsist\u00eancia<br \/>\nde dados etc.).<br \/>\nPASSO 2 &#8211; Diferen\u00e7as entre os tipos de eventos<br \/>\na. Elabore uma tabela com texto explicativo sobre os seguintes tipos:<br \/>\n1 Eventos Iniciais (ex: S-1000);<br \/>\n2 Eventos de Tabelas (ex: S-1010, S-1020);<br \/>\n3 Eventos N\u00e3o Peri\u00f3dicos (ex: S-2200, S-2230, S-2299);<br \/>\n4 Eventos Peri\u00f3dicos (ex: S-1200, S-1210, S-1299).<br \/>\nb. Na tabela, inclua exemplos pr\u00e1ticos de situa\u00e7\u00f5es reais que exijam cada tipo de evento.<br \/>\nPASSO 3 \u2013 Tabela de cen\u00e1rios<br \/>\na. Elabore uma tabela com texto explicativo que exponha os cen\u00e1rios de rubricas da folha<br \/>\nde pagamento, admiss\u00e3o de empregado, desligamento, remunera\u00e7\u00e3o e pagamento.<br \/>\nEsta tabela precisa apresentar em suas colunas o tipo de evento, o c\u00f3digo do evento, a<br \/>\ndescri\u00e7\u00e3o do cen\u00e1rio, o momento de envio e um exemplo pr\u00e1tico. Veja abaixo um<br \/>\nexemplo inicial da estrutura da tabela relativa ao cen\u00e1rio de rubricas da folha.<br \/>\n4<br \/>\nTipo de<br \/>\nEvento<br \/>\nC\u00f3digo do<br \/>\nEvento Descri\u00e7\u00e3o Quando deve ser<br \/>\nenviado? Exemplo Pr\u00e1tico<br \/>\nTabelas S-1010 Rubricas da<br \/>\nfolha [preencher] [preencher]<br \/>\nPASSO 4 \u2013 Fontes de Pesquisa<br \/>\na. Indique ao menos tr\u00eas fontes confi\u00e1veis e atualizadas para a equipe acompanhar<br \/>\nmudan\u00e7as no eSocial.<br \/>\nProcedimento\/Atividade n\u00ba 2<br \/>\nAspectos Cont\u00e1beis relativos a Folha de Pagamento<br \/>\nAtividade proposta: proporcionar ao estudante a aplica\u00e7\u00e3o pr\u00e1tica dos conhecimentos<br \/>\nadquiridos sobre processamento da folha de pagamento, c\u00e1lculo dos encargos trabalhistas e<br \/>\nprevidenci\u00e1rios, bem como os respectivos registros cont\u00e1beis, conforme a legisla\u00e7\u00e3o vigente.<br \/>\nUm empregado mensalista, contratado sob o regime da CLT, com jornada de 220 horas<br \/>\nmensais, recebe atualmente um sal\u00e1rio fixo de R$ 4.510,00. No m\u00eas de abril de 2025, ele<br \/>\nobteve adicionalmente R$ 845,00 a t\u00edtulo de comiss\u00f5es. O referido funcion\u00e1rio possui dois<br \/>\ndependentes legais. O m\u00eas de abril de 2025 contou com 24 dias \u00fateis e 6 dias de descanso<br \/>\nsemanal remunerado e a folha de pagamento deve ser processada de acordo com a legisla\u00e7\u00e3o<br \/>\nvigente.<br \/>\nCom base nas informa\u00e7\u00f5es acima, pede-se:<br \/>\na. Calcule o valor l\u00edquido a receber pelo empregado no m\u00eas de abril de 2025, ap\u00f3s os<br \/>\ndescontos legais de INSS e IRRF*.<br \/>\nb. Calcule o valor a ser depositado na conta vinculada do FGTS at\u00e9 o dia 07\/05\/2025, com<br \/>\nbase na remunera\u00e7\u00e3o do m\u00eas de abril de 2025.<br \/>\nc. Realize o registro dos lan\u00e7amentos cont\u00e1beis**, considerando:<br \/>\n1 Reconhecimento da folha de pagamento (sal\u00e1rio e comiss\u00e3o):<br \/>\n2 Reconhecimento do FGTS<br \/>\n3 Pagamento do sal\u00e1rio l\u00edquido ao funcion\u00e1rio (no 5\u00ba dia \u00fatil de maio)<br \/>\n4 Recolhimento do INSS (parte do empregado) em 20 de maio.<br \/>\n5 Recolhimento do IRRF em 20 de maio.<br \/>\n6 Recolhimento do FGTS em 7 de maio.<br \/>\n*Utilize as tabelas de INSS e IRRF vigentes a \u00e9poca e desconsidere quaisquer outros<br \/>\nadicionais, descontos ou benef\u00edcios n\u00e3o mencionados no enunciado.<br \/>\n**Voc\u00ea pode registrar em di\u00e1rio e\/ou raz\u00e3o ou em quadros que demonstre os registros<br \/>\ncont\u00e1beis.<br \/>\n5<br \/>\nIndica\u00e7\u00f5es de pesquisa<br \/>\na. Tabela de INSS (op\u00e7\u00e3o 1)<\/p>\n<blockquote class=\"wp-embedded-content\" data-secret=\"K5n46kvHqb\"><p><a href=\"https:\/\/blog.convenia.com.br\/confira-a-nova-tabela-inss-2025\/\">Confira a nova Tabela INSS 2025: al\u00edquotas, faixas salariais e novo teto<\/a><\/p><\/blockquote>\n<p><iframe class=\"wp-embedded-content\" sandbox=\"allow-scripts\" security=\"restricted\" style=\"position: absolute; visibility: hidden;\" title=\"&#8220;Confira a nova Tabela INSS 2025: al\u00edquotas, faixas salariais e novo teto&#8221; &#8212; Conte\u00fados | Convenia\" src=\"https:\/\/blog.convenia.com.br\/confira-a-nova-tabela-inss-2025\/embed\/#?secret=XlHCxYrUOJ#?secret=K5n46kvHqb\" data-secret=\"K5n46kvHqb\" width=\"600\" height=\"338\" frameborder=\"0\" marginwidth=\"0\" marginheight=\"0\" scrolling=\"no\"><\/iframe><br \/>\nb. Tabela de INSS (op\u00e7\u00e3o 2)<br \/>\nhttps:\/\/www.debit.com.br\/tabelas\/tabelas-inss<br \/>\nc. Tabela IRRF<br \/>\nhttps:\/\/www.debit.com.br\/tabelas\/tabelas-irrf<br \/>\nRESULTADOS<br \/>\nResultados da pr\u00e1tica:<br \/>\nAo final desta pr\u00e1tica, voc\u00ea ser\u00e1 aprender\u00e1 a entender o funcionamento do eSocial, a estrutura<br \/>\nde envio dos eventos e a import\u00e2ncia da organiza\u00e7\u00e3o das informa\u00e7\u00f5es para o fechamento da<br \/>\nfolha de pagamento. Ser\u00e1 capaz de identificar e classificar os tipos de eventos, compreender as<br \/>\nconsequ\u00eancias legais de erros ou omiss\u00f5es, elaborar orienta\u00e7\u00f5es t\u00e9cnicas e calcular encargos<br \/>\ntrabalhistas e previdenci\u00e1rios, al\u00e9m de preparar os registros cont\u00e1beis relacionados \u00e0 folha.<br \/>\nLEMBRE-SE: O envio deve ser feito apenas em arquivo .docx (em Word), seguindo o modelo<br \/>\nde entrega disponibilizado. N\u00e3o anexe planilhas como arquivo separado. O arquivo n\u00e3o pode<br \/>\nexceder o tamanho de 2Mb.<br \/>\nREFER\u00caNCIAS<br \/>\nREFER\u00caNCIAS INDICADAS<br \/>\nALMEIDA, Marcelo Cavalcanti. Contabilidade Introdut\u00f3ria em IFRS e CPC. 2. ed. S\u00e3o Paulo:<br \/>\nAtlas, 2018.<br \/>\nBORINELLI, M\u00e1rcio Luiz; PIMENTEL, Ren\u00ea Coppe. Contabilidade para Gestores, Analistas e<br \/>\nOutros Profissionais: de acordo com os pronunciamentos do CPC (Comit\u00ea de<br \/>\nPronunciamentos Cont\u00e1beis) e IFRS (Normas Internacionais de Contabilidade. 2. ed. S\u00e3o<br \/>\nPaulo: Atlas, 2017.<br \/>\nCOMIT\u00ca DE PRONUNCIAMENTOS CONT\u00c1BEIS. Pronunciamento Conceitual B\u00e1sico: CPC 26<br \/>\n(R1) &#8211; Apresenta\u00e7\u00e3o das Demonstra\u00e7\u00f5es Cont\u00e1beis. 2011. Dispon\u00edvel em: &lt;<br \/>\nhttps:\/\/bit.ly\/3yQLncy &gt; Acesso em: 11 de fevereiro de 2025.<br \/>\nIUD\u00cdCIBUS, S\u00e9rgio de (Coord.). Contabilidade Introdut\u00f3ria. Equipe de professores da FEAUSP. 12. ed. 5. reimp. S\u00e3o Paulo: Atlas, 2024.<br \/>\nIUD\u00cdCIBUS, S\u00e9rgio de; MARION, Jos\u00e9 Carlos. Curso de Contabilidade para N\u00e3o Contadores:<br \/>\npara estudantes e profissionais de administra\u00e7\u00e3o, economia, direito, engenharia e demais \u00e1reas<br \/>\nde conhecimento. 9. ed. Barueri: Atlas, 2022.<br \/>\nMARION, Jos\u00e9 Carlos. Contabilidade B\u00e1sica. 13. ed. 3. Reimp. Baueri: Atlas, 2024.<br \/>\nPADOVEZE, Cl\u00f3vis Luis. Contabilidade Geral Facilitada. Rio de Janeiro: Forense; S\u00e3o Paulo:<br \/>\nM\u00c9TODO, 2017.<br \/>\n6<br \/>\nPADOVEZE, Cl\u00f3vis Luis. Manual de Contabilidade B\u00e1sica: contabilidade introdut\u00f3ria e<br \/>\nintermedi\u00e1ria. 10. ed. 2. Reimpr. S\u00e3o Paulo: Atlas, 2018.<br \/>\nRIBEIRO, Osni Moura. Contabilidade B\u00e1sica F\u00e1cil. 29. ed. S\u00e3o Paulo: Saraiva, 2015.<br \/>\nSALOTTI, Bruno Meirelles et al. Contabilidade Financeira. S\u00e3o Paulo: Atlas, 2019.<\/p>\n<div class=\"elementor-toggle-item\">\n<p id=\"elementor-tab-title-1941\" class=\"elementor-tab-title elementor-active\" tabindex=\"0\" role=\"tab\" data-tab=\"1\" aria-controls=\"elementor-tab-content-1941\" aria-expanded=\"true\" aria-selected=\"true\"><strong>Como funciona?<\/strong><\/p>\n<p>Elaboramos os portf\u00f3lios, j\u00e1 deixamos prontos, nas normas da ABNT e conforme os requisitos da universidade. F\u00e1cil assim! O MELHOR \u00c9 QUE VOC\u00ca COMPRA E J\u00c1 BAIXA NA HORA O SEU ARQUIVO EM WORD! Sabemos que conciliar trabalho, fam\u00edlia, vida profissional e estudos \u00e9 dif\u00edcil hoje em dia, por isso, estamos aqui para ajudar voc\u00ea. Conte com nossa qualidade, experi\u00eancia e profissionalismo adquirindo seu portf\u00f3lio conosco. GARANTIMOS SEU CONCEITO!<\/p>\n<p><strong>Como se realizam os envios?<\/strong><\/p>\n<\/div>\n<p id=\"elementor-tab-content-1942\" class=\"elementor-tab-content elementor-clearfix elementor-active\" role=\"tabpanel\" data-tab=\"2\" aria-labelledby=\"elementor-tab-title-1942\">O seu trabalho \u00e9 disponibilizado pronto, respondido e nas normas j\u00e1 na mesma hora aqui em nosso site na sua \u00e1rea de downloads e tamb\u00e9m no seu e-mail.<\/p>\n<p><strong>Em quanto tempo recebo o portf\u00f3lio?<\/strong><\/p>\n<p>Os envios s\u00e3o imediatos. Ap\u00f3s sua compra, o trabalho j\u00e1 \u00e9 disponibilizado instantaneamente aqui em nosso site e no seu e-mail.<\/p>\n<p><strong>E se o portf\u00f3lio que comprei precisar de corre\u00e7\u00e3o?<\/strong><\/p>\n<p>Caso haja alguma solicita\u00e7\u00e3o de corre\u00e7\u00e3o\/altera\u00e7\u00e3o por parte do tutor, basta entrar em contato conosco pelo\u00a0WhatsApp\u00a0que provid\u00eanciaremos sem custo algum.<\/p>\n<p><strong>Qual o formato do arquivo?<\/strong><\/p>\n<p>Os arquivos s\u00e3o enviados em formato Word e s\u00e3o edit\u00e1veis.<\/p>\n<p><strong>Caso eu tiver alguma d\u00favida, terei suporte no p\u00f3s venda?<\/strong><\/p>\n<p>Sim, com certeza. Basta clicar no \u00edcone do WhatsApp no cantinho da tela. Ser\u00e1 um prazer atend\u00ea-lo(a).<\/p>\n<div id=\"elementor-tab-content-1948\" class=\"elementor-tab-content elementor-clearfix elementor-active\" role=\"tabpanel\" data-tab=\"8\" aria-labelledby=\"elementor-tab-title-1948\">\n<p><strong>Quais os seus canais de contato?<\/strong><\/p>\n<\/div>\n<div id=\"elementor-tab-content-1949\" class=\"elementor-tab-content elementor-clearfix elementor-active\" role=\"tabpanel\" data-tab=\"9\" aria-labelledby=\"elementor-tab-title-1949\">\n<p>Whatsapp: 53 984751621 \u2013 Clicar no canto da tela ou ESCANEIE O QRCODE ABAIXO<\/p>\n<h4><img decoding=\"async\" class=\"alignnone wp-image-13699 jetpack-lazy-image jetpack-lazy-image--handled\" src=\"https:\/\/i0.wp.com\/portifolioos-prontos.com\/wp-content\/uploads\/2023\/02\/whatsapp-business-projeto-de-extensao-300x300.jpeg?resize=144%2C144\" sizes=\"(max-width: 144px) 100vw, 144px\" srcset=\"https:\/\/i0.wp.com\/portifolioos-prontos.com\/wp-content\/uploads\/2023\/02\/whatsapp-business-projeto-de-extensao.jpeg?resize=300%2C301&amp;ssl=1 300w, https:\/\/i0.wp.com\/portifolioos-prontos.com\/wp-content\/uploads\/2023\/02\/whatsapp-business-projeto-de-extensao.jpeg?resize=150%2C150&amp;ssl=1 150w, https:\/\/i0.wp.com\/portifolioos-prontos.com\/wp-content\/uploads\/2023\/02\/whatsapp-business-projeto-de-extensao.jpeg?resize=370%2C372&amp;ssl=1 370w, https:\/\/i0.wp.com\/portifolioos-prontos.com\/wp-content\/uploads\/2023\/02\/whatsapp-business-projeto-de-extensao.jpeg?resize=100%2C100&amp;ssl=1 100w, https:\/\/i0.wp.com\/portifolioos-prontos.com\/wp-content\/uploads\/2023\/02\/whatsapp-business-projeto-de-extensao.jpeg?w=470&amp;ssl=1 470w\" alt=\"projeto de extens\u00e3o unopar\" width=\"144\" height=\"144\" data-lazy-loaded=\"1\" \/><\/h4>\n<\/div>\n<div class=\"elementor-toggle-item\">\n<div id=\"elementor-tab-content-1949\" class=\"elementor-tab-content elementor-clearfix elementor-active\" role=\"tabpanel\" data-tab=\"9\" aria-labelledby=\"elementor-tab-title-1949\">\n<p>E-mail:portifoliosp@gmail.com<\/p>\n<div id=\"attachment_143\" class=\"wp-caption alignnone\">\n<div id=\"attachment_143\" class=\"wp-caption alignnone\">\n<p id=\"caption-attachment-143\" class=\"wp-caption-text\"><a href=\"http:\/\/portfolio-pronto.com\/\">Portf\u00f3lio<\/a>\u00a0em Word, respondido, completo e j\u00e1 nas normas<\/p>\n<\/div>\n<\/div>\n<\/div>\n<\/div>\n","protected":false},"excerpt":{"rendered":"<div class=\"product-short-description\">\n<p><strong><span style=\"color: #ff0000;\">ATENDE A RESOLU\u00c7\u00c3O DOS 4 ROTEIROS PROPOSTOS NO AVA<\/span><\/strong><\/p>\n<p><strong>Pague pelo PIX ou cart\u00e3o e fa\u00e7a o download agora mesmo.<\/strong><\/p>\n<\/div>\n<div class=\"sticky-add-to-cart-wrapper\">\n<div class=\"sticky-add-to-cart\">\n<p class=\"quantity buttons_added form-flat\"><img decoding=\"async\" class=\"lazyloaded smush-image-5 smush-image-3 smush-image-4 smush-image-bigger-3 smush-detected-img smush-image-bigger-2\" src=\"https:\/\/d26lpennugtm8s.cloudfront.net\/assets\/common\/img\/logos\/payment\/visa@2x.png\" width=\"46\" height=\"29\" data-src=\"https:\/\/d26lpennugtm8s.cloudfront.net\/assets\/common\/img\/logos\/payment\/visa@2x.png\" \/><img decoding=\"async\" class=\"lazyloaded smush-image-6 smush-image-4 smush-image-5 smush-image-bigger-4 smush-detected-img smush-image-bigger-3\" src=\"https:\/\/d26lpennugtm8s.cloudfront.net\/assets\/common\/img\/logos\/payment\/boleto@2x.png\" width=\"43\" height=\"27\" data-src=\"https:\/\/d26lpennugtm8s.cloudfront.net\/assets\/common\/img\/logos\/payment\/boleto@2x.png\" \/><img loading=\"lazy\" decoding=\"async\" class=\"lazyloaded smush-image-7 smush-image-5 smush-image-6 smush-image-bigger-5 smush-detected-img smush-image-bigger-4\" src=\"https:\/\/d26lpennugtm8s.cloudfront.net\/assets\/common\/img\/logos\/payment\/mastercard@2x.png\" width=\"43\" height=\"27\" data-src=\"https:\/\/d26lpennugtm8s.cloudfront.net\/assets\/common\/img\/logos\/payment\/mastercard@2x.png\" \/><img loading=\"lazy\" decoding=\"async\" class=\"lazyloaded smush-image-8 smush-image-6 smush-image-7 smush-image-bigger-6 smush-detected-img smush-image-bigger-5\" src=\"https:\/\/d26lpennugtm8s.cloudfront.net\/assets\/common\/img\/logos\/payment\/amex@2x.png\" width=\"43\" height=\"27\" data-src=\"https:\/\/d26lpennugtm8s.cloudfront.net\/assets\/common\/img\/logos\/payment\/amex@2x.png\" \/><img loading=\"lazy\" decoding=\"async\" class=\"lazyloaded smush-image-9 smush-image-7 smush-image-8 smush-image-bigger-7 smush-detected-img smush-image-bigger-6\" src=\"https:\/\/d26lpennugtm8s.cloudfront.net\/assets\/common\/img\/logos\/payment\/diners@2x.png\" width=\"46\" height=\"29\" data-src=\"https:\/\/d26lpennugtm8s.cloudfront.net\/assets\/common\/img\/logos\/payment\/diners@2x.png\" \/><img loading=\"lazy\" decoding=\"async\" class=\"lazyloaded smush-image-10 smush-image-8 smush-image-9 alignnone smush-image-bigger-8 smush-detected-img smush-image-bigger-7\" src=\"https:\/\/d26lpennugtm8s.cloudfront.net\/assets\/common\/img\/logos\/payment\/br\/elo@2x.png\" alt=\"portf\u00f3lio unopar anhanguera\" width=\"45\" height=\"28\" data-src=\"https:\/\/d26lpennugtm8s.cloudfront.net\/assets\/common\/img\/logos\/payment\/br\/elo@2x.png\" \/><img loading=\"lazy\" decoding=\"async\" class=\"lazyloaded smush-image-11 smush-image-9 smush-image-10 alignnone smush-image-bigger-9 smush-detected-img smush-image-bigger-8\" src=\"https:\/\/d26lpennugtm8s.cloudfront.net\/assets\/common\/img\/logos\/payment\/br\/hipercard@2x.png\" alt=\"portf\u00f3lio unopar anhanguera\" width=\"44\" height=\"28\" data-src=\"https:\/\/d26lpennugtm8s.cloudfront.net\/assets\/common\/img\/logos\/payment\/br\/hipercard@2x.png\" \/><img loading=\"lazy\" decoding=\"async\" class=\"lazyloaded smush-image-12 smush-image-10 smush-image-11 alignnone smush-image-bigger-10 smush-detected-img smush-image-bigger-9\" src=\"https:\/\/d26lpennugtm8s.cloudfront.net\/assets\/common\/img\/logos\/payment\/mercadopago@2x.png\" alt=\"portf\u00f3lio unopar anhanguera\" width=\"45\" height=\"28\" data-src=\"https:\/\/d26lpennugtm8s.cloudfront.net\/assets\/common\/img\/logos\/payment\/mercadopago@2x.png\" \/><img loading=\"lazy\" decoding=\"async\" class=\"alignnone lazyloaded smush-image-bigger-11 smush-detected-img smush-image-bigger-10\" src=\"https:\/\/futurium.com.br\/wp-content\/uploads\/2021\/06\/logo-pix-icone-512.png\" alt=\"portfolio pronto\" width=\"30\" height=\"30\" data-src=\"https:\/\/futurium.com.br\/wp-content\/uploads\/2021\/06\/logo-pix-icone-512.png\" \/><\/p>\n<\/div>\n<\/div>\n","protected":false},"featured_media":42420,"template":"","meta":{"_seopress_robots_primary_cat":"","_seopress_titles_title":"","_seopress_titles_desc":"","_seopress_robots_index":""},"product_cat":[32],"product_tag":[],"class_list":{"0":"post-42415","1":"product","2":"type-product","3":"status-publish","4":"has-post-thumbnail","6":"product_cat-ciencias-contabeis","8":"first","9":"instock","10":"downloadable","11":"virtual","12":"purchasable","13":"product-type-simple","14":"col-xs-6 col-sm-4","15":"col-mf-5","16":"un-5-cols"},"jetpack_sharing_enabled":true,"_links":{"self":[{"href":"https:\/\/portifolioos-prontos.com\/index.php\/wp-json\/wp\/v2\/product\/42415","targetHints":{"allow":["GET"]}}],"collection":[{"href":"https:\/\/portifolioos-prontos.com\/index.php\/wp-json\/wp\/v2\/product"}],"about":[{"href":"https:\/\/portifolioos-prontos.com\/index.php\/wp-json\/wp\/v2\/types\/product"}],"version-history":[{"count":1,"href":"https:\/\/portifolioos-prontos.com\/index.php\/wp-json\/wp\/v2\/product\/42415\/revisions"}],"predecessor-version":[{"id":45777,"href":"https:\/\/portifolioos-prontos.com\/index.php\/wp-json\/wp\/v2\/product\/42415\/revisions\/45777"}],"wp:featuredmedia":[{"embeddable":true,"href":"https:\/\/portifolioos-prontos.com\/index.php\/wp-json\/wp\/v2\/media\/42420"}],"wp:attachment":[{"href":"https:\/\/portifolioos-prontos.com\/index.php\/wp-json\/wp\/v2\/media?parent=42415"}],"wp:term":[{"taxonomy":"product_cat","embeddable":true,"href":"https:\/\/portifolioos-prontos.com\/index.php\/wp-json\/wp\/v2\/product_cat?post=42415"},{"taxonomy":"product_tag","embeddable":true,"href":"https:\/\/portifolioos-prontos.com\/index.php\/wp-json\/wp\/v2\/product_tag?post=42415"}],"curies":[{"name":"wp","href":"https:\/\/api.w.org\/{rel}","templated":true}]}}