{"id":42432,"date":"2025-08-04T20:40:27","date_gmt":"2025-08-04T23:40:27","guid":{"rendered":"https:\/\/portifolioos-prontos.com\/?post_type=product&#038;p=42432"},"modified":"2026-03-02T22:33:33","modified_gmt":"2026-03-03T01:33:33","slug":"aula-pratica-planejamento-urbano-e-regional","status":"publish","type":"product","link":"https:\/\/portifolioos-prontos.com\/index.php\/product\/aula-pratica-planejamento-urbano-e-regional\/","title":{"rendered":"Aula Pr\u00e1tica Planejamento Urbano e Regional"},"content":{"rendered":"<h3>Aula Pr\u00e1tica Planejamento Urbano e Regional<\/h3>\n<p><span style=\"color: #ff0000;\"><strong>Atende a resolu\u00e7\u00e3o dos 4 roteiros de aula pr\u00e1tica solicitados\u00a0<\/strong><\/span><\/p>\n<p><strong>ROTEIRO DE AULA PR\u00c1TICA 01<\/strong><br \/>\nNome da disciplina: Planejamento Urbano e Regional<br \/>\nOBJETIVOS<br \/>\nDefini\u00e7\u00e3o dos objetivos da aula pr\u00e1tica:<br \/>\nConhecer e debater os conceitos b\u00e1sicos de urbanismo e instrumentalizando o aluno ao<br \/>\nentendimento do surgimento e forma\u00e7\u00e3o das cidades.<br \/>\nINFRAESTRUTURA<br \/>\nInstala\u00e7\u00f5es:<br \/>\nLaborat\u00f3rio de inform\u00e1tica<br \/>\nMateriais de consumo:<br \/>\nDescri\u00e7\u00e3o<br \/>\nQuatid. de materiais por<br \/>\nprocedimento\/atividade<br \/>\nProcedimento 1<br \/>\nLapiseira 1 por aluno<br \/>\nBorracha 1 por aluno<br \/>\nPapel sulfite A4 1 por aluno<br \/>\nComputador 1 por aluno<br \/>\nSoftware:<br \/>\nSim ( x ) N\u00e3o ( )<br \/>\nEm caso afirmativo, qual? Canva.<br \/>\nPago ( ) N\u00e3o Pago (x)<br \/>\nTipo de Licen\u00e7a: NSA.<br \/>\nDescri\u00e7\u00e3o do software:<br \/>\n\u00c9 uma ferramenta gratuita de design gr\u00e1fico online que voc\u00ea pode usar para criar<br \/>\nposts para redes sociais, apresenta\u00e7\u00f5es, cartazes, v\u00eddeos, entre outros.<br \/>\nEquipamento de Prote\u00e7\u00e3o Individual (EPI):<br \/>\nNSA<br \/>\nPROCEDIMENTOS PR\u00c1TICOS<br \/>\nProcedimento\/Atividade n.1<br \/>\nAtividade proposta:<br \/>\nSurgimento e forma\u00e7\u00e3o das cidades<br \/>\nProcedimentos para a realiza\u00e7\u00e3o da atividade:<br \/>\nRealizar pesquisa em fontes confi\u00e1veis, sobre o que \u00e9 cidade, e entender as<br \/>\ndeterminantes econ\u00f4micas, sociais, pol\u00edticas e culturais que at\u00e9 hoje constroem e<br \/>\ntransformam a cidade. Com a pesquisa realizada, elabore um painel e\/ou cartarz (em<br \/>\numa prancha A4) que registre, de modo sucinto as informa\u00e7\u00f5es necess\u00e1rias para o<br \/>\nentendimento da discuss\u00e3o.<br \/>\nChecklist:<br \/>\nPainel e\/ou cartazas (em uma prancha A4) com as informa\u00e7\u00f5es sobre o que \u00e9 cidade,<br \/>\ne as suas determinantes.<br \/>\nProcedimento\/Atividade n.2<br \/>\nAtividade proposta:<br \/>\nUrbaniza\u00e7\u00e3o no Brasil<br \/>\nProcedimentos para a realiza\u00e7\u00e3o da atividade:<br \/>\nAssistir o document\u00e1rio \u201cO Brasil nasceu urbano\u201d, dispon\u00edvel em:<br \/>\nhttps:\/\/www.youtube.com\/watch?v=Uk8TstZPZYo, e elaborar um mapa mental (em uma<br \/>\nprancha A4) com as informa\u00e7\u00f5es relevantes \u00e0 discuss\u00e3o.<br \/>\nChecklist:<br \/>\nMapa mental (em uma prancha A4) com as informa\u00e7\u00f5es relevantes ao document\u00e1rio<br \/>\nassistido.<br \/>\n4RESULTADOS<br \/>\nResultados da aula pr\u00e1tica:<br \/>\nComo resultados dessa pr\u00e1tica, espera-se que os alunos tenham conhecido e debatido<br \/>\nsobre conceitos b\u00e1sicos de urbanismo e instrumentalizando o aluno ao entendimento<br \/>\ndo surgimento e forma\u00e7\u00e3o das cidades.<\/p>\n<hr \/>\n<p><strong>ROTEIRO DE AULA PR\u00c1TICA 02<\/strong><br \/>\nNome da disciplina: Planejamento Urbano e Regional<br \/>\nOBJETIVOS<br \/>\nDefini\u00e7\u00e3o dos objetivos da aula pr\u00e1tica:<br \/>\nConhecer e debater e conhecer legisla\u00e7\u00e3o urbana (Plano Diretor, Leis de par\u00e2metros<br \/>\nurban\u00edsticos e C\u00f3digo de edifica\u00e7\u00e3o).<br \/>\nINFRAESTRUTURA<br \/>\nInstala\u00e7\u00f5es:<br \/>\nLaborat\u00f3rio de inform\u00e1tica<br \/>\nMateriais de consumo:<br \/>\nDescri\u00e7\u00e3o<br \/>\nQuatid. de materiais por<br \/>\nprocedimento\/atividade<br \/>\nProcedimento 1<br \/>\nLapiseira 1 por aluno<br \/>\nBorracha 1 por aluno<br \/>\nPapel sulfite A4 1 por aluno<br \/>\nComputador 1 por aluno<br \/>\nSoftware:<br \/>\nSim ( x ) N\u00e3o ( )<br \/>\nEm caso afirmativo, qual? Canva.<br \/>\nPago ( ) N\u00e3o Pago (x)<br \/>\nTipo de Licen\u00e7a: NSA.<br \/>\nDescri\u00e7\u00e3o do software:<br \/>\n\u00c9 uma ferramenta gratuita de design gr\u00e1fico online que voc\u00ea pode usar para criar<br \/>\nposts para redes sociais, apresenta\u00e7\u00f5es, cartazes, v\u00eddeos, entre outros.<br \/>\nEquipamento de Prote\u00e7\u00e3o Individual (EPI):<br \/>\nNSA<br \/>\nPROCEDIMENTOS PR\u00c1TICOS<br \/>\nProcedimento\/Atividade n.1<br \/>\nAtividade proposta:<br \/>\nLegisla\u00e7\u00e3o Urbana<br \/>\nProcedimentos para a realiza\u00e7\u00e3o da atividade:<br \/>\nRealizar o estudo da legisla\u00e7\u00e3o urban\u00edstica, que \u00e9 aquela que rege o aproveitamento<br \/>\nurban\u00edstico do solo urbano, ou seja, as atividades relacionadas ao uso, ocupa\u00e7\u00e3o e<br \/>\nparcelamento. Pesquise acerca dos seguintes itens:<br \/>\n1) Plano Diretor;<br \/>\n2) Lei dos par\u00e2metros urban\u00edsticos;<br \/>\n3) C\u00f3digo da edifica\u00e7\u00e3o.<br \/>\nElabore um relat\u00f3rio\/registro de informa\u00e7\u00f5es essenciais para a compreens\u00e3o do<br \/>\nprofissional arquiteto e urbanista, reconhecendo a import\u00e2ncia da legisla\u00e7\u00e3o<br \/>\nurban\u00edstica para o projeto urbano.<\/p>\n<p>Checklist:<br \/>\nRelat\u00f3rio\/registro (em uma prancha A4) com as informa\u00e7\u00f5es importantes sobre: Plano<br \/>\nDiretor, Lei dos par\u00e2metros urban\u00edsticos; C\u00f3digo da edifica\u00e7\u00e3o.<br \/>\nProcedimento\/Atividade n.2<br \/>\nAtividade proposta:<br \/>\nLegisla\u00e7\u00e3o Urbana x Desenvolvimento Urbano<br \/>\nProcedimentos para a realiza\u00e7\u00e3o da atividade:<br \/>\nRealizar a leitura do artigo \u201cA import\u00e2ncia do plano diretor e da legisla\u00e7\u00e3o urban\u00edstica<br \/>\nna resolu\u00e7\u00e3o de quest\u00f5es referente ao desenvolvimento urbano\u201d do autor Jos\u00e9 Antonio<br \/>\nAparecido Junior, dispon\u00edvel em:<br \/>\nhttps:\/\/www.tjsp.jus.br\/download\/EPM\/Publicacoes\/CadernosJuridicos\/du%20i%207.p<br \/>\ndf?d=636682907232710476.<br \/>\nElabore uma resenha, com levantamentos cr\u00edticos e coment\u00e1rios acerca do artigo<br \/>\nestudado.<br \/>\nChecklist:<br \/>\nResenha com levantamentos cr\u00edticos e coment\u00e1rios acerca do artigo estudado.<br \/>\n4RESULTADOS<br \/>\nResultados da aula pr\u00e1tica:<br \/>\nComo resultados dessa pr\u00e1tica, espera-se que os alunos conhe\u00e7a e debata a<br \/>\nlegisla\u00e7\u00e3o urbana (Plano Diretor, Leis de par\u00e2metros urban\u00edsticos e C\u00f3digo de<br \/>\nedifica\u00e7\u00e3o) e a sua import\u00e2ncia na resolu\u00e7\u00e3o de quest\u00f5es urbanas.<\/p>\n<hr \/>\n<p><strong>ROTEIRO DE AULA PR\u00c1TICA 03<\/strong><br \/>\nNome da disciplina: Planejamento Urbano e Regional<br \/>\nOBJETIVOS<br \/>\nDefini\u00e7\u00e3o dos objetivos da aula pr\u00e1tica:<br \/>\nConhecer e debater os conceitos b\u00e1sicos de morfologia urbana, e a sua import\u00e2ncia<br \/>\nna forma\u00e7\u00e3o e opera\u00e7\u00e3o das cidades.<br \/>\nINFRAESTRUTURA<br \/>\nInstala\u00e7\u00f5es:<br \/>\nLaborat\u00f3rio de inform\u00e1tica<br \/>\nMateriais de consumo:<br \/>\nDescri\u00e7\u00e3o<br \/>\nQuatid. de materiais por<br \/>\nprocedimento\/atividade<br \/>\nProcedimento 1<br \/>\nLapiseira 1 por aluno<br \/>\nBorracha 1 por aluno<br \/>\nPapel sulfite A4 1 por aluno<br \/>\nComputador 1 por aluno<br \/>\nSoftware:<br \/>\nSim ( x ) N\u00e3o ( )<br \/>\nEm caso afirmativo, qual? Canva.<br \/>\nPago ( ) N\u00e3o Pago (x)<br \/>\nTipo de Licen\u00e7a: NSA.<br \/>\nDescri\u00e7\u00e3o do software:<br \/>\n\u00c9 uma ferramenta gratuita de design gr\u00e1fico online que voc\u00ea pode usar para criar<br \/>\nposts para redes sociais, apresenta\u00e7\u00f5es, cartazes, v\u00eddeos, entre outros.<br \/>\nEquipamento de Prote\u00e7\u00e3o Individual (EPI):<br \/>\nNSA<br \/>\nPROCEDIMENTOS PR\u00c1TICOS<br \/>\nProcedimento\/Atividade n.1<br \/>\nAtividade proposta:<br \/>\nMorfologia Urbana: conceitos<br \/>\nProcedimentos para a realiza\u00e7\u00e3o da atividade:<br \/>\nRealizar o estudo sobre morfologia urbana, em busca de desenvolver a compreens\u00e3o<br \/>\nmais profunda dos desafios e pr\u00e1ticas do urbanismo contempor\u00e2neo. Apresentar os<br \/>\nelementos morfol\u00f3gicos que comp\u00f5e a constru\u00e7\u00e3o da cidade.<\/p>\n<p>Checklist:<br \/>\nResenha com os pontos importantes e essenciais sobre morfologia urbana.<br \/>\nProcedimento\/Atividade n.2<br \/>\nAtividade proposta:<br \/>\nMorfologia Urbana: aplica\u00e7\u00f5es<br \/>\nProcedimentos para a realiza\u00e7\u00e3o da atividade:<br \/>\nEscolher uma obra urbana correlata ou relacional, que seja poss\u00edvel realizar a an\u00e1lise<br \/>\nt\u00e9cnica sobre os elementos morfol\u00f3gicos que comp\u00f5e a constru\u00e7\u00e3o da cidade em<br \/>\nquest\u00e3o, ao final organizar um painel e\/ou cartaz com os pontos da discuss\u00e3o.<br \/>\nChecklist:<br \/>\nPainel e\/ou cartazas (em uma prancha A4) com a an\u00e1lise t\u00e9cnica sobre os elementos<br \/>\nmorfol\u00f3gicos que comp\u00f5e a constru\u00e7\u00e3o da cidade estudada.<br \/>\n4RESULTADOS<br \/>\nResultados da aula pr\u00e1tica:<br \/>\nComo resultados dessa pr\u00e1tica, espera-se que os alunos conhe\u00e7a e debata os<br \/>\nconceitos b\u00e1sicos de morfologia urbana, e a sua import\u00e2ncia na forma\u00e7\u00e3o e opera\u00e7\u00e3o<br \/>\ndas cidades.<\/p>\n<hr \/>\n<p><strong>ROTEIRO DE AULA PR\u00c1TICA 04<\/strong><br \/>\nNome da disciplina: Planejamento Urbano e Regional<br \/>\nOBJETIVOS<br \/>\nDefini\u00e7\u00e3o dos objetivos da aula pr\u00e1tica:<br \/>\nConhecer e debater a quest\u00e3o de mobilidade urbana como o forma como as pessoas<br \/>\nse deslocam em uma cidade, seja de forma individual ou coletiva.<br \/>\nINFRAESTRUTURA<br \/>\nInstala\u00e7\u00f5es:<br \/>\nLaborat\u00f3rio de inform\u00e1tica<br \/>\nMateriais de consumo:<br \/>\nDescri\u00e7\u00e3o<br \/>\nQuatid. de materiais por<br \/>\nprocedimento\/atividade<br \/>\nProcedimento 1<br \/>\nLapiseira 1 por aluno<br \/>\nBorracha 1 por aluno<br \/>\nPapel sulfite A4 1 por aluno<br \/>\nComputador 1 por aluno<br \/>\nSoftware:<br \/>\nSim ( x ) N\u00e3o ( )<br \/>\nEm caso afirmativo, qual? Canva.<br \/>\nPago ( ) N\u00e3o Pago (x)<br \/>\nTipo de Licen\u00e7a: NSA.<br \/>\nDescri\u00e7\u00e3o do software:<br \/>\n\u00c9 uma ferramenta gratuita de design gr\u00e1fico online que voc\u00ea pode usar para criar<br \/>\nposts para redes sociais, apresenta\u00e7\u00f5es, cartazes, v\u00eddeos, entre outros.<br \/>\nEquipamento de Prote\u00e7\u00e3o Individual (EPI):<br \/>\nNSA<br \/>\nPROCEDIMENTOS PR\u00c1TICOS<br \/>\nProcedimento\/Atividade n.1<br \/>\nAtividade proposta:<br \/>\nMobilidade Urbana: conceito<br \/>\nProcedimentos para a realiza\u00e7\u00e3o da atividade:<br \/>\nAssista o minidocument\u00e1rio \u201cMobilidade Urbana\u201d dispon\u00edvel em:<br \/>\nhttps:\/\/www.youtube.com\/watch?v=D05umUHt0Zw,. Na sequ\u00eancia, leia o artigo \u201cUma<br \/>\nvis\u00e3o da mobilidade urbana sustent\u00e1vel\u201d, dispon\u00edvel em:<br \/>\nhttps:\/\/d1wqtxts1xzle7.cloudfront.net\/39070482\/08umavisaodaMobilidadeUrbanaSuste<br \/>\nntavel-libre.pdf?1444404322=&amp;response-contentdisposition=inline%3B+filename%3D08umavisaoda_Mobilidade_Urbana_Sustentav.pdf&amp;<br \/>\nExpires=1730131408&amp;Signature=f0ivWslqLvS4088CJPviQ5YgcMrldnQUZbSeYSfytI7pdB2kQfINpzWi~8XH~D3q9XiQq85Hg~rnhRAHZTpn4psp9Hb<br \/>\nX53DPLMwkFy52ojvKSkV~679vs8J7DZnBUtTsUkc4vl2HlB6DtAGtzNE6bFKXicTkJA1GOHNDK<br \/>\nzVbZsSvntYs376tmGZr~hen9T2kJQHvhOBH96bjYcR8Aqx-<br \/>\n~xhwefDkRic46UmnR7XGP~9RkkphNII3H~1TA8bzppM4hjO1YWe6O2fOlj99tVOjHwLdbiD3bHgdIl1OfUmA8UTYn50DU8DR~HAn079KkxGHTeEn~K8vECAn4qaeKjfg__&amp;KeyPair-Id=APKAJLOHF5GGSLRBV4ZA da autora V\u00e2nia Campos. Ao final, realize a<br \/>\ncorrela\u00e7\u00e3o entre os materiais, e apresente em formato de mapa mental (em uma<br \/>\nprancha A4).<\/p>\n<p>Checklist:<br \/>\nMapa mental (em uma prancha A4) com as correla\u00e7\u00f5es entre o microdocument\u00e1rio e<br \/>\no artigo.<br \/>\nProcedimento\/Atividade n.2<br \/>\nAtividade proposta:<br \/>\nMobilidade urbana: aplica\u00e7\u00f5es<br \/>\nProcedimentos para a realiza\u00e7\u00e3o da atividade:<br \/>\nDesenvolva um painel e\/ou cartaz com os par\u00e2metros que garantem uma qualidade<br \/>\nna mobilidade urbana, e que atuam como agente transformador das cidades. Fa\u00e7a o<br \/>\nrecorte de uma via de sua escolha, e crie um modelo com indica\u00e7\u00f5es de interven\u00e7\u00e3o<br \/>\n(conforme o exemplo abaixo).<br \/>\nFonte: https:\/\/caosplanejado.com\/deixando-as-vias-expressas-para-tras\/<br \/>\nChecklist:<br \/>\nPainel e\/ou cartazas (em uma prancha A4) com a via escolhida e os indicativos de<br \/>\numa \u00e1rea com boa mobilidade urbana.<br \/>\n4RESULTADOS<br \/>\nResultados da aula pr\u00e1tica:<br \/>\nComo resultados dessa pr\u00e1tica, espera-se que os alunos conhe\u00e7a e debata a<br \/>\nmobilidade urbana como o forma como as pessoas se deslocam em uma cidade, seja<br \/>\nde forma individual ou coletiva.<\/p>\n<div class=\"elementor-toggle-item\">\n<p id=\"elementor-tab-title-1941\" class=\"elementor-tab-title elementor-active\" tabindex=\"0\" role=\"tab\" data-tab=\"1\" aria-controls=\"elementor-tab-content-1941\" aria-expanded=\"true\" aria-selected=\"true\"><strong>Como funciona?<\/strong><\/p>\n<p>Elaboramos os portf\u00f3lios, j\u00e1 deixamos prontos, nas normas da ABNT e conforme os requisitos da universidade. F\u00e1cil assim! O MELHOR \u00c9 QUE VOC\u00ca COMPRA E J\u00c1 BAIXA NA HORA O SEU ARQUIVO EM WORD! Sabemos que conciliar trabalho, fam\u00edlia, vida profissional e estudos \u00e9 dif\u00edcil hoje em dia, por isso, estamos aqui para ajudar voc\u00ea. Conte com nossa qualidade, experi\u00eancia e profissionalismo adquirindo seu portf\u00f3lio conosco. GARANTIMOS SEU CONCEITO!<\/p>\n<p><strong>Como se realizam os envios?<\/strong><\/p>\n<\/div>\n<p id=\"elementor-tab-content-1942\" class=\"elementor-tab-content elementor-clearfix elementor-active\" role=\"tabpanel\" data-tab=\"2\" aria-labelledby=\"elementor-tab-title-1942\">O seu trabalho \u00e9 disponibilizado pronto, respondido e nas normas j\u00e1 na mesma hora aqui em nosso site na sua \u00e1rea de downloads e tamb\u00e9m no seu e-mail.<\/p>\n<p><strong>Em quanto tempo recebo o portf\u00f3lio?<\/strong><\/p>\n<p>Os envios s\u00e3o imediatos. Ap\u00f3s sua compra, o trabalho j\u00e1 \u00e9 disponibilizado instantaneamente aqui em nosso site e no seu e-mail.<\/p>\n<p><strong>E se o portf\u00f3lio que comprei precisar de corre\u00e7\u00e3o?<\/strong><\/p>\n<p>Caso haja alguma solicita\u00e7\u00e3o de corre\u00e7\u00e3o\/altera\u00e7\u00e3o por parte do tutor, basta entrar em contato conosco pelo\u00a0WhatsApp\u00a0que provid\u00eanciaremos sem custo algum.<\/p>\n<p><strong>Qual o formato do arquivo?<\/strong><\/p>\n<p>Os arquivos s\u00e3o enviados em formato Word e s\u00e3o edit\u00e1veis.<\/p>\n<p><strong>Caso eu tiver alguma d\u00favida, terei suporte no p\u00f3s venda?<\/strong><\/p>\n<p>Sim, com certeza. Basta clicar no \u00edcone do WhatsApp no cantinho da tela. Ser\u00e1 um prazer atend\u00ea-lo(a).<\/p>\n<div id=\"elementor-tab-content-1948\" class=\"elementor-tab-content elementor-clearfix elementor-active\" role=\"tabpanel\" data-tab=\"8\" aria-labelledby=\"elementor-tab-title-1948\">\n<p><strong>Quais os seus canais de contato?<\/strong><\/p>\n<\/div>\n<div id=\"elementor-tab-content-1949\" class=\"elementor-tab-content elementor-clearfix elementor-active\" role=\"tabpanel\" data-tab=\"9\" aria-labelledby=\"elementor-tab-title-1949\">\n<p>Whatsapp: 53 984751621 \u2013 Clicar no canto da tela ou ESCANEIE O QRCODE ABAIXO<\/p>\n<h4><img decoding=\"async\" class=\"alignnone wp-image-13699 jetpack-lazy-image jetpack-lazy-image--handled\" src=\"https:\/\/i0.wp.com\/portifolioos-prontos.com\/wp-content\/uploads\/2023\/02\/whatsapp-business-projeto-de-extensao-300x300.jpeg?resize=144%2C144\" sizes=\"(max-width: 144px) 100vw, 144px\" srcset=\"https:\/\/i0.wp.com\/portifolioos-prontos.com\/wp-content\/uploads\/2023\/02\/whatsapp-business-projeto-de-extensao.jpeg?resize=300%2C301&amp;ssl=1 300w, https:\/\/i0.wp.com\/portifolioos-prontos.com\/wp-content\/uploads\/2023\/02\/whatsapp-business-projeto-de-extensao.jpeg?resize=150%2C150&amp;ssl=1 150w, https:\/\/i0.wp.com\/portifolioos-prontos.com\/wp-content\/uploads\/2023\/02\/whatsapp-business-projeto-de-extensao.jpeg?resize=370%2C372&amp;ssl=1 370w, https:\/\/i0.wp.com\/portifolioos-prontos.com\/wp-content\/uploads\/2023\/02\/whatsapp-business-projeto-de-extensao.jpeg?resize=100%2C100&amp;ssl=1 100w, https:\/\/i0.wp.com\/portifolioos-prontos.com\/wp-content\/uploads\/2023\/02\/whatsapp-business-projeto-de-extensao.jpeg?w=470&amp;ssl=1 470w\" alt=\"projeto de extens\u00e3o unopar\" width=\"144\" height=\"144\" data-lazy-loaded=\"1\" \/><\/h4>\n<\/div>\n<div class=\"elementor-toggle-item\">\n<div id=\"elementor-tab-content-1949\" class=\"elementor-tab-content elementor-clearfix elementor-active\" role=\"tabpanel\" data-tab=\"9\" aria-labelledby=\"elementor-tab-title-1949\">\n<p>E-mail:portifoliosp@gmail.com<\/p>\n<div id=\"attachment_143\" class=\"wp-caption alignnone\">\n<div id=\"attachment_143\" class=\"wp-caption alignnone\">\n<p id=\"caption-attachment-143\" class=\"wp-caption-text\"><a href=\"http:\/\/portfolio-pronto.com\/\">Portf\u00f3lio<\/a>\u00a0em Word, respondido, completo e j\u00e1 nas normas<\/p>\n<\/div>\n<\/div>\n<\/div>\n<\/div>\n","protected":false},"excerpt":{"rendered":"<p><span style=\"color: #ff0000;\"><strong>Atende a resolu\u00e7\u00e3o dos 4 roteiros de aula pr\u00e1tica solicitados\u00a0<\/strong><\/span><\/p>\n<div class=\"product-short-description\">\n<p><strong>Pague pelo PIX ou cart\u00e3o e fa\u00e7a o download agora mesmo.<\/strong><\/p>\n<\/div>\n<div class=\"sticky-add-to-cart-wrapper\">\n<div class=\"sticky-add-to-cart\">\n<p class=\"quantity buttons_added form-flat\"><img decoding=\"async\" class=\"lazyloaded smush-image-5 smush-image-3 smush-image-4 smush-image-bigger-3 smush-detected-img smush-image-bigger-2\" src=\"https:\/\/d26lpennugtm8s.cloudfront.net\/assets\/common\/img\/logos\/payment\/visa@2x.png\" width=\"46\" height=\"29\" data-src=\"https:\/\/d26lpennugtm8s.cloudfront.net\/assets\/common\/img\/logos\/payment\/visa@2x.png\" \/><img decoding=\"async\" class=\"lazyloaded smush-image-6 smush-image-4 smush-image-5 smush-image-bigger-4 smush-detected-img smush-image-bigger-3\" src=\"https:\/\/d26lpennugtm8s.cloudfront.net\/assets\/common\/img\/logos\/payment\/boleto@2x.png\" width=\"43\" height=\"27\" data-src=\"https:\/\/d26lpennugtm8s.cloudfront.net\/assets\/common\/img\/logos\/payment\/boleto@2x.png\" \/><img loading=\"lazy\" decoding=\"async\" class=\"lazyloaded smush-image-7 smush-image-5 smush-image-6 smush-image-bigger-5 smush-detected-img smush-image-bigger-4\" src=\"https:\/\/d26lpennugtm8s.cloudfront.net\/assets\/common\/img\/logos\/payment\/mastercard@2x.png\" width=\"43\" height=\"27\" data-src=\"https:\/\/d26lpennugtm8s.cloudfront.net\/assets\/common\/img\/logos\/payment\/mastercard@2x.png\" \/><img loading=\"lazy\" decoding=\"async\" class=\"lazyloaded smush-image-8 smush-image-6 smush-image-7 smush-image-bigger-6 smush-detected-img smush-image-bigger-5\" src=\"https:\/\/d26lpennugtm8s.cloudfront.net\/assets\/common\/img\/logos\/payment\/amex@2x.png\" width=\"43\" height=\"27\" data-src=\"https:\/\/d26lpennugtm8s.cloudfront.net\/assets\/common\/img\/logos\/payment\/amex@2x.png\" \/><img loading=\"lazy\" decoding=\"async\" class=\"lazyloaded smush-image-9 smush-image-7 smush-image-8 smush-image-bigger-7 smush-detected-img smush-image-bigger-6\" src=\"https:\/\/d26lpennugtm8s.cloudfront.net\/assets\/common\/img\/logos\/payment\/diners@2x.png\" width=\"46\" height=\"29\" data-src=\"https:\/\/d26lpennugtm8s.cloudfront.net\/assets\/common\/img\/logos\/payment\/diners@2x.png\" \/><img loading=\"lazy\" decoding=\"async\" class=\"lazyloaded smush-image-10 smush-image-8 smush-image-9 alignnone smush-image-bigger-8 smush-detected-img smush-image-bigger-7\" src=\"https:\/\/d26lpennugtm8s.cloudfront.net\/assets\/common\/img\/logos\/payment\/br\/elo@2x.png\" alt=\"portf\u00f3lio unopar anhanguera\" width=\"45\" height=\"28\" data-src=\"https:\/\/d26lpennugtm8s.cloudfront.net\/assets\/common\/img\/logos\/payment\/br\/elo@2x.png\" \/><img loading=\"lazy\" decoding=\"async\" class=\"lazyloaded smush-image-11 smush-image-9 smush-image-10 alignnone smush-image-bigger-9 smush-detected-img smush-image-bigger-8\" src=\"https:\/\/d26lpennugtm8s.cloudfront.net\/assets\/common\/img\/logos\/payment\/br\/hipercard@2x.png\" alt=\"portf\u00f3lio unopar anhanguera\" width=\"44\" height=\"28\" data-src=\"https:\/\/d26lpennugtm8s.cloudfront.net\/assets\/common\/img\/logos\/payment\/br\/hipercard@2x.png\" \/><img loading=\"lazy\" decoding=\"async\" class=\"lazyloaded smush-image-12 smush-image-10 smush-image-11 alignnone smush-image-bigger-10 smush-detected-img smush-image-bigger-9\" src=\"https:\/\/d26lpennugtm8s.cloudfront.net\/assets\/common\/img\/logos\/payment\/mercadopago@2x.png\" alt=\"portf\u00f3lio unopar anhanguera\" width=\"45\" height=\"28\" data-src=\"https:\/\/d26lpennugtm8s.cloudfront.net\/assets\/common\/img\/logos\/payment\/mercadopago@2x.png\" \/><\/p>\n<\/div>\n<\/div>\n","protected":false},"featured_media":42433,"template":"","meta":{"_seopress_robots_primary_cat":"none","_seopress_titles_title":"","_seopress_titles_desc":"","_seopress_robots_index":""},"product_cat":[74,43,50,15],"product_tag":[],"class_list":{"0":"post-42432","1":"product","2":"type-product","3":"status-publish","4":"has-post-thumbnail","6":"product_cat-gestao-ambiental","7":"product_cat-gestao-publica","8":"product_cat-negocios-imobiliarios","9":"product_cat-uncategorized","11":"first","12":"instock","13":"downloadable","14":"virtual","15":"purchasable","16":"product-type-simple","17":"col-xs-6 col-sm-4","18":"col-mf-5","19":"un-5-cols"},"jetpack_sharing_enabled":true,"_links":{"self":[{"href":"https:\/\/portifolioos-prontos.com\/index.php\/wp-json\/wp\/v2\/product\/42432","targetHints":{"allow":["GET"]}}],"collection":[{"href":"https:\/\/portifolioos-prontos.com\/index.php\/wp-json\/wp\/v2\/product"}],"about":[{"href":"https:\/\/portifolioos-prontos.com\/index.php\/wp-json\/wp\/v2\/types\/product"}],"version-history":[{"count":3,"href":"https:\/\/portifolioos-prontos.com\/index.php\/wp-json\/wp\/v2\/product\/42432\/revisions"}],"predecessor-version":[{"id":49924,"href":"https:\/\/portifolioos-prontos.com\/index.php\/wp-json\/wp\/v2\/product\/42432\/revisions\/49924"}],"wp:featuredmedia":[{"embeddable":true,"href":"https:\/\/portifolioos-prontos.com\/index.php\/wp-json\/wp\/v2\/media\/42433"}],"wp:attachment":[{"href":"https:\/\/portifolioos-prontos.com\/index.php\/wp-json\/wp\/v2\/media?parent=42432"}],"wp:term":[{"taxonomy":"product_cat","embeddable":true,"href":"https:\/\/portifolioos-prontos.com\/index.php\/wp-json\/wp\/v2\/product_cat?post=42432"},{"taxonomy":"product_tag","embeddable":true,"href":"https:\/\/portifolioos-prontos.com\/index.php\/wp-json\/wp\/v2\/product_tag?post=42432"}],"curies":[{"name":"wp","href":"https:\/\/api.w.org\/{rel}","templated":true}]}}