{"id":42438,"date":"2025-08-04T20:52:52","date_gmt":"2025-08-04T23:52:52","guid":{"rendered":"https:\/\/portifolioos-prontos.com\/?post_type=product&#038;p=42438"},"modified":"2025-10-11T14:46:35","modified_gmt":"2025-10-11T17:46:35","slug":"aula-pratica-fenomenos-de-transporte-20252","status":"publish","type":"product","link":"https:\/\/portifolioos-prontos.com\/index.php\/product\/aula-pratica-fenomenos-de-transporte-20252\/","title":{"rendered":"Aula Pr\u00e1tica Fen\u00f4menos de Transporte"},"content":{"rendered":"<h3>Aula Pr\u00e1tica Fen\u00f4menos de Transporte<\/h3>\n<p>Disciplina: Fen\u00f4menos de Transporte<br \/>\nClique aqui e veja orienta\u00e7\u00f5es e exemplos de roteiro de aula pr\u00e1tica.<br \/>\nROTEIRO DE AULA PR\u00c1TICA 1<br \/>\nUnidade: 1<br \/>\nAula (White Label)\/Se\u00e7\u00e3o (KLS): Est\u00e1tica dos fluidos\/ Se\u00e7\u00e3o 2<br \/>\nATIVIDADE PR\u00c1TICA 1<br \/>\nAtividade proposta:<br \/>\nNesta pr\u00e1tica voc\u00ea ir\u00e1 determinar a velocidade de escoamento e a viscosidade de fluidos atrav\u00e9s da an\u00e1lise<br \/>\ndo deslocamento de esferas met\u00e1licas com diferentes di\u00e2metros, quando imersas em fluidos com<br \/>\nviscosidades distintas. Com o aux\u00edlio do viscos\u00edmetro de Stokes ir\u00e1 obter os tempos de queda livre das<br \/>\nesferas nos fluidos e, com isso, encontrar a viscosidade din\u00e2mica dos fluidos de forma experimental,<br \/>\npodendo realizar uma compara\u00e7\u00e3o com os valores te\u00f3ricos.<br \/>\nObjetivos:<br \/>\nDeterminar a viscosidade de diferentes fluidos<br \/>\nDiferenciar a viscosidade din\u00e2mica e a viscosidade cinem\u00e1tica<br \/>\nCompreender a rela\u00e7\u00e3o entre a velocidade de escoamento e as propriedades dos fluidos<br \/>\nCompreender a lei de Stokes atrav\u00e9s da aplica\u00e7\u00e3o do viscos\u00edmetro na determina\u00e7\u00e3o da viscosidade do fluido<br \/>\nProcedimentos para a realiza\u00e7\u00e3o da atividade:<br \/>\nSOFTWARE<br \/>\n\u2610Software \/ \u2612 Acesso on-line<br \/>\n\u2612Pago \/ \u2610 N\u00e3o Pago<br \/>\nInfraestrutura:<br \/>\nComputador Desktop ou laptop apresentando o m\u00ednimo de 4MB de mem\u00f3ria RAM e deve ter acesso a<br \/>\ninternet<br \/>\nDescri\u00e7\u00e3o do software:<br \/>\nO ALGETEC Laborat\u00f3rios Virtuais \u00e9 uma ferramenta online que simula situa\u00e7\u00f5es reais de laborat\u00f3rios nas<br \/>\n\u00e1reas de engenharia e sa\u00fade e seguem com alto grau de fideliza\u00e7\u00e3o os experimentos realizados nos<br \/>\nequipamentos f\u00edsicos da ALGETEC.<br \/>\nPara realizar este experimento, siga os passos indicados abaixo:<br \/>\n1) Acessar o laboratorio virtual do site da ALGETEC. Em seguida clicar em cursos, buscar a aba Labs<br \/>\nEspec\u00edficos de Engenharia. Ap\u00f3s, selecionar o Laborat\u00f3rio de Mec\u00e2nica<br \/>\nDETERMINANDO A VISCOSIDADE \u2013<br \/>\nDi\u00e2metro<br \/>\nda Esfera<br \/>\nVelocidade<br \/>\nM\u00e9dia<br \/>\n(m\/s)<br \/>\n10 mm<br \/>\n8 mm<br \/>\n6 mm<br \/>\n5 mm<br \/>\nFluido: \u00c1gua<br \/>\nVelocidade<br \/>\nCorrigida<br \/>\n(m\/s)<br \/>\nViscosidade<br \/>\nDin\u00e2mica<br \/>\nViscosidade<br \/>\nCinem\u00e1tica<br \/>\nErro Relativo<br \/>\nPercentual<br \/>\nVcorr = [1+ 2,4 x (r\/R)] xV<br \/>\nErro Relativo =<br \/>\nvalor experimental &#8211; valor real<br \/>\nvalor real x 100<br \/>\nChecklist:<br \/>\n&#8211; Acessar o Algetec<br \/>\n&#8211; Acessar o experimento da aula pr\u00e1tica<br \/>\n&#8211; Ler o Sum\u00e1rio Te\u00f3rico_Determina\u00e7\u00e3o da Viscosidade de Fluidos<br \/>\n&#8211; Fazer os experimentos de deslocamento com as esferas met\u00e1licas nos tr\u00eas fluidos &#8211; Anotar todos<br \/>\nos dados e tirar prints das telas dos resultados..<br \/>\nResultado: Aluno, voc\u00ea dever\u00e1 entregar:<br \/>\nVoc\u00ea dever\u00e1 entregar um documento (formato docx) contendo as tabelas com os resultados<br \/>\nobtidos no experimento, os prints de tela com a sequ\u00eancia do experimento e as respostas as seguintes<br \/>\nperguntas:<br \/>\n1) Compare os valores encontrados para a viscosidade cinem\u00e1tica de forma experimental com o<br \/>\nvalor da viscosidade cinem\u00e1tica real. Os valores encontrados podem ser utilizados para<br \/>\nrepresentar a viscosidade cinem\u00e1tica da \u00e1gua? Justifique.<br \/>\n2) Quais s\u00e3o as principais fontes de erros para este experimento?<br \/>\nRefer\u00eancias:<br \/>\nALGETEC. Roteiro de Experimentos: Determina\u00e7\u00e3o da Viscosidade de Fluidos.<br \/>\nALGETEC. Sum\u00e1rio Te\u00f3rico: Determina\u00e7\u00e3o da Viscosidade de Fluidos.<br \/>\nROTEIRO DE AULA PR\u00c1TICA 2<br \/>\nUnidade: 1 Aula (White Label)\/Se\u00e7\u00e3o (KLS): Cinem\u00e1tica dos<br \/>\nFluidos\/Se\u00e7\u00e3o 3<br \/>\nSOFTWARE<br \/>\n\u2610Software \/ \u2612 Acesso on-line<br \/>\n\u2612Pago \/ \u2610 N\u00e3o Pago<br \/>\nInfraestrutura:<br \/>\nComputador Desktop ou laptop apresentando o m\u00ednimo de 4MB de mem\u00f3ria RAM e deve ter acesso a<br \/>\ninternet<br \/>\nDescri\u00e7\u00e3o do software:<br \/>\nO ALGETEC Laborat\u00f3rios Virtuais \u00e9 uma ferramenta online que simula situa\u00e7\u00f5es reais de laborat\u00f3rios nas<br \/>\n\u00e1reas de engenharia e sa\u00fade e seguem com alto grau de fideliza\u00e7\u00e3o os experimentos realizados nos<br \/>\nequipamentos f\u00edsicos da ALGETEC.<br \/>\nATIVIDADE PR\u00c1TICA 2<br \/>\nAtividade proposta:<br \/>\nAtrav\u00e9s do Experimento de Reynolds voc\u00ea ir\u00e1 verificar o comportamento de um fluido (\u00e1gua) em uma<br \/>\ntubula\u00e7\u00e3o. Dever\u00e1 identificar os tr\u00eas tipos de escoamentos: laminar, transi\u00e7\u00e3o e turbulento e a sua rela\u00e7\u00e3o<br \/>\ncom o n\u00famero adimensional de Reynolds.<br \/>\nObjetivos:<br \/>\n&#8211; Determinar a vaz\u00e3o em uma tubula\u00e7\u00e3o.<br \/>\n&#8211; Identificar as caracter\u00edsticas dos tipos de escoamento: laminar, transi\u00e7\u00e3o e turbulento.<br \/>\n-Relacionar o comportamento do fluido com o n\u00famero de Reynolds.<br \/>\nProcedimentos para a realiza\u00e7\u00e3o da atividade:<br \/>\nPara realizar este experimento, siga os passos indicados abaixo:<br \/>\n1) Acessar o laboratorio virtual do site da ALGETEC. Em seguida clicar em cursos, buscar a aba Labs<br \/>\nEspec\u00edficos de Engenharia. Ap\u00f3s, selecionar o Laborat\u00f3rio de Mec\u00e2nica dos Fluidos e por fim<br \/>\nacessar a pr\u00e1tica Experimento de Reynolds.<br \/>\n2) Quanto a seguran\u00e7a no laborat\u00f3rio de engenharia, esta pr\u00e1tica requer o uso de sapatos fechados e<br \/>\ncabelos presos.<br \/>\n3) VERIFICANDO O POSICIONAMENTO DAS V\u00c1LVULAS: voc\u00ea dever\u00e1 verificar a posi\u00e7\u00e3o das<br \/>\nv\u00e1lvulas de acordo com a tabela abaixo. As altera\u00e7\u00f5es necess\u00e1rias devem ser feitas com a bancada<br \/>\ndesligada. Mude o posicionamento das v\u00e1lvulas se necess\u00e1rio clicando com o bot\u00e3o esquerdo do<br \/>\nmouse sobre elas.<br \/>\nCONDI\u00c7\u00d5ES DAS V\u00c1LVULAS<br \/>\nV\u00e1lvula 1a Aberta<br \/>\nV\u00e1lvula 1b Aberta<br \/>\nvula 2a Fechada<br \/>\nV\u00e1lvula ula 2b Aberta<br \/>\nV\u00e1lvulala 2c Parcialmente aberta<br \/>\nV\u00e1lvula 3 Aberta<br \/>\nV\u00e1lvula 4 Aberta<br \/>\nV\u00e1lvula 5 Aberta<br \/>\nV\u00e1lvula 6 Aberta<br \/>\nV\u00e1lvula 7 Aberta<br \/>\nV\u00e1lvula 8 Aberta<br \/>\nV\u00e1lvula 9 Aberta<br \/>\nV\u00e1lvulala 10 Aberta<br \/>\nV\u00e1lvula ula 11 Aberta<br \/>\nV\u00e1lvula I Aberta<br \/>\nV\u00e1lvula II Aberta<br \/>\nV\u00e1lvula 12 Aberta<br \/>\nV\u00e1lvula 13 Aberta<br \/>\nV\u00e1lvula 14 Fechada<br \/>\nV\u00e1lvula 15 Fechada<br \/>\nCONTROLE<br \/>\nDE VAZ\u00c3\u041e<br \/>\nCONTROLE<br \/>\nDE VAZA\u043e<br \/>\n\u3141<br \/>\n00:00:00:00<br \/>\n460<br \/>\n455<br \/>\n450<br \/>\n445<br \/>\n440<br \/>\nALOETEC<br \/>\n435<br \/>\n433<br \/>\n460455<br \/>\n450<br \/>\n445<br \/>\n440<br \/>\n435<br \/>\n430<br \/>\nvur<br \/>\n440<br \/>\n450<br \/>\n445<br \/>\n440<br \/>\n435<br \/>\n430<br \/>\n7) OBSERVANDO O REGIME DE ESCOAMENTO: Abra a v\u00e1lvula 15 para que o fluido com<br \/>\ncorante comece a escoar. Quando observar o fluxo atrav\u00e9s da pipeta, abra a v\u00e1lvula 14,<br \/>\ncontrolando a vaz\u00e3o com mesma porcentagem escolhida no passo anterior.<br \/>\n\u00c9 necess\u00e1rio esperar o fluxo se estabilizar para come\u00e7ar a medi\u00e7\u00e3o.<br \/>\nChecklist:<br \/>\n&#8211; Acessar o Algetec<br \/>\n&#8211; Acessar o experimento da aula pr\u00e1tica<br \/>\n&#8211; Ler o Sum\u00e1rio Te\u00f3rico_Experimento de Reynolds<br \/>\n&#8211; Realizar o experimento na Bancada Did\u00e1tica de Mec\u00e2nica dos Fluidos e Bombas.<br \/>\n&#8211; Anotar todos os dados e tirar prints das telas dos resultados<br \/>\nResultados da aula pr\u00e1tica: Aluno, voc\u00ea dever\u00e1 entregar:<br \/>\nVoc\u00ea dever\u00e1 entregar um documento (formato docx) com os prints de tela com a sequ\u00eancia do<br \/>\nexperimento e as respostas as seguintes perguntas:<br \/>\n1) A partir dos dados obtidos no laborat\u00f3rio, determine a vaz\u00e3o do sistema.<br \/>\n2) Qual o regime de escoamento observado no experimento?<br \/>\nRefer\u00eancias:<br \/>\nALGETEC. Roteiro de Experimentos: Experimento de Reynolds.<br \/>\nALGETEC. Sum\u00e1rio Te\u00f3rico: Experimento de Reynolds.<br \/>\nROTEIRO DE AULA PR\u00c1TICA 3<br \/>\nUnidade: 2<br \/>\nAula (White Label)\/Se\u00e7\u00e3o (KLS): Perda de Carga em um Escoamento Interno\/ Se\u00e7\u00e3o<br \/>\n3<br \/>\nSOFTWARE<br \/>\n\u2610Software \/ \u2612 Acesso on-line<br \/>\n\u2612Pago \/ \u2610 N\u00e3o Pago<br \/>\nInfraestrutura:<br \/>\nComputador Desktop ou laptop apresentando o m\u00ednimo de 4MB de mem\u00f3ria RAM e deve ter acesso a<br \/>\ninternet<br \/>\nDescri\u00e7\u00e3o do software:<br \/>\nO ALGETEC Laborat\u00f3rios Virtuais \u00e9 uma ferramenta online que simula situa\u00e7\u00f5es reais de laborat\u00f3rios nas<br \/>\n\u00e1reas de engenharia e sa\u00fade e seguem com alto grau de fideliza\u00e7\u00e3o os experimentos realizados nos<br \/>\nequipamentos f\u00edsicos da ALGETEC.<br \/>\nATIVIDADE PR\u00c1TICA 3<br \/>\nAtividade proposta:<br \/>\nEste experimento realizado na bancada did\u00e1tica de mec\u00e2nica dos fluidos permite verificar o<br \/>\ncomportamento do escoamento da \u00e1gua em tubula\u00e7\u00f5es de diferentes di\u00e2metros e materiais, medindo a<br \/>\nperda de carga em cada caso. Voc\u00ea dever\u00e1 variar a vaz\u00e3o do escoamento e verificar sua influ\u00eancia no<br \/>\nsistema, realizando a leitura da diferen\u00e7a de press\u00e3o entre os pontos de medi\u00e7\u00e3o (perda de carga) utilizando<br \/>\no man\u00f4metro em U. Os dados de perda de carga obtidos experimentalmente ser\u00e3o comparados com os<br \/>\nresultados te\u00f3ricos calculados utilizando diagrama de MOODY.<br \/>\nObjetivos:<br \/>\n&#8211; Identificar a rela\u00e7\u00e3o de depend\u00eancia entre a perda de carga e a vaz\u00e3o;<br \/>\n&#8211; Determinar o n\u00famero de Reynolds para cada caso estudado;<br \/>\n&#8211; Compreender como o material utilizado na fabrica\u00e7\u00e3o dos condutos influencia na queda de press\u00e3o de<br \/>\num fluido em movimento.<br \/>\nProcedimentos para a realiza\u00e7\u00e3o da atividade:<br \/>\nPara realizar este experimento, siga os passos indicados abaixo:<br \/>\n1) Acessar o laboratorio virtual do site da ALGETEC. Em seguida clicar em cursos, buscar a aba<br \/>\nLabs Espec\u00edficos de Engenharia. Ap\u00f3s, selecionar o Laborat\u00f3rio de Mec\u00e2nica dos Fluidos e por<br \/>\nfim acessar a pr\u00e1tica Perda de Carga Distribu\u00edda.<br \/>\n2) POSICIONANDO AS V\u00c1LVULAS DAS BOMBAS<br \/>\nPOSICIONANDO AS V\u00c1LVULAS DAS LINHAS<br \/>\nAlgelec<br \/>\n1000<br \/>\n-500<br \/>\nChecklist:<br \/>\n&#8211; Acessar o Algetec<br \/>\n&#8211; Acessar a pr\u00e1tica<br \/>\n&#8211; Ler o Sum\u00e1rio Te\u00f3rico_Perda de Carga Distribu\u00edda<br \/>\n&#8211; Realizar o experimento na Bancada Did\u00e1tica de Mec\u00e2nica dos Fluidos e Bombas<br \/>\n&#8211; Variar a vaz\u00e3o e ler o man\u00f4metro U<br \/>\n&#8211; Anotar todos os dados<br \/>\nResultados da aula pr\u00e1tica: Aluno, voc\u00ea dever\u00e1 entregar:<br \/>\nVoc\u00ea dever\u00e1 entregar um documento (formato docx) contendo:<br \/>\n1) O c\u00e1lculo da perda de carga utilizando o DIAGRAMA DE MOODY (te\u00f3rico)<br \/>\n2) O c\u00e1lculo do desvio relativo em rela\u00e7\u00e3o \u00e0s perdas de carga obtidas teoricamente e a lida no<br \/>\nman\u00f4metro U no experimento.<br \/>\n3) Quais s\u00e3o as principais fontes de erros para este experimento? A discrep\u00e2ncia foi grande entre os<br \/>\nvalores te\u00f3ricos e experimentais? Para os c\u00e1lculos, considere que a dist\u00e2ncia entre os pontos de<br \/>\ntomada de press\u00e3o \u00e9 de um metro em qualquer uma das linhas.<br \/>\n4) Qual a influ\u00eancia do di\u00e2metro da tubula\u00e7\u00e3o, do material e da vaz\u00e3o na perda de carga distribu\u00edda?<br \/>\nplote os valores de Vaz\u00e3o x Perda de Carga utilizando um software gr\u00e1fico para realizar esta<br \/>\nan\u00e1lise.<br \/>\nRefer\u00eancias:<br \/>\nALGETEC. Roteiro de Experimentos: Perda de Carga Distribu\u00edda.<br \/>\nALGETEC. Sum\u00e1rio Te\u00f3rico: Perda de Carga Distribu\u00edda<br \/>\nROTEIRO DE AULA PR\u00c1TICA 4<br \/>\nUnidade: 3<br \/>\nAula (White Label)\/Se\u00e7\u00e3o (KLS): Introdu\u00e7\u00e3o \u00e0 Radia\u00e7\u00e3o e Trocadores de Calor\/ Se\u00e7\u00e3o 3<br \/>\nSOFTWARE<br \/>\n\u2610Software \/ \u2612 Acesso on-line<br \/>\n\u2612Pago \/ \u2610 N\u00e3o Pago<br \/>\nInfraestrutura:<br \/>\nComputador Desktop ou laptop apresentando o m\u00ednimo de 4MB de mem\u00f3ria RAM e deve ter acesso a<br \/>\ninternet<br \/>\nDescri\u00e7\u00e3o do software:<br \/>\nO ALGETEC Laborat\u00f3rios Virtuais \u00e9 uma ferramenta online que simula situa\u00e7\u00f5es reais de laborat\u00f3rios nas<br \/>\n\u00e1reas de engenharia e sa\u00fade e seguem com alto grau de fideliza\u00e7\u00e3o os experimentos realizados nos<br \/>\nequipamentos f\u00edsicos da ALGETEC.<br \/>\nATIVIDADE PR\u00c1TICA 4<br \/>\nAtividade proposta:<br \/>\nO experimento a ser realizado na bancada did\u00e1tica para estudos em trocadores de calor permite verificar a<br \/>\ninflu\u00eancia de par\u00e2metros, como vaz\u00e3o e temperatura, na efici\u00eancia dos trocadores. Para isto s\u00e3o realizados<br \/>\ntestes em tr\u00eas tipos de trocadores de calor: trocador de placas, trocador de tubos conc\u00eantricos e o trocador<br \/>\nde casco-tubos. Em cada trocador de calor o aluno ir\u00e1 realizar o experimento com os fluxos de \u00e1gua em<br \/>\ncontracorrente e em correntes paralelas, medindo as temperaturas nos fluxos de \u00e1gua quente e \u00e1gua fria, na<br \/>\nentrada e sa\u00edda do trocador de calor, al\u00e9m de medir as vaz\u00f5es dos fluxos.<br \/>\nObjetivos:<br \/>\n&#8211; Compreender o funcionamento de um trocador de calor;<br \/>\n&#8211; identificar qual tipo de trocador de calor possui melhor efici\u00eancia<br \/>\ntrif\u00e1sica;<br \/>\n&#8211; entender a influ\u00eancia da vaz\u00e3o na transfer\u00eancia de calor. .<br \/>\nProcedimentos para a realiza\u00e7\u00e3o da atividade:<br \/>\nPara realizar este experimento, siga os passos indicados abaixo:<br \/>\n1) Acessar o laboratorio virtual do site da ALGETEC; Em seguida clicar em cursos, buscar a aba Labs<br \/>\nEspec\u00edficos de Engenharia. Ap\u00f3s, selecionar o Laborat\u00f3rio de<br \/>\nTransfer\u00eancia de Calor e por fim acessar a pr\u00e1tica Experimentos em Trocadores de Calor.<br \/>\nLIGANDO AS BOMBAS<br \/>\n5) VARIANDO A VAZ\u00c3O<br \/>\nAumente a vaz\u00e3o da bomba dois atrav\u00e9s do potenci\u00f4metro que se encontra no painel e observe a<br \/>\nvaria\u00e7\u00e3o de temperatura nos indicadores. Para uma melhor compreens\u00e3o, observe a varia\u00e7\u00e3o de<br \/>\ntemperatura para diferentes vaz\u00f5es.<\/p>\n<p>Checklist:<br \/>\n&#8211; Acessar o Algetec;<br \/>\n&#8211; Acessar a pr\u00e1tica;<br \/>\n&#8211; Ler o Sum\u00e1rio Te\u00f3rico_Trocador de Calor;<br \/>\n&#8211; Realizar o experimento na Bancada Did\u00e1tica para Estudos em Trocadores de Calor; &#8211; Anotar todos<br \/>\nos dados e tirar prints das telas dos resultados.<br \/>\nResultados da aula pr\u00e1tica: Aluno, voc\u00ea dever\u00e1 entregar:<br \/>\nVoc\u00ea dever\u00e1 entregar um documento (formato docx) com os prints de tela com a sequ\u00eancia do<br \/>\nexperimento e as respostas as seguintes perguntas:<br \/>\n1) Quais as principais vantagens da utiliza\u00e7\u00e3o de trocadores de calor?<br \/>\n2) Qual tipo de trocador \u00e9 mais utilizado na ind\u00fastria de alimentos? Justifique.<br \/>\n3) Quais crit\u00e9rios devem ser levados em considera\u00e7\u00e3o ao escolher um tipo de trocador de calor?<br \/>\n4) Qual a influ\u00eancia da vaz\u00e3o na transfer\u00eancia de calor?<br \/>\nRefer\u00eancias:<br \/>\nALGETEC. Roteiro de Experimentos: Trocador de Calor.<br \/>\nALGETEC. Sum\u00e1rio Te\u00f3rico: Trocador de Calor.<\/p>\n<div class=\"elementor-toggle-item\">\n<p id=\"elementor-tab-title-1941\" class=\"elementor-tab-title elementor-active\" tabindex=\"0\" role=\"tab\" data-tab=\"1\" aria-controls=\"elementor-tab-content-1941\" aria-expanded=\"true\" aria-selected=\"true\"><strong>Como funciona?<\/strong><\/p>\n<p>Elaboramos os portf\u00f3lios, j\u00e1 deixamos prontos, nas normas da ABNT e conforme os requisitos da universidade. F\u00e1cil assim! O MELHOR \u00c9 QUE VOC\u00ca COMPRA E J\u00c1 BAIXA NA HORA O SEU ARQUIVO EM WORD! Sabemos que conciliar trabalho, fam\u00edlia, vida profissional e estudos \u00e9 dif\u00edcil hoje em dia, por isso, estamos aqui para ajudar voc\u00ea. Conte com nossa qualidade, experi\u00eancia e profissionalismo adquirindo seu portf\u00f3lio conosco. GARANTIMOS SEU CONCEITO!<\/p>\n<p><strong>Como se realizam os envios?<\/strong><\/p>\n<\/div>\n<p id=\"elementor-tab-content-1942\" class=\"elementor-tab-content elementor-clearfix elementor-active\" role=\"tabpanel\" data-tab=\"2\" aria-labelledby=\"elementor-tab-title-1942\">O seu trabalho \u00e9 disponibilizado pronto, respondido e nas normas j\u00e1 na mesma hora aqui em nosso site na sua \u00e1rea de downloads e tamb\u00e9m no seu e-mail.<\/p>\n<p><strong>Em quanto tempo recebo o portf\u00f3lio?<\/strong><\/p>\n<p>Os envios s\u00e3o imediatos. Ap\u00f3s sua compra, o trabalho j\u00e1 \u00e9 disponibilizado instantaneamente aqui em nosso site e no seu e-mail.<\/p>\n<p><strong>E se o portf\u00f3lio que comprei precisar de corre\u00e7\u00e3o?<\/strong><\/p>\n<p>Caso haja alguma solicita\u00e7\u00e3o de corre\u00e7\u00e3o\/altera\u00e7\u00e3o por parte do tutor, basta entrar em contato conosco pelo\u00a0WhatsApp\u00a0que provid\u00eanciaremos sem custo algum.<\/p>\n<p><strong>Qual o formato do arquivo?<\/strong><\/p>\n<p>Os arquivos s\u00e3o enviados em formato Word e s\u00e3o edit\u00e1veis.<\/p>\n<p><strong>Caso eu tiver alguma d\u00favida, terei suporte no p\u00f3s venda?<\/strong><\/p>\n<p>Sim, com certeza. Basta clicar no \u00edcone do WhatsApp no cantinho da tela. Ser\u00e1 um prazer atend\u00ea-lo(a).<\/p>\n<div id=\"elementor-tab-content-1948\" class=\"elementor-tab-content elementor-clearfix elementor-active\" role=\"tabpanel\" data-tab=\"8\" aria-labelledby=\"elementor-tab-title-1948\">\n<p><strong>Quais os seus canais de contato?<\/strong><\/p>\n<\/div>\n<div id=\"elementor-tab-content-1949\" class=\"elementor-tab-content elementor-clearfix elementor-active\" role=\"tabpanel\" data-tab=\"9\" aria-labelledby=\"elementor-tab-title-1949\">\n<p>Whatsapp: 53 984751621 \u2013 Clicar no canto da tela ou ESCANEIE O QRCODE ABAIXO<\/p>\n<h4><img decoding=\"async\" class=\"alignnone wp-image-13699 jetpack-lazy-image jetpack-lazy-image--handled\" src=\"https:\/\/i0.wp.com\/portifolioos-prontos.com\/wp-content\/uploads\/2023\/02\/whatsapp-business-projeto-de-extensao-300x300.jpeg?resize=144%2C144\" sizes=\"(max-width: 144px) 100vw, 144px\" srcset=\"https:\/\/i0.wp.com\/portifolioos-prontos.com\/wp-content\/uploads\/2023\/02\/whatsapp-business-projeto-de-extensao.jpeg?resize=300%2C301&amp;ssl=1 300w, https:\/\/i0.wp.com\/portifolioos-prontos.com\/wp-content\/uploads\/2023\/02\/whatsapp-business-projeto-de-extensao.jpeg?resize=150%2C150&amp;ssl=1 150w, https:\/\/i0.wp.com\/portifolioos-prontos.com\/wp-content\/uploads\/2023\/02\/whatsapp-business-projeto-de-extensao.jpeg?resize=370%2C372&amp;ssl=1 370w, https:\/\/i0.wp.com\/portifolioos-prontos.com\/wp-content\/uploads\/2023\/02\/whatsapp-business-projeto-de-extensao.jpeg?resize=100%2C100&amp;ssl=1 100w, https:\/\/i0.wp.com\/portifolioos-prontos.com\/wp-content\/uploads\/2023\/02\/whatsapp-business-projeto-de-extensao.jpeg?w=470&amp;ssl=1 470w\" alt=\"projeto de extens\u00e3o unopar\" width=\"144\" height=\"144\" data-lazy-loaded=\"1\" \/><\/h4>\n<\/div>\n<div class=\"elementor-toggle-item\">\n<div id=\"elementor-tab-content-1949\" class=\"elementor-tab-content elementor-clearfix elementor-active\" role=\"tabpanel\" data-tab=\"9\" aria-labelledby=\"elementor-tab-title-1949\">\n<p>E-mail:portifoliosp@gmail.com<\/p>\n<div id=\"attachment_143\" class=\"wp-caption alignnone\">\n<div id=\"attachment_143\" class=\"wp-caption alignnone\">\n<p id=\"caption-attachment-143\" class=\"wp-caption-text\"><a href=\"http:\/\/portfolio-pronto.com\/\">Portf\u00f3lio<\/a>\u00a0em Word, respondido, completo e j\u00e1 nas normas<\/p>\n<\/div>\n<\/div>\n<\/div>\n<\/div>\n","protected":false},"excerpt":{"rendered":"<div class=\"product-short-description\">\n<p><strong>Pague pelo PIX ou cart\u00e3o e fa\u00e7a o download agora mesmo.<\/strong><\/p>\n<\/div>\n<div class=\"sticky-add-to-cart-wrapper\">\n<div class=\"sticky-add-to-cart\">\n<p class=\"quantity buttons_added form-flat\"><img decoding=\"async\" class=\"lazyloaded smush-image-5 smush-image-3 smush-image-4 smush-image-bigger-3 smush-detected-img smush-image-bigger-2\" src=\"https:\/\/d26lpennugtm8s.cloudfront.net\/assets\/common\/img\/logos\/payment\/visa@2x.png\" width=\"46\" height=\"29\" data-src=\"https:\/\/d26lpennugtm8s.cloudfront.net\/assets\/common\/img\/logos\/payment\/visa@2x.png\" \/><img decoding=\"async\" class=\"lazyloaded smush-image-6 smush-image-4 smush-image-5 smush-image-bigger-4 smush-detected-img smush-image-bigger-3\" src=\"https:\/\/d26lpennugtm8s.cloudfront.net\/assets\/common\/img\/logos\/payment\/boleto@2x.png\" width=\"43\" height=\"27\" data-src=\"https:\/\/d26lpennugtm8s.cloudfront.net\/assets\/common\/img\/logos\/payment\/boleto@2x.png\" \/><img loading=\"lazy\" decoding=\"async\" class=\"lazyloaded smush-image-7 smush-image-5 smush-image-6 smush-image-bigger-5 smush-detected-img smush-image-bigger-4\" src=\"https:\/\/d26lpennugtm8s.cloudfront.net\/assets\/common\/img\/logos\/payment\/mastercard@2x.png\" width=\"43\" height=\"27\" data-src=\"https:\/\/d26lpennugtm8s.cloudfront.net\/assets\/common\/img\/logos\/payment\/mastercard@2x.png\" \/><img loading=\"lazy\" decoding=\"async\" class=\"lazyloaded smush-image-8 smush-image-6 smush-image-7 smush-image-bigger-6 smush-detected-img smush-image-bigger-5\" src=\"https:\/\/d26lpennugtm8s.cloudfront.net\/assets\/common\/img\/logos\/payment\/amex@2x.png\" width=\"43\" height=\"27\" data-src=\"https:\/\/d26lpennugtm8s.cloudfront.net\/assets\/common\/img\/logos\/payment\/amex@2x.png\" \/><img loading=\"lazy\" decoding=\"async\" class=\"lazyloaded smush-image-9 smush-image-7 smush-image-8 smush-image-bigger-7 smush-detected-img smush-image-bigger-6\" src=\"https:\/\/d26lpennugtm8s.cloudfront.net\/assets\/common\/img\/logos\/payment\/diners@2x.png\" width=\"46\" height=\"29\" data-src=\"https:\/\/d26lpennugtm8s.cloudfront.net\/assets\/common\/img\/logos\/payment\/diners@2x.png\" \/><img loading=\"lazy\" decoding=\"async\" class=\"lazyloaded smush-image-10 smush-image-8 smush-image-9 alignnone smush-image-bigger-8 smush-detected-img smush-image-bigger-7\" src=\"https:\/\/d26lpennugtm8s.cloudfront.net\/assets\/common\/img\/logos\/payment\/br\/elo@2x.png\" alt=\"portf\u00f3lio unopar anhanguera\" width=\"45\" height=\"28\" data-src=\"https:\/\/d26lpennugtm8s.cloudfront.net\/assets\/common\/img\/logos\/payment\/br\/elo@2x.png\" \/><img loading=\"lazy\" decoding=\"async\" class=\"lazyloaded smush-image-11 smush-image-9 smush-image-10 alignnone smush-image-bigger-9 smush-detected-img smush-image-bigger-8\" src=\"https:\/\/d26lpennugtm8s.cloudfront.net\/assets\/common\/img\/logos\/payment\/br\/hipercard@2x.png\" alt=\"portf\u00f3lio unopar anhanguera\" width=\"44\" height=\"28\" data-src=\"https:\/\/d26lpennugtm8s.cloudfront.net\/assets\/common\/img\/logos\/payment\/br\/hipercard@2x.png\" \/><img loading=\"lazy\" decoding=\"async\" class=\"lazyloaded smush-image-12 smush-image-10 smush-image-11 alignnone smush-image-bigger-10 smush-detected-img smush-image-bigger-9\" src=\"https:\/\/d26lpennugtm8s.cloudfront.net\/assets\/common\/img\/logos\/payment\/mercadopago@2x.png\" alt=\"portf\u00f3lio unopar anhanguera\" width=\"45\" height=\"28\" data-src=\"https:\/\/d26lpennugtm8s.cloudfront.net\/assets\/common\/img\/logos\/payment\/mercadopago@2x.png\" \/><img loading=\"lazy\" decoding=\"async\" class=\"alignnone lazyloaded smush-image-bigger-11 smush-detected-img smush-image-bigger-10\" src=\"https:\/\/futurium.com.br\/wp-content\/uploads\/2021\/06\/logo-pix-icone-512.png\" alt=\"portfolio pronto\" width=\"30\" height=\"30\" data-src=\"https:\/\/futurium.com.br\/wp-content\/uploads\/2021\/06\/logo-pix-icone-512.png\" \/><\/p>\n<\/div>\n<\/div>\n","protected":false},"featured_media":42439,"template":"","meta":{"_seopress_robots_primary_cat":"","_seopress_titles_title":"","_seopress_titles_desc":"","_seopress_robots_index":""},"product_cat":[263,141,220,146,289,287,42],"product_tag":[],"class_list":{"0":"post-42438","1":"product","2":"type-product","3":"status-publish","4":"has-post-thumbnail","6":"product_cat-engenharia-ambiental","7":"product_cat-engenharia-ambiental-e-sanitaria","8":"product_cat-engenharia-civil","9":"product_cat-engenharia-de-producao","10":"product_cat-engenharia-eletrica","11":"product_cat-engenharia-mecanica","12":"product_cat-gestao-da-prod-industrial","14":"first","15":"instock","16":"downloadable","17":"virtual","18":"purchasable","19":"product-type-simple","20":"col-xs-6 col-sm-4","21":"col-mf-5","22":"un-5-cols"},"jetpack_sharing_enabled":true,"_links":{"self":[{"href":"https:\/\/portifolioos-prontos.com\/index.php\/wp-json\/wp\/v2\/product\/42438","targetHints":{"allow":["GET"]}}],"collection":[{"href":"https:\/\/portifolioos-prontos.com\/index.php\/wp-json\/wp\/v2\/product"}],"about":[{"href":"https:\/\/portifolioos-prontos.com\/index.php\/wp-json\/wp\/v2\/types\/product"}],"version-history":[{"count":1,"href":"https:\/\/portifolioos-prontos.com\/index.php\/wp-json\/wp\/v2\/product\/42438\/revisions"}],"predecessor-version":[{"id":45764,"href":"https:\/\/portifolioos-prontos.com\/index.php\/wp-json\/wp\/v2\/product\/42438\/revisions\/45764"}],"wp:featuredmedia":[{"embeddable":true,"href":"https:\/\/portifolioos-prontos.com\/index.php\/wp-json\/wp\/v2\/media\/42439"}],"wp:attachment":[{"href":"https:\/\/portifolioos-prontos.com\/index.php\/wp-json\/wp\/v2\/media?parent=42438"}],"wp:term":[{"taxonomy":"product_cat","embeddable":true,"href":"https:\/\/portifolioos-prontos.com\/index.php\/wp-json\/wp\/v2\/product_cat?post=42438"},{"taxonomy":"product_tag","embeddable":true,"href":"https:\/\/portifolioos-prontos.com\/index.php\/wp-json\/wp\/v2\/product_tag?post=42438"}],"curies":[{"name":"wp","href":"https:\/\/api.w.org\/{rel}","templated":true}]}}