{"id":42506,"date":"2025-08-06T16:15:53","date_gmt":"2025-08-06T19:15:53","guid":{"rendered":"https:\/\/portifolioos-prontos.com\/?post_type=product&#038;p=42506"},"modified":"2025-10-11T14:27:36","modified_gmt":"2025-10-11T17:27:36","slug":"aula-pratica-sensoriamento-e-geoprocessamento-aplicados-ao-meio","status":"publish","type":"product","link":"https:\/\/portifolioos-prontos.com\/index.php\/product\/aula-pratica-sensoriamento-e-geoprocessamento-aplicados-ao-meio\/","title":{"rendered":"Aula Pr\u00e1tica Sensoriamento e Geoprocessamento Aplicados ao Meio"},"content":{"rendered":"<h4>Aula Pr\u00e1tica Sensoriamento e Geoprocessamento Aplicados ao Meio<\/h4>\n<p>ROTEIRO DE AULA PR\u00c1TICA<br \/>\nSensoriamento e Geoprocessamento Aplicados ao Meio<br \/>\nUnidade:<br \/>\nU1_FUNDAMENTOS_SOBRE_GEOPROCESSAMENTO_E_SENSORIAMENTO_REMOTO<br \/>\nAula: A3_SISTEMA_DE_PROJECAO<br \/>\nOBJETIVOS<br \/>\nDefini\u00e7\u00e3o dos objetivos da aula pr\u00e1tica:<br \/>\n\u2022 Compreender as distor\u00e7\u00f5es das proje\u00e7\u00f5es cartogr\u00e1ficas utilizando software de<br \/>\ngeoprocessamento;<br \/>\n\u2022 Elaborar figuras com elipses de Tissot para verificar a distor\u00e7\u00e3o de diferentes proje\u00e7\u00f5es<br \/>\ncartogr\u00e1ficas.<br \/>\nSOLU\u00c7\u00c3O DIGITAL:<br \/>\nQgis<br \/>\nhttps:\/\/www.qgis.org\/download\/<br \/>\nPROCEDIMENTOS PR\u00c1TICOS E APLICA\u00c7\u00d5ES<br \/>\nProcedimento\/Atividade n\u00ba 1<br \/>\nInserir o nome do experimento: Distor\u00e7\u00e3o das proje\u00e7\u00f5es<br \/>\nAtividade proposta: Utilizar software de Sistema de Informa\u00e7\u00e3o Geogr\u00e1fica, aberto e gratuito,<br \/>\npara analisar as distor\u00e7\u00f5es de proje\u00e7\u00f5es cartogr\u00e1ficas com o uso da indicatriz de Tissot.<br \/>\nProcedimentos para a realiza\u00e7\u00e3o da atividade:<br \/>\nA Indicatriz de Tissot, nomeada pelo matem\u00e1tico franc\u00eas Nicolas Auguste Tissot, \u00e9<br \/>\nrepresenta\u00e7\u00e3o gr\u00e1fica da distor\u00e7\u00e3o espacial em um determinado ponto do mapa, resultante de<br \/>\num c\u00edrculo inserido na superf\u00edcie da Terra. Dessa forma, a forma, o tamanho e orienta\u00e7\u00e3o de<br \/>\numa indicatriz de Tissot ser\u00e1 dependente da proje\u00e7\u00e3o cartogr\u00e1fica utilizada. Em proje\u00e7\u00f5es<br \/>\nconformes \u00e9 um c\u00edrculo; em proje\u00e7\u00f5es n\u00e3o conformes, \u00e9 uma elipse na maioria dos locais.<br \/>\nP\u00fablico3<br \/>\nPortanto, a indicatriz de Tissot transmite uma impress\u00e3o geral da distor\u00e7\u00e3o da proje\u00e7\u00e3o que<br \/>\npode ser utilizada como uma importante ferramenta did\u00e1tica.<br \/>\nNesta atividade voc\u00ea aprender\u00e1 como utilizar a indicatriz de Tissot no software QGis!<br \/>\n1) Aquisi\u00e7\u00e3o do Software<br \/>\nVamos realizar o download do software QGIS, que \u00e9 um software livre e gratuito que permite<br \/>\ntrabalhos com imagens raster e vetorial.<br \/>\nPara baixar o software voc\u00ea deve acessar ao site: https:\/\/www.qgis.org\/. \u00c9 importante informar<br \/>\nque esse \u00e9 um software que est\u00e1 em constante atualiza\u00e7\u00e3o, portanto pode ser que a p\u00e1gina<br \/>\nesteja com outro layout quando voc\u00ea acessar. Na p\u00e1gina do QGIS \u00e9 poss\u00edvel baixar diferentes<br \/>\nvers\u00f5es e, para tanto, na p\u00e1gina principal clique no bot\u00e3o \u201cDownload\u201d. Voc\u00ea ser\u00e1 direcionado<br \/>\npara outra tela, pedindo doa\u00e7\u00e3o \u2013 o site \u00e9 aberto e gratuito, se puder e der, doe, caso n\u00e3o,<br \/>\nclique em \u201cSkip it and go to download\u201d. Na p\u00e1gina subsequente, clique na vers\u00e3o que quiser<br \/>\nbaixar \u2013 baixaremos a \u201cLong term version for Windows (3.40 LTR) por estar mais tempo no ar e<br \/>\nser mais est\u00e1vel:<br \/>\nFigura 1.1 \u2013 Baixar o QGis<br \/>\n2) Instala\u00e7\u00e3o do Software<br \/>\nAo clicar no link indicado na figura 1.1 o download se iniciar\u00e1 automaticamente.<br \/>\nSiga as instru\u00e7\u00f5es de download e posterior \u00e9 s\u00f3 clicar no arquivo de instala\u00e7\u00e3o e seguir as<br \/>\ninstru\u00e7\u00f5es. Deixe habilitada a op\u00e7\u00e3o de criar Atalho, pois \u00e9 muito mais f\u00e1cil iniciar o software<br \/>\nP\u00fablico4<br \/>\npelo atalho do que pela pasta do programa. Ap\u00f3s a instala\u00e7\u00e3o dever\u00e1 ser criada uma pasta na<br \/>\n\u00e1rea de trabalho com os seguintes atalhos:<br \/>\nFigura 2.1: Pasta com atalhos do Qgis<br \/>\nPara acessar o QGIS clique em QGIS Desktop 3.40.7 (ou outra vers\u00e3o, dependendo da vers\u00e3o<br \/>\nque voc\u00ea optou para baixar) \u2013 o programa pode demorar um pouco para abrir.<br \/>\n3) Aquisi\u00e7\u00e3o dos dados Vetoriais \u2013 Mapa-m\u00fandi<br \/>\nPara realiza\u00e7\u00e3o da atividade vamos utilizar uma base vetorial gratuita de todos os pa\u00edses do<br \/>\nmundo. Vamos utilizar o arquivo \u201cmapasacademicos.com_.br_mundo_shp\u201d dispon\u00edvel em<br \/>\nhttps:\/\/mapasacademicos.com.br\/site\/2016\/12\/11\/download-arquivos-shapefiles-e-kml-mapamundi\/.<br \/>\nAo acessar o link voc\u00ea ter\u00e1 acesso a esta p\u00e1gina:<br \/>\nFigura: 3.1 P\u00e1gina de acesso para download dos dados<br \/>\nP\u00fablico5<\/p>\n<p>Clique no link destacado em extens\u00e3o shapefile (shp), conforme indicado. Os dados vir\u00e3o<br \/>\ncompactados (zip), portanto, voc\u00ea dever\u00e1 utilizar um descompactador de arquivos.<br \/>\n4) Abrindo os dados no Software<br \/>\nPois bem, vamos abrir os dados no QGis. Ao abrir o software (pode demorar um pouco) clique<br \/>\nem \u201cProjeto \u2192 Novo\u201d ou no \u00edcone da folha em branco (\u201cnovo projeto\u201d) para iniciar um projeto:<br \/>\nFigura 4.1: Iniciar projeto<br \/>\nP\u00fablico6<br \/>\n\u00c9 necess\u00e1rio, inicialmente, definir o sistema de coordenadas. Para tanto, clique em \u201cProjeto\u201d<br \/>\nPropriedades (ou ctrl + shit + P). Se voc\u00ea quiser saber mais informa\u00e7\u00f5es sobre o motivo dessa<br \/>\netapa ser necess\u00e1ria acesse este link: https:\/\/encurtador.com.br\/ez236.<br \/>\nVamos utilizar um Datum global, o WGS 84, conforme figura a seguir (se o Sistema de<br \/>\nRefer\u00eancia n\u00e3o estiver aparecendo digite seu nome em \u201cFiltro\u201d e selecione).<br \/>\nFigura 4.2 \u2013 Sele\u00e7\u00e3o do Sistema de Refer\u00eancia<br \/>\nEm filtro, procure por WGS 84 , em seguida clique em Apply (aplicar) e depois Ok.<br \/>\nPara inserir os dados no QGsis clique em \u201cCamada Adicionar Camada Adicionar Camada<br \/>\nVetorial\u201d:<br \/>\nFigura 4.3 \u2013 Adicionar camada Vetorial<br \/>\nP\u00fablico7<br \/>\nClique em \u201cbuscar\u201d (os \u201c&#8230;\u201d que aparece ao lado da caixa de texto).<br \/>\nFigura 4.4: Procurar dados<br \/>\nV\u00e1 at\u00e9 a pasta em que voc\u00ea salvou os dados \u201cmapasacademicos.com_.br_mundo\u201d e clique na<br \/>\nque tem extens\u00e3o SHP (importante! Na pasta voc\u00ea ver\u00e1 7 arquivos, todos importantes, mas<br \/>\napenas o SHP \u00e9 poss\u00edvel abrir):<br \/>\nFigura 4.5: Selecionar SHP<br \/>\nDepois desses passos, voc\u00ea ter\u00e1 um mapa-m\u00fandi, assim como a figura a seguir (a cor pode<br \/>\nvariar):<br \/>\nFigura 4.6: Tela QGis com os dados vetoriais<br \/>\nP\u00fablico8<br \/>\nAgora vamos baixar um complemento para podermos inserir as indicatrizes de Tissot sobre a<br \/>\nproje\u00e7\u00e3o. Para tanto clique em: complementos gerenciar e instalar complementos:<br \/>\nFigura 4.7 &#8211; Complementos<br \/>\nAp\u00f3s esse passo ser\u00e1 aberta uma janela e no sistema de busca escreva \u201cindicatrix mapper\u201d,<br \/>\nque \u00e9 o nome do complemento que utilizaremos. Ao aparecer o nome na lista de complementos<br \/>\n\u00e9 s\u00f3 clicar em instalar complemento.<br \/>\nFigura 4.8 \u2013 Instalar complemento<br \/>\nP\u00fablico9<br \/>\nAp\u00f3s a instala\u00e7\u00e3o do complemento ser\u00e1 criado um \u00edcone na barra de ferramentas do QGis, de<br \/>\numa proje\u00e7\u00e3o azimutal com diversos c\u00edrculos. Clique no \u00edcone e abrir\u00e1 uma nova tela:<br \/>\nFigura 4.9 \u2013 Tela do Complemento<br \/>\nPara nossa atividade, vamos trabalhar com os n\u00fameros que o complemento apresenta da tela<br \/>\nde abertura, contudo voc\u00ea pode alterar os par\u00e2metros (extens\u00e3o em latitude e longitude que os<br \/>\nc\u00edrculos alcan\u00e7ar\u00e3o, tamanho, quantidade). Clique em Run! e os c\u00edrculos ser\u00e3o mostrados na<br \/>\ntela \u2013 repare que duas camadas s\u00e3o criadas automaticamente: graticule e caps:<br \/>\nP\u00fablico10<br \/>\nFigura 4.10 \u2013 Uso do complemento indicatrix mapper<a href=\"http:\/\/portifolioos-prontos.com\">:<\/a><br \/>\nRepare que os c\u00edrculos apresentam maior distor\u00e7\u00e3o quanto maior a latitude. Vamos agora<br \/>\nutilizar as proje\u00e7\u00f5es mais famosas para ver o resultado. Para tanto, clique em Projeto<br \/>\n\u2192Propriedades.<br \/>\nEm filtro vamos buscar por proje\u00e7\u00f5es que foram elaboradas para representa\u00e7\u00e3o do planeta<br \/>\ncomo um todo, portanto vamos buscar por World (mundo) e, em \u201cSistemas de Refer\u00eancia de<br \/>\nCoordenadas Predefinidos<a href=\"http:\/\/portfolio-pronto.com\">\u201d<\/a> teremos uma extensa lista de possibilidades:<br \/>\nFigura 4.11 \u2013 Proje\u00e7\u00f5es Globais<br \/>\nP\u00fablico11<br \/>\nAgora, vamos selecionar algumas proje\u00e7\u00f5es. Role a barra da lista at\u00e9 encontrar Mercator.<br \/>\nClique na proje\u00e7\u00e3o e posteriormente em Aplicar e analise o sistema de distor\u00e7\u00e3o.<br \/>\nFigura 4.12 \u2013 Distor\u00e7\u00e3o da Proje\u00e7\u00e3o de Mercator<br \/>\nP\u00fablico12<br \/>\nRepita a opera\u00e7\u00e3o para verificar a distor\u00e7\u00e3o de outras proje\u00e7\u00f5es!<br \/>\nFigura 4.13 \u2013 Proje\u00e7\u00e3o de Mollweid<br \/>\nP\u00fablico13<br \/>\nFigura 4.14 \u2013 Azimutal Equidistante<br \/>\nFigura 4.15 \u2013 World Cylindrical Equal Area (Proje\u00e7\u00e3o Cil\u00edndrica Equivalente)<br \/>\nP\u00fablico14<br \/>\nFigura 4.16 \u2013 Proje\u00e7\u00e3o de Bonne<br \/>\nVoc\u00ea pode, agora, verificar outros padr\u00f5es de distor\u00e7\u00f5es!<br \/>\nSe voc\u00ea quiser salvar seu projeto \u00e9 s\u00f3 clicar em salvar e escolher a pasta no computador!<br \/>\nAvaliando os resultados:<br \/>\n1) O que significa quando uma elipse de Tissot aparece como um c\u00edrculo numa<br \/>\nproje\u00e7\u00e3o?<br \/>\n2) Como as Elipses de Tissot ajudam a identificar \u00e1reas com maior ou menor<br \/>\ndistor\u00e7\u00e3o?<br \/>\n3) Como a interpreta\u00e7\u00e3o das Elipses de Tissot pode influenciar decis\u00f5es em<br \/>\ngeoprocessamento e SIG?<br \/>\nChecklist:<br \/>\nP\u00fablico15<br \/>\n\u2713 Acesse ao AVA<br \/>\n\u2713 Siga as instru\u00e7\u00f5es de download e instala\u00e7\u00e3o do QGis<br \/>\n\u2713 Obtenha o mapa-base<br \/>\n\u2713 Abra o QGis<br \/>\n\u2713 Insira a camada vetorial<br \/>\n\u2713 Utilize o Datum WGS84<br \/>\n\u2713 Obtenha o complemento (plugin) \u201cindicatrix mapper\u201d<br \/>\n\u2713 Ative o complemento<br \/>\n\u2713 Utilize o complemento em diferentes proje\u00e7\u00f5es<br \/>\n\u2713 Ap\u00f3s criar os mapas, discorra sobre a import\u00e2ncia de conhecer o padr\u00e3o de<br \/>\ndistor\u00e7\u00e3o das diferentes proje\u00e7\u00f5es cartogr\u00e1ficas.<br \/>\nRESULTADOS<br \/>\nResultados do experimento:<br \/>\nEntregue um arquivo Word com as capturas de telas (print screen) de ao menos 4 (quatro) mapas elaborados com as elipses de Tissot. \u00c9 importante que na captura de tela seja poss\u00edvel visualizar a data e a hora da captura.<br \/>\nAp\u00f3s, elabore um texto, com cerca de 1000 caracteres, apresentando suas conclus\u00f5es sobre a<br \/>\natividade.<br \/>\n\u2022 O arquivo n\u00e3o dever\u00e1 ultrapassar 2M<br \/>\nResultados de Aprendizagem:<br \/>\nComo resultados dessa pr\u00e1tica ser\u00e1 poss\u00edvel compreender como as diferentes proje\u00e7\u00f5es<br \/>\ncartogr\u00e1ficas resultam em distor\u00e7\u00f5es diferenciadas em partes espec\u00edficas das \u00e1reas<br \/>\nrepresentadas, demonstrando, graficamente, as propriedades das proje\u00e7\u00f5es. Al\u00e9m disso, os<br \/>\nalunos ter\u00e3o contato com software de Sistema de Informa\u00e7\u00f5es Geogr\u00e1ficas.<\/p>\n<div class=\"elementor-toggle-item\">\n<p id=\"elementor-tab-title-1941\" class=\"elementor-tab-title elementor-active\" tabindex=\"0\" role=\"tab\" data-tab=\"1\" aria-controls=\"elementor-tab-content-1941\" aria-expanded=\"true\" aria-selected=\"true\"><strong>Como funciona?<\/strong><\/p>\n<p>Elaboramos os portf\u00f3lios, j\u00e1 deixamos prontos, nas normas da ABNT e conforme os requisitos da universidade. F\u00e1cil assim! O MELHOR \u00c9 QUE VOC\u00ca COMPRA E J\u00c1 BAIXA NA HORA O SEU ARQUIVO EM WORD! Sabemos que conciliar trabalho, fam\u00edlia, vida profissional e estudos \u00e9 dif\u00edcil hoje em dia, por isso, estamos aqui para ajudar voc\u00ea. Conte com nossa qualidade, experi\u00eancia e profissionalismo adquirindo seu portf\u00f3lio conosco. GARANTIMOS SEU CONCEITO!<\/p>\n<p><strong>Como se realizam os envios?<\/strong><\/p>\n<\/div>\n<p id=\"elementor-tab-content-1942\" class=\"elementor-tab-content elementor-clearfix elementor-active\" role=\"tabpanel\" data-tab=\"2\" aria-labelledby=\"elementor-tab-title-1942\">O seu trabalho \u00e9 disponibilizado pronto, respondido e nas normas j\u00e1 na mesma hora aqui em nosso site na sua \u00e1rea de downloads e tamb\u00e9m no seu e-mail.<\/p>\n<p><strong>Em quanto tempo recebo o portf\u00f3lio?<\/strong><\/p>\n<p>Os envios s\u00e3o imediatos. Ap\u00f3s sua compra, o trabalho j\u00e1 \u00e9 disponibilizado instantaneamente aqui em nosso site e no seu e-mail.<\/p>\n<p><strong>E se o portf\u00f3lio que comprei precisar de corre\u00e7\u00e3o?<\/strong><\/p>\n<p>Caso haja alguma solicita\u00e7\u00e3o de corre\u00e7\u00e3o\/altera\u00e7\u00e3o por parte do tutor, basta entrar em contato conosco pelo\u00a0WhatsApp\u00a0que provid\u00eanciaremos sem custo algum.<\/p>\n<p><strong>Qual o formato do arquivo?<\/strong><\/p>\n<p>Os arquivos s\u00e3o enviados em formato Word e s\u00e3o edit\u00e1veis.<\/p>\n<p><strong>Caso eu tiver alguma d\u00favida, terei suporte no p\u00f3s venda?<\/strong><\/p>\n<p>Sim, com certeza. Basta clicar no \u00edcone do WhatsApp no cantinho da tela. Ser\u00e1 um prazer atend\u00ea-lo(a).<\/p>\n<div id=\"elementor-tab-content-1948\" class=\"elementor-tab-content elementor-clearfix elementor-active\" role=\"tabpanel\" data-tab=\"8\" aria-labelledby=\"elementor-tab-title-1948\">\n<p><strong>Quais os seus canais de contato?<\/strong><\/p>\n<\/div>\n<div id=\"elementor-tab-content-1949\" class=\"elementor-tab-content elementor-clearfix elementor-active\" role=\"tabpanel\" data-tab=\"9\" aria-labelledby=\"elementor-tab-title-1949\">\n<p>Whatsapp: 53 984751621 \u2013 Clicar no canto da tela ou ESCANEIE O QRCODE ABAIXO<\/p>\n<h4><img decoding=\"async\" class=\"alignnone wp-image-13699 jetpack-lazy-image jetpack-lazy-image--handled\" src=\"https:\/\/i0.wp.com\/portifolioos-prontos.com\/wp-content\/uploads\/2023\/02\/whatsapp-business-projeto-de-extensao-300x300.jpeg?resize=144%2C144\" sizes=\"(max-width: 144px) 100vw, 144px\" srcset=\"https:\/\/i0.wp.com\/portifolioos-prontos.com\/wp-content\/uploads\/2023\/02\/whatsapp-business-projeto-de-extensao.jpeg?resize=300%2C301&amp;ssl=1 300w, https:\/\/i0.wp.com\/portifolioos-prontos.com\/wp-content\/uploads\/2023\/02\/whatsapp-business-projeto-de-extensao.jpeg?resize=150%2C150&amp;ssl=1 150w, https:\/\/i0.wp.com\/portifolioos-prontos.com\/wp-content\/uploads\/2023\/02\/whatsapp-business-projeto-de-extensao.jpeg?resize=370%2C372&amp;ssl=1 370w, https:\/\/i0.wp.com\/portifolioos-prontos.com\/wp-content\/uploads\/2023\/02\/whatsapp-business-projeto-de-extensao.jpeg?resize=100%2C100&amp;ssl=1 100w, https:\/\/i0.wp.com\/portifolioos-prontos.com\/wp-content\/uploads\/2023\/02\/whatsapp-business-projeto-de-extensao.jpeg?w=470&amp;ssl=1 470w\" alt=\"projeto de extens\u00e3o unopar\" width=\"144\" height=\"144\" data-lazy-loaded=\"1\" \/><\/h4>\n<\/div>\n<div class=\"elementor-toggle-item\">\n<div id=\"elementor-tab-content-1949\" class=\"elementor-tab-content elementor-clearfix elementor-active\" role=\"tabpanel\" data-tab=\"9\" aria-labelledby=\"elementor-tab-title-1949\">\n<p>E-mail:portifoliosp@gmail.com<\/p>\n<div id=\"attachment_143\" class=\"wp-caption alignnone\">\n<div id=\"attachment_143\" class=\"wp-caption alignnone\">\n<p id=\"caption-attachment-143\" class=\"wp-caption-text\"><a href=\"http:\/\/portfolio-pronto.com\/\">Portf\u00f3lio<\/a>\u00a0em Word, respondido, completo e j\u00e1 nas normas<\/p>\n<\/div>\n<\/div>\n<\/div>\n<\/div>\n","protected":false},"excerpt":{"rendered":"<div class=\"product-short-description\">\n<p><strong>Pague pelo PIX ou cart\u00e3o e fa\u00e7a o download agora mesmo.<\/strong><\/p>\n<\/div>\n<div class=\"sticky-add-to-cart-wrapper\">\n<div class=\"sticky-add-to-cart\">\n<p class=\"quantity buttons_added form-flat\"><img decoding=\"async\" class=\"lazyloaded smush-image-5 smush-image-3 smush-image-4 smush-image-bigger-3 smush-detected-img smush-image-bigger-2\" src=\"https:\/\/d26lpennugtm8s.cloudfront.net\/assets\/common\/img\/logos\/payment\/visa@2x.png\" width=\"46\" height=\"29\" data-src=\"https:\/\/d26lpennugtm8s.cloudfront.net\/assets\/common\/img\/logos\/payment\/visa@2x.png\" \/><img decoding=\"async\" class=\"lazyloaded smush-image-6 smush-image-4 smush-image-5 smush-image-bigger-4 smush-detected-img smush-image-bigger-3\" src=\"https:\/\/d26lpennugtm8s.cloudfront.net\/assets\/common\/img\/logos\/payment\/boleto@2x.png\" width=\"43\" height=\"27\" data-src=\"https:\/\/d26lpennugtm8s.cloudfront.net\/assets\/common\/img\/logos\/payment\/boleto@2x.png\" \/><img loading=\"lazy\" decoding=\"async\" class=\"lazyloaded smush-image-7 smush-image-5 smush-image-6 smush-image-bigger-5 smush-detected-img smush-image-bigger-4\" src=\"https:\/\/d26lpennugtm8s.cloudfront.net\/assets\/common\/img\/logos\/payment\/mastercard@2x.png\" width=\"43\" height=\"27\" data-src=\"https:\/\/d26lpennugtm8s.cloudfront.net\/assets\/common\/img\/logos\/payment\/mastercard@2x.png\" \/><img loading=\"lazy\" decoding=\"async\" class=\"lazyloaded smush-image-8 smush-image-6 smush-image-7 smush-image-bigger-6 smush-detected-img smush-image-bigger-5\" src=\"https:\/\/d26lpennugtm8s.cloudfront.net\/assets\/common\/img\/logos\/payment\/amex@2x.png\" width=\"43\" height=\"27\" data-src=\"https:\/\/d26lpennugtm8s.cloudfront.net\/assets\/common\/img\/logos\/payment\/amex@2x.png\" \/><img loading=\"lazy\" decoding=\"async\" class=\"lazyloaded smush-image-9 smush-image-7 smush-image-8 smush-image-bigger-7 smush-detected-img smush-image-bigger-6\" src=\"https:\/\/d26lpennugtm8s.cloudfront.net\/assets\/common\/img\/logos\/payment\/diners@2x.png\" width=\"46\" height=\"29\" data-src=\"https:\/\/d26lpennugtm8s.cloudfront.net\/assets\/common\/img\/logos\/payment\/diners@2x.png\" \/><img loading=\"lazy\" decoding=\"async\" class=\"lazyloaded smush-image-10 smush-image-8 smush-image-9 alignnone smush-image-bigger-8 smush-detected-img smush-image-bigger-7\" src=\"https:\/\/d26lpennugtm8s.cloudfront.net\/assets\/common\/img\/logos\/payment\/br\/elo@2x.png\" alt=\"portf\u00f3lio unopar anhanguera\" width=\"45\" height=\"28\" data-src=\"https:\/\/d26lpennugtm8s.cloudfront.net\/assets\/common\/img\/logos\/payment\/br\/elo@2x.png\" \/><img loading=\"lazy\" decoding=\"async\" class=\"lazyloaded smush-image-11 smush-image-9 smush-image-10 alignnone smush-image-bigger-9 smush-detected-img smush-image-bigger-8\" src=\"https:\/\/d26lpennugtm8s.cloudfront.net\/assets\/common\/img\/logos\/payment\/br\/hipercard@2x.png\" alt=\"portf\u00f3lio unopar anhanguera\" width=\"44\" height=\"28\" data-src=\"https:\/\/d26lpennugtm8s.cloudfront.net\/assets\/common\/img\/logos\/payment\/br\/hipercard@2x.png\" \/><img loading=\"lazy\" decoding=\"async\" class=\"lazyloaded smush-image-12 smush-image-10 smush-image-11 alignnone smush-image-bigger-10 smush-detected-img smush-image-bigger-9\" src=\"https:\/\/d26lpennugtm8s.cloudfront.net\/assets\/common\/img\/logos\/payment\/mercadopago@2x.png\" alt=\"portf\u00f3lio unopar anhanguera\" width=\"45\" height=\"28\" data-src=\"https:\/\/d26lpennugtm8s.cloudfront.net\/assets\/common\/img\/logos\/payment\/mercadopago@2x.png\" \/><img loading=\"lazy\" decoding=\"async\" class=\"alignnone lazyloaded smush-image-bigger-11 smush-detected-img smush-image-bigger-10\" src=\"https:\/\/futurium.com.br\/wp-content\/uploads\/2021\/06\/logo-pix-icone-512.png\" alt=\"portfolio pronto\" width=\"30\" height=\"30\" data-src=\"https:\/\/futurium.com.br\/wp-content\/uploads\/2021\/06\/logo-pix-icone-512.png\" \/><\/p>\n<\/div>\n<\/div>\n","protected":false},"featured_media":42507,"template":"","meta":{"_seopress_robots_primary_cat":"","_seopress_titles_title":"","_seopress_titles_desc":"","_seopress_robots_index":""},"product_cat":[263,141],"product_tag":[],"class_list":{"0":"post-42506","1":"product","2":"type-product","3":"status-publish","4":"has-post-thumbnail","6":"product_cat-engenharia-ambiental","7":"product_cat-engenharia-ambiental-e-sanitaria","9":"first","10":"instock","11":"downloadable","12":"virtual","13":"purchasable","14":"product-type-simple","15":"col-xs-6 col-sm-4","16":"col-mf-5","17":"un-5-cols"},"jetpack_sharing_enabled":true,"_links":{"self":[{"href":"https:\/\/portifolioos-prontos.com\/index.php\/wp-json\/wp\/v2\/product\/42506","targetHints":{"allow":["GET"]}}],"collection":[{"href":"https:\/\/portifolioos-prontos.com\/index.php\/wp-json\/wp\/v2\/product"}],"about":[{"href":"https:\/\/portifolioos-prontos.com\/index.php\/wp-json\/wp\/v2\/types\/product"}],"version-history":[{"count":1,"href":"https:\/\/portifolioos-prontos.com\/index.php\/wp-json\/wp\/v2\/product\/42506\/revisions"}],"predecessor-version":[{"id":45747,"href":"https:\/\/portifolioos-prontos.com\/index.php\/wp-json\/wp\/v2\/product\/42506\/revisions\/45747"}],"wp:featuredmedia":[{"embeddable":true,"href":"https:\/\/portifolioos-prontos.com\/index.php\/wp-json\/wp\/v2\/media\/42507"}],"wp:attachment":[{"href":"https:\/\/portifolioos-prontos.com\/index.php\/wp-json\/wp\/v2\/media?parent=42506"}],"wp:term":[{"taxonomy":"product_cat","embeddable":true,"href":"https:\/\/portifolioos-prontos.com\/index.php\/wp-json\/wp\/v2\/product_cat?post=42506"},{"taxonomy":"product_tag","embeddable":true,"href":"https:\/\/portifolioos-prontos.com\/index.php\/wp-json\/wp\/v2\/product_tag?post=42506"}],"curies":[{"name":"wp","href":"https:\/\/api.w.org\/{rel}","templated":true}]}}