{"id":42559,"date":"2025-08-07T15:51:52","date_gmt":"2025-08-07T18:51:52","guid":{"rendered":"https:\/\/portifolioos-prontos.com\/?post_type=product&#038;p=42559"},"modified":"2025-10-11T14:19:09","modified_gmt":"2025-10-11T17:19:09","slug":"aula-pratica-cadeias-produtivas","status":"publish","type":"product","link":"https:\/\/portifolioos-prontos.com\/index.php\/product\/aula-pratica-cadeias-produtivas\/","title":{"rendered":"Aula Pr\u00e1tica Cadeias Produtivas &#8211; Unidade 2 Cadeias Produtivas de Produ\u00e7\u00e3o Animal"},"content":{"rendered":"<h4>Aula Pr\u00e1tica Cadeias Produtivas<\/h4>\n<p>ROTEIRO DE AULA PR\u00c1TICA<br \/>\nNOME DA DISCIPLINA: CADEIAS PRODUTIVAS<br \/>\nUnidade: 2 &#8211; CADEIAS PRODUTIVAS DE PRODU\u00c7\u00c3O ANIMAL<br \/>\nSe\u00e7\u00e3o: 3 &#8211; CADEIA PRODUTIVA DE BOVINOS DE CORTE<br \/>\nOBJETIVOS<br \/>\nDefini\u00e7\u00e3o dos objetivos da aula pr\u00e1tica:<br \/>\n&#8211; Estimular o aluno a aprofundar seus conhecimentos sobre as cadeias produtivas de produ\u00e7\u00e3o<br \/>\nanimal que tenham relev\u00e2ncia em seu munic\u00edpio ou regi\u00e3o.<br \/>\n&#8211; Conhecer os aspectos espec\u00edficos da cadeia produtiva escolhida para o desenvolvimento deste<br \/>\ntrabalho;<br \/>\n&#8211; Aprofundar seu conhecimento sobre as potencialidades e os fatores limitantes para o<br \/>\ndesenvolvimento da cadeia produtiva escolhida na regi\u00e3o.<br \/>\nINFRAESTRUTURA<br \/>\nInstala\u00e7\u00f5es \u2013 Materiais de consumo \u2013 Equipamentos:<br \/>\nFAZENDA &#8211; CONV\u00caNIO<br \/>\n\u2022 CADERNO COM PAUTA<br \/>\n~ 1 aluno<br \/>\nSOLU\u00c7\u00c3O DIGITAL<br \/>\n\u2022 MICROSOFT OFFICE (Software)<br \/>\nO Microsoft Office, ou simplesmente Office, \u00e9 um pacote de APP s para escrit\u00f3rio e servi\u00e7os,<br \/>\ndesenvolvido pela Microsoft. Cont\u00e9m programas como processador de texto, planilha de c\u00e1lculo,<br \/>\nbanco de dados, apresenta\u00e7\u00e3o gr\u00e1fica, cliente de e-mails, entre outros.<br \/>\nEQUIPAMENTO DE PROTE\u00c7\u00c3O INDIVIDUAL (EPI)<br \/>\nN\u00e3o se aplica<br \/>\nPROCEDIMENTO\/ATIVIDADE n\u00ba 1 (Digital)<br \/>\nATIVIDADE PROPOSTA:<br \/>\nP\u00fablico3<br \/>\nPara essas atividades pr\u00e1ticas s\u00e3o propostas a pesquisa e levantamento de dados para a<br \/>\ncaracteriza\u00e7\u00e3o da cadeia produtiva de produ\u00e7\u00e3o animal que tradicionalmente se destaca no<br \/>\nmunic\u00edpio ou regi\u00e3o onde o aluno reside ou trabalha.<br \/>\nPROCEDIMENTOS PARA A REALIZA\u00c7\u00c3O DA ATIVIDADE:<br \/>\nPara o desenvolvimento desta pr\u00e1tica voc\u00ea dever\u00e1 identificar uma atividade de produ\u00e7\u00e3o animal<br \/>\nque seja importante para o munic\u00edpio ou regi\u00e3o onde vive. A import\u00e2ncia desta atividade pode<br \/>\nestar ligada a aspectos econ\u00f4micos, sociais ou at\u00e9 mesmo culturais. Sua escolha n\u00e3o dever\u00e1 ser<br \/>\nlimitada \u00e0s atividades de produ\u00e7\u00e3o animal apresentadas no livro da disciplina, assim, esteja livre<br \/>\npara fazer sua busca.<br \/>\nIndependente da atividade identificada e escolhida para o desenvolvimento desta pr\u00e1tica voc\u00ea<br \/>\ndever\u00e1 seguir os passos descritos adiante, para que sua pesquisa possa apresentar de maneira<br \/>\nclara e objetiva o funcionamento da cadeia produtiva de produ\u00e7\u00e3o animal escolhida.<br \/>\nO resultado dessa sua pesquisa dever\u00e1 ser apresentado na forma de um texto que dever\u00e1 conter<br \/>\nos seguintes elementos:<br \/>\nT\u00edtulo: Nome da cadeia produtiva de produ\u00e7\u00e3o animal destacando o produto final (carne, ovos,<br \/>\ncouro, l\u00e3, mel, etc.).<br \/>\nIntrodu\u00e7\u00e3o: Caracterizar a cadeia produtiva escolhida apresentando aspectos hist\u00f3ricos,<br \/>\necon\u00f4micos, sociais e <a href=\"http:\/\/portfolio-pronto.com\">culturais<\/a> da atividade e sua rela\u00e7\u00e3o com a popula\u00e7\u00e3o local.<br \/>\nJustificativa: Apresentar de forma objetiva a raz\u00e3o pela qual voc\u00ea escolheu esta cadeia produtiva<br \/>\npara desenvolver sua pesquisa (Qual a relev\u00e2ncia deste estudo?).<br \/>\nDesenvolvimento:<br \/>\nCaracteriza\u00e7\u00e3o da cadeia produtiva: Nesta parte do texto voc\u00ea dever\u00e1 apresentar e caracterizar<br \/>\ntodas as etapas da cadeia produtiva escolhida, desde a origem dos animais (reprodu\u00e7\u00e3o, cria\u00e7\u00e3o<br \/>\nde matrizes, gera\u00e7\u00e3o de animais que fornecer\u00e3o o produto final, entre outros) fornecimento de<br \/>\ninsumos (ra\u00e7\u00e3o, medicamentos, equipamentos, etc.), obten\u00e7\u00e3o do produto final (cria\u00e7\u00e3o, engorda,<br \/>\nextra\u00e7\u00e3o, tosquia, tratamentos, processamentos, etc.), rela\u00e7\u00e3o com fornecedores, intermedi\u00e1rios e<br \/>\nconsumidor final (quem s\u00e3o, como afetam a cadeia produtiva, a que etapa est\u00e3o associados, entre<br \/>\noutras informa\u00e7\u00f5es).<br \/>\nIdentifica\u00e7\u00e3o e caracteriza\u00e7\u00e3o de potencialidades e limita\u00e7\u00f5es da cadeia produtiva: Uma vez que a<br \/>\ncadeia produtiva tenha sido caracterizada, voc\u00ea ir\u00e1 identificar e apresentar quais s\u00e3o as<br \/>\npotencialidades (os pontos fortes) e os fatores limitantes (os pontos fracos) do setor na regi\u00e3o.<br \/>\nP\u00fablico4<br \/>\nNeste sentido, voc\u00ea dever\u00e1 descrever quais aspectos colaboram para a manuten\u00e7\u00e3o, e podem<br \/>\nproporcionar o crescimento da atividade em sua regi\u00e3o, e quais s\u00e3o os aspectos que dificultam o<br \/>\ndesenvolvimento da atividade. A apresenta\u00e7\u00e3o de pontos fortes e fracos n\u00e3o deve ser feita em<br \/>\nt\u00f3picos, mas sim em texto corrido, onde voc\u00ea ir\u00e1 contextualizar os pontos identificados. Para os<br \/>\nfatores limitantes voc\u00ea dever\u00e1 propor poss\u00edveis solu\u00e7\u00f5es que podem ser empregadas para a sua<br \/>\nsupera\u00e7\u00e3o.<br \/>\nFluxograma: Por meio da constru\u00e7\u00e3o de um fluxograma voc\u00ea ir\u00e1 representar todas as etapas<br \/>\nidentificadas da cadeia produtiva estudada, demonstrando com estas est\u00e3o conectadas entre si e<br \/>\ncom os demais atores\/setores.<br \/>\nConclus\u00e3o: Para concluir seu trabalho voc\u00ea dever\u00e1, resumidamente, apresentar os aspectos mais<br \/>\nimportantes de sua pesquisa, encerrando com a emiss\u00e3o de sua opini\u00e3o pessoal, baseada no<br \/>\nconte\u00fado pesquisado, sobre relev\u00e2ncia da cadeia produtiva escolhida, para a sua regi\u00e3o. Lembrese de relacionar sua impress\u00e3o com a justificativa que foi dada anteriormente.<br \/>\nBibliografia: Apresentar a rela\u00e7\u00e3o de todas as bibliografias consultadas, seguindo o padr\u00e3o da<br \/>\nABNT utilizado pela institui\u00e7\u00e3o.<br \/>\nOBSERVA\u00c7\u00c2O: Esta pr\u00e1tica \u00e9 um trabalho original e, portanto, n\u00e3o poder\u00e1 haver trabalhos<br \/>\nid\u00eanticos aos de outros alunos ou com reprodu\u00e7\u00e3o de materiais extra\u00eddos da internet. Os trabalhos<br \/>\nplagiados ser\u00e3o invalidados. Lembre-se de que a pr\u00e1tica do pl\u00e1gio constitui crime, com pena<br \/>\nprevista em lei (Lei n.\u00ba 9.610), e deve ser evitada no \u00e2mbito acad\u00eamico.<br \/>\nCHECKLIST:<br \/>\nPara o bom desenvolvimento oriente-se pelos itens descritos a seguir:<br \/>\n\u2022 Realiza\u00e7\u00e3o de um breve estudo sobre as cadeias produtivas de produ\u00e7\u00e3o animal relevantes em<br \/>\nseu munic\u00edpio ou regi\u00e3o;<br \/>\n\u2022 Sele\u00e7\u00e3o da cadeia produtiva para o desenvolvimento da sua pesquisa;<br \/>\n\u2022 Levantamento de dados a respeito da cadeia produtiva escolhida<br \/>\n\u2022 Revis\u00e3o bibliogr\u00e1fica;<br \/>\n\u2022 An\u00e1lise do material pesquisado;<br \/>\n\u2022 Reda\u00e7\u00e3o do texto;<br \/>\n\u2022 Relat\u00f3rio.<br \/>\nRESULTADOS<br \/>\nResultados de Aprendizagem:<br \/>\nP\u00fablico5<br \/>\nAo final da pr\u00e1tica voc\u00ea dever\u00e1 apresentar um estudo completo acerca da cadeia produtiva de<br \/>\nprodu\u00e7\u00e3o animal escolhida, tendo identificado seus pontos fortes e fracos dentro do contexto local<br \/>\nonde \u00e9 desenvolvida.<\/p>\n<div class=\"elementor-toggle-item\">\n<p id=\"elementor-tab-title-1941\" class=\"elementor-tab-title elementor-active\" tabindex=\"0\" role=\"tab\" data-tab=\"1\" aria-controls=\"elementor-tab-content-1941\" aria-expanded=\"true\" aria-selected=\"true\"><strong>Como funciona?<\/strong><\/p>\n<p>Elaboramos os portf\u00f3lios, j\u00e1 deixamos prontos, nas normas da ABNT e conforme os requisitos da universidade. F\u00e1cil assim! O MELHOR \u00c9 QUE VOC\u00ca COMPRA E J\u00c1 BAIXA NA HORA O SEU ARQUIVO EM WORD! Sabemos que conciliar trabalho, fam\u00edlia, vida profissional e estudos \u00e9 dif\u00edcil hoje em dia, por isso, estamos aqui para ajudar voc\u00ea. Conte com nossa qualidade, experi\u00eancia e profissionalismo adquirindo seu portf\u00f3lio conosco. GARANTIMOS SEU CONCEITO!<\/p>\n<p><strong>Como se realizam os envios?<\/strong><\/p>\n<\/div>\n<p id=\"elementor-tab-content-1942\" class=\"elementor-tab-content elementor-clearfix elementor-active\" role=\"tabpanel\" data-tab=\"2\" aria-labelledby=\"elementor-tab-title-1942\">O seu trabalho \u00e9 disponibilizado pronto, respondido e nas normas j\u00e1 na mesma hora aqui em nosso site na sua \u00e1rea de downloads e tamb\u00e9m no seu e-mail.<\/p>\n<p><strong>Em quanto tempo recebo o portf\u00f3lio?<\/strong><\/p>\n<p>Os envios s\u00e3o imediatos. Ap\u00f3s sua compra, o trabalho j\u00e1 \u00e9 disponibilizado instantaneamente aqui em nosso site e no seu e-mail.<\/p>\n<p><strong>E se o portf\u00f3lio que comprei precisar de corre\u00e7\u00e3o?<\/strong><\/p>\n<p>Caso haja alguma solicita\u00e7\u00e3o de corre\u00e7\u00e3o\/altera\u00e7\u00e3o por parte do tutor, basta entrar em contato conosco pelo\u00a0WhatsApp\u00a0que provid\u00eanciaremos sem custo algum.<\/p>\n<p><strong>Qual o formato do arquivo?<\/strong><\/p>\n<p>Os arquivos s\u00e3o enviados em formato Word e s\u00e3o edit\u00e1veis.<\/p>\n<p><strong>Caso eu tiver alguma d\u00favida, terei suporte no p\u00f3s venda?<\/strong><\/p>\n<p>Sim, com certeza. Basta clicar no \u00edcone do WhatsApp no cantinho da tela. Ser\u00e1 um prazer atend\u00ea-lo(a).<\/p>\n<div id=\"elementor-tab-content-1948\" class=\"elementor-tab-content elementor-clearfix elementor-active\" role=\"tabpanel\" data-tab=\"8\" aria-labelledby=\"elementor-tab-title-1948\">\n<p><strong>Quais os seus canais de contato?<\/strong><\/p>\n<\/div>\n<div id=\"elementor-tab-content-1949\" class=\"elementor-tab-content elementor-clearfix elementor-active\" role=\"tabpanel\" data-tab=\"9\" aria-labelledby=\"elementor-tab-title-1949\">\n<p>Whatsapp: 53 984751621 \u2013 Clicar no canto da tela ou ESCANEIE O QRCODE ABAIXO<\/p>\n<h4><img decoding=\"async\" class=\"alignnone wp-image-13699 jetpack-lazy-image jetpack-lazy-image--handled\" src=\"https:\/\/i0.wp.com\/portifolioos-prontos.com\/wp-content\/uploads\/2023\/02\/whatsapp-business-projeto-de-extensao-300x300.jpeg?resize=144%2C144\" sizes=\"(max-width: 144px) 100vw, 144px\" srcset=\"https:\/\/i0.wp.com\/portifolioos-prontos.com\/wp-content\/uploads\/2023\/02\/whatsapp-business-projeto-de-extensao.jpeg?resize=300%2C301&amp;ssl=1 300w, https:\/\/i0.wp.com\/portifolioos-prontos.com\/wp-content\/uploads\/2023\/02\/whatsapp-business-projeto-de-extensao.jpeg?resize=150%2C150&amp;ssl=1 150w, https:\/\/i0.wp.com\/portifolioos-prontos.com\/wp-content\/uploads\/2023\/02\/whatsapp-business-projeto-de-extensao.jpeg?resize=370%2C372&amp;ssl=1 370w, https:\/\/i0.wp.com\/portifolioos-prontos.com\/wp-content\/uploads\/2023\/02\/whatsapp-business-projeto-de-extensao.jpeg?resize=100%2C100&amp;ssl=1 100w, https:\/\/i0.wp.com\/portifolioos-prontos.com\/wp-content\/uploads\/2023\/02\/whatsapp-business-projeto-de-extensao.jpeg?w=470&amp;ssl=1 470w\" alt=\"projeto de extens\u00e3o unopar\" width=\"144\" height=\"144\" data-lazy-loaded=\"1\" \/><\/h4>\n<\/div>\n<div class=\"elementor-toggle-item\">\n<div id=\"elementor-tab-content-1949\" class=\"elementor-tab-content elementor-clearfix elementor-active\" role=\"tabpanel\" data-tab=\"9\" aria-labelledby=\"elementor-tab-title-1949\">\n<p>E-mail:portifoliosp@gmail.com<\/p>\n<div id=\"attachment_143\" class=\"wp-caption alignnone\">\n<div id=\"attachment_143\" class=\"wp-caption alignnone\">\n<p id=\"caption-attachment-143\" class=\"wp-caption-text\"><a href=\"http:\/\/portfolio-pronto.com\/\">Portf\u00f3lio<\/a>\u00a0em Word, respondido, completo e j\u00e1 nas normas<\/p>\n<\/div>\n<\/div>\n<\/div>\n<\/div>\n","protected":false},"excerpt":{"rendered":"<div class=\"product-short-description\">\n<p><strong>Pague pelo PIX ou cart\u00e3o e fa\u00e7a o download agora mesmo.<\/strong><\/p>\n<\/div>\n<div class=\"sticky-add-to-cart-wrapper\">\n<div class=\"sticky-add-to-cart\">\n<p class=\"quantity buttons_added form-flat\"><img decoding=\"async\" class=\"lazyloaded smush-image-5 smush-image-3 smush-image-4 smush-detected-img smush-image-bigger-3\" src=\"https:\/\/d26lpennugtm8s.cloudfront.net\/assets\/common\/img\/logos\/payment\/visa@2x.png\" width=\"46\" height=\"29\" data-src=\"https:\/\/d26lpennugtm8s.cloudfront.net\/assets\/common\/img\/logos\/payment\/visa@2x.png\" \/><img decoding=\"async\" class=\"lazyloaded smush-image-6 smush-image-4 smush-image-5 smush-detected-img smush-image-bigger-4\" src=\"https:\/\/d26lpennugtm8s.cloudfront.net\/assets\/common\/img\/logos\/payment\/boleto@2x.png\" width=\"43\" height=\"27\" data-src=\"https:\/\/d26lpennugtm8s.cloudfront.net\/assets\/common\/img\/logos\/payment\/boleto@2x.png\" \/><img loading=\"lazy\" decoding=\"async\" class=\"lazyloaded smush-image-7 smush-image-5 smush-image-6 smush-detected-img smush-image-bigger-5\" src=\"https:\/\/d26lpennugtm8s.cloudfront.net\/assets\/common\/img\/logos\/payment\/mastercard@2x.png\" width=\"43\" height=\"27\" data-src=\"https:\/\/d26lpennugtm8s.cloudfront.net\/assets\/common\/img\/logos\/payment\/mastercard@2x.png\" \/><img loading=\"lazy\" decoding=\"async\" class=\"lazyloaded smush-image-8 smush-image-6 smush-image-7 smush-detected-img smush-image-bigger-6\" src=\"https:\/\/d26lpennugtm8s.cloudfront.net\/assets\/common\/img\/logos\/payment\/amex@2x.png\" width=\"43\" height=\"27\" data-src=\"https:\/\/d26lpennugtm8s.cloudfront.net\/assets\/common\/img\/logos\/payment\/amex@2x.png\" \/><img loading=\"lazy\" decoding=\"async\" class=\"lazyloaded smush-image-9 smush-image-7 smush-image-8 smush-detected-img smush-image-bigger-7\" src=\"https:\/\/d26lpennugtm8s.cloudfront.net\/assets\/common\/img\/logos\/payment\/diners@2x.png\" width=\"46\" height=\"29\" data-src=\"https:\/\/d26lpennugtm8s.cloudfront.net\/assets\/common\/img\/logos\/payment\/diners@2x.png\" \/><img loading=\"lazy\" decoding=\"async\" class=\"lazyloaded smush-image-10 smush-image-8 smush-image-9 alignnone smush-detected-img smush-image-bigger-8\" src=\"https:\/\/d26lpennugtm8s.cloudfront.net\/assets\/common\/img\/logos\/payment\/br\/elo@2x.png\" alt=\"portf\u00f3lio unopar anhanguera\" width=\"45\" height=\"28\" data-src=\"https:\/\/d26lpennugtm8s.cloudfront.net\/assets\/common\/img\/logos\/payment\/br\/elo@2x.png\" \/><img loading=\"lazy\" decoding=\"async\" class=\"lazyloaded smush-image-11 smush-image-9 smush-image-10 alignnone smush-detected-img smush-image-bigger-9\" src=\"https:\/\/d26lpennugtm8s.cloudfront.net\/assets\/common\/img\/logos\/payment\/br\/hipercard@2x.png\" alt=\"portf\u00f3lio unopar anhanguera\" width=\"44\" height=\"28\" data-src=\"https:\/\/d26lpennugtm8s.cloudfront.net\/assets\/common\/img\/logos\/payment\/br\/hipercard@2x.png\" \/><img loading=\"lazy\" decoding=\"async\" class=\"lazyloaded smush-image-12 smush-image-10 smush-image-11 alignnone smush-detected-img smush-image-bigger-10\" src=\"https:\/\/d26lpennugtm8s.cloudfront.net\/assets\/common\/img\/logos\/payment\/mercadopago@2x.png\" alt=\"portf\u00f3lio unopar anhanguera\" width=\"45\" height=\"28\" data-src=\"https:\/\/d26lpennugtm8s.cloudfront.net\/assets\/common\/img\/logos\/payment\/mercadopago@2x.png\" \/><img loading=\"lazy\" decoding=\"async\" class=\"alignnone lazyloaded smush-detected-img smush-image-bigger-11\" src=\"https:\/\/futurium.com.br\/wp-content\/uploads\/2021\/06\/logo-pix-icone-512.png\" alt=\"portfolio pronto\" width=\"30\" height=\"30\" data-src=\"https:\/\/futurium.com.br\/wp-content\/uploads\/2021\/06\/logo-pix-icone-512.png\" \/><\/p>\n<\/div>\n<\/div>\n","protected":false},"featured_media":42560,"template":"","meta":{"_seopress_robots_primary_cat":"","_seopress_titles_title":"","_seopress_titles_desc":"","_seopress_robots_index":""},"product_cat":[63,29],"product_tag":[],"class_list":{"0":"post-42559","1":"product","2":"type-product","3":"status-publish","4":"has-post-thumbnail","6":"product_cat-agronegocio","7":"product_cat-agronomia","9":"first","10":"instock","11":"downloadable","12":"virtual","13":"purchasable","14":"product-type-simple","15":"col-xs-6 col-sm-4","16":"col-mf-5","17":"un-5-cols"},"jetpack_sharing_enabled":true,"_links":{"self":[{"href":"https:\/\/portifolioos-prontos.com\/index.php\/wp-json\/wp\/v2\/product\/42559","targetHints":{"allow":["GET"]}}],"collection":[{"href":"https:\/\/portifolioos-prontos.com\/index.php\/wp-json\/wp\/v2\/product"}],"about":[{"href":"https:\/\/portifolioos-prontos.com\/index.php\/wp-json\/wp\/v2\/types\/product"}],"version-history":[{"count":1,"href":"https:\/\/portifolioos-prontos.com\/index.php\/wp-json\/wp\/v2\/product\/42559\/revisions"}],"predecessor-version":[{"id":43929,"href":"https:\/\/portifolioos-prontos.com\/index.php\/wp-json\/wp\/v2\/product\/42559\/revisions\/43929"}],"wp:featuredmedia":[{"embeddable":true,"href":"https:\/\/portifolioos-prontos.com\/index.php\/wp-json\/wp\/v2\/media\/42560"}],"wp:attachment":[{"href":"https:\/\/portifolioos-prontos.com\/index.php\/wp-json\/wp\/v2\/media?parent=42559"}],"wp:term":[{"taxonomy":"product_cat","embeddable":true,"href":"https:\/\/portifolioos-prontos.com\/index.php\/wp-json\/wp\/v2\/product_cat?post=42559"},{"taxonomy":"product_tag","embeddable":true,"href":"https:\/\/portifolioos-prontos.com\/index.php\/wp-json\/wp\/v2\/product_tag?post=42559"}],"curies":[{"name":"wp","href":"https:\/\/api.w.org\/{rel}","templated":true}]}}