{"id":42567,"date":"2025-08-07T16:07:16","date_gmt":"2025-08-07T19:07:16","guid":{"rendered":"https:\/\/portifolioos-prontos.com\/?post_type=product&#038;p=42567"},"modified":"2025-10-11T14:19:07","modified_gmt":"2025-10-11T17:19:07","slug":"aula-pratica-teorias-e-tecnicas-de-diagnostico-em-psicopedagogia","status":"publish","type":"product","link":"https:\/\/portifolioos-prontos.com\/index.php\/product\/aula-pratica-teorias-e-tecnicas-de-diagnostico-em-psicopedagogia\/","title":{"rendered":"Aula Pr\u00e1tica Teorias e t\u00e9cnicas de diagn\u00f3stico em psicopedagogia"},"content":{"rendered":"<h4>Aula Pr\u00e1tica Teorias e t\u00e9cnicas de diagn\u00f3stico em psicopedagogia<\/h4>\n<p>ROTEIRO DE AULA PR\u00c1TICA<br \/>\nNOME DA DISCIPLINA: TEORIAS E T\u00c9CNICAS DE DIAGN\u00d3STICO EM PSICOPEDAGOGIA<br \/>\nUNIDADE: 3 \u2013 INVESTIGANDO O APRENDER<br \/>\nAULA: 4 &#8211; A PSICOPEDAGOGIA E SUA APLICABILIDADE NA ESCOLA<br \/>\nOBJETIVOS<br \/>\n\uf0b7 Explorar, por meio de simula\u00e7\u00f5es, diferentes t\u00e9cnicas psicopedag\u00f3gicas de interven\u00e7\u00e3o;<br \/>\n\uf0b7 Aplicar estrat\u00e9gias l\u00fadicas, gr\u00e1ficas, psicomotoras e cognitivas para a elabora\u00e7\u00e3o de<br \/>\ninterven\u00e7\u00f5es com sujeitos com dificuldades de aprendizagem;<br \/>\n\uf0b7 Desenvolver a capacidade de fundamentar teoricamente as escolhas metodol\u00f3gicas<br \/>\nrealizadas no contexto psicopedag\u00f3gico;<br \/>\n\uf0b7 Estimular a criatividade, o olhar cl\u00ednico e a intencionalidade diagn\u00f3stica nas propostas de<br \/>\ninterven\u00e7\u00e3o psicopedag\u00f3gica.<br \/>\nSOLU\u00c7\u00c3O DIGITAL<br \/>\nO estudante dever\u00e1 utilizar o editor de texto Word para elabora\u00e7\u00e3o do portf\u00f3lio de atividades<br \/>\nsimuladas.<br \/>\n<strong>PROCEDIMENTO\/ATIVIDADE<\/strong><br \/>\nO estudante dever\u00e1 elaborar individualmente um portf\u00f3lio contendo a simula\u00e7\u00e3o de quatro t\u00e9cnicas<br \/>\nde interven\u00e7\u00e3o psicopedag\u00f3gica, conforme categorias apresentadas na aula (l\u00fadica, gr\u00e1fica,<br \/>\npsicomotora e l\u00f3gico-matem\u00e1tica), com base nas descri\u00e7\u00f5es que est\u00e3o inseridas no t\u00f3pico<br \/>\n\u201cAtividade Proposta\u201d.<br \/>\nATIVIDADE PROPOSTA:<br \/>\n<strong>ATIVIDADE 1 \u2013 T\u00c9CNICA L\u00daDICA COM FOCO NA LINGUAGEM<\/strong><br \/>\n1. Nome da Atividade: t\u00edtulo criativo e coerente com a proposta.<br \/>\n2. Tipo de T\u00e9cnica: (l\u00fadica, gr\u00e1fica\/projetiva, psicomotora, l\u00f3gico-matem\u00e1tica).<br \/>\n3. Objetivo da Interven\u00e7\u00e3o: o que se pretende desenvolver ou favorecer no sujeito.<br \/>\n4. Faixa Et\u00e1ria Indicada: a quem se destina a atividade.<br \/>\n5. Materiais Utilizados: listar todos os materiais necess\u00e1rios.<br \/>\n6. Descri\u00e7\u00e3o Detalhada da Atividade: passo a passo da aplica\u00e7\u00e3o da t\u00e9cnica, incluindo<br \/>\norienta\u00e7\u00f5es para o sujeito e tempo estimado de realiza\u00e7\u00e3o.<br \/>\n7. Justificativa Te\u00f3rica: embasamento em autores da psicopedagogia (ex: Piaget, Visca,<br \/>\nPa\u00edn, Alicia Fern\u00e1ndez, Fonseca, Carvalho), explicitando o porqu\u00ea da escolha da t\u00e9cnica.<br \/>\n8. \u00c1rea Desenvolvida: indicar quais aspectos do desenvolvimento s\u00e3o favorecidos (cognitivo,<br \/>\nafetivo, psicomotor, lingu\u00edstico, social).<br \/>\n9. Poss\u00edvel Registro Psicopedag\u00f3gico: sugest\u00f5es de como o psicopedagogo registraria<br \/>\nessa atividade em prontu\u00e1rio ou relat\u00f3rio.<br \/>\n<strong>ATIVIDADE 2 <a href=\"http:\/\/portfolio-pronto.com\">\u2013<\/a> T\u00c9CNICA PROJETIVA COM FOCO AFETIVO<\/strong><br \/>\n1. Nome da Atividade: t\u00edtulo criativo e coerente com a proposta.<br \/>\n2. Tipo de T\u00e9cnica: (l\u00fadica, gr\u00e1fica\/projetiva, psicomotora, l\u00f3gico-matem\u00e1tica).<br \/>\n3. Objetivo da Interven\u00e7\u00e3o: o que se pretende desenvolver ou favorecer no sujeito.<br \/>\n4. Faixa Et\u00e1ria Indicada: a quem se destina a atividade.<br \/>\n5. Materiais Utilizados: listar todos os materiais necess\u00e1rios.<br \/>\n6. Descri\u00e7\u00e3o Detalhada da Atividade: passo a passo da aplica\u00e7\u00e3o da t\u00e9cnica, incluindo<br \/>\norienta\u00e7\u00f5es para o sujeito e tempo estimado de realiza\u00e7\u00e3o.<br \/>\n7. Justificativa Te\u00f3rica: embasamento em autores da psicopedagogia (ex: Piaget, Visca,<br \/>\nPa\u00edn, Alicia Fern\u00e1ndez, Fonseca, Carvalho), explicitando o porqu\u00ea da escolha da t\u00e9cnica.<br \/>\n8. \u00c1rea Desenvolvida: indicar quais aspectos do desenvolvimento s\u00e3o favorecidos (cognitivo,<br \/>\nafetivo, psicomotor, lingu\u00edstico, social).<br \/>\n9. Poss\u00edvel Registro Psicopedag\u00f3gico: sugest\u00f5es de como o psicopedagogo registraria<br \/>\nessa atividade em prontu\u00e1rio ou relat\u00f3rio.<br \/>\n<strong>ATIVIDADE 3 \u2013 T\u00c9CNICA PSICOMOTORA<\/strong><br \/>\n1. Nome da Atividade: t\u00edtulo criativo e coerente com a proposta.<br \/>\n2. Tipo de T\u00e9cnica: (l\u00fadica, gr\u00e1fica\/projetiva, psicomotora, l\u00f3gico-matem\u00e1tica).<br \/>\n3. Objetivo da Interven\u00e7\u00e3o: o que se pretende desenvolver ou favorecer no sujeito.<br \/>\n4. Faixa Et\u00e1ria Indicada: a quem se destina a atividade.<br \/>\n5. Materiais Utilizados: listar todos os materiais necess\u00e1rios.<br \/>\n6. Descri\u00e7\u00e3o Detalhada da Atividade: passo a passo da aplica\u00e7\u00e3o da t\u00e9cnica, incluindo<br \/>\norienta\u00e7\u00f5es para o sujeito e tempo estimado de realiza\u00e7\u00e3o.<br \/>\n7. Justificativa Te\u00f3rica: embasamento em autores da psicopedagogia (ex: Piaget, Visca,<br \/>\nPa\u00edn, Alicia Fern\u00e1ndez, Fonseca, Carvalho), explicitando o porqu\u00ea da escolha da t\u00e9cnica.<br \/>\n8. \u00c1rea Desenvolvida: indicar quais aspectos do desenvolvimento s\u00e3o favorecidos (cognitivo,<br \/>\nafetivo, psicomotor, lingu\u00edstico, social).<br \/>\n9. Poss\u00edvel Registro Psicopedag\u00f3gico: sugest\u00f5es de como o psicopedagogo registraria<br \/>\nessa atividade em prontu\u00e1rio ou relat\u00f3rio.<br \/>\n<strong>ATIVIDADE 4 \u2013 T\u00c9CNICA DE RACIOC\u00cdNIO L\u00d3GICO<\/strong><br \/>\n1. Nome da Atividade: t\u00edtulo criativo e coerente com a proposta.<br \/>\n2. Tipo de T\u00e9cnica: (l\u00fadica, gr\u00e1fica\/projetiva, psicomotora, l\u00f3gico-matem\u00e1tica).<br \/>\n3. Objetivo da Interven\u00e7\u00e3o: o que se pretende desenvolver ou favorecer no sujeito.<br \/>\n4. Faixa Et\u00e1ria Indicada: a quem se destina a atividade.<br \/>\n5. Materiais Utilizados: listar todos os materiais necess\u00e1rios.<br \/>\n6. Descri\u00e7\u00e3o Detalhada da Atividade: passo a passo da aplica\u00e7\u00e3o da t\u00e9cnica, incluindo<br \/>\norienta\u00e7\u00f5es para o sujeito e tempo estimado de realiza\u00e7\u00e3o.<br \/>\n7. Justificativa Te\u00f3rica: embasamento em autores da psicopedagogia (ex: Piaget, Visca,<br \/>\nPa\u00edn, Alicia Fern\u00e1ndez, Fonseca, Carvalho), explicitando o porqu\u00ea da escolha da t\u00e9cnica.<br \/>\n8. \u00c1rea Desenvolvida: indicar quais aspectos do desenvolvimento s\u00e3o favorecidos (cognitivo,<br \/>\nafetivo, psicomotor, lingu\u00edstico, social).<br \/>\n9. Poss\u00edvel Registro Psicopedag\u00f3gico: sugest\u00f5es de como o psicopedagogo registraria<br \/>\nessa atividade em prontu\u00e1rio ou relat\u00f3rio.<br \/>\n<strong>CHECKLIST:<\/strong><br \/>\n\uf0b7 Capa e folha de rosto com identifica\u00e7\u00e3o completa<br \/>\n\uf0b7 Introdu\u00e7\u00e3o apresentando o objetivo da pr\u00e1tica<br \/>\n\uf0b7 Quatro atividades distintas com todos os 9 itens descritos<br \/>\n\uf0b7 Fundamenta\u00e7\u00e3o te\u00f3rica presente em todas as atividades<br \/>\n\uf0b7 Clareza, coer\u00eancia e detalhamento em todas as descri\u00e7\u00f5es<br \/>\n\uf0b7 Considera\u00e7\u00f5es finais reflexivas<br \/>\n\uf0b7 Refer\u00eancias bibliogr\u00e1ficas conforme normas da ABNT<br \/>\n<strong>RESULTADOS:<\/strong><br \/>\nO arquivo em Word dever\u00e1 conter:<br \/>\n\uf0b7 Capa (nome completo, RA, curso, disciplina, unidade, aula, data)<br \/>\n\uf0b7 Folha de rosto (informa\u00e7\u00f5es acad\u00eamicas + nome do professor e polo)<br \/>\n\uf0b7 Introdu\u00e7\u00e3o (apresenta\u00e7\u00e3o da import\u00e2ncia da interven\u00e7\u00e3o psicopedag\u00f3gica e da rela\u00e7\u00e3o entre<br \/>\nt\u00e9cnica e desenvolvimento)<br \/>\n\uf0b7 Desenvolvimento com as quatro atividades, seguindo a estrutura detalhada<br \/>\n\uf0b7 Considera\u00e7\u00f5es finais (reflex\u00e3o sobre a experi\u00eancia de planejar interven\u00e7\u00f5es e os<br \/>\naprendizados do exerc\u00edcio)<br \/>\n\uf0b7 Refer\u00eancias bibliogr\u00e1ficas (autores da disciplina, como Piaget, Visca, Pa\u00edn, Fonseca,<br \/>\nFern\u00e1ndez, Carvalho etc.)<br \/>\n<strong>RESULTADOS DE APRENDIZAGEM:<\/strong><br \/>\nEspera-se que, ao final da atividade, o estudante seja capaz de:<br \/>\n\uf0b7 Elaborar propostas de interven\u00e7\u00e3o psicopedag\u00f3gica alinhadas aos achados diagn\u00f3sticos;<br \/>\n\uf0b7 Relacionar diferentes t\u00e9cnicas a aspectos do desenvolvimento humano;<br \/>\n\uf0b7 Justificar suas escolhas com base em autores e fundamentos te\u00f3ricos;<br \/>\n\uf0b7 Demonstrar criatividade, escuta sens\u00edvel e intencionalidade pedag\u00f3gica;<br \/>\n\uf0b7 Produzir material organizado, fundamentado e coerente com a pr\u00e1tica cl\u00ednica e institucional<\/p>\n<div class=\"elementor-toggle-item\">\n<p id=\"elementor-tab-title-1941\" class=\"elementor-tab-title elementor-active\" tabindex=\"0\" role=\"tab\" data-tab=\"1\" aria-controls=\"elementor-tab-content-1941\" aria-expanded=\"true\" aria-selected=\"true\"><strong>Como funciona?<\/strong><\/p>\n<p>Elaboramos os portf\u00f3lios, j\u00e1 deixamos prontos, nas normas da ABNT e conforme os requisitos da universidade. F\u00e1cil assim! O MELHOR \u00c9 QUE VOC\u00ca COMPRA E J\u00c1 BAIXA NA HORA O SEU ARQUIVO EM WORD! Sabemos que conciliar trabalho, fam\u00edlia, vida profissional e estudos \u00e9 dif\u00edcil hoje em dia, por isso, estamos aqui para ajudar voc\u00ea. Conte com nossa qualidade, experi\u00eancia e profissionalismo adquirindo seu portf\u00f3lio conosco. GARANTIMOS SEU CONCEITO!<\/p>\n<p><strong>Como se realizam os envios?<\/strong><\/p>\n<\/div>\n<p id=\"elementor-tab-content-1942\" class=\"elementor-tab-content elementor-clearfix elementor-active\" role=\"tabpanel\" data-tab=\"2\" aria-labelledby=\"elementor-tab-title-1942\">O seu trabalho \u00e9 disponibilizado pronto, respondido e nas normas j\u00e1 na mesma hora aqui em nosso site na sua \u00e1rea de downloads e tamb\u00e9m no seu e-mail.<\/p>\n<p><strong>Em quanto tempo recebo o portf\u00f3lio?<\/strong><\/p>\n<p>Os envios s\u00e3o imediatos. Ap\u00f3s sua compra, o trabalho j\u00e1 \u00e9 disponibilizado instantaneamente aqui em nosso site e no seu e-mail.<\/p>\n<p><strong>E se o portf\u00f3lio que comprei precisar de corre\u00e7\u00e3o?<\/strong><\/p>\n<p>Caso haja alguma solicita\u00e7\u00e3o de corre\u00e7\u00e3o\/altera\u00e7\u00e3o por parte do tutor, basta entrar em contato conosco pelo\u00a0WhatsApp\u00a0que provid\u00eanciaremos sem custo algum.<\/p>\n<p><strong>Qual o formato do arquivo?<\/strong><\/p>\n<p>Os arquivos s\u00e3o enviados em formato Word e s\u00e3o edit\u00e1veis.<\/p>\n<p><strong>Caso eu tiver alguma d\u00favida, terei suporte no p\u00f3s venda?<\/strong><\/p>\n<p>Sim, com certeza. Basta clicar no \u00edcone do WhatsApp no cantinho da tela. Ser\u00e1 um prazer atend\u00ea-lo(a).<\/p>\n<div id=\"elementor-tab-content-1948\" class=\"elementor-tab-content elementor-clearfix elementor-active\" role=\"tabpanel\" data-tab=\"8\" aria-labelledby=\"elementor-tab-title-1948\">\n<p><strong>Quais os seus canais de contato?<\/strong><\/p>\n<\/div>\n<div id=\"elementor-tab-content-1949\" class=\"elementor-tab-content elementor-clearfix elementor-active\" role=\"tabpanel\" data-tab=\"9\" aria-labelledby=\"elementor-tab-title-1949\">\n<p>Whatsapp: 53 984751621 \u2013 Clicar no canto da tela ou ESCANEIE O QRCODE ABAIXO<\/p>\n<h4><img decoding=\"async\" class=\"alignnone wp-image-13699 jetpack-lazy-image jetpack-lazy-image--handled\" src=\"https:\/\/i0.wp.com\/portifolioos-prontos.com\/wp-content\/uploads\/2023\/02\/whatsapp-business-projeto-de-extensao-300x300.jpeg?resize=144%2C144\" sizes=\"(max-width: 144px) 100vw, 144px\" srcset=\"https:\/\/i0.wp.com\/portifolioos-prontos.com\/wp-content\/uploads\/2023\/02\/whatsapp-business-projeto-de-extensao.jpeg?resize=300%2C301&amp;ssl=1 300w, https:\/\/i0.wp.com\/portifolioos-prontos.com\/wp-content\/uploads\/2023\/02\/whatsapp-business-projeto-de-extensao.jpeg?resize=150%2C150&amp;ssl=1 150w, https:\/\/i0.wp.com\/portifolioos-prontos.com\/wp-content\/uploads\/2023\/02\/whatsapp-business-projeto-de-extensao.jpeg?resize=370%2C372&amp;ssl=1 370w, https:\/\/i0.wp.com\/portifolioos-prontos.com\/wp-content\/uploads\/2023\/02\/whatsapp-business-projeto-de-extensao.jpeg?resize=100%2C100&amp;ssl=1 100w, https:\/\/i0.wp.com\/portifolioos-prontos.com\/wp-content\/uploads\/2023\/02\/whatsapp-business-projeto-de-extensao.jpeg?w=470&amp;ssl=1 470w\" alt=\"projeto de extens\u00e3o unopar\" width=\"144\" height=\"144\" data-lazy-loaded=\"1\" \/><\/h4>\n<\/div>\n<div class=\"elementor-toggle-item\">\n<div id=\"elementor-tab-content-1949\" class=\"elementor-tab-content elementor-clearfix elementor-active\" role=\"tabpanel\" data-tab=\"9\" aria-labelledby=\"elementor-tab-title-1949\">\n<p>E-mail:portifoliosp@gmail.com<\/p>\n<div id=\"attachment_143\" class=\"wp-caption alignnone\">\n<div id=\"attachment_143\" class=\"wp-caption alignnone\">\n<p id=\"caption-attachment-143\" class=\"wp-caption-text\"><a href=\"http:\/\/portfolio-pronto.com\/\">Portf\u00f3lio<\/a>\u00a0em Word, respondido, completo e j\u00e1 nas normas<\/p>\n<\/div>\n<\/div>\n<\/div>\n<\/div>\n","protected":false},"excerpt":{"rendered":"<div class=\"product-short-description\">\n<p><strong>Pague pelo PIX ou cart\u00e3o e fa\u00e7a o download agora mesmo.<\/strong><\/p>\n<\/div>\n<div class=\"sticky-add-to-cart-wrapper\">\n<div class=\"sticky-add-to-cart\">\n<p class=\"quantity buttons_added form-flat\"><img decoding=\"async\" class=\"lazyloaded smush-image-5 smush-image-3 smush-image-4 smush-detected-img smush-image-bigger-3\" src=\"https:\/\/d26lpennugtm8s.cloudfront.net\/assets\/common\/img\/logos\/payment\/visa@2x.png\" width=\"46\" height=\"29\" data-src=\"https:\/\/d26lpennugtm8s.cloudfront.net\/assets\/common\/img\/logos\/payment\/visa@2x.png\" \/><img decoding=\"async\" class=\"lazyloaded smush-image-6 smush-image-4 smush-image-5 smush-detected-img smush-image-bigger-4\" src=\"https:\/\/d26lpennugtm8s.cloudfront.net\/assets\/common\/img\/logos\/payment\/boleto@2x.png\" width=\"43\" height=\"27\" data-src=\"https:\/\/d26lpennugtm8s.cloudfront.net\/assets\/common\/img\/logos\/payment\/boleto@2x.png\" \/><img loading=\"lazy\" decoding=\"async\" class=\"lazyloaded smush-image-7 smush-image-5 smush-image-6 smush-detected-img smush-image-bigger-5\" src=\"https:\/\/d26lpennugtm8s.cloudfront.net\/assets\/common\/img\/logos\/payment\/mastercard@2x.png\" width=\"43\" height=\"27\" data-src=\"https:\/\/d26lpennugtm8s.cloudfront.net\/assets\/common\/img\/logos\/payment\/mastercard@2x.png\" \/><img loading=\"lazy\" decoding=\"async\" class=\"lazyloaded smush-image-8 smush-image-6 smush-image-7 smush-detected-img smush-image-bigger-6\" src=\"https:\/\/d26lpennugtm8s.cloudfront.net\/assets\/common\/img\/logos\/payment\/amex@2x.png\" width=\"43\" height=\"27\" data-src=\"https:\/\/d26lpennugtm8s.cloudfront.net\/assets\/common\/img\/logos\/payment\/amex@2x.png\" \/><img loading=\"lazy\" decoding=\"async\" class=\"lazyloaded smush-image-9 smush-image-7 smush-image-8 smush-detected-img smush-image-bigger-7\" src=\"https:\/\/d26lpennugtm8s.cloudfront.net\/assets\/common\/img\/logos\/payment\/diners@2x.png\" width=\"46\" height=\"29\" data-src=\"https:\/\/d26lpennugtm8s.cloudfront.net\/assets\/common\/img\/logos\/payment\/diners@2x.png\" \/><img loading=\"lazy\" decoding=\"async\" class=\"lazyloaded smush-image-10 smush-image-8 smush-image-9 alignnone smush-detected-img smush-image-bigger-8\" src=\"https:\/\/d26lpennugtm8s.cloudfront.net\/assets\/common\/img\/logos\/payment\/br\/elo@2x.png\" alt=\"portf\u00f3lio unopar anhanguera\" width=\"45\" height=\"28\" data-src=\"https:\/\/d26lpennugtm8s.cloudfront.net\/assets\/common\/img\/logos\/payment\/br\/elo@2x.png\" \/><img loading=\"lazy\" decoding=\"async\" class=\"lazyloaded smush-image-11 smush-image-9 smush-image-10 alignnone smush-detected-img smush-image-bigger-9\" src=\"https:\/\/d26lpennugtm8s.cloudfront.net\/assets\/common\/img\/logos\/payment\/br\/hipercard@2x.png\" alt=\"portf\u00f3lio unopar anhanguera\" width=\"44\" height=\"28\" data-src=\"https:\/\/d26lpennugtm8s.cloudfront.net\/assets\/common\/img\/logos\/payment\/br\/hipercard@2x.png\" \/><img loading=\"lazy\" decoding=\"async\" class=\"lazyloaded smush-image-12 smush-image-10 smush-image-11 alignnone smush-detected-img smush-image-bigger-10\" src=\"https:\/\/d26lpennugtm8s.cloudfront.net\/assets\/common\/img\/logos\/payment\/mercadopago@2x.png\" alt=\"portf\u00f3lio unopar anhanguera\" width=\"45\" height=\"28\" data-src=\"https:\/\/d26lpennugtm8s.cloudfront.net\/assets\/common\/img\/logos\/payment\/mercadopago@2x.png\" \/><img loading=\"lazy\" decoding=\"async\" class=\"alignnone lazyloaded smush-detected-img smush-image-bigger-11\" src=\"https:\/\/futurium.com.br\/wp-content\/uploads\/2021\/06\/logo-pix-icone-512.png\" alt=\"portfolio pronto\" width=\"30\" height=\"30\" data-src=\"https:\/\/futurium.com.br\/wp-content\/uploads\/2021\/06\/logo-pix-icone-512.png\" \/><\/p>\n<\/div>\n<\/div>\n","protected":false},"featured_media":42568,"template":"","meta":{"_seopress_robots_primary_cat":"","_seopress_titles_title":"","_seopress_titles_desc":"","_seopress_robots_index":""},"product_cat":[142],"product_tag":[],"class_list":{"0":"post-42567","1":"product","2":"type-product","3":"status-publish","4":"has-post-thumbnail","6":"product_cat-psicopedagogia","8":"first","9":"instock","10":"downloadable","11":"virtual","12":"purchasable","13":"product-type-simple","14":"col-xs-6 col-sm-4","15":"col-mf-5","16":"un-5-cols"},"jetpack_sharing_enabled":true,"_links":{"self":[{"href":"https:\/\/portifolioos-prontos.com\/index.php\/wp-json\/wp\/v2\/product\/42567","targetHints":{"allow":["GET"]}}],"collection":[{"href":"https:\/\/portifolioos-prontos.com\/index.php\/wp-json\/wp\/v2\/product"}],"about":[{"href":"https:\/\/portifolioos-prontos.com\/index.php\/wp-json\/wp\/v2\/types\/product"}],"version-history":[{"count":1,"href":"https:\/\/portifolioos-prontos.com\/index.php\/wp-json\/wp\/v2\/product\/42567\/revisions"}],"predecessor-version":[{"id":45739,"href":"https:\/\/portifolioos-prontos.com\/index.php\/wp-json\/wp\/v2\/product\/42567\/revisions\/45739"}],"wp:featuredmedia":[{"embeddable":true,"href":"https:\/\/portifolioos-prontos.com\/index.php\/wp-json\/wp\/v2\/media\/42568"}],"wp:attachment":[{"href":"https:\/\/portifolioos-prontos.com\/index.php\/wp-json\/wp\/v2\/media?parent=42567"}],"wp:term":[{"taxonomy":"product_cat","embeddable":true,"href":"https:\/\/portifolioos-prontos.com\/index.php\/wp-json\/wp\/v2\/product_cat?post=42567"},{"taxonomy":"product_tag","embeddable":true,"href":"https:\/\/portifolioos-prontos.com\/index.php\/wp-json\/wp\/v2\/product_tag?post=42567"}],"curies":[{"name":"wp","href":"https:\/\/api.w.org\/{rel}","templated":true}]}}