{"id":42578,"date":"2025-08-07T16:51:30","date_gmt":"2025-08-07T19:51:30","guid":{"rendered":"https:\/\/portifolioos-prontos.com\/?post_type=product&#038;p=42578"},"modified":"2025-10-11T14:46:57","modified_gmt":"2025-10-11T17:46:57","slug":"aula-pratica-infraestrutura-agil-git","status":"publish","type":"product","link":"https:\/\/portifolioos-prontos.com\/index.php\/product\/aula-pratica-infraestrutura-agil-git\/","title":{"rendered":"Aula Pr\u00e1tica Infraestrutura \u00c1gil"},"content":{"rendered":"<h4>Aula Pr\u00e1tica Infraestrutura \u00c1gil<\/h4>\n<p>ROTEIRO DE AULA PR\u00c1TICA<br \/>\nNOME DA DISCIPLINA: Infraestrutura \u00c1gil<br \/>\nOBJETIVOS<br \/>\nDefini\u00e7\u00e3o dos objetivos da aula pr\u00e1tica:<br \/>\n&#8211; Simular o monitoramento de processo de pipeline de entrega, utilizando o GIT.<br \/>\nINFRAESTRUTURA<br \/>\nInstala\u00e7\u00f5es:<br \/>\nGIT.<br \/>\nMateriais de consumo:<br \/>\nDescri\u00e7\u00e3o<br \/>\nQuantidade de materiais<br \/>\npor<br \/>\nprocedimento\/atividade<br \/>\nComputador 1 por aluno<br \/>\nSoftware:<br \/>\nSim ( X ) N\u00e3o ( )<br \/>\nEm caso afirmativo, qual? GIT.<br \/>\nPago ( ) N\u00e3o Pago ( X )<br \/>\nTipo de Licen\u00e7a: Freeware.<br \/>\nDescri\u00e7\u00e3o do software:<br \/>\nO Git \u00e9 um sistema de controle de vers\u00f5es distribu\u00eddo, usado principalmente no<br \/>\ndesenvolvimento de software, mas pode ser usado para registrar o hist\u00f3rico de edi\u00e7\u00f5es de<br \/>\nqualquer tipo de arquivo.<br \/>\nEquipamento de Prote\u00e7\u00e3o Individual (EPI):<br \/>\n&#8211; NSA<br \/>\nPROCEDIMENTOS PR\u00c1TICOS<br \/>\nRealizar o monitoramento de processo de pipeline de entrega, utilizando o GIT.<br \/>\nAtividade proposta:<br \/>\n&#8211; Entender como funciona o script para realiza\u00e7\u00e3o da chamada Integra\u00e7\u00e3o Cont\u00ednua.<br \/>\n&#8211; Criar um relat\u00f3rio no final da atividade.<br \/>\n3<br \/>\nProcedimentos para a realiza\u00e7\u00e3o da atividade:<br \/>\nNesta atividade iremos criar nosso primeiro script que ir\u00e1 possibilitar a realiza\u00e7\u00e3o de uma Integra\u00e7\u00e3o Cont\u00ednua. De<br \/>\nmaneira geral, a grande maioria das ferramentas possuem um processo semelhante ao do GitLab CI\/CD. No caso do<br \/>\nGitLab CI\/CD o pipeline \u00e9 definido dentro de um arquivo denominado .gitlab-ci.yml, que segue o formato do YAML,<br \/>\nque nada mais \u00e9 do que uma linguagem de marca\u00e7\u00e3o. Este arquivo define a ordem em que se dar\u00e1 a execu\u00e7\u00e3o do<br \/>\npipeline.<br \/>\nVamos apresentar os conceitos essenciais para a compreens\u00e3o do pipeline que desejamos para a constru\u00e7\u00e3o da nossa<br \/>\naplica\u00e7\u00e3o de forma autom\u00e1tica e posterior entrega da mesma no ambiente de produ\u00e7\u00e3o.<br \/>\nUm arquivo .gitlab-ci.yml \u00e9 formado, basicamente, por um conjunto de jobs, na terminologia do GitLab CI\/CD. Jobs<br \/>\ns\u00e3o os elementos mais b\u00e1sicos dentro do arquivo .gitlab-ci.yml.<br \/>\nConforme a documenta\u00e7\u00e3o oficial, jobs s\u00e3o:<br \/>\n\u2022 Definido com restri\u00e7\u00f5es informando em que condi\u00e7\u00f5es devem ser executados;<br \/>\n\u2022 Elementos de n\u00edvel superior com um nome arbitr\u00e1rio e que devem conter pelo menos a cl\u00e1usula script.<br \/>\n\u2022 Ilimitados dentro de um arquivo .gitlab-ci.yml.<br \/>\nVamos dar in\u00edcio a defini\u00e7\u00e3o do pipeline para o projeto de uma Loja Virtual.<br \/>\nSer\u00e1 necess\u00e1rio criar uma conta no gitlab: https:\/\/gitlab.com\/users\/ e instalar o Git: https:\/\/git-scm.com\/downloads.<br \/>\nTamb\u00e9m iremos criar uma conta no hub.docker: https:\/\/hub.docker.com\/ para o container.<br \/>\nO arquivo \u201cdevops-master\u201d, ser\u00e1 descompactado numa pasta em seu computador. E para o projeto ser\u00e3o utilizados<br \/>\nos arquivos abaixo:<br \/>\nEstando no reposit\u00f3rio do projeto UNOPAR_CI_CD, voc\u00ea ir\u00e1 &#8220;puxar&#8221; os arquivos para Gitlab, seguindo a estrutura da<br \/>\nimagem abaixo:<br \/>\n4<br \/>\nEsse script de Integra\u00e7\u00e3o Cont\u00ednua faz uso da imagem, para construir a aplica\u00e7\u00e3o. Por padr\u00e3o, as imagens s\u00e3o baixadas<br \/>\ndo Docker Hub mas \u00e9 poss\u00edvel alterar essa configura\u00e7\u00e3o se desejado. Neste caso, faremos uso do Docker Hub padr\u00e3o<br \/>\npara a busca e registro de imagens.<br \/>\nAo terminar da execu\u00e7\u00e3o, o job encerrando com sucesso, define que o pipeline aprovou \u00faltimo commit realizado. Se<br \/>\nhouver falha na execu\u00e7\u00e3o do script, o job \u00e9 reprovado e, consequentemente, o pipeline acusa uma falha.<br \/>\nChecklist:<br \/>\n&#8211; Instalar o sistema GIT.<br \/>\n&#8211; Simular se houve sucesso ou falha na execu\u00e7\u00e3o do job.<br \/>\nRESULTADOS<br \/>\nResultados da aula pr\u00e1tica:<br \/>\nElaborar um relat\u00f3rio que dever\u00e1 conter introdu\u00e7\u00e3o, m\u00e9todos, resultados e conclus\u00e3o sobre o assunto desenvolvido<br \/>\nem aula pr\u00e1tica, para compreender o funcionamento essenciais do pipeline para a constru\u00e7\u00e3o da aplica\u00e7\u00e3o de forma<br \/>\nautom\u00e1tica.<\/p>\n<div class=\"elementor-toggle-item\">\n<p id=\"elementor-tab-title-1941\" class=\"elementor-tab-title elementor-active\" tabindex=\"0\" role=\"tab\" data-tab=\"1\" aria-controls=\"elementor-tab-content-1941\" aria-expanded=\"true\" aria-selected=\"true\"><strong>Como funciona?<\/strong><\/p>\n<p>Elaboramos os portf\u00f3lios, j\u00e1 deixamos prontos, nas normas da ABNT e conforme os requisitos da universidade. F\u00e1cil assim! O MELHOR \u00c9 QUE VOC\u00ca COMPRA E J\u00c1 BAIXA NA HORA O SEU ARQUIVO EM WORD! Sabemos que conciliar trabalho, fam\u00edlia, vida profissional e estudos \u00e9 dif\u00edcil hoje em dia, por isso, estamos aqui para ajudar voc\u00ea. Conte com nossa qualidade, experi\u00eancia e profissionalismo adquirindo seu portf\u00f3lio conosco. GARANTIMOS SEU CONCEITO!<\/p>\n<p><strong>Como se realizam os envios?<\/strong><\/p>\n<\/div>\n<p id=\"elementor-tab-content-1942\" class=\"elementor-tab-content elementor-clearfix elementor-active\" role=\"tabpanel\" data-tab=\"2\" aria-labelledby=\"elementor-tab-title-1942\">O seu trabalho \u00e9 disponibilizado pronto, respondido e nas normas j\u00e1 na mesma hora aqui em nosso site na sua \u00e1rea de downloads e tamb\u00e9m no seu e-mail.<\/p>\n<p><strong>Em quanto tempo recebo o portf\u00f3lio?<\/strong><\/p>\n<p>Os envios s\u00e3o imediatos. Ap\u00f3s sua compra, o trabalho j\u00e1 \u00e9 disponibilizado instantaneamente aqui em nosso site e no seu e-mail.<\/p>\n<p><strong>E se o portf\u00f3lio que comprei precisar de corre\u00e7\u00e3o?<\/strong><\/p>\n<p>Caso haja alguma solicita\u00e7\u00e3o de corre\u00e7\u00e3o\/altera\u00e7\u00e3o por parte do tutor, basta entrar em contato conosco pelo\u00a0WhatsApp\u00a0que provid\u00eanciaremos sem custo algum.<\/p>\n<p><strong>Qual o formato do arquivo?<\/strong><\/p>\n<p>Os arquivos s\u00e3o enviados em formato Word e s\u00e3o edit\u00e1veis.<\/p>\n<p><strong>Caso eu tiver alguma d\u00favida, terei suporte no p\u00f3s venda?<\/strong><\/p>\n<p>Sim, com certeza. Basta clicar no \u00edcone do WhatsApp no cantinho da tela. Ser\u00e1 um prazer atend\u00ea-lo(a).<\/p>\n<div id=\"elementor-tab-content-1948\" class=\"elementor-tab-content elementor-clearfix elementor-active\" role=\"tabpanel\" data-tab=\"8\" aria-labelledby=\"elementor-tab-title-1948\">\n<p><strong>Quais os seus canais de contato?<\/strong><\/p>\n<\/div>\n<div id=\"elementor-tab-content-1949\" class=\"elementor-tab-content elementor-clearfix elementor-active\" role=\"tabpanel\" data-tab=\"9\" aria-labelledby=\"elementor-tab-title-1949\">\n<p>Whatsapp: 53 984751621 \u2013 Clicar no canto da tela ou ESCANEIE O QRCODE ABAIXO<\/p>\n<h4><img decoding=\"async\" class=\"alignnone wp-image-13699 jetpack-lazy-image jetpack-lazy-image--handled\" src=\"https:\/\/i0.wp.com\/portifolioos-prontos.com\/wp-content\/uploads\/2023\/02\/whatsapp-business-projeto-de-extensao-300x300.jpeg?resize=144%2C144\" sizes=\"(max-width: 144px) 100vw, 144px\" srcset=\"https:\/\/i0.wp.com\/portifolioos-prontos.com\/wp-content\/uploads\/2023\/02\/whatsapp-business-projeto-de-extensao.jpeg?resize=300%2C301&amp;ssl=1 300w, https:\/\/i0.wp.com\/portifolioos-prontos.com\/wp-content\/uploads\/2023\/02\/whatsapp-business-projeto-de-extensao.jpeg?resize=150%2C150&amp;ssl=1 150w, https:\/\/i0.wp.com\/portifolioos-prontos.com\/wp-content\/uploads\/2023\/02\/whatsapp-business-projeto-de-extensao.jpeg?resize=370%2C372&amp;ssl=1 370w, https:\/\/i0.wp.com\/portifolioos-prontos.com\/wp-content\/uploads\/2023\/02\/whatsapp-business-projeto-de-extensao.jpeg?resize=100%2C100&amp;ssl=1 100w, https:\/\/i0.wp.com\/portifolioos-prontos.com\/wp-content\/uploads\/2023\/02\/whatsapp-business-projeto-de-extensao.jpeg?w=470&amp;ssl=1 470w\" alt=\"projeto de extens\u00e3o unopar\" width=\"144\" height=\"144\" data-lazy-loaded=\"1\" \/><\/h4>\n<\/div>\n<div class=\"elementor-toggle-item\">\n<div id=\"elementor-tab-content-1949\" class=\"elementor-tab-content elementor-clearfix elementor-active\" role=\"tabpanel\" data-tab=\"9\" aria-labelledby=\"elementor-tab-title-1949\">\n<p>E-mail:portifoliosp@gmail.com<\/p>\n<div id=\"attachment_143\" class=\"wp-caption alignnone\">\n<div id=\"attachment_143\" class=\"wp-caption alignnone\">\n<p id=\"caption-attachment-143\" class=\"wp-caption-text\"><a href=\"http:\/\/portfolio-pronto.com\/\">Portf\u00f3lio<\/a>\u00a0em Word, respondido, completo e j\u00e1 nas normas<\/p>\n<\/div>\n<\/div>\n<\/div>\n<\/div>\n","protected":false},"excerpt":{"rendered":"<div class=\"product-short-description\">\n<p><strong>Pague pelo PIX ou cart\u00e3o e fa\u00e7a o download agora mesmo.<\/strong><\/p>\n<\/div>\n<div class=\"sticky-add-to-cart-wrapper\">\n<div class=\"sticky-add-to-cart\">\n<p class=\"quantity buttons_added form-flat\"><img decoding=\"async\" class=\"lazyloaded smush-image-5 smush-image-3 smush-image-4 smush-detected-img smush-image-bigger-3\" src=\"https:\/\/d26lpennugtm8s.cloudfront.net\/assets\/common\/img\/logos\/payment\/visa@2x.png\" width=\"46\" height=\"29\" data-src=\"https:\/\/d26lpennugtm8s.cloudfront.net\/assets\/common\/img\/logos\/payment\/visa@2x.png\" \/><img decoding=\"async\" class=\"lazyloaded smush-image-6 smush-image-4 smush-image-5 smush-detected-img smush-image-bigger-4\" src=\"https:\/\/d26lpennugtm8s.cloudfront.net\/assets\/common\/img\/logos\/payment\/boleto@2x.png\" width=\"43\" height=\"27\" data-src=\"https:\/\/d26lpennugtm8s.cloudfront.net\/assets\/common\/img\/logos\/payment\/boleto@2x.png\" \/><img loading=\"lazy\" decoding=\"async\" class=\"lazyloaded smush-image-7 smush-image-5 smush-image-6 smush-detected-img smush-image-bigger-5\" src=\"https:\/\/d26lpennugtm8s.cloudfront.net\/assets\/common\/img\/logos\/payment\/mastercard@2x.png\" width=\"43\" height=\"27\" data-src=\"https:\/\/d26lpennugtm8s.cloudfront.net\/assets\/common\/img\/logos\/payment\/mastercard@2x.png\" \/><img loading=\"lazy\" decoding=\"async\" class=\"lazyloaded smush-image-8 smush-image-6 smush-image-7 smush-detected-img smush-image-bigger-6\" src=\"https:\/\/d26lpennugtm8s.cloudfront.net\/assets\/common\/img\/logos\/payment\/amex@2x.png\" width=\"43\" height=\"27\" data-src=\"https:\/\/d26lpennugtm8s.cloudfront.net\/assets\/common\/img\/logos\/payment\/amex@2x.png\" \/><img loading=\"lazy\" decoding=\"async\" class=\"lazyloaded smush-image-9 smush-image-7 smush-image-8 smush-detected-img smush-image-bigger-7\" src=\"https:\/\/d26lpennugtm8s.cloudfront.net\/assets\/common\/img\/logos\/payment\/diners@2x.png\" width=\"46\" height=\"29\" data-src=\"https:\/\/d26lpennugtm8s.cloudfront.net\/assets\/common\/img\/logos\/payment\/diners@2x.png\" \/><img loading=\"lazy\" decoding=\"async\" class=\"lazyloaded smush-image-10 smush-image-8 smush-image-9 alignnone smush-detected-img smush-image-bigger-8\" src=\"https:\/\/d26lpennugtm8s.cloudfront.net\/assets\/common\/img\/logos\/payment\/br\/elo@2x.png\" alt=\"portf\u00f3lio unopar anhanguera\" width=\"45\" height=\"28\" data-src=\"https:\/\/d26lpennugtm8s.cloudfront.net\/assets\/common\/img\/logos\/payment\/br\/elo@2x.png\" \/><img loading=\"lazy\" decoding=\"async\" class=\"lazyloaded smush-image-11 smush-image-9 smush-image-10 alignnone smush-detected-img smush-image-bigger-9\" src=\"https:\/\/d26lpennugtm8s.cloudfront.net\/assets\/common\/img\/logos\/payment\/br\/hipercard@2x.png\" alt=\"portf\u00f3lio unopar anhanguera\" width=\"44\" height=\"28\" data-src=\"https:\/\/d26lpennugtm8s.cloudfront.net\/assets\/common\/img\/logos\/payment\/br\/hipercard@2x.png\" \/><img loading=\"lazy\" decoding=\"async\" class=\"lazyloaded smush-image-12 smush-image-10 smush-image-11 alignnone smush-detected-img smush-image-bigger-10\" src=\"https:\/\/d26lpennugtm8s.cloudfront.net\/assets\/common\/img\/logos\/payment\/mercadopago@2x.png\" alt=\"portf\u00f3lio unopar anhanguera\" width=\"45\" height=\"28\" data-src=\"https:\/\/d26lpennugtm8s.cloudfront.net\/assets\/common\/img\/logos\/payment\/mercadopago@2x.png\" \/><img loading=\"lazy\" decoding=\"async\" class=\"alignnone ls-is-cached lazyloaded smush-detected-img smush-image-bigger-11\" src=\"https:\/\/futurium.com.br\/wp-content\/uploads\/2021\/06\/logo-pix-icone-512.png\" alt=\"portfolio pronto\" width=\"30\" height=\"30\" data-src=\"https:\/\/futurium.com.br\/wp-content\/uploads\/2021\/06\/logo-pix-icone-512.png\" \/><\/p>\n<\/div>\n<\/div>\n","protected":false},"featured_media":42579,"template":"","meta":{"_seopress_robots_primary_cat":"","_seopress_titles_title":"","_seopress_titles_desc":"","_seopress_robots_index":""},"product_cat":[144],"product_tag":[],"class_list":{"0":"post-42578","1":"product","2":"type-product","3":"status-publish","4":"has-post-thumbnail","6":"product_cat-engenharia-de-software","8":"first","9":"instock","10":"downloadable","11":"virtual","12":"purchasable","13":"product-type-simple","14":"col-xs-6 col-sm-4","15":"col-mf-5","16":"un-5-cols"},"jetpack_sharing_enabled":true,"_links":{"self":[{"href":"https:\/\/portifolioos-prontos.com\/index.php\/wp-json\/wp\/v2\/product\/42578","targetHints":{"allow":["GET"]}}],"collection":[{"href":"https:\/\/portifolioos-prontos.com\/index.php\/wp-json\/wp\/v2\/product"}],"about":[{"href":"https:\/\/portifolioos-prontos.com\/index.php\/wp-json\/wp\/v2\/types\/product"}],"version-history":[{"count":2,"href":"https:\/\/portifolioos-prontos.com\/index.php\/wp-json\/wp\/v2\/product\/42578\/revisions"}],"predecessor-version":[{"id":46175,"href":"https:\/\/portifolioos-prontos.com\/index.php\/wp-json\/wp\/v2\/product\/42578\/revisions\/46175"}],"wp:featuredmedia":[{"embeddable":true,"href":"https:\/\/portifolioos-prontos.com\/index.php\/wp-json\/wp\/v2\/media\/42579"}],"wp:attachment":[{"href":"https:\/\/portifolioos-prontos.com\/index.php\/wp-json\/wp\/v2\/media?parent=42578"}],"wp:term":[{"taxonomy":"product_cat","embeddable":true,"href":"https:\/\/portifolioos-prontos.com\/index.php\/wp-json\/wp\/v2\/product_cat?post=42578"},{"taxonomy":"product_tag","embeddable":true,"href":"https:\/\/portifolioos-prontos.com\/index.php\/wp-json\/wp\/v2\/product_tag?post=42578"}],"curies":[{"name":"wp","href":"https:\/\/api.w.org\/{rel}","templated":true}]}}