{"id":42586,"date":"2025-08-07T17:06:41","date_gmt":"2025-08-07T20:06:41","guid":{"rendered":"https:\/\/portifolioos-prontos.com\/?post_type=product&#038;p=42586"},"modified":"2025-10-15T22:14:39","modified_gmt":"2025-10-16T01:14:39","slug":"aula-pratica-laboratorio-de-confeccao","status":"publish","type":"product","link":"https:\/\/portifolioos-prontos.com\/index.php\/product\/aula-pratica-laboratorio-de-confeccao\/","title":{"rendered":"Aula Pr\u00e1tica Laborat\u00f3rio de Confec\u00e7\u00e3o"},"content":{"rendered":"<h4>Aula Pr\u00e1tica Laborat\u00f3rio de Confec\u00e7\u00e3o<\/h4>\n<p data-start=\"124\" data-end=\"155\">ROTEIRO DE AULA PR\u00c1TICA<\/p>\n<p data-start=\"157\" data-end=\"185\">NOME DA DISCIPLINA:<\/p>\n<p data-start=\"186\" data-end=\"214\">LABORAT\u00d3RIO DE CONFEC\u00c7\u00c3O<\/p>\n<p data-start=\"216\" data-end=\"233\">Unidade:<\/p>\n<p data-start=\"234\" data-end=\"287\">U3 \u2013 INTRODU\u00c7\u00c3O \u00c0 COSTURA E \u00c0 CONFEC\u00c7\u00c3O DE ROUPAS<\/p>\n<p data-start=\"289\" data-end=\"303\">Aula:<\/p>\n<p data-start=\"304\" data-end=\"358\">A1 \u2013 O IN\u00cdCIO DA COSTURA: AGULHAS E PONTOS MANUAIS<\/p>\n<hr data-start=\"360\" data-end=\"363\" \/>\n<p data-start=\"365\" data-end=\"381\">OBJETIVOS<\/p>\n<p data-start=\"383\" data-end=\"425\">Defini\u00e7\u00e3o dos objetivos da aula pr\u00e1tica:<\/p>\n<ul data-start=\"426\" data-end=\"611\">\n<li data-start=\"426\" data-end=\"488\">\n<p data-start=\"428\" data-end=\"488\">Conhecer os diferentes tipos de pontos de costura manuais;<\/p>\n<\/li>\n<li data-start=\"489\" data-end=\"555\">\n<p data-start=\"491\" data-end=\"555\">Compreender como se d\u00e3o os usos dos pontos de costura manuais;<\/p>\n<\/li>\n<li data-start=\"556\" data-end=\"611\">\n<p data-start=\"558\" data-end=\"611\">Aplicar os pontos de costura manuais em tecido plano.<\/p>\n<\/li>\n<\/ul>\n<hr data-start=\"613\" data-end=\"616\" \/>\n<p data-start=\"618\" data-end=\"640\">SOLU\u00c7\u00c3O DIGITAL<\/p>\n<ol data-start=\"642\" data-end=\"738\">\n<li data-start=\"642\" data-end=\"694\">\n<p data-start=\"645\" data-end=\"694\">Microsoft Word\u00a0ou software de texto similar<\/p>\n<\/li>\n<li data-start=\"695\" data-end=\"738\">\n<p data-start=\"698\" data-end=\"738\">Adobe Scan\u00a0(Aplicativo para celular)<\/p>\n<\/li>\n<\/ol>\n<ul data-start=\"740\" data-end=\"1239\">\n<li data-start=\"740\" data-end=\"916\">\n<p data-start=\"742\" data-end=\"916\">Para esta atividade, ser\u00e1 necess\u00e1rio um software de edi\u00e7\u00e3o de texto para que seja feito o registro da atividade e a montagem do documento para entrega da atividade pr\u00e1tica.<\/p>\n<\/li>\n<li data-start=\"917\" data-end=\"1011\">\n<p data-start=\"919\" data-end=\"1011\">Recomendamos o uso do Microsoft Word, mas voc\u00ea poder\u00e1 utilizar outros softwares similares.<\/p>\n<\/li>\n<li data-start=\"1012\" data-end=\"1239\">\n<p data-start=\"1014\" data-end=\"1239\">Para a entrega ser\u00e1 necess\u00e1rio digitalizar os desenhos feitos. Para tal, pode ser utilizada uma c\u00e2mera fotogr\u00e1fica de celular ou, caso o estudante queira mais qualidade de imagem, pode ser utilizado o aplicativo Adobe Scan.<\/p>\n<\/li>\n<\/ul>\n<p data-start=\"1243\" data-end=\"1630\">O Adobe Scan \u00e9 um aplicativo gratuito, dispon\u00edvel para Android e iOS, cujo download pode ser feito nas lojas de aplicativo tradicionais. Esse app permite que sejam digitalizados arquivos, documentos e at\u00e9 livros em alta qualidade, salvos como PDF ou PNG\/JPEG (formatos de arquivo indicados para imagens, sendo o PNG para imagens de alta qualidade e JPEG para imagens de m\u00e9dia qualidade).<\/p>\n<hr data-start=\"1632\" data-end=\"1635\" \/>\n<p data-start=\"1637\" data-end=\"1653\">MATERIAIS<\/p>\n<ul data-start=\"1655\" data-end=\"2300\">\n<li data-start=\"1655\" data-end=\"1930\">\n<p data-start=\"1657\" data-end=\"1785\">Faixa de tecido plano de gramatura m\u00e9dia, estilo algod\u00e3o cru, tricoline, popeline, Oxford, gabardine ou algum crepe encorpado.<\/p>\n<p data-start=\"1790\" data-end=\"1930\">O ideal \u00e9 que seja um tecido liso e firme, para facilitar a costura e a visualiza\u00e7\u00e3o da linha. A faixa deve ter o tamanho de uma folha A4.<\/p>\n<\/li>\n<li data-start=\"1931\" data-end=\"2095\">\n<p data-start=\"1933\" data-end=\"1985\">Linha de costura simples, de algod\u00e3o ou poli\u00e9ster.<\/p>\n<p data-start=\"1990\" data-end=\"2095\">D\u00ea prefer\u00eancia por cores que contrastem com o tecido, para facilitar a visualiza\u00e7\u00e3o dos pontos manuais.<\/p>\n<\/li>\n<li data-start=\"2096\" data-end=\"2127\">\n<p data-start=\"2098\" data-end=\"2127\">Agulha simples para costura<\/p>\n<\/li>\n<li data-start=\"2128\" data-end=\"2182\">\n<p data-start=\"2130\" data-end=\"2182\">Tesoura para tecido e tesoura pequena para costura<\/p>\n<\/li>\n<li data-start=\"2183\" data-end=\"2248\">\n<p data-start=\"2185\" data-end=\"2248\">Caneta esferogr\u00e1fica, canetinha hidrocor ou caneta permanente<\/p>\n<\/li>\n<li data-start=\"2249\" data-end=\"2300\">\n<p data-start=\"2251\" data-end=\"2300\">C\u00e2mera fotogr\u00e1fica ou aparelho celular com c\u00e2mera<\/p>\n<\/li>\n<\/ul>\n<hr data-start=\"2302\" data-end=\"2305\" \/>\n<p data-start=\"2307\" data-end=\"2349\">PROCEDIMENTOS PR\u00c1TICOS E APLICA\u00c7\u00d5ES<\/p>\n<p data-start=\"2351\" data-end=\"2388\">Procedimento\/Atividade n\u00ba 1<\/p>\n<p data-start=\"2389\" data-end=\"2418\">COSTURA DE PONTOS MANUAIS<\/p>\n<p data-start=\"2420\" data-end=\"2662\">Atividade proposta:<br data-start=\"2443\" data-end=\"2446\" \/>Realizar quatro tipos de costura utilizando pontos manuais em tecido plano<a href=\"http:\/\/portfolio-pronto.com\">.<\/a><br data-start=\"2521\" data-end=\"2524\" \/>Voc\u00ea dever\u00e1 escolher\u00a0dois pontos b\u00e1sicos de costura\u00a0e\u00a0dois pontos de acabamento\u00a0para realizar esta atividade, fazendo as costuras.<\/p>\n<hr data-start=\"2664\" data-end=\"2667\" \/>\n<p data-start=\"2669\" data-end=\"2699\">Procedimentos Pr\u00e1ticos<\/p>\n<p data-start=\"2701\" data-end=\"2730\">1. Preparo do Tecido<\/p>\n<ul data-start=\"2731\" data-end=\"3072\">\n<li data-start=\"2731\" data-end=\"2816\">\n<p data-start=\"2733\" data-end=\"2816\">Antes de iniciar a costura, voc\u00ea dever\u00e1 preparar o tecido para receber os pontos.<\/p>\n<\/li>\n<li data-start=\"2817\" data-end=\"2999\">\n<p data-start=\"2819\" data-end=\"2999\">Para isso, corte a faixa de tecido do tamanho de uma folha A4 (folha sulfite); utilize uma tesoura para tecido bem afiada para que o acabamento das laterais seja limpo e preciso.<\/p>\n<\/li>\n<li data-start=\"3000\" data-end=\"3072\">\n<p data-start=\"3002\" data-end=\"3072\">O tecido dever\u00e1 estar passado, liso e sem dobras, vincos ou rasuras<a href=\"http:\/\/portifolioos-prontos.com\">.<\/a><\/p>\n<\/li>\n<\/ul>\n<p data-start=\"3075\" data-end=\"3185\">Caso seja necess\u00e1rio, molhe o tecido, deixe secar naturalmente e passe com ferro tradicional ou ferro a vapor.<\/p>\n<hr data-start=\"3187\" data-end=\"3190\" \/>\n<p data-start=\"3192\" data-end=\"3242\">2. Divis\u00e3o do tecido e escolha dos pontos<\/p>\n<ul data-start=\"3243\" data-end=\"3513\">\n<li data-start=\"3243\" data-end=\"3392\">\n<p data-start=\"3245\" data-end=\"3392\">Para facilitar o processo de costura, utilize a folha de tecido em posi\u00e7\u00e3o de retrato (com a folha \u201cem p\u00e9\u201d) e divida ela em quatro partes iguais.<\/p>\n<\/li>\n<li data-start=\"3393\" data-end=\"3513\">\n<p data-start=\"3395\" data-end=\"3513\">Voc\u00ea pode dobrar a folha ao meio e depois ao meio novamente, mas\u00a0n\u00e3o pressione a dobra para n\u00e3o marcar o tecido!<\/p>\n<\/li>\n<\/ul>\n<p data-start=\"3516\" data-end=\"3558\">A divis\u00e3o final da folha deve ficar assim:<\/p>\n<p data-start=\"3562\" data-end=\"3609\">(Imagem ilustrativa, conforme roteiro original)<\/p>\n<ul data-start=\"3611\" data-end=\"3981\">\n<li data-start=\"3611\" data-end=\"3981\">\n<p data-start=\"3613\" data-end=\"3748\">A partir dessa divis\u00e3o, voc\u00ea ter\u00e1 quatro espa\u00e7os iguais para realizar suas costuras. Para isso, escolha quatro pontos manuais, sendo:<\/p>\n<ul data-start=\"3751\" data-end=\"3981\">\n<li data-start=\"3751\" data-end=\"3855\">\n<p data-start=\"3753\" data-end=\"3779\">Dois pontos b\u00e1sicos:<\/p>\n<ul data-start=\"3784\" data-end=\"3855\">\n<li data-start=\"3784\" data-end=\"3796\">\n<p data-start=\"3786\" data-end=\"3796\">Alinhavo<\/p>\n<\/li>\n<li data-start=\"3801\" data-end=\"3819\">\n<p data-start=\"3803\" data-end=\"3819\">Ponto Diagonal<\/p>\n<\/li>\n<li data-start=\"3824\" data-end=\"3839\">\n<p data-start=\"3826\" data-end=\"3839\">Ponto Atr\u00e1s<\/p>\n<\/li>\n<li data-start=\"3844\" data-end=\"3855\">\n<p data-start=\"3846\" data-end=\"3855\">Ponto X<\/p>\n<\/li>\n<\/ul>\n<\/li>\n<li data-start=\"3858\" data-end=\"3981\">\n<p data-start=\"3860\" data-end=\"3892\">Dois pontos de acabamento:<\/p>\n<ul data-start=\"3897\" data-end=\"3981\">\n<li data-start=\"3897\" data-end=\"3915\">\n<p data-start=\"3899\" data-end=\"3915\">Ponto Corrente<\/p>\n<\/li>\n<li data-start=\"3920\" data-end=\"3938\">\n<p data-start=\"3922\" data-end=\"3938\">Caseado Manual<\/p>\n<\/li>\n<li data-start=\"3943\" data-end=\"3962\">\n<p data-start=\"3945\" data-end=\"3962\">Barra Invis\u00edvel<\/p>\n<\/li>\n<li data-start=\"3967\" data-end=\"3981\">\n<p data-start=\"3969\" data-end=\"3981\">Ponto Oculto<\/p>\n<\/li>\n<\/ul>\n<\/li>\n<\/ul>\n<\/li>\n<\/ul>\n<hr data-start=\"3983\" data-end=\"3986\" \/>\n<p data-start=\"3988\" data-end=\"4021\">3. Execu\u00e7\u00e3o das costuras<\/p>\n<ul data-start=\"4022\" data-end=\"4483\">\n<li data-start=\"4022\" data-end=\"4207\">\n<p data-start=\"4024\" data-end=\"4207\">Cada costura dever\u00e1 ser feita\u00a0horizontalmente, com a folha de tecido \u201cem p\u00e9\u201d, indo de uma ponta at\u00e9 a outra da folha, com um\u00a0n\u00f3 simples em cada uma das pontas para arremate.<\/p>\n<\/li>\n<li data-start=\"4208\" data-end=\"4345\">\n<p data-start=\"4210\" data-end=\"4345\">Para pontos que n\u00e3o s\u00e3o lineares (Ponto Diagonal, Ponto X e Caseado Manual, por exemplo), deixe a altura de aproximadamente\u00a01 cm.<\/p>\n<\/li>\n<li data-start=\"4346\" data-end=\"4483\">\n<p data-start=\"4348\" data-end=\"4483\">Acima das costuras, escreva com caneta o tipo de ponto feito e descreva, entre par\u00eanteses, se \u00e9 um ponto b\u00e1sico ou de acabamento.<\/p>\n<\/li>\n<\/ul>\n<p data-start=\"4486\" data-end=\"4563\">O resultado da atividade deve ficar parecido com a imagem (conforme roteiro).<\/p>\n<p data-start=\"4565\" data-end=\"4602\">Exemplo de organiza\u00e7\u00e3o no tecido:<\/p>\n<div class=\"flex items-center text-token-text-secondary px-4 py-2 text-xs font-sans justify-between h-9 bg-token-sidebar-surface-primary select-none rounded-t-2xl\">java<\/div>\n<div class=\"sticky top-9\">\n<div class=\"absolute end-0 bottom-0 flex h-9 items-center pe-2\">\n<div class=\"bg-token-bg-elevated-secondary text-token-text-secondary flex items-center gap-4 rounded-sm px-2 font-sans text-xs\"><button class=\"flex gap-1 items-center select-none py-1\" aria-label=\"Copiar\">Copiar<\/button><span class=\"\" data-state=\"closed\"><button class=\"flex items-center gap-1 py-1 select-none\">Editar<\/button><\/span><\/div>\n<\/div>\n<\/div>\n<div class=\"overflow-y-auto p-4\" dir=\"ltr\"><code class=\"whitespace-pre!\">Nome\u00a0<span class=\"hljs-keyword\">do<\/span>\u00a0<span class=\"hljs-title function_\">Ponto<\/span>\u00a0<span class=\"hljs-params\">(B\u00e1sico)<\/span><br \/>\nNome\u00a0<span class=\"hljs-keyword\">do<\/span>\u00a0<span class=\"hljs-title function_\">Ponto<\/span>\u00a0<span class=\"hljs-params\">(B\u00e1sico)<\/span><br \/>\nNome\u00a0<span class=\"hljs-keyword\">do<\/span>\u00a0<span class=\"hljs-title function_\">Ponto<\/span>\u00a0<span class=\"hljs-params\">(Acabamento)<\/span><br \/>\nNome\u00a0<span class=\"hljs-keyword\">do<\/span>\u00a0<span class=\"hljs-title function_\">Ponto<\/span>\u00a0<span class=\"hljs-params\">(Acabamento)<\/span><br \/>\n<\/code><\/div>\n<hr data-start=\"4719\" data-end=\"4722\" \/>\n<p data-start=\"4724\" data-end=\"4756\">4. Preparo para entrega<\/p>\n<ul data-start=\"4757\" data-end=\"5138\">\n<li data-start=\"4757\" data-end=\"4888\">\n<p data-start=\"4759\" data-end=\"4888\">Para realizar a entrega da atividade,\u00a0fotografe ou digitalize o tecido com as costuras e com as indica\u00e7\u00f5es e nomenclaturas.<\/p>\n<\/li>\n<li data-start=\"4889\" data-end=\"5033\">\n<p data-start=\"4891\" data-end=\"4905\">ATEN\u00c7\u00c3O:<\/p>\n<p data-start=\"4910\" data-end=\"5033\">VOC\u00ca DEVER\u00c1 FOTOGRAFAR TANTO A FRENTE QUANTO O AVESSO DA FOLHA DE TECIDO, para que a atividade seja devidamente avaliada.<\/p>\n<\/li>\n<li data-start=\"5034\" data-end=\"5138\">\n<p data-start=\"5036\" data-end=\"5138\">Voc\u00ea ir\u00e1 entregar um\u00a0arquivo \u00fanico, em formato Word, com seus dados e com as imagens da atividade.<\/p>\n<\/li>\n<\/ul>\n<hr data-start=\"5140\" data-end=\"5143\" \/>\n<p data-start=\"5145\" data-end=\"5196\">PROCEDIMENTOS PARA A REALIZA\u00c7\u00c3O DA ATIVIDADE<\/p>\n<ul data-start=\"5198\" data-end=\"5674\">\n<li data-start=\"5198\" data-end=\"5306\">\n<p data-start=\"5200\" data-end=\"5306\">Estude com bastante aten\u00e7\u00e3o os tipos de pontos manuais, observando com cuidado como cada um \u00e9 executado.<\/p>\n<\/li>\n<li data-start=\"5307\" data-end=\"5350\">\n<p data-start=\"5309\" data-end=\"5350\">Siga as etapas indicadas neste roteiro.<\/p>\n<\/li>\n<li data-start=\"5351\" data-end=\"5435\">\n<p data-start=\"5353\" data-end=\"5435\">Procure entregar um trabalho com bons acabamentos, bem-organizado e bem cuidado.<\/p>\n<\/li>\n<li data-start=\"5436\" data-end=\"5674\">\n<p data-start=\"5438\" data-end=\"5674\">Ao fotografar ou digitalizar a folha de tecido,\u00a0verifique se a c\u00e2mera est\u00e1 com as lentes limpas\u00a0e\u00a0verifique a resolu\u00e7\u00e3o da imagem, para que a foto n\u00e3o fique estourada ou com defeitos que dificultem a visualiza\u00e7\u00e3o da sua costura.<\/p>\n<\/li>\n<\/ul>\n<hr data-start=\"5676\" data-end=\"5679\" \/>\n<p data-start=\"5681\" data-end=\"5711\">AVALIANDO OS RESULTADOS<\/p>\n<ul data-start=\"5713\" data-end=\"6053\">\n<li data-start=\"5713\" data-end=\"5849\">\n<p data-start=\"5715\" data-end=\"5849\">Observe com aten\u00e7\u00e3o sua costura, verificando se as dist\u00e2ncias entre os pontos s\u00e3o semelhantes e se sua costura segue uma linha reta.<\/p>\n<\/li>\n<li data-start=\"5850\" data-end=\"5936\">\n<p data-start=\"5852\" data-end=\"5936\">Avalie a qualidade da sua costura e os acabamentos na linha e nas bordas da folha.<\/p>\n<\/li>\n<li data-start=\"5937\" data-end=\"6053\">\n<p data-start=\"5939\" data-end=\"6053\">Trabalhe com cores que se destaquem em meio ao tecido, facilitando a visualiza\u00e7\u00e3o e a avalia\u00e7\u00e3o das suas costuras.<\/p>\n<\/li>\n<\/ul>\n<hr data-start=\"6055\" data-end=\"6058\" \/>\n<p data-start=\"6060\" data-end=\"6076\">CHECKLIST<\/p>\n<p data-start=\"6078\" data-end=\"6357\">\u2705 Folha de tecido em tamanho A4 com cortes limpos e precisos<br data-start=\"6138\" data-end=\"6141\" \/>\u2705 Divis\u00e3o da folha em quatro partes iguais<br data-start=\"6183\" data-end=\"6186\" \/>\u2705 Escolha dos pontos e execu\u00e7\u00e3o das costuras<br data-start=\"6230\" data-end=\"6233\" \/>\u2705 Descri\u00e7\u00e3o do nome e do tipo de ponto realizado<br data-start=\"6281\" data-end=\"6284\" \/>\u2705 Foto ou digitaliza\u00e7\u00e3o da atividade<br data-start=\"6320\" data-end=\"6323\" \/>\u2705 Montagem do arquivo para entrega<\/p>\n<hr data-start=\"6359\" data-end=\"6362\" \/>\n<p data-start=\"6364\" data-end=\"6381\">RESULTADOS<\/p>\n<p data-start=\"6383\" data-end=\"6417\">Resultados de Aprendizagem<\/p>\n<p data-start=\"6419\" data-end=\"6469\">Ao final da atividade, os alunos ser\u00e3o capazes de:<\/p>\n<ul data-start=\"6471\" data-end=\"6653\">\n<li data-start=\"6471\" data-end=\"6535\">\n<p data-start=\"6473\" data-end=\"6535\">Compreender os diferentes usos dos pontos de costura manuais<\/p>\n<\/li>\n<li data-start=\"6536\" data-end=\"6612\">\n<p data-start=\"6538\" data-end=\"6612\">Avaliar situa\u00e7\u00f5es em que ajustes de costura podem ser feitos manualmente<\/p>\n<\/li>\n<li data-start=\"6613\" data-end=\"6653\">\n<p data-start=\"6615\" data-end=\"6653\">Executar pontos de costura manualmente<\/p>\n<\/li>\n<\/ul>\n<hr data-start=\"6655\" data-end=\"6658\" \/>\n<p data-start=\"6660\" data-end=\"6698\">ESTUDANTE, VOC\u00ca DEVER\u00c1 ENTREGAR<\/p>\n<p data-start=\"6700\" data-end=\"6762\">Descri\u00e7\u00e3o orientativa sobre a comprova\u00e7\u00e3o da aula pr\u00e1tica:<\/p>\n<p data-start=\"6764\" data-end=\"6982\">Ao final dessa aula pr\u00e1tica, voc\u00ea dever\u00e1\u00a0enviar um arquivo em Word\u00a0contendo as informa\u00e7\u00f5es obtidas no experimento, os c\u00e1lculos realizados, em conjunto com um\u00a0texto conclusivo a respeito das informa\u00e7\u00f5es obtidas.<\/p>\n<p data-start=\"6986\" data-end=\"7034\">O arquivo\u00a0n\u00e3o pode exceder o tamanho de 2MB.<\/p>\n<p data-start=\"7036\" data-end=\"7068\">O arquivo dever\u00e1 conter:<\/p>\n<ul data-start=\"7069\" data-end=\"7196\">\n<li data-start=\"7069\" data-end=\"7077\">\n<p data-start=\"7071\" data-end=\"7077\">Capa<\/p>\n<\/li>\n<li data-start=\"7078\" data-end=\"7134\">\n<p data-start=\"7080\" data-end=\"7134\">Folha de rosto com os dados da disciplina e do aluno<\/p>\n<\/li>\n<li data-start=\"7135\" data-end=\"7196\">\n<p data-start=\"7137\" data-end=\"7196\">Os resultados das atividades pr\u00e1ticas exigidas pelo roteiro<\/p>\n<\/li>\n<li data-start=\"7135\" data-end=\"7196\">\n<p data-start=\"7137\" data-end=\"7196\"><strong>Como funciona?<\/strong><\/p>\n<div class=\"elementor-toggle-item\">\n<p>Elaboramos os portf\u00f3lios, j\u00e1 deixamos prontos, nas normas da ABNT e conforme os requisitos da universidade. F\u00e1cil assim! O MELHOR \u00c9 QUE VOC\u00ca COMPRA E J\u00c1 BAIXA NA HORA O SEU ARQUIVO EM WORD! Sabemos que conciliar trabalho, fam\u00edlia, vida profissional e estudos \u00e9 dif\u00edcil hoje em dia, por isso, estamos aqui para ajudar voc\u00ea. Conte com nossa qualidade, experi\u00eancia e profissionalismo adquirindo seu portf\u00f3lio conosco. GARANTIMOS SEU CONCEITO!<\/p>\n<p><strong>Como se realizam os envios?<\/strong><\/p>\n<\/div>\n<p id=\"elementor-tab-content-1942\" class=\"elementor-tab-content elementor-clearfix elementor-active\" role=\"tabpanel\" data-tab=\"2\" aria-labelledby=\"elementor-tab-title-1942\">O seu trabalho \u00e9 disponibilizado pronto, respondido e nas normas j\u00e1 na mesma hora aqui em nosso site na sua \u00e1rea de downloads e tamb\u00e9m no seu e-mail.<\/p>\n<p><strong>Em quanto tempo recebo o portf\u00f3lio?<\/strong><\/p>\n<p>Os envios s\u00e3o imediatos. Ap\u00f3s sua compra, o trabalho j\u00e1 \u00e9 disponibilizado instantaneamente aqui em nosso site e no seu e-mail.<\/p>\n<p><strong>E se o portf\u00f3lio que comprei precisar de corre\u00e7\u00e3o?<\/strong><\/p>\n<p>Caso haja alguma solicita\u00e7\u00e3o de corre\u00e7\u00e3o\/altera\u00e7\u00e3o por parte do tutor, basta entrar em contato conosco pelo\u00a0WhatsApp\u00a0que provid\u00eanciaremos sem custo algum.<\/p>\n<p><strong>Qual o formato do arquivo?<\/strong><\/p>\n<p>Os arquivos s\u00e3o enviados em formato Word e s\u00e3o edit\u00e1veis.<\/p>\n<p><strong>Caso eu tiver alguma d\u00favida, terei suporte no p\u00f3s venda?<\/strong><\/p>\n<p>Sim, com certeza. Basta clicar no \u00edcone do WhatsApp no cantinho da tela. Ser\u00e1 um prazer atend\u00ea-lo(a).<\/p>\n<div id=\"elementor-tab-content-1948\" class=\"elementor-tab-content elementor-clearfix elementor-active\" role=\"tabpanel\" data-tab=\"8\" aria-labelledby=\"elementor-tab-title-1948\">\n<p><strong>Quais os seus canais de contato?<\/strong><\/p>\n<\/div>\n<div id=\"elementor-tab-content-1949\" class=\"elementor-tab-content elementor-clearfix elementor-active\" role=\"tabpanel\" data-tab=\"9\" aria-labelledby=\"elementor-tab-title-1949\">\n<p>Whatsapp: 53 984751621 \u2013 Clicar no canto da tela ou ESCANEIE O QRCODE ABAIXO<\/p>\n<h4><img decoding=\"async\" class=\"alignnone wp-image-13699 jetpack-lazy-image jetpack-lazy-image--handled\" src=\"https:\/\/i0.wp.com\/portifolioos-prontos.com\/wp-content\/uploads\/2023\/02\/whatsapp-business-projeto-de-extensao-300x300.jpeg?resize=144%2C144\" sizes=\"(max-width: 144px) 100vw, 144px\" srcset=\"https:\/\/i0.wp.com\/portifolioos-prontos.com\/wp-content\/uploads\/2023\/02\/whatsapp-business-projeto-de-extensao.jpeg?resize=300%2C301&amp;ssl=1 300w, https:\/\/i0.wp.com\/portifolioos-prontos.com\/wp-content\/uploads\/2023\/02\/whatsapp-business-projeto-de-extensao.jpeg?resize=150%2C150&amp;ssl=1 150w, https:\/\/i0.wp.com\/portifolioos-prontos.com\/wp-content\/uploads\/2023\/02\/whatsapp-business-projeto-de-extensao.jpeg?resize=370%2C372&amp;ssl=1 370w, https:\/\/i0.wp.com\/portifolioos-prontos.com\/wp-content\/uploads\/2023\/02\/whatsapp-business-projeto-de-extensao.jpeg?resize=100%2C100&amp;ssl=1 100w, https:\/\/i0.wp.com\/portifolioos-prontos.com\/wp-content\/uploads\/2023\/02\/whatsapp-business-projeto-de-extensao.jpeg?w=470&amp;ssl=1 470w\" alt=\"projeto de extens\u00e3o unopar\" width=\"144\" height=\"144\" data-lazy-loaded=\"1\" \/><\/h4>\n<\/div>\n<div class=\"elementor-toggle-item\">\n<div id=\"elementor-tab-content-1949\" class=\"elementor-tab-content elementor-clearfix elementor-active\" role=\"tabpanel\" data-tab=\"9\" aria-labelledby=\"elementor-tab-title-1949\">\n<p>E-mail:portifoliosp@gmail.com<\/p>\n<div id=\"attachment_143\" class=\"wp-caption alignnone\">\n<div id=\"attachment_143\" class=\"wp-caption alignnone\">\n<p id=\"caption-attachment-143\" class=\"wp-caption-text\"><a href=\"http:\/\/portfolio-pronto.com\/\">Portf\u00f3lio<\/a>\u00a0em Word, respondido, completo e j\u00e1 nas normas<\/p>\n<\/div>\n<\/div>\n<\/div>\n<\/div>\n<\/li>\n<\/ul>\n","protected":false},"excerpt":{"rendered":"<div id=\"popup\" class=\"popup\">\n<div class=\"popup-content\">\n<p><strong>Pague pelo PIX ou cart\u00e3o e fa\u00e7a o download agora mesmo.<\/strong><\/p>\n<\/div>\n<\/div>\n<div class=\"sticky-add-to-cart-wrapper\">\n<div class=\"sticky-add-to-cart\">\n<p class=\"quantity buttons_added form-flat\"><img decoding=\"async\" class=\"lazyloaded smush-image-5 smush-image-3 smush-image-4 smush-detected-img smush-image-bigger-3\" src=\"https:\/\/d26lpennugtm8s.cloudfront.net\/assets\/common\/img\/logos\/payment\/visa@2x.png\" width=\"46\" height=\"29\" data-src=\"https:\/\/d26lpennugtm8s.cloudfront.net\/assets\/common\/img\/logos\/payment\/visa@2x.png\" \/><img decoding=\"async\" class=\"lazyloaded smush-image-6 smush-image-4 smush-image-5 smush-detected-img smush-image-bigger-4\" src=\"https:\/\/d26lpennugtm8s.cloudfront.net\/assets\/common\/img\/logos\/payment\/boleto@2x.png\" width=\"43\" height=\"27\" data-src=\"https:\/\/d26lpennugtm8s.cloudfront.net\/assets\/common\/img\/logos\/payment\/boleto@2x.png\" \/><img loading=\"lazy\" decoding=\"async\" class=\"lazyloaded smush-image-7 smush-image-5 smush-image-6 smush-detected-img smush-image-bigger-5\" src=\"https:\/\/d26lpennugtm8s.cloudfront.net\/assets\/common\/img\/logos\/payment\/mastercard@2x.png\" width=\"43\" height=\"27\" data-src=\"https:\/\/d26lpennugtm8s.cloudfront.net\/assets\/common\/img\/logos\/payment\/mastercard@2x.png\" \/><img loading=\"lazy\" decoding=\"async\" class=\"lazyloaded smush-image-8 smush-image-6 smush-image-7 smush-detected-img smush-image-bigger-6\" src=\"https:\/\/d26lpennugtm8s.cloudfront.net\/assets\/common\/img\/logos\/payment\/amex@2x.png\" width=\"43\" height=\"27\" data-src=\"https:\/\/d26lpennugtm8s.cloudfront.net\/assets\/common\/img\/logos\/payment\/amex@2x.png\" \/><img loading=\"lazy\" decoding=\"async\" class=\"lazyloaded smush-image-9 smush-image-7 smush-image-8 smush-detected-img smush-image-bigger-7\" src=\"https:\/\/d26lpennugtm8s.cloudfront.net\/assets\/common\/img\/logos\/payment\/diners@2x.png\" width=\"46\" height=\"29\" data-src=\"https:\/\/d26lpennugtm8s.cloudfront.net\/assets\/common\/img\/logos\/payment\/diners@2x.png\" \/><img loading=\"lazy\" decoding=\"async\" class=\"lazyloaded smush-image-10 smush-image-8 smush-image-9 alignnone smush-detected-img smush-image-bigger-8\" src=\"https:\/\/d26lpennugtm8s.cloudfront.net\/assets\/common\/img\/logos\/payment\/br\/elo@2x.png\" alt=\"portf\u00f3lio unopar anhanguera\" width=\"45\" height=\"28\" data-src=\"https:\/\/d26lpennugtm8s.cloudfront.net\/assets\/common\/img\/logos\/payment\/br\/elo@2x.png\" \/><img loading=\"lazy\" decoding=\"async\" class=\"lazyloaded smush-image-11 smush-image-9 smush-image-10 alignnone smush-detected-img smush-image-bigger-9\" src=\"https:\/\/d26lpennugtm8s.cloudfront.net\/assets\/common\/img\/logos\/payment\/br\/hipercard@2x.png\" alt=\"portf\u00f3lio unopar anhanguera\" width=\"44\" height=\"28\" data-src=\"https:\/\/d26lpennugtm8s.cloudfront.net\/assets\/common\/img\/logos\/payment\/br\/hipercard@2x.png\" \/><img loading=\"lazy\" decoding=\"async\" class=\"lazyloaded smush-image-12 smush-image-10 smush-image-11 alignnone smush-detected-img smush-image-bigger-10\" src=\"https:\/\/d26lpennugtm8s.cloudfront.net\/assets\/common\/img\/logos\/payment\/mercadopago@2x.png\" alt=\"portf\u00f3lio unopar anhanguera\" width=\"45\" height=\"28\" data-src=\"https:\/\/d26lpennugtm8s.cloudfront.net\/assets\/common\/img\/logos\/payment\/mercadopago@2x.png\" \/><img loading=\"lazy\" decoding=\"async\" class=\"alignnone ls-is-cached lazyloaded smush-detected-img smush-image-bigger-11\" src=\"https:\/\/futurium.com.br\/wp-content\/uploads\/2021\/06\/logo-pix-icone-512.png\" alt=\"portfolio pronto\" width=\"30\" height=\"30\" data-src=\"https:\/\/futurium.com.br\/wp-content\/uploads\/2021\/06\/logo-pix-icone-512.png\" \/><\/p>\n<\/div>\n<\/div>\n","protected":false},"featured_media":42587,"template":"","meta":{"_seopress_robots_primary_cat":"","_seopress_titles_title":"","_seopress_titles_desc":"","_seopress_robots_index":""},"product_cat":[15],"product_tag":[],"class_list":{"0":"post-42586","1":"product","2":"type-product","3":"status-publish","4":"has-post-thumbnail","6":"product_cat-uncategorized","8":"first","9":"instock","10":"downloadable","11":"virtual","12":"purchasable","13":"product-type-simple","14":"col-xs-6 col-sm-4","15":"col-mf-5","16":"un-5-cols"},"jetpack_sharing_enabled":true,"_links":{"self":[{"href":"https:\/\/portifolioos-prontos.com\/index.php\/wp-json\/wp\/v2\/product\/42586","targetHints":{"allow":["GET"]}}],"collection":[{"href":"https:\/\/portifolioos-prontos.com\/index.php\/wp-json\/wp\/v2\/product"}],"about":[{"href":"https:\/\/portifolioos-prontos.com\/index.php\/wp-json\/wp\/v2\/types\/product"}],"version-history":[{"count":1,"href":"https:\/\/portifolioos-prontos.com\/index.php\/wp-json\/wp\/v2\/product\/42586\/revisions"}],"predecessor-version":[{"id":46369,"href":"https:\/\/portifolioos-prontos.com\/index.php\/wp-json\/wp\/v2\/product\/42586\/revisions\/46369"}],"wp:featuredmedia":[{"embeddable":true,"href":"https:\/\/portifolioos-prontos.com\/index.php\/wp-json\/wp\/v2\/media\/42587"}],"wp:attachment":[{"href":"https:\/\/portifolioos-prontos.com\/index.php\/wp-json\/wp\/v2\/media?parent=42586"}],"wp:term":[{"taxonomy":"product_cat","embeddable":true,"href":"https:\/\/portifolioos-prontos.com\/index.php\/wp-json\/wp\/v2\/product_cat?post=42586"},{"taxonomy":"product_tag","embeddable":true,"href":"https:\/\/portifolioos-prontos.com\/index.php\/wp-json\/wp\/v2\/product_tag?post=42586"}],"curies":[{"name":"wp","href":"https:\/\/api.w.org\/{rel}","templated":true}]}}