{"id":42646,"date":"2025-08-08T17:32:23","date_gmt":"2025-08-08T20:32:23","guid":{"rendered":"https:\/\/portifolioos-prontos.com\/?post_type=product&#038;p=42646"},"modified":"2025-10-11T14:19:13","modified_gmt":"2025-10-11T17:19:13","slug":"aula-pratica-hemodinamica","status":"publish","type":"product","link":"https:\/\/portifolioos-prontos.com\/index.php\/product\/aula-pratica-hemodinamica\/","title":{"rendered":"Aula Pr\u00e1tica Hemodin\u00e2mica"},"content":{"rendered":"<h4>Aula Pr\u00e1tica Hemodin\u00e2mica<\/h4>\n<p>ROTEIRO DE AULA PR\u00c1TICA<br \/>\nNOME DA DISCIPLINA: HEMODIN\u00c2MICA<br \/>\nUnidade: 2 \u2013 INTRODU\u00c7\u00c3O \u00c0 RADIOLOGIA INTEVENCIONISTA<br \/>\nAula: 7 \u2013 DROGAS VASOATIVAS<br \/>\nOBJETIVO<br \/>\nConhecer as principais doen\u00e7as que s\u00e3o atores nos processos de interven\u00e7\u00e3o, as drogas vasoativas<br \/>\nutilizadas, as poss\u00edveis complica\u00e7\u00f5es que podem acontecer nas etapas dos procedimentos e o<br \/>\npapel do Tecn\u00f3logo em Radiologia na equipe multidisciplinar da Hemodin\u00e2mica.<br \/>\nINFRAESTRUTURA<br \/>\nComputador<br \/>\nEQUIPAMENTO DE PROTE\u00c7\u00c3O INDIVIDUAL (EPI)<br \/>\nNSA (N\u00e3o se aplica)<br \/>\nPROCEDIMENTO\/ATIVIDADE \u2013 (Digital)<br \/>\nATIVIDADE PROPOSTA:<br \/>\nParte I: Drogas Vasoativas e Radiologia Intervencionista<br \/>\n1. Explique a classifica\u00e7\u00e3o das drogas vasoativas (vasopressores, vasodilatadores e<br \/>\ninotr\u00f3picos), descrevendo a fun\u00e7\u00e3o de cada categoria e citando um exemplo de<br \/>\nmedicamento para cada uma, conforme abordado no texto.<br \/>\n2. Descreva a import\u00e2ncia e as principais fun\u00e7\u00f5es das drogas vasoativas em procedimentos<br \/>\nde radiologia intervencionista, citando as tr\u00eas fun\u00e7\u00f5es cruciais mencionadas no texto.<br \/>\nParte II: Estudo de Caso:<br \/>\nVoc\u00ea \u00e9 o tecn\u00f3logo de radiologia em um hospital de grande porte durante um plant\u00e3o. Um paciente<br \/>\nmasculino de 65 anos, com hist\u00f3rico de hipertens\u00e3o arterial e diabetes tipo 2, est\u00e1 sendo submetido<br \/>\na uma emboliza\u00e7\u00e3o de aneurisma da art\u00e9ria cerebral m\u00e9dia sob anestesia geral. Durante o<br \/>\nP\u00fablico3<br \/>\nprocedimento, o paciente desenvolve hipotens\u00e3o grave, o que compromete a perfus\u00e3o cerebral e o<br \/>\nsucesso da interven\u00e7\u00e3o.<br \/>\nCom base nesse cen\u00e1rio e no seu conhecimento sobre o papel do tecn\u00f3logo de radiologia,<br \/>\nresponda:<br \/>\n1. Considerando a hipotens\u00e3o grave do paciente, qual \u00e9 a principal responsabilidade do<br \/>\ntecn\u00f3logo de radiologia em rela\u00e7\u00e3o aos equipamentos e monitoramento?<br \/>\n2. Como o Tecn\u00f3logo em Radiologia colaboraria com a equipe m\u00e9dica diante da<br \/>\nnecessidade de administra\u00e7\u00e3o de drogas vasoativas para reverter a hipotens\u00e3o? Cite pelo<br \/>\nmenos duas a\u00e7\u00f5es pr\u00e1ticas.<br \/>\n3. Al\u00e9m do monitoramento hemodin\u00e2mico, que outras a\u00e7\u00f5es relacionadas \u00e0 imagem o<br \/>\ntecn\u00f3logo pode precisar realizar para auxiliar na avalia\u00e7\u00e3o e no manejo da situa\u00e7\u00e3o,<br \/>\nconforme descrito no texto?<br \/>\nESPERO QUE REALIZE UMA EXCELENTE ATIVIDADE, BOA AULA!<br \/>\nORIENTA\u00c7\u00d5ES PARA O ENVIO DA ATIVIDADE:<br \/>\n\u2022 O resultado de aprendizagem da aula pr\u00e1tica dever\u00e1 ser registrado em forma de um<br \/>\nrelat\u00f3rio descritivo onde conste um print da atividade realizada que dever\u00e1 ser postado em<br \/>\nseu ambiente virtual.<br \/>\n\u2022 A postagem do arquivo final deve ser em um \u00fanico arquivo, formato .DOC (Word ou editor<br \/>\nde textos);<br \/>\n\u2022 Responda detalhadamente as quest\u00f5es propostas em cada uma das atividades.<br \/>\n\u2022 Atente-se ao tamanho m\u00e1ximo do arquivo, suportado pelo Ambiente Virtual de<br \/>\nAprendizagem.<br \/>\n\u2022 O sistema ir\u00e1 arquivar e disponibilizar para corre\u00e7\u00e3o apenas o \u00faltimo trabalho<br \/>\nencaminhado, caso voc\u00ea encaminhe um novo arquivo, ele ir\u00e1 sobrepor e apagar o arquivo<br \/>\nencaminhado anteriormente;<br \/>\n\u2022 Voc\u00ea dever\u00e1 postar o trabalho finalizado no AVA, o que dever\u00e1 ser feito na pasta espec\u00edfica,<br \/>\nobedecendo ao prazo limite de postagem, conforme disposto no cronograma do curso. N\u00e3o<br \/>\nexiste prorroga\u00e7\u00e3o para a postagem da atividade;<br \/>\n\u2022 O trabalho ser\u00e1 realizado individualmente.<br \/>\nP\u00fablico<br \/>\nHEMODIN\u00c2MICA<br \/>\nRoteiro<br \/>\nAula Pr\u00e1tica<br \/>\nP\u00fablico2<br \/>\nROTEIRO DE AULA PR\u00c1TICA<br \/>\nNOME DA DISCIPLINA: HEMODIN\u00c2MICA<br \/>\nUnidade: 2 \u2013 APLICA\u00c7\u00d5ES DIAGN\u00d3STICAS E TERAP\u00caUTICAS<br \/>\nAula: 7 \u2013 PRINCIPAIS PROCEDIMENTOS<br \/>\nOBJETIVO<br \/>\nReconhecer as diversas aplica\u00e7\u00f5es diagn\u00f3sticas e terap\u00eauticas dos procedimentos da Radiologia<br \/>\nIntervencionista, bem como, o preparo correto do paciente e dos equipamentos para execu\u00e7\u00e3o com<br \/>\nqualidade das atividades desenvolvidas pelo Tecn\u00f3logo em Radiologia.<br \/>\nINFRAESTRUTURA<br \/>\nComputador<br \/>\nEQUIPAMENTO DE PROTE\u00c7\u00c3O INDIVIDUAL (EPI)<br \/>\nNSA (N\u00e3o se aplica)<br \/>\nPROCEDIMENTO\/ATIVIDADE \u2013 (Digital)<br \/>\nATIVIDADE PROPOSTA:<br \/>\nParte I: Estudo de Caso<br \/>\nVoc\u00ea \u00e9 um tecn\u00f3logo em Radiologia Intervencionista em um renomado hospital, atuando no setor<br \/>\nde hemodin\u00e2mica. \u00c9 um dia de grande movimenta\u00e7\u00e3o e um paciente de 58 anos, com hist\u00f3rico de<br \/>\ndor tor\u00e1cica e suspeita de doen\u00e7a arterial coronariana, foi encaminhado para uma cineangiografia.<br \/>\nO procedimento ser\u00e1 realizado na sala de hemodin\u00e2mica, sob orienta\u00e7\u00e3o do cardiologista<br \/>\nintervencionista, com a presen\u00e7a da equipe multiprofissional.<br \/>\nCom base nas informa\u00e7\u00f5es fornecidas no texto, voc\u00ea ir\u00e1 simular suas a\u00e7\u00f5es e decis\u00f5es como<br \/>\nTecn\u00f3logo em Radiologia intervencionista durante este procedimento.<br \/>\nPrepara\u00e7\u00e3o Pr\u00e9-Procedimento:<br \/>\nImagine que voc\u00ea est\u00e1 na sala de hemodin\u00e2mica preparando-se para o procedimento.<br \/>\nP\u00fablico3<br \/>\n1. Verifica\u00e7\u00e3o de Equipamentos:<br \/>\n\u2022 Quais equipamentos de fluoroscopia voc\u00ea precisa verificar antes de iniciar o<br \/>\nprocedimento? Descreva brevemente a fun\u00e7\u00e3o de cada um.<br \/>\n\u2022 Liste pelo menos 3 par\u00e2metros t\u00e9cnicos de imagem que voc\u00ea deve configurar e<br \/>\ncalibrar para garantir a qualidade das imagens.<br \/>\n2. Insumos e Ambiente:<br \/>\n\u2022 Quais s\u00e3o os principais insumos (al\u00e9m dos equipamentos) que voc\u00ea deve garantir<br \/>\nque estejam organizados e dispon\u00edveis para a cineangiografia?<br \/>\n\u2022 Que tipo de prote\u00e7\u00e3o radiol\u00f3gica voc\u00ea deve providenciar para voc\u00ea, a equipe e o<br \/>\npaciente, e por que ela \u00e9 importante neste contexto?<br \/>\nAtua\u00e7\u00e3o Durante o Procedimento<br \/>\nO paciente j\u00e1 est\u00e1 posicionado na mesa de exame, e o cardiologista intervencionista est\u00e1 pronto<br \/>\npara iniciar.<br \/>\n1. Aquisi\u00e7\u00e3o de Imagens:<br \/>\n\u2022 O m\u00e9dico pede que voc\u00ea ajuste os \u00e2ngulos de incid\u00eancia para melhor visualiza\u00e7\u00e3o<br \/>\ndas art\u00e9rias coron\u00e1rias. Quais s\u00e3o os principais ajustes que voc\u00ea faria no<br \/>\nequipamento de fluoroscopia neste momento?<br \/>\n\u2022 Como voc\u00ea monitora a administra\u00e7\u00e3o do meio de contraste para garantir que as<br \/>\nimagens sejam de alta qualidade?<br \/>\n2. Seguran\u00e7a Radiol\u00f3gica:<br \/>\n\u2022 Descreva duas a\u00e7\u00f5es cruciais que voc\u00ea deve realizar para controlar a dose de<br \/>\nradia\u00e7\u00e3o e garantir a menor exposi\u00e7\u00e3o poss\u00edvel ao paciente e \u00e0 equipe durante a<br \/>\naquisi\u00e7\u00e3o das imagens.<br \/>\n\u2022 O que voc\u00ea faria se percebesse que a dose de radia\u00e7\u00e3o est\u00e1 mais alta do que o<br \/>\nesperado?<br \/>\nP\u00f3s-Procedimento e Finaliza\u00e7\u00e3<a href=\"http:\/\/portifolioos-prontos.com\">o<\/a><br \/>\nO procedimento foi um sucesso, e o cardiologista est\u00e1 satisfeito com as imagens.<br \/>\nP\u00fablico4<br \/>\n1. Gerenciamento de Imagens:<br \/>\n\u2022 Quais s\u00e3o as etapas que voc\u00ea deve seguir para o armazenamento e p\u00f3sprocessamento das imagens adquiridas? Por que essa etapa \u00e9 importante para o<br \/>\ndiagn\u00f3stico?<br \/>\n\u2022 Como voc\u00ea organiza os arquivos para a an\u00e1lise detalhada do m\u00e9dico cardiologista?<br \/>\n2. Biosseguran\u00e7a e Registro:<br \/>\n\u2022 Ap\u00f3s o procedimento, quais s\u00e3o os cuidados essenciais de descontamina\u00e7\u00e3o e<br \/>\nmanuten\u00e7\u00e3o que voc\u00ea deve realizar nos equipamentos<a href=\"http:\/\/portfolio-pronto.com\">?<\/a><br \/>\n\u2022 O que deve ser inclu\u00eddo no registro t\u00e9cnico do procedimento para garantir o<br \/>\ncumprimento das normas de biosseguran\u00e7a e documentar sua atua\u00e7\u00e3o?<br \/>\nESPERO QUE REALIZE UMA EXCELENTE ATIVIDADE, BOA AULA!<br \/>\nORIENTA\u00c7\u00d5ES PARA O ENVIO DA ATIVIDADE:<br \/>\n\u2022 O resultado de aprendizagem da aula pr\u00e1tica dever\u00e1 ser registrado em forma de um<br \/>\nrelat\u00f3rio descritivo onde conste um print da atividade realizada que dever\u00e1 ser postado em<br \/>\nseu ambiente virtual.<br \/>\n\u2022 A postagem do arquivo final deve ser em um \u00fanico arquivo, formato .DOC (Word ou editor<br \/>\nde textos);<br \/>\n\u2022 Responda detalhadamente as quest\u00f5es propostas em cada uma das atividades.<br \/>\n\u2022 Atente-se ao tamanho m\u00e1ximo do arquivo, suportado pelo Ambiente Virtual de<br \/>\nAprendizagem.<br \/>\n\u2022 O sistema ir\u00e1 arquivar e disponibilizar para corre\u00e7\u00e3o apenas o \u00faltimo trabalho<br \/>\nencaminhado, caso voc\u00ea encaminhe um novo arquivo, ele ir\u00e1 sobrepor e apagar o arquivo<br \/>\nencaminhado anteriormente;<br \/>\n\u2022 Voc\u00ea dever\u00e1 postar o trabalho finalizado no AVA, o que dever\u00e1 ser feito na pasta espec\u00edfica,<br \/>\nobedecendo ao prazo limite de postagem, conforme disposto no cronograma do curso. N\u00e3o<br \/>\nexiste prorroga\u00e7\u00e3o para a postagem da atividade;<br \/>\n\u2022 O trabalho ser\u00e1 realizado individualmente.<\/p>\n<div class=\"elementor-toggle-item\">\n<p id=\"elementor-tab-title-1941\" class=\"elementor-tab-title elementor-active\" tabindex=\"0\" role=\"tab\" data-tab=\"1\" aria-controls=\"elementor-tab-content-1941\" aria-expanded=\"true\" aria-selected=\"true\"><strong>Como funciona?<\/strong><\/p>\n<p>Elaboramos os portf\u00f3lios, j\u00e1 deixamos prontos, nas normas da ABNT e conforme os requisitos da universidade. F\u00e1cil assim! O MELHOR \u00c9 QUE VOC\u00ca COMPRA E J\u00c1 BAIXA NA HORA O SEU ARQUIVO EM WORD! Sabemos que conciliar trabalho, fam\u00edlia, vida profissional e estudos \u00e9 dif\u00edcil hoje em dia, por isso, estamos aqui para ajudar voc\u00ea. Conte com nossa qualidade, experi\u00eancia e profissionalismo adquirindo seu portf\u00f3lio conosco. GARANTIMOS SEU CONCEITO!<\/p>\n<p><strong>Como se realizam os envios?<\/strong><\/p>\n<\/div>\n<p id=\"elementor-tab-content-1942\" class=\"elementor-tab-content elementor-clearfix elementor-active\" role=\"tabpanel\" data-tab=\"2\" aria-labelledby=\"elementor-tab-title-1942\">O seu trabalho \u00e9 disponibilizado pronto, respondido e nas normas j\u00e1 na mesma hora aqui em nosso site na sua \u00e1rea de downloads e tamb\u00e9m no seu e-mail.<\/p>\n<p><strong>Em quanto tempo recebo o portf\u00f3lio?<\/strong><\/p>\n<p>Os envios s\u00e3o imediatos. Ap\u00f3s sua compra, o trabalho j\u00e1 \u00e9 disponibilizado instantaneamente aqui em nosso site e no seu e-mail.<\/p>\n<p><strong>E se o portf\u00f3lio que comprei precisar de corre\u00e7\u00e3o?<\/strong><\/p>\n<p>Caso haja alguma solicita\u00e7\u00e3o de corre\u00e7\u00e3o\/altera\u00e7\u00e3o por parte do tutor, basta entrar em contato conosco pelo\u00a0WhatsApp\u00a0que provid\u00eanciaremos sem custo algum.<\/p>\n<p><strong>Qual o formato do arquivo?<\/strong><\/p>\n<p>Os arquivos s\u00e3o enviados em formato Word e s\u00e3o edit\u00e1veis.<\/p>\n<p><strong>Caso eu tiver alguma d\u00favida, terei suporte no p\u00f3s venda?<\/strong><\/p>\n<p>Sim, com certeza. Basta clicar no \u00edcone do WhatsApp no cantinho da tela. Ser\u00e1 um prazer atend\u00ea-lo(a).<\/p>\n<div id=\"elementor-tab-content-1948\" class=\"elementor-tab-content elementor-clearfix elementor-active\" role=\"tabpanel\" data-tab=\"8\" aria-labelledby=\"elementor-tab-title-1948\">\n<p><strong>Quais os seus canais de contato?<\/strong><\/p>\n<\/div>\n<div id=\"elementor-tab-content-1949\" class=\"elementor-tab-content elementor-clearfix elementor-active\" role=\"tabpanel\" data-tab=\"9\" aria-labelledby=\"elementor-tab-title-1949\">\n<p>Whatsapp: 53 984751621 \u2013 Clicar no canto da tela ou ESCANEIE O QRCODE ABAIXO<\/p>\n<h4><img decoding=\"async\" class=\"alignnone wp-image-13699 jetpack-lazy-image jetpack-lazy-image--handled\" src=\"https:\/\/i0.wp.com\/portifolioos-prontos.com\/wp-content\/uploads\/2023\/02\/whatsapp-business-projeto-de-extensao-300x300.jpeg?resize=144%2C144\" sizes=\"(max-width: 144px) 100vw, 144px\" srcset=\"https:\/\/i0.wp.com\/portifolioos-prontos.com\/wp-content\/uploads\/2023\/02\/whatsapp-business-projeto-de-extensao.jpeg?resize=300%2C301&amp;ssl=1 300w, https:\/\/i0.wp.com\/portifolioos-prontos.com\/wp-content\/uploads\/2023\/02\/whatsapp-business-projeto-de-extensao.jpeg?resize=150%2C150&amp;ssl=1 150w, https:\/\/i0.wp.com\/portifolioos-prontos.com\/wp-content\/uploads\/2023\/02\/whatsapp-business-projeto-de-extensao.jpeg?resize=370%2C372&amp;ssl=1 370w, https:\/\/i0.wp.com\/portifolioos-prontos.com\/wp-content\/uploads\/2023\/02\/whatsapp-business-projeto-de-extensao.jpeg?resize=100%2C100&amp;ssl=1 100w, https:\/\/i0.wp.com\/portifolioos-prontos.com\/wp-content\/uploads\/2023\/02\/whatsapp-business-projeto-de-extensao.jpeg?w=470&amp;ssl=1 470w\" alt=\"projeto de extens\u00e3o unopar\" width=\"144\" height=\"144\" data-lazy-loaded=\"1\" \/><\/h4>\n<\/div>\n<div class=\"elementor-toggle-item\">\n<div id=\"elementor-tab-content-1949\" class=\"elementor-tab-content elementor-clearfix elementor-active\" role=\"tabpanel\" data-tab=\"9\" aria-labelledby=\"elementor-tab-title-1949\">\n<p>E-mail:portifoliosp@gmail.com<\/p>\n<div id=\"attachment_143\" class=\"wp-caption alignnone\">\n<div id=\"attachment_143\" class=\"wp-caption alignnone\">\n<p id=\"caption-attachment-143\" class=\"wp-caption-text\"><a href=\"http:\/\/portfolio-pronto.com\/\">Portf\u00f3lio<\/a>\u00a0em Word, respondido, completo e j\u00e1 nas normas<\/p>\n<\/div>\n<\/div>\n<\/div>\n<\/div>\n","protected":false},"excerpt":{"rendered":"<div class=\"product-short-description\">\n<p><strong>Pague pelo PIX ou cart\u00e3o e fa\u00e7a o download agora mesmo.<\/strong><\/p>\n<\/div>\n<div class=\"sticky-add-to-cart-wrapper\">\n<div class=\"sticky-add-to-cart\">\n<p class=\"quantity buttons_added form-flat\"><img decoding=\"async\" class=\"lazyloaded smush-image-5 smush-image-3 smush-image-4 smush-detected-img smush-image-bigger-3\" src=\"https:\/\/d26lpennugtm8s.cloudfront.net\/assets\/common\/img\/logos\/payment\/visa@2x.png\" width=\"46\" height=\"29\" data-src=\"https:\/\/d26lpennugtm8s.cloudfront.net\/assets\/common\/img\/logos\/payment\/visa@2x.png\" \/><img decoding=\"async\" class=\"lazyloaded smush-image-6 smush-image-4 smush-image-5 smush-detected-img smush-image-bigger-4\" src=\"https:\/\/d26lpennugtm8s.cloudfront.net\/assets\/common\/img\/logos\/payment\/boleto@2x.png\" width=\"43\" height=\"27\" data-src=\"https:\/\/d26lpennugtm8s.cloudfront.net\/assets\/common\/img\/logos\/payment\/boleto@2x.png\" \/><img loading=\"lazy\" decoding=\"async\" class=\"lazyloaded smush-image-7 smush-image-5 smush-image-6 smush-detected-img smush-image-bigger-5\" src=\"https:\/\/d26lpennugtm8s.cloudfront.net\/assets\/common\/img\/logos\/payment\/mastercard@2x.png\" width=\"43\" height=\"27\" data-src=\"https:\/\/d26lpennugtm8s.cloudfront.net\/assets\/common\/img\/logos\/payment\/mastercard@2x.png\" \/><img loading=\"lazy\" decoding=\"async\" class=\"lazyloaded smush-image-8 smush-image-6 smush-image-7 smush-detected-img smush-image-bigger-6\" src=\"https:\/\/d26lpennugtm8s.cloudfront.net\/assets\/common\/img\/logos\/payment\/amex@2x.png\" width=\"43\" height=\"27\" data-src=\"https:\/\/d26lpennugtm8s.cloudfront.net\/assets\/common\/img\/logos\/payment\/amex@2x.png\" \/><img loading=\"lazy\" decoding=\"async\" class=\"lazyloaded smush-image-9 smush-image-7 smush-image-8 smush-detected-img smush-image-bigger-7\" src=\"https:\/\/d26lpennugtm8s.cloudfront.net\/assets\/common\/img\/logos\/payment\/diners@2x.png\" width=\"46\" height=\"29\" data-src=\"https:\/\/d26lpennugtm8s.cloudfront.net\/assets\/common\/img\/logos\/payment\/diners@2x.png\" \/><img loading=\"lazy\" decoding=\"async\" class=\"lazyloaded smush-image-10 smush-image-8 smush-image-9 alignnone smush-detected-img smush-image-bigger-8\" src=\"https:\/\/d26lpennugtm8s.cloudfront.net\/assets\/common\/img\/logos\/payment\/br\/elo@2x.png\" alt=\"portf\u00f3lio unopar anhanguera\" width=\"45\" height=\"28\" data-src=\"https:\/\/d26lpennugtm8s.cloudfront.net\/assets\/common\/img\/logos\/payment\/br\/elo@2x.png\" \/><img loading=\"lazy\" decoding=\"async\" class=\"lazyloaded smush-image-11 smush-image-9 smush-image-10 alignnone smush-detected-img smush-image-bigger-9\" src=\"https:\/\/d26lpennugtm8s.cloudfront.net\/assets\/common\/img\/logos\/payment\/br\/hipercard@2x.png\" alt=\"portf\u00f3lio unopar anhanguera\" width=\"44\" height=\"28\" data-src=\"https:\/\/d26lpennugtm8s.cloudfront.net\/assets\/common\/img\/logos\/payment\/br\/hipercard@2x.png\" \/><img loading=\"lazy\" decoding=\"async\" class=\"lazyloaded smush-image-12 smush-image-10 smush-image-11 alignnone smush-detected-img smush-image-bigger-10\" src=\"https:\/\/d26lpennugtm8s.cloudfront.net\/assets\/common\/img\/logos\/payment\/mercadopago@2x.png\" alt=\"portf\u00f3lio unopar anhanguera\" width=\"45\" height=\"28\" data-src=\"https:\/\/d26lpennugtm8s.cloudfront.net\/assets\/common\/img\/logos\/payment\/mercadopago@2x.png\" \/><img loading=\"lazy\" decoding=\"async\" class=\"alignnone lazyloaded smush-detected-img smush-image-bigger-11\" src=\"https:\/\/futurium.com.br\/wp-content\/uploads\/2021\/06\/logo-pix-icone-512.png\" alt=\"portfolio pronto\" width=\"30\" height=\"30\" data-src=\"https:\/\/futurium.com.br\/wp-content\/uploads\/2021\/06\/logo-pix-icone-512.png\" \/><\/p>\n<\/div>\n<\/div>\n","protected":false},"featured_media":42647,"template":"","meta":{"_seopress_robots_primary_cat":"","_seopress_titles_title":"","_seopress_titles_desc":"","_seopress_robots_index":""},"product_cat":[67],"product_tag":[],"class_list":{"0":"post-42646","1":"product","2":"type-product","3":"status-publish","4":"has-post-thumbnail","6":"product_cat-radiologia","8":"first","9":"instock","10":"downloadable","11":"virtual","12":"purchasable","13":"product-type-simple","14":"col-xs-6 col-sm-4","15":"col-mf-5","16":"un-5-cols"},"jetpack_sharing_enabled":true,"_links":{"self":[{"href":"https:\/\/portifolioos-prontos.com\/index.php\/wp-json\/wp\/v2\/product\/42646","targetHints":{"allow":["GET"]}}],"collection":[{"href":"https:\/\/portifolioos-prontos.com\/index.php\/wp-json\/wp\/v2\/product"}],"about":[{"href":"https:\/\/portifolioos-prontos.com\/index.php\/wp-json\/wp\/v2\/types\/product"}],"version-history":[{"count":1,"href":"https:\/\/portifolioos-prontos.com\/index.php\/wp-json\/wp\/v2\/product\/42646\/revisions"}],"predecessor-version":[{"id":45734,"href":"https:\/\/portifolioos-prontos.com\/index.php\/wp-json\/wp\/v2\/product\/42646\/revisions\/45734"}],"wp:featuredmedia":[{"embeddable":true,"href":"https:\/\/portifolioos-prontos.com\/index.php\/wp-json\/wp\/v2\/media\/42647"}],"wp:attachment":[{"href":"https:\/\/portifolioos-prontos.com\/index.php\/wp-json\/wp\/v2\/media?parent=42646"}],"wp:term":[{"taxonomy":"product_cat","embeddable":true,"href":"https:\/\/portifolioos-prontos.com\/index.php\/wp-json\/wp\/v2\/product_cat?post=42646"},{"taxonomy":"product_tag","embeddable":true,"href":"https:\/\/portifolioos-prontos.com\/index.php\/wp-json\/wp\/v2\/product_tag?post=42646"}],"curies":[{"name":"wp","href":"https:\/\/api.w.org\/{rel}","templated":true}]}}