{"id":42683,"date":"2025-08-10T18:09:15","date_gmt":"2025-08-10T21:09:15","guid":{"rendered":"https:\/\/portifolioos-prontos.com\/?post_type=product&#038;p=42683"},"modified":"2025-10-11T14:19:26","modified_gmt":"2025-10-11T17:19:26","slug":"aula-pratica-quimica-geral-e-experimental","status":"publish","type":"product","link":"https:\/\/portifolioos-prontos.com\/index.php\/product\/aula-pratica-quimica-geral-e-experimental\/","title":{"rendered":"Aula Pr\u00e1tica Qu\u00edmica Geral e Experimental"},"content":{"rendered":"<h4>Aula Pr\u00e1tica Qu\u00edmica Geral e Experimental<\/h4>\n<p>RECEBA A RESOLU\u00c7\u00c3O DOS DOIS ROTEIROS ABAIXO<\/p>\n<p><strong>ROTEIRO DE AULA PR\u00c1TICA<\/strong><br \/>\n<strong>NOME DA DISCIPLINA: QU\u00cdMICA GERAL E EXPERIMENTAL<\/strong><br \/>\n<strong>Unidade: 4 \u2013 REA\u00c7\u00d5ES QU\u00cdMICAS<\/strong><\/p>\n<hr \/>\n<p><strong>ROTEIRO DE AULA PR\u00c1TICA<\/strong><br \/>\n<strong>NOME DA DISCIPLINA: QU\u00cdMICA GERAL E EXPERIMENTAL<\/strong><br \/>\n<strong>Unidade: 1 \u2013 ESTUDO DA MAT\u00c9RIA<\/strong><\/p>\n<p>Aula: 4 \u2013 O laborat\u00f3rio de qu\u00edmica<br \/>\nOBJETIVOS<br \/>\n\u2713 Promover o desenvolvimento de compet\u00eancias e habilidades relacionados \u00e0 disciplina<br \/>\n\u201cQu\u00edmica Geral e Experimental\u201d;<br \/>\n\u2713 Realizar medidas de massa e de volume de l\u00edquidos.<br \/>\nSOLU\u00c7\u00c3O DIGITAL<br \/>\n\u2022 Laborat\u00f3rio Virtual ALGETEC \u2013 Medidas de M<a href=\"http:\/\/portifolioos-prontos.com\">a<\/a>ssa e Volume de L\u00edquidos<br \/>\nLINK SOLU\u00c7\u00c3O DIGITAL (EXCETO ALGETEC):<br \/>\nEste experimento trata de medi\u00e7\u00f5es de massa e volume de l\u00edquidos. O experimento demonstra o<br \/>\nuso das principais vidrarias e acess\u00f3rios utilizados em laborat\u00f3rios de qu\u00edmica geral. Como parte<br \/>\ndas atividades, voc\u00ea dever\u00e1 identificar as diversas vidrarias, instrumentos e equipamentos<br \/>\npresentes no ambiente, estabelecer a diferen\u00e7a entre cada uma delas, e selecionar as mais<br \/>\napropriadas para cada caso espec\u00edfico.<br \/>\nPROCEDIMENTO\/ATIVIDADE<br \/>\nATIVIDADE PROPOSTA:<br \/>\nRealizar medidas de massa e volume de l\u00edquidos por meio da plataforma da ALGETEC<br \/>\nPROCEDIMENTOS PARA A REALIZA\u00c7\u00c3O DA ATIVIDADE:<br \/>\nCaro estudante, neste experimento voc\u00ea ir\u00e1 realizar a atividade atrav\u00e9s da plataforma da ALGETEC.<br \/>\nPara isso, siga os seguintes passos:<br \/>\n1. Acesse a plataforma da ALGETEC atrav\u00e9s do link disponibilizado em seu ambiente virtual<br \/>\n3<br \/>\n2. Fa\u00e7a a leitura da \u201cApresenta\u00e7\u00e3o do Experimento\u201d e do \u201cSum\u00e1rio Te\u00f3rico\u201d da aula<br \/>\n3. Em seguida, voc\u00ea dever\u00e1 acessar o roteiro da aula disponibilizado no laborat\u00f3rio virtual e<br \/>\nfazer a leitura dos passos necess\u00e1rios para realiza\u00e7\u00e3o do experimento (\u201cDescri\u00e7\u00e3o do<br \/>\nLaborat\u00f3rio\u201d, \u201cAvalia\u00e7\u00e3o dos Resultados\u201d e \u201cTutorial Virtualab\u201d), fa\u00e7a uma leitura criteriosa<br \/>\npara que n\u00e3o fiquem d\u00favidas em rela\u00e7\u00e3o a sua execu\u00e7\u00e3o<br \/>\n4. Antes de acessar a etapa de realiza\u00e7\u00e3o do experimento, realize a atividade de pr\u00e9-aula,<br \/>\nanotando as d\u00favidas, caso elas apare\u00e7am<br \/>\n5. Realize o experimento atrav\u00e9s da plataforma da ALGETEC, utilizando o laborat\u00f3rio \u201cMedidas<br \/>\nde Massa e Volume de L\u00edquidos\u201d de acordo com o roteiro disponibilizado, sempre anotando<br \/>\nos pontos de d\u00favidas e os resultados encontrados no experimento, ao realizar o<br \/>\n4<br \/>\nexperimento, responda as quest\u00f5es dispon\u00edveis no t\u00f3pico \u201cAvalia\u00e7\u00e3o de Resultados\u201d<br \/>\npresente no roteiro do laborat\u00f3rio virtual<br \/>\n6. Ao final do experimento, realizar as atividades de p\u00f3s-aula<br \/>\nCHECKLIST:<br \/>\nPrincipais etapas para a completude da atividade pr\u00e1tica:<br \/>\n\u2713 Reflex\u00e3o sobre o perfil do procedimento experimental que deve ser realizado por meio do<br \/>\nlaborat\u00f3rio virtual.<br \/>\n\u2713 Pesquisar sobre a fundamenta\u00e7\u00e3o te\u00f3rica do experimento que ser\u00e1 realizado.<br \/>\n\u2713 Realizar o experimento \u201cMedidas de Massa e Volumes de L\u00edquidos\u201d anotando os resultados<br \/>\nencontrados \u2013 tirar prints de telas para auxiliar na elabora\u00e7\u00e3o do relat\u00f3rio de aula pr\u00e1tica.<br \/>\n\u2713 Realizar a an\u00e1lise e interpreta\u00e7\u00e3o dos resultados obtidos.<br \/>\n\u2713 Realizar e apresentar os c\u00e1lculos experimentais, quando aplic\u00e1vel.<br \/>\nRESULTADOS<br \/>\nAo final deste experimento voc\u00ea dever\u00e1 entregar um relat\u00f3rio de aula pr\u00e1tica contendo os resultados<br \/>\ndo experimento realizado.<br \/>\nO relat\u00f3rio dever\u00e1 ser estruturado da seguinte forma:<br \/>\n5<br \/>\n1. Introdu\u00e7\u00e3o (elaborar uma introdu\u00e7\u00e3o que aborde o tema do experimento realizado) \u2013 ao<br \/>\nfinal da introdu\u00e7\u00e3o, elenque os objetivos do experimento realizado \u2013 <a href=\"http:\/\/portfolio-pronto.com\">n<\/a>\u00e3o ultrapassar 1<br \/>\np\u00e1gina.<br \/>\n2. M\u00e9todos (propor um texto que aborde o m\u00e9todo de realiza\u00e7\u00e3o dos experimentos por meio<br \/>\nda plataforma virtual) \u2013 n\u00e3o ultrapassar 1 p\u00e1gina.<br \/>\n3. Resultados e discuss\u00e3o (apresentar os resultados da aula pr\u00e1tica realizada \u2013 em sua<br \/>\ndiscuss\u00e3o, voc\u00ea dever\u00e1 responder as quest\u00f5es levantadas no t\u00f3pico \u201cAvalia\u00e7\u00e3o de<br \/>\nResultados\u201d presente no Roteiro do Laborat\u00f3rio Virtual \u2013 voc\u00ea dever\u00e1, obrigatoriamente,<br \/>\napresentar pelo menos 1 print de tela com os resultados encontrados).<br \/>\n4. Conclus\u00e3o (apresentar a conclus\u00e3o do experimento realizado) \u2013 n\u00e3o ultrapassar 1 p\u00e1gina.<br \/>\n5. Refer\u00eancias Bibliogr\u00e1ficas<br \/>\nRESULTADOS DE APRENDIZAGEM:<br \/>\nNesta aula pr\u00e1tica voc\u00ea dever\u00e1 promover o desenvolvimento de compet\u00eancias e habilidades<br \/>\nrelacionados \u00e0 disciplina \u201cQu\u00edmica Geral e Experimental\u201d.<\/p>\n<p><strong>ROTEIRO DE AULA PR\u00c1TICA<\/strong><br \/>\n<strong>NOME DA DISCIPLINA: QU\u00cdMICA GERAL E EXPERIMENTAL<\/strong><br \/>\n<strong>Unidade: 4 \u2013 REA\u00c7\u00d5ES QU\u00cdMICAS<\/strong><br \/>\nAula: 3 \u2013 Estequiometria das rea\u00e7\u00f5es qu\u00edmicas<br \/>\nOBJETIVOS<br \/>\n\u2713 Promover o desenvolvimento de compet\u00eancias e habilidades relacionados \u00e0 disciplina<br \/>\n\u201cQu\u00edmica Geral e Experimental\u201d;<br \/>\n\u2713 Preparar e diluir solu\u00e7\u00f5es;<br \/>\nSOLU\u00c7\u00c3O DIGITAL<br \/>\n\u2022 Laborat\u00f3rio Virtual ALGETEC \u2013 Preparo e Dilui\u00e7\u00e3o de Solu\u00e7\u00f5es<br \/>\nLINK SOLU\u00c7\u00c3O DIGITAL (EXCETO ALGETEC):<br \/>\nNeste experimento, voc\u00ea ir\u00e1 preparar e diluir uma solu\u00e7\u00e3o a partir de um reagente s\u00f3lido.<br \/>\nPROCEDIMENTO\/ATIVIDADE<br \/>\nATIVIDADE PROPOSTA:<br \/>\nPreparar e diluir solu\u00e7\u00f5es por meio do laborat\u00f3rio virtual da ALGETEC.<br \/>\nPROCEDIMENTOS PARA A REALIZA\u00c7\u00c3O DA ATIVIDADE:<br \/>\nCaro aluno(a), nesta aula pr\u00e1tica voc\u00ea ir\u00e1 realizar o experimento \u201cPreparo e dilui\u00e7\u00e3o de solu\u00e7\u00f5es\u201d<br \/>\natrav\u00e9s da plataforma da ALGETEC. Para isso, siga os seguintes passos:<br \/>\n1. Acesse a plataforma da ALGETEC por meio do link disponibilizado em seu ambiente virtual<br \/>\n\u2013 Preparo e dilui\u00e7\u00e3o de solu\u00e7\u00f5es.<br \/>\n3<br \/>\n2. Fa\u00e7a a leitura da \u201cApresenta\u00e7\u00e3o\u201d e do \u201cSum\u00e1rio Te\u00f3rico\u201d da aula disponibilizado do<br \/>\nlaborat\u00f3rio virtual.<br \/>\n3. Em seguida, voc\u00ea dever\u00e1 acessar o \u201cRoteiro\u201d da aula e fazer a leitura dos passos<br \/>\nnecess\u00e1rios para realiza\u00e7\u00e3o do experimento, fa\u00e7a uma leitura criteriosa para que n\u00e3o fiquem<br \/>\nd\u00favidas em rela\u00e7\u00e3o a sua execu\u00e7\u00e3o \u2013 ao realizar essa leitura, d\u00ea aten\u00e7\u00e3o ao t\u00f3pico<br \/>\n\u201cAvalia\u00e7\u00e3o dos Resultados\u201d e leia com aten\u00e7\u00e3o o \u201cTutorial Virtualab\u201d.<br \/>\n4. Antes de acessar a etapa de realiza\u00e7\u00e3o do experimento, realize a atividade de pr\u00e9-aula,<br \/>\nanotando as d\u00favidas, caso elas apare\u00e7am.<br \/>\n5. Realize o experimento atrav\u00e9s da plataforma da ALGETEC, de acordo com o roteiro<br \/>\ndisponibilizado, sempre anotando os pontos de d\u00favidas e os resultados encontrados no<br \/>\nexperimento \u2013 tire prints de tela para auxili\u00e1-lo na elabora\u00e7\u00e3o do roteiro de aula pr\u00e1tica.<br \/>\n4<br \/>\n6. Ao final do experimento, realizar as atividades de p\u00f3s-aula<br \/>\nCHECKLIST:<br \/>\nPrincipais etapas para a completude da atividade pr\u00e1tica:<br \/>\n&#8211; Reflex\u00e3o sobre o perfil do procedimento experimental que deve ser realizado por meio do<br \/>\nlaborat\u00f3rio virtual.<br \/>\n&#8211; Pesquisar sobre a fundamenta\u00e7\u00e3o te\u00f3rica do experimento que ser\u00e1 realizado.<br \/>\n&#8211; Realizar o experimento \u201cPreparo e dilui\u00e7\u00e3o de solu\u00e7\u00f5es\u201d anotando os resultados<br \/>\nencontrados \u2013 tirar prints de telas para auxiliar na elabora\u00e7\u00e3o do relat\u00f3rio de aula pr\u00e1tica.<br \/>\n&#8211; Realizar a an\u00e1lise e interpreta\u00e7\u00e3o dos resultados obtidos.<br \/>\n&#8211; Realizar e apresentar os c\u00e1lculos experimentais, quando aplic\u00e1vel.<br \/>\nRESULTADOS<br \/>\nAo final desta aula pr\u00e1tica voc\u00ea dever\u00e1 entregar um relat\u00f3rio de aula contendo os resultados do<br \/>\nexperimento realizado.<br \/>\nO relat\u00f3rio dever\u00e1 ser estruturado da seguinte forma:<br \/>\n5<br \/>\n1. Introdu\u00e7\u00e3o (elaborar uma introdu\u00e7\u00e3o que aborde o tema do experimento realizado) \u2013 ao<br \/>\nfinal da introdu\u00e7\u00e3o, elenque os objetivos do experimento realizado \u2013 n\u00e3o ultrapassar 1<br \/>\np\u00e1gina.<br \/>\n2. M\u00e9todos (propor um texto que aborde o m\u00e9todo de realiza\u00e7\u00e3o dos experimentos por meio<br \/>\nda plataforma virtual) \u2013 n\u00e3o ultrapassar 1 p\u00e1gina.<br \/>\n3. Resultados e discuss\u00e3o (apresentar os resultados da aula pr\u00e1tica realizada \u2013 em sua<br \/>\ndiscuss\u00e3o, voc\u00ea dever\u00e1 responder as quest\u00f5es levantadas no t\u00f3pico \u201cAvalia\u00e7\u00e3o de<br \/>\nResultados\u201d presente no Roteiro do Laborat\u00f3rio Virtual \u2013 voc\u00ea dever\u00e1, obrigatoriamente,<br \/>\napresentar pelo menos 1 print de tela com os resultados encontrados)<br \/>\n4. Conclus\u00e3o (apresentar a conclus\u00e3o do experimento realizado) \u2013 n\u00e3o ultrapassar 1 p\u00e1gina.<br \/>\n5. Refer\u00eancias Bibliogr\u00e1ficas.<br \/>\nRESULTADOS DE APRENDIZAGEM:<br \/>\nPromover o desenvolvimento de compet\u00eancias e habilidades relacionados \u00e0 disciplina \u201cQu\u00edmica<br \/>\nGeral e Experimental\u201d<\/p>\n<div class=\"elementor-toggle-item\">\n<p id=\"elementor-tab-title-1941\" class=\"elementor-tab-title elementor-active\" tabindex=\"0\" role=\"tab\" data-tab=\"1\" aria-controls=\"elementor-tab-content-1941\" aria-expanded=\"true\" aria-selected=\"true\"><strong>Como funciona?<\/strong><\/p>\n<p>Elaboramos os portf\u00f3lios, j\u00e1 deixamos prontos, nas normas da ABNT e conforme os requisitos da universidade. F\u00e1cil assim! O MELHOR \u00c9 QUE VOC\u00ca COMPRA E J\u00c1 BAIXA NA HORA O SEU ARQUIVO EM WORD! Sabemos que conciliar trabalho, fam\u00edlia, vida profissional e estudos \u00e9 dif\u00edcil hoje em dia, por isso, estamos aqui para ajudar voc\u00ea. Conte com nossa qualidade, experi\u00eancia e profissionalismo adquirindo seu portf\u00f3lio conosco. GARANTIMOS SEU CONCEITO!<\/p>\n<p><strong>Como se realizam os envios?<\/strong><\/p>\n<\/div>\n<p id=\"elementor-tab-content-1942\" class=\"elementor-tab-content elementor-clearfix elementor-active\" role=\"tabpanel\" data-tab=\"2\" aria-labelledby=\"elementor-tab-title-1942\">O seu trabalho \u00e9 disponibilizado pronto, respondido e nas normas j\u00e1 na mesma hora aqui em nosso site na sua \u00e1rea de downloads e tamb\u00e9m no seu e-mail.<\/p>\n<p><strong>Em quanto tempo recebo o portf\u00f3lio?<\/strong><\/p>\n<p>Os envios s\u00e3o imediatos. Ap\u00f3s sua compra, o trabalho j\u00e1 \u00e9 disponibilizado instantaneamente aqui em nosso site e no seu e-mail.<\/p>\n<p><strong>E se o portf\u00f3lio que comprei precisar de corre\u00e7\u00e3o?<\/strong><\/p>\n<p>Caso haja alguma solicita\u00e7\u00e3o de corre\u00e7\u00e3o\/altera\u00e7\u00e3o por parte do tutor, basta entrar em contato conosco pelo\u00a0WhatsApp\u00a0que provid\u00eanciaremos sem custo algum.<\/p>\n<p><strong>Qual o formato do arquivo?<\/strong><\/p>\n<p>Os arquivos s\u00e3o enviados em formato Word e s\u00e3o edit\u00e1veis.<\/p>\n<p><strong>Caso eu tiver alguma d\u00favida, terei suporte no p\u00f3s venda?<\/strong><\/p>\n<p>Sim, com certeza. Basta clicar no \u00edcone do WhatsApp no cantinho da tela. Ser\u00e1 um prazer atend\u00ea-lo(a).<\/p>\n<div id=\"elementor-tab-content-1948\" class=\"elementor-tab-content elementor-clearfix elementor-active\" role=\"tabpanel\" data-tab=\"8\" aria-labelledby=\"elementor-tab-title-1948\">\n<p><strong>Quais os seus canais de contato?<\/strong><\/p>\n<\/div>\n<div id=\"elementor-tab-content-1949\" class=\"elementor-tab-content elementor-clearfix elementor-active\" role=\"tabpanel\" data-tab=\"9\" aria-labelledby=\"elementor-tab-title-1949\">\n<p>Whatsapp: 53 984751621 \u2013 Clicar no canto da tela ou ESCANEIE O QRCODE ABAIXO<\/p>\n<h4><img decoding=\"async\" class=\"alignnone wp-image-13699 jetpack-lazy-image jetpack-lazy-image--handled\" src=\"https:\/\/i0.wp.com\/portifolioos-prontos.com\/wp-content\/uploads\/2023\/02\/whatsapp-business-projeto-de-extensao-300x300.jpeg?resize=144%2C144\" sizes=\"(max-width: 144px) 100vw, 144px\" srcset=\"https:\/\/i0.wp.com\/portifolioos-prontos.com\/wp-content\/uploads\/2023\/02\/whatsapp-business-projeto-de-extensao.jpeg?resize=300%2C301&amp;ssl=1 300w, https:\/\/i0.wp.com\/portifolioos-prontos.com\/wp-content\/uploads\/2023\/02\/whatsapp-business-projeto-de-extensao.jpeg?resize=150%2C150&amp;ssl=1 150w, https:\/\/i0.wp.com\/portifolioos-prontos.com\/wp-content\/uploads\/2023\/02\/whatsapp-business-projeto-de-extensao.jpeg?resize=370%2C372&amp;ssl=1 370w, https:\/\/i0.wp.com\/portifolioos-prontos.com\/wp-content\/uploads\/2023\/02\/whatsapp-business-projeto-de-extensao.jpeg?resize=100%2C100&amp;ssl=1 100w, https:\/\/i0.wp.com\/portifolioos-prontos.com\/wp-content\/uploads\/2023\/02\/whatsapp-business-projeto-de-extensao.jpeg?w=470&amp;ssl=1 470w\" alt=\"projeto de extens\u00e3o unopar\" width=\"144\" height=\"144\" data-lazy-loaded=\"1\" \/><\/h4>\n<\/div>\n<div class=\"elementor-toggle-item\">\n<div id=\"elementor-tab-content-1949\" class=\"elementor-tab-content elementor-clearfix elementor-active\" role=\"tabpanel\" data-tab=\"9\" aria-labelledby=\"elementor-tab-title-1949\">\n<p>E-mail:portifoliosp@gmail.com<\/p>\n<div id=\"attachment_143\" class=\"wp-caption alignnone\">\n<div id=\"attachment_143\" class=\"wp-caption alignnone\">\n<p id=\"caption-attachment-143\" class=\"wp-caption-text\"><a href=\"http:\/\/portfolio-pronto.com\/\">Portf\u00f3lio<\/a>\u00a0em Word, respondido, completo e j\u00e1 nas normas<\/p>\n<\/div>\n<\/div>\n<\/div>\n<\/div>\n","protected":false},"excerpt":{"rendered":"<div class=\"product-short-description\">\n<p><strong>Pague pelo PIX ou cart\u00e3o e fa\u00e7a o download agora mesmo.<\/strong><\/p>\n<\/div>\n<div class=\"sticky-add-to-cart-wrapper\">\n<div class=\"sticky-add-to-cart\">\n<p class=\"quantity buttons_added form-flat\"><img decoding=\"async\" class=\"lazyloaded smush-image-5 smush-image-3 smush-image-4 smush-detected-img smush-image-bigger-3\" src=\"https:\/\/d26lpennugtm8s.cloudfront.net\/assets\/common\/img\/logos\/payment\/visa@2x.png\" width=\"46\" height=\"29\" data-src=\"https:\/\/d26lpennugtm8s.cloudfront.net\/assets\/common\/img\/logos\/payment\/visa@2x.png\" \/><img decoding=\"async\" class=\"lazyloaded smush-image-6 smush-image-4 smush-image-5 smush-detected-img smush-image-bigger-4\" src=\"https:\/\/d26lpennugtm8s.cloudfront.net\/assets\/common\/img\/logos\/payment\/boleto@2x.png\" width=\"43\" height=\"27\" data-src=\"https:\/\/d26lpennugtm8s.cloudfront.net\/assets\/common\/img\/logos\/payment\/boleto@2x.png\" \/><img loading=\"lazy\" decoding=\"async\" class=\"lazyloaded smush-image-7 smush-image-5 smush-image-6 smush-detected-img smush-image-bigger-5\" src=\"https:\/\/d26lpennugtm8s.cloudfront.net\/assets\/common\/img\/logos\/payment\/mastercard@2x.png\" width=\"43\" height=\"27\" data-src=\"https:\/\/d26lpennugtm8s.cloudfront.net\/assets\/common\/img\/logos\/payment\/mastercard@2x.png\" \/><img loading=\"lazy\" decoding=\"async\" class=\"lazyloaded smush-image-8 smush-image-6 smush-image-7 smush-detected-img smush-image-bigger-6\" src=\"https:\/\/d26lpennugtm8s.cloudfront.net\/assets\/common\/img\/logos\/payment\/amex@2x.png\" width=\"43\" height=\"27\" data-src=\"https:\/\/d26lpennugtm8s.cloudfront.net\/assets\/common\/img\/logos\/payment\/amex@2x.png\" \/><img loading=\"lazy\" decoding=\"async\" class=\"lazyloaded smush-image-9 smush-image-7 smush-image-8 smush-detected-img smush-image-bigger-7\" src=\"https:\/\/d26lpennugtm8s.cloudfront.net\/assets\/common\/img\/logos\/payment\/diners@2x.png\" width=\"46\" height=\"29\" data-src=\"https:\/\/d26lpennugtm8s.cloudfront.net\/assets\/common\/img\/logos\/payment\/diners@2x.png\" \/><img loading=\"lazy\" decoding=\"async\" class=\"lazyloaded smush-image-10 smush-image-8 smush-image-9 alignnone smush-detected-img smush-image-bigger-8\" src=\"https:\/\/d26lpennugtm8s.cloudfront.net\/assets\/common\/img\/logos\/payment\/br\/elo@2x.png\" alt=\"portf\u00f3lio unopar anhanguera\" width=\"45\" height=\"28\" data-src=\"https:\/\/d26lpennugtm8s.cloudfront.net\/assets\/common\/img\/logos\/payment\/br\/elo@2x.png\" \/><img loading=\"lazy\" decoding=\"async\" class=\"lazyloaded smush-image-11 smush-image-9 smush-image-10 alignnone smush-detected-img smush-image-bigger-9\" src=\"https:\/\/d26lpennugtm8s.cloudfront.net\/assets\/common\/img\/logos\/payment\/br\/hipercard@2x.png\" alt=\"portf\u00f3lio unopar anhanguera\" width=\"44\" height=\"28\" data-src=\"https:\/\/d26lpennugtm8s.cloudfront.net\/assets\/common\/img\/logos\/payment\/br\/hipercard@2x.png\" \/><img loading=\"lazy\" decoding=\"async\" class=\"lazyloaded smush-image-12 smush-image-10 smush-image-11 alignnone smush-detected-img smush-image-bigger-10\" src=\"https:\/\/d26lpennugtm8s.cloudfront.net\/assets\/common\/img\/logos\/payment\/mercadopago@2x.png\" alt=\"portf\u00f3lio unopar anhanguera\" width=\"45\" height=\"28\" data-src=\"https:\/\/d26lpennugtm8s.cloudfront.net\/assets\/common\/img\/logos\/payment\/mercadopago@2x.png\" \/><img loading=\"lazy\" decoding=\"async\" class=\"alignnone lazyloaded smush-detected-img smush-image-bigger-11\" src=\"https:\/\/futurium.com.br\/wp-content\/uploads\/2021\/06\/logo-pix-icone-512.png\" alt=\"portfolio pronto\" width=\"30\" height=\"30\" data-src=\"https:\/\/futurium.com.br\/wp-content\/uploads\/2021\/06\/logo-pix-icone-512.png\" \/><\/p>\n<\/div>\n<\/div>\n","protected":false},"featured_media":42684,"template":"","meta":{"_seopress_robots_primary_cat":"","_seopress_titles_title":"","_seopress_titles_desc":"","_seopress_robots_index":""},"product_cat":[263,141,220,146,289,287],"product_tag":[],"class_list":{"0":"post-42683","1":"product","2":"type-product","3":"status-publish","4":"has-post-thumbnail","6":"product_cat-engenharia-ambiental","7":"product_cat-engenharia-ambiental-e-sanitaria","8":"product_cat-engenharia-civil","9":"product_cat-engenharia-de-producao","10":"product_cat-engenharia-eletrica","11":"product_cat-engenharia-mecanica","13":"first","14":"instock","15":"downloadable","16":"virtual","17":"purchasable","18":"product-type-simple","19":"col-xs-6 col-sm-4","20":"col-mf-5","21":"un-5-cols"},"jetpack_sharing_enabled":true,"_links":{"self":[{"href":"https:\/\/portifolioos-prontos.com\/index.php\/wp-json\/wp\/v2\/product\/42683","targetHints":{"allow":["GET"]}}],"collection":[{"href":"https:\/\/portifolioos-prontos.com\/index.php\/wp-json\/wp\/v2\/product"}],"about":[{"href":"https:\/\/portifolioos-prontos.com\/index.php\/wp-json\/wp\/v2\/types\/product"}],"version-history":[{"count":2,"href":"https:\/\/portifolioos-prontos.com\/index.php\/wp-json\/wp\/v2\/product\/42683\/revisions"}],"predecessor-version":[{"id":44052,"href":"https:\/\/portifolioos-prontos.com\/index.php\/wp-json\/wp\/v2\/product\/42683\/revisions\/44052"}],"wp:featuredmedia":[{"embeddable":true,"href":"https:\/\/portifolioos-prontos.com\/index.php\/wp-json\/wp\/v2\/media\/42684"}],"wp:attachment":[{"href":"https:\/\/portifolioos-prontos.com\/index.php\/wp-json\/wp\/v2\/media?parent=42683"}],"wp:term":[{"taxonomy":"product_cat","embeddable":true,"href":"https:\/\/portifolioos-prontos.com\/index.php\/wp-json\/wp\/v2\/product_cat?post=42683"},{"taxonomy":"product_tag","embeddable":true,"href":"https:\/\/portifolioos-prontos.com\/index.php\/wp-json\/wp\/v2\/product_tag?post=42683"}],"curies":[{"name":"wp","href":"https:\/\/api.w.org\/{rel}","templated":true}]}}