{"id":42860,"date":"2025-08-12T15:58:44","date_gmt":"2025-08-12T18:58:44","guid":{"rendered":"https:\/\/portifolioos-prontos.com\/?post_type=product&#038;p=42860"},"modified":"2025-10-22T15:46:23","modified_gmt":"2025-10-22T18:46:23","slug":"aula-pratica-ciencias-moleculares-e-celulares","status":"publish","type":"product","link":"https:\/\/portifolioos-prontos.com\/index.php\/product\/aula-pratica-ciencias-moleculares-e-celulares\/","title":{"rendered":"Aula Pr\u00e1tica Ci\u00eancias Moleculares e Celulares"},"content":{"rendered":"<h4>Aula Pr\u00e1tica Ci\u00eancias Moleculares e Celulares<\/h4>\n<p>ROTEIRO DE AULA PR\u00c1TICA<br \/>\nNOME DA DISCIPLINA: Ci\u00eancias Moleculares e Celulares<br \/>\nUnidade 1 e 2<br \/>\nOBJETIVOS<br \/>\nDefini\u00e7\u00e3o dos objetivos da aula pr\u00e1tica:<br \/>\n&#8211; Conhecer os princ\u00edpios da microscopia.<br \/>\n&#8211; Conhecer e identificar as estruturas das c\u00e9lulas procariontes e eucariontes.<br \/>\n&#8211; Compreender a aplicabilidade destes conceitos na pr\u00e1tica profissional.<br \/>\nINFRAESTRUTURA<br \/>\nInstala\u00e7\u00f5es:<br \/>\nComputador com acesso \u00e0 internet e ao ambiente virtual.<br \/>\nMateriais de consumo:<br \/>\nDescri\u00e7\u00e3o<br \/>\nQuantidade de<br \/>\nmateriais por<br \/>\nprocedimento\/atividade<br \/>\nProcedimento 1<br \/>\nComputador 1 para cada aluno<br \/>\nLaborat\u00f3rio Virtual Algetec<br \/>\nProcedimento 2<br \/>\nComputador 1 para cada aluno<br \/>\nLamin\u00e1rio digital<br \/>\nSoftware:<br \/>\nSim ( X ) N\u00e3o ( )<br \/>\nEm caso afirmativo, qual?<br \/>\nPago ( X ) N\u00e3o Pago ( )<br \/>\nTipo de Licen\u00e7a: NSA<br \/>\nDescri\u00e7\u00e3o do software:<br \/>\nAcessar os Laborat\u00f3rios Virtuais do ALGETEC. Na aba lateral principal acessar<br \/>\nCURSOS&gt;&gt; Sa\u00fade&gt;&gt; Microscopia<br \/>\nEquipamento de Prote\u00e7\u00e3o Individual (EPI):<br \/>\nNSA.<br \/>\nP\u00fablico3<br \/>\nPROCEDIMENTOS PR\u00c1TICOS<br \/>\nProcedimento n\u00ba1<br \/>\nAtividade proposta:<br \/>\nCompreender os princ\u00edpios da microscopia<br \/>\nProcedimentos para a realiza\u00e7\u00e3o da atividade:<br \/>\n1) Neste procedimento voc\u00ea utilizar\u00e1 o laborat\u00f3rio virtual ALGETEC;<br \/>\n2) Voc\u00ea utilizar\u00e1 o laborat\u00f3rio virtual ALGETEC:<br \/>\n3) Clique em: Sa\u00fade<br \/>\n4) Clique em: Microscopia<br \/>\n5) Clique em: Microscopia: Conhecendo um Microsc\u00f3pio<br \/>\nP\u00fablico4<br \/>\n6) Clique em: Apresenta\u00e7\u00e3o. Neste momento voc\u00ea encontrar\u00e1 os objetivos desta atividade,<br \/>\ncapacidades atingidas, aplica\u00e7\u00e3o dos conceitos estudados, equipamentos de seguran\u00e7a<br \/>\nindividual a serem utilizados e caracter\u00edsticas do ambiente da pr\u00e1tica.<br \/>\n7) Clique em: Sum\u00e1rio Te\u00f3rico. Aqui encontrar\u00e1 toda a fundamenta\u00e7\u00e3o te\u00f3rica dessa pr\u00e1tica.<br \/>\n8) Clique em: Experimento. Neste momento, voc\u00ea ir\u00e1 iniciar a atividade pr\u00e1tica.<br \/>\nVoc\u00ea ir\u00e1 executar os procedimentos adequados para conhecer o microsc\u00f3pio, as suas partes<br \/>\ne funcionalidades.<br \/>\n9) Clique em: Come\u00e7ar.<br \/>\n\u2713 PROCEDIMENTOS A SEREM REALIZADOS:<br \/>\n&#8211; Higienize as m\u00e3os: clicando com o bot\u00e3o esquerdo do mouse sobre a pia e passe o cursor<br \/>\ndo mouse na \u00e1gua;<br \/>\nP\u00fablico5<br \/>\n&#8211; Colocar os EPI\u2019s localizados no Arm\u00e1rio de EPIS: Visualize o arm\u00e1rio de EPIs clicando com<br \/>\no bot\u00e3o esquerdo do mouse na c\u00e2mera com o nome \u201cArm\u00e1rio de EPIs\u201d, localizada dentro do<br \/>\npainel de visualiza\u00e7\u00e3o no canto superior esquerdo da tela.<br \/>\n&#8211; Abra o arm\u00e1rio EPIs clicando com o bot\u00e3o esquerdo do mouse sobre as portas.<br \/>\n&#8211; Selecione os EPIs necess\u00e1rios para a realiza\u00e7\u00e3o do ensaio clicando com o bot\u00e3o esquerdo<br \/>\ndo mouse sobre eles. Nesse experimento, \u00e9 obrigat\u00f3rio o uso de jaleco e luvas.<br \/>\n&#8211; Feche as portas do arm\u00e1rio de EPIs clicando com o bot\u00e3o esquerdo do mouse sobre elas.<br \/>\n\u2713 CONHECENDO O MICROSC\u00d3PIO<br \/>\n&#8211; Visualize a bancada clicando com o bot\u00e3o esquerdo do mouse na c\u00e2mera com o nome<br \/>\n\u201cVis\u00e3o frontal\u201d.<br \/>\n&#8211; Identifique as partes m\u00f3veis do microsc\u00f3pio, passando o cursor do mouse sobre as partes<br \/>\nm\u00f3veis, onde o nome de cada componente ser\u00e1 mostrado.<br \/>\n\u2713 VISUALIZANDO A L\u00c2MINA<br \/>\n&#8211; Ligue o microsc\u00f3pio clicando com o bot\u00e3o esquerdo do mouse no interruptor.<br \/>\n&#8211; Abra o lamin\u00e1rio clicando com o bot\u00e3o esquerdo do mouse sobre a sua tampa.<br \/>\n&#8211; Coloque a l\u00e2mina sobre a platina clicando com o bot\u00e3o esquerdo do mouse sobre a l\u00e2mina.<br \/>\n&#8211; Visualize a l\u00e2mina clicando com o bot\u00e3o esquerdo do mouse sobre o \u00edcone \u201cver ocular\u201d<br \/>\nlocalizado abaixo do \u00edcone da engrenagem no canto superior direito da tela.<br \/>\n&#8211; Se for necess\u00e1rio ajustar a ilumina\u00e7\u00e3o, movimente o diafragma pressionando com o bot\u00e3o<br \/>\nesquerdo do mouse sobre ele e arraste o cursor \u00e0 direita ou \u00e0 esquerda.<br \/>\n&#8211; Realize o ajuste do foco pressionando o bot\u00e3o esquerdo do mouse sobre o parafuso<br \/>\nmacrom\u00e9trico e movimentando o cursor \u00e0 direita ou \u00e0 esquerda.<br \/>\n&#8211; Se for necess\u00e1rio um ajuste mais apurado do foco, gire o bot\u00e3o microm\u00e9trico pressionando<br \/>\no bot\u00e3o esquerdo do mouse sobre ele e movimentando o cursor \u00e0 direita ou \u00e0 esquerda.<br \/>\n&#8211; Para movimentar a l\u00e2mina \u00e0 direita ou \u00e0 esquerda, gire a pe\u00e7a inferior do charriot<br \/>\npressionando com o bot\u00e3o esquerdo do mouse sobre ela e movimentando o cursor \u00e0 direita<br \/>\nou \u00e0 esquerda.<br \/>\n&#8211; Para movimentar a l\u00e2mina \u00e0 frente ou para tr\u00e1s, gire a pe\u00e7a superior do charriot<br \/>\npressionando com o bot\u00e3o esquerdo do mouse sobre ela e movimentando o cursor \u00e0 direita<br \/>\nou \u00e0 esquerda.<br \/>\n&#8211; Altere a objetiva pressionando com o bot\u00e3o esquerdo do mouse sobre o rev\u00f3lver e<br \/>\nmovimentando o cursor \u00e0 direita ou \u00e0 esquerda.<br \/>\n&#8211; Se for necess\u00e1rio, realize os ajustes no diafragma, para regular a ilumina\u00e7\u00e3o, no charriot<br \/>\npara controlar a posi\u00e7\u00e3o da l\u00e2mina, e nos bot\u00f5es macro e microm\u00e9trico, para focalizar a<br \/>\nimagem.<br \/>\n&#8211; Altere a objetiva pressionando com o bot\u00e3o esquerdo do mouse sobre o rev\u00f3lver e<br \/>\nP\u00fablico6<br \/>\nmovimentando o cursor \u00e0 direita ou \u00e0 esquerda.<br \/>\n\u2713 UTILIZANDO A OBJETIVA DE 100X<br \/>\n&#8211; Goteje o \u00f3leo de imers\u00e3o clicando com o bot\u00e3o esquerdo do mouse sobre o conta-gotas.<br \/>\n&#8211; Altere a objetiva pressionando com o bot\u00e3o esquerdo do mouse sobre o rev\u00f3lver e<br \/>\nmovimentando o cursor \u00e0 direita ou \u00e0 esquerda;<br \/>\n&#8211; Se for necess\u00e1rio, realize os ajustes no diafragma, para regular a ilumina\u00e7\u00e3o, no charriot<br \/>\npara controlar a posi\u00e7\u00e3o da l\u00e2mina, e nos bot\u00f5es macro e microm\u00e9trico, para focalizar a<br \/>\nimagem.<br \/>\n\u2713 REPETINDO O EXPERIMENTO<br \/>\n&#8211; Repita a visualiza\u00e7\u00e3o das l\u00e2minas seguintes realizando os ajustes no diafragma no<br \/>\ncharriot e nos bot\u00f5es macro e microm\u00e9trico conforme a necessidade. Lembre-se de que<br \/>\npara conseguir visualizar a imagem com a lente objetiva de maior amplia\u00e7\u00e3o, deve-se<br \/>\ngotejar o \u00f3leo de imers\u00e3o sobre a l\u00e2mina.<br \/>\n\u2713 FINALIZANDO O EXPERIMENTO<br \/>\n&#8211; Feche a ocular clicando com o bot\u00e3o esquerdo do mouse sobre o \u00edcone \u201cver ocular\u201d<br \/>\nlocalizado abaixo do \u00edcone da engrenagem no canto superior direito da tela;<br \/>\n&#8211; Desligue o microsc\u00f3pio clicando com o bot\u00e3o esquerdo do mouse sobre o interruptor;<br \/>\n&#8211; Retire a l\u00e2mina da platina clicando com o bot\u00e3o esquerdo do mouse sobre a l\u00e2mina;<br \/>\n&#8211; Visualize os itens de limpeza clicando com o bot\u00e3o esquerdo do mouse na c\u00e2mera com o<br \/>\nnome \u201cLimpeza\u201d;<br \/>\n&#8211; Mova as garrafas contendo a solu\u00e7\u00e3o de limpeza e o \u00e1lcool clicando com o bot\u00e3o esquerdo<br \/>\ndo mouse sobre as garrafas;<br \/>\n&#8211; Molhe o cotonete com a solu\u00e7\u00e3o de limpeza clicando com o bot\u00e3o esquerdo do mouse sobre<br \/>\no cotonete;<br \/>\n&#8211; Limpe a ocular clicando com o bot\u00e3o direito do mouse sobre o cotonete;<br \/>\n&#8211; Limpe a objetiva clicando com o bot\u00e3o esquerdo do mouse no cotonete;<br \/>\n&#8211; Umede\u00e7a o algod\u00e3o com o \u00e1lcool para limpar a platina clicando com o bot\u00e3o esquerdo do<br \/>\nmouse sobre o algod\u00e3o;<br \/>\n&#8211; Limpe a mesa clicando com o bot\u00e3o esquerdo do mouse no algod\u00e3o.<br \/>\nEsse passo a passo voc\u00ea tamb\u00e9m encontra clicando no Roteiro no laborat\u00f3rio ALGETEC e para<br \/>\nfixa\u00e7\u00e3o dos seus conhecimentos, realize tamb\u00e9m as atividades de pr\u00e9 e p\u00f3s teste.<br \/>\nChecklist:<br \/>\nP\u00fablico7<br \/>\n&#8211; Reconhecer os diferentes componentes do microsc\u00f3pio \u00f3ptico;<br \/>\n&#8211; Compreender a manipula\u00e7\u00e3o do microsc\u00f3pio \u00f3ptico.<br \/>\nProcedimento n\u00ba2<br \/>\nAtividade proposta:<br \/>\nReconhecer as estruturas das c\u00e9lulas procariontes e eucariontes<br \/>\nProcedimentos para a realiza\u00e7\u00e3o da atividade:<br \/>\nNessa atividade, voc\u00ea realizar\u00e1 a visualiza\u00e7\u00e3o das l\u00e2minas digitais. Para tal, ser\u00e1 utilizado o<br \/>\nlamin\u00e1rio digital. Para acess\u00e1-lo, clique em:<br \/>\nhttps:\/\/laminariodigital.kroton.com.br\/#collection\/62a9df0ff1975c7422ac38b3.<br \/>\n1) Abra a pasta Microbiologia conforme indicado na imagem<br \/>\n2) Clique na l\u00e2mina Streptococcus pyogenes.<br \/>\n3) Observe a l\u00e2mina. Utilize o zoom ou o bot\u00e3o de rolagem do mouse para realizar a<br \/>\namplia\u00e7\u00e3o da imagem e percorrer a l\u00e2mina.<br \/>\nNesta observa\u00e7\u00e3o, voc\u00ea deve analisar o tamanho das c\u00e9lulas e suas morfologias, ou seja,<br \/>\nseu formato (circular, hexagonal, alongada, etc), identificar por meio da colora\u00e7\u00e3o o<br \/>\ncromossomo bacteriano, apontar a delimita\u00e7\u00e3o da c\u00e9lula (membrana plasm\u00e1tica) e seu<br \/>\ncitoplasma.<br \/>\n4) Repita estas etapas para a pr\u00f3xima l\u00e2mina a ser visualizada.<br \/>\n5) Clique em Pasta Histologia.<br \/>\n6) Clique em L\u00e2mina Epit\u00e9lio escamoso.<br \/>\nVoc\u00ea deve analisar o tamanho das c\u00e9lulas e sua morfologia, ou seja, seu formato (circular,<br \/>\nhexagonal, alongada, etc.), identificar a localiza\u00e7\u00e3o do n\u00facleo (se \u00e9 mais central ou mais<br \/>\nperif\u00e9rico, pr\u00f3ximo \u00e0 membrana plasm\u00e1tica) e formato, apontar a delimita\u00e7\u00e3o da c\u00e9lula<br \/>\n(membrana plasm\u00e1tica) e seu citoplasma.<br \/>\nP\u00fablico8<br \/>\n7) Clique em Pasta Biologia.<br \/>\n8) Clique em L\u00e2mina Mitose raiz de cebola H. F\u00e9rrica.svs<br \/>\nVoc\u00ea deve analisar o tamanho das c\u00e9lulas e sua morfologia, ou seja, seu formato (circular,<br \/>\nhexagonal, alongada, etc.), identificar a localiza\u00e7\u00e3o do n\u00facleo (se \u00e9 mais central ou mais<br \/>\nperif\u00e9rico, pr\u00f3ximo \u00e0 membrana plasm\u00e1tica) e formato, apontar a delimita\u00e7\u00e3o da c\u00e9lula<br \/>\n(membrana plasm\u00e1tica + parede celular) e seu citoplasma.<br \/>\nImportante: Voc\u00ea dever\u00e1 observar as l\u00e2minas e esquematiz\u00e1-las por meio de um desenho,<br \/>\ncontendo a representa\u00e7\u00e3o microsc\u00f3pica, com a respectiva legenda. Voc\u00ea dever\u00e1 elaborar um<br \/>\nmapa mental apresentando os conceitos aprendidos a respeito das diferen\u00e7as entre c\u00e9lulas<br \/>\nprocariontes e eucariontes (animal e vegetal). Esse mapa mental pode ser confeccionado de forma<br \/>\ntradicional ou utilizando ferramentas online, como sugerido o MindMeister\u00a9.<br \/>\nChecklist:<br \/>\n&#8211; Identificar as caracter\u00edsticas das c\u00e9lulas observadas;<br \/>\n&#8211; Esquematizar, por meio de desenho, as caracter\u00edsticas das c\u00e9lulas observadas.<br \/>\nProcedimento n<a href=\"http:\/\/portfolio-pronto.com\">\u00ba<\/a>3<br \/>\nAtividade proposta:<br \/>\nEstudo de caso<br \/>\nProcedimentos para a realiza\u00e7\u00e3o da atividade:<br \/>\nDurante a disciplina, voc\u00ea estudou a respeito dos diferentes tipos de c\u00e9lulas e quais suas<br \/>\ncaracter\u00edsticas morfol\u00f3gicas principais. Voc\u00ea tamb\u00e9m compreendeu que todas as c\u00e9lulas<br \/>\napresentam algumas estruturas em comum, como a membrana plasm\u00e1tica, citoplasma,<br \/>\nribossomos e material gen\u00e9tico. A membrana plasm\u00e1tica \u00e9 uma estrutura extremamente<br \/>\nimportante para a sobreviv\u00eancia de qualquer c\u00e9lula.<br \/>\nNesse momento, voc\u00ea \u00e9 convidado a refletir a respeito da import\u00e2ncia da membrana plasm\u00e1tica<br \/>\ndentro da sua rotina profissional. Para isso, leia a seguinte situa\u00e7\u00e3o-problema:<br \/>\nAna, uma aluna de gradua\u00e7\u00e3o, estava conversando com sua tia Vera quando<br \/>\nfoi questionada a respeito de seu curso. Sua tia queria saber como estava o<br \/>\nP\u00fablico9<br \/>\nandamento do curso, se ela estava gostando ou se estava muito dif\u00edcil. Ana, toda<br \/>\nentusiasmada contou que estava adorando, mas que o curso exigia dedica\u00e7\u00e3o. Ana<br \/>\naproveitou para comentar sobre uma atividade que precisava realizar e entregar na<br \/>\npr\u00f3xima aula. Seu professor de ci\u00eancias moleculares e celulares havia pedido que os<br \/>\nalunos respondessem a um question\u00e1rio. Ana comentou que j\u00e1 estava bem adiantada<br \/>\nem sua atividade, mas precisava responder a \u00faltima quest\u00e3o. A quest\u00e3o dizia o<br \/>\nseguinte:<br \/>\n\u201cDurante um experimento sobre os efeitos do transporte atrav\u00e9s da<br \/>\nmembrana em c\u00e9lulas eucarionte, duas c\u00e9lulas foram colocadas em dois diferentes<br \/>\ntipos de solu\u00e7\u00f5es. A c\u00e9lula 1 foi colocada na solu\u00e7\u00e3o A, uma solu\u00e7\u00e3o hipot\u00f4nica. A<br \/>\nc\u00e9lula 2, foi colocada na solu\u00e7\u00e3o B, uma solu\u00e7\u00e3o hipert\u00f4nica. Ap\u00f3s alguns minutos, o<br \/>\nrespons\u00e1vel pelo experimento verificou o que havia acontecido com as duas c\u00e9lulas.\u201d<br \/>\nSupondo que voc\u00ea seja esse experimentador, responda os seguintes questionamentos:<br \/>\na) Que tipo de transporte est\u00e1 ocorrendo em cada uma das solu\u00e7\u00f5es? Pode ser classificado<br \/>\ncomo um transporte ativo ou passivo? Por que?<br \/>\nb) Comente como ficou cada c\u00e9lula do experimento. Explique com base no transporte ocorrido<br \/>\nnas c\u00e9lulas. N\u00e3o esque\u00e7a de comentar se houve altera\u00e7\u00e3o no formato de cada uma das<br \/>\nc\u00e9lulas do experimento.<br \/>\nAgora, suponha que voc\u00ea seja a Ana e precisa responder a esses questionamentos. Como voc\u00ea<br \/>\nresponderia?<br \/>\nChecklist<a href=\"http:\/\/portifolioos-prontos.com\">:<\/a><br \/>\n&#8211; Leitura de todo o material dispon\u00edvel para resolu\u00e7\u00e3o da atividade proposta;<br \/>\n&#8211; Resolu\u00e7\u00e3o da atividade proposta.<br \/>\nRESULTADOS<br \/>\nResultados da aula pr\u00e1tica:<br \/>\nComo resultados dessa pr\u00e1tica, espera-se a compreens\u00e3o do funcionamento b\u00e1sico do<br \/>\nmicrosc\u00f3pio \u00f3ptico, bem como a fun\u00e7\u00e3o de cada componente desse equipamento e seu manuseio<br \/>\ncorreto. Al\u00e9m disso, espera-se a compreens\u00e3o do estudo das caracter\u00edsticas celulares das<br \/>\nl\u00e2minas propostas.<br \/>\nAinda como resultado dessa pr\u00e1tica, dever\u00e1 ser realizada a entrega de um relat\u00f3rio que<br \/>\ncontemple todas as etapas da atividade pr\u00e1tica realizada, trazendo a rela\u00e7\u00e3o da teoria e da<br \/>\nP\u00fablico10<br \/>\npr\u00e1tica.<\/p>\n<div class=\"elementor-toggle-item\">\n<p id=\"elementor-tab-title-1941\" class=\"elementor-tab-title elementor-active\" tabindex=\"0\" role=\"tab\" data-tab=\"1\" aria-controls=\"elementor-tab-content-1941\" aria-expanded=\"true\" aria-selected=\"true\"><strong>Como funciona?<\/strong><\/p>\n<p>Elaboramos os portf\u00f3lios, j\u00e1 deixamos prontos, nas normas da ABNT e conforme os requisitos da universidade. F\u00e1cil assim! O MELHOR \u00c9 QUE VOC\u00ca COMPRA E J\u00c1 BAIXA NA HORA O SEU ARQUIVO EM WORD! Sabemos que conciliar trabalho, fam\u00edlia, vida profissional e estudos \u00e9 dif\u00edcil hoje em dia, por isso, estamos aqui para ajudar voc\u00ea. Conte com nossa qualidade, experi\u00eancia e profissionalismo adquirindo seu portf\u00f3lio conosco. GARANTIMOS SEU CONCEITO!<\/p>\n<p><strong>Como se realizam os envios?<\/strong><\/p>\n<\/div>\n<p id=\"elementor-tab-content-1942\" class=\"elementor-tab-content elementor-clearfix elementor-active\" role=\"tabpanel\" data-tab=\"2\" aria-labelledby=\"elementor-tab-title-1942\">O seu trabalho \u00e9 disponibilizado pronto, respondido e nas normas j\u00e1 na mesma hora aqui em nosso site na sua \u00e1rea de downloads e tamb\u00e9m no seu e-mail.<\/p>\n<p><strong>Em quanto tempo recebo o portf\u00f3lio?<\/strong><\/p>\n<p>Os envios s\u00e3o imediatos. Ap\u00f3s sua compra, o trabalho j\u00e1 \u00e9 disponibilizado instantaneamente aqui em nosso site e no seu e-mail.<\/p>\n<p><strong>E se o portf\u00f3lio que comprei precisar de corre\u00e7\u00e3o?<\/strong><\/p>\n<p>Caso haja alguma solicita\u00e7\u00e3o de corre\u00e7\u00e3o\/altera\u00e7\u00e3o por parte do tutor, basta entrar em contato conosco pelo\u00a0WhatsApp\u00a0que provid\u00eanciaremos sem custo algum.<\/p>\n<p><strong>Qual o formato do arquivo?<\/strong><\/p>\n<p>Os arquivos s\u00e3o enviados em formato Word e s\u00e3o edit\u00e1veis.<\/p>\n<p><strong>Caso eu tiver alguma d\u00favida, terei suporte no p\u00f3s venda?<\/strong><\/p>\n<p>Sim, com certeza. Basta clicar no \u00edcone do WhatsApp no cantinho da tela. Ser\u00e1 um prazer atend\u00ea-lo(a).<\/p>\n<div id=\"elementor-tab-content-1948\" class=\"elementor-tab-content elementor-clearfix elementor-active\" role=\"tabpanel\" data-tab=\"8\" aria-labelledby=\"elementor-tab-title-1948\">\n<p><strong>Quais os seus canais de contato?<\/strong><\/p>\n<\/div>\n<div id=\"elementor-tab-content-1949\" class=\"elementor-tab-content elementor-clearfix elementor-active\" role=\"tabpanel\" data-tab=\"9\" aria-labelledby=\"elementor-tab-title-1949\">\n<p>Whatsapp: 53 984751621 \u2013 Clicar no canto da tela ou ESCANEIE O QRCODE ABAIXO<\/p>\n<h4><img decoding=\"async\" class=\"alignnone wp-image-13699 jetpack-lazy-image jetpack-lazy-image--handled\" src=\"https:\/\/i0.wp.com\/portifolioos-prontos.com\/wp-content\/uploads\/2023\/02\/whatsapp-business-projeto-de-extensao-300x300.jpeg?resize=144%2C144\" sizes=\"(max-width: 144px) 100vw, 144px\" srcset=\"https:\/\/i0.wp.com\/portifolioos-prontos.com\/wp-content\/uploads\/2023\/02\/whatsapp-business-projeto-de-extensao.jpeg?resize=300%2C301&amp;ssl=1 300w, https:\/\/i0.wp.com\/portifolioos-prontos.com\/wp-content\/uploads\/2023\/02\/whatsapp-business-projeto-de-extensao.jpeg?resize=150%2C150&amp;ssl=1 150w, https:\/\/i0.wp.com\/portifolioos-prontos.com\/wp-content\/uploads\/2023\/02\/whatsapp-business-projeto-de-extensao.jpeg?resize=370%2C372&amp;ssl=1 370w, https:\/\/i0.wp.com\/portifolioos-prontos.com\/wp-content\/uploads\/2023\/02\/whatsapp-business-projeto-de-extensao.jpeg?resize=100%2C100&amp;ssl=1 100w, https:\/\/i0.wp.com\/portifolioos-prontos.com\/wp-content\/uploads\/2023\/02\/whatsapp-business-projeto-de-extensao.jpeg?w=470&amp;ssl=1 470w\" alt=\"projeto de extens\u00e3o unopar\" width=\"144\" height=\"144\" data-lazy-loaded=\"1\" \/><\/h4>\n<\/div>\n<div class=\"elementor-toggle-item\">\n<div id=\"elementor-tab-content-1949\" class=\"elementor-tab-content elementor-clearfix elementor-active\" role=\"tabpanel\" data-tab=\"9\" aria-labelledby=\"elementor-tab-title-1949\">\n<p>E-mail:portifoliosp@gmail.com<\/p>\n<div id=\"attachment_143\" class=\"wp-caption alignnone\">\n<div id=\"attachment_143\" class=\"wp-caption alignnone\">\n<p id=\"caption-attachment-143\" class=\"wp-caption-text\"><a href=\"http:\/\/portfolio-pronto.com\/\">Portf\u00f3lio<\/a>\u00a0em Word, respondido, completo e j\u00e1 nas normas<\/p>\n<\/div>\n<\/div>\n<\/div>\n<\/div>\n","protected":false},"excerpt":{"rendered":"<div class=\"product-short-description\">\n<p><strong>Pague pelo PIX ou cart\u00e3o e fa\u00e7a o download agora mesmo.<\/strong><\/p>\n<\/div>\n<div class=\"sticky-add-to-cart-wrapper\">\n<div class=\"sticky-add-to-cart\">\n<p class=\"quantity buttons_added form-flat\"><img decoding=\"async\" class=\"lazyloaded smush-image-5 smush-image-3 smush-image-4 smush-detected-img smush-image-bigger-3\" src=\"https:\/\/d26lpennugtm8s.cloudfront.net\/assets\/common\/img\/logos\/payment\/visa@2x.png\" width=\"46\" height=\"29\" data-src=\"https:\/\/d26lpennugtm8s.cloudfront.net\/assets\/common\/img\/logos\/payment\/visa@2x.png\" \/><img decoding=\"async\" class=\"lazyloaded smush-image-6 smush-image-4 smush-image-5 smush-detected-img smush-image-bigger-4\" src=\"https:\/\/d26lpennugtm8s.cloudfront.net\/assets\/common\/img\/logos\/payment\/boleto@2x.png\" width=\"43\" height=\"27\" data-src=\"https:\/\/d26lpennugtm8s.cloudfront.net\/assets\/common\/img\/logos\/payment\/boleto@2x.png\" \/><img loading=\"lazy\" decoding=\"async\" class=\"lazyloaded smush-image-7 smush-image-5 smush-image-6 smush-detected-img smush-image-bigger-5\" src=\"https:\/\/d26lpennugtm8s.cloudfront.net\/assets\/common\/img\/logos\/payment\/mastercard@2x.png\" width=\"43\" height=\"27\" data-src=\"https:\/\/d26lpennugtm8s.cloudfront.net\/assets\/common\/img\/logos\/payment\/mastercard@2x.png\" \/><img loading=\"lazy\" decoding=\"async\" class=\"lazyloaded smush-image-8 smush-image-6 smush-image-7 smush-detected-img smush-image-bigger-6\" src=\"https:\/\/d26lpennugtm8s.cloudfront.net\/assets\/common\/img\/logos\/payment\/amex@2x.png\" width=\"43\" height=\"27\" data-src=\"https:\/\/d26lpennugtm8s.cloudfront.net\/assets\/common\/img\/logos\/payment\/amex@2x.png\" \/><img loading=\"lazy\" decoding=\"async\" class=\"lazyloaded smush-image-9 smush-image-7 smush-image-8 smush-detected-img smush-image-bigger-7\" src=\"https:\/\/d26lpennugtm8s.cloudfront.net\/assets\/common\/img\/logos\/payment\/diners@2x.png\" width=\"46\" height=\"29\" data-src=\"https:\/\/d26lpennugtm8s.cloudfront.net\/assets\/common\/img\/logos\/payment\/diners@2x.png\" \/><img loading=\"lazy\" decoding=\"async\" class=\"lazyloaded smush-image-10 smush-image-8 smush-image-9 alignnone smush-detected-img smush-image-bigger-8\" src=\"https:\/\/d26lpennugtm8s.cloudfront.net\/assets\/common\/img\/logos\/payment\/br\/elo@2x.png\" alt=\"portf\u00f3lio unopar anhanguera\" width=\"45\" height=\"28\" data-src=\"https:\/\/d26lpennugtm8s.cloudfront.net\/assets\/common\/img\/logos\/payment\/br\/elo@2x.png\" \/><img loading=\"lazy\" decoding=\"async\" class=\"lazyloaded smush-image-11 smush-image-9 smush-image-10 alignnone smush-detected-img smush-image-bigger-9\" src=\"https:\/\/d26lpennugtm8s.cloudfront.net\/assets\/common\/img\/logos\/payment\/br\/hipercard@2x.png\" alt=\"portf\u00f3lio unopar anhanguera\" width=\"44\" height=\"28\" data-src=\"https:\/\/d26lpennugtm8s.cloudfront.net\/assets\/common\/img\/logos\/payment\/br\/hipercard@2x.png\" \/><img loading=\"lazy\" decoding=\"async\" class=\"lazyloaded smush-image-12 smush-image-10 smush-image-11 alignnone smush-detected-img smush-image-bigger-10\" src=\"https:\/\/d26lpennugtm8s.cloudfront.net\/assets\/common\/img\/logos\/payment\/mercadopago@2x.png\" alt=\"portf\u00f3lio unopar anhanguera\" width=\"45\" height=\"28\" data-src=\"https:\/\/d26lpennugtm8s.cloudfront.net\/assets\/common\/img\/logos\/payment\/mercadopago@2x.png\" \/><img loading=\"lazy\" decoding=\"async\" class=\"alignnone lazyloaded smush-detected-img smush-image-bigger-11\" src=\"https:\/\/futurium.com.br\/wp-content\/uploads\/2021\/06\/logo-pix-icone-512.png\" alt=\"portfolio pronto\" width=\"30\" height=\"30\" data-src=\"https:\/\/futurium.com.br\/wp-content\/uploads\/2021\/06\/logo-pix-icone-512.png\" \/><\/p>\n<\/div>\n<\/div>\n","protected":false},"featured_media":42861,"template":"","meta":{"_seopress_robots_primary_cat":"","_seopress_titles_title":"","_seopress_titles_desc":"","_seopress_robots_index":""},"product_cat":[68,143,67,121],"product_tag":[],"class_list":{"0":"post-42860","1":"product","2":"type-product","3":"status-publish","4":"has-post-thumbnail","6":"product_cat-podologia","7":"product_cat-quimica","8":"product_cat-radiologia","9":"product_cat-terapias-integrativas-e-complementares","11":"first","12":"instock","13":"downloadable","14":"virtual","15":"purchasable","16":"product-type-simple","17":"col-xs-6 col-sm-4","18":"col-mf-5","19":"un-5-cols"},"jetpack_sharing_enabled":true,"_links":{"self":[{"href":"https:\/\/portifolioos-prontos.com\/index.php\/wp-json\/wp\/v2\/product\/42860","targetHints":{"allow":["GET"]}}],"collection":[{"href":"https:\/\/portifolioos-prontos.com\/index.php\/wp-json\/wp\/v2\/product"}],"about":[{"href":"https:\/\/portifolioos-prontos.com\/index.php\/wp-json\/wp\/v2\/types\/product"}],"version-history":[{"count":1,"href":"https:\/\/portifolioos-prontos.com\/index.php\/wp-json\/wp\/v2\/product\/42860\/revisions"}],"predecessor-version":[{"id":46668,"href":"https:\/\/portifolioos-prontos.com\/index.php\/wp-json\/wp\/v2\/product\/42860\/revisions\/46668"}],"wp:featuredmedia":[{"embeddable":true,"href":"https:\/\/portifolioos-prontos.com\/index.php\/wp-json\/wp\/v2\/media\/42861"}],"wp:attachment":[{"href":"https:\/\/portifolioos-prontos.com\/index.php\/wp-json\/wp\/v2\/media?parent=42860"}],"wp:term":[{"taxonomy":"product_cat","embeddable":true,"href":"https:\/\/portifolioos-prontos.com\/index.php\/wp-json\/wp\/v2\/product_cat?post=42860"},{"taxonomy":"product_tag","embeddable":true,"href":"https:\/\/portifolioos-prontos.com\/index.php\/wp-json\/wp\/v2\/product_tag?post=42860"}],"curies":[{"name":"wp","href":"https:\/\/api.w.org\/{rel}","templated":true}]}}